{"id":58460,"date":"2021-11-21T12:40:21","date_gmt":"2021-11-21T11:40:21","guid":{"rendered":"https:\/\/teiaeducation.ch\/product\/wachstumspuzzle-vogel-educo\/"},"modified":"2024-09-17T10:36:34","modified_gmt":"2024-09-17T08:36:34","slug":"wachstumspuzzle-vogel-educo","status":"publish","type":"product","link":"https:\/\/teiaeducation.ch\/de\/produkt\/wachstumspuzzle-vogel-educo\/","title":{"rendered":"Lagenpuzzle Lebenszyklus eines Vogels &#8211; Educo"},"content":{"rendered":"<p>Das Educo Wachstumspuzzle ist ein stabiles Lagenpuzzle aus Holz, das das Wachstum oder den <a href=\"https:\/\/teiaeducation.ch\/product-category\/learning-themes\/culture-science\/life-cycles\/\">Lebenszyklus<\/a> eines Vogels darstellt: vom Ei zum Nestling, zum Jungvogel und schlie\u00dflich zum erwachsenen Vogel. Die vier Ebenen des Puzzles enthalten insgesamt 31 Puzzleteile. Dieses phantasievolle Lagenpuzzle zeigt den Lauf der Zeit und die Entwicklung der Bilder. Jede Lage, die eine Wachstumsphase darstellt, ist gr\u00f6\u00dfer und erfordert mehr Teile, um das Bild zu vervollst\u00e4ndigen.<\/p>\n<p>Die Arbeit mit den Educo-Schichtpuzzles bringt dem Kind die Lebenszyklen des <a href=\"https:\/\/teiaeducation.ch\/product-category\/learning-themes\/culture-science\/human-geography-culture\/\">Menschen<\/a>, der <a href=\"https:\/\/teiaeducation.ch\/product-category\/learning-themes\/culture-science\/animal-geography-zoology\/\">Tiere<\/a> und der <a href=\"https:\/\/teiaeducation.ch\/product-category\/play\/nature-play\/\">Natur<\/a> nahe. Au\u00dferdem werden die <a href=\"https:\/\/teiaeducation.ch\/product-category\/learning-themes\/sensory-motor-skills\/motor-skills\/\">Feinmotorik<\/a> des Kindes, das Erkennen von Zusammenh\u00e4ngen und die F\u00e4higkeit zu assoziieren und zu kombinieren gef\u00f6rdert.<\/p>\n<p>Das Puzzle ist Teil einer Serie von neun Wachstumspuzzles, darunter eine Gro\u00dfmutter, ein Gro\u00dfvater, eine Tulpe, ein Huhn, ein Frosch, ein Schmetterling, eine Sonnenblume und eine Schildkr\u00f6te.<\/p>\n<p>Das Educo Wachstumspuzzle Vogel ist f\u00fcr Kinder ab 4 Jahren geeignet.<\/p>\n<p>Inhalt:<\/p>\n<p>1 h\u00f6lzerner Lagenpuzzle-Rahmen (Birkensperrholz 24 x 24 x 2 cm)<br \/>\n31 Holzteile<\/p>\n<p><em>Wir haben diesen Artikel derzeit nicht auf Lager, aber er ist auf Vorbestellung erh\u00e4ltlich. Dieser Artikel wird f\u00fcr Sie bei unserem Lieferanten bestellt. Aufgrund der Einfuhr aus der Europ\u00e4ischen Union in die Schweiz erwarten wir eine Lieferzeit von 2 bis maximal 3 Wochen.<\/em><\/p>\n\t<div id=\"gap-1542040208\" class=\"gap-element clearfix\" style=\"display:block; height:auto;\">\n\t\t\n<style>\n#gap-1542040208 {\n  padding-top: 20px;\n}\n<\/style>\n\t<\/div>\n\t\n<h2>\u00dcber Educo<\/h2>\n<p>Die niederl\u00e4ndische Marke <a href=\"https:\/\/teiaeducation.ch\/product-category\/brands\/educo\/\">Educo<\/a> steht f\u00fcr eine bunte Welt des spielerischen <a href=\"https:\/\/teiaeducation.ch\/product-category\/learning-themes\/\">Lernens<\/a>, herausfordernde Lernspiele und Spielzeuge! Die hochwertigen und langlebigen Educo Produkte orientieren sich an Alltagssituationen und helfen Babys und Kindern, Spiele mit regul\u00e4ren Themen zu verbinden und den Lernprozess in eine Simulation ihrer nat\u00fcrlichen Umgebung zu verwandeln.<\/p>\n<p>Das Educo-Sortiment ist in drei Entwicklungsbereiche unterteilt: <a href=\"https:\/\/teiaeducation.ch\/product-category\/brands\/educo\/motor-play\/\">Motorik<\/a>, <a href=\"https:\/\/teiaeducation.ch\/product-category\/brands\/educo\/language-play\/\">Sprache<\/a> und <a href=\"https:\/\/teiaeducation.ch\/product-category\/brands\/educo\/mathematical-play\/\">Mathematik<\/a>. Im Jahr 2023 wurde ein umfassendes Sortiment an <a href=\"https:\/\/teiaeducation.ch\/product-category\/brands\/educo\/montessori-toys-range-0-3-years\/\">Montessori Spielzeug<\/a> f\u00fcr Kinder im Alter von 0 bis 3 Jahren eingef\u00fchrt, um das Wachstum und die Entwicklung der Kleinen bestm\u00f6glich zu f\u00f6rdern.<\/p>\n<p>Die aktiven, spielerischen Lernprodukte von Educo sind haupts\u00e4chlich aus Holz gefertigt und bestehen aus nachhaltigen Materialien wie Farben und Lacken auf Wasserbasis. Die <a href=\"https:\/\/teiaeducation.ch\/product-category\/hgh-quality-toys-play\/\">Spielzeuge<\/a> sind so konzipiert, dass sie \u00fcber viele Jahre hinweg robust verwendet werden k\u00f6nnen, spielerisches Lernen f\u00f6rdern und Kinder im Alter von 0-12 Jahren zu Wachstum und Erfolg inspirieren.<\/p>\n<p>Sie erf\u00fcllen die Anforderungen der verschiedenen europ\u00e4ischen und internationalen Sicherheitsvorschriften f\u00fcr Spielzeug und entsprechen der Richtlinie 2009\/48\/EG \u00fcber die Sicherheit von Spielzeug, einschlie\u00dflich EN81 und ASTM.<\/p>\n","protected":false},"excerpt":{"rendered":"<p>Artikelnummer: E522016<\/p>\n<p>Das Educo Wachstumspuzzle ist ein Lagenpuzzle aus Holz, das den Lebenszyklus eines Vogels darstellt: vom Ei bis zum erwachsenen Vogel!<\/p>\n","protected":false},"featured_media":58431,"comment_status":"closed","ping_status":"closed","template":"","meta":[],"product_brand":[],"product_cat":[21445,21479,21599,21670,21510,21518,21509,21559,21443,21615,21494,21495,21557,21511,21482,21564],"product_tag":[27393,27394,27392,27483,27473,27484,27472],"class_list":{"0":"post-58460","1":"product","2":"type-product","3":"status-publish","4":"has-post-thumbnail","6":"product_cat-3-6-jahre-vorschule","7":"product_cat-lernmaterialien-spielzeug-montessori-waldorf-steiner-froebel","8":"product_cat-educo-de","9":"product_cat-fruehjahrskollektion","10":"product_cat-kultur-wissenschaft","11":"product_cat-lebenszyklen","12":"product_cat-lernthemen","13":"product_cat-motorische-fertigkeiten","14":"product_cat-nach-alter","15":"product_cat-puzzle-spiel","16":"product_cat-schulbedarf-fuer-zuhause","17":"product_cat-schulbedarf-fuer-zuhause-3-6-jahre","18":"product_cat-sensorische-motorische-fertigkeiten","19":"product_cat-tiergeographie-zoologie","20":"product_cat-traditionelle-bildung","21":"product_cat-unsere-marken","22":"product_tag-educo-holzpuzzle","23":"product_tag-educo-schichtpuzzle-aus-holz","24":"product_tag-educo-schweiz","25":"product_tag-educo-wachstumspuzzle-vogel","26":"product_tag-lagenpuzzle","27":"product_tag-lebenszykluspuzzle-vogel","28":"product_tag-puzzle-spielen","30":"first","31":"onbackorder","32":"taxable","33":"shipping-taxable","34":"purchasable","35":"product-type-simple"},"yoast_head":"<!-- This site is optimized with the Yoast SEO plugin v27.1.1 - https:\/\/yoast.com\/product\/yoast-seo-wordpress\/ -->\n<title>Lagenpuzzle Lebenszyklus eines Vogels - Educo<\/title>\n<meta name=\"description\" content=\"Das Educo Wachstumspuzzle ist ein Lagenpuzzle aus Holz, das den Lebenszyklus eines Vogels darstellt: vom Ei bis zum erwachsenen Vogel.\" \/>\n<meta name=\"robots\" content=\"index, follow, max-snippet:-1, max-image-preview:large, max-video-preview:-1\" \/>\n<link rel=\"canonical\" href=\"https:\/\/teiaeducation.ch\/de\/produkt\/wachstumspuzzle-vogel-educo\/\" \/>\n<meta property=\"og:locale\" content=\"de_DE\" \/>\n<meta property=\"og:type\" content=\"article\" \/>\n<meta property=\"og:title\" content=\"Lagenpuzzle Lebenszyklus eines Vogels - Educo\" \/>\n<meta property=\"og:description\" content=\"Das Educo Wachstumspuzzle ist ein Lagenpuzzle aus Holz, das den Lebenszyklus eines Vogels darstellt: vom Ei bis zum erwachsenen Vogel.\" \/>\n<meta property=\"og:url\" content=\"https:\/\/teiaeducation.ch\/de\/produkt\/wachstumspuzzle-vogel-educo\/\" \/>\n<meta property=\"og:site_name\" content=\"Sustainable Educational Products &amp; Ecological Toys\u00a0\" \/>\n<meta property=\"article:publisher\" content=\"https:\/\/www.facebook.com\/teiaeducation\/\" \/>\n<meta property=\"article:modified_time\" content=\"2024-09-17T08:36:34+00:00\" \/>\n<meta property=\"og:image\" content=\"https:\/\/teiaeducation.ch\/wp-content\/uploads\/2019\/01\/E522016.jpg\" \/>\n\t<meta property=\"og:image:width\" content=\"900\" \/>\n\t<meta property=\"og:image:height\" content=\"900\" \/>\n\t<meta property=\"og:image:type\" content=\"image\/jpeg\" \/>\n<script type=\"application\/ld+json\" class=\"yoast-schema-graph\">{\"@context\":\"https:\/\/schema.org\",\"@graph\":[{\"@type\":\"WebPage\",\"@id\":\"https:\/\/teiaeducation.ch\/de\/produkt\/wachstumspuzzle-vogel-educo\/\",\"url\":\"https:\/\/teiaeducation.ch\/de\/produkt\/wachstumspuzzle-vogel-educo\/\",\"name\":\"Lagenpuzzle Lebenszyklus eines Vogels - Educo\",\"isPartOf\":{\"@id\":\"https:\/\/teiaeducation.ch\/de\/#website\"},\"primaryImageOfPage\":{\"@id\":\"https:\/\/teiaeducation.ch\/de\/produkt\/wachstumspuzzle-vogel-educo\/#primaryimage\"},\"image\":{\"@id\":\"https:\/\/teiaeducation.ch\/de\/produkt\/wachstumspuzzle-vogel-educo\/#primaryimage\"},\"thumbnailUrl\":\"https:\/\/teiaeducation.ch\/wp-content\/uploads\/2019\/01\/E522016.jpg\",\"datePublished\":\"2021-11-21T11:40:21+00:00\",\"dateModified\":\"2024-09-17T08:36:34+00:00\",\"description\":\"Das Educo Wachstumspuzzle ist ein Lagenpuzzle aus Holz, das den Lebenszyklus eines Vogels darstellt: vom Ei bis zum erwachsenen Vogel.\",\"breadcrumb\":{\"@id\":\"https:\/\/teiaeducation.ch\/de\/produkt\/wachstumspuzzle-vogel-educo\/#breadcrumb\"},\"inLanguage\":\"de-CH\",\"potentialAction\":[{\"@type\":\"ReadAction\",\"target\":[\"https:\/\/teiaeducation.ch\/de\/produkt\/wachstumspuzzle-vogel-educo\/\"]}]},{\"@type\":\"ImageObject\",\"inLanguage\":\"de-CH\",\"@id\":\"https:\/\/teiaeducation.ch\/de\/produkt\/wachstumspuzzle-vogel-educo\/#primaryimage\",\"url\":\"https:\/\/teiaeducation.ch\/wp-content\/uploads\/2019\/01\/E522016.jpg\",\"contentUrl\":\"https:\/\/teiaeducation.ch\/wp-content\/uploads\/2019\/01\/E522016.jpg\",\"width\":900,\"height\":900,\"caption\":\"Lagenpuzzle Lebenszyklus eines Vogels holz Educo\"},{\"@type\":\"BreadcrumbList\",\"@id\":\"https:\/\/teiaeducation.ch\/de\/produkt\/wachstumspuzzle-vogel-educo\/#breadcrumb\",\"itemListElement\":[{\"@type\":\"ListItem\",\"position\":1,\"name\":\"Home\",\"item\":\"https:\/\/teiaeducation.ch\/de\/\"},{\"@type\":\"ListItem\",\"position\":2,\"name\":\"Laden\",\"item\":\"https:\/\/teiaeducation.ch\/de\/shop\/\"},{\"@type\":\"ListItem\",\"position\":3,\"name\":\"Unsere Marken\",\"item\":\"https:\/\/teiaeducation.ch\/de\/produkt-kategorie\/unsere-marken\/\"},{\"@type\":\"ListItem\",\"position\":4,\"name\":\"Educo\",\"item\":\"https:\/\/teiaeducation.ch\/de\/produkt-kategorie\/unsere-marken\/educo-de\/\"},{\"@type\":\"ListItem\",\"position\":5,\"name\":\"Puzzle Spiel\",\"item\":\"https:\/\/teiaeducation.ch\/de\/produkt-kategorie\/unsere-marken\/educo-de\/puzzle-spiel\/\"},{\"@type\":\"ListItem\",\"position\":6,\"name\":\"Lagenpuzzle Lebenszyklus eines Vogels &#8211; Educo\"}]},{\"@type\":\"WebSite\",\"@id\":\"https:\/\/teiaeducation.ch\/de\/#website\",\"url\":\"https:\/\/teiaeducation.ch\/de\/\",\"name\":\"Sustainable Educational Products &amp; Ecological Toys\u00a0\",\"description\":\"Specialised Swiss shop selling sustainable educational toys and games, AMI certified Montessori materials, handmade ecological wooden Waldorf toys and arts &amp; crafts supplies, school supplies, children&#039;s furniture and Montessori reference and parenting books.\",\"publisher\":{\"@id\":\"https:\/\/teiaeducation.ch\/de\/#organization\"},\"alternateName\":\"Teia Education & Play\",\"potentialAction\":[{\"@type\":\"SearchAction\",\"target\":{\"@type\":\"EntryPoint\",\"urlTemplate\":\"https:\/\/teiaeducation.ch\/de\/?s={search_term_string}\"},\"query-input\":{\"@type\":\"PropertyValueSpecification\",\"valueRequired\":true,\"valueName\":\"search_term_string\"}}],\"inLanguage\":\"de-CH\"},{\"@type\":\"Organization\",\"@id\":\"https:\/\/teiaeducation.ch\/de\/#organization\",\"name\":\"Teia Education & Play\",\"url\":\"https:\/\/teiaeducation.ch\/de\/\",\"logo\":{\"@type\":\"ImageObject\",\"inLanguage\":\"de-CH\",\"@id\":\"https:\/\/teiaeducation.ch\/de\/#\/schema\/logo\/image\/\",\"url\":\"https:\/\/teiaeducation.ch\/wp-content\/uploads\/2020\/11\/Teia-Education-Switzerland-e1620156442216.jpg\",\"contentUrl\":\"https:\/\/teiaeducation.ch\/wp-content\/uploads\/2020\/11\/Teia-Education-Switzerland-e1620156442216.jpg\",\"width\":166,\"height\":145,\"caption\":\"Teia Education & Play\"},\"image\":{\"@id\":\"https:\/\/teiaeducation.ch\/de\/#\/schema\/logo\/image\/\"},\"sameAs\":[\"https:\/\/www.facebook.com\/teiaeducation\/\",\"https:\/\/x.com\/EducationTeia\",\"https:\/\/www.instagram.com\/teia.education\/\",\"https:\/\/www.linkedin.com\/company\/35501660\",\"https:\/\/www.pinterest.ch\/TeiaEducation\/\"]}]}<\/script>\n<!-- \/ Yoast SEO plugin. -->","yoast_head_json":{"title":"Lagenpuzzle Lebenszyklus eines Vogels - Educo","description":"Das Educo Wachstumspuzzle ist ein Lagenpuzzle aus Holz, das den Lebenszyklus eines Vogels darstellt: vom Ei bis zum erwachsenen Vogel.","robots":{"index":"index","follow":"follow","max-snippet":"max-snippet:-1","max-image-preview":"max-image-preview:large","max-video-preview":"max-video-preview:-1"},"canonical":"https:\/\/teiaeducation.ch\/de\/produkt\/wachstumspuzzle-vogel-educo\/","og_locale":"de_DE","og_type":"article","og_title":"Lagenpuzzle Lebenszyklus eines Vogels - Educo","og_description":"Das Educo Wachstumspuzzle ist ein Lagenpuzzle aus Holz, das den Lebenszyklus eines Vogels darstellt: vom Ei bis zum erwachsenen Vogel.","og_url":"https:\/\/teiaeducation.ch\/de\/produkt\/wachstumspuzzle-vogel-educo\/","og_site_name":"Sustainable Educational Products &amp; Ecological Toys\u00a0","article_publisher":"https:\/\/www.facebook.com\/teiaeducation\/","article_modified_time":"2024-09-17T08:36:34+00:00","og_image":[{"width":900,"height":900,"url":"https:\/\/teiaeducation.ch\/wp-content\/uploads\/2019\/01\/E522016.jpg","type":"image\/jpeg"}],"schema":{"@context":"https:\/\/schema.org","@graph":[{"@type":"WebPage","@id":"https:\/\/teiaeducation.ch\/de\/produkt\/wachstumspuzzle-vogel-educo\/","url":"https:\/\/teiaeducation.ch\/de\/produkt\/wachstumspuzzle-vogel-educo\/","name":"Lagenpuzzle Lebenszyklus eines Vogels - Educo","isPartOf":{"@id":"https:\/\/teiaeducation.ch\/de\/#website"},"primaryImageOfPage":{"@id":"https:\/\/teiaeducation.ch\/de\/produkt\/wachstumspuzzle-vogel-educo\/#primaryimage"},"image":{"@id":"https:\/\/teiaeducation.ch\/de\/produkt\/wachstumspuzzle-vogel-educo\/#primaryimage"},"thumbnailUrl":"https:\/\/teiaeducation.ch\/wp-content\/uploads\/2019\/01\/E522016.jpg","datePublished":"2021-11-21T11:40:21+00:00","dateModified":"2024-09-17T08:36:34+00:00","description":"Das Educo Wachstumspuzzle ist ein Lagenpuzzle aus Holz, das den Lebenszyklus eines Vogels darstellt: vom Ei bis zum erwachsenen Vogel.","breadcrumb":{"@id":"https:\/\/teiaeducation.ch\/de\/produkt\/wachstumspuzzle-vogel-educo\/#breadcrumb"},"inLanguage":"de-CH","potentialAction":[{"@type":"ReadAction","target":["https:\/\/teiaeducation.ch\/de\/produkt\/wachstumspuzzle-vogel-educo\/"]}]},{"@type":"ImageObject","inLanguage":"de-CH","@id":"https:\/\/teiaeducation.ch\/de\/produkt\/wachstumspuzzle-vogel-educo\/#primaryimage","url":"https:\/\/teiaeducation.ch\/wp-content\/uploads\/2019\/01\/E522016.jpg","contentUrl":"https:\/\/teiaeducation.ch\/wp-content\/uploads\/2019\/01\/E522016.jpg","width":900,"height":900,"caption":"Lagenpuzzle Lebenszyklus eines Vogels holz Educo"},{"@type":"BreadcrumbList","@id":"https:\/\/teiaeducation.ch\/de\/produkt\/wachstumspuzzle-vogel-educo\/#breadcrumb","itemListElement":[{"@type":"ListItem","position":1,"name":"Home","item":"https:\/\/teiaeducation.ch\/de\/"},{"@type":"ListItem","position":2,"name":"Laden","item":"https:\/\/teiaeducation.ch\/de\/shop\/"},{"@type":"ListItem","position":3,"name":"Unsere Marken","item":"https:\/\/teiaeducation.ch\/de\/produkt-kategorie\/unsere-marken\/"},{"@type":"ListItem","position":4,"name":"Educo","item":"https:\/\/teiaeducation.ch\/de\/produkt-kategorie\/unsere-marken\/educo-de\/"},{"@type":"ListItem","position":5,"name":"Puzzle Spiel","item":"https:\/\/teiaeducation.ch\/de\/produkt-kategorie\/unsere-marken\/educo-de\/puzzle-spiel\/"},{"@type":"ListItem","position":6,"name":"Lagenpuzzle Lebenszyklus eines Vogels &#8211; Educo"}]},{"@type":"WebSite","@id":"https:\/\/teiaeducation.ch\/de\/#website","url":"https:\/\/teiaeducation.ch\/de\/","name":"Sustainable Educational Products &amp; Ecological Toys\u00a0","description":"Specialised Swiss shop selling sustainable educational toys and games, AMI certified Montessori materials, handmade ecological wooden Waldorf toys and arts &amp; crafts supplies, school supplies, children&#039;s furniture and Montessori reference and parenting books.","publisher":{"@id":"https:\/\/teiaeducation.ch\/de\/#organization"},"alternateName":"Teia Education & Play","potentialAction":[{"@type":"SearchAction","target":{"@type":"EntryPoint","urlTemplate":"https:\/\/teiaeducation.ch\/de\/?s={search_term_string}"},"query-input":{"@type":"PropertyValueSpecification","valueRequired":true,"valueName":"search_term_string"}}],"inLanguage":"de-CH"},{"@type":"Organization","@id":"https:\/\/teiaeducation.ch\/de\/#organization","name":"Teia Education & Play","url":"https:\/\/teiaeducation.ch\/de\/","logo":{"@type":"ImageObject","inLanguage":"de-CH","@id":"https:\/\/teiaeducation.ch\/de\/#\/schema\/logo\/image\/","url":"https:\/\/teiaeducation.ch\/wp-content\/uploads\/2020\/11\/Teia-Education-Switzerland-e1620156442216.jpg","contentUrl":"https:\/\/teiaeducation.ch\/wp-content\/uploads\/2020\/11\/Teia-Education-Switzerland-e1620156442216.jpg","width":166,"height":145,"caption":"Teia Education & Play"},"image":{"@id":"https:\/\/teiaeducation.ch\/de\/#\/schema\/logo\/image\/"},"sameAs":["https:\/\/www.facebook.com\/teiaeducation\/","https:\/\/x.com\/EducationTeia","https:\/\/www.instagram.com\/teia.education\/","https:\/\/www.linkedin.com\/company\/35501660","https:\/\/www.pinterest.ch\/TeiaEducation\/"]}]}},"_links":{"self":[{"href":"https:\/\/teiaeducation.ch\/de\/wp-json\/wp\/v2\/product\/58460","targetHints":{"allow":["GET"]}}],"collection":[{"href":"https:\/\/teiaeducation.ch\/de\/wp-json\/wp\/v2\/product"}],"about":[{"href":"https:\/\/teiaeducation.ch\/de\/wp-json\/wp\/v2\/types\/product"}],"replies":[{"embeddable":true,"href":"https:\/\/teiaeducation.ch\/de\/wp-json\/wp\/v2\/comments?post=58460"}],"wp:featuredmedia":[{"embeddable":true,"href":"https:\/\/teiaeducation.ch\/de\/wp-json\/wp\/v2\/media\/58431"}],"wp:attachment":[{"href":"https:\/\/teiaeducation.ch\/de\/wp-json\/wp\/v2\/media?parent=58460"}],"wp:term":[{"taxonomy":"product_brand","embeddable":true,"href":"https:\/\/teiaeducation.ch\/de\/wp-json\/wp\/v2\/product_brand?post=58460"},{"taxonomy":"product_cat","embeddable":true,"href":"https:\/\/teiaeducation.ch\/de\/wp-json\/wp\/v2\/product_cat?post=58460"},{"taxonomy":"product_tag","embeddable":true,"href":"https:\/\/teiaeducation.ch\/de\/wp-json\/wp\/v2\/product_tag?post=58460"}],"curies":[{"name":"wp","href":"https:\/\/api.w.org\/{rel}","templated":true}]}}