{"id":58462,"date":"2021-11-21T12:40:00","date_gmt":"2021-11-21T11:40:00","guid":{"rendered":"https:\/\/teiaeducation.ch\/product\/wachstumspuzzle-sonnenblume-educo\/"},"modified":"2025-04-18T19:46:15","modified_gmt":"2025-04-18T17:46:15","slug":"wachstumspuzzle-sonnenblume-educo","status":"publish","type":"product","link":"https:\/\/teiaeducation.ch\/de\/produkt\/wachstumspuzzle-sonnenblume-educo\/","title":{"rendered":"Lagenpuzzle Lebenszyklus einer Sonnenblume &#8211; Educo"},"content":{"rendered":"<p>Das Educo Wachstumspuzzle ist ein stabiles Lagenpuzzle aus Holz, das das Wachstum oder den <a href=\"https:\/\/teiaeducation.ch\/product-category\/learning-themes\/culture-science\/life-cycles\/\">Lebenszyklus<\/a> einer Sonnenblume darstellt: vom Keimling \u00fcber den Spross bis zur Knospe und schlie\u00dflich zur Bl\u00fcte. Die vier Ebenen des Puzzles enthalten insgesamt 31 Puzzleteile. Dieses phantasievolle Lagenpuzzle zeigt den Lauf der Zeit und die Entwicklung der Bilder. Jede Lage, die eine Wachstumsphase darstellt, ist gr\u00f6\u00dfer und erfordert mehr Teile, um das Bild zu vervollst\u00e4ndigen.<\/p>\n<p>Die Arbeit mit den Educo Lebenszyklus Puzzles bringt dem Kind die Lebenszyklen des Menschen, der Tiere und der <a href=\"https:\/\/teiaeducation.ch\/product-category\/play\/nature-play\/\">Natur<\/a> nahe. Au\u00dferdem werden die <a href=\"https:\/\/teiaeducation.ch\/product-category\/learning-themes\/sensory-motor-skills\/motor-skills\/\">Feinmotorik<\/a> des Kindes, das Erkennen von Zusammenh\u00e4ngen und die F\u00e4higkeit zu assoziieren und zu kombinieren gef\u00f6rdert.<\/p>\n<p>Das Puzzle ist Teil einer Serie von neun Lagenpuzzles, darunter ein Huhn, ein Gro\u00dfvater, eine Tulpe, ein Frosch, ein Schmetterling, ein Vogel, eine Sonnenblume und eine Schildkr\u00f6te.<\/p>\n<p>Das Lagenpuzzle Sonnenblume ist f\u00fcr Kinder ab 4 Jahren geeignet.<\/p>\n<p>Inhalt:<\/p>\n<p>1 h\u00f6lzerner Lagenpuzzle-Rahmen (Birkensperrholz 24 x 24 x 2 cm)<br \/>\n31 Holzteile<\/p>\n<h2>\u00dcber Educo<\/h2>\n<p>Die niederl\u00e4ndische Marke <a href=\"https:\/\/teiaeducation.ch\/product-category\/brands\/educo\/\">Educo<\/a> steht f\u00fcr eine bunte Welt des spielerischen <a href=\"https:\/\/teiaeducation.ch\/product-category\/learning-themes\/\">Lernens<\/a>, herausfordernde Lernspiele und Spielzeuge! Die hochwertigen und langlebigen Educo Produkte orientieren sich an Alltagssituationen und helfen Babys und Kindern, Spiele mit regul\u00e4ren Themen zu verbinden und den Lernprozess in eine Simulation ihrer nat\u00fcrlichen Umgebung zu verwandeln.<\/p>\n<p>Das Educo-Sortiment ist in drei Entwicklungsbereiche unterteilt: <a href=\"https:\/\/teiaeducation.ch\/product-category\/brands\/educo\/motor-play\/\">Motorik<\/a>, <a href=\"https:\/\/teiaeducation.ch\/product-category\/brands\/educo\/language-play\/\">Sprache<\/a> und <a href=\"https:\/\/teiaeducation.ch\/product-category\/brands\/educo\/mathematical-play\/\">Mathematik<\/a>. Im Jahr 2023 wurde ein umfassendes Sortiment an <a href=\"https:\/\/teiaeducation.ch\/product-category\/brands\/educo\/montessori-toys-range-0-3-years\/\">Montessori Spielzeug<\/a> f\u00fcr Kinder im Alter von 0 bis 3 Jahren eingef\u00fchrt, um das Wachstum und die Entwicklung der Kleinen bestm\u00f6glich zu f\u00f6rdern.<\/p>\n<p>Die aktiven, spielerischen Lernprodukte von Educo sind haupts\u00e4chlich aus Holz gefertigt und bestehen aus nachhaltigen Materialien wie Farben und Lacken auf Wasserbasis. Die <a href=\"https:\/\/teiaeducation.ch\/product-category\/hgh-quality-toys-play\/\">Spielzeuge<\/a> sind so konzipiert, dass sie \u00fcber viele Jahre hinweg robust verwendet werden k\u00f6nnen, spielerisches Lernen f\u00f6rdern und Kinder im Alter von 0-12 Jahren zu Wachstum und Erfolg inspirieren.<\/p>\n<p>Sie erf\u00fcllen die Anforderungen der verschiedenen europ\u00e4ischen und internationalen Sicherheitsvorschriften f\u00fcr Spielzeug und entsprechen der Richtlinie 2009\/48\/EG \u00fcber die Sicherheit von Spielzeug, einschlie\u00dflich EN81 und ASTM.<\/p>\n","protected":false},"excerpt":{"rendered":"<p>Artikelnummer: E522018<\/p>\n<p>Das Educo Wachstumspuzzle ist ein Lagenpuzzle aus Holz, das den Lebenszyklus einer Sonnenblume darstellt: vom Keimling bis zur Knospe und Bl\u00fcte!<\/p>\n","protected":false},"featured_media":58432,"comment_status":"closed","ping_status":"closed","template":"","meta":[],"product_brand":[],"product_cat":[21445,21479,21512,21599,21670,21493,21484,22422,21510,21518,21509,21443,21615,22362,21494,21495,23636,21482,21564],"product_tag":[27393,27394,27392,27485,27473,27486,27472],"class_list":{"0":"post-58462","1":"product","2":"type-product","3":"status-publish","4":"has-post-thumbnail","6":"product_cat-3-6-jahre-vorschule","7":"product_cat-lernmaterialien-spielzeug-montessori-waldorf-steiner-froebel","8":"product_cat-botanik","9":"product_cat-educo-de","10":"product_cat-fruehjahrskollektion","11":"product_cat-geschenk-guide-holzpuzzles","12":"product_cat-geschenk-guides","13":"product_cat-geschenke-fuer-das-osterkoerbchen","14":"product_cat-kultur-wissenschaft","15":"product_cat-lebenszyklen","16":"product_cat-lernthemen","17":"product_cat-nach-alter","18":"product_cat-puzzle-spiel","19":"product_cat-saisonale-kollektionen","20":"product_cat-schulbedarf-fuer-zuhause","21":"product_cat-schulbedarf-fuer-zuhause-3-6-jahre","22":"product_cat-sommer-kollektion","23":"product_cat-traditionelle-bildung","24":"product_cat-unsere-marken","25":"product_tag-educo-holzpuzzle","26":"product_tag-educo-schichtpuzzle-aus-holz","27":"product_tag-educo-schweiz","28":"product_tag-educo-wachstumspuzzle-sonnenblume","29":"product_tag-lagenpuzzle","30":"product_tag-lebenszykluspuzzle-sonnenblume","31":"product_tag-puzzle-spielen","33":"first","34":"instock","35":"taxable","36":"shipping-taxable","37":"purchasable","38":"product-type-simple"},"yoast_head":"<!-- This site is optimized with the Yoast SEO Premium plugin v25.8 (Yoast SEO v27.4) - https:\/\/yoast.com\/product\/yoast-seo-premium-wordpress\/ -->\n<title>Lagenpuzzle Lebenszyklus einer Sonnenblume - Educo<\/title>\n<meta name=\"description\" content=\"Das Educo Wachstumspuzzle ist ein Lagenpuzzle aus Holz, das den Lebenszyklus einer Sonnenblume darstellt: vom Keimling bis zur Knospe und Bl\u00fcte.\" \/>\n<meta name=\"robots\" content=\"index, follow, max-snippet:-1, max-image-preview:large, max-video-preview:-1\" \/>\n<link rel=\"canonical\" href=\"https:\/\/teiaeducation.ch\/de\/produkt\/wachstumspuzzle-sonnenblume-educo\/\" \/>\n<meta property=\"og:locale\" content=\"de_DE\" \/>\n<meta property=\"og:type\" content=\"article\" \/>\n<meta property=\"og:title\" content=\"Lagenpuzzle Lebenszyklus einer Sonnenblume - Educo\" \/>\n<meta property=\"og:description\" content=\"Das Educo Wachstumspuzzle ist ein Lagenpuzzle aus Holz, das den Lebenszyklus einer Sonnenblume darstellt: vom Keimling bis zur Knospe und Bl\u00fcte.\" \/>\n<meta property=\"og:url\" content=\"https:\/\/teiaeducation.ch\/de\/produkt\/wachstumspuzzle-sonnenblume-educo\/\" \/>\n<meta property=\"og:site_name\" content=\"Sustainable Educational Products &amp; Ecological Toys\u00a0\" \/>\n<meta property=\"article:publisher\" content=\"https:\/\/www.facebook.com\/teiaeducation\/\" \/>\n<meta property=\"article:modified_time\" content=\"2025-04-18T17:46:15+00:00\" \/>\n<meta property=\"og:image\" content=\"https:\/\/teiaeducation.ch\/wp-content\/uploads\/2019\/01\/E522018.jpg\" \/>\n\t<meta property=\"og:image:width\" content=\"900\" \/>\n\t<meta property=\"og:image:height\" content=\"900\" \/>\n\t<meta property=\"og:image:type\" content=\"image\/jpeg\" \/>\n<script type=\"application\/ld+json\" class=\"yoast-schema-graph\">{\"@context\":\"https:\\\/\\\/schema.org\",\"@graph\":[{\"@type\":\"WebPage\",\"@id\":\"https:\\\/\\\/teiaeducation.ch\\\/de\\\/produkt\\\/wachstumspuzzle-sonnenblume-educo\\\/\",\"url\":\"https:\\\/\\\/teiaeducation.ch\\\/de\\\/produkt\\\/wachstumspuzzle-sonnenblume-educo\\\/\",\"name\":\"Lagenpuzzle Lebenszyklus einer Sonnenblume - Educo\",\"isPartOf\":{\"@id\":\"https:\\\/\\\/teiaeducation.ch\\\/de\\\/#website\"},\"primaryImageOfPage\":{\"@id\":\"https:\\\/\\\/teiaeducation.ch\\\/de\\\/produkt\\\/wachstumspuzzle-sonnenblume-educo\\\/#primaryimage\"},\"image\":{\"@id\":\"https:\\\/\\\/teiaeducation.ch\\\/de\\\/produkt\\\/wachstumspuzzle-sonnenblume-educo\\\/#primaryimage\"},\"thumbnailUrl\":\"https:\\\/\\\/teiaeducation.ch\\\/wp-content\\\/uploads\\\/2019\\\/01\\\/E522018.jpg\",\"datePublished\":\"2021-11-21T11:40:00+00:00\",\"dateModified\":\"2025-04-18T17:46:15+00:00\",\"description\":\"Das Educo Wachstumspuzzle ist ein Lagenpuzzle aus Holz, das den Lebenszyklus einer Sonnenblume darstellt: vom Keimling bis zur Knospe und Bl\u00fcte.\",\"breadcrumb\":{\"@id\":\"https:\\\/\\\/teiaeducation.ch\\\/de\\\/produkt\\\/wachstumspuzzle-sonnenblume-educo\\\/#breadcrumb\"},\"inLanguage\":\"de-CH\",\"potentialAction\":[{\"@type\":\"ReadAction\",\"target\":[\"https:\\\/\\\/teiaeducation.ch\\\/de\\\/produkt\\\/wachstumspuzzle-sonnenblume-educo\\\/\"]}]},{\"@type\":\"ImageObject\",\"inLanguage\":\"de-CH\",\"@id\":\"https:\\\/\\\/teiaeducation.ch\\\/de\\\/produkt\\\/wachstumspuzzle-sonnenblume-educo\\\/#primaryimage\",\"url\":\"https:\\\/\\\/teiaeducation.ch\\\/wp-content\\\/uploads\\\/2019\\\/01\\\/E522018.jpg\",\"contentUrl\":\"https:\\\/\\\/teiaeducation.ch\\\/wp-content\\\/uploads\\\/2019\\\/01\\\/E522018.jpg\",\"width\":900,\"height\":900,\"caption\":\"Lagenpuzzle Lebenszyklus einer Sonnenblume holz Educo\"},{\"@type\":\"BreadcrumbList\",\"@id\":\"https:\\\/\\\/teiaeducation.ch\\\/de\\\/produkt\\\/wachstumspuzzle-sonnenblume-educo\\\/#breadcrumb\",\"itemListElement\":[{\"@type\":\"ListItem\",\"position\":1,\"name\":\"Home\",\"item\":\"https:\\\/\\\/teiaeducation.ch\\\/de\\\/\"},{\"@type\":\"ListItem\",\"position\":2,\"name\":\"Laden\",\"item\":\"https:\\\/\\\/teiaeducation.ch\\\/de\\\/shop\\\/\"},{\"@type\":\"ListItem\",\"position\":3,\"name\":\"Unsere Marken\",\"item\":\"https:\\\/\\\/teiaeducation.ch\\\/de\\\/produkt-kategorie\\\/unsere-marken\\\/\"},{\"@type\":\"ListItem\",\"position\":4,\"name\":\"Educo\",\"item\":\"https:\\\/\\\/teiaeducation.ch\\\/de\\\/produkt-kategorie\\\/unsere-marken\\\/educo-de\\\/\"},{\"@type\":\"ListItem\",\"position\":5,\"name\":\"Puzzle Spiel\",\"item\":\"https:\\\/\\\/teiaeducation.ch\\\/de\\\/produkt-kategorie\\\/unsere-marken\\\/educo-de\\\/puzzle-spiel\\\/\"},{\"@type\":\"ListItem\",\"position\":6,\"name\":\"Lagenpuzzle Lebenszyklus einer Sonnenblume &#8211; Educo\"}]},{\"@type\":\"WebSite\",\"@id\":\"https:\\\/\\\/teiaeducation.ch\\\/de\\\/#website\",\"url\":\"https:\\\/\\\/teiaeducation.ch\\\/de\\\/\",\"name\":\"Sustainable Educational Products &amp; Ecological Toys\u00a0\",\"description\":\"Specialised Swiss shop selling sustainable educational toys and games, AMI certified Montessori materials, handmade ecological wooden Waldorf toys and arts &amp; crafts supplies, school supplies, children&#039;s furniture and Montessori reference and parenting books.\",\"publisher\":{\"@id\":\"https:\\\/\\\/teiaeducation.ch\\\/de\\\/#organization\"},\"alternateName\":\"Teia Education & Play\",\"potentialAction\":[{\"@type\":\"SearchAction\",\"target\":{\"@type\":\"EntryPoint\",\"urlTemplate\":\"https:\\\/\\\/teiaeducation.ch\\\/de\\\/?s={search_term_string}\"},\"query-input\":{\"@type\":\"PropertyValueSpecification\",\"valueRequired\":true,\"valueName\":\"search_term_string\"}}],\"inLanguage\":\"de-CH\"},{\"@type\":\"Organization\",\"@id\":\"https:\\\/\\\/teiaeducation.ch\\\/de\\\/#organization\",\"name\":\"Teia Education & Play\",\"url\":\"https:\\\/\\\/teiaeducation.ch\\\/de\\\/\",\"logo\":{\"@type\":\"ImageObject\",\"inLanguage\":\"de-CH\",\"@id\":\"https:\\\/\\\/teiaeducation.ch\\\/de\\\/#\\\/schema\\\/logo\\\/image\\\/\",\"url\":\"https:\\\/\\\/teiaeducation.ch\\\/wp-content\\\/uploads\\\/2020\\\/11\\\/Teia-Education-Switzerland-e1620156442216.jpg\",\"contentUrl\":\"https:\\\/\\\/teiaeducation.ch\\\/wp-content\\\/uploads\\\/2020\\\/11\\\/Teia-Education-Switzerland-e1620156442216.jpg\",\"width\":166,\"height\":145,\"caption\":\"Teia Education & Play\"},\"image\":{\"@id\":\"https:\\\/\\\/teiaeducation.ch\\\/de\\\/#\\\/schema\\\/logo\\\/image\\\/\"},\"sameAs\":[\"https:\\\/\\\/www.facebook.com\\\/teiaeducation\\\/\",\"https:\\\/\\\/x.com\\\/EducationTeia\",\"https:\\\/\\\/www.instagram.com\\\/teia.education\\\/\",\"https:\\\/\\\/www.linkedin.com\\\/company\\\/35501660\",\"https:\\\/\\\/www.pinterest.ch\\\/TeiaEducation\\\/\"]}]}<\/script>\n<meta property=\"product:price:amount\" content=\"45.50\" \/>\n<meta property=\"product:price:currency\" content=\"CHF\" \/>\n<meta property=\"og:availability\" content=\"instock\" \/>\n<meta property=\"product:availability\" content=\"instock\" \/>\n<meta property=\"product:retailer_item_id\" content=\"00000000000000000000000000000000000000000000003548\" \/>\n<meta property=\"product:condition\" content=\"new\" \/>\n<!-- \/ Yoast SEO Premium plugin. -->","yoast_head_json":{"title":"Lagenpuzzle Lebenszyklus einer Sonnenblume - Educo","description":"Das Educo Wachstumspuzzle ist ein Lagenpuzzle aus Holz, das den Lebenszyklus einer Sonnenblume darstellt: vom Keimling bis zur Knospe und Bl\u00fcte.","robots":{"index":"index","follow":"follow","max-snippet":"max-snippet:-1","max-image-preview":"max-image-preview:large","max-video-preview":"max-video-preview:-1"},"canonical":"https:\/\/teiaeducation.ch\/de\/produkt\/wachstumspuzzle-sonnenblume-educo\/","og_locale":"de_DE","og_type":"article","og_title":"Lagenpuzzle Lebenszyklus einer Sonnenblume - Educo","og_description":"Das Educo Wachstumspuzzle ist ein Lagenpuzzle aus Holz, das den Lebenszyklus einer Sonnenblume darstellt: vom Keimling bis zur Knospe und Bl\u00fcte.","og_url":"https:\/\/teiaeducation.ch\/de\/produkt\/wachstumspuzzle-sonnenblume-educo\/","og_site_name":"Sustainable Educational Products &amp; Ecological Toys\u00a0","article_publisher":"https:\/\/www.facebook.com\/teiaeducation\/","article_modified_time":"2025-04-18T17:46:15+00:00","og_image":[{"width":900,"height":900,"url":"https:\/\/teiaeducation.ch\/wp-content\/uploads\/2019\/01\/E522018.jpg","type":"image\/jpeg"}],"schema":{"@context":"https:\/\/schema.org","@graph":[{"@type":"WebPage","@id":"https:\/\/teiaeducation.ch\/de\/produkt\/wachstumspuzzle-sonnenblume-educo\/","url":"https:\/\/teiaeducation.ch\/de\/produkt\/wachstumspuzzle-sonnenblume-educo\/","name":"Lagenpuzzle Lebenszyklus einer Sonnenblume - Educo","isPartOf":{"@id":"https:\/\/teiaeducation.ch\/de\/#website"},"primaryImageOfPage":{"@id":"https:\/\/teiaeducation.ch\/de\/produkt\/wachstumspuzzle-sonnenblume-educo\/#primaryimage"},"image":{"@id":"https:\/\/teiaeducation.ch\/de\/produkt\/wachstumspuzzle-sonnenblume-educo\/#primaryimage"},"thumbnailUrl":"https:\/\/teiaeducation.ch\/wp-content\/uploads\/2019\/01\/E522018.jpg","datePublished":"2021-11-21T11:40:00+00:00","dateModified":"2025-04-18T17:46:15+00:00","description":"Das Educo Wachstumspuzzle ist ein Lagenpuzzle aus Holz, das den Lebenszyklus einer Sonnenblume darstellt: vom Keimling bis zur Knospe und Bl\u00fcte.","breadcrumb":{"@id":"https:\/\/teiaeducation.ch\/de\/produkt\/wachstumspuzzle-sonnenblume-educo\/#breadcrumb"},"inLanguage":"de-CH","potentialAction":[{"@type":"ReadAction","target":["https:\/\/teiaeducation.ch\/de\/produkt\/wachstumspuzzle-sonnenblume-educo\/"]}]},{"@type":"ImageObject","inLanguage":"de-CH","@id":"https:\/\/teiaeducation.ch\/de\/produkt\/wachstumspuzzle-sonnenblume-educo\/#primaryimage","url":"https:\/\/teiaeducation.ch\/wp-content\/uploads\/2019\/01\/E522018.jpg","contentUrl":"https:\/\/teiaeducation.ch\/wp-content\/uploads\/2019\/01\/E522018.jpg","width":900,"height":900,"caption":"Lagenpuzzle Lebenszyklus einer Sonnenblume holz Educo"},{"@type":"BreadcrumbList","@id":"https:\/\/teiaeducation.ch\/de\/produkt\/wachstumspuzzle-sonnenblume-educo\/#breadcrumb","itemListElement":[{"@type":"ListItem","position":1,"name":"Home","item":"https:\/\/teiaeducation.ch\/de\/"},{"@type":"ListItem","position":2,"name":"Laden","item":"https:\/\/teiaeducation.ch\/de\/shop\/"},{"@type":"ListItem","position":3,"name":"Unsere Marken","item":"https:\/\/teiaeducation.ch\/de\/produkt-kategorie\/unsere-marken\/"},{"@type":"ListItem","position":4,"name":"Educo","item":"https:\/\/teiaeducation.ch\/de\/produkt-kategorie\/unsere-marken\/educo-de\/"},{"@type":"ListItem","position":5,"name":"Puzzle Spiel","item":"https:\/\/teiaeducation.ch\/de\/produkt-kategorie\/unsere-marken\/educo-de\/puzzle-spiel\/"},{"@type":"ListItem","position":6,"name":"Lagenpuzzle Lebenszyklus einer Sonnenblume &#8211; Educo"}]},{"@type":"WebSite","@id":"https:\/\/teiaeducation.ch\/de\/#website","url":"https:\/\/teiaeducation.ch\/de\/","name":"Sustainable Educational Products &amp; Ecological Toys\u00a0","description":"Specialised Swiss shop selling sustainable educational toys and games, AMI certified Montessori materials, handmade ecological wooden Waldorf toys and arts &amp; crafts supplies, school supplies, children&#039;s furniture and Montessori reference and parenting books.","publisher":{"@id":"https:\/\/teiaeducation.ch\/de\/#organization"},"alternateName":"Teia Education & Play","potentialAction":[{"@type":"SearchAction","target":{"@type":"EntryPoint","urlTemplate":"https:\/\/teiaeducation.ch\/de\/?s={search_term_string}"},"query-input":{"@type":"PropertyValueSpecification","valueRequired":true,"valueName":"search_term_string"}}],"inLanguage":"de-CH"},{"@type":"Organization","@id":"https:\/\/teiaeducation.ch\/de\/#organization","name":"Teia Education & Play","url":"https:\/\/teiaeducation.ch\/de\/","logo":{"@type":"ImageObject","inLanguage":"de-CH","@id":"https:\/\/teiaeducation.ch\/de\/#\/schema\/logo\/image\/","url":"https:\/\/teiaeducation.ch\/wp-content\/uploads\/2020\/11\/Teia-Education-Switzerland-e1620156442216.jpg","contentUrl":"https:\/\/teiaeducation.ch\/wp-content\/uploads\/2020\/11\/Teia-Education-Switzerland-e1620156442216.jpg","width":166,"height":145,"caption":"Teia Education & Play"},"image":{"@id":"https:\/\/teiaeducation.ch\/de\/#\/schema\/logo\/image\/"},"sameAs":["https:\/\/www.facebook.com\/teiaeducation\/","https:\/\/x.com\/EducationTeia","https:\/\/www.instagram.com\/teia.education\/","https:\/\/www.linkedin.com\/company\/35501660","https:\/\/www.pinterest.ch\/TeiaEducation\/"]}]},"product_price_amount":"45.50","product_price_currency":"CHF","og_availability":"instock","product_availability":"instock","product_retailer_item_id":"00000000000000000000000000000000000000000000003548","product_condition":"new"},"_links":{"self":[{"href":"https:\/\/teiaeducation.ch\/de\/wp-json\/wp\/v2\/product\/58462","targetHints":{"allow":["GET"]}}],"collection":[{"href":"https:\/\/teiaeducation.ch\/de\/wp-json\/wp\/v2\/product"}],"about":[{"href":"https:\/\/teiaeducation.ch\/de\/wp-json\/wp\/v2\/types\/product"}],"replies":[{"embeddable":true,"href":"https:\/\/teiaeducation.ch\/de\/wp-json\/wp\/v2\/comments?post=58462"}],"wp:featuredmedia":[{"embeddable":true,"href":"https:\/\/teiaeducation.ch\/de\/wp-json\/wp\/v2\/media\/58432"}],"wp:attachment":[{"href":"https:\/\/teiaeducation.ch\/de\/wp-json\/wp\/v2\/media?parent=58462"}],"wp:term":[{"taxonomy":"product_brand","embeddable":true,"href":"https:\/\/teiaeducation.ch\/de\/wp-json\/wp\/v2\/product_brand?post=58462"},{"taxonomy":"product_cat","embeddable":true,"href":"https:\/\/teiaeducation.ch\/de\/wp-json\/wp\/v2\/product_cat?post=58462"},{"taxonomy":"product_tag","embeddable":true,"href":"https:\/\/teiaeducation.ch\/de\/wp-json\/wp\/v2\/product_tag?post=58462"}],"curies":[{"name":"wp","href":"https:\/\/api.w.org\/{rel}","templated":true}]}}