{"id":58467,"date":"2021-11-01T14:30:24","date_gmt":"2021-11-01T13:30:24","guid":{"rendered":"https:\/\/teiaeducation.ch\/product\/kinderaktivitaeten-puzzle-kinderbauernhof-educo\/"},"modified":"2024-09-17T10:59:55","modified_gmt":"2024-09-17T08:59:55","slug":"kinderaktivitaeten-puzzle-kinderbauernhof-educo","status":"publish","type":"product","link":"https:\/\/teiaeducation.ch\/de\/produkt\/kinderaktivitaeten-puzzle-kinderbauernhof-educo\/","title":{"rendered":"Kinderaktivit\u00e4ten Puzzle Kinderbauernhof &#8211; Educo"},"content":{"rendered":"<p>Das Kinderaktivit\u00e4ten Puzzle Kinderbauernhof aus dem Educo <a href=\"https:\/\/teiaeducation.ch\/product-category\/brands\/educo\/puzzle-play\/\">Puzzlespiel<\/a> Sortiment ist ein gro\u00dfes Puzzle mit 24 Puzzlest\u00fccke, das komplett aus Holz besteht. Das Puzzle ist Teil einer Reihe rund um das Thema Kinderaktivit\u00e4ten. In diesem Puzzle geht es um Kinder, die einen Bauernhof besuchen.<\/p>\n<p>Dieses gro\u00dfe und wundersch\u00f6n illustrierte Themenpuzzle misst 40 mal 28 Zentimeter und besteht aus 24 stabilen Puzzlest\u00fccke aus Holz, die in eine Buchenholzplatte eingelegt sind. Die Vielf\u00e4ltigkeit dieser Puzzleserie erm\u00f6glicht lebhafte Diskussionen und f\u00f6rdert das Bewusstsein und ein tieferes Verst\u00e4ndnis f\u00fcr den Alltag der Kinder.<\/p>\n<p>Die Educo Puzzles f\u00f6rdern die Kreativit\u00e4t, die Vorstellungskraft sowie die Sprach- und Lesef\u00e4higkeiten. Wie alle Puzzles aus dem Educo-Puzzlespielsortiment regt auch dieses hochwertige Lernpuzzle aus Holz spielerisch das kritische Denken und die Probleml\u00f6setechniken an.<\/p>\n<p>Dieses Puzzle ist f\u00fcr Kinder ab 3 Jahren geeignet.<\/p>\n<p>Inhalt:<\/p>\n<p>1 Holzeinlegebrett (40 x 28 cm)<br \/>\n24 Holzpuzzleteile aus 4 mm Birkensperrholz<\/p>\n<h2>\u00dcber Educo<\/h2>\n<p>Die niederl\u00e4ndische Marke <a href=\"https:\/\/teiaeducation.ch\/product-category\/brands\/educo\/\">Educo<\/a> steht f\u00fcr eine bunte Welt des spielerischen <a href=\"https:\/\/teiaeducation.ch\/product-category\/learning-themes\/\">Lernens<\/a>, herausfordernde Lernspiele und Spielzeuge! Die hochwertigen und langlebigen Educo Produkte orientieren sich an Alltagssituationen und helfen Babys und Kindern, Spiele mit regul\u00e4ren Themen zu verbinden und den Lernprozess in eine Simulation ihrer nat\u00fcrlichen Umgebung zu verwandeln.<\/p>\n<p>Das Educo-Sortiment ist in drei Entwicklungsbereiche unterteilt: <a href=\"https:\/\/teiaeducation.ch\/product-category\/brands\/educo\/motor-play\/\">Motorik<\/a>, <a href=\"https:\/\/teiaeducation.ch\/product-category\/brands\/educo\/language-play\/\">Sprache<\/a> und <a href=\"https:\/\/teiaeducation.ch\/product-category\/brands\/educo\/mathematical-play\/\">Mathematik<\/a>. Im Jahr 2023 wurde ein umfassendes Sortiment an <a href=\"https:\/\/teiaeducation.ch\/product-category\/brands\/educo\/montessori-toys-range-0-3-years\/\">Montessori Spielzeug<\/a> f\u00fcr Kinder im Alter von 0 bis 3 Jahren eingef\u00fchrt, um das Wachstum und die Entwicklung der Kleinen bestm\u00f6glich zu f\u00f6rdern.<\/p>\n<p>Die aktiven, spielerischen Lernprodukte von Educo sind haupts\u00e4chlich aus Holz gefertigt und bestehen aus nachhaltigen Materialien wie Farben und Lacken auf Wasserbasis. Die <a href=\"https:\/\/teiaeducation.ch\/product-category\/hgh-quality-toys-play\/\">Spielzeuge<\/a> sind so konzipiert, dass sie \u00fcber viele Jahre hinweg robust verwendet werden k\u00f6nnen, spielerisches Lernen f\u00f6rdern und Kinder im Alter von 0-12 Jahren zu Wachstum und Erfolg inspirieren.<\/p>\n<p>Sie erf\u00fcllen die Anforderungen der verschiedenen europ\u00e4ischen und internationalen Sicherheitsvorschriften f\u00fcr Spielzeug und entsprechen der Richtlinie 2009\/48\/EG \u00fcber die Sicherheit von Spielzeug, einschlie\u00dflich EN81 und ASTM.<\/p>\n","protected":false},"excerpt":{"rendered":"<p>Artikelnummer: E522571<\/p>\n<p>Das Kinderaktivit\u00e4ten Puzzle Kinderbauernhof aus dem Educo Puzzlespielsortiment ist ein gro\u00dfes Puzzle, das vollst\u00e4ndig aus Holz ist gefertigt.<\/p>\n","protected":false},"featured_media":40513,"comment_status":"closed","ping_status":"closed","template":"","meta":[],"product_brand":[],"product_cat":[21445,21524,21479,21599,21670,21493,21484,21707,21510,21509,21443,21563,21615,22362,23539,23636,21678,21482,21564],"product_tag":[27492,27472,27487,27488],"class_list":{"0":"post-58467","1":"product","2":"type-product","3":"status-publish","4":"has-post-thumbnail","6":"product_cat-3-6-jahre-vorschule","7":"product_cat-alphabetisierung-sprache","8":"product_cat-lernmaterialien-spielzeug-montessori-waldorf-steiner-froebel","9":"product_cat-educo-de","10":"product_cat-fruehjahrskollektion","11":"product_cat-geschenk-guide-holzpuzzles","12":"product_cat-geschenk-guides","13":"product_cat-holzpuzzles","14":"product_cat-kultur-wissenschaft","15":"product_cat-lernthemen","16":"product_cat-nach-alter","17":"product_cat-neuheiten","18":"product_cat-puzzle-spiel","19":"product_cat-saisonale-kollektionen","20":"product_cat-sommer-sale","21":"product_cat-sommer-kollektion","22":"product_cat-kinder-spielzeug","23":"product_cat-traditionelle-bildung","24":"product_cat-unsere-marken","25":"product_tag-kinderaktivitaten-puzzle-kinderbauernhof-24-puzzlestucke-educo","26":"product_tag-puzzle-spielen","27":"product_tag-puzzlespiele","28":"product_tag-spielen-und-ratsel-losen","30":"first","31":"instock","32":"taxable","33":"shipping-taxable","34":"purchasable","35":"product-type-simple"},"yoast_head":"<!-- This site is optimized with the Yoast SEO plugin v27.1.1 - https:\/\/yoast.com\/product\/yoast-seo-wordpress\/ -->\n<title>Kinderaktivit\u00e4ten Puzzle Kinderbauernhof - Educo<\/title>\n<meta name=\"description\" content=\"Das Kinderaktivit\u00e4ten Puzzle Kinderbauernhof aus dem Educo Puzzlespielsortiment ist ein gro\u00dfes Puzzle, das vollst\u00e4ndig aus Holz ist gefertigt.\" \/>\n<meta name=\"robots\" content=\"index, follow, max-snippet:-1, max-image-preview:large, max-video-preview:-1\" \/>\n<link rel=\"canonical\" href=\"https:\/\/teiaeducation.ch\/de\/produkt\/kinderaktivitaeten-puzzle-kinderbauernhof-educo\/\" \/>\n<meta property=\"og:locale\" content=\"de_DE\" \/>\n<meta property=\"og:type\" content=\"article\" \/>\n<meta property=\"og:title\" content=\"Kinderaktivit\u00e4ten Puzzle Kinderbauernhof - Educo\" \/>\n<meta property=\"og:description\" content=\"Das Kinderaktivit\u00e4ten Puzzle Kinderbauernhof aus dem Educo Puzzlespielsortiment ist ein gro\u00dfes Puzzle, das vollst\u00e4ndig aus Holz ist gefertigt.\" \/>\n<meta property=\"og:url\" content=\"https:\/\/teiaeducation.ch\/de\/produkt\/kinderaktivitaeten-puzzle-kinderbauernhof-educo\/\" \/>\n<meta property=\"og:site_name\" content=\"Sustainable Educational Products &amp; Ecological Toys\u00a0\" \/>\n<meta property=\"article:publisher\" content=\"https:\/\/www.facebook.com\/teiaeducation\/\" \/>\n<meta property=\"article:modified_time\" content=\"2024-09-17T08:59:55+00:00\" \/>\n<meta property=\"og:image\" content=\"https:\/\/teiaeducation.ch\/wp-content\/uploads\/2019\/05\/Childrens-activities-puzzle-farm-visit-Educo.jpg\" \/>\n\t<meta property=\"og:image:width\" content=\"900\" \/>\n\t<meta property=\"og:image:height\" content=\"900\" \/>\n\t<meta property=\"og:image:type\" content=\"image\/jpeg\" \/>\n<script type=\"application\/ld+json\" class=\"yoast-schema-graph\">{\"@context\":\"https:\/\/schema.org\",\"@graph\":[{\"@type\":\"WebPage\",\"@id\":\"https:\/\/teiaeducation.ch\/de\/produkt\/kinderaktivitaeten-puzzle-kinderbauernhof-educo\/\",\"url\":\"https:\/\/teiaeducation.ch\/de\/produkt\/kinderaktivitaeten-puzzle-kinderbauernhof-educo\/\",\"name\":\"Kinderaktivit\u00e4ten Puzzle Kinderbauernhof - Educo\",\"isPartOf\":{\"@id\":\"https:\/\/teiaeducation.ch\/de\/#website\"},\"primaryImageOfPage\":{\"@id\":\"https:\/\/teiaeducation.ch\/de\/produkt\/kinderaktivitaeten-puzzle-kinderbauernhof-educo\/#primaryimage\"},\"image\":{\"@id\":\"https:\/\/teiaeducation.ch\/de\/produkt\/kinderaktivitaeten-puzzle-kinderbauernhof-educo\/#primaryimage\"},\"thumbnailUrl\":\"https:\/\/teiaeducation.ch\/wp-content\/uploads\/2019\/05\/Childrens-activities-puzzle-farm-visit-Educo.jpg\",\"datePublished\":\"2021-11-01T13:30:24+00:00\",\"dateModified\":\"2024-09-17T08:59:55+00:00\",\"description\":\"Das Kinderaktivit\u00e4ten Puzzle Kinderbauernhof aus dem Educo Puzzlespielsortiment ist ein gro\u00dfes Puzzle, das vollst\u00e4ndig aus Holz ist gefertigt.\",\"breadcrumb\":{\"@id\":\"https:\/\/teiaeducation.ch\/de\/produkt\/kinderaktivitaeten-puzzle-kinderbauernhof-educo\/#breadcrumb\"},\"inLanguage\":\"de-CH\",\"potentialAction\":[{\"@type\":\"ReadAction\",\"target\":[\"https:\/\/teiaeducation.ch\/de\/produkt\/kinderaktivitaeten-puzzle-kinderbauernhof-educo\/\"]}]},{\"@type\":\"ImageObject\",\"inLanguage\":\"de-CH\",\"@id\":\"https:\/\/teiaeducation.ch\/de\/produkt\/kinderaktivitaeten-puzzle-kinderbauernhof-educo\/#primaryimage\",\"url\":\"https:\/\/teiaeducation.ch\/wp-content\/uploads\/2019\/05\/Childrens-activities-puzzle-farm-visit-Educo.jpg\",\"contentUrl\":\"https:\/\/teiaeducation.ch\/wp-content\/uploads\/2019\/05\/Childrens-activities-puzzle-farm-visit-Educo.jpg\",\"width\":900,\"height\":900,\"caption\":\"Kinderaktivit\u00e4ten Puzzle - Kinderbauernhof (24 Puzzlest\u00fccke) - Educo\"},{\"@type\":\"BreadcrumbList\",\"@id\":\"https:\/\/teiaeducation.ch\/de\/produkt\/kinderaktivitaeten-puzzle-kinderbauernhof-educo\/#breadcrumb\",\"itemListElement\":[{\"@type\":\"ListItem\",\"position\":1,\"name\":\"Home\",\"item\":\"https:\/\/teiaeducation.ch\/de\/\"},{\"@type\":\"ListItem\",\"position\":2,\"name\":\"Laden\",\"item\":\"https:\/\/teiaeducation.ch\/de\/shop\/\"},{\"@type\":\"ListItem\",\"position\":3,\"name\":\"Unsere Marken\",\"item\":\"https:\/\/teiaeducation.ch\/de\/produkt-kategorie\/unsere-marken\/\"},{\"@type\":\"ListItem\",\"position\":4,\"name\":\"Educo\",\"item\":\"https:\/\/teiaeducation.ch\/de\/produkt-kategorie\/unsere-marken\/educo-de\/\"},{\"@type\":\"ListItem\",\"position\":5,\"name\":\"Puzzle Spiel\",\"item\":\"https:\/\/teiaeducation.ch\/de\/produkt-kategorie\/unsere-marken\/educo-de\/puzzle-spiel\/\"},{\"@type\":\"ListItem\",\"position\":6,\"name\":\"Kinderaktivit\u00e4ten Puzzle Kinderbauernhof &#8211; Educo\"}]},{\"@type\":\"WebSite\",\"@id\":\"https:\/\/teiaeducation.ch\/de\/#website\",\"url\":\"https:\/\/teiaeducation.ch\/de\/\",\"name\":\"Sustainable Educational Products &amp; Ecological Toys\u00a0\",\"description\":\"Specialised Swiss shop selling sustainable educational toys and games, AMI certified Montessori materials, handmade ecological wooden Waldorf toys and arts &amp; crafts supplies, school supplies, children&#039;s furniture and Montessori reference and parenting books.\",\"publisher\":{\"@id\":\"https:\/\/teiaeducation.ch\/de\/#organization\"},\"alternateName\":\"Teia Education & Play\",\"potentialAction\":[{\"@type\":\"SearchAction\",\"target\":{\"@type\":\"EntryPoint\",\"urlTemplate\":\"https:\/\/teiaeducation.ch\/de\/?s={search_term_string}\"},\"query-input\":{\"@type\":\"PropertyValueSpecification\",\"valueRequired\":true,\"valueName\":\"search_term_string\"}}],\"inLanguage\":\"de-CH\"},{\"@type\":\"Organization\",\"@id\":\"https:\/\/teiaeducation.ch\/de\/#organization\",\"name\":\"Teia Education & Play\",\"url\":\"https:\/\/teiaeducation.ch\/de\/\",\"logo\":{\"@type\":\"ImageObject\",\"inLanguage\":\"de-CH\",\"@id\":\"https:\/\/teiaeducation.ch\/de\/#\/schema\/logo\/image\/\",\"url\":\"https:\/\/teiaeducation.ch\/wp-content\/uploads\/2020\/11\/Teia-Education-Switzerland-e1620156442216.jpg\",\"contentUrl\":\"https:\/\/teiaeducation.ch\/wp-content\/uploads\/2020\/11\/Teia-Education-Switzerland-e1620156442216.jpg\",\"width\":166,\"height\":145,\"caption\":\"Teia Education & Play\"},\"image\":{\"@id\":\"https:\/\/teiaeducation.ch\/de\/#\/schema\/logo\/image\/\"},\"sameAs\":[\"https:\/\/www.facebook.com\/teiaeducation\/\",\"https:\/\/x.com\/EducationTeia\",\"https:\/\/www.instagram.com\/teia.education\/\",\"https:\/\/www.linkedin.com\/company\/35501660\",\"https:\/\/www.pinterest.ch\/TeiaEducation\/\"]}]}<\/script>\n<!-- \/ Yoast SEO plugin. -->","yoast_head_json":{"title":"Kinderaktivit\u00e4ten Puzzle Kinderbauernhof - Educo","description":"Das Kinderaktivit\u00e4ten Puzzle Kinderbauernhof aus dem Educo Puzzlespielsortiment ist ein gro\u00dfes Puzzle, das vollst\u00e4ndig aus Holz ist gefertigt.","robots":{"index":"index","follow":"follow","max-snippet":"max-snippet:-1","max-image-preview":"max-image-preview:large","max-video-preview":"max-video-preview:-1"},"canonical":"https:\/\/teiaeducation.ch\/de\/produkt\/kinderaktivitaeten-puzzle-kinderbauernhof-educo\/","og_locale":"de_DE","og_type":"article","og_title":"Kinderaktivit\u00e4ten Puzzle Kinderbauernhof - Educo","og_description":"Das Kinderaktivit\u00e4ten Puzzle Kinderbauernhof aus dem Educo Puzzlespielsortiment ist ein gro\u00dfes Puzzle, das vollst\u00e4ndig aus Holz ist gefertigt.","og_url":"https:\/\/teiaeducation.ch\/de\/produkt\/kinderaktivitaeten-puzzle-kinderbauernhof-educo\/","og_site_name":"Sustainable Educational Products &amp; Ecological Toys\u00a0","article_publisher":"https:\/\/www.facebook.com\/teiaeducation\/","article_modified_time":"2024-09-17T08:59:55+00:00","og_image":[{"width":900,"height":900,"url":"https:\/\/teiaeducation.ch\/wp-content\/uploads\/2019\/05\/Childrens-activities-puzzle-farm-visit-Educo.jpg","type":"image\/jpeg"}],"schema":{"@context":"https:\/\/schema.org","@graph":[{"@type":"WebPage","@id":"https:\/\/teiaeducation.ch\/de\/produkt\/kinderaktivitaeten-puzzle-kinderbauernhof-educo\/","url":"https:\/\/teiaeducation.ch\/de\/produkt\/kinderaktivitaeten-puzzle-kinderbauernhof-educo\/","name":"Kinderaktivit\u00e4ten Puzzle Kinderbauernhof - Educo","isPartOf":{"@id":"https:\/\/teiaeducation.ch\/de\/#website"},"primaryImageOfPage":{"@id":"https:\/\/teiaeducation.ch\/de\/produkt\/kinderaktivitaeten-puzzle-kinderbauernhof-educo\/#primaryimage"},"image":{"@id":"https:\/\/teiaeducation.ch\/de\/produkt\/kinderaktivitaeten-puzzle-kinderbauernhof-educo\/#primaryimage"},"thumbnailUrl":"https:\/\/teiaeducation.ch\/wp-content\/uploads\/2019\/05\/Childrens-activities-puzzle-farm-visit-Educo.jpg","datePublished":"2021-11-01T13:30:24+00:00","dateModified":"2024-09-17T08:59:55+00:00","description":"Das Kinderaktivit\u00e4ten Puzzle Kinderbauernhof aus dem Educo Puzzlespielsortiment ist ein gro\u00dfes Puzzle, das vollst\u00e4ndig aus Holz ist gefertigt.","breadcrumb":{"@id":"https:\/\/teiaeducation.ch\/de\/produkt\/kinderaktivitaeten-puzzle-kinderbauernhof-educo\/#breadcrumb"},"inLanguage":"de-CH","potentialAction":[{"@type":"ReadAction","target":["https:\/\/teiaeducation.ch\/de\/produkt\/kinderaktivitaeten-puzzle-kinderbauernhof-educo\/"]}]},{"@type":"ImageObject","inLanguage":"de-CH","@id":"https:\/\/teiaeducation.ch\/de\/produkt\/kinderaktivitaeten-puzzle-kinderbauernhof-educo\/#primaryimage","url":"https:\/\/teiaeducation.ch\/wp-content\/uploads\/2019\/05\/Childrens-activities-puzzle-farm-visit-Educo.jpg","contentUrl":"https:\/\/teiaeducation.ch\/wp-content\/uploads\/2019\/05\/Childrens-activities-puzzle-farm-visit-Educo.jpg","width":900,"height":900,"caption":"Kinderaktivit\u00e4ten Puzzle - Kinderbauernhof (24 Puzzlest\u00fccke) - Educo"},{"@type":"BreadcrumbList","@id":"https:\/\/teiaeducation.ch\/de\/produkt\/kinderaktivitaeten-puzzle-kinderbauernhof-educo\/#breadcrumb","itemListElement":[{"@type":"ListItem","position":1,"name":"Home","item":"https:\/\/teiaeducation.ch\/de\/"},{"@type":"ListItem","position":2,"name":"Laden","item":"https:\/\/teiaeducation.ch\/de\/shop\/"},{"@type":"ListItem","position":3,"name":"Unsere Marken","item":"https:\/\/teiaeducation.ch\/de\/produkt-kategorie\/unsere-marken\/"},{"@type":"ListItem","position":4,"name":"Educo","item":"https:\/\/teiaeducation.ch\/de\/produkt-kategorie\/unsere-marken\/educo-de\/"},{"@type":"ListItem","position":5,"name":"Puzzle Spiel","item":"https:\/\/teiaeducation.ch\/de\/produkt-kategorie\/unsere-marken\/educo-de\/puzzle-spiel\/"},{"@type":"ListItem","position":6,"name":"Kinderaktivit\u00e4ten Puzzle Kinderbauernhof &#8211; Educo"}]},{"@type":"WebSite","@id":"https:\/\/teiaeducation.ch\/de\/#website","url":"https:\/\/teiaeducation.ch\/de\/","name":"Sustainable Educational Products &amp; Ecological Toys\u00a0","description":"Specialised Swiss shop selling sustainable educational toys and games, AMI certified Montessori materials, handmade ecological wooden Waldorf toys and arts &amp; crafts supplies, school supplies, children&#039;s furniture and Montessori reference and parenting books.","publisher":{"@id":"https:\/\/teiaeducation.ch\/de\/#organization"},"alternateName":"Teia Education & Play","potentialAction":[{"@type":"SearchAction","target":{"@type":"EntryPoint","urlTemplate":"https:\/\/teiaeducation.ch\/de\/?s={search_term_string}"},"query-input":{"@type":"PropertyValueSpecification","valueRequired":true,"valueName":"search_term_string"}}],"inLanguage":"de-CH"},{"@type":"Organization","@id":"https:\/\/teiaeducation.ch\/de\/#organization","name":"Teia Education & Play","url":"https:\/\/teiaeducation.ch\/de\/","logo":{"@type":"ImageObject","inLanguage":"de-CH","@id":"https:\/\/teiaeducation.ch\/de\/#\/schema\/logo\/image\/","url":"https:\/\/teiaeducation.ch\/wp-content\/uploads\/2020\/11\/Teia-Education-Switzerland-e1620156442216.jpg","contentUrl":"https:\/\/teiaeducation.ch\/wp-content\/uploads\/2020\/11\/Teia-Education-Switzerland-e1620156442216.jpg","width":166,"height":145,"caption":"Teia Education & Play"},"image":{"@id":"https:\/\/teiaeducation.ch\/de\/#\/schema\/logo\/image\/"},"sameAs":["https:\/\/www.facebook.com\/teiaeducation\/","https:\/\/x.com\/EducationTeia","https:\/\/www.instagram.com\/teia.education\/","https:\/\/www.linkedin.com\/company\/35501660","https:\/\/www.pinterest.ch\/TeiaEducation\/"]}]}},"_links":{"self":[{"href":"https:\/\/teiaeducation.ch\/de\/wp-json\/wp\/v2\/product\/58467","targetHints":{"allow":["GET"]}}],"collection":[{"href":"https:\/\/teiaeducation.ch\/de\/wp-json\/wp\/v2\/product"}],"about":[{"href":"https:\/\/teiaeducation.ch\/de\/wp-json\/wp\/v2\/types\/product"}],"replies":[{"embeddable":true,"href":"https:\/\/teiaeducation.ch\/de\/wp-json\/wp\/v2\/comments?post=58467"}],"wp:featuredmedia":[{"embeddable":true,"href":"https:\/\/teiaeducation.ch\/de\/wp-json\/wp\/v2\/media\/40513"}],"wp:attachment":[{"href":"https:\/\/teiaeducation.ch\/de\/wp-json\/wp\/v2\/media?parent=58467"}],"wp:term":[{"taxonomy":"product_brand","embeddable":true,"href":"https:\/\/teiaeducation.ch\/de\/wp-json\/wp\/v2\/product_brand?post=58467"},{"taxonomy":"product_cat","embeddable":true,"href":"https:\/\/teiaeducation.ch\/de\/wp-json\/wp\/v2\/product_cat?post=58467"},{"taxonomy":"product_tag","embeddable":true,"href":"https:\/\/teiaeducation.ch\/de\/wp-json\/wp\/v2\/product_tag?post=58467"}],"curies":[{"name":"wp","href":"https:\/\/api.w.org\/{rel}","templated":true}]}}