{"id":58468,"date":"2021-11-01T14:00:05","date_gmt":"2021-11-01T13:00:05","guid":{"rendered":"https:\/\/teiaeducation.ch\/product\/drunter-und-drueber-puzzle-im-meer-educo\/"},"modified":"2024-12-12T13:46:06","modified_gmt":"2024-12-12T12:46:06","slug":"drunter-und-drueber-puzzle-im-meer-educo","status":"publish","type":"product","link":"https:\/\/teiaeducation.ch\/de\/produkt\/drunter-und-drueber-puzzle-im-meer-educo\/","title":{"rendered":"Drunter und dr\u00fcber Puzzle im Meer &#8211; Educo"},"content":{"rendered":"<p>Das Drunter und dr\u00fcber Puzzle im Meer aus dem Educo <a href=\"https:\/\/teiaeducation.ch\/product-category\/brands\/educo\/puzzle-play\/\">Puzzlespiel<\/a> Sortiment ist ein gro\u00dfes Puzzle, das komplett aus Holz gefertigt ist. Das Puzzle ist Teil einer Reihe von Puzzles, die sich mit verschiedenen Tieren besch\u00e4ftigen, die entweder \u00fcber oder unter der Erde leben. Drunter und dr\u00fcber Puzzle im Meer wirft einen Blick auf die Meeresbewohner und das, was \u00fcber und unter Wasser passiert<\/p>\n<p>Dieses gro\u00dfe und wundersch\u00f6n illustrierte Themenpuzzle misst 40 mal 28 Zentimeter und besteht aus 28 stabilen Holzpuzzleteilen, die in eine Buchenholzplatte eingelegt sind. Die Vielfalt dieser Puzzleserie eignet sich f\u00fcr Naturstudien und die Einf\u00fchrung in Flora und Fauna. Sie erm\u00f6glicht lebhafte Diskussionen und f\u00f6rdert das Bewusstsein und das Verst\u00e4ndnis daf\u00fcr, wie und wo Tiere leben, sowie f\u00fcr die Artenvielfalt.<\/p>\n<p>Die Educo Puzzles f\u00f6rdern die Kreativit\u00e4t, die Vorstellungskraft sowie die Sprach- und Lesef\u00e4higkeiten. Wie alle Puzzles aus dem Educo Puzzlespielsortiment regt auch dieses hochwertige Lernpuzzle aus Holz spielerisch das kritische Denken und die Probleml\u00f6setechniken an.<\/p>\n<p>Dieses Puzzle ist f\u00fcr Kinder ab 3 Jahren geeignet.<\/p>\n<p>Inhalt:<\/p>\n<p>1 Holzeinlegebrett (40 x 28 cm)<br \/>\n28 Holzpuzzleteile aus 4 mm Birkensperrholz<\/p>\n<h2>\u00dcber Educo<\/h2>\n<p>Die niederl\u00e4ndische Marke <a href=\"https:\/\/teiaeducation.ch\/product-category\/brands\/educo\/\">Educo<\/a> steht f\u00fcr eine bunte Welt des spielerischen <a href=\"https:\/\/teiaeducation.ch\/product-category\/learning-themes\/\">Lernens<\/a>, herausfordernde Lernspiele und Spielzeuge! Die hochwertigen und langlebigen Educo Produkte orientieren sich an Alltagssituationen und helfen Babys und Kindern, Spiele mit regul\u00e4ren Themen zu verbinden und den Lernprozess in eine Simulation ihrer nat\u00fcrlichen Umgebung zu verwandeln.<\/p>\n<p>Das Educo-Sortiment ist in drei Entwicklungsbereiche unterteilt: <a href=\"https:\/\/teiaeducation.ch\/product-category\/brands\/educo\/motor-play\/\">Motorik<\/a>, <a href=\"https:\/\/teiaeducation.ch\/product-category\/brands\/educo\/language-play\/\">Sprache<\/a> und <a href=\"https:\/\/teiaeducation.ch\/product-category\/brands\/educo\/mathematical-play\/\">Mathematik<\/a>. Im Jahr 2023 wurde ein umfassendes Sortiment an <a href=\"https:\/\/teiaeducation.ch\/product-category\/brands\/educo\/montessori-toys-range-0-3-years\/\">Montessori Spielzeug<\/a> f\u00fcr Kinder im Alter von 0 bis 3 Jahren eingef\u00fchrt, um das Wachstum und die Entwicklung der Kleinen bestm\u00f6glich zu f\u00f6rdern.<\/p>\n<p>Die aktiven, spielerischen Lernprodukte von Educo sind haupts\u00e4chlich aus Holz gefertigt und bestehen aus nachhaltigen Materialien wie Farben und Lacken auf Wasserbasis. Die <a href=\"https:\/\/teiaeducation.ch\/product-category\/hgh-quality-toys-play\/\">Spielzeuge<\/a> sind so konzipiert, dass sie \u00fcber viele Jahre hinweg robust verwendet werden k\u00f6nnen, spielerisches Lernen f\u00f6rdern und Kinder im Alter von 0-12 Jahren zu Wachstum und Erfolg inspirieren.<\/p>\n<p>Sie erf\u00fcllen die Anforderungen der verschiedenen europ\u00e4ischen und internationalen Sicherheitsvorschriften f\u00fcr Spielzeug und entsprechen der Richtlinie 2009\/48\/EG \u00fcber die Sicherheit von Spielzeug, einschlie\u00dflich EN81 und ASTM.<\/p>\n","protected":false},"excerpt":{"rendered":"<p>Artikelnummer: E523376<\/p>\n<p>Das Drunter und dr\u00fcber Puzzle im Meer aus dem Educo Puzzlespielsortiment ist ein gro\u00dfes Puzzle mit 28 Teilen, das komplett aus Holz besteht.<\/p>\n","protected":false},"featured_media":58469,"comment_status":"closed","ping_status":"closed","template":"","meta":[],"product_brand":[],"product_cat":[21445,21479,21512,21599,21707,21510,21509,21537,21443,21563,21615,22362,23636,21678,21511,21482,21564,21540],"product_tag":[27493,27472,27487,27488],"class_list":{"0":"post-58468","1":"product","2":"type-product","3":"status-publish","4":"has-post-thumbnail","6":"product_cat-3-6-jahre-vorschule","7":"product_cat-lernmaterialien-spielzeug-montessori-waldorf-steiner-froebel","8":"product_cat-botanik","9":"product_cat-educo-de","10":"product_cat-holzpuzzles","11":"product_cat-kultur-wissenschaft","12":"product_cat-lernthemen","13":"product_cat-mathematik-rechnen","14":"product_cat-nach-alter","15":"product_cat-neuheiten","16":"product_cat-puzzle-spiel","17":"product_cat-saisonale-kollektionen","18":"product_cat-sommer-kollektion","19":"product_cat-kinder-spielzeug","20":"product_cat-tiergeographie-zoologie","21":"product_cat-traditionelle-bildung","22":"product_cat-unsere-marken","23":"product_cat-zaehlen","24":"product_tag-educo-holzpuzzle-tiere-meer","25":"product_tag-puzzle-spielen","26":"product_tag-puzzlespiele","27":"product_tag-spielen-und-ratsel-losen","29":"first","30":"instock","31":"taxable","32":"shipping-taxable","33":"purchasable","34":"product-type-simple"},"yoast_head":"<!-- This site is optimized with the Yoast SEO plugin v27.1.1 - https:\/\/yoast.com\/product\/yoast-seo-wordpress\/ -->\n<title>Drunter und dr\u00fcber Puzzle im Meer - Educo<\/title>\n<meta name=\"description\" content=\"Das Drunter und dr\u00fcber Puzzle im Meer aus dem Educo Puzzlespielsortiment ist ein gro\u00dfes Puzzle mit 28 Teilen, das komplett aus Holz besteht.\" \/>\n<meta name=\"robots\" content=\"index, follow, max-snippet:-1, max-image-preview:large, max-video-preview:-1\" \/>\n<link rel=\"canonical\" href=\"https:\/\/teiaeducation.ch\/de\/produkt\/drunter-und-drueber-puzzle-im-meer-educo\/\" \/>\n<meta property=\"og:locale\" content=\"de_DE\" \/>\n<meta property=\"og:type\" content=\"article\" \/>\n<meta property=\"og:title\" content=\"Drunter und dr\u00fcber Puzzle im Meer - Educo\" \/>\n<meta property=\"og:description\" content=\"Das Drunter und dr\u00fcber Puzzle im Meer aus dem Educo Puzzlespielsortiment ist ein gro\u00dfes Puzzle mit 28 Teilen, das komplett aus Holz besteht.\" \/>\n<meta property=\"og:url\" content=\"https:\/\/teiaeducation.ch\/de\/produkt\/drunter-und-drueber-puzzle-im-meer-educo\/\" \/>\n<meta property=\"og:site_name\" content=\"Sustainable Educational Products &amp; Ecological Toys\u00a0\" \/>\n<meta property=\"article:publisher\" content=\"https:\/\/www.facebook.com\/teiaeducation\/\" \/>\n<meta property=\"article:modified_time\" content=\"2024-12-12T12:46:06+00:00\" \/>\n<meta property=\"og:image\" content=\"https:\/\/teiaeducation.ch\/wp-content\/uploads\/2019\/05\/Above-and-beneath-puzzle-into-the-sea-28-Educo.jpg\" \/>\n\t<meta property=\"og:image:width\" content=\"900\" \/>\n\t<meta property=\"og:image:height\" content=\"900\" \/>\n\t<meta property=\"og:image:type\" content=\"image\/jpeg\" \/>\n<script type=\"application\/ld+json\" class=\"yoast-schema-graph\">{\"@context\":\"https:\/\/schema.org\",\"@graph\":[{\"@type\":\"WebPage\",\"@id\":\"https:\/\/teiaeducation.ch\/de\/produkt\/drunter-und-drueber-puzzle-im-meer-educo\/\",\"url\":\"https:\/\/teiaeducation.ch\/de\/produkt\/drunter-und-drueber-puzzle-im-meer-educo\/\",\"name\":\"Drunter und dr\u00fcber Puzzle im Meer - Educo\",\"isPartOf\":{\"@id\":\"https:\/\/teiaeducation.ch\/de\/#website\"},\"primaryImageOfPage\":{\"@id\":\"https:\/\/teiaeducation.ch\/de\/produkt\/drunter-und-drueber-puzzle-im-meer-educo\/#primaryimage\"},\"image\":{\"@id\":\"https:\/\/teiaeducation.ch\/de\/produkt\/drunter-und-drueber-puzzle-im-meer-educo\/#primaryimage\"},\"thumbnailUrl\":\"https:\/\/teiaeducation.ch\/wp-content\/uploads\/2019\/05\/Above-and-beneath-puzzle-into-the-sea-28-Educo.jpg\",\"datePublished\":\"2021-11-01T13:00:05+00:00\",\"dateModified\":\"2024-12-12T12:46:06+00:00\",\"description\":\"Das Drunter und dr\u00fcber Puzzle im Meer aus dem Educo Puzzlespielsortiment ist ein gro\u00dfes Puzzle mit 28 Teilen, das komplett aus Holz besteht.\",\"breadcrumb\":{\"@id\":\"https:\/\/teiaeducation.ch\/de\/produkt\/drunter-und-drueber-puzzle-im-meer-educo\/#breadcrumb\"},\"inLanguage\":\"de-CH\",\"potentialAction\":[{\"@type\":\"ReadAction\",\"target\":[\"https:\/\/teiaeducation.ch\/de\/produkt\/drunter-und-drueber-puzzle-im-meer-educo\/\"]}]},{\"@type\":\"ImageObject\",\"inLanguage\":\"de-CH\",\"@id\":\"https:\/\/teiaeducation.ch\/de\/produkt\/drunter-und-drueber-puzzle-im-meer-educo\/#primaryimage\",\"url\":\"https:\/\/teiaeducation.ch\/wp-content\/uploads\/2019\/05\/Above-and-beneath-puzzle-into-the-sea-28-Educo.jpg\",\"contentUrl\":\"https:\/\/teiaeducation.ch\/wp-content\/uploads\/2019\/05\/Above-and-beneath-puzzle-into-the-sea-28-Educo.jpg\",\"width\":900,\"height\":900,\"caption\":\"Drunter und dr\u00fcber Puzzle - im Meer (28) - Educo\"},{\"@type\":\"BreadcrumbList\",\"@id\":\"https:\/\/teiaeducation.ch\/de\/produkt\/drunter-und-drueber-puzzle-im-meer-educo\/#breadcrumb\",\"itemListElement\":[{\"@type\":\"ListItem\",\"position\":1,\"name\":\"Home\",\"item\":\"https:\/\/teiaeducation.ch\/de\/\"},{\"@type\":\"ListItem\",\"position\":2,\"name\":\"Laden\",\"item\":\"https:\/\/teiaeducation.ch\/de\/shop\/\"},{\"@type\":\"ListItem\",\"position\":3,\"name\":\"Lernthemen\",\"item\":\"https:\/\/teiaeducation.ch\/de\/produkt-kategorie\/lernthemen\/\"},{\"@type\":\"ListItem\",\"position\":4,\"name\":\"Kultur &amp; Wissenschaft\",\"item\":\"https:\/\/teiaeducation.ch\/de\/produkt-kategorie\/lernthemen\/kultur-wissenschaft\/\"},{\"@type\":\"ListItem\",\"position\":5,\"name\":\"Botanik\",\"item\":\"https:\/\/teiaeducation.ch\/de\/produkt-kategorie\/lernthemen\/kultur-wissenschaft\/botanik\/\"},{\"@type\":\"ListItem\",\"position\":6,\"name\":\"Drunter und dr\u00fcber Puzzle im Meer &#8211; Educo\"}]},{\"@type\":\"WebSite\",\"@id\":\"https:\/\/teiaeducation.ch\/de\/#website\",\"url\":\"https:\/\/teiaeducation.ch\/de\/\",\"name\":\"Sustainable Educational Products &amp; Ecological Toys\u00a0\",\"description\":\"Specialised Swiss shop selling sustainable educational toys and games, AMI certified Montessori materials, handmade ecological wooden Waldorf toys and arts &amp; crafts supplies, school supplies, children&#039;s furniture and Montessori reference and parenting books.\",\"publisher\":{\"@id\":\"https:\/\/teiaeducation.ch\/de\/#organization\"},\"alternateName\":\"Teia Education & Play\",\"potentialAction\":[{\"@type\":\"SearchAction\",\"target\":{\"@type\":\"EntryPoint\",\"urlTemplate\":\"https:\/\/teiaeducation.ch\/de\/?s={search_term_string}\"},\"query-input\":{\"@type\":\"PropertyValueSpecification\",\"valueRequired\":true,\"valueName\":\"search_term_string\"}}],\"inLanguage\":\"de-CH\"},{\"@type\":\"Organization\",\"@id\":\"https:\/\/teiaeducation.ch\/de\/#organization\",\"name\":\"Teia Education & Play\",\"url\":\"https:\/\/teiaeducation.ch\/de\/\",\"logo\":{\"@type\":\"ImageObject\",\"inLanguage\":\"de-CH\",\"@id\":\"https:\/\/teiaeducation.ch\/de\/#\/schema\/logo\/image\/\",\"url\":\"https:\/\/teiaeducation.ch\/wp-content\/uploads\/2020\/11\/Teia-Education-Switzerland-e1620156442216.jpg\",\"contentUrl\":\"https:\/\/teiaeducation.ch\/wp-content\/uploads\/2020\/11\/Teia-Education-Switzerland-e1620156442216.jpg\",\"width\":166,\"height\":145,\"caption\":\"Teia Education & Play\"},\"image\":{\"@id\":\"https:\/\/teiaeducation.ch\/de\/#\/schema\/logo\/image\/\"},\"sameAs\":[\"https:\/\/www.facebook.com\/teiaeducation\/\",\"https:\/\/x.com\/EducationTeia\",\"https:\/\/www.instagram.com\/teia.education\/\",\"https:\/\/www.linkedin.com\/company\/35501660\",\"https:\/\/www.pinterest.ch\/TeiaEducation\/\"]}]}<\/script>\n<!-- \/ Yoast SEO plugin. -->","yoast_head_json":{"title":"Drunter und dr\u00fcber Puzzle im Meer - Educo","description":"Das Drunter und dr\u00fcber Puzzle im Meer aus dem Educo Puzzlespielsortiment ist ein gro\u00dfes Puzzle mit 28 Teilen, das komplett aus Holz besteht.","robots":{"index":"index","follow":"follow","max-snippet":"max-snippet:-1","max-image-preview":"max-image-preview:large","max-video-preview":"max-video-preview:-1"},"canonical":"https:\/\/teiaeducation.ch\/de\/produkt\/drunter-und-drueber-puzzle-im-meer-educo\/","og_locale":"de_DE","og_type":"article","og_title":"Drunter und dr\u00fcber Puzzle im Meer - Educo","og_description":"Das Drunter und dr\u00fcber Puzzle im Meer aus dem Educo Puzzlespielsortiment ist ein gro\u00dfes Puzzle mit 28 Teilen, das komplett aus Holz besteht.","og_url":"https:\/\/teiaeducation.ch\/de\/produkt\/drunter-und-drueber-puzzle-im-meer-educo\/","og_site_name":"Sustainable Educational Products &amp; Ecological Toys\u00a0","article_publisher":"https:\/\/www.facebook.com\/teiaeducation\/","article_modified_time":"2024-12-12T12:46:06+00:00","og_image":[{"width":900,"height":900,"url":"https:\/\/teiaeducation.ch\/wp-content\/uploads\/2019\/05\/Above-and-beneath-puzzle-into-the-sea-28-Educo.jpg","type":"image\/jpeg"}],"schema":{"@context":"https:\/\/schema.org","@graph":[{"@type":"WebPage","@id":"https:\/\/teiaeducation.ch\/de\/produkt\/drunter-und-drueber-puzzle-im-meer-educo\/","url":"https:\/\/teiaeducation.ch\/de\/produkt\/drunter-und-drueber-puzzle-im-meer-educo\/","name":"Drunter und dr\u00fcber Puzzle im Meer - Educo","isPartOf":{"@id":"https:\/\/teiaeducation.ch\/de\/#website"},"primaryImageOfPage":{"@id":"https:\/\/teiaeducation.ch\/de\/produkt\/drunter-und-drueber-puzzle-im-meer-educo\/#primaryimage"},"image":{"@id":"https:\/\/teiaeducation.ch\/de\/produkt\/drunter-und-drueber-puzzle-im-meer-educo\/#primaryimage"},"thumbnailUrl":"https:\/\/teiaeducation.ch\/wp-content\/uploads\/2019\/05\/Above-and-beneath-puzzle-into-the-sea-28-Educo.jpg","datePublished":"2021-11-01T13:00:05+00:00","dateModified":"2024-12-12T12:46:06+00:00","description":"Das Drunter und dr\u00fcber Puzzle im Meer aus dem Educo Puzzlespielsortiment ist ein gro\u00dfes Puzzle mit 28 Teilen, das komplett aus Holz besteht.","breadcrumb":{"@id":"https:\/\/teiaeducation.ch\/de\/produkt\/drunter-und-drueber-puzzle-im-meer-educo\/#breadcrumb"},"inLanguage":"de-CH","potentialAction":[{"@type":"ReadAction","target":["https:\/\/teiaeducation.ch\/de\/produkt\/drunter-und-drueber-puzzle-im-meer-educo\/"]}]},{"@type":"ImageObject","inLanguage":"de-CH","@id":"https:\/\/teiaeducation.ch\/de\/produkt\/drunter-und-drueber-puzzle-im-meer-educo\/#primaryimage","url":"https:\/\/teiaeducation.ch\/wp-content\/uploads\/2019\/05\/Above-and-beneath-puzzle-into-the-sea-28-Educo.jpg","contentUrl":"https:\/\/teiaeducation.ch\/wp-content\/uploads\/2019\/05\/Above-and-beneath-puzzle-into-the-sea-28-Educo.jpg","width":900,"height":900,"caption":"Drunter und dr\u00fcber Puzzle - im Meer (28) - Educo"},{"@type":"BreadcrumbList","@id":"https:\/\/teiaeducation.ch\/de\/produkt\/drunter-und-drueber-puzzle-im-meer-educo\/#breadcrumb","itemListElement":[{"@type":"ListItem","position":1,"name":"Home","item":"https:\/\/teiaeducation.ch\/de\/"},{"@type":"ListItem","position":2,"name":"Laden","item":"https:\/\/teiaeducation.ch\/de\/shop\/"},{"@type":"ListItem","position":3,"name":"Lernthemen","item":"https:\/\/teiaeducation.ch\/de\/produkt-kategorie\/lernthemen\/"},{"@type":"ListItem","position":4,"name":"Kultur &amp; Wissenschaft","item":"https:\/\/teiaeducation.ch\/de\/produkt-kategorie\/lernthemen\/kultur-wissenschaft\/"},{"@type":"ListItem","position":5,"name":"Botanik","item":"https:\/\/teiaeducation.ch\/de\/produkt-kategorie\/lernthemen\/kultur-wissenschaft\/botanik\/"},{"@type":"ListItem","position":6,"name":"Drunter und dr\u00fcber Puzzle im Meer &#8211; Educo"}]},{"@type":"WebSite","@id":"https:\/\/teiaeducation.ch\/de\/#website","url":"https:\/\/teiaeducation.ch\/de\/","name":"Sustainable Educational Products &amp; Ecological Toys\u00a0","description":"Specialised Swiss shop selling sustainable educational toys and games, AMI certified Montessori materials, handmade ecological wooden Waldorf toys and arts &amp; crafts supplies, school supplies, children&#039;s furniture and Montessori reference and parenting books.","publisher":{"@id":"https:\/\/teiaeducation.ch\/de\/#organization"},"alternateName":"Teia Education & Play","potentialAction":[{"@type":"SearchAction","target":{"@type":"EntryPoint","urlTemplate":"https:\/\/teiaeducation.ch\/de\/?s={search_term_string}"},"query-input":{"@type":"PropertyValueSpecification","valueRequired":true,"valueName":"search_term_string"}}],"inLanguage":"de-CH"},{"@type":"Organization","@id":"https:\/\/teiaeducation.ch\/de\/#organization","name":"Teia Education & Play","url":"https:\/\/teiaeducation.ch\/de\/","logo":{"@type":"ImageObject","inLanguage":"de-CH","@id":"https:\/\/teiaeducation.ch\/de\/#\/schema\/logo\/image\/","url":"https:\/\/teiaeducation.ch\/wp-content\/uploads\/2020\/11\/Teia-Education-Switzerland-e1620156442216.jpg","contentUrl":"https:\/\/teiaeducation.ch\/wp-content\/uploads\/2020\/11\/Teia-Education-Switzerland-e1620156442216.jpg","width":166,"height":145,"caption":"Teia Education & Play"},"image":{"@id":"https:\/\/teiaeducation.ch\/de\/#\/schema\/logo\/image\/"},"sameAs":["https:\/\/www.facebook.com\/teiaeducation\/","https:\/\/x.com\/EducationTeia","https:\/\/www.instagram.com\/teia.education\/","https:\/\/www.linkedin.com\/company\/35501660","https:\/\/www.pinterest.ch\/TeiaEducation\/"]}]}},"_links":{"self":[{"href":"https:\/\/teiaeducation.ch\/de\/wp-json\/wp\/v2\/product\/58468","targetHints":{"allow":["GET"]}}],"collection":[{"href":"https:\/\/teiaeducation.ch\/de\/wp-json\/wp\/v2\/product"}],"about":[{"href":"https:\/\/teiaeducation.ch\/de\/wp-json\/wp\/v2\/types\/product"}],"replies":[{"embeddable":true,"href":"https:\/\/teiaeducation.ch\/de\/wp-json\/wp\/v2\/comments?post=58468"}],"wp:featuredmedia":[{"embeddable":true,"href":"https:\/\/teiaeducation.ch\/de\/wp-json\/wp\/v2\/media\/58469"}],"wp:attachment":[{"href":"https:\/\/teiaeducation.ch\/de\/wp-json\/wp\/v2\/media?parent=58468"}],"wp:term":[{"taxonomy":"product_brand","embeddable":true,"href":"https:\/\/teiaeducation.ch\/de\/wp-json\/wp\/v2\/product_brand?post=58468"},{"taxonomy":"product_cat","embeddable":true,"href":"https:\/\/teiaeducation.ch\/de\/wp-json\/wp\/v2\/product_cat?post=58468"},{"taxonomy":"product_tag","embeddable":true,"href":"https:\/\/teiaeducation.ch\/de\/wp-json\/wp\/v2\/product_tag?post=58468"}],"curies":[{"name":"wp","href":"https:\/\/api.w.org\/{rel}","templated":true}]}}