{"id":58480,"date":"2021-06-25T10:02:21","date_gmt":"2021-06-25T08:02:21","guid":{"rendered":"https:\/\/teiaeducation.ch\/product\/wortschatzpuzzle-persoenliche-hygiene-49-educo\/"},"modified":"2024-09-17T11:15:56","modified_gmt":"2024-09-17T09:15:56","slug":"wortschatzpuzzle-persoenliche-hygiene-49-educo","status":"publish","type":"product","link":"https:\/\/teiaeducation.ch\/de\/produkt\/wortschatzpuzzle-persoenliche-hygiene-49-educo\/","title":{"rendered":"Wortschatzpuzzle \u2013 pers\u00f6nliche Hygiene (49) &#8211; Educo"},"content":{"rendered":"<p>Das Educo Wortschatzpuzzle &#8211; pers\u00f6nliche Hygiene ist ein gro\u00dfes <a href=\"https:\/\/teiaeducation.ch\/product-category\/play\/jigsaw-puzzles-play\/\">Puzzle<\/a>, das komplett aus Holz besteht. Als Teil der Vokabelserie hilft das Puzzle den Kindern, ihren <a href=\"https:\/\/teiaeducation.ch\/product-category\/learning-themes\/literacy-language\/vocabulary-2\/\">Wortschatz<\/a> zu erweitern und verschiedene Aspekte der K\u00f6rperpflege kennen zu lernen.<\/p>\n<p>Diskutieren Sie mit diesem Puzzle \u00fcber die Bedeutung einer guten K\u00f6rperpflege und lernen Sie sie kennen. Die verschiedenen Aspekte der K\u00f6rperpflege werden auf verschiedenen Etagen eines Hauses dargestellt. Alle gro\u00dfen Puzzlest\u00fccke enthalten ein Thema zur K\u00f6rperpflege. Zum Beispiel die Nase putzen und das Taschentuch wegwerfen, die H\u00e4nde waschen, Z\u00e4hne putzen, Haare waschen, N\u00e4gel schneiden, W\u00e4sche waschen, Geschirr sp\u00fclen und staubsaugen. Es gibt sogar eine Katze, die sich w\u00e4scht, und einen Vogel, der ein Bad nimmt.<\/p>\n<p>Alle Themen werden in einem Handbuch beschrieben. Das Handbuch enth\u00e4lt 6 Sprachen und bietet somit die M\u00f6glichkeit, den Wortschatz in verschiedenen Sprachen zu erweitern! Durch das Zusammensetzen dieses Puzzles lernen die Kinder neue W\u00f6rter und deren Verwendung im richtigen Kontext und \u00fcben sich in Kommunikation, <a href=\"https:\/\/teiaeducation.ch\/product-category\/learning-themes\/literacy-language\/collaboration\/\">Zusammenarbeit<\/a> und <a href=\"https:\/\/teiaeducation.ch\/product-category\/learning-themes\/literacy-language\/story-telling\/\">Geschichtenerz\u00e4hlen<\/a>. Lernen Sie die Grundlagen und die Bedeutung einer guten K\u00f6rperpflege kennen!<\/p>\n<p>Dieses gro\u00dfe Puzzle zum Thema K\u00f6rperpflege ist 40 x 40 Zentimeter gro\u00df und besteht aus 49 stabilen Holzpuzzleteilen, die in eine Buchenholzplatte eingelegt sind. Die Arbeit mit diesem Puzzle regt zu Assoziations\u00fcbungen an, die sich auf Sehensw\u00fcrdigkeiten und Aktivit\u00e4ten im wirklichen Leben beziehen. Sie erm\u00f6glicht lebhafte Diskussionen, die \u00fcber das Klassenzimmer hinausgehen, und f\u00f6rdert das Bewusstsein und ein tieferes Verst\u00e4ndnis der Welt im Allgemeinen.<\/p>\n<p>Die Educo-Wortschatzr\u00e4tsel f\u00f6rdern die <a href=\"https:\/\/teiaeducation.ch\/product-category\/learning-themes\/literacy-language\/\">Sprach- und Lese<\/a> Kompetenz. Wie alle Puzzles aus dem Educo <a href=\"https:\/\/teiaeducation.ch\/product-category\/brands\/educo\/puzzle-play\/\">Puzzlespielsortiment<\/a> regt auch dieses hochwertige Puzzle spielerisch das kritische Denken und Probleml\u00f6sungstechniken an.<\/p>\n<p>Das Educo Wortschatzpuzzle \u2013 pers\u00f6nliche Hygiene ist f\u00fcr Kinder ab 4 Jahren geeignet.<\/p>\n<p>Inhalt:<\/p>\n<p>Ein Holzrahmen (40 x 40 cm)<br \/>\n49 Puzzleteile aus Holz in verschiedenen Gr\u00f6\u00dfen<\/p>\n<h2>\u00dcber Educo<\/h2>\n<p>Die niederl\u00e4ndische Marke <a href=\"https:\/\/teiaeducation.ch\/product-category\/brands\/educo\/\">Educo<\/a> steht f\u00fcr eine bunte Welt des spielerischen <a href=\"https:\/\/teiaeducation.ch\/product-category\/learning-themes\/\">Lernens<\/a>, herausfordernde Lernspiele und Spielzeuge! Die hochwertigen und langlebigen Educo Produkte orientieren sich an Alltagssituationen und helfen Babys und Kindern, Spiele mit regul\u00e4ren Themen zu verbinden und den Lernprozess in eine Simulation ihrer nat\u00fcrlichen Umgebung zu verwandeln.<\/p>\n<p>Das Educo-Sortiment ist in drei Entwicklungsbereiche unterteilt: <a href=\"https:\/\/teiaeducation.ch\/product-category\/brands\/educo\/motor-play\/\">Motorik<\/a>, <a href=\"https:\/\/teiaeducation.ch\/product-category\/brands\/educo\/language-play\/\">Sprache<\/a> und <a href=\"https:\/\/teiaeducation.ch\/product-category\/brands\/educo\/mathematical-play\/\">Mathematik<\/a>. Im Jahr 2023 wurde ein umfassendes Sortiment an <a href=\"https:\/\/teiaeducation.ch\/product-category\/brands\/educo\/montessori-toys-range-0-3-years\/\">Montessori Spielzeug<\/a> f\u00fcr Kinder im Alter von 0 bis 3 Jahren eingef\u00fchrt, um das Wachstum und die Entwicklung der Kleinen bestm\u00f6glich zu f\u00f6rdern.<\/p>\n<p>Die aktiven, spielerischen Lernprodukte von Educo sind haupts\u00e4chlich aus Holz gefertigt und bestehen aus nachhaltigen Materialien wie Farben und Lacken auf Wasserbasis. Die <a href=\"https:\/\/teiaeducation.ch\/product-category\/hgh-quality-toys-play\/\">Spielzeuge<\/a> sind so konzipiert, dass sie \u00fcber viele Jahre hinweg robust verwendet werden k\u00f6nnen, spielerisches Lernen f\u00f6rdern und Kinder im Alter von 0-12 Jahren zu Wachstum und Erfolg inspirieren.<\/p>\n<p>Sie erf\u00fcllen die Anforderungen der verschiedenen europ\u00e4ischen und internationalen Sicherheitsvorschriften f\u00fcr Spielzeug und entsprechen der Richtlinie 2009\/48\/EG \u00fcber die Sicherheit von Spielzeug, einschlie\u00dflich EN81 und ASTM.<\/p>\n","protected":false},"excerpt":{"rendered":"<p>Artikelnummer: 900000076<\/p>\n<p>Das Educo Wortschatzpuzzle pers\u00f6nliche Hygiene hilft Kindern, ihren Wortschatz zu erweitern und eine gute K\u00f6rperpflege zu lernen!<\/p>\n","protected":false},"featured_media":58481,"comment_status":"open","ping_status":"closed","template":"","meta":[],"product_brand":[],"product_cat":[21445,21524,23651,21479,21599,21491,21535,21510,21509,21481,22182,21443,21563,21615,22362,21494,21495,21678,21601,21482,21564,21520,21604,21536],"product_tag":[27496,27498,27497,27499,27502,27503,27501,27504,27500,27505],"class_list":{"0":"post-58480","1":"product","2":"type-product","3":"status-publish","4":"has-post-thumbnail","6":"product_cat-3-6-jahre-vorschule","7":"product_cat-alphabetisierung-sprache","8":"product_cat-back-to-school-de","9":"product_cat-lernmaterialien-spielzeug-montessori-waldorf-steiner-froebel","10":"product_cat-educo-de","11":"product_cat-geschenk-guide-lerngeschenke","12":"product_cat-geschichtenerzaehlen","13":"product_cat-kultur-wissenschaft","14":"product_cat-lernthemen","15":"product_cat-montessori-paedagogik-material-spielzeug","16":"product_cat-montessori-spielzeug","17":"product_cat-nach-alter","18":"product_cat-neuheiten","19":"product_cat-puzzle-spiel","20":"product_cat-saisonale-kollektionen","21":"product_cat-schulbedarf-fuer-zuhause","22":"product_cat-schulbedarf-fuer-zuhause-3-6-jahre","23":"product_cat-kinder-spielzeug","24":"product_cat-sprachspiel-educo","25":"product_cat-traditionelle-bildung","26":"product_cat-unsere-marken","27":"product_cat-wissenschaft","28":"product_cat-woerter-wortschatz","29":"product_cat-wortschatz","30":"product_tag-educo-holz-puzzle","31":"product_tag-educo-puzzle","32":"product_tag-padagogisches-puzzle","33":"product_tag-padagogisches-puzzle-de","34":"product_tag-personliche-hygiene-puzzle","35":"product_tag-personliche-hygiene-puzzle-de","36":"product_tag-puzzles-aus-holz","37":"product_tag-ratsel-zur-wortschatzerweiterung","38":"product_tag-unterricht-in-korperpflege","39":"product_tag-wortschatzpuzzle-personliche-hygiene-educo","41":"first","42":"instock","43":"taxable","44":"shipping-taxable","45":"purchasable","46":"product-type-simple"},"yoast_head":"<!-- This site is optimized with the Yoast SEO plugin v27.3 - https:\/\/yoast.com\/product\/yoast-seo-wordpress\/ -->\n<title>Wortschatzpuzzle pers\u00f6nliche Hygiene - Educo<\/title>\n<meta name=\"description\" content=\"Das Educo Wortschatzpuzzle pers\u00f6nliche Hygiene hilft Kindern, ihren Wortschatz zu erweitern und eine gute pers\u00f6nliche Hygiene zu lernen.\" \/>\n<meta name=\"robots\" content=\"index, follow, max-snippet:-1, max-image-preview:large, max-video-preview:-1\" \/>\n<link rel=\"canonical\" href=\"https:\/\/teiaeducation.ch\/de\/produkt\/wortschatzpuzzle-persoenliche-hygiene-49-educo\/\" \/>\n<meta property=\"og:locale\" content=\"de_DE\" \/>\n<meta property=\"og:type\" content=\"article\" \/>\n<meta property=\"og:title\" content=\"Wortschatzpuzzle pers\u00f6nliche Hygiene - Educo\" \/>\n<meta property=\"og:description\" content=\"Das Educo Wortschatzpuzzle pers\u00f6nliche Hygiene hilft Kindern, ihren Wortschatz zu erweitern und eine gute pers\u00f6nliche Hygiene zu lernen.\" \/>\n<meta property=\"og:url\" content=\"https:\/\/teiaeducation.ch\/de\/produkt\/wortschatzpuzzle-persoenliche-hygiene-49-educo\/\" \/>\n<meta property=\"og:site_name\" content=\"Sustainable Educational Products &amp; Ecological Toys\u00a0\" \/>\n<meta property=\"article:publisher\" content=\"https:\/\/www.facebook.com\/teiaeducation\/\" \/>\n<meta property=\"article:modified_time\" content=\"2024-09-17T09:15:56+00:00\" \/>\n<meta property=\"og:image\" content=\"https:\/\/teiaeducation.ch\/wp-content\/uploads\/2021\/06\/Vocabulary-puzzle-personal-hygiene-Educo.jpeg\" \/>\n\t<meta property=\"og:image:width\" content=\"1500\" \/>\n\t<meta property=\"og:image:height\" content=\"1500\" \/>\n\t<meta property=\"og:image:type\" content=\"image\/jpeg\" \/>\n<script type=\"application\/ld+json\" class=\"yoast-schema-graph\">{\"@context\":\"https:\\\/\\\/schema.org\",\"@graph\":[{\"@type\":\"WebPage\",\"@id\":\"https:\\\/\\\/teiaeducation.ch\\\/de\\\/produkt\\\/wortschatzpuzzle-persoenliche-hygiene-49-educo\\\/\",\"url\":\"https:\\\/\\\/teiaeducation.ch\\\/de\\\/produkt\\\/wortschatzpuzzle-persoenliche-hygiene-49-educo\\\/\",\"name\":\"Wortschatzpuzzle pers\u00f6nliche Hygiene - Educo\",\"isPartOf\":{\"@id\":\"https:\\\/\\\/teiaeducation.ch\\\/de\\\/#website\"},\"primaryImageOfPage\":{\"@id\":\"https:\\\/\\\/teiaeducation.ch\\\/de\\\/produkt\\\/wortschatzpuzzle-persoenliche-hygiene-49-educo\\\/#primaryimage\"},\"image\":{\"@id\":\"https:\\\/\\\/teiaeducation.ch\\\/de\\\/produkt\\\/wortschatzpuzzle-persoenliche-hygiene-49-educo\\\/#primaryimage\"},\"thumbnailUrl\":\"https:\\\/\\\/teiaeducation.ch\\\/wp-content\\\/uploads\\\/2021\\\/06\\\/Vocabulary-puzzle-personal-hygiene-Educo.jpeg\",\"datePublished\":\"2021-06-25T08:02:21+00:00\",\"dateModified\":\"2024-09-17T09:15:56+00:00\",\"description\":\"Das Educo Wortschatzpuzzle pers\u00f6nliche Hygiene hilft Kindern, ihren Wortschatz zu erweitern und eine gute pers\u00f6nliche Hygiene zu lernen.\",\"breadcrumb\":{\"@id\":\"https:\\\/\\\/teiaeducation.ch\\\/de\\\/produkt\\\/wortschatzpuzzle-persoenliche-hygiene-49-educo\\\/#breadcrumb\"},\"inLanguage\":\"de-CH\",\"potentialAction\":[{\"@type\":\"ReadAction\",\"target\":[\"https:\\\/\\\/teiaeducation.ch\\\/de\\\/produkt\\\/wortschatzpuzzle-persoenliche-hygiene-49-educo\\\/\"]}]},{\"@type\":\"ImageObject\",\"inLanguage\":\"de-CH\",\"@id\":\"https:\\\/\\\/teiaeducation.ch\\\/de\\\/produkt\\\/wortschatzpuzzle-persoenliche-hygiene-49-educo\\\/#primaryimage\",\"url\":\"https:\\\/\\\/teiaeducation.ch\\\/wp-content\\\/uploads\\\/2021\\\/06\\\/Vocabulary-puzzle-personal-hygiene-Educo.jpeg\",\"contentUrl\":\"https:\\\/\\\/teiaeducation.ch\\\/wp-content\\\/uploads\\\/2021\\\/06\\\/Vocabulary-puzzle-personal-hygiene-Educo.jpeg\",\"width\":1500,\"height\":1500,\"caption\":\"Wortschatzpuzzle \u2013 pers\u00f6nliche Hygiene (49) - Educo\"},{\"@type\":\"BreadcrumbList\",\"@id\":\"https:\\\/\\\/teiaeducation.ch\\\/de\\\/produkt\\\/wortschatzpuzzle-persoenliche-hygiene-49-educo\\\/#breadcrumb\",\"itemListElement\":[{\"@type\":\"ListItem\",\"position\":1,\"name\":\"Home\",\"item\":\"https:\\\/\\\/teiaeducation.ch\\\/de\\\/\"},{\"@type\":\"ListItem\",\"position\":2,\"name\":\"Laden\",\"item\":\"https:\\\/\\\/teiaeducation.ch\\\/de\\\/shop\\\/\"},{\"@type\":\"ListItem\",\"position\":3,\"name\":\"Unsere Marken\",\"item\":\"https:\\\/\\\/teiaeducation.ch\\\/de\\\/produkt-kategorie\\\/unsere-marken\\\/\"},{\"@type\":\"ListItem\",\"position\":4,\"name\":\"Educo\",\"item\":\"https:\\\/\\\/teiaeducation.ch\\\/de\\\/produkt-kategorie\\\/unsere-marken\\\/educo-de\\\/\"},{\"@type\":\"ListItem\",\"position\":5,\"name\":\"Sprachspiel\",\"item\":\"https:\\\/\\\/teiaeducation.ch\\\/de\\\/produkt-kategorie\\\/unsere-marken\\\/educo-de\\\/sprachspiel-educo\\\/\"},{\"@type\":\"ListItem\",\"position\":6,\"name\":\"W\u00f6rter &amp; Wortschatz\",\"item\":\"https:\\\/\\\/teiaeducation.ch\\\/de\\\/produkt-kategorie\\\/unsere-marken\\\/educo-de\\\/sprachspiel-educo\\\/woerter-wortschatz\\\/\"},{\"@type\":\"ListItem\",\"position\":7,\"name\":\"Wortschatzpuzzle \u2013 pers\u00f6nliche Hygiene (49) &#8211; Educo\"}]},{\"@type\":\"WebSite\",\"@id\":\"https:\\\/\\\/teiaeducation.ch\\\/de\\\/#website\",\"url\":\"https:\\\/\\\/teiaeducation.ch\\\/de\\\/\",\"name\":\"Sustainable Educational Products &amp; Ecological Toys\u00a0\",\"description\":\"Specialised Swiss shop selling sustainable educational toys and games, AMI certified Montessori materials, handmade ecological wooden Waldorf toys and arts &amp; crafts supplies, school supplies, children&#039;s furniture and Montessori reference and parenting books.\",\"publisher\":{\"@id\":\"https:\\\/\\\/teiaeducation.ch\\\/de\\\/#organization\"},\"alternateName\":\"Teia Education & Play\",\"potentialAction\":[{\"@type\":\"SearchAction\",\"target\":{\"@type\":\"EntryPoint\",\"urlTemplate\":\"https:\\\/\\\/teiaeducation.ch\\\/de\\\/?s={search_term_string}\"},\"query-input\":{\"@type\":\"PropertyValueSpecification\",\"valueRequired\":true,\"valueName\":\"search_term_string\"}}],\"inLanguage\":\"de-CH\"},{\"@type\":\"Organization\",\"@id\":\"https:\\\/\\\/teiaeducation.ch\\\/de\\\/#organization\",\"name\":\"Teia Education & Play\",\"url\":\"https:\\\/\\\/teiaeducation.ch\\\/de\\\/\",\"logo\":{\"@type\":\"ImageObject\",\"inLanguage\":\"de-CH\",\"@id\":\"https:\\\/\\\/teiaeducation.ch\\\/de\\\/#\\\/schema\\\/logo\\\/image\\\/\",\"url\":\"https:\\\/\\\/teiaeducation.ch\\\/wp-content\\\/uploads\\\/2020\\\/11\\\/Teia-Education-Switzerland-e1620156442216.jpg\",\"contentUrl\":\"https:\\\/\\\/teiaeducation.ch\\\/wp-content\\\/uploads\\\/2020\\\/11\\\/Teia-Education-Switzerland-e1620156442216.jpg\",\"width\":166,\"height\":145,\"caption\":\"Teia Education & Play\"},\"image\":{\"@id\":\"https:\\\/\\\/teiaeducation.ch\\\/de\\\/#\\\/schema\\\/logo\\\/image\\\/\"},\"sameAs\":[\"https:\\\/\\\/www.facebook.com\\\/teiaeducation\\\/\",\"https:\\\/\\\/x.com\\\/EducationTeia\",\"https:\\\/\\\/www.instagram.com\\\/teia.education\\\/\",\"https:\\\/\\\/www.linkedin.com\\\/company\\\/35501660\",\"https:\\\/\\\/www.pinterest.ch\\\/TeiaEducation\\\/\"]}]}<\/script>\n<!-- \/ Yoast SEO plugin. -->","yoast_head_json":{"title":"Wortschatzpuzzle pers\u00f6nliche Hygiene - Educo","description":"Das Educo Wortschatzpuzzle pers\u00f6nliche Hygiene hilft Kindern, ihren Wortschatz zu erweitern und eine gute pers\u00f6nliche Hygiene zu lernen.","robots":{"index":"index","follow":"follow","max-snippet":"max-snippet:-1","max-image-preview":"max-image-preview:large","max-video-preview":"max-video-preview:-1"},"canonical":"https:\/\/teiaeducation.ch\/de\/produkt\/wortschatzpuzzle-persoenliche-hygiene-49-educo\/","og_locale":"de_DE","og_type":"article","og_title":"Wortschatzpuzzle pers\u00f6nliche Hygiene - Educo","og_description":"Das Educo Wortschatzpuzzle pers\u00f6nliche Hygiene hilft Kindern, ihren Wortschatz zu erweitern und eine gute pers\u00f6nliche Hygiene zu lernen.","og_url":"https:\/\/teiaeducation.ch\/de\/produkt\/wortschatzpuzzle-persoenliche-hygiene-49-educo\/","og_site_name":"Sustainable Educational Products &amp; Ecological Toys\u00a0","article_publisher":"https:\/\/www.facebook.com\/teiaeducation\/","article_modified_time":"2024-09-17T09:15:56+00:00","og_image":[{"width":1500,"height":1500,"url":"https:\/\/teiaeducation.ch\/wp-content\/uploads\/2021\/06\/Vocabulary-puzzle-personal-hygiene-Educo.jpeg","type":"image\/jpeg"}],"schema":{"@context":"https:\/\/schema.org","@graph":[{"@type":"WebPage","@id":"https:\/\/teiaeducation.ch\/de\/produkt\/wortschatzpuzzle-persoenliche-hygiene-49-educo\/","url":"https:\/\/teiaeducation.ch\/de\/produkt\/wortschatzpuzzle-persoenliche-hygiene-49-educo\/","name":"Wortschatzpuzzle pers\u00f6nliche Hygiene - Educo","isPartOf":{"@id":"https:\/\/teiaeducation.ch\/de\/#website"},"primaryImageOfPage":{"@id":"https:\/\/teiaeducation.ch\/de\/produkt\/wortschatzpuzzle-persoenliche-hygiene-49-educo\/#primaryimage"},"image":{"@id":"https:\/\/teiaeducation.ch\/de\/produkt\/wortschatzpuzzle-persoenliche-hygiene-49-educo\/#primaryimage"},"thumbnailUrl":"https:\/\/teiaeducation.ch\/wp-content\/uploads\/2021\/06\/Vocabulary-puzzle-personal-hygiene-Educo.jpeg","datePublished":"2021-06-25T08:02:21+00:00","dateModified":"2024-09-17T09:15:56+00:00","description":"Das Educo Wortschatzpuzzle pers\u00f6nliche Hygiene hilft Kindern, ihren Wortschatz zu erweitern und eine gute pers\u00f6nliche Hygiene zu lernen.","breadcrumb":{"@id":"https:\/\/teiaeducation.ch\/de\/produkt\/wortschatzpuzzle-persoenliche-hygiene-49-educo\/#breadcrumb"},"inLanguage":"de-CH","potentialAction":[{"@type":"ReadAction","target":["https:\/\/teiaeducation.ch\/de\/produkt\/wortschatzpuzzle-persoenliche-hygiene-49-educo\/"]}]},{"@type":"ImageObject","inLanguage":"de-CH","@id":"https:\/\/teiaeducation.ch\/de\/produkt\/wortschatzpuzzle-persoenliche-hygiene-49-educo\/#primaryimage","url":"https:\/\/teiaeducation.ch\/wp-content\/uploads\/2021\/06\/Vocabulary-puzzle-personal-hygiene-Educo.jpeg","contentUrl":"https:\/\/teiaeducation.ch\/wp-content\/uploads\/2021\/06\/Vocabulary-puzzle-personal-hygiene-Educo.jpeg","width":1500,"height":1500,"caption":"Wortschatzpuzzle \u2013 pers\u00f6nliche Hygiene (49) - Educo"},{"@type":"BreadcrumbList","@id":"https:\/\/teiaeducation.ch\/de\/produkt\/wortschatzpuzzle-persoenliche-hygiene-49-educo\/#breadcrumb","itemListElement":[{"@type":"ListItem","position":1,"name":"Home","item":"https:\/\/teiaeducation.ch\/de\/"},{"@type":"ListItem","position":2,"name":"Laden","item":"https:\/\/teiaeducation.ch\/de\/shop\/"},{"@type":"ListItem","position":3,"name":"Unsere Marken","item":"https:\/\/teiaeducation.ch\/de\/produkt-kategorie\/unsere-marken\/"},{"@type":"ListItem","position":4,"name":"Educo","item":"https:\/\/teiaeducation.ch\/de\/produkt-kategorie\/unsere-marken\/educo-de\/"},{"@type":"ListItem","position":5,"name":"Sprachspiel","item":"https:\/\/teiaeducation.ch\/de\/produkt-kategorie\/unsere-marken\/educo-de\/sprachspiel-educo\/"},{"@type":"ListItem","position":6,"name":"W\u00f6rter &amp; Wortschatz","item":"https:\/\/teiaeducation.ch\/de\/produkt-kategorie\/unsere-marken\/educo-de\/sprachspiel-educo\/woerter-wortschatz\/"},{"@type":"ListItem","position":7,"name":"Wortschatzpuzzle \u2013 pers\u00f6nliche Hygiene (49) &#8211; Educo"}]},{"@type":"WebSite","@id":"https:\/\/teiaeducation.ch\/de\/#website","url":"https:\/\/teiaeducation.ch\/de\/","name":"Sustainable Educational Products &amp; Ecological Toys\u00a0","description":"Specialised Swiss shop selling sustainable educational toys and games, AMI certified Montessori materials, handmade ecological wooden Waldorf toys and arts &amp; crafts supplies, school supplies, children&#039;s furniture and Montessori reference and parenting books.","publisher":{"@id":"https:\/\/teiaeducation.ch\/de\/#organization"},"alternateName":"Teia Education & Play","potentialAction":[{"@type":"SearchAction","target":{"@type":"EntryPoint","urlTemplate":"https:\/\/teiaeducation.ch\/de\/?s={search_term_string}"},"query-input":{"@type":"PropertyValueSpecification","valueRequired":true,"valueName":"search_term_string"}}],"inLanguage":"de-CH"},{"@type":"Organization","@id":"https:\/\/teiaeducation.ch\/de\/#organization","name":"Teia Education & Play","url":"https:\/\/teiaeducation.ch\/de\/","logo":{"@type":"ImageObject","inLanguage":"de-CH","@id":"https:\/\/teiaeducation.ch\/de\/#\/schema\/logo\/image\/","url":"https:\/\/teiaeducation.ch\/wp-content\/uploads\/2020\/11\/Teia-Education-Switzerland-e1620156442216.jpg","contentUrl":"https:\/\/teiaeducation.ch\/wp-content\/uploads\/2020\/11\/Teia-Education-Switzerland-e1620156442216.jpg","width":166,"height":145,"caption":"Teia Education & Play"},"image":{"@id":"https:\/\/teiaeducation.ch\/de\/#\/schema\/logo\/image\/"},"sameAs":["https:\/\/www.facebook.com\/teiaeducation\/","https:\/\/x.com\/EducationTeia","https:\/\/www.instagram.com\/teia.education\/","https:\/\/www.linkedin.com\/company\/35501660","https:\/\/www.pinterest.ch\/TeiaEducation\/"]}]}},"_links":{"self":[{"href":"https:\/\/teiaeducation.ch\/de\/wp-json\/wp\/v2\/product\/58480","targetHints":{"allow":["GET"]}}],"collection":[{"href":"https:\/\/teiaeducation.ch\/de\/wp-json\/wp\/v2\/product"}],"about":[{"href":"https:\/\/teiaeducation.ch\/de\/wp-json\/wp\/v2\/types\/product"}],"replies":[{"embeddable":true,"href":"https:\/\/teiaeducation.ch\/de\/wp-json\/wp\/v2\/comments?post=58480"}],"wp:featuredmedia":[{"embeddable":true,"href":"https:\/\/teiaeducation.ch\/de\/wp-json\/wp\/v2\/media\/58481"}],"wp:attachment":[{"href":"https:\/\/teiaeducation.ch\/de\/wp-json\/wp\/v2\/media?parent=58480"}],"wp:term":[{"taxonomy":"product_brand","embeddable":true,"href":"https:\/\/teiaeducation.ch\/de\/wp-json\/wp\/v2\/product_brand?post=58480"},{"taxonomy":"product_cat","embeddable":true,"href":"https:\/\/teiaeducation.ch\/de\/wp-json\/wp\/v2\/product_cat?post=58480"},{"taxonomy":"product_tag","embeddable":true,"href":"https:\/\/teiaeducation.ch\/de\/wp-json\/wp\/v2\/product_tag?post=58480"}],"curies":[{"name":"wp","href":"https:\/\/api.w.org\/{rel}","templated":true}]}}