{"id":58484,"date":"2021-06-25T09:00:12","date_gmt":"2021-06-25T07:00:12","guid":{"rendered":"https:\/\/teiaeducation.ch\/product\/wortschatzpuzzle-allgemeine-hygiene-49-educo\/"},"modified":"2024-09-17T11:25:04","modified_gmt":"2024-09-17T09:25:04","slug":"wortschatzpuzzle-allgemeine-hygiene-49-educo","status":"publish","type":"product","link":"https:\/\/teiaeducation.ch\/de\/produkt\/wortschatzpuzzle-allgemeine-hygiene-49-educo\/","title":{"rendered":"Wortschatzpuzzle allgemeine Hygiene &#8211; Educo"},"content":{"rendered":"<p>Das Educo Wortschatzpuzzle &#8211; allgemeine Hygiene ist ein gro\u00dfes <a href=\"https:\/\/teiaeducation.ch\/product-category\/play\/jigsaw-puzzles-play\/\">Puzzle<\/a>, das komplett aus Holz besteht. Als Teil der Wortschatzserie hilft das Puzzle den Kindern, ihren <a href=\"https:\/\/teiaeducation.ch\/product-category\/learning-themes\/literacy-language\/vocabulary-2\/\">Wortschatz<\/a> zu erweitern und verschiedene Aspekte der allgemeinen Hygiene kennen zu lernen.<\/p>\n<p>Die verschiedenen Aspekte der allgemeinen Hygiene werden anhand einer Stra\u00dfenszene sch\u00f6n illustriert. Alle gro\u00dfen Puzzlest\u00fccke enthalten ein Thema, das mit der allgemeinen Hygiene zu tun hat. Zum Beispiel M\u00fcll trennen, Plastik, das nicht in den Teich geh\u00f6rt, Hundekot beseitigen, eigenes Obst und Gem\u00fcse anbauen, Unkraut j\u00e4ten und bestimmte Lebensmittel im K\u00fchlschrank aufbewahren.<\/p>\n<p>Alle Themen werden in einem Handbuch beschrieben. Das Handbuch enth\u00e4lt 6 Sprachen und bietet somit die M\u00f6glichkeit, den Wortschatz in verschiedenen Sprachen zu erweitern!<\/p>\n<p>Lernen Sie neue W\u00f6rter und verwenden Sie sie im richtigen Kontext, \u00fcben Sie sich in Kommunikation und <a href=\"https:\/\/teiaeducation.ch\/product-category\/learning-themes\/literacy-language\/collaboration\/\">Zusammenarbeit<\/a> und f\u00f6rdern Sie die F\u00e4higkeit, <a href=\"https:\/\/teiaeducation.ch\/product-category\/learning-themes\/literacy-language\/story-telling\/\">Geschichten zu erz\u00e4hlen<\/a>. Lernen Sie die Grundlagen und die Bedeutung einer guten allgemeinen Hygiene und gesunder Gewohnheiten kennen.<\/p>\n<p>Dieses gro\u00dfe Puzzle zum Thema allgemeine Hygiene ist 40 x 40 cm gro\u00df und besteht aus 49 stabilen Holzpuzzleteilen, die in eine Buchenholzplatte eingelegt sind. Die Arbeit mit diesem Puzzle regt zu Assoziations\u00fcbungen an, die sich auf Sehensw\u00fcrdigkeiten und Aktivit\u00e4ten im wirklichen Leben beziehen. Sie erm\u00f6glicht lebhafte Diskussionen, die \u00fcber das Klassenzimmer hinausgehen, und f\u00f6rdert das Bewusstsein und ein tieferes Verst\u00e4ndnis der Welt im Allgemeinen.<\/p>\n<p>Die Educo-Wortschatzr\u00e4tsel f\u00f6rdern die <a href=\"https:\/\/teiaeducation.ch\/product-category\/learning-themes\/literacy-language\/\">Sprach- und Lese<\/a>kompetenz. Wie alle Puzzles aus dem Educo-<a href=\"https:\/\/teiaeducation.ch\/product-category\/brands\/educo\/puzzle-play\/\">Puzzlespielsortiment<\/a> regt auch dieses hochwertige Puzzle spielerisch das kritische Denken und Probleml\u00f6sungstechniken an.<\/p>\n<p>Das Educo Wortschatzpuzzle &#8211; allgemeine Hygiene ist f\u00fcr Kinder ab 4 Jahren geeignet.<\/p>\n<p>Inhalt:<\/p>\n<p>Ein Holzrahmen (40 x 40 cm)<br \/>\n49 Puzzleteile aus Holz in verschiedenen Gr\u00f6\u00dfen<\/p>\n<h2>\u00dcber Educo<\/h2>\n<p>Die niederl\u00e4ndische Marke <a href=\"https:\/\/teiaeducation.ch\/product-category\/brands\/educo\/\">Educo<\/a> steht f\u00fcr eine bunte Welt des spielerischen <a href=\"https:\/\/teiaeducation.ch\/product-category\/learning-themes\/\">Lernens<\/a>, herausfordernde Lernspiele und Spielzeuge! Die hochwertigen und langlebigen Educo Produkte orientieren sich an Alltagssituationen und helfen Babys und Kindern, Spiele mit regul\u00e4ren Themen zu verbinden und den Lernprozess in eine Simulation ihrer nat\u00fcrlichen Umgebung zu verwandeln.<\/p>\n<p>Das Educo-Sortiment ist in drei Entwicklungsbereiche unterteilt: <a href=\"https:\/\/teiaeducation.ch\/product-category\/brands\/educo\/motor-play\/\">Motorik<\/a>, <a href=\"https:\/\/teiaeducation.ch\/product-category\/brands\/educo\/language-play\/\">Sprache<\/a> und <a href=\"https:\/\/teiaeducation.ch\/product-category\/brands\/educo\/mathematical-play\/\">Mathematik<\/a>. Im Jahr 2023 wurde ein umfassendes Sortiment an <a href=\"https:\/\/teiaeducation.ch\/product-category\/brands\/educo\/montessori-toys-range-0-3-years\/\">Montessori Spielzeug<\/a> f\u00fcr Kinder im Alter von 0 bis 3 Jahren eingef\u00fchrt, um das Wachstum und die Entwicklung der Kleinen bestm\u00f6glich zu f\u00f6rdern.<\/p>\n<p>Die aktiven, spielerischen Lernprodukte von Educo sind haupts\u00e4chlich aus Holz gefertigt und bestehen aus nachhaltigen Materialien wie Farben und Lacken auf Wasserbasis. Die <a href=\"https:\/\/teiaeducation.ch\/product-category\/hgh-quality-toys-play\/\">Spielzeuge<\/a> sind so konzipiert, dass sie \u00fcber viele Jahre hinweg robust verwendet werden k\u00f6nnen, spielerisches Lernen f\u00f6rdern und Kinder im Alter von 0-12 Jahren zu Wachstum und Erfolg inspirieren.<\/p>\n<p>Sie erf\u00fcllen die Anforderungen der verschiedenen europ\u00e4ischen und internationalen Sicherheitsvorschriften f\u00fcr Spielzeug und entsprechen der Richtlinie 2009\/48\/EG \u00fcber die Sicherheit von Spielzeug, einschlie\u00dflich EN81 und ASTM.<\/p>\n","protected":false},"excerpt":{"rendered":"<p>Artikelnummer: 900000077<\/p>\n<p>Das Educo Wortschatzpuzzle allgemeine Hygiene Holzpuzzle hilft Kindern, ihren Wortschatz zu erweitern und eine gute allgemeine Hygiene zu lernen!<\/p>\n","protected":false},"featured_media":58485,"comment_status":"open","ping_status":"closed","template":"","meta":[],"product_brand":[],"product_cat":[21445,21524,23651,21479,21599,21491,21535,21510,21509,21481,22182,21443,21563,21615,22362,21494,21495,21678,21601,21482,21564,21520,21604,21536],"product_tag":[27506,27507,27496,27498,27509,27497,27499,27501,27508,27510],"class_list":{"0":"post-58484","1":"product","2":"type-product","3":"status-publish","4":"has-post-thumbnail","6":"product_cat-3-6-jahre-vorschule","7":"product_cat-alphabetisierung-sprache","8":"product_cat-back-to-school-de","9":"product_cat-lernmaterialien-spielzeug-montessori-waldorf-steiner-froebel","10":"product_cat-educo-de","11":"product_cat-geschenk-guide-lerngeschenke","12":"product_cat-geschichtenerzaehlen","13":"product_cat-kultur-wissenschaft","14":"product_cat-lernthemen","15":"product_cat-montessori-paedagogik-material-spielzeug","16":"product_cat-montessori-spielzeug","17":"product_cat-nach-alter","18":"product_cat-neuheiten","19":"product_cat-puzzle-spiel","20":"product_cat-saisonale-kollektionen","21":"product_cat-schulbedarf-fuer-zuhause","22":"product_cat-schulbedarf-fuer-zuhause-3-6-jahre","23":"product_cat-kinder-spielzeug","24":"product_cat-sprachspiel-educo","25":"product_cat-traditionelle-bildung","26":"product_cat-unsere-marken","27":"product_cat-wissenschaft","28":"product_cat-woerter-wortschatz","29":"product_cat-wortschatz","30":"product_tag-allgemeine-hygiene-puzzle","31":"product_tag-allgemeine-hygiene-puzzle-de","32":"product_tag-educo-holz-puzzle","33":"product_tag-educo-puzzle","34":"product_tag-gesunde-gewohnheiten-lehren","35":"product_tag-padagogisches-puzzle","36":"product_tag-padagogisches-puzzle-de","37":"product_tag-puzzles-aus-holz","38":"product_tag-unterricht-in-allgemeiner-hygiene","39":"product_tag-wortschatzpuzzle-allgemeine-hygiene-educo","41":"first","42":"instock","43":"taxable","44":"shipping-taxable","45":"purchasable","46":"product-type-simple"},"yoast_head":"<!-- This site is optimized with the Yoast SEO plugin v27.1.1 - https:\/\/yoast.com\/product\/yoast-seo-wordpress\/ -->\n<title>Wortschatzpuzzle allgemeine Hygiene - Educo<\/title>\n<meta name=\"description\" content=\"Das Educo Wortschatzpuzzle allgemeine Hygiene aus Holz hilft Kindern, ihren Wortschatz zu erweitern und eine gute allgemeine Hygiene zu lernen.\" \/>\n<meta name=\"robots\" content=\"index, follow, max-snippet:-1, max-image-preview:large, max-video-preview:-1\" \/>\n<link rel=\"canonical\" href=\"https:\/\/teiaeducation.ch\/de\/produkt\/wortschatzpuzzle-allgemeine-hygiene-49-educo\/\" \/>\n<meta property=\"og:locale\" content=\"de_DE\" \/>\n<meta property=\"og:type\" content=\"article\" \/>\n<meta property=\"og:title\" content=\"Wortschatzpuzzle allgemeine Hygiene - Educo\" \/>\n<meta property=\"og:description\" content=\"Das Educo Wortschatzpuzzle allgemeine Hygiene aus Holz hilft Kindern, ihren Wortschatz zu erweitern und eine gute allgemeine Hygiene zu lernen.\" \/>\n<meta property=\"og:url\" content=\"https:\/\/teiaeducation.ch\/de\/produkt\/wortschatzpuzzle-allgemeine-hygiene-49-educo\/\" \/>\n<meta property=\"og:site_name\" content=\"Sustainable Educational Products &amp; Ecological Toys\u00a0\" \/>\n<meta property=\"article:publisher\" content=\"https:\/\/www.facebook.com\/teiaeducation\/\" \/>\n<meta property=\"article:modified_time\" content=\"2024-09-17T09:25:04+00:00\" \/>\n<meta property=\"og:image\" content=\"https:\/\/teiaeducation.ch\/wp-content\/uploads\/2021\/06\/Vocabulary-puzzle-general-hygiene-Educo.jpeg\" \/>\n\t<meta property=\"og:image:width\" content=\"1500\" \/>\n\t<meta property=\"og:image:height\" content=\"1500\" \/>\n\t<meta property=\"og:image:type\" content=\"image\/jpeg\" \/>\n<script type=\"application\/ld+json\" class=\"yoast-schema-graph\">{\"@context\":\"https:\/\/schema.org\",\"@graph\":[{\"@type\":\"WebPage\",\"@id\":\"https:\/\/teiaeducation.ch\/de\/produkt\/wortschatzpuzzle-allgemeine-hygiene-49-educo\/\",\"url\":\"https:\/\/teiaeducation.ch\/de\/produkt\/wortschatzpuzzle-allgemeine-hygiene-49-educo\/\",\"name\":\"Wortschatzpuzzle allgemeine Hygiene - Educo\",\"isPartOf\":{\"@id\":\"https:\/\/teiaeducation.ch\/de\/#website\"},\"primaryImageOfPage\":{\"@id\":\"https:\/\/teiaeducation.ch\/de\/produkt\/wortschatzpuzzle-allgemeine-hygiene-49-educo\/#primaryimage\"},\"image\":{\"@id\":\"https:\/\/teiaeducation.ch\/de\/produkt\/wortschatzpuzzle-allgemeine-hygiene-49-educo\/#primaryimage\"},\"thumbnailUrl\":\"https:\/\/teiaeducation.ch\/wp-content\/uploads\/2021\/06\/Vocabulary-puzzle-general-hygiene-Educo.jpeg\",\"datePublished\":\"2021-06-25T07:00:12+00:00\",\"dateModified\":\"2024-09-17T09:25:04+00:00\",\"description\":\"Das Educo Wortschatzpuzzle allgemeine Hygiene aus Holz hilft Kindern, ihren Wortschatz zu erweitern und eine gute allgemeine Hygiene zu lernen.\",\"breadcrumb\":{\"@id\":\"https:\/\/teiaeducation.ch\/de\/produkt\/wortschatzpuzzle-allgemeine-hygiene-49-educo\/#breadcrumb\"},\"inLanguage\":\"de-CH\",\"potentialAction\":[{\"@type\":\"ReadAction\",\"target\":[\"https:\/\/teiaeducation.ch\/de\/produkt\/wortschatzpuzzle-allgemeine-hygiene-49-educo\/\"]}]},{\"@type\":\"ImageObject\",\"inLanguage\":\"de-CH\",\"@id\":\"https:\/\/teiaeducation.ch\/de\/produkt\/wortschatzpuzzle-allgemeine-hygiene-49-educo\/#primaryimage\",\"url\":\"https:\/\/teiaeducation.ch\/wp-content\/uploads\/2021\/06\/Vocabulary-puzzle-general-hygiene-Educo.jpeg\",\"contentUrl\":\"https:\/\/teiaeducation.ch\/wp-content\/uploads\/2021\/06\/Vocabulary-puzzle-general-hygiene-Educo.jpeg\",\"width\":1500,\"height\":1500,\"caption\":\"Wortschatzpuzzle \u2013 allgemeine Hygiene - Educo\"},{\"@type\":\"BreadcrumbList\",\"@id\":\"https:\/\/teiaeducation.ch\/de\/produkt\/wortschatzpuzzle-allgemeine-hygiene-49-educo\/#breadcrumb\",\"itemListElement\":[{\"@type\":\"ListItem\",\"position\":1,\"name\":\"Home\",\"item\":\"https:\/\/teiaeducation.ch\/de\/\"},{\"@type\":\"ListItem\",\"position\":2,\"name\":\"Laden\",\"item\":\"https:\/\/teiaeducation.ch\/de\/shop\/\"},{\"@type\":\"ListItem\",\"position\":3,\"name\":\"Unsere Marken\",\"item\":\"https:\/\/teiaeducation.ch\/de\/produkt-kategorie\/unsere-marken\/\"},{\"@type\":\"ListItem\",\"position\":4,\"name\":\"Educo\",\"item\":\"https:\/\/teiaeducation.ch\/de\/produkt-kategorie\/unsere-marken\/educo-de\/\"},{\"@type\":\"ListItem\",\"position\":5,\"name\":\"Sprachspiel\",\"item\":\"https:\/\/teiaeducation.ch\/de\/produkt-kategorie\/unsere-marken\/educo-de\/sprachspiel-educo\/\"},{\"@type\":\"ListItem\",\"position\":6,\"name\":\"W\u00f6rter &amp; Wortschatz\",\"item\":\"https:\/\/teiaeducation.ch\/de\/produkt-kategorie\/unsere-marken\/educo-de\/sprachspiel-educo\/woerter-wortschatz\/\"},{\"@type\":\"ListItem\",\"position\":7,\"name\":\"Wortschatzpuzzle allgemeine Hygiene &#8211; Educo\"}]},{\"@type\":\"WebSite\",\"@id\":\"https:\/\/teiaeducation.ch\/de\/#website\",\"url\":\"https:\/\/teiaeducation.ch\/de\/\",\"name\":\"Sustainable Educational Products &amp; Ecological Toys\u00a0\",\"description\":\"Specialised Swiss shop selling sustainable educational toys and games, AMI certified Montessori materials, handmade ecological wooden Waldorf toys and arts &amp; crafts supplies, school supplies, children&#039;s furniture and Montessori reference and parenting books.\",\"publisher\":{\"@id\":\"https:\/\/teiaeducation.ch\/de\/#organization\"},\"alternateName\":\"Teia Education & Play\",\"potentialAction\":[{\"@type\":\"SearchAction\",\"target\":{\"@type\":\"EntryPoint\",\"urlTemplate\":\"https:\/\/teiaeducation.ch\/de\/?s={search_term_string}\"},\"query-input\":{\"@type\":\"PropertyValueSpecification\",\"valueRequired\":true,\"valueName\":\"search_term_string\"}}],\"inLanguage\":\"de-CH\"},{\"@type\":\"Organization\",\"@id\":\"https:\/\/teiaeducation.ch\/de\/#organization\",\"name\":\"Teia Education & Play\",\"url\":\"https:\/\/teiaeducation.ch\/de\/\",\"logo\":{\"@type\":\"ImageObject\",\"inLanguage\":\"de-CH\",\"@id\":\"https:\/\/teiaeducation.ch\/de\/#\/schema\/logo\/image\/\",\"url\":\"https:\/\/teiaeducation.ch\/wp-content\/uploads\/2020\/11\/Teia-Education-Switzerland-e1620156442216.jpg\",\"contentUrl\":\"https:\/\/teiaeducation.ch\/wp-content\/uploads\/2020\/11\/Teia-Education-Switzerland-e1620156442216.jpg\",\"width\":166,\"height\":145,\"caption\":\"Teia Education & Play\"},\"image\":{\"@id\":\"https:\/\/teiaeducation.ch\/de\/#\/schema\/logo\/image\/\"},\"sameAs\":[\"https:\/\/www.facebook.com\/teiaeducation\/\",\"https:\/\/x.com\/EducationTeia\",\"https:\/\/www.instagram.com\/teia.education\/\",\"https:\/\/www.linkedin.com\/company\/35501660\",\"https:\/\/www.pinterest.ch\/TeiaEducation\/\"]}]}<\/script>\n<!-- \/ Yoast SEO plugin. -->","yoast_head_json":{"title":"Wortschatzpuzzle allgemeine Hygiene - Educo","description":"Das Educo Wortschatzpuzzle allgemeine Hygiene aus Holz hilft Kindern, ihren Wortschatz zu erweitern und eine gute allgemeine Hygiene zu lernen.","robots":{"index":"index","follow":"follow","max-snippet":"max-snippet:-1","max-image-preview":"max-image-preview:large","max-video-preview":"max-video-preview:-1"},"canonical":"https:\/\/teiaeducation.ch\/de\/produkt\/wortschatzpuzzle-allgemeine-hygiene-49-educo\/","og_locale":"de_DE","og_type":"article","og_title":"Wortschatzpuzzle allgemeine Hygiene - Educo","og_description":"Das Educo Wortschatzpuzzle allgemeine Hygiene aus Holz hilft Kindern, ihren Wortschatz zu erweitern und eine gute allgemeine Hygiene zu lernen.","og_url":"https:\/\/teiaeducation.ch\/de\/produkt\/wortschatzpuzzle-allgemeine-hygiene-49-educo\/","og_site_name":"Sustainable Educational Products &amp; Ecological Toys\u00a0","article_publisher":"https:\/\/www.facebook.com\/teiaeducation\/","article_modified_time":"2024-09-17T09:25:04+00:00","og_image":[{"width":1500,"height":1500,"url":"https:\/\/teiaeducation.ch\/wp-content\/uploads\/2021\/06\/Vocabulary-puzzle-general-hygiene-Educo.jpeg","type":"image\/jpeg"}],"schema":{"@context":"https:\/\/schema.org","@graph":[{"@type":"WebPage","@id":"https:\/\/teiaeducation.ch\/de\/produkt\/wortschatzpuzzle-allgemeine-hygiene-49-educo\/","url":"https:\/\/teiaeducation.ch\/de\/produkt\/wortschatzpuzzle-allgemeine-hygiene-49-educo\/","name":"Wortschatzpuzzle allgemeine Hygiene - Educo","isPartOf":{"@id":"https:\/\/teiaeducation.ch\/de\/#website"},"primaryImageOfPage":{"@id":"https:\/\/teiaeducation.ch\/de\/produkt\/wortschatzpuzzle-allgemeine-hygiene-49-educo\/#primaryimage"},"image":{"@id":"https:\/\/teiaeducation.ch\/de\/produkt\/wortschatzpuzzle-allgemeine-hygiene-49-educo\/#primaryimage"},"thumbnailUrl":"https:\/\/teiaeducation.ch\/wp-content\/uploads\/2021\/06\/Vocabulary-puzzle-general-hygiene-Educo.jpeg","datePublished":"2021-06-25T07:00:12+00:00","dateModified":"2024-09-17T09:25:04+00:00","description":"Das Educo Wortschatzpuzzle allgemeine Hygiene aus Holz hilft Kindern, ihren Wortschatz zu erweitern und eine gute allgemeine Hygiene zu lernen.","breadcrumb":{"@id":"https:\/\/teiaeducation.ch\/de\/produkt\/wortschatzpuzzle-allgemeine-hygiene-49-educo\/#breadcrumb"},"inLanguage":"de-CH","potentialAction":[{"@type":"ReadAction","target":["https:\/\/teiaeducation.ch\/de\/produkt\/wortschatzpuzzle-allgemeine-hygiene-49-educo\/"]}]},{"@type":"ImageObject","inLanguage":"de-CH","@id":"https:\/\/teiaeducation.ch\/de\/produkt\/wortschatzpuzzle-allgemeine-hygiene-49-educo\/#primaryimage","url":"https:\/\/teiaeducation.ch\/wp-content\/uploads\/2021\/06\/Vocabulary-puzzle-general-hygiene-Educo.jpeg","contentUrl":"https:\/\/teiaeducation.ch\/wp-content\/uploads\/2021\/06\/Vocabulary-puzzle-general-hygiene-Educo.jpeg","width":1500,"height":1500,"caption":"Wortschatzpuzzle \u2013 allgemeine Hygiene - Educo"},{"@type":"BreadcrumbList","@id":"https:\/\/teiaeducation.ch\/de\/produkt\/wortschatzpuzzle-allgemeine-hygiene-49-educo\/#breadcrumb","itemListElement":[{"@type":"ListItem","position":1,"name":"Home","item":"https:\/\/teiaeducation.ch\/de\/"},{"@type":"ListItem","position":2,"name":"Laden","item":"https:\/\/teiaeducation.ch\/de\/shop\/"},{"@type":"ListItem","position":3,"name":"Unsere Marken","item":"https:\/\/teiaeducation.ch\/de\/produkt-kategorie\/unsere-marken\/"},{"@type":"ListItem","position":4,"name":"Educo","item":"https:\/\/teiaeducation.ch\/de\/produkt-kategorie\/unsere-marken\/educo-de\/"},{"@type":"ListItem","position":5,"name":"Sprachspiel","item":"https:\/\/teiaeducation.ch\/de\/produkt-kategorie\/unsere-marken\/educo-de\/sprachspiel-educo\/"},{"@type":"ListItem","position":6,"name":"W\u00f6rter &amp; Wortschatz","item":"https:\/\/teiaeducation.ch\/de\/produkt-kategorie\/unsere-marken\/educo-de\/sprachspiel-educo\/woerter-wortschatz\/"},{"@type":"ListItem","position":7,"name":"Wortschatzpuzzle allgemeine Hygiene &#8211; Educo"}]},{"@type":"WebSite","@id":"https:\/\/teiaeducation.ch\/de\/#website","url":"https:\/\/teiaeducation.ch\/de\/","name":"Sustainable Educational Products &amp; Ecological Toys\u00a0","description":"Specialised Swiss shop selling sustainable educational toys and games, AMI certified Montessori materials, handmade ecological wooden Waldorf toys and arts &amp; crafts supplies, school supplies, children&#039;s furniture and Montessori reference and parenting books.","publisher":{"@id":"https:\/\/teiaeducation.ch\/de\/#organization"},"alternateName":"Teia Education & Play","potentialAction":[{"@type":"SearchAction","target":{"@type":"EntryPoint","urlTemplate":"https:\/\/teiaeducation.ch\/de\/?s={search_term_string}"},"query-input":{"@type":"PropertyValueSpecification","valueRequired":true,"valueName":"search_term_string"}}],"inLanguage":"de-CH"},{"@type":"Organization","@id":"https:\/\/teiaeducation.ch\/de\/#organization","name":"Teia Education & Play","url":"https:\/\/teiaeducation.ch\/de\/","logo":{"@type":"ImageObject","inLanguage":"de-CH","@id":"https:\/\/teiaeducation.ch\/de\/#\/schema\/logo\/image\/","url":"https:\/\/teiaeducation.ch\/wp-content\/uploads\/2020\/11\/Teia-Education-Switzerland-e1620156442216.jpg","contentUrl":"https:\/\/teiaeducation.ch\/wp-content\/uploads\/2020\/11\/Teia-Education-Switzerland-e1620156442216.jpg","width":166,"height":145,"caption":"Teia Education & Play"},"image":{"@id":"https:\/\/teiaeducation.ch\/de\/#\/schema\/logo\/image\/"},"sameAs":["https:\/\/www.facebook.com\/teiaeducation\/","https:\/\/x.com\/EducationTeia","https:\/\/www.instagram.com\/teia.education\/","https:\/\/www.linkedin.com\/company\/35501660","https:\/\/www.pinterest.ch\/TeiaEducation\/"]}]}},"_links":{"self":[{"href":"https:\/\/teiaeducation.ch\/de\/wp-json\/wp\/v2\/product\/58484","targetHints":{"allow":["GET"]}}],"collection":[{"href":"https:\/\/teiaeducation.ch\/de\/wp-json\/wp\/v2\/product"}],"about":[{"href":"https:\/\/teiaeducation.ch\/de\/wp-json\/wp\/v2\/types\/product"}],"replies":[{"embeddable":true,"href":"https:\/\/teiaeducation.ch\/de\/wp-json\/wp\/v2\/comments?post=58484"}],"wp:featuredmedia":[{"embeddable":true,"href":"https:\/\/teiaeducation.ch\/de\/wp-json\/wp\/v2\/media\/58485"}],"wp:attachment":[{"href":"https:\/\/teiaeducation.ch\/de\/wp-json\/wp\/v2\/media?parent=58484"}],"wp:term":[{"taxonomy":"product_brand","embeddable":true,"href":"https:\/\/teiaeducation.ch\/de\/wp-json\/wp\/v2\/product_brand?post=58484"},{"taxonomy":"product_cat","embeddable":true,"href":"https:\/\/teiaeducation.ch\/de\/wp-json\/wp\/v2\/product_cat?post=58484"},{"taxonomy":"product_tag","embeddable":true,"href":"https:\/\/teiaeducation.ch\/de\/wp-json\/wp\/v2\/product_tag?post=58484"}],"curies":[{"name":"wp","href":"https:\/\/api.w.org\/{rel}","templated":true}]}}