{"id":58511,"date":"2021-06-25T08:55:15","date_gmt":"2021-06-25T06:55:15","guid":{"rendered":"https:\/\/teiaeducation.ch\/product\/form-und-farbe-koppeln-educo\/"},"modified":"2024-09-17T11:35:50","modified_gmt":"2024-09-17T09:35:50","slug":"form-und-farbe-koppeln-educo","status":"publish","type":"product","link":"https:\/\/teiaeducation.ch\/de\/produkt\/form-und-farbe-koppeln-educo\/","title":{"rendered":"Form und Farbe koppeln &#8211; Educo"},"content":{"rendered":"<p>Mit Educos Form und Farbe koppeln k\u00f6nnen Kinder spielerisch lernen, <a href=\"https:\/\/teiaeducation.ch\/product-category\/learning-themes\/sensory-motor-skills\/learning-about-colour\/\">Farben<\/a> und <a href=\"https:\/\/teiaeducation.ch\/product-category\/learning-themes\/mathematics-numeracy\/shapes\/\">Formen<\/a> zu erkennen, zu benennen und zuzuordnen &#8211; mit diesem lustigen Lernspielzeug aus Holz! Bilde eine Kette, indem du die Teile nach Form und Farbe sortierst, oder sortiere nur nach Form oder nur nach Farbe.<\/p>\n<p>Beginnen Sie dieses Domino-\u00e4hnliche Spiel, indem Sie eine beliebige Figur nehmen. Vervollst\u00e4ndigen Sie die Kette, indem Sie Teile mit passenden Farben und Formen nebeneinander legen. Versuche, ein Quadrat zu bilden!<\/p>\n<p>Dann spielen Sie das Spiel, indem Sie nur Farben oder nur Formen zuordnen. Es gibt mehrere Spieloptionen, so dass Sie jedes Mal ein anderes Muster erhalten. Die Herausforderung besteht darin, eine Kette aus so vielen Bl\u00f6cken wie m\u00f6glich oder sogar aus allen Bl\u00f6cken zu bilden. Das macht das Spiel f\u00fcr die Kinder besonders spannend und f\u00f6rdert ihr r\u00e4umliches Vorstellungsverm\u00f6gen.<\/p>\n<p>Das Educo connect Form- und Farbspiel ist komplett aus Holz gefertigt und besteht aus Spielsteinen mit farbigen Formen. Die 25 Holzkl\u00f6tze sind 9 x 9 cm gro\u00df und befinden sich in einer Holzbox mit den Ma\u00dfen 33,5 x 22,5 cm. Aufgrund der Gr\u00f6\u00dfe der Bl\u00f6cke ist Connect Form und Farbe als Bodenspiel geeignet.<\/p>\n<p>Die Kinder k\u00f6nnen das Spiel allein oder in Gruppen erkunden. Neben dem p\u00e4dagogischen Wert des Zusammenf\u00fcgens und Verbindens von zwei Gleichen in einem koh\u00e4renten Pfad ist das Spielen mit den Dominosteinen auch eine interessante M\u00f6glichkeit, etwas \u00fcber Formen und Farben zu lernen.<\/p>\n<p>Educo Form und Farbe koppeln ist f\u00fcr Kinder ab 3 Jahren geeignet.<\/p>\n<p>Inhalt:<\/p>\n<p>25 Holzkl\u00f6tze (9 x 9 cm)<br \/>\nEine Holzkiste (33,5 x 22,5 x 7 cm)<br \/>\nBenutzerhandbuch<\/p>\n<h2>\u00dcber Educo<\/h2>\n<p>Die niederl\u00e4ndische Marke <a href=\"https:\/\/teiaeducation.ch\/product-category\/brands\/educo\/\">Educo<\/a> steht f\u00fcr eine bunte Welt des spielerischen <a href=\"https:\/\/teiaeducation.ch\/product-category\/learning-themes\/\">Lernens<\/a>, herausfordernde Lernspiele und Spielzeuge! Die hochwertigen und langlebigen Educo Produkte orientieren sich an Alltagssituationen und helfen Babys und Kindern, Spiele mit regul\u00e4ren Themen zu verbinden und den Lernprozess in eine Simulation ihrer nat\u00fcrlichen Umgebung zu verwandeln.<\/p>\n<p>Das Educo-Sortiment ist in drei Entwicklungsbereiche unterteilt: <a href=\"https:\/\/teiaeducation.ch\/product-category\/brands\/educo\/motor-play\/\">Motorik<\/a>, <a href=\"https:\/\/teiaeducation.ch\/product-category\/brands\/educo\/language-play\/\">Sprache<\/a> und <a href=\"https:\/\/teiaeducation.ch\/product-category\/brands\/educo\/mathematical-play\/\">Mathematik<\/a>. Im Jahr 2023 wurde ein umfassendes Sortiment an <a href=\"https:\/\/teiaeducation.ch\/product-category\/brands\/educo\/montessori-toys-range-0-3-years\/\">Montessori Spielzeug<\/a> f\u00fcr Kinder im Alter von 0 bis 3 Jahren eingef\u00fchrt, um das Wachstum und die Entwicklung der Kleinen bestm\u00f6glich zu f\u00f6rdern.<\/p>\n<p>Die aktiven, spielerischen Lernprodukte von Educo sind haupts\u00e4chlich aus Holz gefertigt und bestehen aus nachhaltigen Materialien wie Farben und Lacken auf Wasserbasis. Die <a href=\"https:\/\/teiaeducation.ch\/product-category\/hgh-quality-toys-play\/\">Spielzeuge<\/a> sind so konzipiert, dass sie \u00fcber viele Jahre hinweg robust verwendet werden k\u00f6nnen, spielerisches Lernen f\u00f6rdern und Kinder im Alter von 0-12 Jahren zu Wachstum und Erfolg inspirieren.<\/p>\n<p>Sie erf\u00fcllen die Anforderungen der verschiedenen europ\u00e4ischen und internationalen Sicherheitsvorschriften f\u00fcr Spielzeug und entsprechen der Richtlinie 2009\/48\/EG \u00fcber die Sicherheit von Spielzeug, einschlie\u00dflich EN81 und ASTM.<\/p>\n","protected":false},"excerpt":{"rendered":"<p>Artikelnummer: 900000081<\/p>\n<p>Educo Form und Farbe koppeln ist ein lustiges Lernspielzeug aus Holz zum Erkennen, Benennen und Zuordnen von Farben und Formen!<\/p>\n<p>&nbsp;<\/p>\n","protected":false},"featured_media":58512,"comment_status":"closed","ping_status":"closed","template":"","meta":[],"product_brand":[],"product_cat":[21445,23651,21479,21599,21558,21606,21491,21509,21605,21443,21563,22362,21494,21495,21557,21482,21564],"product_tag":[26406,27513,27512,27517,26532,27515,27516,27514,27511],"class_list":{"0":"post-58511","1":"product","2":"type-product","3":"status-publish","4":"has-post-thumbnail","6":"product_cat-3-6-jahre-vorschule","7":"product_cat-back-to-school-de","8":"product_cat-lernmaterialien-spielzeug-montessori-waldorf-steiner-froebel","9":"product_cat-educo-de","10":"product_cat-farbe-lernen","11":"product_cat-geometrie-educo","12":"product_cat-geschenk-guide-lerngeschenke","13":"product_cat-lernthemen","14":"product_cat-mathematisches-spiel","15":"product_cat-nach-alter","16":"product_cat-neuheiten","17":"product_cat-saisonale-kollektionen","18":"product_cat-schulbedarf-fuer-zuhause","19":"product_cat-schulbedarf-fuer-zuhause-3-6-jahre","20":"product_cat-sensorische-motorische-fertigkeiten","21":"product_cat-traditionelle-bildung","22":"product_cat-unsere-marken","23":"product_tag-educo-de","24":"product_tag-farbige-dominosteine","25":"product_tag-form-und-farbe","26":"product_tag-form-und-farbe-koppeln-educo","27":"product_tag-geometrie-de","28":"product_tag-lernen-uber-farben","29":"product_tag-lernspiel-aus-holz","30":"product_tag-lernspielzeug-aus-holz-de-2","31":"product_tag-mathematisches-spiel","33":"first","34":"instock","35":"taxable","36":"shipping-taxable","37":"purchasable","38":"product-type-simple"},"yoast_head":"<!-- This site is optimized with the Yoast SEO plugin v27.1.1 - https:\/\/yoast.com\/product\/yoast-seo-wordpress\/ -->\n<title>Form und Farbe koppeln - Educo<\/title>\n<meta name=\"description\" content=\"Educo Form und Farbe koppeln ist ein lustiges Lernspielzeug aus Holz zum Erkennen, Benennen und Zuordnen von Farben und Formen mit Dominosteinen.\" \/>\n<meta name=\"robots\" content=\"index, follow, max-snippet:-1, max-image-preview:large, max-video-preview:-1\" \/>\n<link rel=\"canonical\" href=\"https:\/\/teiaeducation.ch\/de\/produkt\/form-und-farbe-koppeln-educo\/\" \/>\n<meta property=\"og:locale\" content=\"de_DE\" \/>\n<meta property=\"og:type\" content=\"article\" \/>\n<meta property=\"og:title\" content=\"Form und Farbe koppeln - Educo\" \/>\n<meta property=\"og:description\" content=\"Educo Form und Farbe koppeln ist ein lustiges Lernspielzeug aus Holz zum Erkennen, Benennen und Zuordnen von Farben und Formen mit Dominosteinen.\" \/>\n<meta property=\"og:url\" content=\"https:\/\/teiaeducation.ch\/de\/produkt\/form-und-farbe-koppeln-educo\/\" \/>\n<meta property=\"og:site_name\" content=\"Sustainable Educational Products &amp; Ecological Toys\u00a0\" \/>\n<meta property=\"article:publisher\" content=\"https:\/\/www.facebook.com\/teiaeducation\/\" \/>\n<meta property=\"article:modified_time\" content=\"2024-09-17T09:35:50+00:00\" \/>\n<meta property=\"og:image\" content=\"https:\/\/teiaeducation.ch\/wp-content\/uploads\/2021\/06\/Connect-shape-and-colour-Educo.jpeg\" \/>\n\t<meta property=\"og:image:width\" content=\"1500\" \/>\n\t<meta property=\"og:image:height\" content=\"1500\" \/>\n\t<meta property=\"og:image:type\" content=\"image\/jpeg\" \/>\n<script type=\"application\/ld+json\" class=\"yoast-schema-graph\">{\"@context\":\"https:\/\/schema.org\",\"@graph\":[{\"@type\":\"WebPage\",\"@id\":\"https:\/\/teiaeducation.ch\/de\/produkt\/form-und-farbe-koppeln-educo\/\",\"url\":\"https:\/\/teiaeducation.ch\/de\/produkt\/form-und-farbe-koppeln-educo\/\",\"name\":\"Form und Farbe koppeln - Educo\",\"isPartOf\":{\"@id\":\"https:\/\/teiaeducation.ch\/de\/#website\"},\"primaryImageOfPage\":{\"@id\":\"https:\/\/teiaeducation.ch\/de\/produkt\/form-und-farbe-koppeln-educo\/#primaryimage\"},\"image\":{\"@id\":\"https:\/\/teiaeducation.ch\/de\/produkt\/form-und-farbe-koppeln-educo\/#primaryimage\"},\"thumbnailUrl\":\"https:\/\/teiaeducation.ch\/wp-content\/uploads\/2021\/06\/Connect-shape-and-colour-Educo.jpeg\",\"datePublished\":\"2021-06-25T06:55:15+00:00\",\"dateModified\":\"2024-09-17T09:35:50+00:00\",\"description\":\"Educo Form und Farbe koppeln ist ein lustiges Lernspielzeug aus Holz zum Erkennen, Benennen und Zuordnen von Farben und Formen mit Dominosteinen.\",\"breadcrumb\":{\"@id\":\"https:\/\/teiaeducation.ch\/de\/produkt\/form-und-farbe-koppeln-educo\/#breadcrumb\"},\"inLanguage\":\"de-CH\",\"potentialAction\":[{\"@type\":\"ReadAction\",\"target\":[\"https:\/\/teiaeducation.ch\/de\/produkt\/form-und-farbe-koppeln-educo\/\"]}]},{\"@type\":\"ImageObject\",\"inLanguage\":\"de-CH\",\"@id\":\"https:\/\/teiaeducation.ch\/de\/produkt\/form-und-farbe-koppeln-educo\/#primaryimage\",\"url\":\"https:\/\/teiaeducation.ch\/wp-content\/uploads\/2021\/06\/Connect-shape-and-colour-Educo.jpeg\",\"contentUrl\":\"https:\/\/teiaeducation.ch\/wp-content\/uploads\/2021\/06\/Connect-shape-and-colour-Educo.jpeg\",\"width\":1500,\"height\":1500,\"caption\":\"Form und Farbe koppeln Lernspielzeug aus Holz Educo\"},{\"@type\":\"BreadcrumbList\",\"@id\":\"https:\/\/teiaeducation.ch\/de\/produkt\/form-und-farbe-koppeln-educo\/#breadcrumb\",\"itemListElement\":[{\"@type\":\"ListItem\",\"position\":1,\"name\":\"Home\",\"item\":\"https:\/\/teiaeducation.ch\/de\/\"},{\"@type\":\"ListItem\",\"position\":2,\"name\":\"Laden\",\"item\":\"https:\/\/teiaeducation.ch\/de\/shop\/\"},{\"@type\":\"ListItem\",\"position\":3,\"name\":\"Unsere Marken\",\"item\":\"https:\/\/teiaeducation.ch\/de\/produkt-kategorie\/unsere-marken\/\"},{\"@type\":\"ListItem\",\"position\":4,\"name\":\"Educo\",\"item\":\"https:\/\/teiaeducation.ch\/de\/produkt-kategorie\/unsere-marken\/educo-de\/\"},{\"@type\":\"ListItem\",\"position\":5,\"name\":\"Mathematisches Spiel\",\"item\":\"https:\/\/teiaeducation.ch\/de\/produkt-kategorie\/unsere-marken\/educo-de\/mathematisches-spiel\/\"},{\"@type\":\"ListItem\",\"position\":6,\"name\":\"Geometrie\",\"item\":\"https:\/\/teiaeducation.ch\/de\/produkt-kategorie\/unsere-marken\/educo-de\/mathematisches-spiel\/geometrie-educo\/\"},{\"@type\":\"ListItem\",\"position\":7,\"name\":\"Form und Farbe koppeln &#8211; Educo\"}]},{\"@type\":\"WebSite\",\"@id\":\"https:\/\/teiaeducation.ch\/de\/#website\",\"url\":\"https:\/\/teiaeducation.ch\/de\/\",\"name\":\"Sustainable Educational Products &amp; Ecological Toys\u00a0\",\"description\":\"Specialised Swiss shop selling sustainable educational toys and games, AMI certified Montessori materials, handmade ecological wooden Waldorf toys and arts &amp; crafts supplies, school supplies, children&#039;s furniture and Montessori reference and parenting books.\",\"publisher\":{\"@id\":\"https:\/\/teiaeducation.ch\/de\/#organization\"},\"alternateName\":\"Teia Education & Play\",\"potentialAction\":[{\"@type\":\"SearchAction\",\"target\":{\"@type\":\"EntryPoint\",\"urlTemplate\":\"https:\/\/teiaeducation.ch\/de\/?s={search_term_string}\"},\"query-input\":{\"@type\":\"PropertyValueSpecification\",\"valueRequired\":true,\"valueName\":\"search_term_string\"}}],\"inLanguage\":\"de-CH\"},{\"@type\":\"Organization\",\"@id\":\"https:\/\/teiaeducation.ch\/de\/#organization\",\"name\":\"Teia Education & Play\",\"url\":\"https:\/\/teiaeducation.ch\/de\/\",\"logo\":{\"@type\":\"ImageObject\",\"inLanguage\":\"de-CH\",\"@id\":\"https:\/\/teiaeducation.ch\/de\/#\/schema\/logo\/image\/\",\"url\":\"https:\/\/teiaeducation.ch\/wp-content\/uploads\/2020\/11\/Teia-Education-Switzerland-e1620156442216.jpg\",\"contentUrl\":\"https:\/\/teiaeducation.ch\/wp-content\/uploads\/2020\/11\/Teia-Education-Switzerland-e1620156442216.jpg\",\"width\":166,\"height\":145,\"caption\":\"Teia Education & Play\"},\"image\":{\"@id\":\"https:\/\/teiaeducation.ch\/de\/#\/schema\/logo\/image\/\"},\"sameAs\":[\"https:\/\/www.facebook.com\/teiaeducation\/\",\"https:\/\/x.com\/EducationTeia\",\"https:\/\/www.instagram.com\/teia.education\/\",\"https:\/\/www.linkedin.com\/company\/35501660\",\"https:\/\/www.pinterest.ch\/TeiaEducation\/\"]}]}<\/script>\n<!-- \/ Yoast SEO plugin. -->","yoast_head_json":{"title":"Form und Farbe koppeln - Educo","description":"Educo Form und Farbe koppeln ist ein lustiges Lernspielzeug aus Holz zum Erkennen, Benennen und Zuordnen von Farben und Formen mit Dominosteinen.","robots":{"index":"index","follow":"follow","max-snippet":"max-snippet:-1","max-image-preview":"max-image-preview:large","max-video-preview":"max-video-preview:-1"},"canonical":"https:\/\/teiaeducation.ch\/de\/produkt\/form-und-farbe-koppeln-educo\/","og_locale":"de_DE","og_type":"article","og_title":"Form und Farbe koppeln - Educo","og_description":"Educo Form und Farbe koppeln ist ein lustiges Lernspielzeug aus Holz zum Erkennen, Benennen und Zuordnen von Farben und Formen mit Dominosteinen.","og_url":"https:\/\/teiaeducation.ch\/de\/produkt\/form-und-farbe-koppeln-educo\/","og_site_name":"Sustainable Educational Products &amp; Ecological Toys\u00a0","article_publisher":"https:\/\/www.facebook.com\/teiaeducation\/","article_modified_time":"2024-09-17T09:35:50+00:00","og_image":[{"width":1500,"height":1500,"url":"https:\/\/teiaeducation.ch\/wp-content\/uploads\/2021\/06\/Connect-shape-and-colour-Educo.jpeg","type":"image\/jpeg"}],"schema":{"@context":"https:\/\/schema.org","@graph":[{"@type":"WebPage","@id":"https:\/\/teiaeducation.ch\/de\/produkt\/form-und-farbe-koppeln-educo\/","url":"https:\/\/teiaeducation.ch\/de\/produkt\/form-und-farbe-koppeln-educo\/","name":"Form und Farbe koppeln - Educo","isPartOf":{"@id":"https:\/\/teiaeducation.ch\/de\/#website"},"primaryImageOfPage":{"@id":"https:\/\/teiaeducation.ch\/de\/produkt\/form-und-farbe-koppeln-educo\/#primaryimage"},"image":{"@id":"https:\/\/teiaeducation.ch\/de\/produkt\/form-und-farbe-koppeln-educo\/#primaryimage"},"thumbnailUrl":"https:\/\/teiaeducation.ch\/wp-content\/uploads\/2021\/06\/Connect-shape-and-colour-Educo.jpeg","datePublished":"2021-06-25T06:55:15+00:00","dateModified":"2024-09-17T09:35:50+00:00","description":"Educo Form und Farbe koppeln ist ein lustiges Lernspielzeug aus Holz zum Erkennen, Benennen und Zuordnen von Farben und Formen mit Dominosteinen.","breadcrumb":{"@id":"https:\/\/teiaeducation.ch\/de\/produkt\/form-und-farbe-koppeln-educo\/#breadcrumb"},"inLanguage":"de-CH","potentialAction":[{"@type":"ReadAction","target":["https:\/\/teiaeducation.ch\/de\/produkt\/form-und-farbe-koppeln-educo\/"]}]},{"@type":"ImageObject","inLanguage":"de-CH","@id":"https:\/\/teiaeducation.ch\/de\/produkt\/form-und-farbe-koppeln-educo\/#primaryimage","url":"https:\/\/teiaeducation.ch\/wp-content\/uploads\/2021\/06\/Connect-shape-and-colour-Educo.jpeg","contentUrl":"https:\/\/teiaeducation.ch\/wp-content\/uploads\/2021\/06\/Connect-shape-and-colour-Educo.jpeg","width":1500,"height":1500,"caption":"Form und Farbe koppeln Lernspielzeug aus Holz Educo"},{"@type":"BreadcrumbList","@id":"https:\/\/teiaeducation.ch\/de\/produkt\/form-und-farbe-koppeln-educo\/#breadcrumb","itemListElement":[{"@type":"ListItem","position":1,"name":"Home","item":"https:\/\/teiaeducation.ch\/de\/"},{"@type":"ListItem","position":2,"name":"Laden","item":"https:\/\/teiaeducation.ch\/de\/shop\/"},{"@type":"ListItem","position":3,"name":"Unsere Marken","item":"https:\/\/teiaeducation.ch\/de\/produkt-kategorie\/unsere-marken\/"},{"@type":"ListItem","position":4,"name":"Educo","item":"https:\/\/teiaeducation.ch\/de\/produkt-kategorie\/unsere-marken\/educo-de\/"},{"@type":"ListItem","position":5,"name":"Mathematisches Spiel","item":"https:\/\/teiaeducation.ch\/de\/produkt-kategorie\/unsere-marken\/educo-de\/mathematisches-spiel\/"},{"@type":"ListItem","position":6,"name":"Geometrie","item":"https:\/\/teiaeducation.ch\/de\/produkt-kategorie\/unsere-marken\/educo-de\/mathematisches-spiel\/geometrie-educo\/"},{"@type":"ListItem","position":7,"name":"Form und Farbe koppeln &#8211; Educo"}]},{"@type":"WebSite","@id":"https:\/\/teiaeducation.ch\/de\/#website","url":"https:\/\/teiaeducation.ch\/de\/","name":"Sustainable Educational Products &amp; Ecological Toys\u00a0","description":"Specialised Swiss shop selling sustainable educational toys and games, AMI certified Montessori materials, handmade ecological wooden Waldorf toys and arts &amp; crafts supplies, school supplies, children&#039;s furniture and Montessori reference and parenting books.","publisher":{"@id":"https:\/\/teiaeducation.ch\/de\/#organization"},"alternateName":"Teia Education & Play","potentialAction":[{"@type":"SearchAction","target":{"@type":"EntryPoint","urlTemplate":"https:\/\/teiaeducation.ch\/de\/?s={search_term_string}"},"query-input":{"@type":"PropertyValueSpecification","valueRequired":true,"valueName":"search_term_string"}}],"inLanguage":"de-CH"},{"@type":"Organization","@id":"https:\/\/teiaeducation.ch\/de\/#organization","name":"Teia Education & Play","url":"https:\/\/teiaeducation.ch\/de\/","logo":{"@type":"ImageObject","inLanguage":"de-CH","@id":"https:\/\/teiaeducation.ch\/de\/#\/schema\/logo\/image\/","url":"https:\/\/teiaeducation.ch\/wp-content\/uploads\/2020\/11\/Teia-Education-Switzerland-e1620156442216.jpg","contentUrl":"https:\/\/teiaeducation.ch\/wp-content\/uploads\/2020\/11\/Teia-Education-Switzerland-e1620156442216.jpg","width":166,"height":145,"caption":"Teia Education & Play"},"image":{"@id":"https:\/\/teiaeducation.ch\/de\/#\/schema\/logo\/image\/"},"sameAs":["https:\/\/www.facebook.com\/teiaeducation\/","https:\/\/x.com\/EducationTeia","https:\/\/www.instagram.com\/teia.education\/","https:\/\/www.linkedin.com\/company\/35501660","https:\/\/www.pinterest.ch\/TeiaEducation\/"]}]}},"_links":{"self":[{"href":"https:\/\/teiaeducation.ch\/de\/wp-json\/wp\/v2\/product\/58511","targetHints":{"allow":["GET"]}}],"collection":[{"href":"https:\/\/teiaeducation.ch\/de\/wp-json\/wp\/v2\/product"}],"about":[{"href":"https:\/\/teiaeducation.ch\/de\/wp-json\/wp\/v2\/types\/product"}],"replies":[{"embeddable":true,"href":"https:\/\/teiaeducation.ch\/de\/wp-json\/wp\/v2\/comments?post=58511"}],"wp:featuredmedia":[{"embeddable":true,"href":"https:\/\/teiaeducation.ch\/de\/wp-json\/wp\/v2\/media\/58512"}],"wp:attachment":[{"href":"https:\/\/teiaeducation.ch\/de\/wp-json\/wp\/v2\/media?parent=58511"}],"wp:term":[{"taxonomy":"product_brand","embeddable":true,"href":"https:\/\/teiaeducation.ch\/de\/wp-json\/wp\/v2\/product_brand?post=58511"},{"taxonomy":"product_cat","embeddable":true,"href":"https:\/\/teiaeducation.ch\/de\/wp-json\/wp\/v2\/product_cat?post=58511"},{"taxonomy":"product_tag","embeddable":true,"href":"https:\/\/teiaeducation.ch\/de\/wp-json\/wp\/v2\/product_tag?post=58511"}],"curies":[{"name":"wp","href":"https:\/\/api.w.org\/{rel}","templated":true}]}}