{"id":58514,"date":"2021-06-25T08:00:30","date_gmt":"2021-06-25T06:00:30","guid":{"rendered":"https:\/\/teiaeducation.ch\/product\/spinnen-sortierpuzzle-die-vier-jahreszeiten-educo\/"},"modified":"2024-09-17T11:37:35","modified_gmt":"2024-09-17T09:37:35","slug":"spinnen-sortierpuzzle-die-vier-jahreszeiten-educo","status":"publish","type":"product","link":"https:\/\/teiaeducation.ch\/de\/produkt\/spinnen-sortierpuzzle-die-vier-jahreszeiten-educo\/","title":{"rendered":"Spinnen Sortierpuzzle Die vier Jahreszeiten &#8211; Educo"},"content":{"rendered":"<p>Das Spinnen Sortierpuzzle Die vier <a href=\"https:\/\/teiaeducation.ch\/product-category\/learning-themes\/culture-science\/seasons-weather\/\">Jahreszeiten<\/a> von Educo regt Kinder dazu an, die Szenen, die wir in jeder Jahreszeit sehen, zu erkennen und zu unterscheiden. Bei diesem lustigen Holzpuzzle bauen die Kinder das Spinnennetz, indem sie die Bilder der richtigen Jahreszeit zuordnen. F\u00fcge die Spielsteine an der richtigen Stelle im Einlegebrett ein, indem du erkennst, ob sie zum Fr\u00fchling, Sommer, Herbst oder Winter geh\u00f6ren.<\/p>\n<p>Das Spinnen Sortierpuzzle Die vier Jahreszeiten von Educo ist nachhaltig hergestellt und der Holzrahmen misst 40 x 28cm. Es hat 17 Holzpuzzleteile und ist f\u00fcr Kinder ab 3 Jahren geeignet.<\/p>\n<p>Inhalt:<\/p>\n<p>Ein Holzpuzzle-Rahmen (40 x 28cm)<br \/>\n17 Holzteile<\/p>\n<h2>\u00dcber Educo<\/h2>\n<p>Die niederl\u00e4ndische Marke <a href=\"https:\/\/teiaeducation.ch\/product-category\/brands\/educo\/\">Educo<\/a> steht f\u00fcr eine bunte Welt des spielerischen <a href=\"https:\/\/teiaeducation.ch\/product-category\/learning-themes\/\">Lernens<\/a>, herausfordernde Lernspiele und Spielzeuge! Die hochwertigen und langlebigen Educo Produkte orientieren sich an Alltagssituationen und helfen Babys und Kindern, Spiele mit regul\u00e4ren Themen zu verbinden und den Lernprozess in eine Simulation ihrer nat\u00fcrlichen Umgebung zu verwandeln.<\/p>\n<p>Das Educo-Sortiment ist in drei Entwicklungsbereiche unterteilt: <a href=\"https:\/\/teiaeducation.ch\/product-category\/brands\/educo\/motor-play\/\">Motorik<\/a>, <a href=\"https:\/\/teiaeducation.ch\/product-category\/brands\/educo\/language-play\/\">Sprache<\/a> und <a href=\"https:\/\/teiaeducation.ch\/product-category\/brands\/educo\/mathematical-play\/\">Mathematik<\/a>. Im Jahr 2023 wurde ein umfassendes Sortiment an <a href=\"https:\/\/teiaeducation.ch\/product-category\/brands\/educo\/montessori-toys-range-0-3-years\/\">Montessori Spielzeug<\/a> f\u00fcr Kinder im Alter von 0 bis 3 Jahren eingef\u00fchrt, um das Wachstum und die Entwicklung der Kleinen bestm\u00f6glich zu f\u00f6rdern.<\/p>\n<p>Die aktiven, spielerischen Lernprodukte von Educo sind haupts\u00e4chlich aus Holz gefertigt und bestehen aus nachhaltigen Materialien wie Farben und Lacken auf Wasserbasis. Die <a href=\"https:\/\/teiaeducation.ch\/product-category\/hgh-quality-toys-play\/\">Spielzeuge<\/a> sind so konzipiert, dass sie \u00fcber viele Jahre hinweg robust verwendet werden k\u00f6nnen, spielerisches Lernen f\u00f6rdern und Kinder im Alter von 0-12 Jahren zu Wachstum und Erfolg inspirieren.<\/p>\n<p>Sie erf\u00fcllen die Anforderungen der verschiedenen europ\u00e4ischen und internationalen Sicherheitsvorschriften f\u00fcr Spielzeug und entsprechen der Richtlinie 2009\/48\/EG \u00fcber die Sicherheit von Spielzeug, einschlie\u00dflich EN81 und ASTM.<\/p>\n","protected":false},"excerpt":{"rendered":"<p>Artikelnummer: E523368<\/p>\n<p>Das Spinnen Sortierpuzzle Die vier Jahreszeiten von Educo ist ein lustiges Holzpuzzle in einem Rahmen, das Kinder dazu anregt, jahreszeitliche Szenen zu erkennen!<\/p>\n","protected":false},"featured_media":58515,"comment_status":"closed","ping_status":"closed","template":"","meta":[],"product_brand":[],"product_cat":[21445,21524,21602,21479,21599,21670,21606,21544,21464,21707,21521,21510,21509,21537,21605,21481,22182,21443,21563,21615,22362,21494,21495,23636,21678,21601,21482,21564,21527,22363],"product_tag":[26406,27520,26532,25729,27519,27511,27523,27518,27521,27522],"class_list":{"0":"post-58514","1":"product","2":"type-product","3":"status-publish","4":"has-post-thumbnail","6":"product_cat-3-6-jahre-vorschule","7":"product_cat-alphabetisierung-sprache","8":"product_cat-benachteiligung-educo","9":"product_cat-lernmaterialien-spielzeug-montessori-waldorf-steiner-froebel","10":"product_cat-educo-de","11":"product_cat-fruehjahrskollektion","12":"product_cat-geometrie-educo","13":"product_cat-geometrie-de","14":"product_cat-herbstkollektion","15":"product_cat-holzpuzzles","16":"product_cat-jahreszeiten-wetter","17":"product_cat-kultur-wissenschaft","18":"product_cat-lernthemen","19":"product_cat-mathematik-rechnen","20":"product_cat-mathematisches-spiel","21":"product_cat-montessori-paedagogik-material-spielzeug","22":"product_cat-montessori-spielzeug","23":"product_cat-nach-alter","24":"product_cat-neuheiten","25":"product_cat-puzzle-spiel","26":"product_cat-saisonale-kollektionen","27":"product_cat-schulbedarf-fuer-zuhause","28":"product_cat-schulbedarf-fuer-zuhause-3-6-jahre","29":"product_cat-sommer-kollektion","30":"product_cat-kinder-spielzeug","31":"product_cat-sprachspiel-educo","32":"product_cat-traditionelle-bildung","33":"product_cat-unsere-marken","34":"product_cat-unterscheidung","35":"product_cat-winter-kollektion","36":"product_tag-educo-de","37":"product_tag-educo-spinnenpuzzle","38":"product_tag-geometrie-de","39":"product_tag-holzpuzzle","40":"product_tag-jahreszeiten-puzzle","41":"product_tag-mathematisches-spiel","42":"product_tag-puzzle-der-vier-jahreszeiten-educo","43":"product_tag-sortieren-und-serialisieren","44":"product_tag-sortierpuzzle","45":"product_tag-spinnen-sortierpuzzle-die-vier-jahreszeiten-educo","47":"first","48":"instock","49":"taxable","50":"shipping-taxable","51":"purchasable","52":"product-type-simple"},"yoast_head":"<!-- This site is optimized with the Yoast SEO plugin v27.1.1 - https:\/\/yoast.com\/product\/yoast-seo-wordpress\/ -->\n<title>Spinnen Sortierpuzzle Die vier Jahreszeiten - Educo<\/title>\n<meta name=\"description\" content=\"Das Spinnen Sortierpuzzle Die vier Jahreszeiten von Educo ist ein Holzpuzzle in einem Rahmen, das Kinder dazu anregt, jahreszeitliche Szenen zu erkennen.\" \/>\n<meta name=\"robots\" content=\"index, follow, max-snippet:-1, max-image-preview:large, max-video-preview:-1\" \/>\n<link rel=\"canonical\" href=\"https:\/\/teiaeducation.ch\/de\/produkt\/spinnen-sortierpuzzle-die-vier-jahreszeiten-educo\/\" \/>\n<meta property=\"og:locale\" content=\"de_DE\" \/>\n<meta property=\"og:type\" content=\"article\" \/>\n<meta property=\"og:title\" content=\"Spinnen Sortierpuzzle Die vier Jahreszeiten - Educo\" \/>\n<meta property=\"og:description\" content=\"Das Spinnen Sortierpuzzle Die vier Jahreszeiten von Educo ist ein Holzpuzzle in einem Rahmen, das Kinder dazu anregt, jahreszeitliche Szenen zu erkennen.\" \/>\n<meta property=\"og:url\" content=\"https:\/\/teiaeducation.ch\/de\/produkt\/spinnen-sortierpuzzle-die-vier-jahreszeiten-educo\/\" \/>\n<meta property=\"og:site_name\" content=\"Sustainable Educational Products &amp; Ecological Toys\u00a0\" \/>\n<meta property=\"article:publisher\" content=\"https:\/\/www.facebook.com\/teiaeducation\/\" \/>\n<meta property=\"article:modified_time\" content=\"2024-09-17T09:37:35+00:00\" \/>\n<meta property=\"og:image\" content=\"https:\/\/teiaeducation.ch\/wp-content\/uploads\/2019\/05\/Spider-sorting-puzzle-the-four-seasons-Educo.jpg\" \/>\n\t<meta property=\"og:image:width\" content=\"900\" \/>\n\t<meta property=\"og:image:height\" content=\"900\" \/>\n\t<meta property=\"og:image:type\" content=\"image\/jpeg\" \/>\n<script type=\"application\/ld+json\" class=\"yoast-schema-graph\">{\"@context\":\"https:\/\/schema.org\",\"@graph\":[{\"@type\":\"WebPage\",\"@id\":\"https:\/\/teiaeducation.ch\/de\/produkt\/spinnen-sortierpuzzle-die-vier-jahreszeiten-educo\/\",\"url\":\"https:\/\/teiaeducation.ch\/de\/produkt\/spinnen-sortierpuzzle-die-vier-jahreszeiten-educo\/\",\"name\":\"Spinnen Sortierpuzzle Die vier Jahreszeiten - Educo\",\"isPartOf\":{\"@id\":\"https:\/\/teiaeducation.ch\/de\/#website\"},\"primaryImageOfPage\":{\"@id\":\"https:\/\/teiaeducation.ch\/de\/produkt\/spinnen-sortierpuzzle-die-vier-jahreszeiten-educo\/#primaryimage\"},\"image\":{\"@id\":\"https:\/\/teiaeducation.ch\/de\/produkt\/spinnen-sortierpuzzle-die-vier-jahreszeiten-educo\/#primaryimage\"},\"thumbnailUrl\":\"https:\/\/teiaeducation.ch\/wp-content\/uploads\/2019\/05\/Spider-sorting-puzzle-the-four-seasons-Educo.jpg\",\"datePublished\":\"2021-06-25T06:00:30+00:00\",\"dateModified\":\"2024-09-17T09:37:35+00:00\",\"description\":\"Das Spinnen Sortierpuzzle Die vier Jahreszeiten von Educo ist ein Holzpuzzle in einem Rahmen, das Kinder dazu anregt, jahreszeitliche Szenen zu erkennen.\",\"breadcrumb\":{\"@id\":\"https:\/\/teiaeducation.ch\/de\/produkt\/spinnen-sortierpuzzle-die-vier-jahreszeiten-educo\/#breadcrumb\"},\"inLanguage\":\"de-CH\",\"potentialAction\":[{\"@type\":\"ReadAction\",\"target\":[\"https:\/\/teiaeducation.ch\/de\/produkt\/spinnen-sortierpuzzle-die-vier-jahreszeiten-educo\/\"]}]},{\"@type\":\"ImageObject\",\"inLanguage\":\"de-CH\",\"@id\":\"https:\/\/teiaeducation.ch\/de\/produkt\/spinnen-sortierpuzzle-die-vier-jahreszeiten-educo\/#primaryimage\",\"url\":\"https:\/\/teiaeducation.ch\/wp-content\/uploads\/2019\/05\/Spider-sorting-puzzle-the-four-seasons-Educo.jpg\",\"contentUrl\":\"https:\/\/teiaeducation.ch\/wp-content\/uploads\/2019\/05\/Spider-sorting-puzzle-the-four-seasons-Educo.jpg\",\"width\":900,\"height\":900,\"caption\":\"Spinnen Sortierpuzzle - Die vier Jahreszeiten - Educo\"},{\"@type\":\"BreadcrumbList\",\"@id\":\"https:\/\/teiaeducation.ch\/de\/produkt\/spinnen-sortierpuzzle-die-vier-jahreszeiten-educo\/#breadcrumb\",\"itemListElement\":[{\"@type\":\"ListItem\",\"position\":1,\"name\":\"Home\",\"item\":\"https:\/\/teiaeducation.ch\/de\/\"},{\"@type\":\"ListItem\",\"position\":2,\"name\":\"Laden\",\"item\":\"https:\/\/teiaeducation.ch\/de\/shop\/\"},{\"@type\":\"ListItem\",\"position\":3,\"name\":\"Unsere Marken\",\"item\":\"https:\/\/teiaeducation.ch\/de\/produkt-kategorie\/unsere-marken\/\"},{\"@type\":\"ListItem\",\"position\":4,\"name\":\"Educo\",\"item\":\"https:\/\/teiaeducation.ch\/de\/produkt-kategorie\/unsere-marken\/educo-de\/\"},{\"@type\":\"ListItem\",\"position\":5,\"name\":\"Sprachspiel\",\"item\":\"https:\/\/teiaeducation.ch\/de\/produkt-kategorie\/unsere-marken\/educo-de\/sprachspiel-educo\/\"},{\"@type\":\"ListItem\",\"position\":6,\"name\":\"Benachteiligung Educo\",\"item\":\"https:\/\/teiaeducation.ch\/de\/produkt-kategorie\/unsere-marken\/educo-de\/sprachspiel-educo\/benachteiligung-educo\/\"},{\"@type\":\"ListItem\",\"position\":7,\"name\":\"Spinnen Sortierpuzzle Die vier Jahreszeiten &#8211; Educo\"}]},{\"@type\":\"WebSite\",\"@id\":\"https:\/\/teiaeducation.ch\/de\/#website\",\"url\":\"https:\/\/teiaeducation.ch\/de\/\",\"name\":\"Sustainable Educational Products &amp; Ecological Toys\u00a0\",\"description\":\"Specialised Swiss shop selling sustainable educational toys and games, AMI certified Montessori materials, handmade ecological wooden Waldorf toys and arts &amp; crafts supplies, school supplies, children&#039;s furniture and Montessori reference and parenting books.\",\"publisher\":{\"@id\":\"https:\/\/teiaeducation.ch\/de\/#organization\"},\"alternateName\":\"Teia Education & Play\",\"potentialAction\":[{\"@type\":\"SearchAction\",\"target\":{\"@type\":\"EntryPoint\",\"urlTemplate\":\"https:\/\/teiaeducation.ch\/de\/?s={search_term_string}\"},\"query-input\":{\"@type\":\"PropertyValueSpecification\",\"valueRequired\":true,\"valueName\":\"search_term_string\"}}],\"inLanguage\":\"de-CH\"},{\"@type\":\"Organization\",\"@id\":\"https:\/\/teiaeducation.ch\/de\/#organization\",\"name\":\"Teia Education & Play\",\"url\":\"https:\/\/teiaeducation.ch\/de\/\",\"logo\":{\"@type\":\"ImageObject\",\"inLanguage\":\"de-CH\",\"@id\":\"https:\/\/teiaeducation.ch\/de\/#\/schema\/logo\/image\/\",\"url\":\"https:\/\/teiaeducation.ch\/wp-content\/uploads\/2020\/11\/Teia-Education-Switzerland-e1620156442216.jpg\",\"contentUrl\":\"https:\/\/teiaeducation.ch\/wp-content\/uploads\/2020\/11\/Teia-Education-Switzerland-e1620156442216.jpg\",\"width\":166,\"height\":145,\"caption\":\"Teia Education & Play\"},\"image\":{\"@id\":\"https:\/\/teiaeducation.ch\/de\/#\/schema\/logo\/image\/\"},\"sameAs\":[\"https:\/\/www.facebook.com\/teiaeducation\/\",\"https:\/\/x.com\/EducationTeia\",\"https:\/\/www.instagram.com\/teia.education\/\",\"https:\/\/www.linkedin.com\/company\/35501660\",\"https:\/\/www.pinterest.ch\/TeiaEducation\/\"]}]}<\/script>\n<!-- \/ Yoast SEO plugin. -->","yoast_head_json":{"title":"Spinnen Sortierpuzzle Die vier Jahreszeiten - Educo","description":"Das Spinnen Sortierpuzzle Die vier Jahreszeiten von Educo ist ein Holzpuzzle in einem Rahmen, das Kinder dazu anregt, jahreszeitliche Szenen zu erkennen.","robots":{"index":"index","follow":"follow","max-snippet":"max-snippet:-1","max-image-preview":"max-image-preview:large","max-video-preview":"max-video-preview:-1"},"canonical":"https:\/\/teiaeducation.ch\/de\/produkt\/spinnen-sortierpuzzle-die-vier-jahreszeiten-educo\/","og_locale":"de_DE","og_type":"article","og_title":"Spinnen Sortierpuzzle Die vier Jahreszeiten - Educo","og_description":"Das Spinnen Sortierpuzzle Die vier Jahreszeiten von Educo ist ein Holzpuzzle in einem Rahmen, das Kinder dazu anregt, jahreszeitliche Szenen zu erkennen.","og_url":"https:\/\/teiaeducation.ch\/de\/produkt\/spinnen-sortierpuzzle-die-vier-jahreszeiten-educo\/","og_site_name":"Sustainable Educational Products &amp; Ecological Toys\u00a0","article_publisher":"https:\/\/www.facebook.com\/teiaeducation\/","article_modified_time":"2024-09-17T09:37:35+00:00","og_image":[{"width":900,"height":900,"url":"https:\/\/teiaeducation.ch\/wp-content\/uploads\/2019\/05\/Spider-sorting-puzzle-the-four-seasons-Educo.jpg","type":"image\/jpeg"}],"schema":{"@context":"https:\/\/schema.org","@graph":[{"@type":"WebPage","@id":"https:\/\/teiaeducation.ch\/de\/produkt\/spinnen-sortierpuzzle-die-vier-jahreszeiten-educo\/","url":"https:\/\/teiaeducation.ch\/de\/produkt\/spinnen-sortierpuzzle-die-vier-jahreszeiten-educo\/","name":"Spinnen Sortierpuzzle Die vier Jahreszeiten - Educo","isPartOf":{"@id":"https:\/\/teiaeducation.ch\/de\/#website"},"primaryImageOfPage":{"@id":"https:\/\/teiaeducation.ch\/de\/produkt\/spinnen-sortierpuzzle-die-vier-jahreszeiten-educo\/#primaryimage"},"image":{"@id":"https:\/\/teiaeducation.ch\/de\/produkt\/spinnen-sortierpuzzle-die-vier-jahreszeiten-educo\/#primaryimage"},"thumbnailUrl":"https:\/\/teiaeducation.ch\/wp-content\/uploads\/2019\/05\/Spider-sorting-puzzle-the-four-seasons-Educo.jpg","datePublished":"2021-06-25T06:00:30+00:00","dateModified":"2024-09-17T09:37:35+00:00","description":"Das Spinnen Sortierpuzzle Die vier Jahreszeiten von Educo ist ein Holzpuzzle in einem Rahmen, das Kinder dazu anregt, jahreszeitliche Szenen zu erkennen.","breadcrumb":{"@id":"https:\/\/teiaeducation.ch\/de\/produkt\/spinnen-sortierpuzzle-die-vier-jahreszeiten-educo\/#breadcrumb"},"inLanguage":"de-CH","potentialAction":[{"@type":"ReadAction","target":["https:\/\/teiaeducation.ch\/de\/produkt\/spinnen-sortierpuzzle-die-vier-jahreszeiten-educo\/"]}]},{"@type":"ImageObject","inLanguage":"de-CH","@id":"https:\/\/teiaeducation.ch\/de\/produkt\/spinnen-sortierpuzzle-die-vier-jahreszeiten-educo\/#primaryimage","url":"https:\/\/teiaeducation.ch\/wp-content\/uploads\/2019\/05\/Spider-sorting-puzzle-the-four-seasons-Educo.jpg","contentUrl":"https:\/\/teiaeducation.ch\/wp-content\/uploads\/2019\/05\/Spider-sorting-puzzle-the-four-seasons-Educo.jpg","width":900,"height":900,"caption":"Spinnen Sortierpuzzle - Die vier Jahreszeiten - Educo"},{"@type":"BreadcrumbList","@id":"https:\/\/teiaeducation.ch\/de\/produkt\/spinnen-sortierpuzzle-die-vier-jahreszeiten-educo\/#breadcrumb","itemListElement":[{"@type":"ListItem","position":1,"name":"Home","item":"https:\/\/teiaeducation.ch\/de\/"},{"@type":"ListItem","position":2,"name":"Laden","item":"https:\/\/teiaeducation.ch\/de\/shop\/"},{"@type":"ListItem","position":3,"name":"Unsere Marken","item":"https:\/\/teiaeducation.ch\/de\/produkt-kategorie\/unsere-marken\/"},{"@type":"ListItem","position":4,"name":"Educo","item":"https:\/\/teiaeducation.ch\/de\/produkt-kategorie\/unsere-marken\/educo-de\/"},{"@type":"ListItem","position":5,"name":"Sprachspiel","item":"https:\/\/teiaeducation.ch\/de\/produkt-kategorie\/unsere-marken\/educo-de\/sprachspiel-educo\/"},{"@type":"ListItem","position":6,"name":"Benachteiligung Educo","item":"https:\/\/teiaeducation.ch\/de\/produkt-kategorie\/unsere-marken\/educo-de\/sprachspiel-educo\/benachteiligung-educo\/"},{"@type":"ListItem","position":7,"name":"Spinnen Sortierpuzzle Die vier Jahreszeiten &#8211; Educo"}]},{"@type":"WebSite","@id":"https:\/\/teiaeducation.ch\/de\/#website","url":"https:\/\/teiaeducation.ch\/de\/","name":"Sustainable Educational Products &amp; Ecological Toys\u00a0","description":"Specialised Swiss shop selling sustainable educational toys and games, AMI certified Montessori materials, handmade ecological wooden Waldorf toys and arts &amp; crafts supplies, school supplies, children&#039;s furniture and Montessori reference and parenting books.","publisher":{"@id":"https:\/\/teiaeducation.ch\/de\/#organization"},"alternateName":"Teia Education & Play","potentialAction":[{"@type":"SearchAction","target":{"@type":"EntryPoint","urlTemplate":"https:\/\/teiaeducation.ch\/de\/?s={search_term_string}"},"query-input":{"@type":"PropertyValueSpecification","valueRequired":true,"valueName":"search_term_string"}}],"inLanguage":"de-CH"},{"@type":"Organization","@id":"https:\/\/teiaeducation.ch\/de\/#organization","name":"Teia Education & Play","url":"https:\/\/teiaeducation.ch\/de\/","logo":{"@type":"ImageObject","inLanguage":"de-CH","@id":"https:\/\/teiaeducation.ch\/de\/#\/schema\/logo\/image\/","url":"https:\/\/teiaeducation.ch\/wp-content\/uploads\/2020\/11\/Teia-Education-Switzerland-e1620156442216.jpg","contentUrl":"https:\/\/teiaeducation.ch\/wp-content\/uploads\/2020\/11\/Teia-Education-Switzerland-e1620156442216.jpg","width":166,"height":145,"caption":"Teia Education & Play"},"image":{"@id":"https:\/\/teiaeducation.ch\/de\/#\/schema\/logo\/image\/"},"sameAs":["https:\/\/www.facebook.com\/teiaeducation\/","https:\/\/x.com\/EducationTeia","https:\/\/www.instagram.com\/teia.education\/","https:\/\/www.linkedin.com\/company\/35501660","https:\/\/www.pinterest.ch\/TeiaEducation\/"]}]}},"_links":{"self":[{"href":"https:\/\/teiaeducation.ch\/de\/wp-json\/wp\/v2\/product\/58514","targetHints":{"allow":["GET"]}}],"collection":[{"href":"https:\/\/teiaeducation.ch\/de\/wp-json\/wp\/v2\/product"}],"about":[{"href":"https:\/\/teiaeducation.ch\/de\/wp-json\/wp\/v2\/types\/product"}],"replies":[{"embeddable":true,"href":"https:\/\/teiaeducation.ch\/de\/wp-json\/wp\/v2\/comments?post=58514"}],"wp:featuredmedia":[{"embeddable":true,"href":"https:\/\/teiaeducation.ch\/de\/wp-json\/wp\/v2\/media\/58515"}],"wp:attachment":[{"href":"https:\/\/teiaeducation.ch\/de\/wp-json\/wp\/v2\/media?parent=58514"}],"wp:term":[{"taxonomy":"product_brand","embeddable":true,"href":"https:\/\/teiaeducation.ch\/de\/wp-json\/wp\/v2\/product_brand?post=58514"},{"taxonomy":"product_cat","embeddable":true,"href":"https:\/\/teiaeducation.ch\/de\/wp-json\/wp\/v2\/product_cat?post=58514"},{"taxonomy":"product_tag","embeddable":true,"href":"https:\/\/teiaeducation.ch\/de\/wp-json\/wp\/v2\/product_tag?post=58514"}],"curies":[{"name":"wp","href":"https:\/\/api.w.org\/{rel}","templated":true}]}}