{"id":58521,"date":"2020-12-15T10:18:48","date_gmt":"2020-12-15T09:18:48","guid":{"rendered":"https:\/\/teiaeducation.ch\/product\/nummernspiel-educo\/"},"modified":"2024-09-17T11:42:16","modified_gmt":"2024-09-17T09:42:16","slug":"nummernspiel-educo","status":"publish","type":"product","link":"https:\/\/teiaeducation.ch\/de\/produkt\/nummernspiel-educo\/","title":{"rendered":"Nummernspiel aus Holz &#8211; Educo"},"content":{"rendered":"<p>Lernen Sie die Grundlagen der Mathematik mit diesem sch\u00f6nen und hochwertigen Lernspielzeug Nummernspiel aus Holz von Educo! Nummernspiel ist ein Lernspielzeug, das Kindern <a href=\"https:\/\/teiaeducation.ch\/product-category\/learning-themes\/mathematics-numeracy\/\">mathematische<\/a> Konzepte wie mehr, weniger, gleich und den Unterschied zwischen <a href=\"https:\/\/teiaeducation.ch\/product-category\/learning-themes\/mathematics-numeracy\/addition\/\">Additionen<\/a> und <a href=\"https:\/\/teiaeducation.ch\/product-category\/learning-themes\/mathematics-numeracy\/subtraction\/\">Subtraktionen<\/a> n\u00e4her bringt. Die farbigen Holzz\u00e4hler, Karten mit Zahlen, Punkten und mathematischen Zeichen (+ , &#8211; , =) werden zur Visualisierung von Gleichungen verwendet. Das Set enth\u00e4lt auch eine sch\u00f6n gestaltete Holzbox zur Aufbewahrung.<\/p>\n<p>Das h\u00f6lzerne Nummernspiel von Educo ist Teil der <a href=\"https:\/\/teiaeducation.ch\/product-category\/brands\/educo\/mathematical-play\/\">mathematischen Spiel<\/a> Reihe, deren Produkte das zuk\u00fcnftige Verst\u00e4ndnis f\u00fcr Mathematik bei jungen Lernenden f\u00f6rdern, das durch eine fr\u00fche Grundlage auf der Basis eines hochwertigen, anspruchsvollen und zug\u00e4nglichen Mathematikunterrichts erforderlich ist.<\/p>\n<p>Educo Nummernspiel aus Holz ist f\u00fcr Kinder ab 4 Jahren geeignet.<\/p>\n<p>Inhalt:<\/p>\n<p>216 Holztheken in 6 Farben und 2 Gr\u00f6\u00dfen<br \/>\n20 Plastikkarten mit den Zahlen 1-10<br \/>\n20 Plastikkarten mit Punkten 1-10<br \/>\n6 Plastikkarten mit den mathematischen Zeichen +, &#8211; und =<br \/>\nEine Holzkiste zur Aufbewahrung (34 x 20 x 6 cm)<\/p>\n<h2>\u00dcber Educo<\/h2>\n<p>Die niederl\u00e4ndische Marke <a href=\"https:\/\/teiaeducation.ch\/product-category\/brands\/educo\/\">Educo<\/a> steht f\u00fcr eine bunte Welt des spielerischen <a href=\"https:\/\/teiaeducation.ch\/product-category\/learning-themes\/\">Lernens<\/a>, herausfordernde Lernspiele und Spielzeuge! Die hochwertigen und langlebigen Educo Produkte orientieren sich an Alltagssituationen und helfen Babys und Kindern, Spiele mit regul\u00e4ren Themen zu verbinden und den Lernprozess in eine Simulation ihrer nat\u00fcrlichen Umgebung zu verwandeln.<\/p>\n<p>Das Educo-Sortiment ist in drei Entwicklungsbereiche unterteilt: <a href=\"https:\/\/teiaeducation.ch\/product-category\/brands\/educo\/motor-play\/\">Motorik<\/a>, <a href=\"https:\/\/teiaeducation.ch\/product-category\/brands\/educo\/language-play\/\">Sprache<\/a> und <a href=\"https:\/\/teiaeducation.ch\/product-category\/brands\/educo\/mathematical-play\/\">Mathematik<\/a>. Im Jahr 2023 wurde ein umfassendes Sortiment an <a href=\"https:\/\/teiaeducation.ch\/product-category\/brands\/educo\/montessori-toys-range-0-3-years\/\">Montessori Spielzeug<\/a> f\u00fcr Kinder im Alter von 0 bis 3 Jahren eingef\u00fchrt, um das Wachstum und die Entwicklung der Kleinen bestm\u00f6glich zu f\u00f6rdern.<\/p>\n<p>Die aktiven, spielerischen Lernprodukte von Educo sind haupts\u00e4chlich aus Holz gefertigt und bestehen aus nachhaltigen Materialien wie Farben und Lacken auf Wasserbasis. Die <a href=\"https:\/\/teiaeducation.ch\/product-category\/hgh-quality-toys-play\/\">Spielzeuge<\/a> sind so konzipiert, dass sie \u00fcber viele Jahre hinweg robust verwendet werden k\u00f6nnen, spielerisches Lernen f\u00f6rdern und Kinder im Alter von 0-12 Jahren zu Wachstum und Erfolg inspirieren.<\/p>\n<p>Sie erf\u00fcllen die Anforderungen der verschiedenen europ\u00e4ischen und internationalen Sicherheitsvorschriften f\u00fcr Spielzeug und entsprechen der Richtlinie 2009\/48\/EG \u00fcber die Sicherheit von Spielzeug, einschlie\u00dflich EN81 und ASTM.<\/p>\n","protected":false},"excerpt":{"rendered":"<p>Artikelnummer: E522152<\/p>\n<p>Das hochwertige Educo Nummernspiel aus Holz ist ein Lernspielzeug, das zur Veranschaulichung von Gleichungen dient und Kinder an mathematische Konzepte heranf\u00fchrt.<\/p>\n","protected":false},"featured_media":58522,"comment_status":"closed","ping_status":"closed","template":"","meta":[],"product_brand":[],"product_cat":[21445,21542,21479,21599,21538,21491,21509,21537,21605,21481,22182,21546,21443,21563,21494,21495,21678,21482,21564,21540,21608,21547],"product_tag":[27525,27526,27511],"class_list":{"0":"post-58521","1":"product","2":"type-product","3":"status-publish","4":"has-post-thumbnail","6":"product_cat-3-6-jahre-vorschule","7":"product_cat-abteilung","8":"product_cat-lernmaterialien-spielzeug-montessori-waldorf-steiner-froebel","9":"product_cat-educo-de","10":"product_cat-ergaenzung","11":"product_cat-geschenk-guide-lerngeschenke","12":"product_cat-lernthemen","13":"product_cat-mathematik-rechnen","14":"product_cat-mathematisches-spiel","15":"product_cat-montessori-paedagogik-material-spielzeug","16":"product_cat-montessori-spielzeug","17":"product_cat-multiplikation","18":"product_cat-nach-alter","19":"product_cat-neuheiten","20":"product_cat-schulbedarf-fuer-zuhause","21":"product_cat-schulbedarf-fuer-zuhause-3-6-jahre","22":"product_cat-kinder-spielzeug","23":"product_cat-traditionelle-bildung","24":"product_cat-unsere-marken","25":"product_cat-zaehlen","26":"product_cat-zahlenverstaendnis","27":"product_cat-ziffern","28":"product_tag-hochwertiges-lernspielzeug-aus-holz","29":"product_tag-holzerne-nummernspiel-educo","30":"product_tag-mathematisches-spiel","32":"first","33":"instock","34":"taxable","35":"shipping-taxable","36":"purchasable","37":"product-type-simple"},"yoast_head":"<!-- This site is optimized with the Yoast SEO Premium plugin v25.8 (Yoast SEO v27.4) - https:\/\/yoast.com\/product\/yoast-seo-premium-wordpress\/ -->\n<title>Nummernspiel aus Holz - Educo - Teia Education &amp; Play<\/title>\n<meta name=\"description\" content=\"Das Educo Nummernspiel aus Holz ist ein Lernspielzeug, das zur Veranschaulichung von Gleichungen dient und Kinder an mathematische Konzepte heranf\u00fchrt.\" \/>\n<meta name=\"robots\" content=\"index, follow, max-snippet:-1, max-image-preview:large, max-video-preview:-1\" \/>\n<link rel=\"canonical\" href=\"https:\/\/teiaeducation.ch\/de\/produkt\/nummernspiel-educo\/\" \/>\n<meta property=\"og:locale\" content=\"de_DE\" \/>\n<meta property=\"og:type\" content=\"article\" \/>\n<meta property=\"og:title\" content=\"Nummernspiel aus Holz - Educo\" \/>\n<meta property=\"og:description\" content=\"Das Educo Nummernspiel aus Holz ist ein Lernspielzeug, das zur Veranschaulichung von Gleichungen dient und Kinder an mathematische Konzepte heranf\u00fchrt.\" \/>\n<meta property=\"og:url\" content=\"https:\/\/teiaeducation.ch\/de\/produkt\/nummernspiel-educo\/\" \/>\n<meta property=\"og:site_name\" content=\"Sustainable Educational Products &amp; Ecological Toys\u00a0\" \/>\n<meta property=\"article:publisher\" content=\"https:\/\/www.facebook.com\/teiaeducation\/\" \/>\n<meta property=\"article:modified_time\" content=\"2024-09-17T09:42:16+00:00\" \/>\n<meta property=\"og:image\" content=\"https:\/\/teiaeducation.ch\/wp-content\/uploads\/2020\/12\/Wooden-number-game-High-quality-wooden-educational-toy-Educo-scaled.jpg\" \/>\n\t<meta property=\"og:image:width\" content=\"900\" \/>\n\t<meta property=\"og:image:height\" content=\"900\" \/>\n\t<meta property=\"og:image:type\" content=\"image\/jpeg\" \/>\n<script type=\"application\/ld+json\" class=\"yoast-schema-graph\">{\"@context\":\"https:\\\/\\\/schema.org\",\"@graph\":[{\"@type\":\"WebPage\",\"@id\":\"https:\\\/\\\/teiaeducation.ch\\\/de\\\/produkt\\\/nummernspiel-educo\\\/\",\"url\":\"https:\\\/\\\/teiaeducation.ch\\\/de\\\/produkt\\\/nummernspiel-educo\\\/\",\"name\":\"Nummernspiel aus Holz - Educo - Teia Education & Play\",\"isPartOf\":{\"@id\":\"https:\\\/\\\/teiaeducation.ch\\\/de\\\/#website\"},\"primaryImageOfPage\":{\"@id\":\"https:\\\/\\\/teiaeducation.ch\\\/de\\\/produkt\\\/nummernspiel-educo\\\/#primaryimage\"},\"image\":{\"@id\":\"https:\\\/\\\/teiaeducation.ch\\\/de\\\/produkt\\\/nummernspiel-educo\\\/#primaryimage\"},\"thumbnailUrl\":\"https:\\\/\\\/teiaeducation.ch\\\/wp-content\\\/uploads\\\/2020\\\/12\\\/Wooden-number-game-High-quality-wooden-educational-toy-Educo-scaled.jpg\",\"datePublished\":\"2020-12-15T09:18:48+00:00\",\"dateModified\":\"2024-09-17T09:42:16+00:00\",\"description\":\"Das Educo Nummernspiel aus Holz ist ein Lernspielzeug, das zur Veranschaulichung von Gleichungen dient und Kinder an mathematische Konzepte heranf\u00fchrt.\",\"breadcrumb\":{\"@id\":\"https:\\\/\\\/teiaeducation.ch\\\/de\\\/produkt\\\/nummernspiel-educo\\\/#breadcrumb\"},\"inLanguage\":\"de-CH\",\"potentialAction\":[{\"@type\":\"ReadAction\",\"target\":[\"https:\\\/\\\/teiaeducation.ch\\\/de\\\/produkt\\\/nummernspiel-educo\\\/\"]}]},{\"@type\":\"ImageObject\",\"inLanguage\":\"de-CH\",\"@id\":\"https:\\\/\\\/teiaeducation.ch\\\/de\\\/produkt\\\/nummernspiel-educo\\\/#primaryimage\",\"url\":\"https:\\\/\\\/teiaeducation.ch\\\/wp-content\\\/uploads\\\/2020\\\/12\\\/Wooden-number-game-High-quality-wooden-educational-toy-Educo-scaled.jpg\",\"contentUrl\":\"https:\\\/\\\/teiaeducation.ch\\\/wp-content\\\/uploads\\\/2020\\\/12\\\/Wooden-number-game-High-quality-wooden-educational-toy-Educo-scaled.jpg\",\"width\":900,\"height\":900,\"caption\":\"Nummernspiel : Hochwertiges Lernspielzeug aus Holz - Educo\"},{\"@type\":\"BreadcrumbList\",\"@id\":\"https:\\\/\\\/teiaeducation.ch\\\/de\\\/produkt\\\/nummernspiel-educo\\\/#breadcrumb\",\"itemListElement\":[{\"@type\":\"ListItem\",\"position\":1,\"name\":\"Home\",\"item\":\"https:\\\/\\\/teiaeducation.ch\\\/de\\\/\"},{\"@type\":\"ListItem\",\"position\":2,\"name\":\"Laden\",\"item\":\"https:\\\/\\\/teiaeducation.ch\\\/de\\\/shop\\\/\"},{\"@type\":\"ListItem\",\"position\":3,\"name\":\"Unsere Marken\",\"item\":\"https:\\\/\\\/teiaeducation.ch\\\/de\\\/produkt-kategorie\\\/unsere-marken\\\/\"},{\"@type\":\"ListItem\",\"position\":4,\"name\":\"Educo\",\"item\":\"https:\\\/\\\/teiaeducation.ch\\\/de\\\/produkt-kategorie\\\/unsere-marken\\\/educo-de\\\/\"},{\"@type\":\"ListItem\",\"position\":5,\"name\":\"Mathematisches Spiel\",\"item\":\"https:\\\/\\\/teiaeducation.ch\\\/de\\\/produkt-kategorie\\\/unsere-marken\\\/educo-de\\\/mathematisches-spiel\\\/\"},{\"@type\":\"ListItem\",\"position\":6,\"name\":\"Zahlenverst\u00e4ndnis\",\"item\":\"https:\\\/\\\/teiaeducation.ch\\\/de\\\/produkt-kategorie\\\/unsere-marken\\\/educo-de\\\/mathematisches-spiel\\\/zahlenverstaendnis\\\/\"},{\"@type\":\"ListItem\",\"position\":7,\"name\":\"Nummernspiel aus Holz &#8211; Educo\"}]},{\"@type\":\"WebSite\",\"@id\":\"https:\\\/\\\/teiaeducation.ch\\\/de\\\/#website\",\"url\":\"https:\\\/\\\/teiaeducation.ch\\\/de\\\/\",\"name\":\"Sustainable Educational Products &amp; Ecological Toys\u00a0\",\"description\":\"Specialised Swiss shop selling sustainable educational toys and games, AMI certified Montessori materials, handmade ecological wooden Waldorf toys and arts &amp; crafts supplies, school supplies, children&#039;s furniture and Montessori reference and parenting books.\",\"publisher\":{\"@id\":\"https:\\\/\\\/teiaeducation.ch\\\/de\\\/#organization\"},\"alternateName\":\"Teia Education & Play\",\"potentialAction\":[{\"@type\":\"SearchAction\",\"target\":{\"@type\":\"EntryPoint\",\"urlTemplate\":\"https:\\\/\\\/teiaeducation.ch\\\/de\\\/?s={search_term_string}\"},\"query-input\":{\"@type\":\"PropertyValueSpecification\",\"valueRequired\":true,\"valueName\":\"search_term_string\"}}],\"inLanguage\":\"de-CH\"},{\"@type\":\"Organization\",\"@id\":\"https:\\\/\\\/teiaeducation.ch\\\/de\\\/#organization\",\"name\":\"Teia Education & Play\",\"url\":\"https:\\\/\\\/teiaeducation.ch\\\/de\\\/\",\"logo\":{\"@type\":\"ImageObject\",\"inLanguage\":\"de-CH\",\"@id\":\"https:\\\/\\\/teiaeducation.ch\\\/de\\\/#\\\/schema\\\/logo\\\/image\\\/\",\"url\":\"https:\\\/\\\/teiaeducation.ch\\\/wp-content\\\/uploads\\\/2020\\\/11\\\/Teia-Education-Switzerland-e1620156442216.jpg\",\"contentUrl\":\"https:\\\/\\\/teiaeducation.ch\\\/wp-content\\\/uploads\\\/2020\\\/11\\\/Teia-Education-Switzerland-e1620156442216.jpg\",\"width\":166,\"height\":145,\"caption\":\"Teia Education & Play\"},\"image\":{\"@id\":\"https:\\\/\\\/teiaeducation.ch\\\/de\\\/#\\\/schema\\\/logo\\\/image\\\/\"},\"sameAs\":[\"https:\\\/\\\/www.facebook.com\\\/teiaeducation\\\/\",\"https:\\\/\\\/x.com\\\/EducationTeia\",\"https:\\\/\\\/www.instagram.com\\\/teia.education\\\/\",\"https:\\\/\\\/www.linkedin.com\\\/company\\\/35501660\",\"https:\\\/\\\/www.pinterest.ch\\\/TeiaEducation\\\/\"]}]}<\/script>\n<meta property=\"product:price:amount\" content=\"83.90\" \/>\n<meta property=\"product:price:currency\" content=\"CHF\" \/>\n<meta property=\"og:availability\" content=\"instock\" \/>\n<meta property=\"product:availability\" content=\"instock\" \/>\n<meta property=\"product:retailer_item_id\" content=\"2f0724e23782\" \/>\n<meta property=\"product:condition\" content=\"new\" \/>\n<!-- \/ Yoast SEO Premium plugin. -->","yoast_head_json":{"title":"Nummernspiel aus Holz - Educo - Teia Education & Play","description":"Das Educo Nummernspiel aus Holz ist ein Lernspielzeug, das zur Veranschaulichung von Gleichungen dient und Kinder an mathematische Konzepte heranf\u00fchrt.","robots":{"index":"index","follow":"follow","max-snippet":"max-snippet:-1","max-image-preview":"max-image-preview:large","max-video-preview":"max-video-preview:-1"},"canonical":"https:\/\/teiaeducation.ch\/de\/produkt\/nummernspiel-educo\/","og_locale":"de_DE","og_type":"article","og_title":"Nummernspiel aus Holz - Educo","og_description":"Das Educo Nummernspiel aus Holz ist ein Lernspielzeug, das zur Veranschaulichung von Gleichungen dient und Kinder an mathematische Konzepte heranf\u00fchrt.","og_url":"https:\/\/teiaeducation.ch\/de\/produkt\/nummernspiel-educo\/","og_site_name":"Sustainable Educational Products &amp; Ecological Toys\u00a0","article_publisher":"https:\/\/www.facebook.com\/teiaeducation\/","article_modified_time":"2024-09-17T09:42:16+00:00","og_image":[{"width":900,"height":900,"url":"https:\/\/teiaeducation.ch\/wp-content\/uploads\/2020\/12\/Wooden-number-game-High-quality-wooden-educational-toy-Educo-scaled.jpg","type":"image\/jpeg"}],"schema":{"@context":"https:\/\/schema.org","@graph":[{"@type":"WebPage","@id":"https:\/\/teiaeducation.ch\/de\/produkt\/nummernspiel-educo\/","url":"https:\/\/teiaeducation.ch\/de\/produkt\/nummernspiel-educo\/","name":"Nummernspiel aus Holz - Educo - Teia Education & Play","isPartOf":{"@id":"https:\/\/teiaeducation.ch\/de\/#website"},"primaryImageOfPage":{"@id":"https:\/\/teiaeducation.ch\/de\/produkt\/nummernspiel-educo\/#primaryimage"},"image":{"@id":"https:\/\/teiaeducation.ch\/de\/produkt\/nummernspiel-educo\/#primaryimage"},"thumbnailUrl":"https:\/\/teiaeducation.ch\/wp-content\/uploads\/2020\/12\/Wooden-number-game-High-quality-wooden-educational-toy-Educo-scaled.jpg","datePublished":"2020-12-15T09:18:48+00:00","dateModified":"2024-09-17T09:42:16+00:00","description":"Das Educo Nummernspiel aus Holz ist ein Lernspielzeug, das zur Veranschaulichung von Gleichungen dient und Kinder an mathematische Konzepte heranf\u00fchrt.","breadcrumb":{"@id":"https:\/\/teiaeducation.ch\/de\/produkt\/nummernspiel-educo\/#breadcrumb"},"inLanguage":"de-CH","potentialAction":[{"@type":"ReadAction","target":["https:\/\/teiaeducation.ch\/de\/produkt\/nummernspiel-educo\/"]}]},{"@type":"ImageObject","inLanguage":"de-CH","@id":"https:\/\/teiaeducation.ch\/de\/produkt\/nummernspiel-educo\/#primaryimage","url":"https:\/\/teiaeducation.ch\/wp-content\/uploads\/2020\/12\/Wooden-number-game-High-quality-wooden-educational-toy-Educo-scaled.jpg","contentUrl":"https:\/\/teiaeducation.ch\/wp-content\/uploads\/2020\/12\/Wooden-number-game-High-quality-wooden-educational-toy-Educo-scaled.jpg","width":900,"height":900,"caption":"Nummernspiel : Hochwertiges Lernspielzeug aus Holz - Educo"},{"@type":"BreadcrumbList","@id":"https:\/\/teiaeducation.ch\/de\/produkt\/nummernspiel-educo\/#breadcrumb","itemListElement":[{"@type":"ListItem","position":1,"name":"Home","item":"https:\/\/teiaeducation.ch\/de\/"},{"@type":"ListItem","position":2,"name":"Laden","item":"https:\/\/teiaeducation.ch\/de\/shop\/"},{"@type":"ListItem","position":3,"name":"Unsere Marken","item":"https:\/\/teiaeducation.ch\/de\/produkt-kategorie\/unsere-marken\/"},{"@type":"ListItem","position":4,"name":"Educo","item":"https:\/\/teiaeducation.ch\/de\/produkt-kategorie\/unsere-marken\/educo-de\/"},{"@type":"ListItem","position":5,"name":"Mathematisches Spiel","item":"https:\/\/teiaeducation.ch\/de\/produkt-kategorie\/unsere-marken\/educo-de\/mathematisches-spiel\/"},{"@type":"ListItem","position":6,"name":"Zahlenverst\u00e4ndnis","item":"https:\/\/teiaeducation.ch\/de\/produkt-kategorie\/unsere-marken\/educo-de\/mathematisches-spiel\/zahlenverstaendnis\/"},{"@type":"ListItem","position":7,"name":"Nummernspiel aus Holz &#8211; Educo"}]},{"@type":"WebSite","@id":"https:\/\/teiaeducation.ch\/de\/#website","url":"https:\/\/teiaeducation.ch\/de\/","name":"Sustainable Educational Products &amp; Ecological Toys\u00a0","description":"Specialised Swiss shop selling sustainable educational toys and games, AMI certified Montessori materials, handmade ecological wooden Waldorf toys and arts &amp; crafts supplies, school supplies, children&#039;s furniture and Montessori reference and parenting books.","publisher":{"@id":"https:\/\/teiaeducation.ch\/de\/#organization"},"alternateName":"Teia Education & Play","potentialAction":[{"@type":"SearchAction","target":{"@type":"EntryPoint","urlTemplate":"https:\/\/teiaeducation.ch\/de\/?s={search_term_string}"},"query-input":{"@type":"PropertyValueSpecification","valueRequired":true,"valueName":"search_term_string"}}],"inLanguage":"de-CH"},{"@type":"Organization","@id":"https:\/\/teiaeducation.ch\/de\/#organization","name":"Teia Education & Play","url":"https:\/\/teiaeducation.ch\/de\/","logo":{"@type":"ImageObject","inLanguage":"de-CH","@id":"https:\/\/teiaeducation.ch\/de\/#\/schema\/logo\/image\/","url":"https:\/\/teiaeducation.ch\/wp-content\/uploads\/2020\/11\/Teia-Education-Switzerland-e1620156442216.jpg","contentUrl":"https:\/\/teiaeducation.ch\/wp-content\/uploads\/2020\/11\/Teia-Education-Switzerland-e1620156442216.jpg","width":166,"height":145,"caption":"Teia Education & Play"},"image":{"@id":"https:\/\/teiaeducation.ch\/de\/#\/schema\/logo\/image\/"},"sameAs":["https:\/\/www.facebook.com\/teiaeducation\/","https:\/\/x.com\/EducationTeia","https:\/\/www.instagram.com\/teia.education\/","https:\/\/www.linkedin.com\/company\/35501660","https:\/\/www.pinterest.ch\/TeiaEducation\/"]}]},"product_price_amount":"83.90","product_price_currency":"CHF","og_availability":"instock","product_availability":"instock","product_retailer_item_id":"2f0724e23782","product_condition":"new"},"_links":{"self":[{"href":"https:\/\/teiaeducation.ch\/de\/wp-json\/wp\/v2\/product\/58521","targetHints":{"allow":["GET"]}}],"collection":[{"href":"https:\/\/teiaeducation.ch\/de\/wp-json\/wp\/v2\/product"}],"about":[{"href":"https:\/\/teiaeducation.ch\/de\/wp-json\/wp\/v2\/types\/product"}],"replies":[{"embeddable":true,"href":"https:\/\/teiaeducation.ch\/de\/wp-json\/wp\/v2\/comments?post=58521"}],"wp:featuredmedia":[{"embeddable":true,"href":"https:\/\/teiaeducation.ch\/de\/wp-json\/wp\/v2\/media\/58522"}],"wp:attachment":[{"href":"https:\/\/teiaeducation.ch\/de\/wp-json\/wp\/v2\/media?parent=58521"}],"wp:term":[{"taxonomy":"product_brand","embeddable":true,"href":"https:\/\/teiaeducation.ch\/de\/wp-json\/wp\/v2\/product_brand?post=58521"},{"taxonomy":"product_cat","embeddable":true,"href":"https:\/\/teiaeducation.ch\/de\/wp-json\/wp\/v2\/product_cat?post=58521"},{"taxonomy":"product_tag","embeddable":true,"href":"https:\/\/teiaeducation.ch\/de\/wp-json\/wp\/v2\/product_tag?post=58521"}],"curies":[{"name":"wp","href":"https:\/\/api.w.org\/{rel}","templated":true}]}}