{"id":58727,"date":"2019-05-26T12:00:41","date_gmt":"2019-05-26T10:00:41","guid":{"rendered":"https:\/\/teiaeducation.ch\/product\/jahreszeiten-puzzle-1-sommer-educo\/"},"modified":"2024-09-17T16:31:27","modified_gmt":"2024-09-17T14:31:27","slug":"jahreszeiten-puzzle-1-sommer-educo","status":"publish","type":"product","link":"https:\/\/teiaeducation.ch\/de\/produkt\/jahreszeiten-puzzle-1-sommer-educo\/","title":{"rendered":"Jahreszeiten Puzzle 1 Sommer &#8211; Educo"},"content":{"rendered":"<p>Dieses farbenfrohe Educo Jahreszeiten Puzzle 1 <a href=\"https:\/\/teiaeducation.ch\/de\/produkt-kategorie\/saisonale-kollektionen\/sommer-kollektion\/\">Sommer<\/a> mit 16 Teilen ist ein Puzzle, das vollst\u00e4ndig aus Holz besteht. Das Puzzle geh\u00f6rt zur vierteiligen <a href=\"https:\/\/teiaeducation.ch\/product-category\/curriculum-areas\/culture-science\/seasons-weather\/\">Jahreszeiten<\/a>-Serie (Fr\u00fchling, Sommer, Herbst und Winter) und erm\u00f6glicht es dem Kind, die Sommerzeit zu erkunden.<\/p>\n<p>Das wundersch\u00f6n illustrierte Sommerpuzzle ist 34 x 34 Zentimeter gro\u00df und besteht aus 16 stabilen Holzpuzzleteilen, die in eine Buchenholzplatte eingelegt sind. Das Puzzle zeigt eine Sommerszene vor einem Haus; die gesamte Serie von vier Puzzles zeigt dasselbe Haus, aber zu verschiedenen Jahreszeiten.<\/p>\n<p>Die Arbeit mit den Educo Jahreszeitenpuzzles regt zu assoziativen \u00dcbungen an, die sich an realen Sehensw\u00fcrdigkeiten und Aktivit\u00e4ten orientieren. Es erm\u00f6glicht lebhafte Diskussionen, die \u00fcber den Unterricht hinausgehen und das Bewusstsein und das Verst\u00e4ndnis f\u00fcr die verschiedenen Jahreszeiten f\u00f6rdern.<\/p>\n<p>Die Jahreszeiten Puzzles f\u00f6rdern die Kreativit\u00e4t, die Vorstellungskraft sowie die Sprach- und Lesef\u00e4higkeiten. Wie alle Puzzles aus dem Educo Puzzlespielsortiment regt auch dieses hochwertige Puzzle spielerisch das kritische Denken und Probleml\u00f6sungstechniken an.<\/p>\n<p>Dieses Puzzle ist f\u00fcr Kinder ab 4 Jahren geeignet.<\/p>\n<p>Inhalt:<\/p>\n<p>1 Einlegebrett aus Holz (34 x 34 x 1 cm)<br \/>\n16 Holzpuzzleteile aus 4 mm Birkensperrholz<\/p>\n<h2>\u00dcber Educo<\/h2>\n<p>Die niederl\u00e4ndische Marke <a href=\"https:\/\/teiaeducation.ch\/product-category\/brands\/educo\/\">Educo<\/a> steht f\u00fcr eine bunte Welt des spielerischen <a href=\"https:\/\/teiaeducation.ch\/product-category\/learning-themes\/\">Lernens<\/a>, herausfordernde Lernspiele und Spielzeuge! Die hochwertigen und langlebigen Educo Produkte orientieren sich an Alltagssituationen und helfen Babys und Kindern, Spiele mit regul\u00e4ren Themen zu verbinden und den Lernprozess in eine Simulation ihrer nat\u00fcrlichen Umgebung zu verwandeln.<\/p>\n<p>Das Educo-Sortiment ist in drei Entwicklungsbereiche unterteilt: <a href=\"https:\/\/teiaeducation.ch\/product-category\/brands\/educo\/motor-play\/\">Motorik<\/a>, <a href=\"https:\/\/teiaeducation.ch\/product-category\/brands\/educo\/language-play\/\">Sprache<\/a> und <a href=\"https:\/\/teiaeducation.ch\/product-category\/brands\/educo\/mathematical-play\/\">Mathematik<\/a>. Im Jahr 2023 wurde ein umfassendes Sortiment an <a href=\"https:\/\/teiaeducation.ch\/product-category\/brands\/educo\/montessori-toys-range-0-3-years\/\">Montessori Spielzeug<\/a> f\u00fcr Kinder im Alter von 0 bis 3 Jahren eingef\u00fchrt, um das Wachstum und die Entwicklung der Kleinen bestm\u00f6glich zu f\u00f6rdern.<\/p>\n<p>Die aktiven, spielerischen Lernprodukte von Educo sind haupts\u00e4chlich aus Holz gefertigt und bestehen aus nachhaltigen Materialien wie Farben und Lacken auf Wasserbasis. Die <a href=\"https:\/\/teiaeducation.ch\/product-category\/hgh-quality-toys-play\/\">Spielzeuge<\/a> sind so konzipiert, dass sie \u00fcber viele Jahre hinweg robust verwendet werden k\u00f6nnen, spielerisches Lernen f\u00f6rdern und Kinder im Alter von 0-12 Jahren zu Wachstum und Erfolg inspirieren.<\/p>\n<p>Sie erf\u00fcllen die Anforderungen der verschiedenen europ\u00e4ischen und internationalen Sicherheitsvorschriften f\u00fcr Spielzeug und entsprechen der Richtlinie 2009\/48\/EG \u00fcber die Sicherheit von Spielzeug, einschlie\u00dflich EN81 und ASTM.<\/p>\n","protected":false},"excerpt":{"rendered":"<p>Artikelnummer: E522856<\/p>\n<p>Dieses farbenfrohe Educo Jahreszeiten Puzzle 1 Sommer aus Holz und f\u00f6rdert das Bewusstsein und das Verst\u00e4ndnis f\u00fcr die verschiedenen Jahreszeiten!<\/p>\n","protected":false},"featured_media":58728,"comment_status":"closed","ping_status":"closed","template":"","meta":[],"product_brand":[],"product_cat":[21445,21524,21479,21599,21535,21707,21521,21510,21509,21559,21443,21615,22362,21557,23636,21678,21482,21564,21536],"product_tag":[27496,27393,27540,27392,23474,27620,23473,24316,27472,27487,27621,27488],"class_list":{"0":"post-58727","1":"product","2":"type-product","3":"status-publish","4":"has-post-thumbnail","6":"product_cat-3-6-jahre-vorschule","7":"product_cat-alphabetisierung-sprache","8":"product_cat-lernmaterialien-spielzeug-montessori-waldorf-steiner-froebel","9":"product_cat-educo-de","10":"product_cat-geschichtenerzaehlen","11":"product_cat-holzpuzzles","12":"product_cat-jahreszeiten-wetter","13":"product_cat-kultur-wissenschaft","14":"product_cat-lernthemen","15":"product_cat-motorische-fertigkeiten","16":"product_cat-nach-alter","17":"product_cat-puzzle-spiel","18":"product_cat-saisonale-kollektionen","19":"product_cat-sensorische-motorische-fertigkeiten","20":"product_cat-sommer-kollektion","21":"product_cat-kinder-spielzeug","22":"product_cat-traditionelle-bildung","23":"product_cat-unsere-marken","24":"product_cat-wortschatz","25":"product_tag-educo-holz-puzzle","26":"product_tag-educo-holzpuzzle","27":"product_tag-educo-puzzlespiel","28":"product_tag-educo-schweiz","29":"product_tag-heutink-international-schweiz","30":"product_tag-jahreszeiten-puzzle-aus-holz","31":"product_tag-lehrmittel-schweiz","32":"product_tag-lernspielzeug-schweiz","33":"product_tag-puzzle-spielen","34":"product_tag-puzzlespiele","35":"product_tag-sommerpuzzle-aus-holz","36":"product_tag-spielen-und-ratsel-losen","38":"first","39":"instock","40":"taxable","41":"shipping-taxable","42":"purchasable","43":"product-type-simple"},"yoast_head":"<!-- This site is optimized with the Yoast SEO plugin v27.3 - https:\/\/yoast.com\/product\/yoast-seo-wordpress\/ -->\n<title>Jahreszeiten Puzzle 1 Sommer (16 St\u00fcck) - Educo<\/title>\n<meta name=\"description\" content=\"Dieses farbenfrohe Educo Jahreszeiten Puzzle 1 Sommer aus Holz und f\u00f6rdert das Bewusstsein und das Verst\u00e4ndnis f\u00fcr die verschiedenen Jahreszeiten.\" \/>\n<meta name=\"robots\" content=\"index, follow, max-snippet:-1, max-image-preview:large, max-video-preview:-1\" \/>\n<link rel=\"canonical\" href=\"https:\/\/teiaeducation.ch\/de\/produkt\/jahreszeiten-puzzle-1-sommer-educo\/\" \/>\n<meta property=\"og:locale\" content=\"de_DE\" \/>\n<meta property=\"og:type\" content=\"article\" \/>\n<meta property=\"og:title\" content=\"Jahreszeiten Puzzle 1 Sommer (16 St\u00fcck) - Educo\" \/>\n<meta property=\"og:description\" content=\"Dieses farbenfrohe Educo Jahreszeiten Puzzle 1 Sommer aus Holz und f\u00f6rdert das Bewusstsein und das Verst\u00e4ndnis f\u00fcr die verschiedenen Jahreszeiten.\" \/>\n<meta property=\"og:url\" content=\"https:\/\/teiaeducation.ch\/de\/produkt\/jahreszeiten-puzzle-1-sommer-educo\/\" \/>\n<meta property=\"og:site_name\" content=\"Sustainable Educational Products &amp; Ecological Toys\u00a0\" \/>\n<meta property=\"article:publisher\" content=\"https:\/\/www.facebook.com\/teiaeducation\/\" \/>\n<meta property=\"article:modified_time\" content=\"2024-09-17T14:31:27+00:00\" \/>\n<meta property=\"og:image\" content=\"https:\/\/teiaeducation.ch\/wp-content\/uploads\/2019\/05\/Seasons-puzzle-1-summer-Educo.jpg\" \/>\n\t<meta property=\"og:image:width\" content=\"900\" \/>\n\t<meta property=\"og:image:height\" content=\"900\" \/>\n\t<meta property=\"og:image:type\" content=\"image\/jpeg\" \/>\n<script type=\"application\/ld+json\" class=\"yoast-schema-graph\">{\"@context\":\"https:\\\/\\\/schema.org\",\"@graph\":[{\"@type\":\"WebPage\",\"@id\":\"https:\\\/\\\/teiaeducation.ch\\\/de\\\/produkt\\\/jahreszeiten-puzzle-1-sommer-educo\\\/\",\"url\":\"https:\\\/\\\/teiaeducation.ch\\\/de\\\/produkt\\\/jahreszeiten-puzzle-1-sommer-educo\\\/\",\"name\":\"Jahreszeiten Puzzle 1 Sommer (16 St\u00fcck) - Educo\",\"isPartOf\":{\"@id\":\"https:\\\/\\\/teiaeducation.ch\\\/de\\\/#website\"},\"primaryImageOfPage\":{\"@id\":\"https:\\\/\\\/teiaeducation.ch\\\/de\\\/produkt\\\/jahreszeiten-puzzle-1-sommer-educo\\\/#primaryimage\"},\"image\":{\"@id\":\"https:\\\/\\\/teiaeducation.ch\\\/de\\\/produkt\\\/jahreszeiten-puzzle-1-sommer-educo\\\/#primaryimage\"},\"thumbnailUrl\":\"https:\\\/\\\/teiaeducation.ch\\\/wp-content\\\/uploads\\\/2019\\\/05\\\/Seasons-puzzle-1-summer-Educo.jpg\",\"datePublished\":\"2019-05-26T10:00:41+00:00\",\"dateModified\":\"2024-09-17T14:31:27+00:00\",\"description\":\"Dieses farbenfrohe Educo Jahreszeiten Puzzle 1 Sommer aus Holz und f\u00f6rdert das Bewusstsein und das Verst\u00e4ndnis f\u00fcr die verschiedenen Jahreszeiten.\",\"breadcrumb\":{\"@id\":\"https:\\\/\\\/teiaeducation.ch\\\/de\\\/produkt\\\/jahreszeiten-puzzle-1-sommer-educo\\\/#breadcrumb\"},\"inLanguage\":\"de-CH\",\"potentialAction\":[{\"@type\":\"ReadAction\",\"target\":[\"https:\\\/\\\/teiaeducation.ch\\\/de\\\/produkt\\\/jahreszeiten-puzzle-1-sommer-educo\\\/\"]}]},{\"@type\":\"ImageObject\",\"inLanguage\":\"de-CH\",\"@id\":\"https:\\\/\\\/teiaeducation.ch\\\/de\\\/produkt\\\/jahreszeiten-puzzle-1-sommer-educo\\\/#primaryimage\",\"url\":\"https:\\\/\\\/teiaeducation.ch\\\/wp-content\\\/uploads\\\/2019\\\/05\\\/Seasons-puzzle-1-summer-Educo.jpg\",\"contentUrl\":\"https:\\\/\\\/teiaeducation.ch\\\/wp-content\\\/uploads\\\/2019\\\/05\\\/Seasons-puzzle-1-summer-Educo.jpg\",\"width\":900,\"height\":900,\"caption\":\"Jahreszeiten Puzzle 1 - Sommer - Educo\"},{\"@type\":\"BreadcrumbList\",\"@id\":\"https:\\\/\\\/teiaeducation.ch\\\/de\\\/produkt\\\/jahreszeiten-puzzle-1-sommer-educo\\\/#breadcrumb\",\"itemListElement\":[{\"@type\":\"ListItem\",\"position\":1,\"name\":\"Home\",\"item\":\"https:\\\/\\\/teiaeducation.ch\\\/de\\\/\"},{\"@type\":\"ListItem\",\"position\":2,\"name\":\"Laden\",\"item\":\"https:\\\/\\\/teiaeducation.ch\\\/de\\\/shop\\\/\"},{\"@type\":\"ListItem\",\"position\":3,\"name\":\"Lernthemen\",\"item\":\"https:\\\/\\\/teiaeducation.ch\\\/de\\\/produkt-kategorie\\\/lernthemen\\\/\"},{\"@type\":\"ListItem\",\"position\":4,\"name\":\"Alphabetisierung &amp; Sprache\",\"item\":\"https:\\\/\\\/teiaeducation.ch\\\/de\\\/produkt-kategorie\\\/lernthemen\\\/alphabetisierung-sprache\\\/\"},{\"@type\":\"ListItem\",\"position\":5,\"name\":\"Geschichtenerz\u00e4hlen\",\"item\":\"https:\\\/\\\/teiaeducation.ch\\\/de\\\/produkt-kategorie\\\/lernthemen\\\/alphabetisierung-sprache\\\/geschichtenerzaehlen\\\/\"},{\"@type\":\"ListItem\",\"position\":6,\"name\":\"Jahreszeiten Puzzle 1 Sommer &#8211; Educo\"}]},{\"@type\":\"WebSite\",\"@id\":\"https:\\\/\\\/teiaeducation.ch\\\/de\\\/#website\",\"url\":\"https:\\\/\\\/teiaeducation.ch\\\/de\\\/\",\"name\":\"Sustainable Educational Products &amp; Ecological Toys\u00a0\",\"description\":\"Specialised Swiss shop selling sustainable educational toys and games, AMI certified Montessori materials, handmade ecological wooden Waldorf toys and arts &amp; crafts supplies, school supplies, children&#039;s furniture and Montessori reference and parenting books.\",\"publisher\":{\"@id\":\"https:\\\/\\\/teiaeducation.ch\\\/de\\\/#organization\"},\"alternateName\":\"Teia Education & Play\",\"potentialAction\":[{\"@type\":\"SearchAction\",\"target\":{\"@type\":\"EntryPoint\",\"urlTemplate\":\"https:\\\/\\\/teiaeducation.ch\\\/de\\\/?s={search_term_string}\"},\"query-input\":{\"@type\":\"PropertyValueSpecification\",\"valueRequired\":true,\"valueName\":\"search_term_string\"}}],\"inLanguage\":\"de-CH\"},{\"@type\":\"Organization\",\"@id\":\"https:\\\/\\\/teiaeducation.ch\\\/de\\\/#organization\",\"name\":\"Teia Education & Play\",\"url\":\"https:\\\/\\\/teiaeducation.ch\\\/de\\\/\",\"logo\":{\"@type\":\"ImageObject\",\"inLanguage\":\"de-CH\",\"@id\":\"https:\\\/\\\/teiaeducation.ch\\\/de\\\/#\\\/schema\\\/logo\\\/image\\\/\",\"url\":\"https:\\\/\\\/teiaeducation.ch\\\/wp-content\\\/uploads\\\/2020\\\/11\\\/Teia-Education-Switzerland-e1620156442216.jpg\",\"contentUrl\":\"https:\\\/\\\/teiaeducation.ch\\\/wp-content\\\/uploads\\\/2020\\\/11\\\/Teia-Education-Switzerland-e1620156442216.jpg\",\"width\":166,\"height\":145,\"caption\":\"Teia Education & Play\"},\"image\":{\"@id\":\"https:\\\/\\\/teiaeducation.ch\\\/de\\\/#\\\/schema\\\/logo\\\/image\\\/\"},\"sameAs\":[\"https:\\\/\\\/www.facebook.com\\\/teiaeducation\\\/\",\"https:\\\/\\\/x.com\\\/EducationTeia\",\"https:\\\/\\\/www.instagram.com\\\/teia.education\\\/\",\"https:\\\/\\\/www.linkedin.com\\\/company\\\/35501660\",\"https:\\\/\\\/www.pinterest.ch\\\/TeiaEducation\\\/\"]}]}<\/script>\n<!-- \/ Yoast SEO plugin. -->","yoast_head_json":{"title":"Jahreszeiten Puzzle 1 Sommer (16 St\u00fcck) - Educo","description":"Dieses farbenfrohe Educo Jahreszeiten Puzzle 1 Sommer aus Holz und f\u00f6rdert das Bewusstsein und das Verst\u00e4ndnis f\u00fcr die verschiedenen Jahreszeiten.","robots":{"index":"index","follow":"follow","max-snippet":"max-snippet:-1","max-image-preview":"max-image-preview:large","max-video-preview":"max-video-preview:-1"},"canonical":"https:\/\/teiaeducation.ch\/de\/produkt\/jahreszeiten-puzzle-1-sommer-educo\/","og_locale":"de_DE","og_type":"article","og_title":"Jahreszeiten Puzzle 1 Sommer (16 St\u00fcck) - Educo","og_description":"Dieses farbenfrohe Educo Jahreszeiten Puzzle 1 Sommer aus Holz und f\u00f6rdert das Bewusstsein und das Verst\u00e4ndnis f\u00fcr die verschiedenen Jahreszeiten.","og_url":"https:\/\/teiaeducation.ch\/de\/produkt\/jahreszeiten-puzzle-1-sommer-educo\/","og_site_name":"Sustainable Educational Products &amp; Ecological Toys\u00a0","article_publisher":"https:\/\/www.facebook.com\/teiaeducation\/","article_modified_time":"2024-09-17T14:31:27+00:00","og_image":[{"width":900,"height":900,"url":"https:\/\/teiaeducation.ch\/wp-content\/uploads\/2019\/05\/Seasons-puzzle-1-summer-Educo.jpg","type":"image\/jpeg"}],"schema":{"@context":"https:\/\/schema.org","@graph":[{"@type":"WebPage","@id":"https:\/\/teiaeducation.ch\/de\/produkt\/jahreszeiten-puzzle-1-sommer-educo\/","url":"https:\/\/teiaeducation.ch\/de\/produkt\/jahreszeiten-puzzle-1-sommer-educo\/","name":"Jahreszeiten Puzzle 1 Sommer (16 St\u00fcck) - Educo","isPartOf":{"@id":"https:\/\/teiaeducation.ch\/de\/#website"},"primaryImageOfPage":{"@id":"https:\/\/teiaeducation.ch\/de\/produkt\/jahreszeiten-puzzle-1-sommer-educo\/#primaryimage"},"image":{"@id":"https:\/\/teiaeducation.ch\/de\/produkt\/jahreszeiten-puzzle-1-sommer-educo\/#primaryimage"},"thumbnailUrl":"https:\/\/teiaeducation.ch\/wp-content\/uploads\/2019\/05\/Seasons-puzzle-1-summer-Educo.jpg","datePublished":"2019-05-26T10:00:41+00:00","dateModified":"2024-09-17T14:31:27+00:00","description":"Dieses farbenfrohe Educo Jahreszeiten Puzzle 1 Sommer aus Holz und f\u00f6rdert das Bewusstsein und das Verst\u00e4ndnis f\u00fcr die verschiedenen Jahreszeiten.","breadcrumb":{"@id":"https:\/\/teiaeducation.ch\/de\/produkt\/jahreszeiten-puzzle-1-sommer-educo\/#breadcrumb"},"inLanguage":"de-CH","potentialAction":[{"@type":"ReadAction","target":["https:\/\/teiaeducation.ch\/de\/produkt\/jahreszeiten-puzzle-1-sommer-educo\/"]}]},{"@type":"ImageObject","inLanguage":"de-CH","@id":"https:\/\/teiaeducation.ch\/de\/produkt\/jahreszeiten-puzzle-1-sommer-educo\/#primaryimage","url":"https:\/\/teiaeducation.ch\/wp-content\/uploads\/2019\/05\/Seasons-puzzle-1-summer-Educo.jpg","contentUrl":"https:\/\/teiaeducation.ch\/wp-content\/uploads\/2019\/05\/Seasons-puzzle-1-summer-Educo.jpg","width":900,"height":900,"caption":"Jahreszeiten Puzzle 1 - Sommer - Educo"},{"@type":"BreadcrumbList","@id":"https:\/\/teiaeducation.ch\/de\/produkt\/jahreszeiten-puzzle-1-sommer-educo\/#breadcrumb","itemListElement":[{"@type":"ListItem","position":1,"name":"Home","item":"https:\/\/teiaeducation.ch\/de\/"},{"@type":"ListItem","position":2,"name":"Laden","item":"https:\/\/teiaeducation.ch\/de\/shop\/"},{"@type":"ListItem","position":3,"name":"Lernthemen","item":"https:\/\/teiaeducation.ch\/de\/produkt-kategorie\/lernthemen\/"},{"@type":"ListItem","position":4,"name":"Alphabetisierung &amp; Sprache","item":"https:\/\/teiaeducation.ch\/de\/produkt-kategorie\/lernthemen\/alphabetisierung-sprache\/"},{"@type":"ListItem","position":5,"name":"Geschichtenerz\u00e4hlen","item":"https:\/\/teiaeducation.ch\/de\/produkt-kategorie\/lernthemen\/alphabetisierung-sprache\/geschichtenerzaehlen\/"},{"@type":"ListItem","position":6,"name":"Jahreszeiten Puzzle 1 Sommer &#8211; Educo"}]},{"@type":"WebSite","@id":"https:\/\/teiaeducation.ch\/de\/#website","url":"https:\/\/teiaeducation.ch\/de\/","name":"Sustainable Educational Products &amp; Ecological Toys\u00a0","description":"Specialised Swiss shop selling sustainable educational toys and games, AMI certified Montessori materials, handmade ecological wooden Waldorf toys and arts &amp; crafts supplies, school supplies, children&#039;s furniture and Montessori reference and parenting books.","publisher":{"@id":"https:\/\/teiaeducation.ch\/de\/#organization"},"alternateName":"Teia Education & Play","potentialAction":[{"@type":"SearchAction","target":{"@type":"EntryPoint","urlTemplate":"https:\/\/teiaeducation.ch\/de\/?s={search_term_string}"},"query-input":{"@type":"PropertyValueSpecification","valueRequired":true,"valueName":"search_term_string"}}],"inLanguage":"de-CH"},{"@type":"Organization","@id":"https:\/\/teiaeducation.ch\/de\/#organization","name":"Teia Education & Play","url":"https:\/\/teiaeducation.ch\/de\/","logo":{"@type":"ImageObject","inLanguage":"de-CH","@id":"https:\/\/teiaeducation.ch\/de\/#\/schema\/logo\/image\/","url":"https:\/\/teiaeducation.ch\/wp-content\/uploads\/2020\/11\/Teia-Education-Switzerland-e1620156442216.jpg","contentUrl":"https:\/\/teiaeducation.ch\/wp-content\/uploads\/2020\/11\/Teia-Education-Switzerland-e1620156442216.jpg","width":166,"height":145,"caption":"Teia Education & Play"},"image":{"@id":"https:\/\/teiaeducation.ch\/de\/#\/schema\/logo\/image\/"},"sameAs":["https:\/\/www.facebook.com\/teiaeducation\/","https:\/\/x.com\/EducationTeia","https:\/\/www.instagram.com\/teia.education\/","https:\/\/www.linkedin.com\/company\/35501660","https:\/\/www.pinterest.ch\/TeiaEducation\/"]}]}},"_links":{"self":[{"href":"https:\/\/teiaeducation.ch\/de\/wp-json\/wp\/v2\/product\/58727","targetHints":{"allow":["GET"]}}],"collection":[{"href":"https:\/\/teiaeducation.ch\/de\/wp-json\/wp\/v2\/product"}],"about":[{"href":"https:\/\/teiaeducation.ch\/de\/wp-json\/wp\/v2\/types\/product"}],"replies":[{"embeddable":true,"href":"https:\/\/teiaeducation.ch\/de\/wp-json\/wp\/v2\/comments?post=58727"}],"wp:featuredmedia":[{"embeddable":true,"href":"https:\/\/teiaeducation.ch\/de\/wp-json\/wp\/v2\/media\/58728"}],"wp:attachment":[{"href":"https:\/\/teiaeducation.ch\/de\/wp-json\/wp\/v2\/media?parent=58727"}],"wp:term":[{"taxonomy":"product_brand","embeddable":true,"href":"https:\/\/teiaeducation.ch\/de\/wp-json\/wp\/v2\/product_brand?post=58727"},{"taxonomy":"product_cat","embeddable":true,"href":"https:\/\/teiaeducation.ch\/de\/wp-json\/wp\/v2\/product_cat?post=58727"},{"taxonomy":"product_tag","embeddable":true,"href":"https:\/\/teiaeducation.ch\/de\/wp-json\/wp\/v2\/product_tag?post=58727"}],"curies":[{"name":"wp","href":"https:\/\/api.w.org\/{rel}","templated":true}]}}