{"id":58776,"date":"2019-02-01T14:46:25","date_gmt":"2019-02-01T13:46:25","guid":{"rendered":"https:\/\/teiaeducation.ch\/product\/usa-puzzle-golden-gate-bruecke-educo\/"},"modified":"2024-09-17T16:46:45","modified_gmt":"2024-09-17T14:46:45","slug":"usa-puzzle-golden-gate-bruecke-educo","status":"publish","type":"product","link":"https:\/\/teiaeducation.ch\/de\/produkt\/usa-puzzle-golden-gate-bruecke-educo\/","title":{"rendered":"USA Puzzle Golden Gate Br\u00fccke &#8211; Educo"},"content":{"rendered":"<p>Das Educo USA-Puzzle Die Golden Gate Bridge ist ein gro\u00dfes <a href=\"https:\/\/teiaeducation.ch\/product-category\/gift-guide-wooden-puzzles\/\">Puzzle<\/a>, das vollst\u00e4ndig aus Holz ist gefertigt. Als Teil einer Serie von vier Puzzles (das Wei\u00dfe Haus, die Golden Gate Bridge, Mount Rushmore und die Freiheitsstatue) erm\u00f6glicht das Puzzle dem Kind, die Welt zu erkunden.<\/p>\n<p>Dieses gro\u00dfe und wundersch\u00f6n illustrierte Puzzle zum Thema Wahrzeichen misst 40 x 40 Zentimeter und besteht aus 36 stabilen Holzpuzzleteilen, die in ein Einlegebrett aus Buchenholz eingelegt sind, und zeigt die ber\u00fchmte Golden Gate Bridge in San Francisco, Vereinigte Staaten von Amerika.<\/p>\n<p>Die Arbeit mit diesem Puzzle regt zu Assoziations\u00fcbungen an, die sich auf Sehensw\u00fcrdigkeiten und Aktivit\u00e4ten im wirklichen Leben beziehen. Sie erm\u00f6glicht lebhafte Diskussionen, die \u00fcber den Unterricht hinausgehen, und f\u00f6rdert das Bewusstsein und ein tieferes Verst\u00e4ndnis f\u00fcr andere Kulturen, das Erbe, die Lebensweise und die Welt im Allgemeinen.<\/p>\n<p>Die Puzzles aus den USA f\u00f6rdern die Kreativit\u00e4t, die Vorstellungskraft sowie die Sprach- und Lesefertigkeiten. Wie alle Puzzles aus dem Educo Puzzlespielsortiment regt auch dieses hochwertige Puzzle spielerisch das kritische Denken und Probleml\u00f6sungstechniken an.<\/p>\n<p>Das Educo USA Puzzle Golden Gate Br\u00fccke ist f\u00fcr Kinder ab 4 Jahren geeignet.<\/p>\n<p>Inhalt:<\/p>\n<p>1 Einlegebrett aus Holz (40 x 40 cm)<br \/>\n36 Holzpuzzleteile aus 4 mm Birkensperrholz<\/p>\n<h2>\u00dcber Educo<\/h2>\n<p>Die niederl\u00e4ndische Marke <a href=\"https:\/\/teiaeducation.ch\/product-category\/brands\/educo\/\">Educo<\/a> steht f\u00fcr eine bunte Welt des spielerischen <a href=\"https:\/\/teiaeducation.ch\/product-category\/learning-themes\/\">Lernens<\/a>, herausfordernde Lernspiele und Spielzeuge! Die hochwertigen und langlebigen Educo Produkte orientieren sich an Alltagssituationen und helfen Babys und Kindern, Spiele mit regul\u00e4ren Themen zu verbinden und den Lernprozess in eine Simulation ihrer nat\u00fcrlichen Umgebung zu verwandeln.<\/p>\n<p>Das Educo-Sortiment ist in drei Entwicklungsbereiche unterteilt: <a href=\"https:\/\/teiaeducation.ch\/product-category\/brands\/educo\/motor-play\/\">Motorik<\/a>, <a href=\"https:\/\/teiaeducation.ch\/product-category\/brands\/educo\/language-play\/\">Sprache<\/a> und <a href=\"https:\/\/teiaeducation.ch\/product-category\/brands\/educo\/mathematical-play\/\">Mathematik<\/a>. Im Jahr 2023 wurde ein umfassendes Sortiment an <a href=\"https:\/\/teiaeducation.ch\/product-category\/brands\/educo\/montessori-toys-range-0-3-years\/\">Montessori Spielzeug<\/a> f\u00fcr Kinder im Alter von 0 bis 3 Jahren eingef\u00fchrt, um das Wachstum und die Entwicklung der Kleinen bestm\u00f6glich zu f\u00f6rdern.<\/p>\n<p>Die aktiven, spielerischen Lernprodukte von Educo sind haupts\u00e4chlich aus Holz gefertigt und bestehen aus nachhaltigen Materialien wie Farben und Lacken auf Wasserbasis. Die <a href=\"https:\/\/teiaeducation.ch\/product-category\/hgh-quality-toys-play\/\">Spielzeuge<\/a> sind so konzipiert, dass sie \u00fcber viele Jahre hinweg robust verwendet werden k\u00f6nnen, spielerisches Lernen f\u00f6rdern und Kinder im Alter von 0-12 Jahren zu Wachstum und Erfolg inspirieren.<\/p>\n<p>Sie erf\u00fcllen die Anforderungen der verschiedenen europ\u00e4ischen und internationalen Sicherheitsvorschriften f\u00fcr Spielzeug und entsprechen der Richtlinie 2009\/48\/EG \u00fcber die Sicherheit von Spielzeug, einschlie\u00dflich EN81 und ASTM.<\/p>\n","protected":false},"excerpt":{"rendered":"<p>Artikelnummer: E523288<\/p>\n<p>Das Educo USA Puzzle Golden Gate Bridge ist ein gro\u00dfes, vollst\u00e4ndig aus Holz gefertigtes Bilderpuzzle, mit dem das Kind die Welt erkunden kann.<\/p>\n","protected":false},"featured_media":58777,"comment_status":"closed","ping_status":"closed","template":"","meta":[],"product_brand":[],"product_cat":[21445,21446,21524,21671,21479,21688,21599,21535,21707,21517,21510,21509,21559,21443,21615,21557,21678,21482,21564,21536],"product_tag":[27656,27393,27584,27540,27392,27651,27654,23474,23473,24316,27655],"class_list":{"0":"post-58776","1":"product","2":"type-product","3":"status-publish","4":"has-post-thumbnail","6":"product_cat-3-6-jahre-vorschule","7":"product_cat-6-12-jahre-grundschule","8":"product_cat-alphabetisierung-sprache","9":"product_cat-angebot","10":"product_cat-lernmaterialien-spielzeug-montessori-waldorf-steiner-froebel","11":"product_cat-bunte-puzzlespiele","12":"product_cat-educo-de","13":"product_cat-geschichtenerzaehlen","14":"product_cat-holzpuzzles","15":"product_cat-humangeographie-kultur","16":"product_cat-kultur-wissenschaft","17":"product_cat-lernthemen","18":"product_cat-motorische-fertigkeiten","19":"product_cat-nach-alter","20":"product_cat-puzzle-spiel","21":"product_cat-sensorische-motorische-fertigkeiten","22":"product_cat-kinder-spielzeug","23":"product_cat-traditionelle-bildung","24":"product_cat-unsere-marken","25":"product_cat-wortschatz","26":"product_tag-bildung","27":"product_tag-educo-holzpuzzle","28":"product_tag-educo-lehrmaterial-aus-holz","29":"product_tag-educo-puzzlespiel","30":"product_tag-educo-schweiz","31":"product_tag-educo-usa-puzzle-de","32":"product_tag-educo-usa-puzzle-golden-gate-brucke","33":"product_tag-heutink-international-schweiz","34":"product_tag-lehrmittel-schweiz","35":"product_tag-lernspielzeug-schweiz","36":"product_tag-usa-puzzle-golden-gate-brucke-aus-holz","38":"first","39":"instock","40":"sale","41":"taxable","42":"shipping-taxable","43":"purchasable","44":"product-type-simple"},"yoast_head":"<!-- This site is optimized with the Yoast SEO plugin v27.1.1 - https:\/\/yoast.com\/product\/yoast-seo-wordpress\/ -->\n<title>USA Puzzle Golden Gate Br\u00fccke - Educo - Teia Education &amp; Play<\/title>\n<meta name=\"description\" content=\"Das Educo USA Puzzle Golden Gate Bridge ist ein gro\u00dfes, vollst\u00e4ndig aus Holz gefertigtes Bilderpuzzle, mit dem das Kind die Welt erkunden kann.\" \/>\n<meta name=\"robots\" content=\"index, follow, max-snippet:-1, max-image-preview:large, max-video-preview:-1\" \/>\n<link rel=\"canonical\" href=\"https:\/\/teiaeducation.ch\/de\/produkt\/usa-puzzle-golden-gate-bruecke-educo\/\" \/>\n<meta property=\"og:locale\" content=\"de_DE\" \/>\n<meta property=\"og:type\" content=\"article\" \/>\n<meta property=\"og:title\" content=\"USA Puzzle Golden Gate Br\u00fccke - Educo - Teia Education &amp; Play\" \/>\n<meta property=\"og:description\" content=\"Das Educo USA Puzzle Golden Gate Bridge ist ein gro\u00dfes, vollst\u00e4ndig aus Holz gefertigtes Bilderpuzzle, mit dem das Kind die Welt erkunden kann.\" \/>\n<meta property=\"og:url\" content=\"https:\/\/teiaeducation.ch\/de\/produkt\/usa-puzzle-golden-gate-bruecke-educo\/\" \/>\n<meta property=\"og:site_name\" content=\"Sustainable Educational Products &amp; Ecological Toys\u00a0\" \/>\n<meta property=\"article:publisher\" content=\"https:\/\/www.facebook.com\/teiaeducation\/\" \/>\n<meta property=\"article:modified_time\" content=\"2024-09-17T14:46:45+00:00\" \/>\n<meta property=\"og:image\" content=\"https:\/\/teiaeducation.ch\/wp-content\/uploads\/2019\/01\/E523288.jpg\" \/>\n\t<meta property=\"og:image:width\" content=\"900\" \/>\n\t<meta property=\"og:image:height\" content=\"900\" \/>\n\t<meta property=\"og:image:type\" content=\"image\/jpeg\" \/>\n<script type=\"application\/ld+json\" class=\"yoast-schema-graph\">{\"@context\":\"https:\/\/schema.org\",\"@graph\":[{\"@type\":\"WebPage\",\"@id\":\"https:\/\/teiaeducation.ch\/de\/produkt\/usa-puzzle-golden-gate-bruecke-educo\/\",\"url\":\"https:\/\/teiaeducation.ch\/de\/produkt\/usa-puzzle-golden-gate-bruecke-educo\/\",\"name\":\"USA Puzzle Golden Gate Br\u00fccke - Educo - Teia Education & Play\",\"isPartOf\":{\"@id\":\"https:\/\/teiaeducation.ch\/de\/#website\"},\"primaryImageOfPage\":{\"@id\":\"https:\/\/teiaeducation.ch\/de\/produkt\/usa-puzzle-golden-gate-bruecke-educo\/#primaryimage\"},\"image\":{\"@id\":\"https:\/\/teiaeducation.ch\/de\/produkt\/usa-puzzle-golden-gate-bruecke-educo\/#primaryimage\"},\"thumbnailUrl\":\"https:\/\/teiaeducation.ch\/wp-content\/uploads\/2019\/01\/E523288.jpg\",\"datePublished\":\"2019-02-01T13:46:25+00:00\",\"dateModified\":\"2024-09-17T14:46:45+00:00\",\"description\":\"Das Educo USA Puzzle Golden Gate Bridge ist ein gro\u00dfes, vollst\u00e4ndig aus Holz gefertigtes Bilderpuzzle, mit dem das Kind die Welt erkunden kann.\",\"breadcrumb\":{\"@id\":\"https:\/\/teiaeducation.ch\/de\/produkt\/usa-puzzle-golden-gate-bruecke-educo\/#breadcrumb\"},\"inLanguage\":\"de-CH\",\"potentialAction\":[{\"@type\":\"ReadAction\",\"target\":[\"https:\/\/teiaeducation.ch\/de\/produkt\/usa-puzzle-golden-gate-bruecke-educo\/\"]}]},{\"@type\":\"ImageObject\",\"inLanguage\":\"de-CH\",\"@id\":\"https:\/\/teiaeducation.ch\/de\/produkt\/usa-puzzle-golden-gate-bruecke-educo\/#primaryimage\",\"url\":\"https:\/\/teiaeducation.ch\/wp-content\/uploads\/2019\/01\/E523288.jpg\",\"contentUrl\":\"https:\/\/teiaeducation.ch\/wp-content\/uploads\/2019\/01\/E523288.jpg\",\"width\":900,\"height\":900,\"caption\":\"USA Puzzle - Golden Gate Br\u00fccke - Educo\"},{\"@type\":\"BreadcrumbList\",\"@id\":\"https:\/\/teiaeducation.ch\/de\/produkt\/usa-puzzle-golden-gate-bruecke-educo\/#breadcrumb\",\"itemListElement\":[{\"@type\":\"ListItem\",\"position\":1,\"name\":\"Home\",\"item\":\"https:\/\/teiaeducation.ch\/de\/\"},{\"@type\":\"ListItem\",\"position\":2,\"name\":\"Laden\",\"item\":\"https:\/\/teiaeducation.ch\/de\/shop\/\"},{\"@type\":\"ListItem\",\"position\":3,\"name\":\"Lernthemen\",\"item\":\"https:\/\/teiaeducation.ch\/de\/produkt-kategorie\/lernthemen\/\"},{\"@type\":\"ListItem\",\"position\":4,\"name\":\"Alphabetisierung &amp; Sprache\",\"item\":\"https:\/\/teiaeducation.ch\/de\/produkt-kategorie\/lernthemen\/alphabetisierung-sprache\/\"},{\"@type\":\"ListItem\",\"position\":5,\"name\":\"Geschichtenerz\u00e4hlen\",\"item\":\"https:\/\/teiaeducation.ch\/de\/produkt-kategorie\/lernthemen\/alphabetisierung-sprache\/geschichtenerzaehlen\/\"},{\"@type\":\"ListItem\",\"position\":6,\"name\":\"USA Puzzle Golden Gate Br\u00fccke &#8211; Educo\"}]},{\"@type\":\"WebSite\",\"@id\":\"https:\/\/teiaeducation.ch\/de\/#website\",\"url\":\"https:\/\/teiaeducation.ch\/de\/\",\"name\":\"Sustainable Educational Products &amp; Ecological Toys\u00a0\",\"description\":\"Specialised Swiss shop selling sustainable educational toys and games, AMI certified Montessori materials, handmade ecological wooden Waldorf toys and arts &amp; crafts supplies, school supplies, children&#039;s furniture and Montessori reference and parenting books.\",\"publisher\":{\"@id\":\"https:\/\/teiaeducation.ch\/de\/#organization\"},\"alternateName\":\"Teia Education & Play\",\"potentialAction\":[{\"@type\":\"SearchAction\",\"target\":{\"@type\":\"EntryPoint\",\"urlTemplate\":\"https:\/\/teiaeducation.ch\/de\/?s={search_term_string}\"},\"query-input\":{\"@type\":\"PropertyValueSpecification\",\"valueRequired\":true,\"valueName\":\"search_term_string\"}}],\"inLanguage\":\"de-CH\"},{\"@type\":\"Organization\",\"@id\":\"https:\/\/teiaeducation.ch\/de\/#organization\",\"name\":\"Teia Education & Play\",\"url\":\"https:\/\/teiaeducation.ch\/de\/\",\"logo\":{\"@type\":\"ImageObject\",\"inLanguage\":\"de-CH\",\"@id\":\"https:\/\/teiaeducation.ch\/de\/#\/schema\/logo\/image\/\",\"url\":\"https:\/\/teiaeducation.ch\/wp-content\/uploads\/2020\/11\/Teia-Education-Switzerland-e1620156442216.jpg\",\"contentUrl\":\"https:\/\/teiaeducation.ch\/wp-content\/uploads\/2020\/11\/Teia-Education-Switzerland-e1620156442216.jpg\",\"width\":166,\"height\":145,\"caption\":\"Teia Education & Play\"},\"image\":{\"@id\":\"https:\/\/teiaeducation.ch\/de\/#\/schema\/logo\/image\/\"},\"sameAs\":[\"https:\/\/www.facebook.com\/teiaeducation\/\",\"https:\/\/x.com\/EducationTeia\",\"https:\/\/www.instagram.com\/teia.education\/\",\"https:\/\/www.linkedin.com\/company\/35501660\",\"https:\/\/www.pinterest.ch\/TeiaEducation\/\"]}]}<\/script>\n<!-- \/ Yoast SEO plugin. -->","yoast_head_json":{"title":"USA Puzzle Golden Gate Br\u00fccke - Educo - Teia Education & Play","description":"Das Educo USA Puzzle Golden Gate Bridge ist ein gro\u00dfes, vollst\u00e4ndig aus Holz gefertigtes Bilderpuzzle, mit dem das Kind die Welt erkunden kann.","robots":{"index":"index","follow":"follow","max-snippet":"max-snippet:-1","max-image-preview":"max-image-preview:large","max-video-preview":"max-video-preview:-1"},"canonical":"https:\/\/teiaeducation.ch\/de\/produkt\/usa-puzzle-golden-gate-bruecke-educo\/","og_locale":"de_DE","og_type":"article","og_title":"USA Puzzle Golden Gate Br\u00fccke - Educo - Teia Education & Play","og_description":"Das Educo USA Puzzle Golden Gate Bridge ist ein gro\u00dfes, vollst\u00e4ndig aus Holz gefertigtes Bilderpuzzle, mit dem das Kind die Welt erkunden kann.","og_url":"https:\/\/teiaeducation.ch\/de\/produkt\/usa-puzzle-golden-gate-bruecke-educo\/","og_site_name":"Sustainable Educational Products &amp; Ecological Toys\u00a0","article_publisher":"https:\/\/www.facebook.com\/teiaeducation\/","article_modified_time":"2024-09-17T14:46:45+00:00","og_image":[{"width":900,"height":900,"url":"https:\/\/teiaeducation.ch\/wp-content\/uploads\/2019\/01\/E523288.jpg","type":"image\/jpeg"}],"schema":{"@context":"https:\/\/schema.org","@graph":[{"@type":"WebPage","@id":"https:\/\/teiaeducation.ch\/de\/produkt\/usa-puzzle-golden-gate-bruecke-educo\/","url":"https:\/\/teiaeducation.ch\/de\/produkt\/usa-puzzle-golden-gate-bruecke-educo\/","name":"USA Puzzle Golden Gate Br\u00fccke - Educo - Teia Education & Play","isPartOf":{"@id":"https:\/\/teiaeducation.ch\/de\/#website"},"primaryImageOfPage":{"@id":"https:\/\/teiaeducation.ch\/de\/produkt\/usa-puzzle-golden-gate-bruecke-educo\/#primaryimage"},"image":{"@id":"https:\/\/teiaeducation.ch\/de\/produkt\/usa-puzzle-golden-gate-bruecke-educo\/#primaryimage"},"thumbnailUrl":"https:\/\/teiaeducation.ch\/wp-content\/uploads\/2019\/01\/E523288.jpg","datePublished":"2019-02-01T13:46:25+00:00","dateModified":"2024-09-17T14:46:45+00:00","description":"Das Educo USA Puzzle Golden Gate Bridge ist ein gro\u00dfes, vollst\u00e4ndig aus Holz gefertigtes Bilderpuzzle, mit dem das Kind die Welt erkunden kann.","breadcrumb":{"@id":"https:\/\/teiaeducation.ch\/de\/produkt\/usa-puzzle-golden-gate-bruecke-educo\/#breadcrumb"},"inLanguage":"de-CH","potentialAction":[{"@type":"ReadAction","target":["https:\/\/teiaeducation.ch\/de\/produkt\/usa-puzzle-golden-gate-bruecke-educo\/"]}]},{"@type":"ImageObject","inLanguage":"de-CH","@id":"https:\/\/teiaeducation.ch\/de\/produkt\/usa-puzzle-golden-gate-bruecke-educo\/#primaryimage","url":"https:\/\/teiaeducation.ch\/wp-content\/uploads\/2019\/01\/E523288.jpg","contentUrl":"https:\/\/teiaeducation.ch\/wp-content\/uploads\/2019\/01\/E523288.jpg","width":900,"height":900,"caption":"USA Puzzle - Golden Gate Br\u00fccke - Educo"},{"@type":"BreadcrumbList","@id":"https:\/\/teiaeducation.ch\/de\/produkt\/usa-puzzle-golden-gate-bruecke-educo\/#breadcrumb","itemListElement":[{"@type":"ListItem","position":1,"name":"Home","item":"https:\/\/teiaeducation.ch\/de\/"},{"@type":"ListItem","position":2,"name":"Laden","item":"https:\/\/teiaeducation.ch\/de\/shop\/"},{"@type":"ListItem","position":3,"name":"Lernthemen","item":"https:\/\/teiaeducation.ch\/de\/produkt-kategorie\/lernthemen\/"},{"@type":"ListItem","position":4,"name":"Alphabetisierung &amp; Sprache","item":"https:\/\/teiaeducation.ch\/de\/produkt-kategorie\/lernthemen\/alphabetisierung-sprache\/"},{"@type":"ListItem","position":5,"name":"Geschichtenerz\u00e4hlen","item":"https:\/\/teiaeducation.ch\/de\/produkt-kategorie\/lernthemen\/alphabetisierung-sprache\/geschichtenerzaehlen\/"},{"@type":"ListItem","position":6,"name":"USA Puzzle Golden Gate Br\u00fccke &#8211; Educo"}]},{"@type":"WebSite","@id":"https:\/\/teiaeducation.ch\/de\/#website","url":"https:\/\/teiaeducation.ch\/de\/","name":"Sustainable Educational Products &amp; Ecological Toys\u00a0","description":"Specialised Swiss shop selling sustainable educational toys and games, AMI certified Montessori materials, handmade ecological wooden Waldorf toys and arts &amp; crafts supplies, school supplies, children&#039;s furniture and Montessori reference and parenting books.","publisher":{"@id":"https:\/\/teiaeducation.ch\/de\/#organization"},"alternateName":"Teia Education & Play","potentialAction":[{"@type":"SearchAction","target":{"@type":"EntryPoint","urlTemplate":"https:\/\/teiaeducation.ch\/de\/?s={search_term_string}"},"query-input":{"@type":"PropertyValueSpecification","valueRequired":true,"valueName":"search_term_string"}}],"inLanguage":"de-CH"},{"@type":"Organization","@id":"https:\/\/teiaeducation.ch\/de\/#organization","name":"Teia Education & Play","url":"https:\/\/teiaeducation.ch\/de\/","logo":{"@type":"ImageObject","inLanguage":"de-CH","@id":"https:\/\/teiaeducation.ch\/de\/#\/schema\/logo\/image\/","url":"https:\/\/teiaeducation.ch\/wp-content\/uploads\/2020\/11\/Teia-Education-Switzerland-e1620156442216.jpg","contentUrl":"https:\/\/teiaeducation.ch\/wp-content\/uploads\/2020\/11\/Teia-Education-Switzerland-e1620156442216.jpg","width":166,"height":145,"caption":"Teia Education & Play"},"image":{"@id":"https:\/\/teiaeducation.ch\/de\/#\/schema\/logo\/image\/"},"sameAs":["https:\/\/www.facebook.com\/teiaeducation\/","https:\/\/x.com\/EducationTeia","https:\/\/www.instagram.com\/teia.education\/","https:\/\/www.linkedin.com\/company\/35501660","https:\/\/www.pinterest.ch\/TeiaEducation\/"]}]}},"_links":{"self":[{"href":"https:\/\/teiaeducation.ch\/de\/wp-json\/wp\/v2\/product\/58776","targetHints":{"allow":["GET"]}}],"collection":[{"href":"https:\/\/teiaeducation.ch\/de\/wp-json\/wp\/v2\/product"}],"about":[{"href":"https:\/\/teiaeducation.ch\/de\/wp-json\/wp\/v2\/types\/product"}],"replies":[{"embeddable":true,"href":"https:\/\/teiaeducation.ch\/de\/wp-json\/wp\/v2\/comments?post=58776"}],"wp:featuredmedia":[{"embeddable":true,"href":"https:\/\/teiaeducation.ch\/de\/wp-json\/wp\/v2\/media\/58777"}],"wp:attachment":[{"href":"https:\/\/teiaeducation.ch\/de\/wp-json\/wp\/v2\/media?parent=58776"}],"wp:term":[{"taxonomy":"product_brand","embeddable":true,"href":"https:\/\/teiaeducation.ch\/de\/wp-json\/wp\/v2\/product_brand?post=58776"},{"taxonomy":"product_cat","embeddable":true,"href":"https:\/\/teiaeducation.ch\/de\/wp-json\/wp\/v2\/product_cat?post=58776"},{"taxonomy":"product_tag","embeddable":true,"href":"https:\/\/teiaeducation.ch\/de\/wp-json\/wp\/v2\/product_tag?post=58776"}],"curies":[{"name":"wp","href":"https:\/\/api.w.org\/{rel}","templated":true}]}}