{"id":58792,"date":"2024-04-05T09:46:47","date_gmt":"2024-04-05T07:46:47","guid":{"rendered":"https:\/\/teiaeducation.ch\/product\/puzzle-kleiden-junge-educo\/"},"modified":"2024-12-05T21:39:34","modified_gmt":"2024-12-05T20:39:34","slug":"puzzle-kleiden-junge-educo","status":"publish","type":"product","link":"https:\/\/teiaeducation.ch\/de\/produkt\/puzzle-kleiden-junge-educo\/","title":{"rendered":"Anziehpuzzle Junge &#8211; Educo"},"content":{"rendered":"<p>Das Educo Anziehpuzzle ist ein aus Holz geschichtetes Lagenpuzzle, das ein Junge beim Anziehen zeigt. Die drei Lagen des Puzzles enthalten insgesamt neun Puzzleteile. Jede Schicht hat die gleichen St\u00fcckformen, so dass die verschiedenen Schichten ausgetauscht werden k\u00f6nnen.<\/p>\n<p>Das Anziehpuzzle stellt die drei Phasen des Anziehens dar: Auf der unteren Schicht ist der Junge nackt abgebildet, auf der mittleren Schicht tr\u00e4gt er seine Unterw\u00e4sche und auf der oberen Schicht ist der Junge vollst\u00e4ndig bekleidet.<\/p>\n<p>Durch die Arbeit mit dieses Lagenpuzzle wird dem Kind das Bewusstsein f\u00fcr den eigenen K\u00f6rper vermittelt. Au\u00dferdem werden die <a href=\"https:\/\/teiaeducation.ch\/product-category\/learning-themes\/sensory-motor-skills\/motor-skills\/\">Feinmotorik<\/a> des Kindes, das Erkennen von Zusammenh\u00e4ngen und die F\u00e4higkeit zu assoziieren und zu kombinieren gef\u00f6rdert.<\/p>\n<p>Das gleiche Educo Puzzle zum Anziehen <a href=\"https:\/\/teiaeducation.ch\/product\/getting-dressed-puzzle-girl-educo\/\">mit einem M\u00e4dchen<\/a> ist auch separat erh\u00e4ltlich.<\/p>\n<p>Dieses Puzzle ist f\u00fcr Kinder ab 4 Jahren geeignet.<\/p>\n<p>Inhalt:<\/p>\n<p>1 Einlegebrett (Birkensperrholz 34 x 22 cm)<br \/>\n9 Holzpuzzleteile (3 Lagen \u00e0 3)<\/p>\n<h2>\u00dcber Educo<\/h2>\n<p>Die niederl\u00e4ndische Marke <a href=\"https:\/\/teiaeducation.ch\/product-category\/brands\/educo\/\">Educo<\/a> steht f\u00fcr eine bunte Welt des spielerischen <a href=\"https:\/\/teiaeducation.ch\/product-category\/learning-themes\/\">Lernens<\/a>, herausfordernde Lernspiele und Spielzeuge! Die hochwertigen und langlebigen Educo Produkte orientieren sich an Alltagssituationen und helfen Babys und Kindern, Spiele mit regul\u00e4ren Themen zu verbinden und den Lernprozess in eine Simulation ihrer nat\u00fcrlichen Umgebung zu verwandeln.<\/p>\n<p>Das Educo-Sortiment ist in drei Entwicklungsbereiche unterteilt: <a href=\"https:\/\/teiaeducation.ch\/product-category\/brands\/educo\/motor-play\/\">Motorik<\/a>, <a href=\"https:\/\/teiaeducation.ch\/product-category\/brands\/educo\/language-play\/\">Sprache<\/a> und <a href=\"https:\/\/teiaeducation.ch\/product-category\/brands\/educo\/mathematical-play\/\">Mathematik<\/a>. Im Jahr 2023 wurde ein umfassendes Sortiment an <a href=\"https:\/\/teiaeducation.ch\/product-category\/brands\/educo\/montessori-toys-range-0-3-years\/\">Montessori Spielzeug<\/a> f\u00fcr Kinder im Alter von 0 bis 3 Jahren eingef\u00fchrt, um das Wachstum und die Entwicklung der Kleinen bestm\u00f6glich zu f\u00f6rdern.<\/p>\n<p>Die aktiven, spielerischen Lernprodukte von Educo sind haupts\u00e4chlich aus Holz gefertigt und bestehen aus nachhaltigen Materialien wie Farben und Lacken auf Wasserbasis. Die <a href=\"https:\/\/teiaeducation.ch\/product-category\/hgh-quality-toys-play\/\">Spielzeuge<\/a> sind so konzipiert, dass sie \u00fcber viele Jahre hinweg robust verwendet werden k\u00f6nnen, spielerisches Lernen f\u00f6rdern und Kinder im Alter von 0-12 Jahren zu Wachstum und Erfolg inspirieren.<\/p>\n<p>Sie erf\u00fcllen die Anforderungen der verschiedenen europ\u00e4ischen und internationalen Sicherheitsvorschriften f\u00fcr Spielzeug und entsprechen der Richtlinie 2009\/48\/EG \u00fcber die Sicherheit von Spielzeug, einschlie\u00dflich EN81 und ASTM.<\/p>\n","protected":false},"excerpt":{"rendered":"<p>Artikelnummer: E522019<\/p>\n<p>Das Educo Anziehpuzzle mit drei Lagen ist ein aus Holz geschichtetes Lagenpuzzle, das die drei Phasen des Anziehens ein Junge repr\u00e4sentiert.<\/p>\n","protected":false},"featured_media":59864,"comment_status":"closed","ping_status":"closed","template":"","meta":[],"product_brand":[],"product_cat":[21445,21479,21599,21487,21484,21707,21510,21509,21481,22182,21443,21563,21615,21494,21495,21678,21482,21556,21564],"product_tag":[27393,27394,27392,27473,27663,27472,27474],"class_list":{"0":"post-58792","1":"product","2":"type-product","3":"status-publish","4":"has-post-thumbnail","6":"product_cat-3-6-jahre-vorschule","7":"product_cat-lernmaterialien-spielzeug-montessori-waldorf-steiner-froebel","8":"product_cat-educo-de","9":"product_cat-geschenk-guide-3-6-jahre-vorschule","10":"product_cat-geschenk-guides","11":"product_cat-holzpuzzles","12":"product_cat-kultur-wissenschaft","13":"product_cat-lernthemen","14":"product_cat-montessori-paedagogik-material-spielzeug","15":"product_cat-montessori-spielzeug","16":"product_cat-nach-alter","17":"product_cat-neuheiten","18":"product_cat-puzzle-spiel","19":"product_cat-schulbedarf-fuer-zuhause","20":"product_cat-schulbedarf-fuer-zuhause-3-6-jahre","21":"product_cat-kinder-spielzeug","22":"product_cat-traditionelle-bildung","23":"product_cat-uebungen-des-praktischen-lebens","24":"product_cat-unsere-marken","25":"product_tag-educo-holzpuzzle","26":"product_tag-educo-schichtpuzzle-aus-holz","27":"product_tag-educo-schweiz","28":"product_tag-lagenpuzzle","29":"product_tag-puzzle-kleiden-junge-educo","30":"product_tag-puzzle-spielen","31":"product_tag-puzzle-zum-anziehen","33":"first","34":"instock","35":"taxable","36":"shipping-taxable","37":"purchasable","38":"product-type-simple"},"yoast_head":"<!-- This site is optimized with the Yoast SEO plugin v27.1.1 - https:\/\/yoast.com\/product\/yoast-seo-wordpress\/ -->\n<title>Anziehpuzzle Junge - Educo - Teia Education &amp; Play<\/title>\n<meta name=\"description\" content=\"Das Educo Anziehpuzzle mit drei Lagen ist ein aus Holz geschichtetes Lagenpuzzle, das die drei Phasen des Anziehens ein Junge repr\u00e4sentiert.\" \/>\n<meta name=\"robots\" content=\"index, follow, max-snippet:-1, max-image-preview:large, max-video-preview:-1\" \/>\n<link rel=\"canonical\" href=\"https:\/\/teiaeducation.ch\/de\/produkt\/puzzle-kleiden-junge-educo\/\" \/>\n<meta property=\"og:locale\" content=\"de_DE\" \/>\n<meta property=\"og:type\" content=\"article\" \/>\n<meta property=\"og:title\" content=\"Anziehpuzzle Junge - Educo - Teia Education &amp; Play\" \/>\n<meta property=\"og:description\" content=\"Das Educo Anziehpuzzle mit drei Lagen ist ein aus Holz geschichtetes Lagenpuzzle, das die drei Phasen des Anziehens ein Junge repr\u00e4sentiert.\" \/>\n<meta property=\"og:url\" content=\"https:\/\/teiaeducation.ch\/de\/produkt\/puzzle-kleiden-junge-educo\/\" \/>\n<meta property=\"og:site_name\" content=\"Sustainable Educational Products &amp; Ecological Toys\u00a0\" \/>\n<meta property=\"article:publisher\" content=\"https:\/\/www.facebook.com\/teiaeducation\/\" \/>\n<meta property=\"article:modified_time\" content=\"2024-12-05T20:39:34+00:00\" \/>\n<meta property=\"og:image\" content=\"https:\/\/teiaeducation.ch\/wp-content\/uploads\/2019\/01\/Getting-dressed-wooden-layer-puzzle-boy-Educo-1-scaled.jpg\" \/>\n\t<meta property=\"og:image:width\" content=\"2048\" \/>\n\t<meta property=\"og:image:height\" content=\"2048\" \/>\n\t<meta property=\"og:image:type\" content=\"image\/jpeg\" \/>\n<script type=\"application\/ld+json\" class=\"yoast-schema-graph\">{\"@context\":\"https:\/\/schema.org\",\"@graph\":[{\"@type\":\"WebPage\",\"@id\":\"https:\/\/teiaeducation.ch\/de\/produkt\/puzzle-kleiden-junge-educo\/\",\"url\":\"https:\/\/teiaeducation.ch\/de\/produkt\/puzzle-kleiden-junge-educo\/\",\"name\":\"Anziehpuzzle Junge - Educo - Teia Education & Play\",\"isPartOf\":{\"@id\":\"https:\/\/teiaeducation.ch\/de\/#website\"},\"primaryImageOfPage\":{\"@id\":\"https:\/\/teiaeducation.ch\/de\/produkt\/puzzle-kleiden-junge-educo\/#primaryimage\"},\"image\":{\"@id\":\"https:\/\/teiaeducation.ch\/de\/produkt\/puzzle-kleiden-junge-educo\/#primaryimage\"},\"thumbnailUrl\":\"https:\/\/teiaeducation.ch\/wp-content\/uploads\/2019\/01\/Getting-dressed-wooden-layer-puzzle-boy-Educo-1-scaled.jpg\",\"datePublished\":\"2024-04-05T07:46:47+00:00\",\"dateModified\":\"2024-12-05T20:39:34+00:00\",\"description\":\"Das Educo Anziehpuzzle mit drei Lagen ist ein aus Holz geschichtetes Lagenpuzzle, das die drei Phasen des Anziehens ein Junge repr\u00e4sentiert.\",\"breadcrumb\":{\"@id\":\"https:\/\/teiaeducation.ch\/de\/produkt\/puzzle-kleiden-junge-educo\/#breadcrumb\"},\"inLanguage\":\"de-CH\",\"potentialAction\":[{\"@type\":\"ReadAction\",\"target\":[\"https:\/\/teiaeducation.ch\/de\/produkt\/puzzle-kleiden-junge-educo\/\"]}]},{\"@type\":\"ImageObject\",\"inLanguage\":\"de-CH\",\"@id\":\"https:\/\/teiaeducation.ch\/de\/produkt\/puzzle-kleiden-junge-educo\/#primaryimage\",\"url\":\"https:\/\/teiaeducation.ch\/wp-content\/uploads\/2019\/01\/Getting-dressed-wooden-layer-puzzle-boy-Educo-1-scaled.jpg\",\"contentUrl\":\"https:\/\/teiaeducation.ch\/wp-content\/uploads\/2019\/01\/Getting-dressed-wooden-layer-puzzle-boy-Educo-1-scaled.jpg\",\"width\":2048,\"height\":2048,\"caption\":\"Educo Lagenpuzzle Anziehpuzzle junge\"},{\"@type\":\"BreadcrumbList\",\"@id\":\"https:\/\/teiaeducation.ch\/de\/produkt\/puzzle-kleiden-junge-educo\/#breadcrumb\",\"itemListElement\":[{\"@type\":\"ListItem\",\"position\":1,\"name\":\"Home\",\"item\":\"https:\/\/teiaeducation.ch\/de\/\"},{\"@type\":\"ListItem\",\"position\":2,\"name\":\"Laden\",\"item\":\"https:\/\/teiaeducation.ch\/de\/shop\/\"},{\"@type\":\"ListItem\",\"position\":3,\"name\":\"Unsere Marken\",\"item\":\"https:\/\/teiaeducation.ch\/de\/produkt-kategorie\/unsere-marken\/\"},{\"@type\":\"ListItem\",\"position\":4,\"name\":\"Educo\",\"item\":\"https:\/\/teiaeducation.ch\/de\/produkt-kategorie\/unsere-marken\/educo-de\/\"},{\"@type\":\"ListItem\",\"position\":5,\"name\":\"Puzzle Spiel\",\"item\":\"https:\/\/teiaeducation.ch\/de\/produkt-kategorie\/unsere-marken\/educo-de\/puzzle-spiel\/\"},{\"@type\":\"ListItem\",\"position\":6,\"name\":\"Anziehpuzzle Junge &#8211; Educo\"}]},{\"@type\":\"WebSite\",\"@id\":\"https:\/\/teiaeducation.ch\/de\/#website\",\"url\":\"https:\/\/teiaeducation.ch\/de\/\",\"name\":\"Sustainable Educational Products &amp; Ecological Toys\u00a0\",\"description\":\"Specialised Swiss shop selling sustainable educational toys and games, AMI certified Montessori materials, handmade ecological wooden Waldorf toys and arts &amp; crafts supplies, school supplies, children&#039;s furniture and Montessori reference and parenting books.\",\"publisher\":{\"@id\":\"https:\/\/teiaeducation.ch\/de\/#organization\"},\"alternateName\":\"Teia Education & Play\",\"potentialAction\":[{\"@type\":\"SearchAction\",\"target\":{\"@type\":\"EntryPoint\",\"urlTemplate\":\"https:\/\/teiaeducation.ch\/de\/?s={search_term_string}\"},\"query-input\":{\"@type\":\"PropertyValueSpecification\",\"valueRequired\":true,\"valueName\":\"search_term_string\"}}],\"inLanguage\":\"de-CH\"},{\"@type\":\"Organization\",\"@id\":\"https:\/\/teiaeducation.ch\/de\/#organization\",\"name\":\"Teia Education & Play\",\"url\":\"https:\/\/teiaeducation.ch\/de\/\",\"logo\":{\"@type\":\"ImageObject\",\"inLanguage\":\"de-CH\",\"@id\":\"https:\/\/teiaeducation.ch\/de\/#\/schema\/logo\/image\/\",\"url\":\"https:\/\/teiaeducation.ch\/wp-content\/uploads\/2020\/11\/Teia-Education-Switzerland-e1620156442216.jpg\",\"contentUrl\":\"https:\/\/teiaeducation.ch\/wp-content\/uploads\/2020\/11\/Teia-Education-Switzerland-e1620156442216.jpg\",\"width\":166,\"height\":145,\"caption\":\"Teia Education & Play\"},\"image\":{\"@id\":\"https:\/\/teiaeducation.ch\/de\/#\/schema\/logo\/image\/\"},\"sameAs\":[\"https:\/\/www.facebook.com\/teiaeducation\/\",\"https:\/\/x.com\/EducationTeia\",\"https:\/\/www.instagram.com\/teia.education\/\",\"https:\/\/www.linkedin.com\/company\/35501660\",\"https:\/\/www.pinterest.ch\/TeiaEducation\/\"]}]}<\/script>\n<!-- \/ Yoast SEO plugin. -->","yoast_head_json":{"title":"Anziehpuzzle Junge - Educo - Teia Education & Play","description":"Das Educo Anziehpuzzle mit drei Lagen ist ein aus Holz geschichtetes Lagenpuzzle, das die drei Phasen des Anziehens ein Junge repr\u00e4sentiert.","robots":{"index":"index","follow":"follow","max-snippet":"max-snippet:-1","max-image-preview":"max-image-preview:large","max-video-preview":"max-video-preview:-1"},"canonical":"https:\/\/teiaeducation.ch\/de\/produkt\/puzzle-kleiden-junge-educo\/","og_locale":"de_DE","og_type":"article","og_title":"Anziehpuzzle Junge - Educo - Teia Education & Play","og_description":"Das Educo Anziehpuzzle mit drei Lagen ist ein aus Holz geschichtetes Lagenpuzzle, das die drei Phasen des Anziehens ein Junge repr\u00e4sentiert.","og_url":"https:\/\/teiaeducation.ch\/de\/produkt\/puzzle-kleiden-junge-educo\/","og_site_name":"Sustainable Educational Products &amp; Ecological Toys\u00a0","article_publisher":"https:\/\/www.facebook.com\/teiaeducation\/","article_modified_time":"2024-12-05T20:39:34+00:00","og_image":[{"width":2048,"height":2048,"url":"https:\/\/teiaeducation.ch\/wp-content\/uploads\/2019\/01\/Getting-dressed-wooden-layer-puzzle-boy-Educo-1-scaled.jpg","type":"image\/jpeg"}],"schema":{"@context":"https:\/\/schema.org","@graph":[{"@type":"WebPage","@id":"https:\/\/teiaeducation.ch\/de\/produkt\/puzzle-kleiden-junge-educo\/","url":"https:\/\/teiaeducation.ch\/de\/produkt\/puzzle-kleiden-junge-educo\/","name":"Anziehpuzzle Junge - Educo - Teia Education & Play","isPartOf":{"@id":"https:\/\/teiaeducation.ch\/de\/#website"},"primaryImageOfPage":{"@id":"https:\/\/teiaeducation.ch\/de\/produkt\/puzzle-kleiden-junge-educo\/#primaryimage"},"image":{"@id":"https:\/\/teiaeducation.ch\/de\/produkt\/puzzle-kleiden-junge-educo\/#primaryimage"},"thumbnailUrl":"https:\/\/teiaeducation.ch\/wp-content\/uploads\/2019\/01\/Getting-dressed-wooden-layer-puzzle-boy-Educo-1-scaled.jpg","datePublished":"2024-04-05T07:46:47+00:00","dateModified":"2024-12-05T20:39:34+00:00","description":"Das Educo Anziehpuzzle mit drei Lagen ist ein aus Holz geschichtetes Lagenpuzzle, das die drei Phasen des Anziehens ein Junge repr\u00e4sentiert.","breadcrumb":{"@id":"https:\/\/teiaeducation.ch\/de\/produkt\/puzzle-kleiden-junge-educo\/#breadcrumb"},"inLanguage":"de-CH","potentialAction":[{"@type":"ReadAction","target":["https:\/\/teiaeducation.ch\/de\/produkt\/puzzle-kleiden-junge-educo\/"]}]},{"@type":"ImageObject","inLanguage":"de-CH","@id":"https:\/\/teiaeducation.ch\/de\/produkt\/puzzle-kleiden-junge-educo\/#primaryimage","url":"https:\/\/teiaeducation.ch\/wp-content\/uploads\/2019\/01\/Getting-dressed-wooden-layer-puzzle-boy-Educo-1-scaled.jpg","contentUrl":"https:\/\/teiaeducation.ch\/wp-content\/uploads\/2019\/01\/Getting-dressed-wooden-layer-puzzle-boy-Educo-1-scaled.jpg","width":2048,"height":2048,"caption":"Educo Lagenpuzzle Anziehpuzzle junge"},{"@type":"BreadcrumbList","@id":"https:\/\/teiaeducation.ch\/de\/produkt\/puzzle-kleiden-junge-educo\/#breadcrumb","itemListElement":[{"@type":"ListItem","position":1,"name":"Home","item":"https:\/\/teiaeducation.ch\/de\/"},{"@type":"ListItem","position":2,"name":"Laden","item":"https:\/\/teiaeducation.ch\/de\/shop\/"},{"@type":"ListItem","position":3,"name":"Unsere Marken","item":"https:\/\/teiaeducation.ch\/de\/produkt-kategorie\/unsere-marken\/"},{"@type":"ListItem","position":4,"name":"Educo","item":"https:\/\/teiaeducation.ch\/de\/produkt-kategorie\/unsere-marken\/educo-de\/"},{"@type":"ListItem","position":5,"name":"Puzzle Spiel","item":"https:\/\/teiaeducation.ch\/de\/produkt-kategorie\/unsere-marken\/educo-de\/puzzle-spiel\/"},{"@type":"ListItem","position":6,"name":"Anziehpuzzle Junge &#8211; Educo"}]},{"@type":"WebSite","@id":"https:\/\/teiaeducation.ch\/de\/#website","url":"https:\/\/teiaeducation.ch\/de\/","name":"Sustainable Educational Products &amp; Ecological Toys\u00a0","description":"Specialised Swiss shop selling sustainable educational toys and games, AMI certified Montessori materials, handmade ecological wooden Waldorf toys and arts &amp; crafts supplies, school supplies, children&#039;s furniture and Montessori reference and parenting books.","publisher":{"@id":"https:\/\/teiaeducation.ch\/de\/#organization"},"alternateName":"Teia Education & Play","potentialAction":[{"@type":"SearchAction","target":{"@type":"EntryPoint","urlTemplate":"https:\/\/teiaeducation.ch\/de\/?s={search_term_string}"},"query-input":{"@type":"PropertyValueSpecification","valueRequired":true,"valueName":"search_term_string"}}],"inLanguage":"de-CH"},{"@type":"Organization","@id":"https:\/\/teiaeducation.ch\/de\/#organization","name":"Teia Education & Play","url":"https:\/\/teiaeducation.ch\/de\/","logo":{"@type":"ImageObject","inLanguage":"de-CH","@id":"https:\/\/teiaeducation.ch\/de\/#\/schema\/logo\/image\/","url":"https:\/\/teiaeducation.ch\/wp-content\/uploads\/2020\/11\/Teia-Education-Switzerland-e1620156442216.jpg","contentUrl":"https:\/\/teiaeducation.ch\/wp-content\/uploads\/2020\/11\/Teia-Education-Switzerland-e1620156442216.jpg","width":166,"height":145,"caption":"Teia Education & Play"},"image":{"@id":"https:\/\/teiaeducation.ch\/de\/#\/schema\/logo\/image\/"},"sameAs":["https:\/\/www.facebook.com\/teiaeducation\/","https:\/\/x.com\/EducationTeia","https:\/\/www.instagram.com\/teia.education\/","https:\/\/www.linkedin.com\/company\/35501660","https:\/\/www.pinterest.ch\/TeiaEducation\/"]}]}},"_links":{"self":[{"href":"https:\/\/teiaeducation.ch\/de\/wp-json\/wp\/v2\/product\/58792","targetHints":{"allow":["GET"]}}],"collection":[{"href":"https:\/\/teiaeducation.ch\/de\/wp-json\/wp\/v2\/product"}],"about":[{"href":"https:\/\/teiaeducation.ch\/de\/wp-json\/wp\/v2\/types\/product"}],"replies":[{"embeddable":true,"href":"https:\/\/teiaeducation.ch\/de\/wp-json\/wp\/v2\/comments?post=58792"}],"wp:featuredmedia":[{"embeddable":true,"href":"https:\/\/teiaeducation.ch\/de\/wp-json\/wp\/v2\/media\/59864"}],"wp:attachment":[{"href":"https:\/\/teiaeducation.ch\/de\/wp-json\/wp\/v2\/media?parent=58792"}],"wp:term":[{"taxonomy":"product_brand","embeddable":true,"href":"https:\/\/teiaeducation.ch\/de\/wp-json\/wp\/v2\/product_brand?post=58792"},{"taxonomy":"product_cat","embeddable":true,"href":"https:\/\/teiaeducation.ch\/de\/wp-json\/wp\/v2\/product_cat?post=58792"},{"taxonomy":"product_tag","embeddable":true,"href":"https:\/\/teiaeducation.ch\/de\/wp-json\/wp\/v2\/product_tag?post=58792"}],"curies":[{"name":"wp","href":"https:\/\/api.w.org\/{rel}","templated":true}]}}