{"id":58817,"date":"2019-01-08T20:56:06","date_gmt":"2019-01-08T19:56:06","guid":{"rendered":"https:\/\/teiaeducation.ch\/product\/erzaehl-theater-educo\/"},"modified":"2024-09-17T17:03:50","modified_gmt":"2024-09-17T15:03:50","slug":"erzaehl-theater-educo","status":"publish","type":"product","link":"https:\/\/teiaeducation.ch\/de\/produkt\/erzaehl-theater-educo\/","title":{"rendered":"Kamishibai Tisch Erz\u00e4hl Theater &#8211; Educo"},"content":{"rendered":"<p>Das charmante, japanisch inspirierte Kamishibai Tisch Erz\u00e4hl Theater von Educo aus Holz ist ideal, um <a href=\"https:\/\/teiaeducation.ch\/de\/produkt-kategorie\/lernthemen\/alphabetisierung-sprache\/geschichtenerzaehlen\/\">Geschichten<\/a> und Unterricht lebendig werden zu lassen!<\/p>\n<p>Das faltbare Theater ist auch als Kamishibai bekannt, ein altes japanisches Erz\u00e4hlwerkzeug, das in Schulen, Pflegeheimen und Bibliotheken zu finden ist. Kamishibai, von kami, was Papier bedeutet, und shibai, was Spiel oder Theater bedeutet, ist eine Form des Geschichtenerz\u00e4hlens, die das Publikum einbezieht und seine Reaktionen und Antworten hervorruft.<\/p>\n<p>Der Bogen des Educo Erz\u00e4hl Theaters wirkt wie ein Bilderrahmen, der die Aufmerksamkeit der Kinder auf sich zieht. Dieser Kamishibai-Geschichtenerz\u00e4hler und kreatives Lehrmittel kann zusammen mit den Educo <a href=\"https:\/\/teiaeducation.ch\/product\/story-sheets-educo\/\">Geschichtenbl\u00e4ttern<\/a> (separat erh\u00e4ltlich) verwendet werden, um das Geschichtenerz\u00e4hlen visuell zu unterst\u00fctzen.<\/p>\n<p>Es kann auch als Puppentheater mit Hand- und Fingerpuppen, zum Aufh\u00e4ngen von Skizzen und Bildern oder als Whiteboard dienen. Diese japanische Kunstform des Geschichtenerz\u00e4hlens und der Kamishibai Darbietungen tr\u00e4gt dazu bei, die <a href=\"https:\/\/teiaeducation.ch\/de\/produkt-kategorie\/lernthemen\/alphabetisierung-sprache\/\">Sprachkenntnisse<\/a> kleiner Kinder zu entwickeln und ihren <a href=\"https:\/\/teiaeducation.ch\/de\/produkt-kategorie\/lernthemen\/alphabetisierung-sprache\/wortschatz\/\">Wortschatz<\/a> zu erweitern.<\/p>\n<p>Das Educo Kamishibai Tisch Erz\u00e4hl Theater ist f\u00fcr Kinder ab 2 Jahren geeignet.<\/p>\n<p>Inhalt:<\/p>\n<p>1 Tischplatte aus Holz (47 x 37 x 9 cm)<br \/>\n1 Wei\u00dfwandtafel<\/p>\n<h2>\u00dcber Educo<\/h2>\n<p>Die niederl\u00e4ndische Marke <a href=\"https:\/\/teiaeducation.ch\/product-category\/brands\/educo\/\">Educo<\/a> steht f\u00fcr eine bunte Welt des spielerischen <a href=\"https:\/\/teiaeducation.ch\/product-category\/learning-themes\/\">Lernens<\/a>, herausfordernde Lernspiele und Spielzeuge! Die hochwertigen und langlebigen Educo Produkte orientieren sich an Alltagssituationen und helfen Babys und Kindern, Spiele mit regul\u00e4ren Themen zu verbinden und den Lernprozess in eine Simulation ihrer nat\u00fcrlichen Umgebung zu verwandeln.<\/p>\n<p>Das Educo-Sortiment ist in drei Entwicklungsbereiche unterteilt: <a href=\"https:\/\/teiaeducation.ch\/product-category\/brands\/educo\/motor-play\/\">Motorik<\/a>, <a href=\"https:\/\/teiaeducation.ch\/product-category\/brands\/educo\/language-play\/\">Sprache<\/a> und <a href=\"https:\/\/teiaeducation.ch\/product-category\/brands\/educo\/mathematical-play\/\">Mathematik<\/a>. Im Jahr 2023 wurde ein umfassendes Sortiment an <a href=\"https:\/\/teiaeducation.ch\/product-category\/brands\/educo\/montessori-toys-range-0-3-years\/\">Montessori Spielzeug<\/a> f\u00fcr Kinder im Alter von 0 bis 3 Jahren eingef\u00fchrt, um das Wachstum und die Entwicklung der Kleinen bestm\u00f6glich zu f\u00f6rdern.<\/p>\n<p>Die aktiven, spielerischen Lernprodukte von Educo sind haupts\u00e4chlich aus Holz gefertigt und bestehen aus nachhaltigen Materialien wie Farben und Lacken auf Wasserbasis. Die <a href=\"https:\/\/teiaeducation.ch\/product-category\/hgh-quality-toys-play\/\">Spielzeuge<\/a> sind so konzipiert, dass sie \u00fcber viele Jahre hinweg robust verwendet werden k\u00f6nnen, spielerisches Lernen f\u00f6rdern und Kinder im Alter von 0-12 Jahren zu Wachstum und Erfolg inspirieren.<\/p>\n<p>Sie erf\u00fcllen die Anforderungen der verschiedenen europ\u00e4ischen und internationalen Sicherheitsvorschriften f\u00fcr Spielzeug und entsprechen der Richtlinie 2009\/48\/EG \u00fcber die Sicherheit von Spielzeug, einschlie\u00dflich EN81 und ASTM.<\/p>\n","protected":false},"excerpt":{"rendered":"<p>Artikelnummer: E522182<\/p>\n<p>Das charmante, japanisch inspirierte Educo Kamishibai Tisch Erz\u00e4hl Theater aus Holz ist ideal, um Geschichten und Unterricht lebendig werden zu lassen!<\/p>\n","protected":false},"featured_media":58818,"comment_status":"closed","ping_status":"closed","template":"","meta":[],"product_brand":[],"product_cat":[21445,21524,21479,21599,21486,21535,21509,21481,21443,21687,21494,21495,21678,21497,21601,21482,21564,21483,21604,21536],"product_tag":[26406,27670,27669],"class_list":{"0":"post-58817","1":"product","2":"type-product","3":"status-publish","4":"has-post-thumbnail","6":"product_cat-3-6-jahre-vorschule","7":"product_cat-alphabetisierung-sprache","8":"product_cat-lernmaterialien-spielzeug-montessori-waldorf-steiner-froebel","9":"product_cat-educo-de","10":"product_cat-geschenk-guide-1-3-jahre-kleinkind","11":"product_cat-geschichtenerzaehlen","12":"product_cat-lernthemen","13":"product_cat-montessori-paedagogik-material-spielzeug","14":"product_cat-nach-alter","15":"product_cat-phantasievoll-rollenspiel","16":"product_cat-schulbedarf-fuer-zuhause","17":"product_cat-schulbedarf-fuer-zuhause-3-6-jahre","18":"product_cat-kinder-spielzeug","19":"product_cat-spielen-und-lernen-fuer-babys-kleinkinder","20":"product_cat-sprachspiel-educo","21":"product_cat-traditionelle-bildung","22":"product_cat-unsere-marken","23":"product_cat-waldorf-steiner-paedagogik","24":"product_cat-woerter-wortschatz","25":"product_cat-wortschatz","26":"product_tag-educo-de","27":"product_tag-geschichtenerzahlen","28":"product_tag-kamishibai-de","30":"first","31":"instock","32":"taxable","33":"shipping-taxable","34":"purchasable","35":"product-type-simple"},"yoast_head":"<!-- This site is optimized with the Yoast SEO plugin v27.1.1 - https:\/\/yoast.com\/product\/yoast-seo-wordpress\/ -->\n<title>Kamishibai Tisch Erz\u00e4hl Theater - Educo<\/title>\n<meta name=\"description\" content=\"Das charmante, japanisch inspirierte Educo Kamishibai Tisch Erz\u00e4hl Theater aus Holz ist ideal, um Geschichten und Unterricht lebendig werden zu lassen!\" \/>\n<meta name=\"robots\" content=\"index, follow, max-snippet:-1, max-image-preview:large, max-video-preview:-1\" \/>\n<link rel=\"canonical\" href=\"https:\/\/teiaeducation.ch\/de\/produkt\/erzaehl-theater-educo\/\" \/>\n<meta property=\"og:locale\" content=\"de_DE\" \/>\n<meta property=\"og:type\" content=\"article\" \/>\n<meta property=\"og:title\" content=\"Kamishibai Tisch Erz\u00e4hl Theater - Educo\" \/>\n<meta property=\"og:description\" content=\"Das charmante, japanisch inspirierte Educo Kamishibai Tisch Erz\u00e4hl Theater aus Holz ist ideal, um Geschichten und Unterricht lebendig werden zu lassen!\" \/>\n<meta property=\"og:url\" content=\"https:\/\/teiaeducation.ch\/de\/produkt\/erzaehl-theater-educo\/\" \/>\n<meta property=\"og:site_name\" content=\"Sustainable Educational Products &amp; Ecological Toys\u00a0\" \/>\n<meta property=\"article:publisher\" content=\"https:\/\/www.facebook.com\/teiaeducation\/\" \/>\n<meta property=\"article:modified_time\" content=\"2024-09-17T15:03:50+00:00\" \/>\n<meta property=\"og:image\" content=\"https:\/\/teiaeducation.ch\/wp-content\/uploads\/2019\/01\/E522182-3.jpg\" \/>\n\t<meta property=\"og:image:width\" content=\"900\" \/>\n\t<meta property=\"og:image:height\" content=\"900\" \/>\n\t<meta property=\"og:image:type\" content=\"image\/jpeg\" \/>\n<script type=\"application\/ld+json\" class=\"yoast-schema-graph\">{\"@context\":\"https:\/\/schema.org\",\"@graph\":[{\"@type\":\"WebPage\",\"@id\":\"https:\/\/teiaeducation.ch\/de\/produkt\/erzaehl-theater-educo\/\",\"url\":\"https:\/\/teiaeducation.ch\/de\/produkt\/erzaehl-theater-educo\/\",\"name\":\"Kamishibai Tisch Erz\u00e4hl Theater - Educo\",\"isPartOf\":{\"@id\":\"https:\/\/teiaeducation.ch\/de\/#website\"},\"primaryImageOfPage\":{\"@id\":\"https:\/\/teiaeducation.ch\/de\/produkt\/erzaehl-theater-educo\/#primaryimage\"},\"image\":{\"@id\":\"https:\/\/teiaeducation.ch\/de\/produkt\/erzaehl-theater-educo\/#primaryimage\"},\"thumbnailUrl\":\"https:\/\/teiaeducation.ch\/wp-content\/uploads\/2019\/01\/E522182-3.jpg\",\"datePublished\":\"2019-01-08T19:56:06+00:00\",\"dateModified\":\"2024-09-17T15:03:50+00:00\",\"description\":\"Das charmante, japanisch inspirierte Educo Kamishibai Tisch Erz\u00e4hl Theater aus Holz ist ideal, um Geschichten und Unterricht lebendig werden zu lassen!\",\"breadcrumb\":{\"@id\":\"https:\/\/teiaeducation.ch\/de\/produkt\/erzaehl-theater-educo\/#breadcrumb\"},\"inLanguage\":\"de-CH\",\"potentialAction\":[{\"@type\":\"ReadAction\",\"target\":[\"https:\/\/teiaeducation.ch\/de\/produkt\/erzaehl-theater-educo\/\"]}]},{\"@type\":\"ImageObject\",\"inLanguage\":\"de-CH\",\"@id\":\"https:\/\/teiaeducation.ch\/de\/produkt\/erzaehl-theater-educo\/#primaryimage\",\"url\":\"https:\/\/teiaeducation.ch\/wp-content\/uploads\/2019\/01\/E522182-3.jpg\",\"contentUrl\":\"https:\/\/teiaeducation.ch\/wp-content\/uploads\/2019\/01\/E522182-3.jpg\",\"width\":900,\"height\":900,\"caption\":\"Erz\u00e4hl Theater - Educo\"},{\"@type\":\"BreadcrumbList\",\"@id\":\"https:\/\/teiaeducation.ch\/de\/produkt\/erzaehl-theater-educo\/#breadcrumb\",\"itemListElement\":[{\"@type\":\"ListItem\",\"position\":1,\"name\":\"Home\",\"item\":\"https:\/\/teiaeducation.ch\/de\/\"},{\"@type\":\"ListItem\",\"position\":2,\"name\":\"Laden\",\"item\":\"https:\/\/teiaeducation.ch\/de\/shop\/\"},{\"@type\":\"ListItem\",\"position\":3,\"name\":\"Unsere Marken\",\"item\":\"https:\/\/teiaeducation.ch\/de\/produkt-kategorie\/unsere-marken\/\"},{\"@type\":\"ListItem\",\"position\":4,\"name\":\"Educo\",\"item\":\"https:\/\/teiaeducation.ch\/de\/produkt-kategorie\/unsere-marken\/educo-de\/\"},{\"@type\":\"ListItem\",\"position\":5,\"name\":\"Sprachspiel\",\"item\":\"https:\/\/teiaeducation.ch\/de\/produkt-kategorie\/unsere-marken\/educo-de\/sprachspiel-educo\/\"},{\"@type\":\"ListItem\",\"position\":6,\"name\":\"W\u00f6rter &amp; Wortschatz\",\"item\":\"https:\/\/teiaeducation.ch\/de\/produkt-kategorie\/unsere-marken\/educo-de\/sprachspiel-educo\/woerter-wortschatz\/\"},{\"@type\":\"ListItem\",\"position\":7,\"name\":\"Kamishibai Tisch Erz\u00e4hl Theater &#8211; Educo\"}]},{\"@type\":\"WebSite\",\"@id\":\"https:\/\/teiaeducation.ch\/de\/#website\",\"url\":\"https:\/\/teiaeducation.ch\/de\/\",\"name\":\"Sustainable Educational Products &amp; Ecological Toys\u00a0\",\"description\":\"Specialised Swiss shop selling sustainable educational toys and games, AMI certified Montessori materials, handmade ecological wooden Waldorf toys and arts &amp; crafts supplies, school supplies, children&#039;s furniture and Montessori reference and parenting books.\",\"publisher\":{\"@id\":\"https:\/\/teiaeducation.ch\/de\/#organization\"},\"alternateName\":\"Teia Education & Play\",\"potentialAction\":[{\"@type\":\"SearchAction\",\"target\":{\"@type\":\"EntryPoint\",\"urlTemplate\":\"https:\/\/teiaeducation.ch\/de\/?s={search_term_string}\"},\"query-input\":{\"@type\":\"PropertyValueSpecification\",\"valueRequired\":true,\"valueName\":\"search_term_string\"}}],\"inLanguage\":\"de-CH\"},{\"@type\":\"Organization\",\"@id\":\"https:\/\/teiaeducation.ch\/de\/#organization\",\"name\":\"Teia Education & Play\",\"url\":\"https:\/\/teiaeducation.ch\/de\/\",\"logo\":{\"@type\":\"ImageObject\",\"inLanguage\":\"de-CH\",\"@id\":\"https:\/\/teiaeducation.ch\/de\/#\/schema\/logo\/image\/\",\"url\":\"https:\/\/teiaeducation.ch\/wp-content\/uploads\/2020\/11\/Teia-Education-Switzerland-e1620156442216.jpg\",\"contentUrl\":\"https:\/\/teiaeducation.ch\/wp-content\/uploads\/2020\/11\/Teia-Education-Switzerland-e1620156442216.jpg\",\"width\":166,\"height\":145,\"caption\":\"Teia Education & Play\"},\"image\":{\"@id\":\"https:\/\/teiaeducation.ch\/de\/#\/schema\/logo\/image\/\"},\"sameAs\":[\"https:\/\/www.facebook.com\/teiaeducation\/\",\"https:\/\/x.com\/EducationTeia\",\"https:\/\/www.instagram.com\/teia.education\/\",\"https:\/\/www.linkedin.com\/company\/35501660\",\"https:\/\/www.pinterest.ch\/TeiaEducation\/\"]}]}<\/script>\n<!-- \/ Yoast SEO plugin. -->","yoast_head_json":{"title":"Kamishibai Tisch Erz\u00e4hl Theater - Educo","description":"Das charmante, japanisch inspirierte Educo Kamishibai Tisch Erz\u00e4hl Theater aus Holz ist ideal, um Geschichten und Unterricht lebendig werden zu lassen!","robots":{"index":"index","follow":"follow","max-snippet":"max-snippet:-1","max-image-preview":"max-image-preview:large","max-video-preview":"max-video-preview:-1"},"canonical":"https:\/\/teiaeducation.ch\/de\/produkt\/erzaehl-theater-educo\/","og_locale":"de_DE","og_type":"article","og_title":"Kamishibai Tisch Erz\u00e4hl Theater - Educo","og_description":"Das charmante, japanisch inspirierte Educo Kamishibai Tisch Erz\u00e4hl Theater aus Holz ist ideal, um Geschichten und Unterricht lebendig werden zu lassen!","og_url":"https:\/\/teiaeducation.ch\/de\/produkt\/erzaehl-theater-educo\/","og_site_name":"Sustainable Educational Products &amp; Ecological Toys\u00a0","article_publisher":"https:\/\/www.facebook.com\/teiaeducation\/","article_modified_time":"2024-09-17T15:03:50+00:00","og_image":[{"width":900,"height":900,"url":"https:\/\/teiaeducation.ch\/wp-content\/uploads\/2019\/01\/E522182-3.jpg","type":"image\/jpeg"}],"schema":{"@context":"https:\/\/schema.org","@graph":[{"@type":"WebPage","@id":"https:\/\/teiaeducation.ch\/de\/produkt\/erzaehl-theater-educo\/","url":"https:\/\/teiaeducation.ch\/de\/produkt\/erzaehl-theater-educo\/","name":"Kamishibai Tisch Erz\u00e4hl Theater - Educo","isPartOf":{"@id":"https:\/\/teiaeducation.ch\/de\/#website"},"primaryImageOfPage":{"@id":"https:\/\/teiaeducation.ch\/de\/produkt\/erzaehl-theater-educo\/#primaryimage"},"image":{"@id":"https:\/\/teiaeducation.ch\/de\/produkt\/erzaehl-theater-educo\/#primaryimage"},"thumbnailUrl":"https:\/\/teiaeducation.ch\/wp-content\/uploads\/2019\/01\/E522182-3.jpg","datePublished":"2019-01-08T19:56:06+00:00","dateModified":"2024-09-17T15:03:50+00:00","description":"Das charmante, japanisch inspirierte Educo Kamishibai Tisch Erz\u00e4hl Theater aus Holz ist ideal, um Geschichten und Unterricht lebendig werden zu lassen!","breadcrumb":{"@id":"https:\/\/teiaeducation.ch\/de\/produkt\/erzaehl-theater-educo\/#breadcrumb"},"inLanguage":"de-CH","potentialAction":[{"@type":"ReadAction","target":["https:\/\/teiaeducation.ch\/de\/produkt\/erzaehl-theater-educo\/"]}]},{"@type":"ImageObject","inLanguage":"de-CH","@id":"https:\/\/teiaeducation.ch\/de\/produkt\/erzaehl-theater-educo\/#primaryimage","url":"https:\/\/teiaeducation.ch\/wp-content\/uploads\/2019\/01\/E522182-3.jpg","contentUrl":"https:\/\/teiaeducation.ch\/wp-content\/uploads\/2019\/01\/E522182-3.jpg","width":900,"height":900,"caption":"Erz\u00e4hl Theater - Educo"},{"@type":"BreadcrumbList","@id":"https:\/\/teiaeducation.ch\/de\/produkt\/erzaehl-theater-educo\/#breadcrumb","itemListElement":[{"@type":"ListItem","position":1,"name":"Home","item":"https:\/\/teiaeducation.ch\/de\/"},{"@type":"ListItem","position":2,"name":"Laden","item":"https:\/\/teiaeducation.ch\/de\/shop\/"},{"@type":"ListItem","position":3,"name":"Unsere Marken","item":"https:\/\/teiaeducation.ch\/de\/produkt-kategorie\/unsere-marken\/"},{"@type":"ListItem","position":4,"name":"Educo","item":"https:\/\/teiaeducation.ch\/de\/produkt-kategorie\/unsere-marken\/educo-de\/"},{"@type":"ListItem","position":5,"name":"Sprachspiel","item":"https:\/\/teiaeducation.ch\/de\/produkt-kategorie\/unsere-marken\/educo-de\/sprachspiel-educo\/"},{"@type":"ListItem","position":6,"name":"W\u00f6rter &amp; Wortschatz","item":"https:\/\/teiaeducation.ch\/de\/produkt-kategorie\/unsere-marken\/educo-de\/sprachspiel-educo\/woerter-wortschatz\/"},{"@type":"ListItem","position":7,"name":"Kamishibai Tisch Erz\u00e4hl Theater &#8211; Educo"}]},{"@type":"WebSite","@id":"https:\/\/teiaeducation.ch\/de\/#website","url":"https:\/\/teiaeducation.ch\/de\/","name":"Sustainable Educational Products &amp; Ecological Toys\u00a0","description":"Specialised Swiss shop selling sustainable educational toys and games, AMI certified Montessori materials, handmade ecological wooden Waldorf toys and arts &amp; crafts supplies, school supplies, children&#039;s furniture and Montessori reference and parenting books.","publisher":{"@id":"https:\/\/teiaeducation.ch\/de\/#organization"},"alternateName":"Teia Education & Play","potentialAction":[{"@type":"SearchAction","target":{"@type":"EntryPoint","urlTemplate":"https:\/\/teiaeducation.ch\/de\/?s={search_term_string}"},"query-input":{"@type":"PropertyValueSpecification","valueRequired":true,"valueName":"search_term_string"}}],"inLanguage":"de-CH"},{"@type":"Organization","@id":"https:\/\/teiaeducation.ch\/de\/#organization","name":"Teia Education & Play","url":"https:\/\/teiaeducation.ch\/de\/","logo":{"@type":"ImageObject","inLanguage":"de-CH","@id":"https:\/\/teiaeducation.ch\/de\/#\/schema\/logo\/image\/","url":"https:\/\/teiaeducation.ch\/wp-content\/uploads\/2020\/11\/Teia-Education-Switzerland-e1620156442216.jpg","contentUrl":"https:\/\/teiaeducation.ch\/wp-content\/uploads\/2020\/11\/Teia-Education-Switzerland-e1620156442216.jpg","width":166,"height":145,"caption":"Teia Education & Play"},"image":{"@id":"https:\/\/teiaeducation.ch\/de\/#\/schema\/logo\/image\/"},"sameAs":["https:\/\/www.facebook.com\/teiaeducation\/","https:\/\/x.com\/EducationTeia","https:\/\/www.instagram.com\/teia.education\/","https:\/\/www.linkedin.com\/company\/35501660","https:\/\/www.pinterest.ch\/TeiaEducation\/"]}]}},"_links":{"self":[{"href":"https:\/\/teiaeducation.ch\/de\/wp-json\/wp\/v2\/product\/58817","targetHints":{"allow":["GET"]}}],"collection":[{"href":"https:\/\/teiaeducation.ch\/de\/wp-json\/wp\/v2\/product"}],"about":[{"href":"https:\/\/teiaeducation.ch\/de\/wp-json\/wp\/v2\/types\/product"}],"replies":[{"embeddable":true,"href":"https:\/\/teiaeducation.ch\/de\/wp-json\/wp\/v2\/comments?post=58817"}],"wp:featuredmedia":[{"embeddable":true,"href":"https:\/\/teiaeducation.ch\/de\/wp-json\/wp\/v2\/media\/58818"}],"wp:attachment":[{"href":"https:\/\/teiaeducation.ch\/de\/wp-json\/wp\/v2\/media?parent=58817"}],"wp:term":[{"taxonomy":"product_brand","embeddable":true,"href":"https:\/\/teiaeducation.ch\/de\/wp-json\/wp\/v2\/product_brand?post=58817"},{"taxonomy":"product_cat","embeddable":true,"href":"https:\/\/teiaeducation.ch\/de\/wp-json\/wp\/v2\/product_cat?post=58817"},{"taxonomy":"product_tag","embeddable":true,"href":"https:\/\/teiaeducation.ch\/de\/wp-json\/wp\/v2\/product_tag?post=58817"}],"curies":[{"name":"wp","href":"https:\/\/api.w.org\/{rel}","templated":true}]}}