{"id":58990,"date":"2024-07-30T09:26:05","date_gmt":"2024-07-30T07:26:05","guid":{"rendered":"https:\/\/teiaeducation.ch\/product\/rotkaeppchen-ostheimer\/"},"modified":"2024-11-19T10:52:33","modified_gmt":"2024-11-19T09:52:33","slug":"rotkaeppchen-ostheimer","status":"publish","type":"product","link":"https:\/\/teiaeducation.ch\/de\/produkt\/rotkaeppchen-ostheimer\/","title":{"rendered":"Rotk\u00e4ppchen &#8211; Ostheimer"},"content":{"rendered":"<p>Die sch\u00f6ne handgefertigte Rotk\u00e4ppchen Figur aus Holz aus dem Ostheimer M\u00e4rchenwelten Holzspielzeug Sortiment wird Ihrem kleinen Tr\u00e4umer sicher gefallen!<\/p>\n<p>Kinder lieben es in die fantasievolle Welt der M\u00e4rchen einzutauchen und lauschen atemlos den Erz\u00e4hlungen von Schneewittchen und Rotk\u00e4ppchen, von <a href=\"https:\/\/teiaeducation.ch\/product\/prince-ostheimer\/\">Prinzen<\/a> und <a href=\"https:\/\/teiaeducation.ch\/product\/princess-ostheimer\/\">Prinzessinnen<\/a>. Mit den sorgf\u00e4ltig handgefertigten Ostheimer Holzfiguren k\u00f6nnen Kinder die geh\u00f6rten Geschichten nacherleben. Das Design der sch\u00f6nen M\u00e4rchenfiguren spiegelt deren Sch\u00f6nheit und fantasievollen Charakter wider.<\/p>\n<p>Kinder werden es lieben, mit dieser Figur die klassische Rotk\u00e4ppchen-Geschichte nachzuspielen! Sie passt perfekt zu den Ostheimer <a href=\"https:\/\/teiaeducation.ch\/product\/hunter-ostheimer\/\">J\u00e4ger<\/a>&#8211; und <a href=\"https:\/\/teiaeducation.ch\/product\/wolf-ostheimer\/\">Wolfs<\/a> figuren.<\/p>\n<p>Ostheimer Holzspielzeug wird zu 100 % in Handarbeit in Deutschland aus zertifizierten Materialien hergestellt, um die Sicherheit der Kinder beim Spielen zu garantieren.<\/p>\n<p>Die Ostheimer Rotk\u00e4ppchen Figur ist 9 cm gro\u00df und wird f\u00fcr Kinder ab 3 Jahren empfohlen.<\/p>\n<p>Inhalt:<\/p>\n<p>1 Rotk\u00e4ppchen Figur aus Holz<\/p>\n<h2>\u00dcber Ostheimer<\/h2>\n<p>Ostheimer Holzspielzeug regt Kinder dazu an, die Welt mit allen Sinnen zu erfassen und sich im kreativen und <a href=\"https:\/\/teiaeducation.ch\/product-category\/play\/imaginative-role-play\/\">phantasievollen Spiel<\/a> frei zu entfalten, was f\u00fcr ein gesundes Aufwachsen so wichtig ist.<\/p>\n<p>Als unverzichtbare <a href=\"https:\/\/teiaeducation.ch\/product-category\/hgh-quality-toys-play\/waldorf-toys\/\">Waldorfspielzeugmarke<\/a> stellt Ostheimer seit \u00fcber 80 Jahren sorgf\u00e4ltig <a href=\"https:\/\/teiaeducation.ch\/product-category\/play\/wooden-figures\/\">Holzfiguren<\/a> und <a href=\"https:\/\/teiaeducation.ch\/product-category\/play\/animals-farms\/\">Holztiere<\/a> her. Individuell von Hand gefertigt, bieten die hochwertigen Ostheimer Holzspielzeug Kinder mit einem sch\u00f6nen und angenehmen Bild von Menschen und Tieren. Sie sind so geformt, dass kleine H\u00e4nde die volle taktile und <a href=\"https:\/\/teiaeducation.ch\/product-category\/play\/sensory-play\/\">sensorische<\/a> Erfahrung des nat\u00fcrlichen Holzes erleben k\u00f6nnen.<\/p>\n<p>Jedes <a href=\"https:\/\/teiaeducation.ch\/product-category\/brands\/ostheimer\/\">Ostheimer<\/a> Holzspielzeug ist mit sorgf\u00e4ltig ausgew\u00e4hlten Farben bemalt, die speichelfest sind und keine sch\u00e4dlichen Substanzen enthalten. Sie werden mit Bio-\u00d6l behandelt, um die nat\u00fcrlichen Eigenschaften des Holzes zu erhalten und die Holzstruktur durchscheinen zu lassen.<\/p>\n","protected":false},"excerpt":{"rendered":"<p>Artikelnummer: OST25090<\/p>\n<p>Eine sch\u00f6ne Rotk\u00e4ppchen Figur aus Holz aus dem Ostheimer M\u00e4rchenwelten Sortiment &#8211; Waldorf Holzspielzeug, 100% in Deutschland hergestellt.<\/p>\n","protected":false},"featured_media":58746,"comment_status":"open","ping_status":"closed","template":"","meta":[],"product_brand":[],"product_cat":[21445,21446,22033,21479,21465,21690,21488,21484,23075,21705,29458,21443,22349,21563,23820,21678,21564,21483,22919],"product_tag":[27731,27732,27730,27729,27735,27734,26834,26835,26833,27723,27725,27724,27727,27726,23844,23956,27728,27736,27733],"class_list":{"0":"post-58990","1":"product","2":"type-product","3":"status-publish","4":"has-post-thumbnail","6":"product_cat-3-6-jahre-vorschule","7":"product_cat-6-12-jahre-grundschule","8":"product_cat-adventskalender-geschenke-strumpffueller","9":"product_cat-lernmaterialien-spielzeug-montessori-waldorf-steiner-froebel","10":"product_cat-feier-festlichkeiten","11":"product_cat-spiele-mit-offenem-ende","12":"product_cat-geschenk-guide-6-12-jahre-grundschule","13":"product_cat-geschenk-guides","14":"product_cat-handgefertigtes-holzspielzeug","15":"product_cat-holzfiguren","16":"product_cat-maerchenwelt","17":"product_cat-nach-alter","18":"product_cat-natur-saisonale-tische-de","19":"product_cat-neuheiten","20":"product_cat-ostheimer-de","21":"product_cat-kinder-spielzeug","22":"product_cat-unsere-marken","23":"product_cat-waldorf-steiner-paedagogik","24":"product_cat-waldorfspielzeug","25":"product_tag-froschkonig-ostheimer","26":"product_tag-froschkonig-prinzessin-ostheimer","27":"product_tag-froschprinzessin","28":"product_tag-froschprinzessin-ostheimer","29":"product_tag-kleine-rotkappchen-figur-aus-holz","30":"product_tag-kleine-rotkappchen-ostheimer","31":"product_tag-ostheimer-konig","32":"product_tag-ostheimer-konig-spielzeugfigur","33":"product_tag-ostheimer-marchen-konig","34":"product_tag-ostheimer-marchenprinz","35":"product_tag-ostheimer-prinz","36":"product_tag-ostheimer-prinz-spielzeugfigur","37":"product_tag-ostheimer-prinzessin","38":"product_tag-ostheimer-prinzessin-spielzeugfigur","39":"product_tag-ostheimer-waldorf-holzspielzeug","40":"product_tag-ostheimer-zauberhafte-marchenwelt-sortiment","41":"product_tag-prinzessin-fur-froschkonig-ostheimer-spielzeugfigur","42":"product_tag-rotkappchen-figur-ostheimer","43":"product_tag-rotkappchen-ostheimer","45":"first","46":"instock","47":"taxable","48":"shipping-taxable","49":"purchasable","50":"product-type-simple"},"yoast_head":"<!-- This site is optimized with the Yoast SEO Premium plugin v25.8 (Yoast SEO v27.4) - https:\/\/yoast.com\/product\/yoast-seo-premium-wordpress\/ -->\n<title>Rotk\u00e4ppchen Figur M\u00e4rchenwelten - Ostheimer<\/title>\n<meta name=\"description\" content=\"Eine sch\u00f6ne Rotk\u00e4ppchen Figur aus Holz aus dem Ostheimer M\u00e4rchenwelten Sortiment - Waldorf Holzspielzeug, 100% in Deutschland hergestellt.\" \/>\n<meta name=\"robots\" content=\"index, follow, max-snippet:-1, max-image-preview:large, max-video-preview:-1\" \/>\n<link rel=\"canonical\" href=\"https:\/\/teiaeducation.ch\/de\/produkt\/rotkaeppchen-ostheimer\/\" \/>\n<meta property=\"og:locale\" content=\"de_DE\" \/>\n<meta property=\"og:type\" content=\"article\" \/>\n<meta property=\"og:title\" content=\"Rotk\u00e4ppchen - Ostheimer\" \/>\n<meta property=\"og:description\" content=\"Eine sch\u00f6ne Rotk\u00e4ppchen Figur aus Holz aus dem Ostheimer M\u00e4rchenwelten Sortiment - Waldorf Holzspielzeug, 100% in Deutschland hergestellt.\" \/>\n<meta property=\"og:url\" content=\"https:\/\/teiaeducation.ch\/de\/produkt\/rotkaeppchen-ostheimer\/\" \/>\n<meta property=\"og:site_name\" content=\"Sustainable Educational Products &amp; Ecological Toys\u00a0\" \/>\n<meta property=\"article:publisher\" content=\"https:\/\/www.facebook.com\/teiaeducation\/\" \/>\n<meta property=\"article:modified_time\" content=\"2024-11-19T09:52:33+00:00\" \/>\n<meta property=\"og:image\" content=\"https:\/\/teiaeducation.ch\/wp-content\/uploads\/2024\/01\/Wooden-red-riding-hood-toy-figure-Ostheimer-fairy-tale-worlds.jpg\" \/>\n\t<meta property=\"og:image:width\" content=\"800\" \/>\n\t<meta property=\"og:image:height\" content=\"800\" \/>\n\t<meta property=\"og:image:type\" content=\"image\/jpeg\" \/>\n<script type=\"application\/ld+json\" class=\"yoast-schema-graph\">{\"@context\":\"https:\\\/\\\/schema.org\",\"@graph\":[{\"@type\":\"WebPage\",\"@id\":\"https:\\\/\\\/teiaeducation.ch\\\/de\\\/produkt\\\/rotkaeppchen-ostheimer\\\/\",\"url\":\"https:\\\/\\\/teiaeducation.ch\\\/de\\\/produkt\\\/rotkaeppchen-ostheimer\\\/\",\"name\":\"Rotk\u00e4ppchen Figur M\u00e4rchenwelten - Ostheimer\",\"isPartOf\":{\"@id\":\"https:\\\/\\\/teiaeducation.ch\\\/de\\\/#website\"},\"primaryImageOfPage\":{\"@id\":\"https:\\\/\\\/teiaeducation.ch\\\/de\\\/produkt\\\/rotkaeppchen-ostheimer\\\/#primaryimage\"},\"image\":{\"@id\":\"https:\\\/\\\/teiaeducation.ch\\\/de\\\/produkt\\\/rotkaeppchen-ostheimer\\\/#primaryimage\"},\"thumbnailUrl\":\"https:\\\/\\\/teiaeducation.ch\\\/wp-content\\\/uploads\\\/2024\\\/01\\\/Wooden-red-riding-hood-toy-figure-Ostheimer-fairy-tale-worlds.jpg\",\"datePublished\":\"2024-07-30T07:26:05+00:00\",\"dateModified\":\"2024-11-19T09:52:33+00:00\",\"description\":\"Eine sch\u00f6ne Rotk\u00e4ppchen Figur aus Holz aus dem Ostheimer M\u00e4rchenwelten Sortiment - Waldorf Holzspielzeug, 100% in Deutschland hergestellt.\",\"breadcrumb\":{\"@id\":\"https:\\\/\\\/teiaeducation.ch\\\/de\\\/produkt\\\/rotkaeppchen-ostheimer\\\/#breadcrumb\"},\"inLanguage\":\"de-CH\",\"potentialAction\":[{\"@type\":\"ReadAction\",\"target\":[\"https:\\\/\\\/teiaeducation.ch\\\/de\\\/produkt\\\/rotkaeppchen-ostheimer\\\/\"]}]},{\"@type\":\"ImageObject\",\"inLanguage\":\"de-CH\",\"@id\":\"https:\\\/\\\/teiaeducation.ch\\\/de\\\/produkt\\\/rotkaeppchen-ostheimer\\\/#primaryimage\",\"url\":\"https:\\\/\\\/teiaeducation.ch\\\/wp-content\\\/uploads\\\/2024\\\/01\\\/Wooden-red-riding-hood-toy-figure-Ostheimer-fairy-tale-worlds.jpg\",\"contentUrl\":\"https:\\\/\\\/teiaeducation.ch\\\/wp-content\\\/uploads\\\/2024\\\/01\\\/Wooden-red-riding-hood-toy-figure-Ostheimer-fairy-tale-worlds.jpg\",\"width\":800,\"height\":800,\"caption\":\"Rotk\u00e4ppchen Figur aus holz Ostheimer\"},{\"@type\":\"BreadcrumbList\",\"@id\":\"https:\\\/\\\/teiaeducation.ch\\\/de\\\/produkt\\\/rotkaeppchen-ostheimer\\\/#breadcrumb\",\"itemListElement\":[{\"@type\":\"ListItem\",\"position\":1,\"name\":\"Home\",\"item\":\"https:\\\/\\\/teiaeducation.ch\\\/de\\\/\"},{\"@type\":\"ListItem\",\"position\":2,\"name\":\"Laden\",\"item\":\"https:\\\/\\\/teiaeducation.ch\\\/de\\\/shop\\\/\"},{\"@type\":\"ListItem\",\"position\":3,\"name\":\"Spielen\",\"item\":\"https:\\\/\\\/teiaeducation.ch\\\/de\\\/produkt-kategorie\\\/kinder-spielzeug\\\/\"},{\"@type\":\"ListItem\",\"position\":4,\"name\":\"Waldorfspielzeug\",\"item\":\"https:\\\/\\\/teiaeducation.ch\\\/de\\\/produkt-kategorie\\\/kinder-spielzeug\\\/waldorfspielzeug\\\/\"},{\"@type\":\"ListItem\",\"position\":5,\"name\":\"Rotk\u00e4ppchen &#8211; Ostheimer\"}]},{\"@type\":\"WebSite\",\"@id\":\"https:\\\/\\\/teiaeducation.ch\\\/de\\\/#website\",\"url\":\"https:\\\/\\\/teiaeducation.ch\\\/de\\\/\",\"name\":\"Sustainable Educational Products &amp; Ecological Toys\u00a0\",\"description\":\"Specialised Swiss shop selling sustainable educational toys and games, AMI certified Montessori materials, handmade ecological wooden Waldorf toys and arts &amp; crafts supplies, school supplies, children&#039;s furniture and Montessori reference and parenting books.\",\"publisher\":{\"@id\":\"https:\\\/\\\/teiaeducation.ch\\\/de\\\/#organization\"},\"alternateName\":\"Teia Education & Play\",\"potentialAction\":[{\"@type\":\"SearchAction\",\"target\":{\"@type\":\"EntryPoint\",\"urlTemplate\":\"https:\\\/\\\/teiaeducation.ch\\\/de\\\/?s={search_term_string}\"},\"query-input\":{\"@type\":\"PropertyValueSpecification\",\"valueRequired\":true,\"valueName\":\"search_term_string\"}}],\"inLanguage\":\"de-CH\"},{\"@type\":\"Organization\",\"@id\":\"https:\\\/\\\/teiaeducation.ch\\\/de\\\/#organization\",\"name\":\"Teia Education & Play\",\"url\":\"https:\\\/\\\/teiaeducation.ch\\\/de\\\/\",\"logo\":{\"@type\":\"ImageObject\",\"inLanguage\":\"de-CH\",\"@id\":\"https:\\\/\\\/teiaeducation.ch\\\/de\\\/#\\\/schema\\\/logo\\\/image\\\/\",\"url\":\"https:\\\/\\\/teiaeducation.ch\\\/wp-content\\\/uploads\\\/2020\\\/11\\\/Teia-Education-Switzerland-e1620156442216.jpg\",\"contentUrl\":\"https:\\\/\\\/teiaeducation.ch\\\/wp-content\\\/uploads\\\/2020\\\/11\\\/Teia-Education-Switzerland-e1620156442216.jpg\",\"width\":166,\"height\":145,\"caption\":\"Teia Education & Play\"},\"image\":{\"@id\":\"https:\\\/\\\/teiaeducation.ch\\\/de\\\/#\\\/schema\\\/logo\\\/image\\\/\"},\"sameAs\":[\"https:\\\/\\\/www.facebook.com\\\/teiaeducation\\\/\",\"https:\\\/\\\/x.com\\\/EducationTeia\",\"https:\\\/\\\/www.instagram.com\\\/teia.education\\\/\",\"https:\\\/\\\/www.linkedin.com\\\/company\\\/35501660\",\"https:\\\/\\\/www.pinterest.ch\\\/TeiaEducation\\\/\"]}]}<\/script>\n<meta property=\"product:price:amount\" content=\"30.90\" \/>\n<meta property=\"product:price:currency\" content=\"CHF\" \/>\n<meta property=\"og:availability\" content=\"instock\" \/>\n<meta property=\"product:availability\" content=\"instock\" \/>\n<meta property=\"product:condition\" content=\"new\" \/>\n<!-- \/ Yoast SEO Premium plugin. -->","yoast_head_json":{"title":"Rotk\u00e4ppchen Figur M\u00e4rchenwelten - Ostheimer","description":"Eine sch\u00f6ne Rotk\u00e4ppchen Figur aus Holz aus dem Ostheimer M\u00e4rchenwelten Sortiment - Waldorf Holzspielzeug, 100% in Deutschland hergestellt.","robots":{"index":"index","follow":"follow","max-snippet":"max-snippet:-1","max-image-preview":"max-image-preview:large","max-video-preview":"max-video-preview:-1"},"canonical":"https:\/\/teiaeducation.ch\/de\/produkt\/rotkaeppchen-ostheimer\/","og_locale":"de_DE","og_type":"article","og_title":"Rotk\u00e4ppchen - Ostheimer","og_description":"Eine sch\u00f6ne Rotk\u00e4ppchen Figur aus Holz aus dem Ostheimer M\u00e4rchenwelten Sortiment - Waldorf Holzspielzeug, 100% in Deutschland hergestellt.","og_url":"https:\/\/teiaeducation.ch\/de\/produkt\/rotkaeppchen-ostheimer\/","og_site_name":"Sustainable Educational Products &amp; Ecological Toys\u00a0","article_publisher":"https:\/\/www.facebook.com\/teiaeducation\/","article_modified_time":"2024-11-19T09:52:33+00:00","og_image":[{"width":800,"height":800,"url":"https:\/\/teiaeducation.ch\/wp-content\/uploads\/2024\/01\/Wooden-red-riding-hood-toy-figure-Ostheimer-fairy-tale-worlds.jpg","type":"image\/jpeg"}],"schema":{"@context":"https:\/\/schema.org","@graph":[{"@type":"WebPage","@id":"https:\/\/teiaeducation.ch\/de\/produkt\/rotkaeppchen-ostheimer\/","url":"https:\/\/teiaeducation.ch\/de\/produkt\/rotkaeppchen-ostheimer\/","name":"Rotk\u00e4ppchen Figur M\u00e4rchenwelten - Ostheimer","isPartOf":{"@id":"https:\/\/teiaeducation.ch\/de\/#website"},"primaryImageOfPage":{"@id":"https:\/\/teiaeducation.ch\/de\/produkt\/rotkaeppchen-ostheimer\/#primaryimage"},"image":{"@id":"https:\/\/teiaeducation.ch\/de\/produkt\/rotkaeppchen-ostheimer\/#primaryimage"},"thumbnailUrl":"https:\/\/teiaeducation.ch\/wp-content\/uploads\/2024\/01\/Wooden-red-riding-hood-toy-figure-Ostheimer-fairy-tale-worlds.jpg","datePublished":"2024-07-30T07:26:05+00:00","dateModified":"2024-11-19T09:52:33+00:00","description":"Eine sch\u00f6ne Rotk\u00e4ppchen Figur aus Holz aus dem Ostheimer M\u00e4rchenwelten Sortiment - Waldorf Holzspielzeug, 100% in Deutschland hergestellt.","breadcrumb":{"@id":"https:\/\/teiaeducation.ch\/de\/produkt\/rotkaeppchen-ostheimer\/#breadcrumb"},"inLanguage":"de-CH","potentialAction":[{"@type":"ReadAction","target":["https:\/\/teiaeducation.ch\/de\/produkt\/rotkaeppchen-ostheimer\/"]}]},{"@type":"ImageObject","inLanguage":"de-CH","@id":"https:\/\/teiaeducation.ch\/de\/produkt\/rotkaeppchen-ostheimer\/#primaryimage","url":"https:\/\/teiaeducation.ch\/wp-content\/uploads\/2024\/01\/Wooden-red-riding-hood-toy-figure-Ostheimer-fairy-tale-worlds.jpg","contentUrl":"https:\/\/teiaeducation.ch\/wp-content\/uploads\/2024\/01\/Wooden-red-riding-hood-toy-figure-Ostheimer-fairy-tale-worlds.jpg","width":800,"height":800,"caption":"Rotk\u00e4ppchen Figur aus holz Ostheimer"},{"@type":"BreadcrumbList","@id":"https:\/\/teiaeducation.ch\/de\/produkt\/rotkaeppchen-ostheimer\/#breadcrumb","itemListElement":[{"@type":"ListItem","position":1,"name":"Home","item":"https:\/\/teiaeducation.ch\/de\/"},{"@type":"ListItem","position":2,"name":"Laden","item":"https:\/\/teiaeducation.ch\/de\/shop\/"},{"@type":"ListItem","position":3,"name":"Spielen","item":"https:\/\/teiaeducation.ch\/de\/produkt-kategorie\/kinder-spielzeug\/"},{"@type":"ListItem","position":4,"name":"Waldorfspielzeug","item":"https:\/\/teiaeducation.ch\/de\/produkt-kategorie\/kinder-spielzeug\/waldorfspielzeug\/"},{"@type":"ListItem","position":5,"name":"Rotk\u00e4ppchen &#8211; Ostheimer"}]},{"@type":"WebSite","@id":"https:\/\/teiaeducation.ch\/de\/#website","url":"https:\/\/teiaeducation.ch\/de\/","name":"Sustainable Educational Products &amp; Ecological Toys\u00a0","description":"Specialised Swiss shop selling sustainable educational toys and games, AMI certified Montessori materials, handmade ecological wooden Waldorf toys and arts &amp; crafts supplies, school supplies, children&#039;s furniture and Montessori reference and parenting books.","publisher":{"@id":"https:\/\/teiaeducation.ch\/de\/#organization"},"alternateName":"Teia Education & Play","potentialAction":[{"@type":"SearchAction","target":{"@type":"EntryPoint","urlTemplate":"https:\/\/teiaeducation.ch\/de\/?s={search_term_string}"},"query-input":{"@type":"PropertyValueSpecification","valueRequired":true,"valueName":"search_term_string"}}],"inLanguage":"de-CH"},{"@type":"Organization","@id":"https:\/\/teiaeducation.ch\/de\/#organization","name":"Teia Education & Play","url":"https:\/\/teiaeducation.ch\/de\/","logo":{"@type":"ImageObject","inLanguage":"de-CH","@id":"https:\/\/teiaeducation.ch\/de\/#\/schema\/logo\/image\/","url":"https:\/\/teiaeducation.ch\/wp-content\/uploads\/2020\/11\/Teia-Education-Switzerland-e1620156442216.jpg","contentUrl":"https:\/\/teiaeducation.ch\/wp-content\/uploads\/2020\/11\/Teia-Education-Switzerland-e1620156442216.jpg","width":166,"height":145,"caption":"Teia Education & Play"},"image":{"@id":"https:\/\/teiaeducation.ch\/de\/#\/schema\/logo\/image\/"},"sameAs":["https:\/\/www.facebook.com\/teiaeducation\/","https:\/\/x.com\/EducationTeia","https:\/\/www.instagram.com\/teia.education\/","https:\/\/www.linkedin.com\/company\/35501660","https:\/\/www.pinterest.ch\/TeiaEducation\/"]}]},"product_price_amount":"30.90","product_price_currency":"CHF","og_availability":"instock","product_availability":"instock","product_condition":"new"},"_links":{"self":[{"href":"https:\/\/teiaeducation.ch\/de\/wp-json\/wp\/v2\/product\/58990","targetHints":{"allow":["GET"]}}],"collection":[{"href":"https:\/\/teiaeducation.ch\/de\/wp-json\/wp\/v2\/product"}],"about":[{"href":"https:\/\/teiaeducation.ch\/de\/wp-json\/wp\/v2\/types\/product"}],"replies":[{"embeddable":true,"href":"https:\/\/teiaeducation.ch\/de\/wp-json\/wp\/v2\/comments?post=58990"}],"wp:featuredmedia":[{"embeddable":true,"href":"https:\/\/teiaeducation.ch\/de\/wp-json\/wp\/v2\/media\/58746"}],"wp:attachment":[{"href":"https:\/\/teiaeducation.ch\/de\/wp-json\/wp\/v2\/media?parent=58990"}],"wp:term":[{"taxonomy":"product_brand","embeddable":true,"href":"https:\/\/teiaeducation.ch\/de\/wp-json\/wp\/v2\/product_brand?post=58990"},{"taxonomy":"product_cat","embeddable":true,"href":"https:\/\/teiaeducation.ch\/de\/wp-json\/wp\/v2\/product_cat?post=58990"},{"taxonomy":"product_tag","embeddable":true,"href":"https:\/\/teiaeducation.ch\/de\/wp-json\/wp\/v2\/product_tag?post=58990"}],"curies":[{"name":"wp","href":"https:\/\/api.w.org\/{rel}","templated":true}]}}