{"id":58998,"date":"2023-11-10T15:29:50","date_gmt":"2023-11-10T14:29:50","guid":{"rendered":"https:\/\/teiaeducation.ch\/product\/regenbogen-zirkus-baukasten-ostheimer\/"},"modified":"2025-06-21T15:18:22","modified_gmt":"2025-06-21T13:18:22","slug":"regenbogen-zirkus-baukasten-ostheimer","status":"publish","type":"product","link":"https:\/\/teiaeducation.ch\/de\/produkt\/regenbogen-zirkus-baukasten-ostheimer\/","title":{"rendered":"Regenbogen Zirkus Baukasten &#8211; Ostheimer"},"content":{"rendered":"<p>Das wundersch\u00f6ne handgefertigte Regenbogen Zirkus Baukasten Holzkl\u00f6tzen set aus der Ostheimer Sch\u00f6nes f\u00fcrs Kinderzimmer Sortiment ist eine liebevolle Erg\u00e4nzung f\u00fcr jeden Spielraum, jede Vorschule und jedes Kinderzimmer!<\/p>\n<p>Das Spielen mit den Ostheimer Bauk\u00e4sten stimuliert und entwickelt die Sinne und das r\u00e4umliche Vorstellungsverm\u00f6gen der Kinder. Die kleinen handgefertigten <a href=\"https:\/\/teiaeducation.ch\/product-category\/play\/wooden-figures\/\">Holzfiguren<\/a> f\u00fchren Kinder an das freie Spiel heran und sind eine wunderbare Erg\u00e4nzung zu einer bestehenden Sammlung von Ostheimer Figuren.<\/p>\n<p>Dieses Set enth\u00e4lt 25 farbenfrohe <a href=\"https:\/\/teiaeducation.ch\/product-category\/play\/wooden-building-blocks\/\">Holzbausteine<\/a> in verschiedenen skurrilen Formen, wie z. B. B\u00f6gen, runde Formen, Ecksteine und dreieckige <a href=\"https:\/\/teiaeducation.ch\/product-category\/learning-themes\/mathematics-numeracy\/shapes\/\">Formen<\/a>. Au\u00dferdem sind 4 Ostheimer-Figuren enthalten: ein Zirkusdirektor und ein Clown sowie eine Robbe und ein L\u00f6we. Das Set wird mit einem 30 x 30 cm gro\u00dfen Holztablett geliefert.<\/p>\n<p>Ostheimer Holzspielzeug wird zu 100 % in Handarbeit in Deutschland aus zertifizierten Materialien hergestellt, um die Sicherheit der Kinder beim Spielen zu garantieren.<\/p>\n<p>Der Ostheimer Regenbogen Zirkus Baukasten wird f\u00fcr Kinder ab 3 Jahren empfohlen.<\/p>\n<p>Inhalt:<\/p>\n<p>25 farbige Holzkl\u00f6tze<br \/>\n4 Holzfiguren (Zirkusdirektor, Clown, Seehund und L\u00f6we)<br \/>\n1 Holztablett (30 x 30 cm)<\/p>\n<h2>\u00dcber Ostheimer<\/h2>\n<p>Ostheimer Holzspielzeug regt Kinder dazu an, die Welt mit allen Sinnen zu erfassen und sich im kreativen und <a href=\"https:\/\/teiaeducation.ch\/product-category\/play\/imaginative-role-play\/\">phantasievollen Spiel<\/a> frei zu entfalten, was f\u00fcr ein gesundes Aufwachsen so wichtig ist.<\/p>\n<p>Als unverzichtbare <a href=\"https:\/\/teiaeducation.ch\/product-category\/hgh-quality-toys-play\/waldorf-toys\/\">Waldorfspielzeugmarke<\/a> stellt Ostheimer seit \u00fcber 80 Jahren sorgf\u00e4ltig <a href=\"https:\/\/teiaeducation.ch\/product-category\/play\/wooden-figures\/\">Holzfiguren<\/a> und <a href=\"https:\/\/teiaeducation.ch\/product-category\/play\/animals-farms\/\">Holztiere<\/a> her. Individuell von Hand gefertigt, bieten die hochwertigen Ostheimer Holzspielzeug Kinder mit einem sch\u00f6nen und angenehmen Bild von Menschen und Tieren. Sie sind so geformt, dass kleine H\u00e4nde die volle taktile und <a href=\"https:\/\/teiaeducation.ch\/product-category\/play\/sensory-play\/\">sensorische<\/a> Erfahrung des nat\u00fcrlichen Holzes erleben k\u00f6nnen.<\/p>\n<p>Jedes <a href=\"https:\/\/teiaeducation.ch\/product-category\/brands\/ostheimer\/\">Ostheimer<\/a> Holzspielzeug ist mit sorgf\u00e4ltig ausgew\u00e4hlten Farben bemalt, die speichelfest sind und keine sch\u00e4dlichen Substanzen enthalten. Sie werden mit Bio-\u00d6l behandelt, um die nat\u00fcrlichen Eigenschaften des Holzes zu erhalten und die Holzstruktur durchscheinen zu lassen.<\/p>\n","protected":false},"excerpt":{"rendered":"<p>Artikelnummer: OST5510093<\/p>\n<p>Das Set Regenbogen Zirkus Baukasten aus dem Ostheimer Sch\u00f6nes f\u00fcrs Kinderzimmer Sortiment enth\u00e4lt 25 Holzkl\u00f6tzen, 2 Menschenfiguren, einen L\u00f6wen &amp; eine Robbe.<\/p>\n","protected":false},"featured_media":57160,"comment_status":"open","ping_status":"closed","template":"","meta":[],"product_brand":[],"product_cat":[21445,21446,21704,21479,21690,21487,21484,23075,21705,21443,21563,23820,21678,21699,21680,21564,21483,22919],"product_tag":[27748,27738,27737,27749,27739,23844,27751,27750,27752,27747,27740],"class_list":{"0":"post-58998","1":"product","2":"type-product","3":"status-publish","4":"has-post-thumbnail","6":"product_cat-3-6-jahre-vorschule","7":"product_cat-6-12-jahre-grundschule","8":"product_cat-baukloetze-aus-holz","9":"product_cat-lernmaterialien-spielzeug-montessori-waldorf-steiner-froebel","10":"product_cat-spiele-mit-offenem-ende","11":"product_cat-geschenk-guide-3-6-jahre-vorschule","12":"product_cat-geschenk-guides","13":"product_cat-handgefertigtes-holzspielzeug","14":"product_cat-holzfiguren","15":"product_cat-nach-alter","16":"product_cat-neuheiten","17":"product_cat-ostheimer-de","18":"product_cat-kinder-spielzeug","19":"product_cat-stapelspielzeug","20":"product_cat-tiere-bauernhoefe","21":"product_cat-unsere-marken","22":"product_cat-waldorf-steiner-paedagogik","23":"product_cat-waldorfspielzeug","24":"product_tag-handgefertigtes-ostheimer-zirkusset","25":"product_tag-ostheimer-baukasten","26":"product_tag-ostheimer-holzklotzchen-set","27":"product_tag-ostheimer-holzklotze-set-zirkus","28":"product_tag-ostheimer-schone-dinge-fur-kinderzimmer-sortiment","29":"product_tag-ostheimer-waldorf-holzspielzeug","30":"product_tag-regenbogen-zirkus-baukasten-ostheimer","31":"product_tag-regenbogen-zirkus-baukasten-set","32":"product_tag-regenbogen-zirkus-ostheimer","33":"product_tag-regenbogenreiterhof-ostheimer","34":"product_tag-zirkus-set-ostheimer","36":"first","37":"outofstock","38":"taxable","39":"shipping-taxable","40":"purchasable","41":"product-type-simple"},"yoast_head":"<!-- This site is optimized with the Yoast SEO plugin v27.1.1 - https:\/\/yoast.com\/product\/yoast-seo-wordpress\/ -->\n<title>Regenbogen Zirkus Baukasten - Ostheimer - Teia Education &amp; Play<\/title>\n<meta name=\"description\" content=\"Das Set Regenbogen Zirkus Baukasten aus dem Ostheimer Sch\u00f6nes f\u00fcrs Kinderzimmer Sortiment enth\u00e4lt 25 Holzkl\u00f6tzen, 2 Menschenfiguren, 1 L\u00f6wen &amp; 1 Robbe.\" \/>\n<meta name=\"robots\" content=\"index, follow, max-snippet:-1, max-image-preview:large, max-video-preview:-1\" \/>\n<link rel=\"canonical\" href=\"https:\/\/teiaeducation.ch\/de\/produkt\/regenbogen-zirkus-baukasten-ostheimer\/\" \/>\n<meta property=\"og:locale\" content=\"de_DE\" \/>\n<meta property=\"og:type\" content=\"article\" \/>\n<meta property=\"og:title\" content=\"Regenbogen Zirkus Baukasten - Ostheimer - Teia Education &amp; Play\" \/>\n<meta property=\"og:description\" content=\"Das Set Regenbogen Zirkus Baukasten aus dem Ostheimer Sch\u00f6nes f\u00fcrs Kinderzimmer Sortiment enth\u00e4lt 25 Holzkl\u00f6tzen, 2 Menschenfiguren, 1 L\u00f6wen &amp; 1 Robbe.\" \/>\n<meta property=\"og:url\" content=\"https:\/\/teiaeducation.ch\/de\/produkt\/regenbogen-zirkus-baukasten-ostheimer\/\" \/>\n<meta property=\"og:site_name\" content=\"Sustainable Educational Products &amp; Ecological Toys\u00a0\" \/>\n<meta property=\"article:publisher\" content=\"https:\/\/www.facebook.com\/teiaeducation\/\" \/>\n<meta property=\"article:modified_time\" content=\"2025-06-21T13:18:22+00:00\" \/>\n<meta property=\"og:image\" content=\"https:\/\/teiaeducation.ch\/wp-content\/uploads\/2023\/11\/Rainbow-circus-building-set-Ostheimer-.jpg\" \/>\n\t<meta property=\"og:image:width\" content=\"800\" \/>\n\t<meta property=\"og:image:height\" content=\"800\" \/>\n\t<meta property=\"og:image:type\" content=\"image\/jpeg\" \/>\n<script type=\"application\/ld+json\" class=\"yoast-schema-graph\">{\"@context\":\"https:\/\/schema.org\",\"@graph\":[{\"@type\":\"WebPage\",\"@id\":\"https:\/\/teiaeducation.ch\/de\/produkt\/regenbogen-zirkus-baukasten-ostheimer\/\",\"url\":\"https:\/\/teiaeducation.ch\/de\/produkt\/regenbogen-zirkus-baukasten-ostheimer\/\",\"name\":\"Regenbogen Zirkus Baukasten - Ostheimer - Teia Education & Play\",\"isPartOf\":{\"@id\":\"https:\/\/teiaeducation.ch\/de\/#website\"},\"primaryImageOfPage\":{\"@id\":\"https:\/\/teiaeducation.ch\/de\/produkt\/regenbogen-zirkus-baukasten-ostheimer\/#primaryimage\"},\"image\":{\"@id\":\"https:\/\/teiaeducation.ch\/de\/produkt\/regenbogen-zirkus-baukasten-ostheimer\/#primaryimage\"},\"thumbnailUrl\":\"https:\/\/teiaeducation.ch\/wp-content\/uploads\/2023\/11\/Rainbow-circus-building-set-Ostheimer-.jpg\",\"datePublished\":\"2023-11-10T14:29:50+00:00\",\"dateModified\":\"2025-06-21T13:18:22+00:00\",\"description\":\"Das Set Regenbogen Zirkus Baukasten aus dem Ostheimer Sch\u00f6nes f\u00fcrs Kinderzimmer Sortiment enth\u00e4lt 25 Holzkl\u00f6tzen, 2 Menschenfiguren, 1 L\u00f6wen & 1 Robbe.\",\"breadcrumb\":{\"@id\":\"https:\/\/teiaeducation.ch\/de\/produkt\/regenbogen-zirkus-baukasten-ostheimer\/#breadcrumb\"},\"inLanguage\":\"de-CH\",\"potentialAction\":[{\"@type\":\"ReadAction\",\"target\":[\"https:\/\/teiaeducation.ch\/de\/produkt\/regenbogen-zirkus-baukasten-ostheimer\/\"]}]},{\"@type\":\"ImageObject\",\"inLanguage\":\"de-CH\",\"@id\":\"https:\/\/teiaeducation.ch\/de\/produkt\/regenbogen-zirkus-baukasten-ostheimer\/#primaryimage\",\"url\":\"https:\/\/teiaeducation.ch\/wp-content\/uploads\/2023\/11\/Rainbow-circus-building-set-Ostheimer-.jpg\",\"contentUrl\":\"https:\/\/teiaeducation.ch\/wp-content\/uploads\/2023\/11\/Rainbow-circus-building-set-Ostheimer-.jpg\",\"width\":800,\"height\":800,\"caption\":\"Regenbogen Zirkus Baukasten Ostheimer\"},{\"@type\":\"BreadcrumbList\",\"@id\":\"https:\/\/teiaeducation.ch\/de\/produkt\/regenbogen-zirkus-baukasten-ostheimer\/#breadcrumb\",\"itemListElement\":[{\"@type\":\"ListItem\",\"position\":1,\"name\":\"Home\",\"item\":\"https:\/\/teiaeducation.ch\/de\/\"},{\"@type\":\"ListItem\",\"position\":2,\"name\":\"Laden\",\"item\":\"https:\/\/teiaeducation.ch\/de\/shop\/\"},{\"@type\":\"ListItem\",\"position\":3,\"name\":\"Unsere Marken\",\"item\":\"https:\/\/teiaeducation.ch\/de\/produkt-kategorie\/unsere-marken\/\"},{\"@type\":\"ListItem\",\"position\":4,\"name\":\"Ostheimer\",\"item\":\"https:\/\/teiaeducation.ch\/de\/produkt-kategorie\/unsere-marken\/ostheimer-de\/\"},{\"@type\":\"ListItem\",\"position\":5,\"name\":\"Regenbogen Zirkus Baukasten &#8211; Ostheimer\"}]},{\"@type\":\"WebSite\",\"@id\":\"https:\/\/teiaeducation.ch\/de\/#website\",\"url\":\"https:\/\/teiaeducation.ch\/de\/\",\"name\":\"Sustainable Educational Products &amp; Ecological Toys\u00a0\",\"description\":\"Specialised Swiss shop selling sustainable educational toys and games, AMI certified Montessori materials, handmade ecological wooden Waldorf toys and arts &amp; crafts supplies, school supplies, children&#039;s furniture and Montessori reference and parenting books.\",\"publisher\":{\"@id\":\"https:\/\/teiaeducation.ch\/de\/#organization\"},\"alternateName\":\"Teia Education & Play\",\"potentialAction\":[{\"@type\":\"SearchAction\",\"target\":{\"@type\":\"EntryPoint\",\"urlTemplate\":\"https:\/\/teiaeducation.ch\/de\/?s={search_term_string}\"},\"query-input\":{\"@type\":\"PropertyValueSpecification\",\"valueRequired\":true,\"valueName\":\"search_term_string\"}}],\"inLanguage\":\"de-CH\"},{\"@type\":\"Organization\",\"@id\":\"https:\/\/teiaeducation.ch\/de\/#organization\",\"name\":\"Teia Education & Play\",\"url\":\"https:\/\/teiaeducation.ch\/de\/\",\"logo\":{\"@type\":\"ImageObject\",\"inLanguage\":\"de-CH\",\"@id\":\"https:\/\/teiaeducation.ch\/de\/#\/schema\/logo\/image\/\",\"url\":\"https:\/\/teiaeducation.ch\/wp-content\/uploads\/2020\/11\/Teia-Education-Switzerland-e1620156442216.jpg\",\"contentUrl\":\"https:\/\/teiaeducation.ch\/wp-content\/uploads\/2020\/11\/Teia-Education-Switzerland-e1620156442216.jpg\",\"width\":166,\"height\":145,\"caption\":\"Teia Education & Play\"},\"image\":{\"@id\":\"https:\/\/teiaeducation.ch\/de\/#\/schema\/logo\/image\/\"},\"sameAs\":[\"https:\/\/www.facebook.com\/teiaeducation\/\",\"https:\/\/x.com\/EducationTeia\",\"https:\/\/www.instagram.com\/teia.education\/\",\"https:\/\/www.linkedin.com\/company\/35501660\",\"https:\/\/www.pinterest.ch\/TeiaEducation\/\"]}]}<\/script>\n<!-- \/ Yoast SEO plugin. -->","yoast_head_json":{"title":"Regenbogen Zirkus Baukasten - Ostheimer - Teia Education & Play","description":"Das Set Regenbogen Zirkus Baukasten aus dem Ostheimer Sch\u00f6nes f\u00fcrs Kinderzimmer Sortiment enth\u00e4lt 25 Holzkl\u00f6tzen, 2 Menschenfiguren, 1 L\u00f6wen & 1 Robbe.","robots":{"index":"index","follow":"follow","max-snippet":"max-snippet:-1","max-image-preview":"max-image-preview:large","max-video-preview":"max-video-preview:-1"},"canonical":"https:\/\/teiaeducation.ch\/de\/produkt\/regenbogen-zirkus-baukasten-ostheimer\/","og_locale":"de_DE","og_type":"article","og_title":"Regenbogen Zirkus Baukasten - Ostheimer - Teia Education & Play","og_description":"Das Set Regenbogen Zirkus Baukasten aus dem Ostheimer Sch\u00f6nes f\u00fcrs Kinderzimmer Sortiment enth\u00e4lt 25 Holzkl\u00f6tzen, 2 Menschenfiguren, 1 L\u00f6wen & 1 Robbe.","og_url":"https:\/\/teiaeducation.ch\/de\/produkt\/regenbogen-zirkus-baukasten-ostheimer\/","og_site_name":"Sustainable Educational Products &amp; Ecological Toys\u00a0","article_publisher":"https:\/\/www.facebook.com\/teiaeducation\/","article_modified_time":"2025-06-21T13:18:22+00:00","og_image":[{"width":800,"height":800,"url":"https:\/\/teiaeducation.ch\/wp-content\/uploads\/2023\/11\/Rainbow-circus-building-set-Ostheimer-.jpg","type":"image\/jpeg"}],"schema":{"@context":"https:\/\/schema.org","@graph":[{"@type":"WebPage","@id":"https:\/\/teiaeducation.ch\/de\/produkt\/regenbogen-zirkus-baukasten-ostheimer\/","url":"https:\/\/teiaeducation.ch\/de\/produkt\/regenbogen-zirkus-baukasten-ostheimer\/","name":"Regenbogen Zirkus Baukasten - Ostheimer - Teia Education & Play","isPartOf":{"@id":"https:\/\/teiaeducation.ch\/de\/#website"},"primaryImageOfPage":{"@id":"https:\/\/teiaeducation.ch\/de\/produkt\/regenbogen-zirkus-baukasten-ostheimer\/#primaryimage"},"image":{"@id":"https:\/\/teiaeducation.ch\/de\/produkt\/regenbogen-zirkus-baukasten-ostheimer\/#primaryimage"},"thumbnailUrl":"https:\/\/teiaeducation.ch\/wp-content\/uploads\/2023\/11\/Rainbow-circus-building-set-Ostheimer-.jpg","datePublished":"2023-11-10T14:29:50+00:00","dateModified":"2025-06-21T13:18:22+00:00","description":"Das Set Regenbogen Zirkus Baukasten aus dem Ostheimer Sch\u00f6nes f\u00fcrs Kinderzimmer Sortiment enth\u00e4lt 25 Holzkl\u00f6tzen, 2 Menschenfiguren, 1 L\u00f6wen & 1 Robbe.","breadcrumb":{"@id":"https:\/\/teiaeducation.ch\/de\/produkt\/regenbogen-zirkus-baukasten-ostheimer\/#breadcrumb"},"inLanguage":"de-CH","potentialAction":[{"@type":"ReadAction","target":["https:\/\/teiaeducation.ch\/de\/produkt\/regenbogen-zirkus-baukasten-ostheimer\/"]}]},{"@type":"ImageObject","inLanguage":"de-CH","@id":"https:\/\/teiaeducation.ch\/de\/produkt\/regenbogen-zirkus-baukasten-ostheimer\/#primaryimage","url":"https:\/\/teiaeducation.ch\/wp-content\/uploads\/2023\/11\/Rainbow-circus-building-set-Ostheimer-.jpg","contentUrl":"https:\/\/teiaeducation.ch\/wp-content\/uploads\/2023\/11\/Rainbow-circus-building-set-Ostheimer-.jpg","width":800,"height":800,"caption":"Regenbogen Zirkus Baukasten Ostheimer"},{"@type":"BreadcrumbList","@id":"https:\/\/teiaeducation.ch\/de\/produkt\/regenbogen-zirkus-baukasten-ostheimer\/#breadcrumb","itemListElement":[{"@type":"ListItem","position":1,"name":"Home","item":"https:\/\/teiaeducation.ch\/de\/"},{"@type":"ListItem","position":2,"name":"Laden","item":"https:\/\/teiaeducation.ch\/de\/shop\/"},{"@type":"ListItem","position":3,"name":"Unsere Marken","item":"https:\/\/teiaeducation.ch\/de\/produkt-kategorie\/unsere-marken\/"},{"@type":"ListItem","position":4,"name":"Ostheimer","item":"https:\/\/teiaeducation.ch\/de\/produkt-kategorie\/unsere-marken\/ostheimer-de\/"},{"@type":"ListItem","position":5,"name":"Regenbogen Zirkus Baukasten &#8211; Ostheimer"}]},{"@type":"WebSite","@id":"https:\/\/teiaeducation.ch\/de\/#website","url":"https:\/\/teiaeducation.ch\/de\/","name":"Sustainable Educational Products &amp; Ecological Toys\u00a0","description":"Specialised Swiss shop selling sustainable educational toys and games, AMI certified Montessori materials, handmade ecological wooden Waldorf toys and arts &amp; crafts supplies, school supplies, children&#039;s furniture and Montessori reference and parenting books.","publisher":{"@id":"https:\/\/teiaeducation.ch\/de\/#organization"},"alternateName":"Teia Education & Play","potentialAction":[{"@type":"SearchAction","target":{"@type":"EntryPoint","urlTemplate":"https:\/\/teiaeducation.ch\/de\/?s={search_term_string}"},"query-input":{"@type":"PropertyValueSpecification","valueRequired":true,"valueName":"search_term_string"}}],"inLanguage":"de-CH"},{"@type":"Organization","@id":"https:\/\/teiaeducation.ch\/de\/#organization","name":"Teia Education & Play","url":"https:\/\/teiaeducation.ch\/de\/","logo":{"@type":"ImageObject","inLanguage":"de-CH","@id":"https:\/\/teiaeducation.ch\/de\/#\/schema\/logo\/image\/","url":"https:\/\/teiaeducation.ch\/wp-content\/uploads\/2020\/11\/Teia-Education-Switzerland-e1620156442216.jpg","contentUrl":"https:\/\/teiaeducation.ch\/wp-content\/uploads\/2020\/11\/Teia-Education-Switzerland-e1620156442216.jpg","width":166,"height":145,"caption":"Teia Education & Play"},"image":{"@id":"https:\/\/teiaeducation.ch\/de\/#\/schema\/logo\/image\/"},"sameAs":["https:\/\/www.facebook.com\/teiaeducation\/","https:\/\/x.com\/EducationTeia","https:\/\/www.instagram.com\/teia.education\/","https:\/\/www.linkedin.com\/company\/35501660","https:\/\/www.pinterest.ch\/TeiaEducation\/"]}]}},"_links":{"self":[{"href":"https:\/\/teiaeducation.ch\/de\/wp-json\/wp\/v2\/product\/58998","targetHints":{"allow":["GET"]}}],"collection":[{"href":"https:\/\/teiaeducation.ch\/de\/wp-json\/wp\/v2\/product"}],"about":[{"href":"https:\/\/teiaeducation.ch\/de\/wp-json\/wp\/v2\/types\/product"}],"replies":[{"embeddable":true,"href":"https:\/\/teiaeducation.ch\/de\/wp-json\/wp\/v2\/comments?post=58998"}],"wp:featuredmedia":[{"embeddable":true,"href":"https:\/\/teiaeducation.ch\/de\/wp-json\/wp\/v2\/media\/57160"}],"wp:attachment":[{"href":"https:\/\/teiaeducation.ch\/de\/wp-json\/wp\/v2\/media?parent=58998"}],"wp:term":[{"taxonomy":"product_brand","embeddable":true,"href":"https:\/\/teiaeducation.ch\/de\/wp-json\/wp\/v2\/product_brand?post=58998"},{"taxonomy":"product_cat","embeddable":true,"href":"https:\/\/teiaeducation.ch\/de\/wp-json\/wp\/v2\/product_cat?post=58998"},{"taxonomy":"product_tag","embeddable":true,"href":"https:\/\/teiaeducation.ch\/de\/wp-json\/wp\/v2\/product_tag?post=58998"}],"curies":[{"name":"wp","href":"https:\/\/api.w.org\/{rel}","templated":true}]}}