{"id":59004,"date":"2022-06-07T13:25:05","date_gmt":"2022-06-07T11:25:05","guid":{"rendered":"https:\/\/teiaeducation.ch\/product\/kerze-einhorn-glueckskaefer\/"},"modified":"2025-06-27T09:16:19","modified_gmt":"2025-06-27T07:16:19","slug":"kerze-einhorn-glueckskaefer","status":"publish","type":"product","link":"https:\/\/teiaeducation.ch\/de\/produkt\/kerze-einhorn-glueckskaefer\/","title":{"rendered":"Kerze-Einhorn &#8211; Gl\u00fccksk\u00e4fer"},"content":{"rendered":"<p>Diese wundersch\u00f6ne rosa Geburtstagskerze mit Einhorn-Illustration aus unserer <a href=\"https:\/\/teiaeducation.ch\/product-category\/celebrations\/\">Feste-Kollektion<\/a> wird in Deutschland handgefertigt und handbemalt und eignet sich perfekt als Erg\u00e4nzung zu Ihrem Gl\u00fccksk\u00e4fer-<a href=\"https:\/\/teiaeducation.ch\/product\/birthday-ring-natural-wood-gluckskafer\/\">Geburtstagsring<\/a>, Weihnachts-Adventsring oder Waldorf-Feste-Ring. Die Kerze passt in die Gl\u00fccksk\u00e4fer-Geburtstagsringe, den <a href=\"https:\/\/teiaeducation.ch\/product\/wooden-birthday-train-gluckskafer\/\">Geburtstagszug<\/a> sowie in alle Grimm&#8217;s Spiel und Holz-Feier<a href=\"https:\/\/teiaeducation.ch\/product\/small-natural-wood-birthday-ring-grimms\/\">ringe<\/a>, Geburtstags- und Advents<a href=\"https:\/\/teiaeducation.ch\/product\/colourful-birthday-spiral-grimms\/\">spiralen<\/a> &#8211; und wird garantiert zu einem Teil des j\u00e4hrlichen Rituals f\u00fcr Ihr Kind. Die Kerze ist so bemessen, dass sie in unseren <a href=\"https:\/\/teiaeducation.ch\/product\/aluminium-candle-holder-gluckskafer\/\">Kerzeneinsatzhalter<\/a> passt, der ein sicheres Abbrennen der Kerze gew\u00e4hrleistet.<\/p>\n<p>Einzeln erh\u00e4ltlich. Bitte beachten Sie, dass die Kerzen ohne den Einsatz nicht in den verschiedenen Ringen und Spiralen stehen k\u00f6nnen.<\/p>\n<p>Die farbenfrohen Gl\u00fccksk\u00e4fer <a href=\"https:\/\/teiaeducation.ch\/product-category\/hgh-quality-toys-play\/handmade-wooden-toys\/\">Holzspielzeuge<\/a> sind ideal f\u00fcr das Spielen zu Hause, im Kindergarten, in der Waldorf- oder <a href=\"https:\/\/teiaeducation.ch\/waldorf-steiner-schools-supplies\/\">Steinerschule<\/a>. Sie sind nach der <a href=\"https:\/\/teiaeducation.ch\/product-category\/education-method\/waldorf-steiner-toys-craft-materials\/\">Waldorf Philosophie<\/a> gefertigt, die daf\u00fcr bekannt ist, dass sie Kinder dazu ermutigen, das kreative Spiel unabh\u00e4ngig und ohne Grenzen zu entdecken. Alle hochwertigen Spielzeuge von Gl\u00fccksk\u00e4fer werden in Deutschland in Handarbeit mit ungiftigen Farben auf Wasserbasis hergestellt und gef\u00e4rbt und nicht lackiert, damit die urspr\u00fcnglichen Eigenschaften des Holzes und die Maserung erhalten bleiben.<\/p>\n<p>Die <a href=\"https:\/\/teiaeducation.ch\/product-category\/brands\/gluckskafer\/\">Gl\u00fccksk\u00e4fer<\/a> sind Teil des traditionsreichen deutschen Spielzeugherstellers Nic Toys, der f\u00fcr h\u00f6chste Qualit\u00e4tsstandards bei Produkten zur F\u00f6rderung der kindlichen Entwicklung bekannt ist, die auf ethische und nachhaltige Weise hergestellt werden.<\/p>\n<p>The candle unicorn is made in Germany by AHS Spielzeug for Gl\u00fccksk\u00e4fer.<\/p>\n<p>Achtung! Dies ist ein Dekorationsartikel und nicht zum Spielen geeignet. Wenn die Kerzen unbeaufsichtigt gelassen werden, k\u00f6nnen die dazu verwendeten Holzteile, wie z. B. der Festring, dennoch brennen. Bitte seien Sie beim Abbrennen von Kerzen immer vorsichtig.<\/p>\n<p>Aus Sicherheitsgr\u00fcnden sollten Sie bei der Verwendung von Kerzen Kerzenhalter verwenden und darauf achten, dass keine Zugluft entsteht und sich keine dekorative Figur in der N\u00e4he der Flammen befindet. Dieser Artikel ist f\u00fcr Kinder ab 14 Jahren geeignet.<\/p>\n<p>Inhalt:<\/p>\n<p>1 Kerze-Einhorn<\/p>\n","protected":false},"excerpt":{"rendered":"<p>Artikelnummer: 522733<\/p>\n<p>Die wundersch\u00f6ne rosa Geburtstagskerze mit Einhorn-Illustration wird in Deutschland handgefertigt und handbemalt und ist perfekt f\u00fcr Geburtstagsringe.<\/p>\n","protected":false},"featured_media":49005,"comment_status":"open","ping_status":"closed","template":"","meta":[],"product_brand":[],"product_cat":[21465,22347,21484,21631,21443,21563,21564,24314],"product_tag":[27765,27770,27768,27766,27767,21712,27781,27782,27764,27769],"class_list":{"0":"post-59004","1":"product","2":"type-product","3":"status-publish","4":"has-post-thumbnail","6":"product_cat-feier-festlichkeiten","7":"product_cat-geburtstage","8":"product_cat-geschenk-guides","9":"product_cat-glueckskaefer","10":"product_cat-nach-alter","11":"product_cat-neuheiten","12":"product_cat-unsere-marken","13":"product_cat-valentinstag","14":"product_tag-geburtstags-kerze-prinzessin","15":"product_tag-geburtstags-kerze-prinzessin-gluckskafer","16":"product_tag-gluckskafer-geburtstag","17":"product_tag-gluckskafer-geburtstagskerze","18":"product_tag-gluckskafer-spielzeug","19":"product_tag-hergestellt-in-deutschland","20":"product_tag-kerze-einhorn","21":"product_tag-kerze-einhorn-gluckskafer","22":"product_tag-waldorf-feiern-ring-accessoire-gluckskafer","23":"product_tag-waldorf-feiern-ring-kerze","25":"first","26":"instock","27":"taxable","28":"shipping-taxable","29":"purchasable","30":"product-type-simple"},"yoast_head":"<!-- This site is optimized with the Yoast SEO plugin v27.1.1 - https:\/\/yoast.com\/product\/yoast-seo-wordpress\/ -->\n<title>Kerze-Einhorn - Gl\u00fccksk\u00e4fer - Teia Education &amp; Play<\/title>\n<meta name=\"description\" content=\"Die wundersch\u00f6ne rosa Geburtstagskerze mit Einhorn-Illustration wird in Deutschland handgefertigt und handbemalt und ist perfekt f\u00fcr Geburtstagsringe.\" \/>\n<meta name=\"robots\" content=\"index, follow, max-snippet:-1, max-image-preview:large, max-video-preview:-1\" \/>\n<link rel=\"canonical\" href=\"https:\/\/teiaeducation.ch\/de\/produkt\/kerze-einhorn-glueckskaefer\/\" \/>\n<meta property=\"og:locale\" content=\"de_DE\" \/>\n<meta property=\"og:type\" content=\"article\" \/>\n<meta property=\"og:title\" content=\"Kerze-Einhorn - Gl\u00fccksk\u00e4fer - Teia Education &amp; Play\" \/>\n<meta property=\"og:description\" content=\"Die wundersch\u00f6ne rosa Geburtstagskerze mit Einhorn-Illustration wird in Deutschland handgefertigt und handbemalt und ist perfekt f\u00fcr Geburtstagsringe.\" \/>\n<meta property=\"og:url\" content=\"https:\/\/teiaeducation.ch\/de\/produkt\/kerze-einhorn-glueckskaefer\/\" \/>\n<meta property=\"og:site_name\" content=\"Sustainable Educational Products &amp; Ecological Toys\u00a0\" \/>\n<meta property=\"article:publisher\" content=\"https:\/\/www.facebook.com\/teiaeducation\/\" \/>\n<meta property=\"article:modified_time\" content=\"2025-06-27T07:16:19+00:00\" \/>\n<meta property=\"og:image\" content=\"https:\/\/teiaeducation.ch\/wp-content\/uploads\/2022\/06\/Birthday-candle-unicorn-Gluckskafer.jpg\" \/>\n\t<meta property=\"og:image:width\" content=\"1200\" \/>\n\t<meta property=\"og:image:height\" content=\"1200\" \/>\n\t<meta property=\"og:image:type\" content=\"image\/jpeg\" \/>\n<script type=\"application\/ld+json\" class=\"yoast-schema-graph\">{\"@context\":\"https:\/\/schema.org\",\"@graph\":[{\"@type\":\"WebPage\",\"@id\":\"https:\/\/teiaeducation.ch\/de\/produkt\/kerze-einhorn-glueckskaefer\/\",\"url\":\"https:\/\/teiaeducation.ch\/de\/produkt\/kerze-einhorn-glueckskaefer\/\",\"name\":\"Kerze-Einhorn - Gl\u00fccksk\u00e4fer - Teia Education & Play\",\"isPartOf\":{\"@id\":\"https:\/\/teiaeducation.ch\/de\/#website\"},\"primaryImageOfPage\":{\"@id\":\"https:\/\/teiaeducation.ch\/de\/produkt\/kerze-einhorn-glueckskaefer\/#primaryimage\"},\"image\":{\"@id\":\"https:\/\/teiaeducation.ch\/de\/produkt\/kerze-einhorn-glueckskaefer\/#primaryimage\"},\"thumbnailUrl\":\"https:\/\/teiaeducation.ch\/wp-content\/uploads\/2022\/06\/Birthday-candle-unicorn-Gluckskafer.jpg\",\"datePublished\":\"2022-06-07T11:25:05+00:00\",\"dateModified\":\"2025-06-27T07:16:19+00:00\",\"description\":\"Die wundersch\u00f6ne rosa Geburtstagskerze mit Einhorn-Illustration wird in Deutschland handgefertigt und handbemalt und ist perfekt f\u00fcr Geburtstagsringe.\",\"breadcrumb\":{\"@id\":\"https:\/\/teiaeducation.ch\/de\/produkt\/kerze-einhorn-glueckskaefer\/#breadcrumb\"},\"inLanguage\":\"de-CH\",\"potentialAction\":[{\"@type\":\"ReadAction\",\"target\":[\"https:\/\/teiaeducation.ch\/de\/produkt\/kerze-einhorn-glueckskaefer\/\"]}]},{\"@type\":\"ImageObject\",\"inLanguage\":\"de-CH\",\"@id\":\"https:\/\/teiaeducation.ch\/de\/produkt\/kerze-einhorn-glueckskaefer\/#primaryimage\",\"url\":\"https:\/\/teiaeducation.ch\/wp-content\/uploads\/2022\/06\/Birthday-candle-unicorn-Gluckskafer.jpg\",\"contentUrl\":\"https:\/\/teiaeducation.ch\/wp-content\/uploads\/2022\/06\/Birthday-candle-unicorn-Gluckskafer.jpg\",\"width\":1200,\"height\":1200,\"caption\":\"Kerze-Einhorn Gl\u00fccksk\u00e4fer\"},{\"@type\":\"BreadcrumbList\",\"@id\":\"https:\/\/teiaeducation.ch\/de\/produkt\/kerze-einhorn-glueckskaefer\/#breadcrumb\",\"itemListElement\":[{\"@type\":\"ListItem\",\"position\":1,\"name\":\"Home\",\"item\":\"https:\/\/teiaeducation.ch\/de\/\"},{\"@type\":\"ListItem\",\"position\":2,\"name\":\"Laden\",\"item\":\"https:\/\/teiaeducation.ch\/de\/shop\/\"},{\"@type\":\"ListItem\",\"position\":3,\"name\":\"Feier &amp; Festlichkeiten\",\"item\":\"https:\/\/teiaeducation.ch\/de\/produkt-kategorie\/feier-festlichkeiten\/\"},{\"@type\":\"ListItem\",\"position\":4,\"name\":\"Geburtstage\",\"item\":\"https:\/\/teiaeducation.ch\/de\/produkt-kategorie\/feier-festlichkeiten\/geburtstage\/\"},{\"@type\":\"ListItem\",\"position\":5,\"name\":\"Kerze-Einhorn &#8211; Gl\u00fccksk\u00e4fer\"}]},{\"@type\":\"WebSite\",\"@id\":\"https:\/\/teiaeducation.ch\/de\/#website\",\"url\":\"https:\/\/teiaeducation.ch\/de\/\",\"name\":\"Sustainable Educational Products &amp; Ecological Toys\u00a0\",\"description\":\"Specialised Swiss shop selling sustainable educational toys and games, AMI certified Montessori materials, handmade ecological wooden Waldorf toys and arts &amp; crafts supplies, school supplies, children&#039;s furniture and Montessori reference and parenting books.\",\"publisher\":{\"@id\":\"https:\/\/teiaeducation.ch\/de\/#organization\"},\"alternateName\":\"Teia Education & Play\",\"potentialAction\":[{\"@type\":\"SearchAction\",\"target\":{\"@type\":\"EntryPoint\",\"urlTemplate\":\"https:\/\/teiaeducation.ch\/de\/?s={search_term_string}\"},\"query-input\":{\"@type\":\"PropertyValueSpecification\",\"valueRequired\":true,\"valueName\":\"search_term_string\"}}],\"inLanguage\":\"de-CH\"},{\"@type\":\"Organization\",\"@id\":\"https:\/\/teiaeducation.ch\/de\/#organization\",\"name\":\"Teia Education & Play\",\"url\":\"https:\/\/teiaeducation.ch\/de\/\",\"logo\":{\"@type\":\"ImageObject\",\"inLanguage\":\"de-CH\",\"@id\":\"https:\/\/teiaeducation.ch\/de\/#\/schema\/logo\/image\/\",\"url\":\"https:\/\/teiaeducation.ch\/wp-content\/uploads\/2020\/11\/Teia-Education-Switzerland-e1620156442216.jpg\",\"contentUrl\":\"https:\/\/teiaeducation.ch\/wp-content\/uploads\/2020\/11\/Teia-Education-Switzerland-e1620156442216.jpg\",\"width\":166,\"height\":145,\"caption\":\"Teia Education & Play\"},\"image\":{\"@id\":\"https:\/\/teiaeducation.ch\/de\/#\/schema\/logo\/image\/\"},\"sameAs\":[\"https:\/\/www.facebook.com\/teiaeducation\/\",\"https:\/\/x.com\/EducationTeia\",\"https:\/\/www.instagram.com\/teia.education\/\",\"https:\/\/www.linkedin.com\/company\/35501660\",\"https:\/\/www.pinterest.ch\/TeiaEducation\/\"]}]}<\/script>\n<!-- \/ Yoast SEO plugin. -->","yoast_head_json":{"title":"Kerze-Einhorn - Gl\u00fccksk\u00e4fer - Teia Education & Play","description":"Die wundersch\u00f6ne rosa Geburtstagskerze mit Einhorn-Illustration wird in Deutschland handgefertigt und handbemalt und ist perfekt f\u00fcr Geburtstagsringe.","robots":{"index":"index","follow":"follow","max-snippet":"max-snippet:-1","max-image-preview":"max-image-preview:large","max-video-preview":"max-video-preview:-1"},"canonical":"https:\/\/teiaeducation.ch\/de\/produkt\/kerze-einhorn-glueckskaefer\/","og_locale":"de_DE","og_type":"article","og_title":"Kerze-Einhorn - Gl\u00fccksk\u00e4fer - Teia Education & Play","og_description":"Die wundersch\u00f6ne rosa Geburtstagskerze mit Einhorn-Illustration wird in Deutschland handgefertigt und handbemalt und ist perfekt f\u00fcr Geburtstagsringe.","og_url":"https:\/\/teiaeducation.ch\/de\/produkt\/kerze-einhorn-glueckskaefer\/","og_site_name":"Sustainable Educational Products &amp; Ecological Toys\u00a0","article_publisher":"https:\/\/www.facebook.com\/teiaeducation\/","article_modified_time":"2025-06-27T07:16:19+00:00","og_image":[{"width":1200,"height":1200,"url":"https:\/\/teiaeducation.ch\/wp-content\/uploads\/2022\/06\/Birthday-candle-unicorn-Gluckskafer.jpg","type":"image\/jpeg"}],"schema":{"@context":"https:\/\/schema.org","@graph":[{"@type":"WebPage","@id":"https:\/\/teiaeducation.ch\/de\/produkt\/kerze-einhorn-glueckskaefer\/","url":"https:\/\/teiaeducation.ch\/de\/produkt\/kerze-einhorn-glueckskaefer\/","name":"Kerze-Einhorn - Gl\u00fccksk\u00e4fer - Teia Education & Play","isPartOf":{"@id":"https:\/\/teiaeducation.ch\/de\/#website"},"primaryImageOfPage":{"@id":"https:\/\/teiaeducation.ch\/de\/produkt\/kerze-einhorn-glueckskaefer\/#primaryimage"},"image":{"@id":"https:\/\/teiaeducation.ch\/de\/produkt\/kerze-einhorn-glueckskaefer\/#primaryimage"},"thumbnailUrl":"https:\/\/teiaeducation.ch\/wp-content\/uploads\/2022\/06\/Birthday-candle-unicorn-Gluckskafer.jpg","datePublished":"2022-06-07T11:25:05+00:00","dateModified":"2025-06-27T07:16:19+00:00","description":"Die wundersch\u00f6ne rosa Geburtstagskerze mit Einhorn-Illustration wird in Deutschland handgefertigt und handbemalt und ist perfekt f\u00fcr Geburtstagsringe.","breadcrumb":{"@id":"https:\/\/teiaeducation.ch\/de\/produkt\/kerze-einhorn-glueckskaefer\/#breadcrumb"},"inLanguage":"de-CH","potentialAction":[{"@type":"ReadAction","target":["https:\/\/teiaeducation.ch\/de\/produkt\/kerze-einhorn-glueckskaefer\/"]}]},{"@type":"ImageObject","inLanguage":"de-CH","@id":"https:\/\/teiaeducation.ch\/de\/produkt\/kerze-einhorn-glueckskaefer\/#primaryimage","url":"https:\/\/teiaeducation.ch\/wp-content\/uploads\/2022\/06\/Birthday-candle-unicorn-Gluckskafer.jpg","contentUrl":"https:\/\/teiaeducation.ch\/wp-content\/uploads\/2022\/06\/Birthday-candle-unicorn-Gluckskafer.jpg","width":1200,"height":1200,"caption":"Kerze-Einhorn Gl\u00fccksk\u00e4fer"},{"@type":"BreadcrumbList","@id":"https:\/\/teiaeducation.ch\/de\/produkt\/kerze-einhorn-glueckskaefer\/#breadcrumb","itemListElement":[{"@type":"ListItem","position":1,"name":"Home","item":"https:\/\/teiaeducation.ch\/de\/"},{"@type":"ListItem","position":2,"name":"Laden","item":"https:\/\/teiaeducation.ch\/de\/shop\/"},{"@type":"ListItem","position":3,"name":"Feier &amp; Festlichkeiten","item":"https:\/\/teiaeducation.ch\/de\/produkt-kategorie\/feier-festlichkeiten\/"},{"@type":"ListItem","position":4,"name":"Geburtstage","item":"https:\/\/teiaeducation.ch\/de\/produkt-kategorie\/feier-festlichkeiten\/geburtstage\/"},{"@type":"ListItem","position":5,"name":"Kerze-Einhorn &#8211; Gl\u00fccksk\u00e4fer"}]},{"@type":"WebSite","@id":"https:\/\/teiaeducation.ch\/de\/#website","url":"https:\/\/teiaeducation.ch\/de\/","name":"Sustainable Educational Products &amp; Ecological Toys\u00a0","description":"Specialised Swiss shop selling sustainable educational toys and games, AMI certified Montessori materials, handmade ecological wooden Waldorf toys and arts &amp; crafts supplies, school supplies, children&#039;s furniture and Montessori reference and parenting books.","publisher":{"@id":"https:\/\/teiaeducation.ch\/de\/#organization"},"alternateName":"Teia Education & Play","potentialAction":[{"@type":"SearchAction","target":{"@type":"EntryPoint","urlTemplate":"https:\/\/teiaeducation.ch\/de\/?s={search_term_string}"},"query-input":{"@type":"PropertyValueSpecification","valueRequired":true,"valueName":"search_term_string"}}],"inLanguage":"de-CH"},{"@type":"Organization","@id":"https:\/\/teiaeducation.ch\/de\/#organization","name":"Teia Education & Play","url":"https:\/\/teiaeducation.ch\/de\/","logo":{"@type":"ImageObject","inLanguage":"de-CH","@id":"https:\/\/teiaeducation.ch\/de\/#\/schema\/logo\/image\/","url":"https:\/\/teiaeducation.ch\/wp-content\/uploads\/2020\/11\/Teia-Education-Switzerland-e1620156442216.jpg","contentUrl":"https:\/\/teiaeducation.ch\/wp-content\/uploads\/2020\/11\/Teia-Education-Switzerland-e1620156442216.jpg","width":166,"height":145,"caption":"Teia Education & Play"},"image":{"@id":"https:\/\/teiaeducation.ch\/de\/#\/schema\/logo\/image\/"},"sameAs":["https:\/\/www.facebook.com\/teiaeducation\/","https:\/\/x.com\/EducationTeia","https:\/\/www.instagram.com\/teia.education\/","https:\/\/www.linkedin.com\/company\/35501660","https:\/\/www.pinterest.ch\/TeiaEducation\/"]}]}},"_links":{"self":[{"href":"https:\/\/teiaeducation.ch\/de\/wp-json\/wp\/v2\/product\/59004","targetHints":{"allow":["GET"]}}],"collection":[{"href":"https:\/\/teiaeducation.ch\/de\/wp-json\/wp\/v2\/product"}],"about":[{"href":"https:\/\/teiaeducation.ch\/de\/wp-json\/wp\/v2\/types\/product"}],"replies":[{"embeddable":true,"href":"https:\/\/teiaeducation.ch\/de\/wp-json\/wp\/v2\/comments?post=59004"}],"wp:featuredmedia":[{"embeddable":true,"href":"https:\/\/teiaeducation.ch\/de\/wp-json\/wp\/v2\/media\/49005"}],"wp:attachment":[{"href":"https:\/\/teiaeducation.ch\/de\/wp-json\/wp\/v2\/media?parent=59004"}],"wp:term":[{"taxonomy":"product_brand","embeddable":true,"href":"https:\/\/teiaeducation.ch\/de\/wp-json\/wp\/v2\/product_brand?post=59004"},{"taxonomy":"product_cat","embeddable":true,"href":"https:\/\/teiaeducation.ch\/de\/wp-json\/wp\/v2\/product_cat?post=59004"},{"taxonomy":"product_tag","embeddable":true,"href":"https:\/\/teiaeducation.ch\/de\/wp-json\/wp\/v2\/product_tag?post=59004"}],"curies":[{"name":"wp","href":"https:\/\/api.w.org\/{rel}","templated":true}]}}