{"id":59005,"date":"2021-12-16T15:43:29","date_gmt":"2021-12-16T14:43:29","guid":{"rendered":"https:\/\/teiaeducation.ch\/product\/strickliese-unlackiert-glueckskaefer\/"},"modified":"2025-12-05T14:08:45","modified_gmt":"2025-12-05T13:08:45","slug":"strickliese-unlackiert-glueckskaefer","status":"publish","type":"product","link":"https:\/\/teiaeducation.ch\/de\/produkt\/strickliese-unlackiert-glueckskaefer\/","title":{"rendered":"Strickliese unlackiert aus Holz \u2013 Gl\u00fccksk\u00e4fer"},"content":{"rendered":"<p>Mit der <a href=\"https:\/\/teiaeducation.ch\/product-category\/creative-art-craft\/knitting\/\">Strickliese<\/a> unlackiert von Gl\u00fccksk\u00e4fer lernen Kinder mit viel Spa\u00df das Waldorfhandwerk! Spulenstricken oder franz\u00f6sisches Stricken, auch bekannt als Strickpuppe oder Stricknanny, ist ein sehr traditioneller Zeitvertreib f\u00fcr Kinder, und das aus gutem Grund! Der Strickhelfer ist ein einfaches <a href=\"https:\/\/teiaeducation.ch\/product-category\/creative-art-craft\/crafting-tools-storage\/\">Hilfsmittel<\/a>, um Kinder schnell und unkompliziert an das Stricken heranzuf\u00fchren und schon den Kleinsten die Grundprinzipien des Strickens zu vermitteln.<\/p>\n<p>Ein tolles Geschenk f\u00fcr kreative Kinder, die gerne basteln. Aus der gestrickten Litze lassen sich Armb\u00e4nder, Platzdeckchen, Wanddekorationen und G\u00fcrtel herstellen. Es kann sogar zu Namen geformt werden, um pers\u00f6nliche Accessoires zu gestalten.<\/p>\n<p>Stricken ist eine sehr taktile Erfahrung und eine lustige, kreative <a href=\"https:\/\/teiaeducation.ch\/product-category\/education-method\/waldorf\/\">Waldorf<\/a>-Handarbeitsbesch\u00e4ftigung. Sie wird in <a href=\"https:\/\/teiaeducation.ch\/waldorf-steiner-schools-supplies\/\">Waldorfschulen<\/a> weltweit ab einem Alter von etwa 6 Jahren gelehrt und die Projekte k\u00f6nnen von Anf\u00e4ngern bis zu Fortgeschrittenen reichen.<\/p>\n<p>Stricken ist f\u00fcr Kinder in vielerlei Hinsicht vorteilhaft, denn es f\u00f6rdert die <a href=\"https:\/\/teiaeducation.ch\/product-category\/learning-themes\/sensory-motor-skills\/motor-skills\/\">Feinmotorik,<\/a> die Hand-Augen-Koordination sowie die Konzentration und Geduld, die f\u00fcr die Konzentration auf eine Aufgabe erforderlich sind. Es verbessert die F\u00e4higkeit, Prozesse zu verstehen und zu befolgen, und f\u00f6rdert die Probleml\u00f6sungskompetenz bei der \u00dcberwindung von Fehlern.<\/p>\n<p>Stricken ist ein beruhigendes und befriedigendes Handwerk, das den Kindern ein Gef\u00fchl des Stolzes und des Erfolgs auf ihre Kreationen vermittelt. Die <a href=\"https:\/\/teiaeducation.ch\/product-category\/learning-themes\/sensory-motor-skills\/senses\/\">sinnliche<\/a> Erfahrung, mit Naturfasern zu arbeiten, schafft f\u00fcr beide Kinder eine aktive Verbindung zur nat\u00fcrlichen Welt. Stricken wird sowohl in der Montessori- als auch in der Waldorfp\u00e4dagogik verwendet und ist eines der Waldorfhandwerke.<\/p>\n<p>Die deutsche Marke <a href=\"https:\/\/teiaeducation.ch\/product-category\/brands\/gluckskafer\/\">Gl\u00fccksk\u00e4fer<\/a> ist in der Waldorf- und <a href=\"https:\/\/teiaeducation.ch\/product-category\/education-method\/the-montessori-pedagogy-materials-toys\/\">Montessori-<\/a>P\u00e4dagogik f\u00fcr ihre kindgerechten, echten Werkzeuge bekannt, die speziell entwickelt wurden, um Kinder in ihrer Selbstst\u00e4ndigkeit zu f\u00f6rdern.<\/p>\n<p>Gl\u00fccksk\u00e4fer Waldorf-inspiriertes Spielzeug und Kinderwerkzeug wird in Deutschland entworfen und in Europa hergestellt. Sie geh\u00f6ren zum traditionsreichen deutschen Spielzeughersteller Nic Toys, der f\u00fcr h\u00f6chste Qualit\u00e4tsstandards bei Produkten zur F\u00f6rderung der kindlichen Entwicklung bekannt ist und ethisch und nachhaltig produziert.<\/p>\n<p>Achtung! Wegen der scharfen Spitzen nicht f\u00fcr Kinder unter 5 Jahren geeignet.<\/p>\n<p>Inhalt:<\/p>\n<p>1 h\u00f6lzerne Strickhilfe (Wolle nicht enthalten) (11 \u00d7 3 \u00d7 3 cm)<\/p>\n","protected":false},"excerpt":{"rendered":"<p>Artikelnummer: 540001<\/p>\n<p>Mit dem Waldorf-Handarbeitsger\u00e4t Gl\u00fccksk\u00e4fer Strickhilfe aus Holz, Strickpuppe oder Stricknanny f\u00fcr Spulenstricken oder franz\u00f6sisches Stricken k\u00f6nnen Kinder das Stricken lernen.<\/p>\n","protected":false},"featured_media":43148,"comment_status":"open","ping_status":"closed","template":"","meta":[],"product_brand":[],"product_cat":[21445,21446,22033,21449,21479,21490,21484,22422,21631,21464,21447,21509,21481,21559,21443,21563,22362,21557,21695,21678,21454,21482,21564,21483,22363],"product_tag":[27783,27788,23459,27789,27790,27787,27786,27785,27792,27791,27784],"class_list":{"0":"post-59005","1":"product","2":"type-product","3":"status-publish","4":"has-post-thumbnail","6":"product_cat-3-6-jahre-vorschule","7":"product_cat-6-12-jahre-grundschule","8":"product_cat-adventskalender-geschenke-strumpffueller","9":"product_cat-bastelwerkzeuge-aufbewahrung","10":"product_cat-lernmaterialien-spielzeug-montessori-waldorf-steiner-froebel","11":"product_cat-geschenk-guide-kreativ","12":"product_cat-geschenk-guides","13":"product_cat-geschenke-fuer-das-osterkoerbchen","14":"product_cat-glueckskaefer","15":"product_cat-herbstkollektion","16":"product_cat-malen-basteln","17":"product_cat-lernthemen","18":"product_cat-montessori-paedagogik-material-spielzeug","19":"product_cat-motorische-fertigkeiten","20":"product_cat-nach-alter","21":"product_cat-neuheiten","22":"product_cat-saisonale-kollektionen","23":"product_cat-sensorische-motorische-fertigkeiten","24":"product_cat-sinnliches-spiel","25":"product_cat-kinder-spielzeug","26":"product_cat-stricken","27":"product_cat-traditionelle-bildung","28":"product_cat-unsere-marken","29":"product_cat-waldorf-steiner-paedagogik","30":"product_cat-winter-kollektion","31":"product_tag-basteln-fur-kinder","32":"product_tag-franzosisch-stricken","33":"product_tag-gluckskafer-de","34":"product_tag-gluckskafer-strickhilfe","35":"product_tag-montessori-handwerk","36":"product_tag-spulenstricken","37":"product_tag-stricken-nancy","38":"product_tag-strickliesel","39":"product_tag-strickliesel-aus-holz","40":"product_tag-traditionelle-freizeitbeschaftigungen-fur-kinder-de","41":"product_tag-waldorf-kunsthandwerk","43":"first","44":"outofstock","45":"taxable","46":"shipping-taxable","47":"purchasable","48":"product-type-simple"},"yoast_head":"<!-- This site is optimized with the Yoast SEO plugin v27.1.1 - https:\/\/yoast.com\/product\/yoast-seo-wordpress\/ -->\n<title>Strickliese unlackiert \u2013 Gl\u00fccksk\u00e4fer<\/title>\n<meta name=\"description\" content=\"Mit der Waldorf-Strickhilfe aus Holz von Gl\u00fccksk\u00e4fer k\u00f6nnen Kinder das Stricken lernen, sei es f\u00fcr das Spulenstricken oder das franz\u00f6sische Stricken.\" \/>\n<meta name=\"robots\" content=\"index, follow, max-snippet:-1, max-image-preview:large, max-video-preview:-1\" \/>\n<link rel=\"canonical\" href=\"https:\/\/teiaeducation.ch\/de\/produkt\/strickliese-unlackiert-glueckskaefer\/\" \/>\n<meta property=\"og:locale\" content=\"de_DE\" \/>\n<meta property=\"og:type\" content=\"article\" \/>\n<meta property=\"og:title\" content=\"Strickliese unlackiert \u2013 Gl\u00fccksk\u00e4fer\" \/>\n<meta property=\"og:description\" content=\"Mit der Waldorf-Strickhilfe aus Holz von Gl\u00fccksk\u00e4fer k\u00f6nnen Kinder das Stricken lernen, sei es f\u00fcr das Spulenstricken oder das franz\u00f6sische Stricken.\" \/>\n<meta property=\"og:url\" content=\"https:\/\/teiaeducation.ch\/de\/produkt\/strickliese-unlackiert-glueckskaefer\/\" \/>\n<meta property=\"og:site_name\" content=\"Sustainable Educational Products &amp; Ecological Toys\u00a0\" \/>\n<meta property=\"article:publisher\" content=\"https:\/\/www.facebook.com\/teiaeducation\/\" \/>\n<meta property=\"article:modified_time\" content=\"2025-12-05T13:08:45+00:00\" \/>\n<meta property=\"og:image\" content=\"https:\/\/teiaeducation.ch\/wp-content\/uploads\/2021\/12\/Wooden-knitting-helper-\u2013-Gluckskafer.jpg\" \/>\n\t<meta property=\"og:image:width\" content=\"800\" \/>\n\t<meta property=\"og:image:height\" content=\"800\" \/>\n\t<meta property=\"og:image:type\" content=\"image\/jpeg\" \/>\n<script type=\"application\/ld+json\" class=\"yoast-schema-graph\">{\"@context\":\"https:\/\/schema.org\",\"@graph\":[{\"@type\":\"WebPage\",\"@id\":\"https:\/\/teiaeducation.ch\/de\/produkt\/strickliese-unlackiert-glueckskaefer\/\",\"url\":\"https:\/\/teiaeducation.ch\/de\/produkt\/strickliese-unlackiert-glueckskaefer\/\",\"name\":\"Strickliese unlackiert \u2013 Gl\u00fccksk\u00e4fer\",\"isPartOf\":{\"@id\":\"https:\/\/teiaeducation.ch\/de\/#website\"},\"primaryImageOfPage\":{\"@id\":\"https:\/\/teiaeducation.ch\/de\/produkt\/strickliese-unlackiert-glueckskaefer\/#primaryimage\"},\"image\":{\"@id\":\"https:\/\/teiaeducation.ch\/de\/produkt\/strickliese-unlackiert-glueckskaefer\/#primaryimage\"},\"thumbnailUrl\":\"https:\/\/teiaeducation.ch\/wp-content\/uploads\/2021\/12\/Wooden-knitting-helper-\u2013-Gluckskafer.jpg\",\"datePublished\":\"2021-12-16T14:43:29+00:00\",\"dateModified\":\"2025-12-05T13:08:45+00:00\",\"description\":\"Mit der Waldorf-Strickhilfe aus Holz von Gl\u00fccksk\u00e4fer k\u00f6nnen Kinder das Stricken lernen, sei es f\u00fcr das Spulenstricken oder das franz\u00f6sische Stricken.\",\"breadcrumb\":{\"@id\":\"https:\/\/teiaeducation.ch\/de\/produkt\/strickliese-unlackiert-glueckskaefer\/#breadcrumb\"},\"inLanguage\":\"de-CH\",\"potentialAction\":[{\"@type\":\"ReadAction\",\"target\":[\"https:\/\/teiaeducation.ch\/de\/produkt\/strickliese-unlackiert-glueckskaefer\/\"]}]},{\"@type\":\"ImageObject\",\"inLanguage\":\"de-CH\",\"@id\":\"https:\/\/teiaeducation.ch\/de\/produkt\/strickliese-unlackiert-glueckskaefer\/#primaryimage\",\"url\":\"https:\/\/teiaeducation.ch\/wp-content\/uploads\/2021\/12\/Wooden-knitting-helper-\u2013-Gluckskafer.jpg\",\"contentUrl\":\"https:\/\/teiaeducation.ch\/wp-content\/uploads\/2021\/12\/Wooden-knitting-helper-\u2013-Gluckskafer.jpg\",\"width\":800,\"height\":800,\"caption\":\"Strickliese unlackiert \/ Waldorf-Bastelwerkzeug \u2013 Gl\u00fccksk\u00e4fer\"},{\"@type\":\"BreadcrumbList\",\"@id\":\"https:\/\/teiaeducation.ch\/de\/produkt\/strickliese-unlackiert-glueckskaefer\/#breadcrumb\",\"itemListElement\":[{\"@type\":\"ListItem\",\"position\":1,\"name\":\"Home\",\"item\":\"https:\/\/teiaeducation.ch\/de\/\"},{\"@type\":\"ListItem\",\"position\":2,\"name\":\"Laden\",\"item\":\"https:\/\/teiaeducation.ch\/de\/shop\/\"},{\"@type\":\"ListItem\",\"position\":3,\"name\":\"Unsere Marken\",\"item\":\"https:\/\/teiaeducation.ch\/de\/produkt-kategorie\/unsere-marken\/\"},{\"@type\":\"ListItem\",\"position\":4,\"name\":\"Gl\u00fccksk\u00e4fer\",\"item\":\"https:\/\/teiaeducation.ch\/de\/produkt-kategorie\/unsere-marken\/glueckskaefer\/\"},{\"@type\":\"ListItem\",\"position\":5,\"name\":\"Strickliese unlackiert aus Holz \u2013 Gl\u00fccksk\u00e4fer\"}]},{\"@type\":\"WebSite\",\"@id\":\"https:\/\/teiaeducation.ch\/de\/#website\",\"url\":\"https:\/\/teiaeducation.ch\/de\/\",\"name\":\"Sustainable Educational Products &amp; Ecological Toys\u00a0\",\"description\":\"Specialised Swiss shop selling sustainable educational toys and games, AMI certified Montessori materials, handmade ecological wooden Waldorf toys and arts &amp; crafts supplies, school supplies, children&#039;s furniture and Montessori reference and parenting books.\",\"publisher\":{\"@id\":\"https:\/\/teiaeducation.ch\/de\/#organization\"},\"alternateName\":\"Teia Education & Play\",\"potentialAction\":[{\"@type\":\"SearchAction\",\"target\":{\"@type\":\"EntryPoint\",\"urlTemplate\":\"https:\/\/teiaeducation.ch\/de\/?s={search_term_string}\"},\"query-input\":{\"@type\":\"PropertyValueSpecification\",\"valueRequired\":true,\"valueName\":\"search_term_string\"}}],\"inLanguage\":\"de-CH\"},{\"@type\":\"Organization\",\"@id\":\"https:\/\/teiaeducation.ch\/de\/#organization\",\"name\":\"Teia Education & Play\",\"url\":\"https:\/\/teiaeducation.ch\/de\/\",\"logo\":{\"@type\":\"ImageObject\",\"inLanguage\":\"de-CH\",\"@id\":\"https:\/\/teiaeducation.ch\/de\/#\/schema\/logo\/image\/\",\"url\":\"https:\/\/teiaeducation.ch\/wp-content\/uploads\/2020\/11\/Teia-Education-Switzerland-e1620156442216.jpg\",\"contentUrl\":\"https:\/\/teiaeducation.ch\/wp-content\/uploads\/2020\/11\/Teia-Education-Switzerland-e1620156442216.jpg\",\"width\":166,\"height\":145,\"caption\":\"Teia Education & Play\"},\"image\":{\"@id\":\"https:\/\/teiaeducation.ch\/de\/#\/schema\/logo\/image\/\"},\"sameAs\":[\"https:\/\/www.facebook.com\/teiaeducation\/\",\"https:\/\/x.com\/EducationTeia\",\"https:\/\/www.instagram.com\/teia.education\/\",\"https:\/\/www.linkedin.com\/company\/35501660\",\"https:\/\/www.pinterest.ch\/TeiaEducation\/\"]}]}<\/script>\n<!-- \/ Yoast SEO plugin. -->","yoast_head_json":{"title":"Strickliese unlackiert \u2013 Gl\u00fccksk\u00e4fer","description":"Mit der Waldorf-Strickhilfe aus Holz von Gl\u00fccksk\u00e4fer k\u00f6nnen Kinder das Stricken lernen, sei es f\u00fcr das Spulenstricken oder das franz\u00f6sische Stricken.","robots":{"index":"index","follow":"follow","max-snippet":"max-snippet:-1","max-image-preview":"max-image-preview:large","max-video-preview":"max-video-preview:-1"},"canonical":"https:\/\/teiaeducation.ch\/de\/produkt\/strickliese-unlackiert-glueckskaefer\/","og_locale":"de_DE","og_type":"article","og_title":"Strickliese unlackiert \u2013 Gl\u00fccksk\u00e4fer","og_description":"Mit der Waldorf-Strickhilfe aus Holz von Gl\u00fccksk\u00e4fer k\u00f6nnen Kinder das Stricken lernen, sei es f\u00fcr das Spulenstricken oder das franz\u00f6sische Stricken.","og_url":"https:\/\/teiaeducation.ch\/de\/produkt\/strickliese-unlackiert-glueckskaefer\/","og_site_name":"Sustainable Educational Products &amp; Ecological Toys\u00a0","article_publisher":"https:\/\/www.facebook.com\/teiaeducation\/","article_modified_time":"2025-12-05T13:08:45+00:00","og_image":[{"width":800,"height":800,"url":"https:\/\/teiaeducation.ch\/wp-content\/uploads\/2021\/12\/Wooden-knitting-helper-\u2013-Gluckskafer.jpg","type":"image\/jpeg"}],"schema":{"@context":"https:\/\/schema.org","@graph":[{"@type":"WebPage","@id":"https:\/\/teiaeducation.ch\/de\/produkt\/strickliese-unlackiert-glueckskaefer\/","url":"https:\/\/teiaeducation.ch\/de\/produkt\/strickliese-unlackiert-glueckskaefer\/","name":"Strickliese unlackiert \u2013 Gl\u00fccksk\u00e4fer","isPartOf":{"@id":"https:\/\/teiaeducation.ch\/de\/#website"},"primaryImageOfPage":{"@id":"https:\/\/teiaeducation.ch\/de\/produkt\/strickliese-unlackiert-glueckskaefer\/#primaryimage"},"image":{"@id":"https:\/\/teiaeducation.ch\/de\/produkt\/strickliese-unlackiert-glueckskaefer\/#primaryimage"},"thumbnailUrl":"https:\/\/teiaeducation.ch\/wp-content\/uploads\/2021\/12\/Wooden-knitting-helper-\u2013-Gluckskafer.jpg","datePublished":"2021-12-16T14:43:29+00:00","dateModified":"2025-12-05T13:08:45+00:00","description":"Mit der Waldorf-Strickhilfe aus Holz von Gl\u00fccksk\u00e4fer k\u00f6nnen Kinder das Stricken lernen, sei es f\u00fcr das Spulenstricken oder das franz\u00f6sische Stricken.","breadcrumb":{"@id":"https:\/\/teiaeducation.ch\/de\/produkt\/strickliese-unlackiert-glueckskaefer\/#breadcrumb"},"inLanguage":"de-CH","potentialAction":[{"@type":"ReadAction","target":["https:\/\/teiaeducation.ch\/de\/produkt\/strickliese-unlackiert-glueckskaefer\/"]}]},{"@type":"ImageObject","inLanguage":"de-CH","@id":"https:\/\/teiaeducation.ch\/de\/produkt\/strickliese-unlackiert-glueckskaefer\/#primaryimage","url":"https:\/\/teiaeducation.ch\/wp-content\/uploads\/2021\/12\/Wooden-knitting-helper-\u2013-Gluckskafer.jpg","contentUrl":"https:\/\/teiaeducation.ch\/wp-content\/uploads\/2021\/12\/Wooden-knitting-helper-\u2013-Gluckskafer.jpg","width":800,"height":800,"caption":"Strickliese unlackiert \/ Waldorf-Bastelwerkzeug \u2013 Gl\u00fccksk\u00e4fer"},{"@type":"BreadcrumbList","@id":"https:\/\/teiaeducation.ch\/de\/produkt\/strickliese-unlackiert-glueckskaefer\/#breadcrumb","itemListElement":[{"@type":"ListItem","position":1,"name":"Home","item":"https:\/\/teiaeducation.ch\/de\/"},{"@type":"ListItem","position":2,"name":"Laden","item":"https:\/\/teiaeducation.ch\/de\/shop\/"},{"@type":"ListItem","position":3,"name":"Unsere Marken","item":"https:\/\/teiaeducation.ch\/de\/produkt-kategorie\/unsere-marken\/"},{"@type":"ListItem","position":4,"name":"Gl\u00fccksk\u00e4fer","item":"https:\/\/teiaeducation.ch\/de\/produkt-kategorie\/unsere-marken\/glueckskaefer\/"},{"@type":"ListItem","position":5,"name":"Strickliese unlackiert aus Holz \u2013 Gl\u00fccksk\u00e4fer"}]},{"@type":"WebSite","@id":"https:\/\/teiaeducation.ch\/de\/#website","url":"https:\/\/teiaeducation.ch\/de\/","name":"Sustainable Educational Products &amp; Ecological Toys\u00a0","description":"Specialised Swiss shop selling sustainable educational toys and games, AMI certified Montessori materials, handmade ecological wooden Waldorf toys and arts &amp; crafts supplies, school supplies, children&#039;s furniture and Montessori reference and parenting books.","publisher":{"@id":"https:\/\/teiaeducation.ch\/de\/#organization"},"alternateName":"Teia Education & Play","potentialAction":[{"@type":"SearchAction","target":{"@type":"EntryPoint","urlTemplate":"https:\/\/teiaeducation.ch\/de\/?s={search_term_string}"},"query-input":{"@type":"PropertyValueSpecification","valueRequired":true,"valueName":"search_term_string"}}],"inLanguage":"de-CH"},{"@type":"Organization","@id":"https:\/\/teiaeducation.ch\/de\/#organization","name":"Teia Education & Play","url":"https:\/\/teiaeducation.ch\/de\/","logo":{"@type":"ImageObject","inLanguage":"de-CH","@id":"https:\/\/teiaeducation.ch\/de\/#\/schema\/logo\/image\/","url":"https:\/\/teiaeducation.ch\/wp-content\/uploads\/2020\/11\/Teia-Education-Switzerland-e1620156442216.jpg","contentUrl":"https:\/\/teiaeducation.ch\/wp-content\/uploads\/2020\/11\/Teia-Education-Switzerland-e1620156442216.jpg","width":166,"height":145,"caption":"Teia Education & Play"},"image":{"@id":"https:\/\/teiaeducation.ch\/de\/#\/schema\/logo\/image\/"},"sameAs":["https:\/\/www.facebook.com\/teiaeducation\/","https:\/\/x.com\/EducationTeia","https:\/\/www.instagram.com\/teia.education\/","https:\/\/www.linkedin.com\/company\/35501660","https:\/\/www.pinterest.ch\/TeiaEducation\/"]}]}},"_links":{"self":[{"href":"https:\/\/teiaeducation.ch\/de\/wp-json\/wp\/v2\/product\/59005","targetHints":{"allow":["GET"]}}],"collection":[{"href":"https:\/\/teiaeducation.ch\/de\/wp-json\/wp\/v2\/product"}],"about":[{"href":"https:\/\/teiaeducation.ch\/de\/wp-json\/wp\/v2\/types\/product"}],"replies":[{"embeddable":true,"href":"https:\/\/teiaeducation.ch\/de\/wp-json\/wp\/v2\/comments?post=59005"}],"wp:featuredmedia":[{"embeddable":true,"href":"https:\/\/teiaeducation.ch\/de\/wp-json\/wp\/v2\/media\/43148"}],"wp:attachment":[{"href":"https:\/\/teiaeducation.ch\/de\/wp-json\/wp\/v2\/media?parent=59005"}],"wp:term":[{"taxonomy":"product_brand","embeddable":true,"href":"https:\/\/teiaeducation.ch\/de\/wp-json\/wp\/v2\/product_brand?post=59005"},{"taxonomy":"product_cat","embeddable":true,"href":"https:\/\/teiaeducation.ch\/de\/wp-json\/wp\/v2\/product_cat?post=59005"},{"taxonomy":"product_tag","embeddable":true,"href":"https:\/\/teiaeducation.ch\/de\/wp-json\/wp\/v2\/product_tag?post=59005"}],"curies":[{"name":"wp","href":"https:\/\/api.w.org\/{rel}","templated":true}]}}