{"id":59006,"date":"2021-11-12T08:28:18","date_gmt":"2021-11-12T07:28:18","guid":{"rendered":"https:\/\/teiaeducation.ch\/product\/kettgarn-fuer-den-webrahmen-100g-glueckskaefer\/"},"modified":"2024-10-28T09:43:40","modified_gmt":"2024-10-28T08:43:40","slug":"kettgarn-fuer-den-webrahmen-100g-glueckskaefer","status":"publish","type":"product","link":"https:\/\/teiaeducation.ch\/de\/produkt\/kettgarn-fuer-den-webrahmen-100g-glueckskaefer\/","title":{"rendered":"Wei\u00dfe Kettgarn f\u00fcr den Webrahmen 100g &#8211; Gl\u00fccksk\u00e4fer"},"content":{"rendered":"<p>Das wei\u00dfe Kettgarn von Gl\u00fccksk\u00e4fer wird f\u00fcr <a href=\"https:\/\/teiaeducation.ch\/product\/wooden-large-school-weaving-frame-gluckskafer\/\">Webrahmen<\/a> (Webst\u00fchle), ein traditionelles Werkzeug des Waldorf <a href=\"https:\/\/teiaeducation.ch\/product-category\/creative-art-craft\/crafting-tools-storage\/\">Handwerks<\/a>, verwendet und ist rei\u00df- und dehnfest, so dass die Handarbeiten nicht ihre Form verlieren. Das Garn bietet ein perfektes Gleichgewicht zwischen St\u00e4rke und Weichheit und unterst\u00fctzt das Gewebe, auch wenn es vom Webstuhl genommen wird.<\/p>\n<p>Das Webgarn verzieht den Webstuhl und kann f\u00fcr eine Vielzahl von Projekten wie Teppiche, Wandteppiche und sogar zum H\u00e4keln verwendet werden.<\/p>\n<p>Das <a href=\"https:\/\/teiaeducation.ch\/product-category\/creative-art-craft\/weaving\/\">Weben<\/a> ist eine sehr taktile Erfahrung und eine lustige, kreative <a href=\"https:\/\/teiaeducation.ch\/product-category\/education-method\/waldorf-steiner-toys-craft-materials\/\">Waldorf<\/a>-Handarbeitst\u00e4tigkeit. Sie wird in <a href=\"https:\/\/teiaeducation.ch\/waldorf-steiner-schools-supplies\/\">Waldorfschulen<\/a> weltweit ab einem Alter von etwa 6 Jahren gelehrt und die Projekte k\u00f6nnen von Anf\u00e4ngern bis zu Fortgeschrittenen reichen.<\/p>\n<p>Das Weben hat viele Vorteile f\u00fcr Kinder, unter anderem die Entwicklung der <a href=\"https:\/\/teiaeducation.ch\/product-category\/learning-themes\/sensory-motor-skills\/motor-skills\/\">Feinmotorik<\/a>, der Hand-Augen-Koordination und der Konzentration und Geduld, die f\u00fcr die Konzentration auf eine Aufgabe erforderlich sind. Es verbessert die F\u00e4higkeit, Prozesse zu verstehen und zu befolgen, und f\u00f6rdert die Probleml\u00f6sungskompetenz bei der \u00dcberwindung von Fehlern.<\/p>\n<p>Das Weben ist ein beruhigendes und befriedigendes Handwerk, das den Kindern auch ein Gef\u00fchl von Stolz und Erfolg auf ihre Kreationen vermittelt. Die <a href=\"https:\/\/teiaeducation.ch\/product-category\/learning-themes\/sensory-motor-skills\/senses\/\">sinnliche<\/a> Erfahrung, mit Naturfasern zu arbeiten, schafft f\u00fcr beide Kinder eine aktive Verbindung zur nat\u00fcrlichen Welt. Das Weben wird sowohl in der Montessori- als auch in der Waldorfp\u00e4dagogik verwendet und ist eines der Waldorfhandwerke.<\/p>\n<p>Die deutsche Marke <a href=\"https:\/\/teiaeducation.ch\/product-category\/brands\/gluckskafer\/\">Gl\u00fccksk\u00e4fer<\/a> ist in der Waldorf- und <a href=\"https:\/\/teiaeducation.ch\/product-category\/education-method\/the-montessori-pedagogy-materials-toys\/\">Montessori-<\/a>P\u00e4dagogik f\u00fcr ihre kindgerechten, echten Werkzeuge bekannt, die speziell entwickelt wurden, um Kinder in ihrer Selbstst\u00e4ndigkeit zu f\u00f6rdern.<\/p>\n<p>Gl\u00fccksk\u00e4fer Waldorf-inspiriertes Spielzeug und Kinderwerkzeug wird in Deutschland entworfen und in Europa hergestellt. Sie geh\u00f6ren zum traditionsreichen deutschen Spielzeughersteller Nic Toys, der f\u00fcr h\u00f6chste Qualit\u00e4tsstandards bei Produkten zur F\u00f6rderung der kindlichen Entwicklung bekannt ist und ethisch und nachhaltig produziert.<\/p>\n<p>Achtung! Nicht f\u00fcr Kinder unter 36 Monaten geeignet, da aufgrund der langen Schnur Strangulationsgefahr besteht.<\/p>\n<p>Inhalt:<\/p>\n<p>1 Spule mit Webgarn (ca. 100g)<\/p>\n","protected":false},"excerpt":{"rendered":"<p>Artikelnummer: 3402<\/p>\n<p>Gl\u00fccksk\u00e4fer Kettgarn wird f\u00fcr Webrahmen (Webst\u00fchle) verwendet und ist rei\u00df- und dehnfest, so dass das Handwerk nicht seine Form verliert!<\/p>\n","protected":false},"featured_media":41052,"comment_status":"open","ping_status":"closed","template":"","meta":[],"product_brand":[],"product_cat":[21445,21446,21449,21479,21631,21447,21509,21559,21443,21563,22362,21557,21564,21483,21463,22363],"product_tag":[27803,27804,26362,27805,27796,27800,24791,27794,27802,27793,27798,27799,27801,27797,27795,24792],"class_list":{"0":"post-59006","1":"product","2":"type-product","3":"status-publish","4":"has-post-thumbnail","6":"product_cat-3-6-jahre-vorschule","7":"product_cat-6-12-jahre-grundschule","8":"product_cat-bastelwerkzeuge-aufbewahrung","9":"product_cat-lernmaterialien-spielzeug-montessori-waldorf-steiner-froebel","10":"product_cat-glueckskaefer","11":"product_cat-malen-basteln","12":"product_cat-lernthemen","13":"product_cat-motorische-fertigkeiten","14":"product_cat-nach-alter","15":"product_cat-neuheiten","16":"product_cat-saisonale-kollektionen","17":"product_cat-sensorische-motorische-fertigkeiten","18":"product_cat-unsere-marken","19":"product_cat-waldorf-steiner-paedagogik","20":"product_cat-weben","21":"product_cat-winter-kollektion","22":"product_tag-gluckskafer-rundwebrahmen","23":"product_tag-gluckskafer-rundwebstuhl","24":"product_tag-hergestellt-in-europa","25":"product_tag-kettgarn-fur-den-webrahmen-100g-gluckskafer","26":"product_tag-montessori-webrahmen","27":"product_tag-nachhaltiger-rundwebstuhl","28":"product_tag-nachhaltiger-webrahmen","29":"product_tag-rundwebrahmen","30":"product_tag-rundwebrahmen-fur-kinder","31":"product_tag-rundwebstuhl","32":"product_tag-rundwebstuhl-aus-holz","33":"product_tag-rundwebstuhl-aus-holz-de","34":"product_tag-rundwebstuhl-fur-kinder","35":"product_tag-waldorf-bastelbedarf","36":"product_tag-waldorf-webrahmen","37":"product_tag-weben-fur-kinder","39":"first","40":"instock","41":"taxable","42":"shipping-taxable","43":"purchasable","44":"product-type-simple"},"yoast_head":"<!-- This site is optimized with the Yoast SEO plugin v27.3 - https:\/\/yoast.com\/product\/yoast-seo-wordpress\/ -->\n<title>Kettgarn f\u00fcr den Webrahmen 100g \u2013 Gl\u00fccksk\u00e4fer<\/title>\n<meta name=\"description\" content=\"Gl\u00fccksk\u00e4fer Kettgarn wird f\u00fcr Webrahmen (Webst\u00fchle) verwendet und ist rei\u00df- und dehnfest, so dass das Handwerk nicht seine Form verliert.\" \/>\n<meta name=\"robots\" content=\"index, follow, max-snippet:-1, max-image-preview:large, max-video-preview:-1\" \/>\n<link rel=\"canonical\" href=\"https:\/\/teiaeducation.ch\/de\/produkt\/kettgarn-fuer-den-webrahmen-100g-glueckskaefer\/\" \/>\n<meta property=\"og:locale\" content=\"de_DE\" \/>\n<meta property=\"og:type\" content=\"article\" \/>\n<meta property=\"og:title\" content=\"Kettgarn f\u00fcr den Webrahmen 100g \u2013 Gl\u00fccksk\u00e4fer\" \/>\n<meta property=\"og:description\" content=\"Gl\u00fccksk\u00e4fer Kettgarn wird f\u00fcr Webrahmen (Webst\u00fchle) verwendet und ist rei\u00df- und dehnfest, so dass das Handwerk nicht seine Form verliert.\" \/>\n<meta property=\"og:url\" content=\"https:\/\/teiaeducation.ch\/de\/produkt\/kettgarn-fuer-den-webrahmen-100g-glueckskaefer\/\" \/>\n<meta property=\"og:site_name\" content=\"Sustainable Educational Products &amp; Ecological Toys\u00a0\" \/>\n<meta property=\"article:publisher\" content=\"https:\/\/www.facebook.com\/teiaeducation\/\" \/>\n<meta property=\"article:modified_time\" content=\"2024-10-28T08:43:40+00:00\" \/>\n<meta property=\"og:image\" content=\"https:\/\/teiaeducation.ch\/wp-content\/uploads\/2021\/11\/Weaving-yarn-for-weaving-frame-loom-Waldorf-handicraft-tools-Gluckskafer.jpg\" \/>\n\t<meta property=\"og:image:width\" content=\"575\" \/>\n\t<meta property=\"og:image:height\" content=\"575\" \/>\n\t<meta property=\"og:image:type\" content=\"image\/jpeg\" \/>\n<script type=\"application\/ld+json\" class=\"yoast-schema-graph\">{\"@context\":\"https:\\\/\\\/schema.org\",\"@graph\":[{\"@type\":\"WebPage\",\"@id\":\"https:\\\/\\\/teiaeducation.ch\\\/de\\\/produkt\\\/kettgarn-fuer-den-webrahmen-100g-glueckskaefer\\\/\",\"url\":\"https:\\\/\\\/teiaeducation.ch\\\/de\\\/produkt\\\/kettgarn-fuer-den-webrahmen-100g-glueckskaefer\\\/\",\"name\":\"Kettgarn f\u00fcr den Webrahmen 100g \u2013 Gl\u00fccksk\u00e4fer\",\"isPartOf\":{\"@id\":\"https:\\\/\\\/teiaeducation.ch\\\/de\\\/#website\"},\"primaryImageOfPage\":{\"@id\":\"https:\\\/\\\/teiaeducation.ch\\\/de\\\/produkt\\\/kettgarn-fuer-den-webrahmen-100g-glueckskaefer\\\/#primaryimage\"},\"image\":{\"@id\":\"https:\\\/\\\/teiaeducation.ch\\\/de\\\/produkt\\\/kettgarn-fuer-den-webrahmen-100g-glueckskaefer\\\/#primaryimage\"},\"thumbnailUrl\":\"https:\\\/\\\/teiaeducation.ch\\\/wp-content\\\/uploads\\\/2021\\\/11\\\/Weaving-yarn-for-weaving-frame-loom-Waldorf-handicraft-tools-Gluckskafer.jpg\",\"datePublished\":\"2021-11-12T07:28:18+00:00\",\"dateModified\":\"2024-10-28T08:43:40+00:00\",\"description\":\"Gl\u00fccksk\u00e4fer Kettgarn wird f\u00fcr Webrahmen (Webst\u00fchle) verwendet und ist rei\u00df- und dehnfest, so dass das Handwerk nicht seine Form verliert.\",\"breadcrumb\":{\"@id\":\"https:\\\/\\\/teiaeducation.ch\\\/de\\\/produkt\\\/kettgarn-fuer-den-webrahmen-100g-glueckskaefer\\\/#breadcrumb\"},\"inLanguage\":\"de-CH\",\"potentialAction\":[{\"@type\":\"ReadAction\",\"target\":[\"https:\\\/\\\/teiaeducation.ch\\\/de\\\/produkt\\\/kettgarn-fuer-den-webrahmen-100g-glueckskaefer\\\/\"]}]},{\"@type\":\"ImageObject\",\"inLanguage\":\"de-CH\",\"@id\":\"https:\\\/\\\/teiaeducation.ch\\\/de\\\/produkt\\\/kettgarn-fuer-den-webrahmen-100g-glueckskaefer\\\/#primaryimage\",\"url\":\"https:\\\/\\\/teiaeducation.ch\\\/wp-content\\\/uploads\\\/2021\\\/11\\\/Weaving-yarn-for-weaving-frame-loom-Waldorf-handicraft-tools-Gluckskafer.jpg\",\"contentUrl\":\"https:\\\/\\\/teiaeducation.ch\\\/wp-content\\\/uploads\\\/2021\\\/11\\\/Weaving-yarn-for-weaving-frame-loom-Waldorf-handicraft-tools-Gluckskafer.jpg\",\"width\":575,\"height\":575,\"caption\":\"Webgarn f\u00fcr Webrahmen (Webstuhl) \\\/ Waldorf Handwerkszeug - Gl\u00fccksk\u00e4fer\"},{\"@type\":\"BreadcrumbList\",\"@id\":\"https:\\\/\\\/teiaeducation.ch\\\/de\\\/produkt\\\/kettgarn-fuer-den-webrahmen-100g-glueckskaefer\\\/#breadcrumb\",\"itemListElement\":[{\"@type\":\"ListItem\",\"position\":1,\"name\":\"Home\",\"item\":\"https:\\\/\\\/teiaeducation.ch\\\/de\\\/\"},{\"@type\":\"ListItem\",\"position\":2,\"name\":\"Laden\",\"item\":\"https:\\\/\\\/teiaeducation.ch\\\/de\\\/shop\\\/\"},{\"@type\":\"ListItem\",\"position\":3,\"name\":\"Unsere Marken\",\"item\":\"https:\\\/\\\/teiaeducation.ch\\\/de\\\/produkt-kategorie\\\/unsere-marken\\\/\"},{\"@type\":\"ListItem\",\"position\":4,\"name\":\"Gl\u00fccksk\u00e4fer\",\"item\":\"https:\\\/\\\/teiaeducation.ch\\\/de\\\/produkt-kategorie\\\/unsere-marken\\\/glueckskaefer\\\/\"},{\"@type\":\"ListItem\",\"position\":5,\"name\":\"Wei\u00dfe Kettgarn f\u00fcr den Webrahmen 100g &#8211; Gl\u00fccksk\u00e4fer\"}]},{\"@type\":\"WebSite\",\"@id\":\"https:\\\/\\\/teiaeducation.ch\\\/de\\\/#website\",\"url\":\"https:\\\/\\\/teiaeducation.ch\\\/de\\\/\",\"name\":\"Sustainable Educational Products &amp; Ecological Toys\u00a0\",\"description\":\"Specialised Swiss shop selling sustainable educational toys and games, AMI certified Montessori materials, handmade ecological wooden Waldorf toys and arts &amp; crafts supplies, school supplies, children&#039;s furniture and Montessori reference and parenting books.\",\"publisher\":{\"@id\":\"https:\\\/\\\/teiaeducation.ch\\\/de\\\/#organization\"},\"alternateName\":\"Teia Education & Play\",\"potentialAction\":[{\"@type\":\"SearchAction\",\"target\":{\"@type\":\"EntryPoint\",\"urlTemplate\":\"https:\\\/\\\/teiaeducation.ch\\\/de\\\/?s={search_term_string}\"},\"query-input\":{\"@type\":\"PropertyValueSpecification\",\"valueRequired\":true,\"valueName\":\"search_term_string\"}}],\"inLanguage\":\"de-CH\"},{\"@type\":\"Organization\",\"@id\":\"https:\\\/\\\/teiaeducation.ch\\\/de\\\/#organization\",\"name\":\"Teia Education & Play\",\"url\":\"https:\\\/\\\/teiaeducation.ch\\\/de\\\/\",\"logo\":{\"@type\":\"ImageObject\",\"inLanguage\":\"de-CH\",\"@id\":\"https:\\\/\\\/teiaeducation.ch\\\/de\\\/#\\\/schema\\\/logo\\\/image\\\/\",\"url\":\"https:\\\/\\\/teiaeducation.ch\\\/wp-content\\\/uploads\\\/2020\\\/11\\\/Teia-Education-Switzerland-e1620156442216.jpg\",\"contentUrl\":\"https:\\\/\\\/teiaeducation.ch\\\/wp-content\\\/uploads\\\/2020\\\/11\\\/Teia-Education-Switzerland-e1620156442216.jpg\",\"width\":166,\"height\":145,\"caption\":\"Teia Education & Play\"},\"image\":{\"@id\":\"https:\\\/\\\/teiaeducation.ch\\\/de\\\/#\\\/schema\\\/logo\\\/image\\\/\"},\"sameAs\":[\"https:\\\/\\\/www.facebook.com\\\/teiaeducation\\\/\",\"https:\\\/\\\/x.com\\\/EducationTeia\",\"https:\\\/\\\/www.instagram.com\\\/teia.education\\\/\",\"https:\\\/\\\/www.linkedin.com\\\/company\\\/35501660\",\"https:\\\/\\\/www.pinterest.ch\\\/TeiaEducation\\\/\"]}]}<\/script>\n<!-- \/ Yoast SEO plugin. -->","yoast_head_json":{"title":"Kettgarn f\u00fcr den Webrahmen 100g \u2013 Gl\u00fccksk\u00e4fer","description":"Gl\u00fccksk\u00e4fer Kettgarn wird f\u00fcr Webrahmen (Webst\u00fchle) verwendet und ist rei\u00df- und dehnfest, so dass das Handwerk nicht seine Form verliert.","robots":{"index":"index","follow":"follow","max-snippet":"max-snippet:-1","max-image-preview":"max-image-preview:large","max-video-preview":"max-video-preview:-1"},"canonical":"https:\/\/teiaeducation.ch\/de\/produkt\/kettgarn-fuer-den-webrahmen-100g-glueckskaefer\/","og_locale":"de_DE","og_type":"article","og_title":"Kettgarn f\u00fcr den Webrahmen 100g \u2013 Gl\u00fccksk\u00e4fer","og_description":"Gl\u00fccksk\u00e4fer Kettgarn wird f\u00fcr Webrahmen (Webst\u00fchle) verwendet und ist rei\u00df- und dehnfest, so dass das Handwerk nicht seine Form verliert.","og_url":"https:\/\/teiaeducation.ch\/de\/produkt\/kettgarn-fuer-den-webrahmen-100g-glueckskaefer\/","og_site_name":"Sustainable Educational Products &amp; Ecological Toys\u00a0","article_publisher":"https:\/\/www.facebook.com\/teiaeducation\/","article_modified_time":"2024-10-28T08:43:40+00:00","og_image":[{"width":575,"height":575,"url":"https:\/\/teiaeducation.ch\/wp-content\/uploads\/2021\/11\/Weaving-yarn-for-weaving-frame-loom-Waldorf-handicraft-tools-Gluckskafer.jpg","type":"image\/jpeg"}],"schema":{"@context":"https:\/\/schema.org","@graph":[{"@type":"WebPage","@id":"https:\/\/teiaeducation.ch\/de\/produkt\/kettgarn-fuer-den-webrahmen-100g-glueckskaefer\/","url":"https:\/\/teiaeducation.ch\/de\/produkt\/kettgarn-fuer-den-webrahmen-100g-glueckskaefer\/","name":"Kettgarn f\u00fcr den Webrahmen 100g \u2013 Gl\u00fccksk\u00e4fer","isPartOf":{"@id":"https:\/\/teiaeducation.ch\/de\/#website"},"primaryImageOfPage":{"@id":"https:\/\/teiaeducation.ch\/de\/produkt\/kettgarn-fuer-den-webrahmen-100g-glueckskaefer\/#primaryimage"},"image":{"@id":"https:\/\/teiaeducation.ch\/de\/produkt\/kettgarn-fuer-den-webrahmen-100g-glueckskaefer\/#primaryimage"},"thumbnailUrl":"https:\/\/teiaeducation.ch\/wp-content\/uploads\/2021\/11\/Weaving-yarn-for-weaving-frame-loom-Waldorf-handicraft-tools-Gluckskafer.jpg","datePublished":"2021-11-12T07:28:18+00:00","dateModified":"2024-10-28T08:43:40+00:00","description":"Gl\u00fccksk\u00e4fer Kettgarn wird f\u00fcr Webrahmen (Webst\u00fchle) verwendet und ist rei\u00df- und dehnfest, so dass das Handwerk nicht seine Form verliert.","breadcrumb":{"@id":"https:\/\/teiaeducation.ch\/de\/produkt\/kettgarn-fuer-den-webrahmen-100g-glueckskaefer\/#breadcrumb"},"inLanguage":"de-CH","potentialAction":[{"@type":"ReadAction","target":["https:\/\/teiaeducation.ch\/de\/produkt\/kettgarn-fuer-den-webrahmen-100g-glueckskaefer\/"]}]},{"@type":"ImageObject","inLanguage":"de-CH","@id":"https:\/\/teiaeducation.ch\/de\/produkt\/kettgarn-fuer-den-webrahmen-100g-glueckskaefer\/#primaryimage","url":"https:\/\/teiaeducation.ch\/wp-content\/uploads\/2021\/11\/Weaving-yarn-for-weaving-frame-loom-Waldorf-handicraft-tools-Gluckskafer.jpg","contentUrl":"https:\/\/teiaeducation.ch\/wp-content\/uploads\/2021\/11\/Weaving-yarn-for-weaving-frame-loom-Waldorf-handicraft-tools-Gluckskafer.jpg","width":575,"height":575,"caption":"Webgarn f\u00fcr Webrahmen (Webstuhl) \/ Waldorf Handwerkszeug - Gl\u00fccksk\u00e4fer"},{"@type":"BreadcrumbList","@id":"https:\/\/teiaeducation.ch\/de\/produkt\/kettgarn-fuer-den-webrahmen-100g-glueckskaefer\/#breadcrumb","itemListElement":[{"@type":"ListItem","position":1,"name":"Home","item":"https:\/\/teiaeducation.ch\/de\/"},{"@type":"ListItem","position":2,"name":"Laden","item":"https:\/\/teiaeducation.ch\/de\/shop\/"},{"@type":"ListItem","position":3,"name":"Unsere Marken","item":"https:\/\/teiaeducation.ch\/de\/produkt-kategorie\/unsere-marken\/"},{"@type":"ListItem","position":4,"name":"Gl\u00fccksk\u00e4fer","item":"https:\/\/teiaeducation.ch\/de\/produkt-kategorie\/unsere-marken\/glueckskaefer\/"},{"@type":"ListItem","position":5,"name":"Wei\u00dfe Kettgarn f\u00fcr den Webrahmen 100g &#8211; Gl\u00fccksk\u00e4fer"}]},{"@type":"WebSite","@id":"https:\/\/teiaeducation.ch\/de\/#website","url":"https:\/\/teiaeducation.ch\/de\/","name":"Sustainable Educational Products &amp; Ecological Toys\u00a0","description":"Specialised Swiss shop selling sustainable educational toys and games, AMI certified Montessori materials, handmade ecological wooden Waldorf toys and arts &amp; crafts supplies, school supplies, children&#039;s furniture and Montessori reference and parenting books.","publisher":{"@id":"https:\/\/teiaeducation.ch\/de\/#organization"},"alternateName":"Teia Education & Play","potentialAction":[{"@type":"SearchAction","target":{"@type":"EntryPoint","urlTemplate":"https:\/\/teiaeducation.ch\/de\/?s={search_term_string}"},"query-input":{"@type":"PropertyValueSpecification","valueRequired":true,"valueName":"search_term_string"}}],"inLanguage":"de-CH"},{"@type":"Organization","@id":"https:\/\/teiaeducation.ch\/de\/#organization","name":"Teia Education & Play","url":"https:\/\/teiaeducation.ch\/de\/","logo":{"@type":"ImageObject","inLanguage":"de-CH","@id":"https:\/\/teiaeducation.ch\/de\/#\/schema\/logo\/image\/","url":"https:\/\/teiaeducation.ch\/wp-content\/uploads\/2020\/11\/Teia-Education-Switzerland-e1620156442216.jpg","contentUrl":"https:\/\/teiaeducation.ch\/wp-content\/uploads\/2020\/11\/Teia-Education-Switzerland-e1620156442216.jpg","width":166,"height":145,"caption":"Teia Education & Play"},"image":{"@id":"https:\/\/teiaeducation.ch\/de\/#\/schema\/logo\/image\/"},"sameAs":["https:\/\/www.facebook.com\/teiaeducation\/","https:\/\/x.com\/EducationTeia","https:\/\/www.instagram.com\/teia.education\/","https:\/\/www.linkedin.com\/company\/35501660","https:\/\/www.pinterest.ch\/TeiaEducation\/"]}]}},"_links":{"self":[{"href":"https:\/\/teiaeducation.ch\/de\/wp-json\/wp\/v2\/product\/59006","targetHints":{"allow":["GET"]}}],"collection":[{"href":"https:\/\/teiaeducation.ch\/de\/wp-json\/wp\/v2\/product"}],"about":[{"href":"https:\/\/teiaeducation.ch\/de\/wp-json\/wp\/v2\/types\/product"}],"replies":[{"embeddable":true,"href":"https:\/\/teiaeducation.ch\/de\/wp-json\/wp\/v2\/comments?post=59006"}],"wp:featuredmedia":[{"embeddable":true,"href":"https:\/\/teiaeducation.ch\/de\/wp-json\/wp\/v2\/media\/41052"}],"wp:attachment":[{"href":"https:\/\/teiaeducation.ch\/de\/wp-json\/wp\/v2\/media?parent=59006"}],"wp:term":[{"taxonomy":"product_brand","embeddable":true,"href":"https:\/\/teiaeducation.ch\/de\/wp-json\/wp\/v2\/product_brand?post=59006"},{"taxonomy":"product_cat","embeddable":true,"href":"https:\/\/teiaeducation.ch\/de\/wp-json\/wp\/v2\/product_cat?post=59006"},{"taxonomy":"product_tag","embeddable":true,"href":"https:\/\/teiaeducation.ch\/de\/wp-json\/wp\/v2\/product_tag?post=59006"}],"curies":[{"name":"wp","href":"https:\/\/api.w.org\/{rel}","templated":true}]}}