{"id":59011,"date":"2021-11-05T15:12:28","date_gmt":"2021-11-05T14:12:28","guid":{"rendered":"https:\/\/teiaeducation.ch\/product\/blumenpresse-10x10cm-glueckskaefer\/"},"modified":"2025-12-11T18:34:44","modified_gmt":"2025-12-11T17:34:44","slug":"blumenpresse-10x10cm-glueckskaefer","status":"publish","type":"product","link":"https:\/\/teiaeducation.ch\/de\/produkt\/blumenpresse-10x10cm-glueckskaefer\/","title":{"rendered":"Blumenpresse, 10x10cm &#8211; Gl\u00fccksk\u00e4fer"},"content":{"rendered":"<p>Diese kleine Version der kompakten Gl\u00fccksk\u00e4fer-Blumenpresse ist perfekt f\u00fcr kleine Kinderh\u00e4nde! Das <a href=\"https:\/\/teiaeducation.ch\/de\/produkt-kategorie\/malen-basteln\/gepresste-blumen-kunst\/\">Pressen von Blumen<\/a> ist eine sch\u00f6ne und lehrreiche Besch\u00e4ftigung f\u00fcr Kinder, bei der sie sich <a href=\"https:\/\/teiaeducation.ch\/de\/produkt-kategorie\/kinder-spielzeug\/spielzeug-fuer-draussen\/\">drau\u00dfen<\/a> mit Pflanzen und Blumen besch\u00e4ftigen, ihre Namen lernen und mit ihren gepressten Blumen im <a href=\"https:\/\/teiaeducation.ch\/de\/produkt\/sammelbuch-fuer-blumen-und-blaetter-glueckskaefer\/\">Sammelalbum<\/a> f\u00fcr Blumen und Bl\u00e4tter basteln k\u00f6nnen.<\/p>\n<p>Das Pressen von Blumen ist ein durchdachtes und beruhigendes Hobby, das genau das Richtige ist, um eine <strong>langsamere Kindheit<\/strong> zu genie\u00dfen, denn es f\u00f6rdert das <a href=\"https:\/\/teiaeducation.ch\/de\/produkt-kategorie\/kinder-spielzeug\/naturspiel\/\">Naturspiel<\/a>, die <a href=\"https:\/\/teiaeducation.ch\/de\/produkt-kategorie\/malen-basteln\/\">Kreativit\u00e4t<\/a> und die Geduld. Es eignet sich auch hervorragend zur Unterst\u00fctzung des <a href=\"https:\/\/teiaeducation.ch\/de\/produkt-kategorie\/lernmaterialien-spielzeug-montessori-waldorf-steiner-froebel\/montessori-paedagogik-material-spielzeug\/\">Montessori-<\/a>Unterrichts \u00fcber <a href=\"https:\/\/teiaeducation.ch\/de\/produkt-kategorie\/lernthemen\/kultur-wissenschaft\/botanik\/\">Botanik<\/a>, f\u00fcr <a href=\"https:\/\/teiaeducation.ch\/de\/produkt-kategorie\/lernmaterialien-spielzeug-montessori-waldorf-steiner-froebel\/waldorf-steiner-paedagogik\/\">Waldorf<\/a>-Bastelarbeiten und um den Interessen Ihres Kindes an Blumen, Pflanzen und Natur nachzugehen.<\/p>\n<p>Dies ist eine hochwertige h\u00f6lzerne Blumenpresse, die in <strong>Deutschland<\/strong> von Gl\u00fccksk\u00e4fer hergestellt wird. Die Blumenpresse ist aus Sperrholz gefertigt und misst 10 x 10 cm, sodass viele Blumen hineinpassen. Die gr\u00f6\u00dfere Version in 18 x 18cm finden Sie <a href=\"https:\/\/teiaeducation.ch\/de\/produkt\/blumenpresse-18x18cm-glueckskaefer\/\">hier.<\/a><\/p>\n<p>Die deutsche Marke <a href=\"\/?product_cat=gluckskafer\">Gl\u00fccksk\u00e4fer<\/a> ist in der Waldorf- und Montessori-P\u00e4dagogik f\u00fcr ihre kindgerechten, echten Werkzeuge bekannt, die speziell entwickelt wurden, um Kinder in ihrer Selbstst\u00e4ndigkeit zu f\u00f6rdern.<\/p>\n<p>Gl\u00fccksk\u00e4fer Waldorf-inspiriertes Spielzeug und Kinderwerkzeug wird in Deutschland entworfen und in Europa hergestellt. Sie geh\u00f6ren zum traditionsreichen deutschen Spielzeughersteller Nic Toys, der f\u00fcr h\u00f6chste Qualit\u00e4tsstandards bei Produkten zur F\u00f6rderung der kindlichen Entwicklung bekannt ist und ethisch und nachhaltig produziert.<\/p>\n<p>Achtung! Nicht f\u00fcr Kinder unter 36 Monaten geeignet. Erstickungsgefahr durch verschluckbare Kleinteile.<\/p>\n<p>Die Gl\u00fccksk\u00e4fer-Blumenpresse ist ab 3 Jahren geeignet.<\/p>\n<p>Inhalt:<\/p>\n<p>1 Blumenpresse 10 x 10cm<\/p>\n","protected":false},"excerpt":{"rendered":"<p>Artikelnummer: 525260<\/p>\n<p>Die 10 x 10 cm gro\u00dfe Gl\u00fccksk\u00e4fer-Blumenpresse wird in Deutschland hergestellt und ist eine sch\u00f6ne und lehrreiche Besch\u00e4ftigung in der Natur f\u00fcr Kinder ab 3 Jahren!<\/p>\n","protected":false},"featured_media":40859,"comment_status":"open","ping_status":"closed","template":"","meta":[],"product_brand":[],"product_cat":[21445,21446,22033,21479,21512,21670,21453,21459,21490,21484,22422,21631,21464,21447,21510,21509,21481,22182,21443,21689,21563,22362,21494,21495,21496,23636,21678,21482,21556,21564,21483,22919],"product_tag":[23352,23353,23348,23349,23350,23356,23459,27806,21712,23351,23355,23354],"class_list":{"0":"post-59011","1":"product","2":"type-product","3":"status-publish","4":"has-post-thumbnail","6":"product_cat-3-6-jahre-vorschule","7":"product_cat-6-12-jahre-grundschule","8":"product_cat-adventskalender-geschenke-strumpffueller","9":"product_cat-lernmaterialien-spielzeug-montessori-waldorf-steiner-froebel","10":"product_cat-botanik","11":"product_cat-fruehjahrskollektion","12":"product_cat-gartnern","13":"product_cat-gepresste-blumen-kunst","14":"product_cat-geschenk-guide-kreativ","15":"product_cat-geschenk-guides","16":"product_cat-geschenke-fuer-das-osterkoerbchen","17":"product_cat-glueckskaefer","18":"product_cat-herbstkollektion","19":"product_cat-malen-basteln","20":"product_cat-kultur-wissenschaft","21":"product_cat-lernthemen","22":"product_cat-montessori-paedagogik-material-spielzeug","23":"product_cat-montessori-spielzeug","24":"product_cat-nach-alter","25":"product_cat-naturspiel","26":"product_cat-neuheiten","27":"product_cat-saisonale-kollektionen","28":"product_cat-schulbedarf-fuer-zuhause","29":"product_cat-schulbedarf-fuer-zuhause-3-6-jahre","30":"product_cat-schulbedarf-fuer-zuhause-6-12-jahre","31":"product_cat-sommer-kollektion","32":"product_cat-kinder-spielzeug","33":"product_cat-traditionelle-bildung","34":"product_cat-uebungen-des-praktischen-lebens","35":"product_cat-unsere-marken","36":"product_cat-waldorf-steiner-paedagogik","37":"product_cat-waldorfspielzeug","38":"product_tag-aktivitaten-in-der-natur-fur-kinder","39":"product_tag-blumen-pressen","40":"product_tag-blumenpresse","41":"product_tag-blumenpresse-fur-kinder","42":"product_tag-blumenpresse-schweiz","43":"product_tag-botanische-aktivitaten-fur-kinder","44":"product_tag-gluckskafer-de","45":"product_tag-gluckskafer-blumenpresse","46":"product_tag-hergestellt-in-deutschland","47":"product_tag-natur-spiel","48":"product_tag-traditionelle-aktivitaten-fur-kinder","49":"product_tag-traditionelle-freizeitbeschaftigungen-fur-kinder","51":"first","52":"instock","53":"taxable","54":"shipping-taxable","55":"purchasable","56":"product-type-simple"},"yoast_head":"<!-- This site is optimized with the Yoast SEO plugin v27.1.1 - https:\/\/yoast.com\/product\/yoast-seo-wordpress\/ -->\n<title>Blumenpresse - Gl\u00fccksk\u00e4fer<\/title>\n<meta name=\"description\" content=\"Der Gl\u00fccksk\u00e4fer 10cm Blumenpresse ist in Deutschland hergestellt und bietet eine sch\u00f6ne und lehrreiche Besch\u00e4ftigung in der Natur f\u00fcr Kinder ab 3 Jahren.\" \/>\n<meta name=\"robots\" content=\"index, follow, max-snippet:-1, max-image-preview:large, max-video-preview:-1\" \/>\n<link rel=\"canonical\" href=\"https:\/\/teiaeducation.ch\/de\/produkt\/blumenpresse-10x10cm-glueckskaefer\/\" \/>\n<meta property=\"og:locale\" content=\"de_DE\" \/>\n<meta property=\"og:type\" content=\"article\" \/>\n<meta property=\"og:title\" content=\"Blumenpresse - Gl\u00fccksk\u00e4fer\" \/>\n<meta property=\"og:description\" content=\"Der Gl\u00fccksk\u00e4fer 10cm Blumenpresse ist in Deutschland hergestellt und bietet eine sch\u00f6ne und lehrreiche Besch\u00e4ftigung in der Natur f\u00fcr Kinder ab 3 Jahren.\" \/>\n<meta property=\"og:url\" content=\"https:\/\/teiaeducation.ch\/de\/produkt\/blumenpresse-10x10cm-glueckskaefer\/\" \/>\n<meta property=\"og:site_name\" content=\"Sustainable Educational Products &amp; Ecological Toys\u00a0\" \/>\n<meta property=\"article:publisher\" content=\"https:\/\/www.facebook.com\/teiaeducation\/\" \/>\n<meta property=\"article:modified_time\" content=\"2025-12-11T17:34:44+00:00\" \/>\n<meta property=\"og:image\" content=\"https:\/\/teiaeducation.ch\/wp-content\/uploads\/2021\/11\/Flower-press-10-x-10cm-for-children-Gluckskafer.jpg\" \/>\n\t<meta property=\"og:image:width\" content=\"800\" \/>\n\t<meta property=\"og:image:height\" content=\"800\" \/>\n\t<meta property=\"og:image:type\" content=\"image\/jpeg\" \/>\n<script type=\"application\/ld+json\" class=\"yoast-schema-graph\">{\"@context\":\"https:\/\/schema.org\",\"@graph\":[{\"@type\":\"WebPage\",\"@id\":\"https:\/\/teiaeducation.ch\/de\/produkt\/blumenpresse-10x10cm-glueckskaefer\/\",\"url\":\"https:\/\/teiaeducation.ch\/de\/produkt\/blumenpresse-10x10cm-glueckskaefer\/\",\"name\":\"Blumenpresse - Gl\u00fccksk\u00e4fer\",\"isPartOf\":{\"@id\":\"https:\/\/teiaeducation.ch\/de\/#website\"},\"primaryImageOfPage\":{\"@id\":\"https:\/\/teiaeducation.ch\/de\/produkt\/blumenpresse-10x10cm-glueckskaefer\/#primaryimage\"},\"image\":{\"@id\":\"https:\/\/teiaeducation.ch\/de\/produkt\/blumenpresse-10x10cm-glueckskaefer\/#primaryimage\"},\"thumbnailUrl\":\"https:\/\/teiaeducation.ch\/wp-content\/uploads\/2021\/11\/Flower-press-10-x-10cm-for-children-Gluckskafer.jpg\",\"datePublished\":\"2021-11-05T14:12:28+00:00\",\"dateModified\":\"2025-12-11T17:34:44+00:00\",\"description\":\"Der Gl\u00fccksk\u00e4fer 10cm Blumenpresse ist in Deutschland hergestellt und bietet eine sch\u00f6ne und lehrreiche Besch\u00e4ftigung in der Natur f\u00fcr Kinder ab 3 Jahren.\",\"breadcrumb\":{\"@id\":\"https:\/\/teiaeducation.ch\/de\/produkt\/blumenpresse-10x10cm-glueckskaefer\/#breadcrumb\"},\"inLanguage\":\"de-CH\",\"potentialAction\":[{\"@type\":\"ReadAction\",\"target\":[\"https:\/\/teiaeducation.ch\/de\/produkt\/blumenpresse-10x10cm-glueckskaefer\/\"]}]},{\"@type\":\"ImageObject\",\"inLanguage\":\"de-CH\",\"@id\":\"https:\/\/teiaeducation.ch\/de\/produkt\/blumenpresse-10x10cm-glueckskaefer\/#primaryimage\",\"url\":\"https:\/\/teiaeducation.ch\/wp-content\/uploads\/2021\/11\/Flower-press-10-x-10cm-for-children-Gluckskafer.jpg\",\"contentUrl\":\"https:\/\/teiaeducation.ch\/wp-content\/uploads\/2021\/11\/Flower-press-10-x-10cm-for-children-Gluckskafer.jpg\",\"width\":800,\"height\":800,\"caption\":\"Blumenpresse, 10x10cm f\u00fcr Kinder - Gl\u00fccksk\u00e4fer\"},{\"@type\":\"BreadcrumbList\",\"@id\":\"https:\/\/teiaeducation.ch\/de\/produkt\/blumenpresse-10x10cm-glueckskaefer\/#breadcrumb\",\"itemListElement\":[{\"@type\":\"ListItem\",\"position\":1,\"name\":\"Home\",\"item\":\"https:\/\/teiaeducation.ch\/de\/\"},{\"@type\":\"ListItem\",\"position\":2,\"name\":\"Laden\",\"item\":\"https:\/\/teiaeducation.ch\/de\/shop\/\"},{\"@type\":\"ListItem\",\"position\":3,\"name\":\"Unsere Marken\",\"item\":\"https:\/\/teiaeducation.ch\/de\/produkt-kategorie\/unsere-marken\/\"},{\"@type\":\"ListItem\",\"position\":4,\"name\":\"Gl\u00fccksk\u00e4fer\",\"item\":\"https:\/\/teiaeducation.ch\/de\/produkt-kategorie\/unsere-marken\/glueckskaefer\/\"},{\"@type\":\"ListItem\",\"position\":5,\"name\":\"Blumenpresse, 10x10cm &#8211; Gl\u00fccksk\u00e4fer\"}]},{\"@type\":\"WebSite\",\"@id\":\"https:\/\/teiaeducation.ch\/de\/#website\",\"url\":\"https:\/\/teiaeducation.ch\/de\/\",\"name\":\"Sustainable Educational Products &amp; Ecological Toys\u00a0\",\"description\":\"Specialised Swiss shop selling sustainable educational toys and games, AMI certified Montessori materials, handmade ecological wooden Waldorf toys and arts &amp; crafts supplies, school supplies, children&#039;s furniture and Montessori reference and parenting books.\",\"publisher\":{\"@id\":\"https:\/\/teiaeducation.ch\/de\/#organization\"},\"alternateName\":\"Teia Education & Play\",\"potentialAction\":[{\"@type\":\"SearchAction\",\"target\":{\"@type\":\"EntryPoint\",\"urlTemplate\":\"https:\/\/teiaeducation.ch\/de\/?s={search_term_string}\"},\"query-input\":{\"@type\":\"PropertyValueSpecification\",\"valueRequired\":true,\"valueName\":\"search_term_string\"}}],\"inLanguage\":\"de-CH\"},{\"@type\":\"Organization\",\"@id\":\"https:\/\/teiaeducation.ch\/de\/#organization\",\"name\":\"Teia Education & Play\",\"url\":\"https:\/\/teiaeducation.ch\/de\/\",\"logo\":{\"@type\":\"ImageObject\",\"inLanguage\":\"de-CH\",\"@id\":\"https:\/\/teiaeducation.ch\/de\/#\/schema\/logo\/image\/\",\"url\":\"https:\/\/teiaeducation.ch\/wp-content\/uploads\/2020\/11\/Teia-Education-Switzerland-e1620156442216.jpg\",\"contentUrl\":\"https:\/\/teiaeducation.ch\/wp-content\/uploads\/2020\/11\/Teia-Education-Switzerland-e1620156442216.jpg\",\"width\":166,\"height\":145,\"caption\":\"Teia Education & Play\"},\"image\":{\"@id\":\"https:\/\/teiaeducation.ch\/de\/#\/schema\/logo\/image\/\"},\"sameAs\":[\"https:\/\/www.facebook.com\/teiaeducation\/\",\"https:\/\/x.com\/EducationTeia\",\"https:\/\/www.instagram.com\/teia.education\/\",\"https:\/\/www.linkedin.com\/company\/35501660\",\"https:\/\/www.pinterest.ch\/TeiaEducation\/\"]}]}<\/script>\n<!-- \/ Yoast SEO plugin. -->","yoast_head_json":{"title":"Blumenpresse - Gl\u00fccksk\u00e4fer","description":"Der Gl\u00fccksk\u00e4fer 10cm Blumenpresse ist in Deutschland hergestellt und bietet eine sch\u00f6ne und lehrreiche Besch\u00e4ftigung in der Natur f\u00fcr Kinder ab 3 Jahren.","robots":{"index":"index","follow":"follow","max-snippet":"max-snippet:-1","max-image-preview":"max-image-preview:large","max-video-preview":"max-video-preview:-1"},"canonical":"https:\/\/teiaeducation.ch\/de\/produkt\/blumenpresse-10x10cm-glueckskaefer\/","og_locale":"de_DE","og_type":"article","og_title":"Blumenpresse - Gl\u00fccksk\u00e4fer","og_description":"Der Gl\u00fccksk\u00e4fer 10cm Blumenpresse ist in Deutschland hergestellt und bietet eine sch\u00f6ne und lehrreiche Besch\u00e4ftigung in der Natur f\u00fcr Kinder ab 3 Jahren.","og_url":"https:\/\/teiaeducation.ch\/de\/produkt\/blumenpresse-10x10cm-glueckskaefer\/","og_site_name":"Sustainable Educational Products &amp; Ecological Toys\u00a0","article_publisher":"https:\/\/www.facebook.com\/teiaeducation\/","article_modified_time":"2025-12-11T17:34:44+00:00","og_image":[{"width":800,"height":800,"url":"https:\/\/teiaeducation.ch\/wp-content\/uploads\/2021\/11\/Flower-press-10-x-10cm-for-children-Gluckskafer.jpg","type":"image\/jpeg"}],"schema":{"@context":"https:\/\/schema.org","@graph":[{"@type":"WebPage","@id":"https:\/\/teiaeducation.ch\/de\/produkt\/blumenpresse-10x10cm-glueckskaefer\/","url":"https:\/\/teiaeducation.ch\/de\/produkt\/blumenpresse-10x10cm-glueckskaefer\/","name":"Blumenpresse - Gl\u00fccksk\u00e4fer","isPartOf":{"@id":"https:\/\/teiaeducation.ch\/de\/#website"},"primaryImageOfPage":{"@id":"https:\/\/teiaeducation.ch\/de\/produkt\/blumenpresse-10x10cm-glueckskaefer\/#primaryimage"},"image":{"@id":"https:\/\/teiaeducation.ch\/de\/produkt\/blumenpresse-10x10cm-glueckskaefer\/#primaryimage"},"thumbnailUrl":"https:\/\/teiaeducation.ch\/wp-content\/uploads\/2021\/11\/Flower-press-10-x-10cm-for-children-Gluckskafer.jpg","datePublished":"2021-11-05T14:12:28+00:00","dateModified":"2025-12-11T17:34:44+00:00","description":"Der Gl\u00fccksk\u00e4fer 10cm Blumenpresse ist in Deutschland hergestellt und bietet eine sch\u00f6ne und lehrreiche Besch\u00e4ftigung in der Natur f\u00fcr Kinder ab 3 Jahren.","breadcrumb":{"@id":"https:\/\/teiaeducation.ch\/de\/produkt\/blumenpresse-10x10cm-glueckskaefer\/#breadcrumb"},"inLanguage":"de-CH","potentialAction":[{"@type":"ReadAction","target":["https:\/\/teiaeducation.ch\/de\/produkt\/blumenpresse-10x10cm-glueckskaefer\/"]}]},{"@type":"ImageObject","inLanguage":"de-CH","@id":"https:\/\/teiaeducation.ch\/de\/produkt\/blumenpresse-10x10cm-glueckskaefer\/#primaryimage","url":"https:\/\/teiaeducation.ch\/wp-content\/uploads\/2021\/11\/Flower-press-10-x-10cm-for-children-Gluckskafer.jpg","contentUrl":"https:\/\/teiaeducation.ch\/wp-content\/uploads\/2021\/11\/Flower-press-10-x-10cm-for-children-Gluckskafer.jpg","width":800,"height":800,"caption":"Blumenpresse, 10x10cm f\u00fcr Kinder - Gl\u00fccksk\u00e4fer"},{"@type":"BreadcrumbList","@id":"https:\/\/teiaeducation.ch\/de\/produkt\/blumenpresse-10x10cm-glueckskaefer\/#breadcrumb","itemListElement":[{"@type":"ListItem","position":1,"name":"Home","item":"https:\/\/teiaeducation.ch\/de\/"},{"@type":"ListItem","position":2,"name":"Laden","item":"https:\/\/teiaeducation.ch\/de\/shop\/"},{"@type":"ListItem","position":3,"name":"Unsere Marken","item":"https:\/\/teiaeducation.ch\/de\/produkt-kategorie\/unsere-marken\/"},{"@type":"ListItem","position":4,"name":"Gl\u00fccksk\u00e4fer","item":"https:\/\/teiaeducation.ch\/de\/produkt-kategorie\/unsere-marken\/glueckskaefer\/"},{"@type":"ListItem","position":5,"name":"Blumenpresse, 10x10cm &#8211; Gl\u00fccksk\u00e4fer"}]},{"@type":"WebSite","@id":"https:\/\/teiaeducation.ch\/de\/#website","url":"https:\/\/teiaeducation.ch\/de\/","name":"Sustainable Educational Products &amp; Ecological Toys\u00a0","description":"Specialised Swiss shop selling sustainable educational toys and games, AMI certified Montessori materials, handmade ecological wooden Waldorf toys and arts &amp; crafts supplies, school supplies, children&#039;s furniture and Montessori reference and parenting books.","publisher":{"@id":"https:\/\/teiaeducation.ch\/de\/#organization"},"alternateName":"Teia Education & Play","potentialAction":[{"@type":"SearchAction","target":{"@type":"EntryPoint","urlTemplate":"https:\/\/teiaeducation.ch\/de\/?s={search_term_string}"},"query-input":{"@type":"PropertyValueSpecification","valueRequired":true,"valueName":"search_term_string"}}],"inLanguage":"de-CH"},{"@type":"Organization","@id":"https:\/\/teiaeducation.ch\/de\/#organization","name":"Teia Education & Play","url":"https:\/\/teiaeducation.ch\/de\/","logo":{"@type":"ImageObject","inLanguage":"de-CH","@id":"https:\/\/teiaeducation.ch\/de\/#\/schema\/logo\/image\/","url":"https:\/\/teiaeducation.ch\/wp-content\/uploads\/2020\/11\/Teia-Education-Switzerland-e1620156442216.jpg","contentUrl":"https:\/\/teiaeducation.ch\/wp-content\/uploads\/2020\/11\/Teia-Education-Switzerland-e1620156442216.jpg","width":166,"height":145,"caption":"Teia Education & Play"},"image":{"@id":"https:\/\/teiaeducation.ch\/de\/#\/schema\/logo\/image\/"},"sameAs":["https:\/\/www.facebook.com\/teiaeducation\/","https:\/\/x.com\/EducationTeia","https:\/\/www.instagram.com\/teia.education\/","https:\/\/www.linkedin.com\/company\/35501660","https:\/\/www.pinterest.ch\/TeiaEducation\/"]}]}},"_links":{"self":[{"href":"https:\/\/teiaeducation.ch\/de\/wp-json\/wp\/v2\/product\/59011","targetHints":{"allow":["GET"]}}],"collection":[{"href":"https:\/\/teiaeducation.ch\/de\/wp-json\/wp\/v2\/product"}],"about":[{"href":"https:\/\/teiaeducation.ch\/de\/wp-json\/wp\/v2\/types\/product"}],"replies":[{"embeddable":true,"href":"https:\/\/teiaeducation.ch\/de\/wp-json\/wp\/v2\/comments?post=59011"}],"wp:featuredmedia":[{"embeddable":true,"href":"https:\/\/teiaeducation.ch\/de\/wp-json\/wp\/v2\/media\/40859"}],"wp:attachment":[{"href":"https:\/\/teiaeducation.ch\/de\/wp-json\/wp\/v2\/media?parent=59011"}],"wp:term":[{"taxonomy":"product_brand","embeddable":true,"href":"https:\/\/teiaeducation.ch\/de\/wp-json\/wp\/v2\/product_brand?post=59011"},{"taxonomy":"product_cat","embeddable":true,"href":"https:\/\/teiaeducation.ch\/de\/wp-json\/wp\/v2\/product_cat?post=59011"},{"taxonomy":"product_tag","embeddable":true,"href":"https:\/\/teiaeducation.ch\/de\/wp-json\/wp\/v2\/product_tag?post=59011"}],"curies":[{"name":"wp","href":"https:\/\/api.w.org\/{rel}","templated":true}]}}