{"id":59012,"date":"2021-11-05T14:50:12","date_gmt":"2021-11-05T13:50:12","guid":{"rendered":"https:\/\/teiaeducation.ch\/product\/lagerfeuer-glueckskaefer\/"},"modified":"2025-12-11T18:35:05","modified_gmt":"2025-12-11T17:35:05","slug":"lagerfeuer-glueckskaefer","status":"publish","type":"product","link":"https:\/\/teiaeducation.ch\/de\/produkt\/lagerfeuer-glueckskaefer\/","title":{"rendered":"Lagerfeuer aus Holz &#8211; Gl\u00fccksk\u00e4fer"},"content":{"rendered":"<p>Dieses h\u00fcbsche, von der Waldorfp\u00e4dagogik inspirierte 11-teilige handgefertigte Lagerfeuer aus Holz ist ein vielseitiges Stapelspielzeug aus der Reihe &#8220;Bunte Formen&#8221; von Gl\u00fccksk\u00e4fer. Das Holzfeuer ist 26 x 7 x 12 cm gro\u00df und enth\u00e4lt verschiedene Holzteile in unterschiedlichen <a href=\"https:\/\/teiaeducation.ch\/de\/produkt-kategorie\/lernthemen\/mathematik-rechnen\/formen\/\">Formen<\/a> und leuchtenden <a href=\"https:\/\/teiaeducation.ch\/de\/produkt-kategorie\/lernthemen\/sensorische-motorische-fertigkeiten\/farbe-lernen\/\">Farben<\/a>.<\/p>\n<p>Der h\u00f6lzerne Lagerfeuerstapler wird in Handarbeit aus Lindenholz hergestellt und bietet eine unendliche Vielfalt an <a href=\"https:\/\/teiaeducation.ch\/de\/produkt-kategorie\/kinder-spielzeug\/spiele-mit-offenem-ende\/\">offenen Spiel<\/a>m\u00f6glichkeiten und eine <a href=\"https:\/\/teiaeducation.ch\/de\/produkt-kategorie\/lernthemen\/sensorische-motorische-fertigkeiten\/sinne\/\">sinnesreiche<\/a> Erfahrung f\u00fcr das Kind. Die Holzelemente k\u00f6nnen f\u00fcr kleine Weltspiele verwendet werden, die der Fantasie des Kindes \u00fcberlassen sind. Das Lagerfeuer eignet sich auch zur Verwendung auf einem Waldorf-Natur- oder <a href=\"https:\/\/teiaeducation.ch\/de\/produkt-kategorie\/feier-festlichkeiten\/natur-saisonale-tische-de\/\">Jahreszeitentisch<\/a> oder als Erg\u00e4nzung zu Krippenfiguren f\u00fcr eine Weihnachtsszene.<\/p>\n<p>Ideal zum Spielen zu Hause, im Kindergarten, in der Waldorf- oder <a href=\"https:\/\/teiaeducation.ch\/de\/spielzeug-und-natuerlichen-kreatives-materialien-fuer-waldorf-steiner-schulen\/\">Steiner-Schule<\/a>. Die bunten Formen der <a href=\"\/?product_cat=gluckskafer\">Gl\u00fccksk\u00e4fer<\/a> werden in Handarbeit nach der <a href=\"https:\/\/teiaeducation.ch\/de\/produkt-kategorie\/kinder-spielzeug\/waldorfspielzeug\/\">Waldorf<\/a>-Philosophie hergestellt, die daf\u00fcr bekannt ist, dass sie Kinder ermutigt, das kreative Spiel unabh\u00e4ngig und ohne Einschr\u00e4nkungen zu entdecken. Der Holzstapler f\u00fcr das Lagerfeuer wird von Hand mit ungiftigen Farben auf Wasserbasis gef\u00e4rbt und nicht lackiert, damit die urspr\u00fcnglichen Eigenschaften des Holzes und die Maserung erhalten bleiben. Die Oberfl\u00e4che der FSC-zertifizierten europ\u00e4ischen Holz ist leicht rau, wodurch sie vollst\u00e4ndig stapelbar und weniger rutschig sind.<\/p>\n<p>Gl\u00fccksk\u00e4fer Waldorf-inspirierte <a href=\"https:\/\/teiaeducation.ch\/de\/produkt-kategorie\/kinder-spielzeug\/handgefertigtes-holzspielzeug\/\">Holzspielzeuge<\/a> und Kinderwerkzeuge werden in Deutschland entworfen und in Europa hergestellt. Sie geh\u00f6ren zum traditionsreichen deutschen Spielzeughersteller Nic Toys, der f\u00fcr h\u00f6chste Qualit\u00e4tsstandards bei Produkten zur F\u00f6rderung der kindlichen Entwicklung bekannt ist und ethisch und nachhaltig produziert.<\/p>\n<p>Das Gl\u00fccksk\u00e4fer Holzstaplerset ist f\u00fcr Kinder ab 2 Jahren geeignet.<\/p>\n<p>Inhalt:<\/p>\n<p>1 11-teiliger Lagerfeuerstapler (26 x 7 x 12cm)<\/p>\n","protected":false},"excerpt":{"rendered":"<p>Artikelnummer: 523326<\/p>\n<p>Ein von der Waldorfp\u00e4dagogik inspiriertes 11-teiliges handgefertigtes Lagerfeuer-Set aus Holz und vielseitiges Stapelspielzeug aus der Serie &#8220;Bunte Formen&#8221; von Gl\u00fccksk\u00e4fer.<\/p>\n","protected":false},"featured_media":40843,"comment_status":"open","ping_status":"closed","template":"","meta":[],"product_brand":[],"product_cat":[21444,21445,21479,21465,21690,21486,21484,21631,23075,21464,21443,22349,22362,23636,21678,21699,21564,21483,22919],"product_tag":[27808,27810,27809,27807,23459,23463,23461,27811,23465,23464,22143,21712,27812,27813,23460],"class_list":{"0":"post-59012","1":"product","2":"type-product","3":"status-publish","4":"has-post-thumbnail","6":"product_cat-1-3-jahre-kleinkind","7":"product_cat-3-6-jahre-vorschule","8":"product_cat-lernmaterialien-spielzeug-montessori-waldorf-steiner-froebel","9":"product_cat-feier-festlichkeiten","10":"product_cat-spiele-mit-offenem-ende","11":"product_cat-geschenk-guide-1-3-jahre-kleinkind","12":"product_cat-geschenk-guides","13":"product_cat-glueckskaefer","14":"product_cat-handgefertigtes-holzspielzeug","15":"product_cat-herbstkollektion","16":"product_cat-nach-alter","17":"product_cat-natur-saisonale-tische-de","18":"product_cat-saisonale-kollektionen","19":"product_cat-sommer-kollektion","20":"product_cat-kinder-spielzeug","21":"product_cat-stapelspielzeug","22":"product_cat-unsere-marken","23":"product_cat-waldorf-steiner-paedagogik","24":"product_cat-waldorfspielzeug","25":"product_tag-bunte-holzklotze","26":"product_tag-bunte-waldorf-holzklotze","27":"product_tag-bunte-waldorf-stapelklotze","28":"product_tag-buntes-stapelspielzeug-aus-holz","29":"product_tag-gluckskafer-de","30":"product_tag-gluckskafer-bunte-formen","31":"product_tag-gluckskafer-bunte-formen-aus-holz","32":"product_tag-gluckskafer-holz-regenbogen-stapelbrucken-set","33":"product_tag-gluckskafer-holzerne-bunte-formen","34":"product_tag-gluckskafer-schweiz-de","35":"product_tag-handgefertigtes-holzspielzeug-de","36":"product_tag-hergestellt-in-deutschland","37":"product_tag-holzgewolbetunnel-gluckskafer","38":"product_tag-lagerfeuer-aus-holz-gluckskafer","39":"product_tag-waldorfspielzeug-aus-holz-de","41":"first","42":"instock","43":"taxable","44":"shipping-taxable","45":"purchasable","46":"product-type-simple"},"yoast_head":"<!-- This site is optimized with the Yoast SEO plugin v27.1.1 - https:\/\/yoast.com\/product\/yoast-seo-wordpress\/ -->\n<title>Lagerfeuer \u2013 Gl\u00fccksk\u00e4fer<\/title>\n<meta name=\"description\" content=\"Ein von der Waldorfp\u00e4dagogik inspiriertes 11-teiliges handgefertigtes Lagerfeuer-Set aus Holz und vielseitiges Stapelspielzeug aus der Serie &quot;Bunte Formen&quot; von Gl\u00fccksk\u00e4fer.\" \/>\n<meta name=\"robots\" content=\"index, follow, max-snippet:-1, max-image-preview:large, max-video-preview:-1\" \/>\n<link rel=\"canonical\" href=\"https:\/\/teiaeducation.ch\/de\/produkt\/lagerfeuer-glueckskaefer\/\" \/>\n<meta property=\"og:locale\" content=\"de_DE\" \/>\n<meta property=\"og:type\" content=\"article\" \/>\n<meta property=\"og:title\" content=\"Lagerfeuer \u2013 Gl\u00fccksk\u00e4fer\" \/>\n<meta property=\"og:description\" content=\"Ein von der Waldorfp\u00e4dagogik inspiriertes 11-teiliges handgefertigtes Lagerfeuer-Set aus Holz und vielseitiges Stapelspielzeug aus der Serie &quot;Bunte Formen&quot; von Gl\u00fccksk\u00e4fer.\" \/>\n<meta property=\"og:url\" content=\"https:\/\/teiaeducation.ch\/de\/produkt\/lagerfeuer-glueckskaefer\/\" \/>\n<meta property=\"og:site_name\" content=\"Sustainable Educational Products &amp; Ecological Toys\u00a0\" \/>\n<meta property=\"article:publisher\" content=\"https:\/\/www.facebook.com\/teiaeducation\/\" \/>\n<meta property=\"article:modified_time\" content=\"2025-12-11T17:35:05+00:00\" \/>\n<meta property=\"og:image\" content=\"https:\/\/teiaeducation.ch\/wp-content\/uploads\/2021\/11\/Wooden-bonfire-stacker-Handmade-wooden-stacking-toy-Gluckskafer.jpg\" \/>\n\t<meta property=\"og:image:width\" content=\"575\" \/>\n\t<meta property=\"og:image:height\" content=\"575\" \/>\n\t<meta property=\"og:image:type\" content=\"image\/jpeg\" \/>\n<script type=\"application\/ld+json\" class=\"yoast-schema-graph\">{\"@context\":\"https:\/\/schema.org\",\"@graph\":[{\"@type\":\"WebPage\",\"@id\":\"https:\/\/teiaeducation.ch\/de\/produkt\/lagerfeuer-glueckskaefer\/\",\"url\":\"https:\/\/teiaeducation.ch\/de\/produkt\/lagerfeuer-glueckskaefer\/\",\"name\":\"Lagerfeuer \u2013 Gl\u00fccksk\u00e4fer\",\"isPartOf\":{\"@id\":\"https:\/\/teiaeducation.ch\/de\/#website\"},\"primaryImageOfPage\":{\"@id\":\"https:\/\/teiaeducation.ch\/de\/produkt\/lagerfeuer-glueckskaefer\/#primaryimage\"},\"image\":{\"@id\":\"https:\/\/teiaeducation.ch\/de\/produkt\/lagerfeuer-glueckskaefer\/#primaryimage\"},\"thumbnailUrl\":\"https:\/\/teiaeducation.ch\/wp-content\/uploads\/2021\/11\/Wooden-bonfire-stacker-Handmade-wooden-stacking-toy-Gluckskafer.jpg\",\"datePublished\":\"2021-11-05T13:50:12+00:00\",\"dateModified\":\"2025-12-11T17:35:05+00:00\",\"description\":\"Ein von der Waldorfp\u00e4dagogik inspiriertes 11-teiliges handgefertigtes Lagerfeuer-Set aus Holz und vielseitiges Stapelspielzeug aus der Serie \\\"Bunte Formen\\\" von Gl\u00fccksk\u00e4fer.\",\"breadcrumb\":{\"@id\":\"https:\/\/teiaeducation.ch\/de\/produkt\/lagerfeuer-glueckskaefer\/#breadcrumb\"},\"inLanguage\":\"de-CH\",\"potentialAction\":[{\"@type\":\"ReadAction\",\"target\":[\"https:\/\/teiaeducation.ch\/de\/produkt\/lagerfeuer-glueckskaefer\/\"]}]},{\"@type\":\"ImageObject\",\"inLanguage\":\"de-CH\",\"@id\":\"https:\/\/teiaeducation.ch\/de\/produkt\/lagerfeuer-glueckskaefer\/#primaryimage\",\"url\":\"https:\/\/teiaeducation.ch\/wp-content\/uploads\/2021\/11\/Wooden-bonfire-stacker-Handmade-wooden-stacking-toy-Gluckskafer.jpg\",\"contentUrl\":\"https:\/\/teiaeducation.ch\/wp-content\/uploads\/2021\/11\/Wooden-bonfire-stacker-Handmade-wooden-stacking-toy-Gluckskafer.jpg\",\"width\":575,\"height\":575,\"caption\":\"Holzstapler f\u00fcr das Lagerfeuer : Handgefertigtes Stapelspielzeug aus Holz - Gl\u00fccksk\u00e4fer\"},{\"@type\":\"BreadcrumbList\",\"@id\":\"https:\/\/teiaeducation.ch\/de\/produkt\/lagerfeuer-glueckskaefer\/#breadcrumb\",\"itemListElement\":[{\"@type\":\"ListItem\",\"position\":1,\"name\":\"Home\",\"item\":\"https:\/\/teiaeducation.ch\/de\/\"},{\"@type\":\"ListItem\",\"position\":2,\"name\":\"Laden\",\"item\":\"https:\/\/teiaeducation.ch\/de\/shop\/\"},{\"@type\":\"ListItem\",\"position\":3,\"name\":\"Unsere Marken\",\"item\":\"https:\/\/teiaeducation.ch\/de\/produkt-kategorie\/unsere-marken\/\"},{\"@type\":\"ListItem\",\"position\":4,\"name\":\"Gl\u00fccksk\u00e4fer\",\"item\":\"https:\/\/teiaeducation.ch\/de\/produkt-kategorie\/unsere-marken\/glueckskaefer\/\"},{\"@type\":\"ListItem\",\"position\":5,\"name\":\"Lagerfeuer aus Holz &#8211; Gl\u00fccksk\u00e4fer\"}]},{\"@type\":\"WebSite\",\"@id\":\"https:\/\/teiaeducation.ch\/de\/#website\",\"url\":\"https:\/\/teiaeducation.ch\/de\/\",\"name\":\"Sustainable Educational Products &amp; Ecological Toys\u00a0\",\"description\":\"Specialised Swiss shop selling sustainable educational toys and games, AMI certified Montessori materials, handmade ecological wooden Waldorf toys and arts &amp; crafts supplies, school supplies, children&#039;s furniture and Montessori reference and parenting books.\",\"publisher\":{\"@id\":\"https:\/\/teiaeducation.ch\/de\/#organization\"},\"alternateName\":\"Teia Education & Play\",\"potentialAction\":[{\"@type\":\"SearchAction\",\"target\":{\"@type\":\"EntryPoint\",\"urlTemplate\":\"https:\/\/teiaeducation.ch\/de\/?s={search_term_string}\"},\"query-input\":{\"@type\":\"PropertyValueSpecification\",\"valueRequired\":true,\"valueName\":\"search_term_string\"}}],\"inLanguage\":\"de-CH\"},{\"@type\":\"Organization\",\"@id\":\"https:\/\/teiaeducation.ch\/de\/#organization\",\"name\":\"Teia Education & Play\",\"url\":\"https:\/\/teiaeducation.ch\/de\/\",\"logo\":{\"@type\":\"ImageObject\",\"inLanguage\":\"de-CH\",\"@id\":\"https:\/\/teiaeducation.ch\/de\/#\/schema\/logo\/image\/\",\"url\":\"https:\/\/teiaeducation.ch\/wp-content\/uploads\/2020\/11\/Teia-Education-Switzerland-e1620156442216.jpg\",\"contentUrl\":\"https:\/\/teiaeducation.ch\/wp-content\/uploads\/2020\/11\/Teia-Education-Switzerland-e1620156442216.jpg\",\"width\":166,\"height\":145,\"caption\":\"Teia Education & Play\"},\"image\":{\"@id\":\"https:\/\/teiaeducation.ch\/de\/#\/schema\/logo\/image\/\"},\"sameAs\":[\"https:\/\/www.facebook.com\/teiaeducation\/\",\"https:\/\/x.com\/EducationTeia\",\"https:\/\/www.instagram.com\/teia.education\/\",\"https:\/\/www.linkedin.com\/company\/35501660\",\"https:\/\/www.pinterest.ch\/TeiaEducation\/\"]}]}<\/script>\n<!-- \/ Yoast SEO plugin. -->","yoast_head_json":{"title":"Lagerfeuer \u2013 Gl\u00fccksk\u00e4fer","description":"Ein von der Waldorfp\u00e4dagogik inspiriertes 11-teiliges handgefertigtes Lagerfeuer-Set aus Holz und vielseitiges Stapelspielzeug aus der Serie \"Bunte Formen\" von Gl\u00fccksk\u00e4fer.","robots":{"index":"index","follow":"follow","max-snippet":"max-snippet:-1","max-image-preview":"max-image-preview:large","max-video-preview":"max-video-preview:-1"},"canonical":"https:\/\/teiaeducation.ch\/de\/produkt\/lagerfeuer-glueckskaefer\/","og_locale":"de_DE","og_type":"article","og_title":"Lagerfeuer \u2013 Gl\u00fccksk\u00e4fer","og_description":"Ein von der Waldorfp\u00e4dagogik inspiriertes 11-teiliges handgefertigtes Lagerfeuer-Set aus Holz und vielseitiges Stapelspielzeug aus der Serie \"Bunte Formen\" von Gl\u00fccksk\u00e4fer.","og_url":"https:\/\/teiaeducation.ch\/de\/produkt\/lagerfeuer-glueckskaefer\/","og_site_name":"Sustainable Educational Products &amp; Ecological Toys\u00a0","article_publisher":"https:\/\/www.facebook.com\/teiaeducation\/","article_modified_time":"2025-12-11T17:35:05+00:00","og_image":[{"width":575,"height":575,"url":"https:\/\/teiaeducation.ch\/wp-content\/uploads\/2021\/11\/Wooden-bonfire-stacker-Handmade-wooden-stacking-toy-Gluckskafer.jpg","type":"image\/jpeg"}],"schema":{"@context":"https:\/\/schema.org","@graph":[{"@type":"WebPage","@id":"https:\/\/teiaeducation.ch\/de\/produkt\/lagerfeuer-glueckskaefer\/","url":"https:\/\/teiaeducation.ch\/de\/produkt\/lagerfeuer-glueckskaefer\/","name":"Lagerfeuer \u2013 Gl\u00fccksk\u00e4fer","isPartOf":{"@id":"https:\/\/teiaeducation.ch\/de\/#website"},"primaryImageOfPage":{"@id":"https:\/\/teiaeducation.ch\/de\/produkt\/lagerfeuer-glueckskaefer\/#primaryimage"},"image":{"@id":"https:\/\/teiaeducation.ch\/de\/produkt\/lagerfeuer-glueckskaefer\/#primaryimage"},"thumbnailUrl":"https:\/\/teiaeducation.ch\/wp-content\/uploads\/2021\/11\/Wooden-bonfire-stacker-Handmade-wooden-stacking-toy-Gluckskafer.jpg","datePublished":"2021-11-05T13:50:12+00:00","dateModified":"2025-12-11T17:35:05+00:00","description":"Ein von der Waldorfp\u00e4dagogik inspiriertes 11-teiliges handgefertigtes Lagerfeuer-Set aus Holz und vielseitiges Stapelspielzeug aus der Serie \"Bunte Formen\" von Gl\u00fccksk\u00e4fer.","breadcrumb":{"@id":"https:\/\/teiaeducation.ch\/de\/produkt\/lagerfeuer-glueckskaefer\/#breadcrumb"},"inLanguage":"de-CH","potentialAction":[{"@type":"ReadAction","target":["https:\/\/teiaeducation.ch\/de\/produkt\/lagerfeuer-glueckskaefer\/"]}]},{"@type":"ImageObject","inLanguage":"de-CH","@id":"https:\/\/teiaeducation.ch\/de\/produkt\/lagerfeuer-glueckskaefer\/#primaryimage","url":"https:\/\/teiaeducation.ch\/wp-content\/uploads\/2021\/11\/Wooden-bonfire-stacker-Handmade-wooden-stacking-toy-Gluckskafer.jpg","contentUrl":"https:\/\/teiaeducation.ch\/wp-content\/uploads\/2021\/11\/Wooden-bonfire-stacker-Handmade-wooden-stacking-toy-Gluckskafer.jpg","width":575,"height":575,"caption":"Holzstapler f\u00fcr das Lagerfeuer : Handgefertigtes Stapelspielzeug aus Holz - Gl\u00fccksk\u00e4fer"},{"@type":"BreadcrumbList","@id":"https:\/\/teiaeducation.ch\/de\/produkt\/lagerfeuer-glueckskaefer\/#breadcrumb","itemListElement":[{"@type":"ListItem","position":1,"name":"Home","item":"https:\/\/teiaeducation.ch\/de\/"},{"@type":"ListItem","position":2,"name":"Laden","item":"https:\/\/teiaeducation.ch\/de\/shop\/"},{"@type":"ListItem","position":3,"name":"Unsere Marken","item":"https:\/\/teiaeducation.ch\/de\/produkt-kategorie\/unsere-marken\/"},{"@type":"ListItem","position":4,"name":"Gl\u00fccksk\u00e4fer","item":"https:\/\/teiaeducation.ch\/de\/produkt-kategorie\/unsere-marken\/glueckskaefer\/"},{"@type":"ListItem","position":5,"name":"Lagerfeuer aus Holz &#8211; Gl\u00fccksk\u00e4fer"}]},{"@type":"WebSite","@id":"https:\/\/teiaeducation.ch\/de\/#website","url":"https:\/\/teiaeducation.ch\/de\/","name":"Sustainable Educational Products &amp; Ecological Toys\u00a0","description":"Specialised Swiss shop selling sustainable educational toys and games, AMI certified Montessori materials, handmade ecological wooden Waldorf toys and arts &amp; crafts supplies, school supplies, children&#039;s furniture and Montessori reference and parenting books.","publisher":{"@id":"https:\/\/teiaeducation.ch\/de\/#organization"},"alternateName":"Teia Education & Play","potentialAction":[{"@type":"SearchAction","target":{"@type":"EntryPoint","urlTemplate":"https:\/\/teiaeducation.ch\/de\/?s={search_term_string}"},"query-input":{"@type":"PropertyValueSpecification","valueRequired":true,"valueName":"search_term_string"}}],"inLanguage":"de-CH"},{"@type":"Organization","@id":"https:\/\/teiaeducation.ch\/de\/#organization","name":"Teia Education & Play","url":"https:\/\/teiaeducation.ch\/de\/","logo":{"@type":"ImageObject","inLanguage":"de-CH","@id":"https:\/\/teiaeducation.ch\/de\/#\/schema\/logo\/image\/","url":"https:\/\/teiaeducation.ch\/wp-content\/uploads\/2020\/11\/Teia-Education-Switzerland-e1620156442216.jpg","contentUrl":"https:\/\/teiaeducation.ch\/wp-content\/uploads\/2020\/11\/Teia-Education-Switzerland-e1620156442216.jpg","width":166,"height":145,"caption":"Teia Education & Play"},"image":{"@id":"https:\/\/teiaeducation.ch\/de\/#\/schema\/logo\/image\/"},"sameAs":["https:\/\/www.facebook.com\/teiaeducation\/","https:\/\/x.com\/EducationTeia","https:\/\/www.instagram.com\/teia.education\/","https:\/\/www.linkedin.com\/company\/35501660","https:\/\/www.pinterest.ch\/TeiaEducation\/"]}]}},"_links":{"self":[{"href":"https:\/\/teiaeducation.ch\/de\/wp-json\/wp\/v2\/product\/59012","targetHints":{"allow":["GET"]}}],"collection":[{"href":"https:\/\/teiaeducation.ch\/de\/wp-json\/wp\/v2\/product"}],"about":[{"href":"https:\/\/teiaeducation.ch\/de\/wp-json\/wp\/v2\/types\/product"}],"replies":[{"embeddable":true,"href":"https:\/\/teiaeducation.ch\/de\/wp-json\/wp\/v2\/comments?post=59012"}],"wp:featuredmedia":[{"embeddable":true,"href":"https:\/\/teiaeducation.ch\/de\/wp-json\/wp\/v2\/media\/40843"}],"wp:attachment":[{"href":"https:\/\/teiaeducation.ch\/de\/wp-json\/wp\/v2\/media?parent=59012"}],"wp:term":[{"taxonomy":"product_brand","embeddable":true,"href":"https:\/\/teiaeducation.ch\/de\/wp-json\/wp\/v2\/product_brand?post=59012"},{"taxonomy":"product_cat","embeddable":true,"href":"https:\/\/teiaeducation.ch\/de\/wp-json\/wp\/v2\/product_cat?post=59012"},{"taxonomy":"product_tag","embeddable":true,"href":"https:\/\/teiaeducation.ch\/de\/wp-json\/wp\/v2\/product_tag?post=59012"}],"curies":[{"name":"wp","href":"https:\/\/api.w.org\/{rel}","templated":true}]}}