{"id":59013,"date":"2021-11-05T13:45:35","date_gmt":"2021-11-05T12:45:35","guid":{"rendered":"https:\/\/teiaeducation.ch\/product\/birnbaum-glueckskaefer\/"},"modified":"2025-06-17T17:18:44","modified_gmt":"2025-06-17T15:18:44","slug":"birnbaum-glueckskaefer","status":"publish","type":"product","link":"https:\/\/teiaeducation.ch\/de\/produkt\/birnbaum-glueckskaefer\/","title":{"rendered":"Birnbaum aus Holz \u2013 Gl\u00fccksk\u00e4fer"},"content":{"rendered":"<p>Der Gl\u00fccksk\u00e4fer Holzbirnenbaum ist ein wundersch\u00f6nes handgefertigtes und vielseitiges, von der <a href=\"https:\/\/teiaeducation.ch\/product-category\/education-method\/montessori\/\">Waldorf<\/a>p\u00e4dagogik inspiriertes 7-teiliges <a href=\"https:\/\/teiaeducation.ch\/product-category\/play\/wooden-puzzles\/\">Puzzle<\/a>&#8211; und <a href=\"https:\/\/teiaeducation.ch\/product-category\/play\/stacking-toys\/\">Stapelspielzeug<\/a> aus der erstaunlichen Kollektion &#8220;Bunte Welt der Formen&#8221;.<\/p>\n<p>Das h\u00f6lzerne Birnbaumpuzzle misst 17,5 x 11,5 x 23cm und enth\u00e4lt 1 braunen Baumsockel, 2 gr\u00fcne Baum<a href=\"https:\/\/teiaeducation.ch\/product-category\/learning-themes\/mathematics-numeracy\/shapes\/\">formen<\/a> und 4 sch\u00f6ne geschnitzte Birnen in einem frischen Gelbton.<\/p>\n<p>Der farbenfrohe Holzbirnbaum ist aus hochwertigem FSC-zertifiziertem europ\u00e4ischem Lindenholz handgefertigt. Es wird von Hand mit ungiftigen Farben auf Wasserbasis gef\u00e4rbt und nicht lackiert, damit die urspr\u00fcnglichen Eigenschaften des Holzes und die Maserung erhalten bleiben. Die Oberfl\u00e4che der Holzteile ist leicht rau, so dass sie vollst\u00e4ndig stapelbar und weniger rutschig sind. Es f\u00fchlt sich wunderbar in den H\u00e4nden an!<\/p>\n<p>Der Gl\u00fccksk\u00e4fer Holzbirnenbaum bietet eine unendliche Vielfalt an <a href=\"https:\/\/teiaeducation.ch\/product-category\/play\/open-ended-play\/\">offenen Spielm\u00f6glichkeiten<\/a> und eine reiche <a href=\"https:\/\/teiaeducation.ch\/product-category\/learning-themes\/sensory-motor-skills\/senses\/\">Sinnes<\/a>erfahrung f\u00fcr das Kind. Die Teile k\u00f6nnen auf dem Baumsockel angebracht werden, um das urspr\u00fcngliche Design als lustiges und befriedigendes Puzzle wieder und wieder zu vervollst\u00e4ndigen. Die organischen Holzformen machen dieses Puzzle zu etwas ganz Besonderem, das Kinder lieben werden.<\/p>\n<p>Alternativ k\u00f6nnen einzigartige Skulpturen durch Stapeln oder Hinzuf\u00fcgen von Baukl\u00f6tzen erstellt werden. Der Birnbaum eignet sich auch hervorragend f\u00fcr die Verwendung auf einem Waldorf-Natur- oder <a href=\"https:\/\/teiaeducation.ch\/product-category\/celebrations\/nature-seasonal-tables\/\">Jahreszeitentisch<\/a>.<\/p>\n<p>Ideal zum Spielen zu Hause, im Kindergarten, in der Waldorf- oder <a href=\"https:\/\/teiaeducation.ch\/waldorf-steiner-schools-supplies\/\">Steiner-Schule<\/a>. Die bunten Formen der <a href=\"https:\/\/teiaeducation.ch\/product-category\/brands\/gluckskafer\/\">Gl\u00fccksk\u00e4fer<\/a> werden in Handarbeit nach der <a href=\"https:\/\/teiaeducation.ch\/product-category\/hgh-quality-toys-play\/waldorf-toys\/\">Waldorf<\/a>-Philosophie hergestellt, die daf\u00fcr bekannt ist, dass sie Kinder ermutigt, das kreative Spiel unabh\u00e4ngig und ohne Einschr\u00e4nkungen zu entdecken.<\/p>\n<p>Gl\u00fccksk\u00e4fer Waldorf-inspirierte <a href=\"https:\/\/teiaeducation.ch\/product-category\/hgh-quality-toys-play\/handmade-wooden-toys\/\">Holzspielzeuge<\/a> und Kinderwerkzeuge werden in Deutschland entworfen und in Europa hergestellt. Sie geh\u00f6ren zum traditionsreichen deutschen Spielzeughersteller Nic Toys, der f\u00fcr h\u00f6chste Qualit\u00e4tsstandards bei Produkten zur F\u00f6rderung der kindlichen Entwicklung bekannt ist und ethisch und nachhaltig produziert.<\/p>\n<p>Der Gl\u00fccksk\u00e4fer Holzbirnbaum ist f\u00fcr Kinder ab 2 Jahren geeignet.<\/p>\n<p>Achtung! Nicht geeignet f\u00fcr Kinder unter 10 Monaten. Verletzungsgefahr im Rachenraum.<\/p>\n<p>Inhalt:<\/p>\n<p>1 brauner Holzsockel<br \/>\n2 gr\u00fcne Baumformen aus Holz<br \/>\n4 Birnen aus Holz<\/p>\n","protected":false},"excerpt":{"rendered":"<p>Artikelnummer: 523091<\/p>\n<p>Das von der Waldorfp\u00e4dagogik inspirierte, handgefertigte Holzbirnbaum-Puzzle von Gl\u00fccksk\u00e4fer ist ein ganz besonderes, organisch geformtes Spielzeug zum Puzzeln und Spielen mit offenem Ausgang.<\/p>\n","protected":false},"featured_media":40827,"comment_status":"open","ping_status":"closed","template":"","meta":[],"product_brand":[],"product_cat":[21444,21445,21704,21479,21465,21690,21670,21486,21484,22422,21631,23075,21464,21707,21443,22349,22362,21678,21699,21564,21483,22919],"product_tag":[27821,27819,27827,23459,23464,27772,27814,27815,27817,27816,25729,27818,27825,27823,27820,27822,27824,27826,23460],"class_list":{"0":"post-59013","1":"product","2":"type-product","3":"status-publish","4":"has-post-thumbnail","6":"product_cat-1-3-jahre-kleinkind","7":"product_cat-3-6-jahre-vorschule","8":"product_cat-baukloetze-aus-holz","9":"product_cat-lernmaterialien-spielzeug-montessori-waldorf-steiner-froebel","10":"product_cat-feier-festlichkeiten","11":"product_cat-spiele-mit-offenem-ende","12":"product_cat-fruehjahrskollektion","13":"product_cat-geschenk-guide-1-3-jahre-kleinkind","14":"product_cat-geschenk-guides","15":"product_cat-geschenke-fuer-das-osterkoerbchen","16":"product_cat-glueckskaefer","17":"product_cat-handgefertigtes-holzspielzeug","18":"product_cat-herbstkollektion","19":"product_cat-holzpuzzles","20":"product_cat-nach-alter","21":"product_cat-natur-saisonale-tische-de","22":"product_cat-saisonale-kollektionen","23":"product_cat-kinder-spielzeug","24":"product_cat-stapelspielzeug","25":"product_cat-unsere-marken","26":"product_cat-waldorf-steiner-paedagogik","27":"product_cat-waldorfspielzeug","28":"product_tag-baum-puzzle","29":"product_tag-baumpuzzle-aus-holz","30":"product_tag-birnbaumpuzzle-aus-holz-gluckskafer","31":"product_tag-gluckskafer-de","32":"product_tag-gluckskafer-schweiz-de","33":"product_tag-gluckskafer-schweiz-de-2","34":"product_tag-gluckskafer-suisse-de","35":"product_tag-gluckskafer-vogelbaum","36":"product_tag-gluckskafer-vogelbaum-puzzle","37":"product_tag-handgefertigtes-holzpuzzle","38":"product_tag-holzpuzzle","39":"product_tag-holzpuzzle-fur-zweijahrige-kinder","40":"product_tag-puzzle-im-waldorfstil","41":"product_tag-puzzle-mit-organischen-formen","42":"product_tag-vogel-puzzle","43":"product_tag-vogelbaum-puzzle","44":"product_tag-waldorf-puzzle-de","45":"product_tag-waldorf-spielzeug-switzerland","46":"product_tag-waldorfspielzeug-aus-holz-de","48":"first","49":"outofstock","50":"taxable","51":"shipping-taxable","52":"purchasable","53":"product-type-simple"},"yoast_head":"<!-- This site is optimized with the Yoast SEO Premium plugin v25.8 (Yoast SEO v27.4) - https:\/\/yoast.com\/product\/yoast-seo-premium-wordpress\/ -->\n<title>Birnbaum \u2013 Gl\u00fccksk\u00e4fer<\/title>\n<meta name=\"description\" content=\"Das von der Waldorfp\u00e4dagogik inspirierte, handgefertigte Holzbirnbaum-Puzzle von Gl\u00fccksk\u00e4fer ist ein ganz besonderes, organisch geformtes Spielzeug zum Puzzeln und Spielen mit offenem Ausgang.\" \/>\n<meta name=\"robots\" content=\"index, follow, max-snippet:-1, max-image-preview:large, max-video-preview:-1\" \/>\n<link rel=\"canonical\" href=\"https:\/\/teiaeducation.ch\/de\/produkt\/birnbaum-glueckskaefer\/\" \/>\n<meta property=\"og:locale\" content=\"de_DE\" \/>\n<meta property=\"og:type\" content=\"article\" \/>\n<meta property=\"og:title\" content=\"Birnbaum aus Holz \u2013 Gl\u00fccksk\u00e4fer\" \/>\n<meta property=\"og:description\" content=\"Das von der Waldorfp\u00e4dagogik inspirierte, handgefertigte Holzbirnbaum-Puzzle von Gl\u00fccksk\u00e4fer ist ein ganz besonderes, organisch geformtes Spielzeug zum Puzzeln und Spielen mit offenem Ausgang.\" \/>\n<meta property=\"og:url\" content=\"https:\/\/teiaeducation.ch\/de\/produkt\/birnbaum-glueckskaefer\/\" \/>\n<meta property=\"og:site_name\" content=\"Sustainable Educational Products &amp; Ecological Toys\u00a0\" \/>\n<meta property=\"article:publisher\" content=\"https:\/\/www.facebook.com\/teiaeducation\/\" \/>\n<meta property=\"article:modified_time\" content=\"2025-06-17T15:18:44+00:00\" \/>\n<meta property=\"og:image\" content=\"https:\/\/teiaeducation.ch\/wp-content\/uploads\/2021\/11\/Wooden-pear-tree-puzzle-Handmade-wooden-puzzle-and-stacking-toy-\u2013-Gluckskafer.jpg\" \/>\n\t<meta property=\"og:image:width\" content=\"575\" \/>\n\t<meta property=\"og:image:height\" content=\"575\" \/>\n\t<meta property=\"og:image:type\" content=\"image\/jpeg\" \/>\n<script type=\"application\/ld+json\" class=\"yoast-schema-graph\">{\"@context\":\"https:\\\/\\\/schema.org\",\"@graph\":[{\"@type\":\"WebPage\",\"@id\":\"https:\\\/\\\/teiaeducation.ch\\\/de\\\/produkt\\\/birnbaum-glueckskaefer\\\/\",\"url\":\"https:\\\/\\\/teiaeducation.ch\\\/de\\\/produkt\\\/birnbaum-glueckskaefer\\\/\",\"name\":\"Birnbaum \u2013 Gl\u00fccksk\u00e4fer\",\"isPartOf\":{\"@id\":\"https:\\\/\\\/teiaeducation.ch\\\/de\\\/#website\"},\"primaryImageOfPage\":{\"@id\":\"https:\\\/\\\/teiaeducation.ch\\\/de\\\/produkt\\\/birnbaum-glueckskaefer\\\/#primaryimage\"},\"image\":{\"@id\":\"https:\\\/\\\/teiaeducation.ch\\\/de\\\/produkt\\\/birnbaum-glueckskaefer\\\/#primaryimage\"},\"thumbnailUrl\":\"https:\\\/\\\/teiaeducation.ch\\\/wp-content\\\/uploads\\\/2021\\\/11\\\/Wooden-pear-tree-puzzle-Handmade-wooden-puzzle-and-stacking-toy-\u2013-Gluckskafer.jpg\",\"datePublished\":\"2021-11-05T12:45:35+00:00\",\"dateModified\":\"2025-06-17T15:18:44+00:00\",\"description\":\"Das von der Waldorfp\u00e4dagogik inspirierte, handgefertigte Holzbirnbaum-Puzzle von Gl\u00fccksk\u00e4fer ist ein ganz besonderes, organisch geformtes Spielzeug zum Puzzeln und Spielen mit offenem Ausgang.\",\"breadcrumb\":{\"@id\":\"https:\\\/\\\/teiaeducation.ch\\\/de\\\/produkt\\\/birnbaum-glueckskaefer\\\/#breadcrumb\"},\"inLanguage\":\"de-CH\",\"potentialAction\":[{\"@type\":\"ReadAction\",\"target\":[\"https:\\\/\\\/teiaeducation.ch\\\/de\\\/produkt\\\/birnbaum-glueckskaefer\\\/\"]}]},{\"@type\":\"ImageObject\",\"inLanguage\":\"de-CH\",\"@id\":\"https:\\\/\\\/teiaeducation.ch\\\/de\\\/produkt\\\/birnbaum-glueckskaefer\\\/#primaryimage\",\"url\":\"https:\\\/\\\/teiaeducation.ch\\\/wp-content\\\/uploads\\\/2021\\\/11\\\/Wooden-pear-tree-puzzle-Handmade-wooden-puzzle-and-stacking-toy-\u2013-Gluckskafer.jpg\",\"contentUrl\":\"https:\\\/\\\/teiaeducation.ch\\\/wp-content\\\/uploads\\\/2021\\\/11\\\/Wooden-pear-tree-puzzle-Handmade-wooden-puzzle-and-stacking-toy-\u2013-Gluckskafer.jpg\",\"width\":575,\"height\":575,\"caption\":\"Birnbaumpuzzle aus Holz : Handgefertigtes Holzpuzzle und Stapelspielzeug - Gl\u00fccksk\u00e4fer\"},{\"@type\":\"BreadcrumbList\",\"@id\":\"https:\\\/\\\/teiaeducation.ch\\\/de\\\/produkt\\\/birnbaum-glueckskaefer\\\/#breadcrumb\",\"itemListElement\":[{\"@type\":\"ListItem\",\"position\":1,\"name\":\"Home\",\"item\":\"https:\\\/\\\/teiaeducation.ch\\\/de\\\/\"},{\"@type\":\"ListItem\",\"position\":2,\"name\":\"Laden\",\"item\":\"https:\\\/\\\/teiaeducation.ch\\\/de\\\/shop\\\/\"},{\"@type\":\"ListItem\",\"position\":3,\"name\":\"Unsere Marken\",\"item\":\"https:\\\/\\\/teiaeducation.ch\\\/de\\\/produkt-kategorie\\\/unsere-marken\\\/\"},{\"@type\":\"ListItem\",\"position\":4,\"name\":\"Gl\u00fccksk\u00e4fer\",\"item\":\"https:\\\/\\\/teiaeducation.ch\\\/de\\\/produkt-kategorie\\\/unsere-marken\\\/glueckskaefer\\\/\"},{\"@type\":\"ListItem\",\"position\":5,\"name\":\"Birnbaum aus Holz \u2013 Gl\u00fccksk\u00e4fer\"}]},{\"@type\":\"WebSite\",\"@id\":\"https:\\\/\\\/teiaeducation.ch\\\/de\\\/#website\",\"url\":\"https:\\\/\\\/teiaeducation.ch\\\/de\\\/\",\"name\":\"Sustainable Educational Products &amp; Ecological Toys\u00a0\",\"description\":\"Specialised Swiss shop selling sustainable educational toys and games, AMI certified Montessori materials, handmade ecological wooden Waldorf toys and arts &amp; crafts supplies, school supplies, children&#039;s furniture and Montessori reference and parenting books.\",\"publisher\":{\"@id\":\"https:\\\/\\\/teiaeducation.ch\\\/de\\\/#organization\"},\"alternateName\":\"Teia Education & Play\",\"potentialAction\":[{\"@type\":\"SearchAction\",\"target\":{\"@type\":\"EntryPoint\",\"urlTemplate\":\"https:\\\/\\\/teiaeducation.ch\\\/de\\\/?s={search_term_string}\"},\"query-input\":{\"@type\":\"PropertyValueSpecification\",\"valueRequired\":true,\"valueName\":\"search_term_string\"}}],\"inLanguage\":\"de-CH\"},{\"@type\":\"Organization\",\"@id\":\"https:\\\/\\\/teiaeducation.ch\\\/de\\\/#organization\",\"name\":\"Teia Education & Play\",\"url\":\"https:\\\/\\\/teiaeducation.ch\\\/de\\\/\",\"logo\":{\"@type\":\"ImageObject\",\"inLanguage\":\"de-CH\",\"@id\":\"https:\\\/\\\/teiaeducation.ch\\\/de\\\/#\\\/schema\\\/logo\\\/image\\\/\",\"url\":\"https:\\\/\\\/teiaeducation.ch\\\/wp-content\\\/uploads\\\/2020\\\/11\\\/Teia-Education-Switzerland-e1620156442216.jpg\",\"contentUrl\":\"https:\\\/\\\/teiaeducation.ch\\\/wp-content\\\/uploads\\\/2020\\\/11\\\/Teia-Education-Switzerland-e1620156442216.jpg\",\"width\":166,\"height\":145,\"caption\":\"Teia Education & Play\"},\"image\":{\"@id\":\"https:\\\/\\\/teiaeducation.ch\\\/de\\\/#\\\/schema\\\/logo\\\/image\\\/\"},\"sameAs\":[\"https:\\\/\\\/www.facebook.com\\\/teiaeducation\\\/\",\"https:\\\/\\\/x.com\\\/EducationTeia\",\"https:\\\/\\\/www.instagram.com\\\/teia.education\\\/\",\"https:\\\/\\\/www.linkedin.com\\\/company\\\/35501660\",\"https:\\\/\\\/www.pinterest.ch\\\/TeiaEducation\\\/\"]}]}<\/script>\n<meta property=\"product:price:amount\" content=\"34.90\" \/>\n<meta property=\"product:price:currency\" content=\"CHF\" \/>\n<meta property=\"og:availability\" content=\"out of stock\" \/>\n<meta property=\"product:availability\" content=\"out of stock\" \/>\n<meta property=\"product:retailer_item_id\" content=\"00000000000000000000000000000000000000000000036887\" \/>\n<meta property=\"product:condition\" content=\"new\" \/>\n<!-- \/ Yoast SEO Premium plugin. -->","yoast_head_json":{"title":"Birnbaum \u2013 Gl\u00fccksk\u00e4fer","description":"Das von der Waldorfp\u00e4dagogik inspirierte, handgefertigte Holzbirnbaum-Puzzle von Gl\u00fccksk\u00e4fer ist ein ganz besonderes, organisch geformtes Spielzeug zum Puzzeln und Spielen mit offenem Ausgang.","robots":{"index":"index","follow":"follow","max-snippet":"max-snippet:-1","max-image-preview":"max-image-preview:large","max-video-preview":"max-video-preview:-1"},"canonical":"https:\/\/teiaeducation.ch\/de\/produkt\/birnbaum-glueckskaefer\/","og_locale":"de_DE","og_type":"article","og_title":"Birnbaum aus Holz \u2013 Gl\u00fccksk\u00e4fer","og_description":"Das von der Waldorfp\u00e4dagogik inspirierte, handgefertigte Holzbirnbaum-Puzzle von Gl\u00fccksk\u00e4fer ist ein ganz besonderes, organisch geformtes Spielzeug zum Puzzeln und Spielen mit offenem Ausgang.","og_url":"https:\/\/teiaeducation.ch\/de\/produkt\/birnbaum-glueckskaefer\/","og_site_name":"Sustainable Educational Products &amp; Ecological Toys\u00a0","article_publisher":"https:\/\/www.facebook.com\/teiaeducation\/","article_modified_time":"2025-06-17T15:18:44+00:00","og_image":[{"width":575,"height":575,"url":"https:\/\/teiaeducation.ch\/wp-content\/uploads\/2021\/11\/Wooden-pear-tree-puzzle-Handmade-wooden-puzzle-and-stacking-toy-\u2013-Gluckskafer.jpg","type":"image\/jpeg"}],"schema":{"@context":"https:\/\/schema.org","@graph":[{"@type":"WebPage","@id":"https:\/\/teiaeducation.ch\/de\/produkt\/birnbaum-glueckskaefer\/","url":"https:\/\/teiaeducation.ch\/de\/produkt\/birnbaum-glueckskaefer\/","name":"Birnbaum \u2013 Gl\u00fccksk\u00e4fer","isPartOf":{"@id":"https:\/\/teiaeducation.ch\/de\/#website"},"primaryImageOfPage":{"@id":"https:\/\/teiaeducation.ch\/de\/produkt\/birnbaum-glueckskaefer\/#primaryimage"},"image":{"@id":"https:\/\/teiaeducation.ch\/de\/produkt\/birnbaum-glueckskaefer\/#primaryimage"},"thumbnailUrl":"https:\/\/teiaeducation.ch\/wp-content\/uploads\/2021\/11\/Wooden-pear-tree-puzzle-Handmade-wooden-puzzle-and-stacking-toy-\u2013-Gluckskafer.jpg","datePublished":"2021-11-05T12:45:35+00:00","dateModified":"2025-06-17T15:18:44+00:00","description":"Das von der Waldorfp\u00e4dagogik inspirierte, handgefertigte Holzbirnbaum-Puzzle von Gl\u00fccksk\u00e4fer ist ein ganz besonderes, organisch geformtes Spielzeug zum Puzzeln und Spielen mit offenem Ausgang.","breadcrumb":{"@id":"https:\/\/teiaeducation.ch\/de\/produkt\/birnbaum-glueckskaefer\/#breadcrumb"},"inLanguage":"de-CH","potentialAction":[{"@type":"ReadAction","target":["https:\/\/teiaeducation.ch\/de\/produkt\/birnbaum-glueckskaefer\/"]}]},{"@type":"ImageObject","inLanguage":"de-CH","@id":"https:\/\/teiaeducation.ch\/de\/produkt\/birnbaum-glueckskaefer\/#primaryimage","url":"https:\/\/teiaeducation.ch\/wp-content\/uploads\/2021\/11\/Wooden-pear-tree-puzzle-Handmade-wooden-puzzle-and-stacking-toy-\u2013-Gluckskafer.jpg","contentUrl":"https:\/\/teiaeducation.ch\/wp-content\/uploads\/2021\/11\/Wooden-pear-tree-puzzle-Handmade-wooden-puzzle-and-stacking-toy-\u2013-Gluckskafer.jpg","width":575,"height":575,"caption":"Birnbaumpuzzle aus Holz : Handgefertigtes Holzpuzzle und Stapelspielzeug - Gl\u00fccksk\u00e4fer"},{"@type":"BreadcrumbList","@id":"https:\/\/teiaeducation.ch\/de\/produkt\/birnbaum-glueckskaefer\/#breadcrumb","itemListElement":[{"@type":"ListItem","position":1,"name":"Home","item":"https:\/\/teiaeducation.ch\/de\/"},{"@type":"ListItem","position":2,"name":"Laden","item":"https:\/\/teiaeducation.ch\/de\/shop\/"},{"@type":"ListItem","position":3,"name":"Unsere Marken","item":"https:\/\/teiaeducation.ch\/de\/produkt-kategorie\/unsere-marken\/"},{"@type":"ListItem","position":4,"name":"Gl\u00fccksk\u00e4fer","item":"https:\/\/teiaeducation.ch\/de\/produkt-kategorie\/unsere-marken\/glueckskaefer\/"},{"@type":"ListItem","position":5,"name":"Birnbaum aus Holz \u2013 Gl\u00fccksk\u00e4fer"}]},{"@type":"WebSite","@id":"https:\/\/teiaeducation.ch\/de\/#website","url":"https:\/\/teiaeducation.ch\/de\/","name":"Sustainable Educational Products &amp; Ecological Toys\u00a0","description":"Specialised Swiss shop selling sustainable educational toys and games, AMI certified Montessori materials, handmade ecological wooden Waldorf toys and arts &amp; crafts supplies, school supplies, children&#039;s furniture and Montessori reference and parenting books.","publisher":{"@id":"https:\/\/teiaeducation.ch\/de\/#organization"},"alternateName":"Teia Education & Play","potentialAction":[{"@type":"SearchAction","target":{"@type":"EntryPoint","urlTemplate":"https:\/\/teiaeducation.ch\/de\/?s={search_term_string}"},"query-input":{"@type":"PropertyValueSpecification","valueRequired":true,"valueName":"search_term_string"}}],"inLanguage":"de-CH"},{"@type":"Organization","@id":"https:\/\/teiaeducation.ch\/de\/#organization","name":"Teia Education & Play","url":"https:\/\/teiaeducation.ch\/de\/","logo":{"@type":"ImageObject","inLanguage":"de-CH","@id":"https:\/\/teiaeducation.ch\/de\/#\/schema\/logo\/image\/","url":"https:\/\/teiaeducation.ch\/wp-content\/uploads\/2020\/11\/Teia-Education-Switzerland-e1620156442216.jpg","contentUrl":"https:\/\/teiaeducation.ch\/wp-content\/uploads\/2020\/11\/Teia-Education-Switzerland-e1620156442216.jpg","width":166,"height":145,"caption":"Teia Education & Play"},"image":{"@id":"https:\/\/teiaeducation.ch\/de\/#\/schema\/logo\/image\/"},"sameAs":["https:\/\/www.facebook.com\/teiaeducation\/","https:\/\/x.com\/EducationTeia","https:\/\/www.instagram.com\/teia.education\/","https:\/\/www.linkedin.com\/company\/35501660","https:\/\/www.pinterest.ch\/TeiaEducation\/"]}]},"product_price_amount":"34.90","product_price_currency":"CHF","og_availability":"out of stock","product_availability":"out of stock","product_retailer_item_id":"00000000000000000000000000000000000000000000036887","product_condition":"new"},"_links":{"self":[{"href":"https:\/\/teiaeducation.ch\/de\/wp-json\/wp\/v2\/product\/59013","targetHints":{"allow":["GET"]}}],"collection":[{"href":"https:\/\/teiaeducation.ch\/de\/wp-json\/wp\/v2\/product"}],"about":[{"href":"https:\/\/teiaeducation.ch\/de\/wp-json\/wp\/v2\/types\/product"}],"replies":[{"embeddable":true,"href":"https:\/\/teiaeducation.ch\/de\/wp-json\/wp\/v2\/comments?post=59013"}],"wp:featuredmedia":[{"embeddable":true,"href":"https:\/\/teiaeducation.ch\/de\/wp-json\/wp\/v2\/media\/40827"}],"wp:attachment":[{"href":"https:\/\/teiaeducation.ch\/de\/wp-json\/wp\/v2\/media?parent=59013"}],"wp:term":[{"taxonomy":"product_brand","embeddable":true,"href":"https:\/\/teiaeducation.ch\/de\/wp-json\/wp\/v2\/product_brand?post=59013"},{"taxonomy":"product_cat","embeddable":true,"href":"https:\/\/teiaeducation.ch\/de\/wp-json\/wp\/v2\/product_cat?post=59013"},{"taxonomy":"product_tag","embeddable":true,"href":"https:\/\/teiaeducation.ch\/de\/wp-json\/wp\/v2\/product_tag?post=59013"}],"curies":[{"name":"wp","href":"https:\/\/api.w.org\/{rel}","templated":true}]}}