{"id":59014,"date":"2021-06-15T16:53:28","date_gmt":"2021-06-15T14:53:28","guid":{"rendered":"https:\/\/teiaeducation.ch\/product\/verkleidung-krankenschwester-glueckskaefer\/"},"modified":"2024-02-23T11:10:54","modified_gmt":"2024-02-23T10:10:54","slug":"verkleidung-krankenschwester-glueckskaefer","status":"publish","type":"product","link":"https:\/\/teiaeducation.ch\/de\/produkt\/verkleidung-krankenschwester-glueckskaefer\/","title":{"rendered":"Verkleidung &#8220;Krankenschwester&#8221; &#8211; Gl\u00fccksk\u00e4fer"},"content":{"rendered":"<p>Das Gl\u00fccksk\u00e4fer Krankenschwesterkost\u00fcm f\u00fcr Kinder ist ein h\u00fcbsches 2-teiliges Kinderkost\u00fcm aus Baumwolle mit Krankenschwesternsch\u00fcrze und M\u00fctze.<\/p>\n<p>Dieses lustige Kinderkrankenschwester-Kost\u00fcm aus Baumwolle regt Kinder zu <a href=\"https:\/\/teiaeducation.ch\/product-category\/play\/imaginative-role-play\/\">fantasievollen<\/a> Rollenspielen im Krankenhaus und zum Vorspielen mit ihren Teddyb\u00e4ren, <a href=\"https:\/\/teiaeducation.ch\/product-category\/hgh-quality-toys-play\/waldorf-dolls\/\">Puppen<\/a>, Geschwistern oder Eltern an.<\/p>\n<p>Das Gl\u00fccksk\u00e4fer Kinderkrankenschwester-Kost\u00fcm ist unisex und offen und eignet sich hervorragend zur F\u00f6rderung von Dialogen, zum <a href=\"https:\/\/teiaeducation.ch\/product-category\/learning-themes\/literacy-language\/story-telling\/\">Erz\u00e4hlen von Geschichten<\/a> und zum <a href=\"https:\/\/teiaeducation.ch\/product-category\/creative-art-craft\/\">kreativen<\/a> Spiel. Das Verkleiden ist ein wichtiger Bestandteil des <a href=\"https:\/\/teiaeducation.ch\/product-category\/hgh-quality-toys-play\/waldorf-toys\/\">Waldorf<\/a>spiels, denn es regt zum dramatischen Spiel und zur Schauspielerei an und f\u00f6rdert den <a href=\"https:\/\/teiaeducation.ch\/product-category\/learning-themes\/literacy-language\/vocabulary-2\/\">Wortschatz<\/a> und die Vorstellungskraft. Es f\u00f6rdert auch die <a href=\"https:\/\/teiaeducation.ch\/product-category\/learning-themes\/literacy-language\/emotions\/\">emotionale<\/a> Entwicklung und das Einf\u00fchlungsverm\u00f6gen f\u00fcr andere, da die Kinder in verschiedene Rollen schl\u00fcpfen und zusammen spielen.<\/p>\n<p>Ideal f\u00fcr das Spielen zu Hause, im Kindergarten, in der Waldorf- oder <a href=\"https:\/\/teiaeducation.ch\/waldorf-steiner-schools-supplies\/\">Rudolf-Steiner-Schule<\/a>. Das <a href=\"https:\/\/teiaeducation.ch\/product-category\/brands\/gluckskafer\/\">Gl\u00fccksk\u00e4fer<\/a>-Sortiment wurde nach der Waldorf-Philosophie entwickelt, die daf\u00fcr bekannt ist, dass sie Kinder ermutigt, das kreative Spiel unabh\u00e4ngig und ohne Einschr\u00e4nkungen zu entdecken.<\/p>\n<p>Alle hochwertigen <a href=\"https:\/\/teiaeducation.ch\/product-category\/hgh-quality-toys-play\/\">Spielzeuge<\/a> und Spielartikel von Gl\u00fccksk\u00e4fer werden in Deutschland nachhaltig und nach h\u00f6chsten Standards hergestellt. Sie geh\u00f6ren zum traditionsreichen deutschen Spielzeughersteller Nic Toys, der f\u00fcr h\u00f6chste Qualit\u00e4tsstandards bei Produkten zur F\u00f6rderung der kindlichen Entwicklung bekannt ist und ethisch und nachhaltig produziert.<\/p>\n<p>Achtung! Nicht f\u00fcr Kinder unter 36 Monaten geeignet, da Strangulationsgefahr durch lange Schn\u00fcre besteht.<\/p>\n<p>Das Gl\u00fccksk\u00e4fer-Schwesternkost\u00fcm wird in Europa nachhaltig aus 100% Baumwolle hergestellt und ist f\u00fcr Kinder ab 3 Jahren geeignet. Es ist maschinenwaschbar.<\/p>\n<p>Inhalt:<\/p>\n<p>2-teiliges Schwesternkost\u00fcm aus Baumwolle: Sch\u00fcrze und M\u00fctze.<\/p>\n","protected":false},"excerpt":{"rendered":"<p>Artikelnummer: 534107<\/p>\n<p>Das Gl\u00fccksk\u00e4fer Krankenschwester-Kost\u00fcm ist ein 2-teiliges Kinderkost\u00fcm aus Baumwolle f\u00fcr das Rollenspiel im Krankenhaus und zum Vorspielen ab 3 Jahren.<\/p>\n","protected":false},"featured_media":48931,"comment_status":"open","ping_status":"closed","template":"","meta":[],"product_brand":[],"product_cat":[21445,21671,21492,21484,21631,21443,21687,21678,21685,21564],"product_tag":[23459,27831,27830,27828,27829,27833,27832,23742],"class_list":{"0":"post-59014","1":"product","2":"type-product","3":"status-publish","4":"has-post-thumbnail","6":"product_cat-3-6-jahre-vorschule","7":"product_cat-angebot","8":"product_cat-geschenk-guide-stoffspielzeug","9":"product_cat-geschenk-guides","10":"product_cat-glueckskaefer","11":"product_cat-nach-alter","12":"product_cat-phantasievoll-rollenspiel","13":"product_cat-kinder-spielzeug","14":"product_cat-stoffspielzeug","15":"product_cat-unsere-marken","16":"product_tag-gluckskafer-de","17":"product_tag-gluckskafer-kostum","18":"product_tag-gluckskafer-krankenschwester-kostum","19":"product_tag-kinderkrankenschwester-kostum","20":"product_tag-kinderkrankenschwester-kostum-de","21":"product_tag-kinderkrankenschwester-set","22":"product_tag-kostume-fur-kinder-aus-baumwolle","23":"product_tag-waldorf-kostume","25":"first","26":"instock","27":"sale","28":"taxable","29":"shipping-taxable","30":"purchasable","31":"product-type-simple"},"yoast_head":"<!-- This site is optimized with the Yoast SEO plugin v27.1.1 - https:\/\/yoast.com\/product\/yoast-seo-wordpress\/ -->\n<title>Verkleidung &quot;Krankenschwester&quot; \u2013 Gl\u00fccksk\u00e4fer<\/title>\n<meta name=\"description\" content=\"Das Gl\u00fccksk\u00e4fer Krankenschwester-Kost\u00fcm ist ein 2-teiliges Kinderkost\u00fcm aus Baumwolle f\u00fcr das Rollenspiel im Krankenhaus und zum Vorspielen ab 3 Jahren.\" \/>\n<meta name=\"robots\" content=\"index, follow, max-snippet:-1, max-image-preview:large, max-video-preview:-1\" \/>\n<link rel=\"canonical\" href=\"https:\/\/teiaeducation.ch\/de\/produkt\/verkleidung-krankenschwester-glueckskaefer\/\" \/>\n<meta property=\"og:locale\" content=\"de_DE\" \/>\n<meta property=\"og:type\" content=\"article\" \/>\n<meta property=\"og:title\" content=\"Verkleidung &quot;Krankenschwester&quot; \u2013 Gl\u00fccksk\u00e4fer\" \/>\n<meta property=\"og:description\" content=\"Das Gl\u00fccksk\u00e4fer Krankenschwester-Kost\u00fcm ist ein 2-teiliges Kinderkost\u00fcm aus Baumwolle f\u00fcr das Rollenspiel im Krankenhaus und zum Vorspielen ab 3 Jahren.\" \/>\n<meta property=\"og:url\" content=\"https:\/\/teiaeducation.ch\/de\/produkt\/verkleidung-krankenschwester-glueckskaefer\/\" \/>\n<meta property=\"og:site_name\" content=\"Sustainable Educational Products &amp; Ecological Toys\u00a0\" \/>\n<meta property=\"article:publisher\" content=\"https:\/\/www.facebook.com\/teiaeducation\/\" \/>\n<meta property=\"article:modified_time\" content=\"2024-02-23T10:10:54+00:00\" \/>\n<meta property=\"og:image\" content=\"https:\/\/teiaeducation.ch\/wp-content\/uploads\/2021\/06\/Nurses-costume-Gluckskafer.jpg\" \/>\n\t<meta property=\"og:image:width\" content=\"800\" \/>\n\t<meta property=\"og:image:height\" content=\"800\" \/>\n\t<meta property=\"og:image:type\" content=\"image\/jpeg\" \/>\n<script type=\"application\/ld+json\" class=\"yoast-schema-graph\">{\"@context\":\"https:\/\/schema.org\",\"@graph\":[{\"@type\":\"WebPage\",\"@id\":\"https:\/\/teiaeducation.ch\/de\/produkt\/verkleidung-krankenschwester-glueckskaefer\/\",\"url\":\"https:\/\/teiaeducation.ch\/de\/produkt\/verkleidung-krankenschwester-glueckskaefer\/\",\"name\":\"Verkleidung \\\"Krankenschwester\\\" \u2013 Gl\u00fccksk\u00e4fer\",\"isPartOf\":{\"@id\":\"https:\/\/teiaeducation.ch\/de\/#website\"},\"primaryImageOfPage\":{\"@id\":\"https:\/\/teiaeducation.ch\/de\/produkt\/verkleidung-krankenschwester-glueckskaefer\/#primaryimage\"},\"image\":{\"@id\":\"https:\/\/teiaeducation.ch\/de\/produkt\/verkleidung-krankenschwester-glueckskaefer\/#primaryimage\"},\"thumbnailUrl\":\"https:\/\/teiaeducation.ch\/wp-content\/uploads\/2021\/06\/Nurses-costume-Gluckskafer.jpg\",\"datePublished\":\"2021-06-15T14:53:28+00:00\",\"dateModified\":\"2024-02-23T10:10:54+00:00\",\"description\":\"Das Gl\u00fccksk\u00e4fer Krankenschwester-Kost\u00fcm ist ein 2-teiliges Kinderkost\u00fcm aus Baumwolle f\u00fcr das Rollenspiel im Krankenhaus und zum Vorspielen ab 3 Jahren.\",\"breadcrumb\":{\"@id\":\"https:\/\/teiaeducation.ch\/de\/produkt\/verkleidung-krankenschwester-glueckskaefer\/#breadcrumb\"},\"inLanguage\":\"de-CH\",\"potentialAction\":[{\"@type\":\"ReadAction\",\"target\":[\"https:\/\/teiaeducation.ch\/de\/produkt\/verkleidung-krankenschwester-glueckskaefer\/\"]}]},{\"@type\":\"ImageObject\",\"inLanguage\":\"de-CH\",\"@id\":\"https:\/\/teiaeducation.ch\/de\/produkt\/verkleidung-krankenschwester-glueckskaefer\/#primaryimage\",\"url\":\"https:\/\/teiaeducation.ch\/wp-content\/uploads\/2021\/06\/Nurses-costume-Gluckskafer.jpg\",\"contentUrl\":\"https:\/\/teiaeducation.ch\/wp-content\/uploads\/2021\/06\/Nurses-costume-Gluckskafer.jpg\",\"width\":800,\"height\":800,\"caption\":\"Kinderkrankenschwester Kost\u00fcm Outfit Gl\u00fccksk\u00e4fer\"},{\"@type\":\"BreadcrumbList\",\"@id\":\"https:\/\/teiaeducation.ch\/de\/produkt\/verkleidung-krankenschwester-glueckskaefer\/#breadcrumb\",\"itemListElement\":[{\"@type\":\"ListItem\",\"position\":1,\"name\":\"Home\",\"item\":\"https:\/\/teiaeducation.ch\/de\/\"},{\"@type\":\"ListItem\",\"position\":2,\"name\":\"Laden\",\"item\":\"https:\/\/teiaeducation.ch\/de\/shop\/\"},{\"@type\":\"ListItem\",\"position\":3,\"name\":\"Nach Alter\",\"item\":\"https:\/\/teiaeducation.ch\/de\/produkt-kategorie\/nach-alter\/\"},{\"@type\":\"ListItem\",\"position\":4,\"name\":\"3-6 Jahre Vorschule\",\"item\":\"https:\/\/teiaeducation.ch\/de\/produkt-kategorie\/nach-alter\/3-6-jahre-vorschule\/\"},{\"@type\":\"ListItem\",\"position\":5,\"name\":\"Verkleidung &#8220;Krankenschwester&#8221; &#8211; Gl\u00fccksk\u00e4fer\"}]},{\"@type\":\"WebSite\",\"@id\":\"https:\/\/teiaeducation.ch\/de\/#website\",\"url\":\"https:\/\/teiaeducation.ch\/de\/\",\"name\":\"Sustainable Educational Products &amp; Ecological Toys\u00a0\",\"description\":\"Specialised Swiss shop selling sustainable educational toys and games, AMI certified Montessori materials, handmade ecological wooden Waldorf toys and arts &amp; crafts supplies, school supplies, children&#039;s furniture and Montessori reference and parenting books.\",\"publisher\":{\"@id\":\"https:\/\/teiaeducation.ch\/de\/#organization\"},\"alternateName\":\"Teia Education & Play\",\"potentialAction\":[{\"@type\":\"SearchAction\",\"target\":{\"@type\":\"EntryPoint\",\"urlTemplate\":\"https:\/\/teiaeducation.ch\/de\/?s={search_term_string}\"},\"query-input\":{\"@type\":\"PropertyValueSpecification\",\"valueRequired\":true,\"valueName\":\"search_term_string\"}}],\"inLanguage\":\"de-CH\"},{\"@type\":\"Organization\",\"@id\":\"https:\/\/teiaeducation.ch\/de\/#organization\",\"name\":\"Teia Education & Play\",\"url\":\"https:\/\/teiaeducation.ch\/de\/\",\"logo\":{\"@type\":\"ImageObject\",\"inLanguage\":\"de-CH\",\"@id\":\"https:\/\/teiaeducation.ch\/de\/#\/schema\/logo\/image\/\",\"url\":\"https:\/\/teiaeducation.ch\/wp-content\/uploads\/2020\/11\/Teia-Education-Switzerland-e1620156442216.jpg\",\"contentUrl\":\"https:\/\/teiaeducation.ch\/wp-content\/uploads\/2020\/11\/Teia-Education-Switzerland-e1620156442216.jpg\",\"width\":166,\"height\":145,\"caption\":\"Teia Education & Play\"},\"image\":{\"@id\":\"https:\/\/teiaeducation.ch\/de\/#\/schema\/logo\/image\/\"},\"sameAs\":[\"https:\/\/www.facebook.com\/teiaeducation\/\",\"https:\/\/x.com\/EducationTeia\",\"https:\/\/www.instagram.com\/teia.education\/\",\"https:\/\/www.linkedin.com\/company\/35501660\",\"https:\/\/www.pinterest.ch\/TeiaEducation\/\"]}]}<\/script>\n<!-- \/ Yoast SEO plugin. -->","yoast_head_json":{"title":"Verkleidung \"Krankenschwester\" \u2013 Gl\u00fccksk\u00e4fer","description":"Das Gl\u00fccksk\u00e4fer Krankenschwester-Kost\u00fcm ist ein 2-teiliges Kinderkost\u00fcm aus Baumwolle f\u00fcr das Rollenspiel im Krankenhaus und zum Vorspielen ab 3 Jahren.","robots":{"index":"index","follow":"follow","max-snippet":"max-snippet:-1","max-image-preview":"max-image-preview:large","max-video-preview":"max-video-preview:-1"},"canonical":"https:\/\/teiaeducation.ch\/de\/produkt\/verkleidung-krankenschwester-glueckskaefer\/","og_locale":"de_DE","og_type":"article","og_title":"Verkleidung \"Krankenschwester\" \u2013 Gl\u00fccksk\u00e4fer","og_description":"Das Gl\u00fccksk\u00e4fer Krankenschwester-Kost\u00fcm ist ein 2-teiliges Kinderkost\u00fcm aus Baumwolle f\u00fcr das Rollenspiel im Krankenhaus und zum Vorspielen ab 3 Jahren.","og_url":"https:\/\/teiaeducation.ch\/de\/produkt\/verkleidung-krankenschwester-glueckskaefer\/","og_site_name":"Sustainable Educational Products &amp; Ecological Toys\u00a0","article_publisher":"https:\/\/www.facebook.com\/teiaeducation\/","article_modified_time":"2024-02-23T10:10:54+00:00","og_image":[{"width":800,"height":800,"url":"https:\/\/teiaeducation.ch\/wp-content\/uploads\/2021\/06\/Nurses-costume-Gluckskafer.jpg","type":"image\/jpeg"}],"schema":{"@context":"https:\/\/schema.org","@graph":[{"@type":"WebPage","@id":"https:\/\/teiaeducation.ch\/de\/produkt\/verkleidung-krankenschwester-glueckskaefer\/","url":"https:\/\/teiaeducation.ch\/de\/produkt\/verkleidung-krankenschwester-glueckskaefer\/","name":"Verkleidung \"Krankenschwester\" \u2013 Gl\u00fccksk\u00e4fer","isPartOf":{"@id":"https:\/\/teiaeducation.ch\/de\/#website"},"primaryImageOfPage":{"@id":"https:\/\/teiaeducation.ch\/de\/produkt\/verkleidung-krankenschwester-glueckskaefer\/#primaryimage"},"image":{"@id":"https:\/\/teiaeducation.ch\/de\/produkt\/verkleidung-krankenschwester-glueckskaefer\/#primaryimage"},"thumbnailUrl":"https:\/\/teiaeducation.ch\/wp-content\/uploads\/2021\/06\/Nurses-costume-Gluckskafer.jpg","datePublished":"2021-06-15T14:53:28+00:00","dateModified":"2024-02-23T10:10:54+00:00","description":"Das Gl\u00fccksk\u00e4fer Krankenschwester-Kost\u00fcm ist ein 2-teiliges Kinderkost\u00fcm aus Baumwolle f\u00fcr das Rollenspiel im Krankenhaus und zum Vorspielen ab 3 Jahren.","breadcrumb":{"@id":"https:\/\/teiaeducation.ch\/de\/produkt\/verkleidung-krankenschwester-glueckskaefer\/#breadcrumb"},"inLanguage":"de-CH","potentialAction":[{"@type":"ReadAction","target":["https:\/\/teiaeducation.ch\/de\/produkt\/verkleidung-krankenschwester-glueckskaefer\/"]}]},{"@type":"ImageObject","inLanguage":"de-CH","@id":"https:\/\/teiaeducation.ch\/de\/produkt\/verkleidung-krankenschwester-glueckskaefer\/#primaryimage","url":"https:\/\/teiaeducation.ch\/wp-content\/uploads\/2021\/06\/Nurses-costume-Gluckskafer.jpg","contentUrl":"https:\/\/teiaeducation.ch\/wp-content\/uploads\/2021\/06\/Nurses-costume-Gluckskafer.jpg","width":800,"height":800,"caption":"Kinderkrankenschwester Kost\u00fcm Outfit Gl\u00fccksk\u00e4fer"},{"@type":"BreadcrumbList","@id":"https:\/\/teiaeducation.ch\/de\/produkt\/verkleidung-krankenschwester-glueckskaefer\/#breadcrumb","itemListElement":[{"@type":"ListItem","position":1,"name":"Home","item":"https:\/\/teiaeducation.ch\/de\/"},{"@type":"ListItem","position":2,"name":"Laden","item":"https:\/\/teiaeducation.ch\/de\/shop\/"},{"@type":"ListItem","position":3,"name":"Nach Alter","item":"https:\/\/teiaeducation.ch\/de\/produkt-kategorie\/nach-alter\/"},{"@type":"ListItem","position":4,"name":"3-6 Jahre Vorschule","item":"https:\/\/teiaeducation.ch\/de\/produkt-kategorie\/nach-alter\/3-6-jahre-vorschule\/"},{"@type":"ListItem","position":5,"name":"Verkleidung &#8220;Krankenschwester&#8221; &#8211; Gl\u00fccksk\u00e4fer"}]},{"@type":"WebSite","@id":"https:\/\/teiaeducation.ch\/de\/#website","url":"https:\/\/teiaeducation.ch\/de\/","name":"Sustainable Educational Products &amp; Ecological Toys\u00a0","description":"Specialised Swiss shop selling sustainable educational toys and games, AMI certified Montessori materials, handmade ecological wooden Waldorf toys and arts &amp; crafts supplies, school supplies, children&#039;s furniture and Montessori reference and parenting books.","publisher":{"@id":"https:\/\/teiaeducation.ch\/de\/#organization"},"alternateName":"Teia Education & Play","potentialAction":[{"@type":"SearchAction","target":{"@type":"EntryPoint","urlTemplate":"https:\/\/teiaeducation.ch\/de\/?s={search_term_string}"},"query-input":{"@type":"PropertyValueSpecification","valueRequired":true,"valueName":"search_term_string"}}],"inLanguage":"de-CH"},{"@type":"Organization","@id":"https:\/\/teiaeducation.ch\/de\/#organization","name":"Teia Education & Play","url":"https:\/\/teiaeducation.ch\/de\/","logo":{"@type":"ImageObject","inLanguage":"de-CH","@id":"https:\/\/teiaeducation.ch\/de\/#\/schema\/logo\/image\/","url":"https:\/\/teiaeducation.ch\/wp-content\/uploads\/2020\/11\/Teia-Education-Switzerland-e1620156442216.jpg","contentUrl":"https:\/\/teiaeducation.ch\/wp-content\/uploads\/2020\/11\/Teia-Education-Switzerland-e1620156442216.jpg","width":166,"height":145,"caption":"Teia Education & Play"},"image":{"@id":"https:\/\/teiaeducation.ch\/de\/#\/schema\/logo\/image\/"},"sameAs":["https:\/\/www.facebook.com\/teiaeducation\/","https:\/\/x.com\/EducationTeia","https:\/\/www.instagram.com\/teia.education\/","https:\/\/www.linkedin.com\/company\/35501660","https:\/\/www.pinterest.ch\/TeiaEducation\/"]}]}},"_links":{"self":[{"href":"https:\/\/teiaeducation.ch\/de\/wp-json\/wp\/v2\/product\/59014","targetHints":{"allow":["GET"]}}],"collection":[{"href":"https:\/\/teiaeducation.ch\/de\/wp-json\/wp\/v2\/product"}],"about":[{"href":"https:\/\/teiaeducation.ch\/de\/wp-json\/wp\/v2\/types\/product"}],"replies":[{"embeddable":true,"href":"https:\/\/teiaeducation.ch\/de\/wp-json\/wp\/v2\/comments?post=59014"}],"wp:featuredmedia":[{"embeddable":true,"href":"https:\/\/teiaeducation.ch\/de\/wp-json\/wp\/v2\/media\/48931"}],"wp:attachment":[{"href":"https:\/\/teiaeducation.ch\/de\/wp-json\/wp\/v2\/media?parent=59014"}],"wp:term":[{"taxonomy":"product_brand","embeddable":true,"href":"https:\/\/teiaeducation.ch\/de\/wp-json\/wp\/v2\/product_brand?post=59014"},{"taxonomy":"product_cat","embeddable":true,"href":"https:\/\/teiaeducation.ch\/de\/wp-json\/wp\/v2\/product_cat?post=59014"},{"taxonomy":"product_tag","embeddable":true,"href":"https:\/\/teiaeducation.ch\/de\/wp-json\/wp\/v2\/product_tag?post=59014"}],"curies":[{"name":"wp","href":"https:\/\/api.w.org\/{rel}","templated":true}]}}