{"id":59030,"date":"2021-06-15T14:00:36","date_gmt":"2021-06-15T12:00:36","guid":{"rendered":"https:\/\/teiaeducation.ch\/product\/geburtsdags-welle-blau-glueckskaefer\/"},"modified":"2025-12-11T18:27:47","modified_gmt":"2025-12-11T17:27:47","slug":"geburtsdags-welle-blau-glueckskaefer","status":"publish","type":"product","link":"https:\/\/teiaeducation.ch\/de\/produkt\/geburtsdags-welle-blau-glueckskaefer\/","title":{"rendered":"Geburtsdags-Welle blau aus Holz &#8211; Gl\u00fccksk\u00e4fer"},"content":{"rendered":"<p>Geburtsdags-Welle blau \/ Handgefertigter Waldorf-Feierring aus Holz &#8211; Gl\u00fccksk\u00e4fer<\/p>\n<p>Mit diesem h\u00fcbschen, von Waldorf inspirierten Dekorations- und Kerzenhalterelement in Blau k\u00f6nnen Sie Ihren eigenen Geburtstagsring zusammenstellen. W\u00e4hlen Sie 3 weitere Teile oder Elemente, um einen sch\u00f6nen Geburtstagsring zu gestalten.<\/p>\n<p>Die Gl\u00fccksk\u00e4fer-Geburtstagsringe verleihen jeder <a href=\"https:\/\/teiaeducation.ch\/de\/produkt-kategorie\/feier-festlichkeiten\/\">Feier<\/a> eine besondere Atmosph\u00e4re und ein besonderes Feeling. Sie sind ein wunderbarer Blickfang f\u00fcr Feiern wie Geburtstage oder schm\u00fccken Ihren Naturtisch oder Ihre Fensterbank.<\/p>\n<p>Der Gl\u00fccksk\u00e4fer Waldorf-Geburtstagsring blaue Welle ist aus Erlenholz handgefertigt und mit einer ungiftigen blauen Beize auf Wasserbasis behandelt, die die Sch\u00f6nheit der Holzmaserung zur Geltung bringt. Das blaue Wellenelement hat die Ma\u00dfe 17 \u00d7 6 \u00d7 2cm und verf\u00fcgt \u00fcber 3 L\u00f6cher mit einem Durchmesser von 1,8cm zur Aufnahme von Gl\u00fccksk\u00e4fer-Geburtstagszahlen, Geburtstagskerzen oder Dekofiguren.<\/p>\n<p>Verzieren Sie den Ring mit den sch\u00f6nen Gl\u00fccksk\u00e4fer- oder Grimm&#8217;schen Deko-Figuren und Zahlen, die das Alter des Geburtstagskindes, seine Lieblingstiere, -spielzeuge oder andere besondere Interessen darstellen. Sie k\u00f6nnen auch Blumen, nat\u00fcrliche Gegenst\u00e4nde und Lichter oder <a href=\"https:\/\/teiaeducation.ch\/de\/produkt-kategorie\/feier-festlichkeiten\/\">Kerzen<\/a> hinzuf\u00fcgen, um Ihre Feier perfekt zu dekorieren.<\/p>\n<p>Mit dieser fr\u00f6hlichen Dekoration k\u00f6nnen Sie Ihren Kindern helfen, besondere Anl\u00e4sse zu feiern und zu markieren &#8211; eine Familientradition f\u00fcr die n\u00e4chsten Jahre und Generationen!<\/p>\n<p>Die farbenfrohen Gl\u00fccksk\u00e4fer Holzspielzeuge sind ideal f\u00fcr das Spielen zu Hause, im Kindergarten, in der Waldorf- oder Steinerschule. Sie sind nach der Waldorf Philosophie gefertigt, die daf\u00fcr bekannt ist, dass sie Kinder dazu ermutigen, das kreative Spiel unabh\u00e4ngig und ohne Grenzen zu entdecken. Alle hochwertigen Spielzeuge von Gl\u00fccksk\u00e4fer werden in Deutschland in Handarbeit mit ungiftigen Farben auf Wasserbasis hergestellt und gef\u00e4rbt und nicht lackiert, damit die urspr\u00fcnglichen Eigenschaften des Holzes und die Maserung erhalten bleiben.<\/p>\n<p>Achtung! Das Gl\u00fccksk\u00e4fer Geburtstagsring-Element ist ein Dekorationsartikel und nicht zum Spielen geeignet. Aus Sicherheitsgr\u00fcnden sollten Sie bei der Verwendung von Kerzen Kerzenhalter verwenden und darauf achten, dass keine Zugluft entsteht und sich keine dekorative Figur in der N\u00e4he der Flammen befindet. Dieses Material ist f\u00fcr Kinder ab 14 Jahren geeignet.<\/p>\n<p>Inhalt:<\/p>\n<p>1 Geburtstagsring aus Holz mit 3 L\u00f6chern<\/p>\n","protected":false},"excerpt":{"rendered":"<p>Artikelnummer: 522873<\/p>\n<p>Der Gl\u00fccksk\u00e4fer Naturholz-Geburtstagsring ist ein h\u00f6lzerner Tafelaufsatz f\u00fcr dekorative Figuren und Kerzen zu besonderen Anl\u00e4ssen und Waldorf-Festen.<\/p>\n","protected":false},"featured_media":59031,"comment_status":"open","ping_status":"closed","template":"","meta":[],"product_brand":[],"product_cat":[21671,21479,21465,22347,21631,21443,22351,21564,21483],"product_tag":[25346,25344,25352,25350,27771,27839,23464,27772,27814,25348,21712,25351,25354,25353],"class_list":{"0":"post-59030","1":"product","2":"type-product","3":"status-publish","4":"has-post-thumbnail","6":"product_cat-angebot","7":"product_cat-lernmaterialien-spielzeug-montessori-waldorf-steiner-froebel","8":"product_cat-feier-festlichkeiten","9":"product_cat-geburtstage","10":"product_cat-glueckskaefer","11":"product_cat-nach-alter","12":"product_cat-rituale-adventszeit","13":"product_cat-unsere-marken","14":"product_cat-waldorf-steiner-paedagogik","15":"product_tag-festringe","16":"product_tag-geburtstagsdekorationen-aus-holz","17":"product_tag-geburtstagskerzenhalter-aus-holz","18":"product_tag-geburtstagsring","19":"product_tag-gluckskafer-geburtstagsring","20":"product_tag-gluckskafer-holzspielzeugladen","21":"product_tag-gluckskafer-schweiz-de","22":"product_tag-gluckskafer-schweiz-de-2","23":"product_tag-gluckskafer-suisse-de","24":"product_tag-grimms-holzerne-geburtstagsdekorationen","25":"product_tag-hergestellt-in-deutschland","26":"product_tag-kerzenhalter-dekorationen","27":"product_tag-waldorf-feier-ring","28":"product_tag-waldorf-geburtstagsring","30":"first","31":"instock","32":"sale","33":"taxable","34":"shipping-taxable","35":"purchasable","36":"product-type-simple"},"yoast_head":"<!-- This site is optimized with the Yoast SEO plugin v27.1.1 - https:\/\/yoast.com\/product\/yoast-seo-wordpress\/ -->\n<title>Geburtsdags-Welle blau \u2013 Gl\u00fccksk\u00e4fer<\/title>\n<meta name=\"description\" content=\"Das Gl\u00fccksk\u00e4fer-Geburtstagsring-Element in blauer Welle h\u00e4lt Dekofiguren und Kerzen f\u00fcr besondere Anl\u00e4sse &amp; Waldorf-Feiern.\" \/>\n<meta name=\"robots\" content=\"index, follow, max-snippet:-1, max-image-preview:large, max-video-preview:-1\" \/>\n<link rel=\"canonical\" href=\"https:\/\/teiaeducation.ch\/de\/produkt\/geburtsdags-welle-blau-glueckskaefer\/\" \/>\n<meta property=\"og:locale\" content=\"de_DE\" \/>\n<meta property=\"og:type\" content=\"article\" \/>\n<meta property=\"og:title\" content=\"Geburtsdags-Welle blau \u2013 Gl\u00fccksk\u00e4fer\" \/>\n<meta property=\"og:description\" content=\"Das Gl\u00fccksk\u00e4fer-Geburtstagsring-Element in blauer Welle h\u00e4lt Dekofiguren und Kerzen f\u00fcr besondere Anl\u00e4sse &amp; Waldorf-Feiern.\" \/>\n<meta property=\"og:url\" content=\"https:\/\/teiaeducation.ch\/de\/produkt\/geburtsdags-welle-blau-glueckskaefer\/\" \/>\n<meta property=\"og:site_name\" content=\"Sustainable Educational Products &amp; Ecological Toys\u00a0\" \/>\n<meta property=\"article:publisher\" content=\"https:\/\/www.facebook.com\/teiaeducation\/\" \/>\n<meta property=\"article:modified_time\" content=\"2025-12-11T17:27:47+00:00\" \/>\n<meta property=\"og:image\" content=\"https:\/\/teiaeducation.ch\/wp-content\/uploads\/2021\/06\/Birthday-ring-blue-wave-Gluckskafer.jpg\" \/>\n\t<meta property=\"og:image:width\" content=\"800\" \/>\n\t<meta property=\"og:image:height\" content=\"800\" \/>\n\t<meta property=\"og:image:type\" content=\"image\/jpeg\" \/>\n<script type=\"application\/ld+json\" class=\"yoast-schema-graph\">{\"@context\":\"https:\/\/schema.org\",\"@graph\":[{\"@type\":\"WebPage\",\"@id\":\"https:\/\/teiaeducation.ch\/de\/produkt\/geburtsdags-welle-blau-glueckskaefer\/\",\"url\":\"https:\/\/teiaeducation.ch\/de\/produkt\/geburtsdags-welle-blau-glueckskaefer\/\",\"name\":\"Geburtsdags-Welle blau \u2013 Gl\u00fccksk\u00e4fer\",\"isPartOf\":{\"@id\":\"https:\/\/teiaeducation.ch\/de\/#website\"},\"primaryImageOfPage\":{\"@id\":\"https:\/\/teiaeducation.ch\/de\/produkt\/geburtsdags-welle-blau-glueckskaefer\/#primaryimage\"},\"image\":{\"@id\":\"https:\/\/teiaeducation.ch\/de\/produkt\/geburtsdags-welle-blau-glueckskaefer\/#primaryimage\"},\"thumbnailUrl\":\"https:\/\/teiaeducation.ch\/wp-content\/uploads\/2021\/06\/Birthday-ring-blue-wave-Gluckskafer.jpg\",\"datePublished\":\"2021-06-15T12:00:36+00:00\",\"dateModified\":\"2025-12-11T17:27:47+00:00\",\"description\":\"Das Gl\u00fccksk\u00e4fer-Geburtstagsring-Element in blauer Welle h\u00e4lt Dekofiguren und Kerzen f\u00fcr besondere Anl\u00e4sse & Waldorf-Feiern.\",\"breadcrumb\":{\"@id\":\"https:\/\/teiaeducation.ch\/de\/produkt\/geburtsdags-welle-blau-glueckskaefer\/#breadcrumb\"},\"inLanguage\":\"de-CH\",\"potentialAction\":[{\"@type\":\"ReadAction\",\"target\":[\"https:\/\/teiaeducation.ch\/de\/produkt\/geburtsdags-welle-blau-glueckskaefer\/\"]}]},{\"@type\":\"ImageObject\",\"inLanguage\":\"de-CH\",\"@id\":\"https:\/\/teiaeducation.ch\/de\/produkt\/geburtsdags-welle-blau-glueckskaefer\/#primaryimage\",\"url\":\"https:\/\/teiaeducation.ch\/wp-content\/uploads\/2021\/06\/Birthday-ring-blue-wave-Gluckskafer.jpg\",\"contentUrl\":\"https:\/\/teiaeducation.ch\/wp-content\/uploads\/2021\/06\/Birthday-ring-blue-wave-Gluckskafer.jpg\",\"width\":800,\"height\":800,\"caption\":\"Geburtsdags-Welle blau - Gl\u00fccksk\u00e4fer\"},{\"@type\":\"BreadcrumbList\",\"@id\":\"https:\/\/teiaeducation.ch\/de\/produkt\/geburtsdags-welle-blau-glueckskaefer\/#breadcrumb\",\"itemListElement\":[{\"@type\":\"ListItem\",\"position\":1,\"name\":\"Home\",\"item\":\"https:\/\/teiaeducation.ch\/de\/\"},{\"@type\":\"ListItem\",\"position\":2,\"name\":\"Laden\",\"item\":\"https:\/\/teiaeducation.ch\/de\/shop\/\"},{\"@type\":\"ListItem\",\"position\":3,\"name\":\"Unsere Marken\",\"item\":\"https:\/\/teiaeducation.ch\/de\/produkt-kategorie\/unsere-marken\/\"},{\"@type\":\"ListItem\",\"position\":4,\"name\":\"Gl\u00fccksk\u00e4fer\",\"item\":\"https:\/\/teiaeducation.ch\/de\/produkt-kategorie\/unsere-marken\/glueckskaefer\/\"},{\"@type\":\"ListItem\",\"position\":5,\"name\":\"Geburtsdags-Welle blau aus Holz &#8211; Gl\u00fccksk\u00e4fer\"}]},{\"@type\":\"WebSite\",\"@id\":\"https:\/\/teiaeducation.ch\/de\/#website\",\"url\":\"https:\/\/teiaeducation.ch\/de\/\",\"name\":\"Sustainable Educational Products &amp; Ecological Toys\u00a0\",\"description\":\"Specialised Swiss shop selling sustainable educational toys and games, AMI certified Montessori materials, handmade ecological wooden Waldorf toys and arts &amp; crafts supplies, school supplies, children&#039;s furniture and Montessori reference and parenting books.\",\"publisher\":{\"@id\":\"https:\/\/teiaeducation.ch\/de\/#organization\"},\"alternateName\":\"Teia Education & Play\",\"potentialAction\":[{\"@type\":\"SearchAction\",\"target\":{\"@type\":\"EntryPoint\",\"urlTemplate\":\"https:\/\/teiaeducation.ch\/de\/?s={search_term_string}\"},\"query-input\":{\"@type\":\"PropertyValueSpecification\",\"valueRequired\":true,\"valueName\":\"search_term_string\"}}],\"inLanguage\":\"de-CH\"},{\"@type\":\"Organization\",\"@id\":\"https:\/\/teiaeducation.ch\/de\/#organization\",\"name\":\"Teia Education & Play\",\"url\":\"https:\/\/teiaeducation.ch\/de\/\",\"logo\":{\"@type\":\"ImageObject\",\"inLanguage\":\"de-CH\",\"@id\":\"https:\/\/teiaeducation.ch\/de\/#\/schema\/logo\/image\/\",\"url\":\"https:\/\/teiaeducation.ch\/wp-content\/uploads\/2020\/11\/Teia-Education-Switzerland-e1620156442216.jpg\",\"contentUrl\":\"https:\/\/teiaeducation.ch\/wp-content\/uploads\/2020\/11\/Teia-Education-Switzerland-e1620156442216.jpg\",\"width\":166,\"height\":145,\"caption\":\"Teia Education & Play\"},\"image\":{\"@id\":\"https:\/\/teiaeducation.ch\/de\/#\/schema\/logo\/image\/\"},\"sameAs\":[\"https:\/\/www.facebook.com\/teiaeducation\/\",\"https:\/\/x.com\/EducationTeia\",\"https:\/\/www.instagram.com\/teia.education\/\",\"https:\/\/www.linkedin.com\/company\/35501660\",\"https:\/\/www.pinterest.ch\/TeiaEducation\/\"]}]}<\/script>\n<!-- \/ Yoast SEO plugin. -->","yoast_head_json":{"title":"Geburtsdags-Welle blau \u2013 Gl\u00fccksk\u00e4fer","description":"Das Gl\u00fccksk\u00e4fer-Geburtstagsring-Element in blauer Welle h\u00e4lt Dekofiguren und Kerzen f\u00fcr besondere Anl\u00e4sse & Waldorf-Feiern.","robots":{"index":"index","follow":"follow","max-snippet":"max-snippet:-1","max-image-preview":"max-image-preview:large","max-video-preview":"max-video-preview:-1"},"canonical":"https:\/\/teiaeducation.ch\/de\/produkt\/geburtsdags-welle-blau-glueckskaefer\/","og_locale":"de_DE","og_type":"article","og_title":"Geburtsdags-Welle blau \u2013 Gl\u00fccksk\u00e4fer","og_description":"Das Gl\u00fccksk\u00e4fer-Geburtstagsring-Element in blauer Welle h\u00e4lt Dekofiguren und Kerzen f\u00fcr besondere Anl\u00e4sse & Waldorf-Feiern.","og_url":"https:\/\/teiaeducation.ch\/de\/produkt\/geburtsdags-welle-blau-glueckskaefer\/","og_site_name":"Sustainable Educational Products &amp; Ecological Toys\u00a0","article_publisher":"https:\/\/www.facebook.com\/teiaeducation\/","article_modified_time":"2025-12-11T17:27:47+00:00","og_image":[{"width":800,"height":800,"url":"https:\/\/teiaeducation.ch\/wp-content\/uploads\/2021\/06\/Birthday-ring-blue-wave-Gluckskafer.jpg","type":"image\/jpeg"}],"schema":{"@context":"https:\/\/schema.org","@graph":[{"@type":"WebPage","@id":"https:\/\/teiaeducation.ch\/de\/produkt\/geburtsdags-welle-blau-glueckskaefer\/","url":"https:\/\/teiaeducation.ch\/de\/produkt\/geburtsdags-welle-blau-glueckskaefer\/","name":"Geburtsdags-Welle blau \u2013 Gl\u00fccksk\u00e4fer","isPartOf":{"@id":"https:\/\/teiaeducation.ch\/de\/#website"},"primaryImageOfPage":{"@id":"https:\/\/teiaeducation.ch\/de\/produkt\/geburtsdags-welle-blau-glueckskaefer\/#primaryimage"},"image":{"@id":"https:\/\/teiaeducation.ch\/de\/produkt\/geburtsdags-welle-blau-glueckskaefer\/#primaryimage"},"thumbnailUrl":"https:\/\/teiaeducation.ch\/wp-content\/uploads\/2021\/06\/Birthday-ring-blue-wave-Gluckskafer.jpg","datePublished":"2021-06-15T12:00:36+00:00","dateModified":"2025-12-11T17:27:47+00:00","description":"Das Gl\u00fccksk\u00e4fer-Geburtstagsring-Element in blauer Welle h\u00e4lt Dekofiguren und Kerzen f\u00fcr besondere Anl\u00e4sse & Waldorf-Feiern.","breadcrumb":{"@id":"https:\/\/teiaeducation.ch\/de\/produkt\/geburtsdags-welle-blau-glueckskaefer\/#breadcrumb"},"inLanguage":"de-CH","potentialAction":[{"@type":"ReadAction","target":["https:\/\/teiaeducation.ch\/de\/produkt\/geburtsdags-welle-blau-glueckskaefer\/"]}]},{"@type":"ImageObject","inLanguage":"de-CH","@id":"https:\/\/teiaeducation.ch\/de\/produkt\/geburtsdags-welle-blau-glueckskaefer\/#primaryimage","url":"https:\/\/teiaeducation.ch\/wp-content\/uploads\/2021\/06\/Birthday-ring-blue-wave-Gluckskafer.jpg","contentUrl":"https:\/\/teiaeducation.ch\/wp-content\/uploads\/2021\/06\/Birthday-ring-blue-wave-Gluckskafer.jpg","width":800,"height":800,"caption":"Geburtsdags-Welle blau - Gl\u00fccksk\u00e4fer"},{"@type":"BreadcrumbList","@id":"https:\/\/teiaeducation.ch\/de\/produkt\/geburtsdags-welle-blau-glueckskaefer\/#breadcrumb","itemListElement":[{"@type":"ListItem","position":1,"name":"Home","item":"https:\/\/teiaeducation.ch\/de\/"},{"@type":"ListItem","position":2,"name":"Laden","item":"https:\/\/teiaeducation.ch\/de\/shop\/"},{"@type":"ListItem","position":3,"name":"Unsere Marken","item":"https:\/\/teiaeducation.ch\/de\/produkt-kategorie\/unsere-marken\/"},{"@type":"ListItem","position":4,"name":"Gl\u00fccksk\u00e4fer","item":"https:\/\/teiaeducation.ch\/de\/produkt-kategorie\/unsere-marken\/glueckskaefer\/"},{"@type":"ListItem","position":5,"name":"Geburtsdags-Welle blau aus Holz &#8211; Gl\u00fccksk\u00e4fer"}]},{"@type":"WebSite","@id":"https:\/\/teiaeducation.ch\/de\/#website","url":"https:\/\/teiaeducation.ch\/de\/","name":"Sustainable Educational Products &amp; Ecological Toys\u00a0","description":"Specialised Swiss shop selling sustainable educational toys and games, AMI certified Montessori materials, handmade ecological wooden Waldorf toys and arts &amp; crafts supplies, school supplies, children&#039;s furniture and Montessori reference and parenting books.","publisher":{"@id":"https:\/\/teiaeducation.ch\/de\/#organization"},"alternateName":"Teia Education & Play","potentialAction":[{"@type":"SearchAction","target":{"@type":"EntryPoint","urlTemplate":"https:\/\/teiaeducation.ch\/de\/?s={search_term_string}"},"query-input":{"@type":"PropertyValueSpecification","valueRequired":true,"valueName":"search_term_string"}}],"inLanguage":"de-CH"},{"@type":"Organization","@id":"https:\/\/teiaeducation.ch\/de\/#organization","name":"Teia Education & Play","url":"https:\/\/teiaeducation.ch\/de\/","logo":{"@type":"ImageObject","inLanguage":"de-CH","@id":"https:\/\/teiaeducation.ch\/de\/#\/schema\/logo\/image\/","url":"https:\/\/teiaeducation.ch\/wp-content\/uploads\/2020\/11\/Teia-Education-Switzerland-e1620156442216.jpg","contentUrl":"https:\/\/teiaeducation.ch\/wp-content\/uploads\/2020\/11\/Teia-Education-Switzerland-e1620156442216.jpg","width":166,"height":145,"caption":"Teia Education & Play"},"image":{"@id":"https:\/\/teiaeducation.ch\/de\/#\/schema\/logo\/image\/"},"sameAs":["https:\/\/www.facebook.com\/teiaeducation\/","https:\/\/x.com\/EducationTeia","https:\/\/www.instagram.com\/teia.education\/","https:\/\/www.linkedin.com\/company\/35501660","https:\/\/www.pinterest.ch\/TeiaEducation\/"]}]}},"_links":{"self":[{"href":"https:\/\/teiaeducation.ch\/de\/wp-json\/wp\/v2\/product\/59030","targetHints":{"allow":["GET"]}}],"collection":[{"href":"https:\/\/teiaeducation.ch\/de\/wp-json\/wp\/v2\/product"}],"about":[{"href":"https:\/\/teiaeducation.ch\/de\/wp-json\/wp\/v2\/types\/product"}],"replies":[{"embeddable":true,"href":"https:\/\/teiaeducation.ch\/de\/wp-json\/wp\/v2\/comments?post=59030"}],"wp:featuredmedia":[{"embeddable":true,"href":"https:\/\/teiaeducation.ch\/de\/wp-json\/wp\/v2\/media\/59031"}],"wp:attachment":[{"href":"https:\/\/teiaeducation.ch\/de\/wp-json\/wp\/v2\/media?parent=59030"}],"wp:term":[{"taxonomy":"product_brand","embeddable":true,"href":"https:\/\/teiaeducation.ch\/de\/wp-json\/wp\/v2\/product_brand?post=59030"},{"taxonomy":"product_cat","embeddable":true,"href":"https:\/\/teiaeducation.ch\/de\/wp-json\/wp\/v2\/product_cat?post=59030"},{"taxonomy":"product_tag","embeddable":true,"href":"https:\/\/teiaeducation.ch\/de\/wp-json\/wp\/v2\/product_tag?post=59030"}],"curies":[{"name":"wp","href":"https:\/\/api.w.org\/{rel}","templated":true}]}}