{"id":59032,"date":"2021-06-07T14:18:14","date_gmt":"2021-06-07T12:18:14","guid":{"rendered":"https:\/\/teiaeducation.ch\/product\/maerchenwolle-pflanzengefaerbt-glueckskaefer\/"},"modified":"2026-02-24T09:38:25","modified_gmt":"2026-02-24T08:38:25","slug":"maerchenwolle-pflanzengefaerbt-glueckskaefer","status":"publish","type":"product","link":"https:\/\/teiaeducation.ch\/de\/produkt\/maerchenwolle-pflanzengefaerbt-glueckskaefer\/","title":{"rendered":"M\u00e4rchenwolle pflanzengef\u00e4rbt &#8211; Gl\u00fccksk\u00e4fer"},"content":{"rendered":"<p>M\u00e4rchenwolle pflanzengef\u00e4rbt, 50g M\u00e4rchenmischung \/ Waldorf Naturnadelfilzbedarf &#8211; Gl\u00fccksk\u00e4fer<\/p>\n<p>Die wundersch\u00f6ne pflanzengef\u00e4rbte Filzwolle 50g Fairytale Mix von Gl\u00fccksk\u00e4fer ist die perfekte Naturfilzwolle f\u00fcr Nass- und Trockenfilzprojekte.<\/p>\n<p>Die m\u00e4rchenhafte Filzwollkollektion umfasst 15 wundersch\u00f6ne Farben, die alle aus Pflanzen gewonnen werden. Die wundervollen, von <a href=\"\/?product_cat=waldorf\">Waldorf<\/a> inspirierten Farbt\u00f6ne sind ideal f\u00fcr die Herstellung aller Arten von Filzfeen, Figuren, Tieren, Spielzeugen, Puppen und Kulissen zum Spielen sowie f\u00fcr sch\u00f6ne Dekorationen und Kunstwerke f\u00fcr Ihr Zuhause.<\/p>\n<p>Es sind 15 nat\u00fcrlich gef\u00e4rbte Wollt\u00f6ne enthalten. Abgebildet sind 13 der sch\u00f6nen Farben: Apricot, Wei\u00df, Rosarot, Hellgelb, Hellgelb, Orange, Rotbraun, Hellrosa, Hellblau, Dunkelblau, Hellgr\u00fcn, Hellbraun und Dunkelbraun. Die Farben Dunkelgr\u00fcn und Violett sind nicht abgebildet. Diese hochwertige und nachhaltige Nadelfilzwolle verfilzt schnell und effektiv und sorgt f\u00fcr ein sch\u00f6nes Ergebnis.<\/p>\n<p>Nass- und Trockenfilzen sowie die Arbeit mit Natur- und Pflanzenfasern sind wichtige Bestandteile der Waldorfp\u00e4dagogik.<\/p>\n<p>Nadelfilzen ist eine sehr taktile Erfahrung und eine lustige, kreative Waldorf-Handarbeit. Es wird in Waldorfschulen auf der ganzen Welt unterrichtet, in der Regel ab einem Alter von 7 oder 10 Jahren, und die Projekte k\u00f6nnen von Anf\u00e4ngern bis zu Fortgeschrittenen reichen.<\/p>\n<p>Die Gl\u00fccksk\u00e4fer pflanzengef\u00e4rbte Filzwolle M\u00e4rchenmix enth\u00e4lt 100g Wolle und wird in Europa nachhaltig hergestellt.<\/p>\n<p>Die deutsche Marke Gl\u00fccksk\u00e4fer ist in der Waldorf- und Montessori-P\u00e4dagogik f\u00fcr ihre kindgerechten, echten Werkzeuge bekannt, die speziell entwickelt wurden, um Kinder in ihrer Selbstst\u00e4ndigkeit zu f\u00f6rdern.<\/p>\n<p>Gl\u00fccksk\u00e4fer Waldorf-inspiriertes Spielzeug und Kinderwerkzeug wird in Deutschland entworfen und in Europa hergestellt. Sie geh\u00f6ren zum traditionsreichen deutschen Spielzeughersteller Nic Toys, der f\u00fcr h\u00f6chste Qualit\u00e4tsstandards bei Produkten zur F\u00f6rderung der kindlichen Entwicklung bekannt ist und ethisch und nachhaltig produziert.<\/p>\n<p>Bitte beachten Sie, dass Kinder von einem Erwachsenen beaufsichtigt werden m\u00fcssen, bis sie die Filztechniken und den sicheren Umgang mit den Filzwerkzeugen beherrschen. Wir haben <a href=\"https:\/\/teiaeducation.ch\/de\/produkt\/filznadeln-glueckskaefer\/\">Filznadeln<\/a> und Filznadel<a href=\"https:\/\/teiaeducation.ch\/de\/produkt\/filznadelhalter-glueckskaefer\/\">halter<\/a> separat erh\u00e4ltlich.<\/p>\n<p>Inhalt:<\/p>\n<p>50 g pflanzengef\u00e4rbte Wolle in 15 Farben.<\/p>\n","protected":false},"excerpt":{"rendered":"<p>Artikelnummer: 546000<\/p>\n<p>Die m\u00e4rchenhafte Mischung aus naturbelassener, pflanzengef\u00e4rbter Filzwolle von Gl\u00fccksk\u00e4fer eignet sich hervorragend f\u00fcr Nass- und Trocken(nadel)filzprojekte in wundersch\u00f6nen Waldorf-Farbt\u00f6nen.<\/p>\n","protected":false},"featured_media":59033,"comment_status":"open","ping_status":"closed","template":"","meta":[],"product_brand":[],"product_cat":[21446,21479,21452,21484,21631,21464,21447,21443,21563,21564,24314,21483],"product_tag":[27840,27850,27847,27845,27846,27844,27841,27843,27849,27848,27842],"class_list":{"0":"post-59032","1":"product","2":"type-product","3":"status-publish","4":"has-post-thumbnail","6":"product_cat-6-12-jahre-grundschule","7":"product_cat-lernmaterialien-spielzeug-montessori-waldorf-steiner-froebel","8":"product_cat-filzen","9":"product_cat-geschenk-guides","10":"product_cat-glueckskaefer","11":"product_cat-herbstkollektion","12":"product_cat-malen-basteln","13":"product_cat-nach-alter","14":"product_cat-neuheiten","15":"product_cat-unsere-marken","16":"product_cat-valentinstag","17":"product_cat-waldorf-steiner-paedagogik","18":"product_tag-filzwolle","19":"product_tag-filzwolle-schweiz","20":"product_tag-filzwolle-waldorf-farben","21":"product_tag-gluckskafer-marchenhafte-filzwolle","22":"product_tag-gluckskafer-marchenhafte-filzwolle-de","23":"product_tag-marchenhafte-filzwolle","24":"product_tag-marchenwolle-pflanzengefarbt","25":"product_tag-nachhaltige-filzwolle","26":"product_tag-naturliche-filzwolle","27":"product_tag-regenbogen-filzwolle","28":"product_tag-waldorf-filzwolle","30":"first","31":"instock","32":"taxable","33":"shipping-taxable","34":"purchasable","35":"product-type-simple"},"yoast_head":"<!-- This site is optimized with the Yoast SEO Premium plugin v25.8 (Yoast SEO v27.4) - https:\/\/yoast.com\/product\/yoast-seo-premium-wordpress\/ -->\n<title>M\u00e4rchenwolle pflanzengef\u00e4rbt - Gl\u00fccksk\u00e4fer<\/title>\n<meta name=\"description\" content=\"Die m\u00e4rchenhafte Mischung aus naturbelassener, pflanzengef\u00e4rbter Filzwolle von Gl\u00fccksk\u00e4fer eignet sich hervorragend zum Nass- und Trockennadelfilzen in wundersch\u00f6nen Waldorf-Farbt\u00f6nen.\" \/>\n<meta name=\"robots\" content=\"index, follow, max-snippet:-1, max-image-preview:large, max-video-preview:-1\" \/>\n<link rel=\"canonical\" href=\"https:\/\/teiaeducation.ch\/de\/produkt\/maerchenwolle-pflanzengefaerbt-glueckskaefer\/\" \/>\n<meta property=\"og:locale\" content=\"de_DE\" \/>\n<meta property=\"og:type\" content=\"article\" \/>\n<meta property=\"og:title\" content=\"M\u00e4rchenwolle pflanzengef\u00e4rbt - Gl\u00fccksk\u00e4fer\" \/>\n<meta property=\"og:description\" content=\"Die m\u00e4rchenhafte Mischung aus naturbelassener, pflanzengef\u00e4rbter Filzwolle von Gl\u00fccksk\u00e4fer eignet sich hervorragend zum Nass- und Trockennadelfilzen in wundersch\u00f6nen Waldorf-Farbt\u00f6nen.\" \/>\n<meta property=\"og:url\" content=\"https:\/\/teiaeducation.ch\/de\/produkt\/maerchenwolle-pflanzengefaerbt-glueckskaefer\/\" \/>\n<meta property=\"og:site_name\" content=\"Sustainable Educational Products &amp; Ecological Toys\u00a0\" \/>\n<meta property=\"article:publisher\" content=\"https:\/\/www.facebook.com\/teiaeducation\/\" \/>\n<meta property=\"article:modified_time\" content=\"2026-02-24T08:38:25+00:00\" \/>\n<meta property=\"og:image\" content=\"https:\/\/teiaeducation.ch\/wp-content\/uploads\/2021\/06\/Plant-dyed-felting-wool-50g-fairytale-mix-Gluckskafer.jpg\" \/>\n\t<meta property=\"og:image:width\" content=\"575\" \/>\n\t<meta property=\"og:image:height\" content=\"575\" \/>\n\t<meta property=\"og:image:type\" content=\"image\/jpeg\" \/>\n<script type=\"application\/ld+json\" class=\"yoast-schema-graph\">{\"@context\":\"https:\\\/\\\/schema.org\",\"@graph\":[{\"@type\":\"WebPage\",\"@id\":\"https:\\\/\\\/teiaeducation.ch\\\/de\\\/produkt\\\/maerchenwolle-pflanzengefaerbt-glueckskaefer\\\/\",\"url\":\"https:\\\/\\\/teiaeducation.ch\\\/de\\\/produkt\\\/maerchenwolle-pflanzengefaerbt-glueckskaefer\\\/\",\"name\":\"M\u00e4rchenwolle pflanzengef\u00e4rbt - Gl\u00fccksk\u00e4fer\",\"isPartOf\":{\"@id\":\"https:\\\/\\\/teiaeducation.ch\\\/de\\\/#website\"},\"primaryImageOfPage\":{\"@id\":\"https:\\\/\\\/teiaeducation.ch\\\/de\\\/produkt\\\/maerchenwolle-pflanzengefaerbt-glueckskaefer\\\/#primaryimage\"},\"image\":{\"@id\":\"https:\\\/\\\/teiaeducation.ch\\\/de\\\/produkt\\\/maerchenwolle-pflanzengefaerbt-glueckskaefer\\\/#primaryimage\"},\"thumbnailUrl\":\"https:\\\/\\\/teiaeducation.ch\\\/wp-content\\\/uploads\\\/2021\\\/06\\\/Plant-dyed-felting-wool-50g-fairytale-mix-Gluckskafer.jpg\",\"datePublished\":\"2021-06-07T12:18:14+00:00\",\"dateModified\":\"2026-02-24T08:38:25+00:00\",\"description\":\"Die m\u00e4rchenhafte Mischung aus naturbelassener, pflanzengef\u00e4rbter Filzwolle von Gl\u00fccksk\u00e4fer eignet sich hervorragend zum Nass- und Trockennadelfilzen in wundersch\u00f6nen Waldorf-Farbt\u00f6nen.\",\"breadcrumb\":{\"@id\":\"https:\\\/\\\/teiaeducation.ch\\\/de\\\/produkt\\\/maerchenwolle-pflanzengefaerbt-glueckskaefer\\\/#breadcrumb\"},\"inLanguage\":\"de-CH\",\"potentialAction\":[{\"@type\":\"ReadAction\",\"target\":[\"https:\\\/\\\/teiaeducation.ch\\\/de\\\/produkt\\\/maerchenwolle-pflanzengefaerbt-glueckskaefer\\\/\"]}]},{\"@type\":\"ImageObject\",\"inLanguage\":\"de-CH\",\"@id\":\"https:\\\/\\\/teiaeducation.ch\\\/de\\\/produkt\\\/maerchenwolle-pflanzengefaerbt-glueckskaefer\\\/#primaryimage\",\"url\":\"https:\\\/\\\/teiaeducation.ch\\\/wp-content\\\/uploads\\\/2021\\\/06\\\/Plant-dyed-felting-wool-50g-fairytale-mix-Gluckskafer.jpg\",\"contentUrl\":\"https:\\\/\\\/teiaeducation.ch\\\/wp-content\\\/uploads\\\/2021\\\/06\\\/Plant-dyed-felting-wool-50g-fairytale-mix-Gluckskafer.jpg\",\"width\":575,\"height\":575,\"caption\":\"M\u00e4rchenwolle pflanzengef\u00e4rbt, 50g M\u00e4rchenmischung \\\/ Waldorf Naturnadelfilzbedarf - Gl\u00fccksk\u00e4fer\"},{\"@type\":\"BreadcrumbList\",\"@id\":\"https:\\\/\\\/teiaeducation.ch\\\/de\\\/produkt\\\/maerchenwolle-pflanzengefaerbt-glueckskaefer\\\/#breadcrumb\",\"itemListElement\":[{\"@type\":\"ListItem\",\"position\":1,\"name\":\"Home\",\"item\":\"https:\\\/\\\/teiaeducation.ch\\\/de\\\/\"},{\"@type\":\"ListItem\",\"position\":2,\"name\":\"Laden\",\"item\":\"https:\\\/\\\/teiaeducation.ch\\\/de\\\/shop\\\/\"},{\"@type\":\"ListItem\",\"position\":3,\"name\":\"Unsere Marken\",\"item\":\"https:\\\/\\\/teiaeducation.ch\\\/de\\\/produkt-kategorie\\\/unsere-marken\\\/\"},{\"@type\":\"ListItem\",\"position\":4,\"name\":\"Gl\u00fccksk\u00e4fer\",\"item\":\"https:\\\/\\\/teiaeducation.ch\\\/de\\\/produkt-kategorie\\\/unsere-marken\\\/glueckskaefer\\\/\"},{\"@type\":\"ListItem\",\"position\":5,\"name\":\"M\u00e4rchenwolle pflanzengef\u00e4rbt &#8211; Gl\u00fccksk\u00e4fer\"}]},{\"@type\":\"WebSite\",\"@id\":\"https:\\\/\\\/teiaeducation.ch\\\/de\\\/#website\",\"url\":\"https:\\\/\\\/teiaeducation.ch\\\/de\\\/\",\"name\":\"Sustainable Educational Products &amp; Ecological Toys\u00a0\",\"description\":\"Specialised Swiss shop selling sustainable educational toys and games, AMI certified Montessori materials, handmade ecological wooden Waldorf toys and arts &amp; crafts supplies, school supplies, children&#039;s furniture and Montessori reference and parenting books.\",\"publisher\":{\"@id\":\"https:\\\/\\\/teiaeducation.ch\\\/de\\\/#organization\"},\"alternateName\":\"Teia Education & Play\",\"potentialAction\":[{\"@type\":\"SearchAction\",\"target\":{\"@type\":\"EntryPoint\",\"urlTemplate\":\"https:\\\/\\\/teiaeducation.ch\\\/de\\\/?s={search_term_string}\"},\"query-input\":{\"@type\":\"PropertyValueSpecification\",\"valueRequired\":true,\"valueName\":\"search_term_string\"}}],\"inLanguage\":\"de-CH\"},{\"@type\":\"Organization\",\"@id\":\"https:\\\/\\\/teiaeducation.ch\\\/de\\\/#organization\",\"name\":\"Teia Education & Play\",\"url\":\"https:\\\/\\\/teiaeducation.ch\\\/de\\\/\",\"logo\":{\"@type\":\"ImageObject\",\"inLanguage\":\"de-CH\",\"@id\":\"https:\\\/\\\/teiaeducation.ch\\\/de\\\/#\\\/schema\\\/logo\\\/image\\\/\",\"url\":\"https:\\\/\\\/teiaeducation.ch\\\/wp-content\\\/uploads\\\/2020\\\/11\\\/Teia-Education-Switzerland-e1620156442216.jpg\",\"contentUrl\":\"https:\\\/\\\/teiaeducation.ch\\\/wp-content\\\/uploads\\\/2020\\\/11\\\/Teia-Education-Switzerland-e1620156442216.jpg\",\"width\":166,\"height\":145,\"caption\":\"Teia Education & Play\"},\"image\":{\"@id\":\"https:\\\/\\\/teiaeducation.ch\\\/de\\\/#\\\/schema\\\/logo\\\/image\\\/\"},\"sameAs\":[\"https:\\\/\\\/www.facebook.com\\\/teiaeducation\\\/\",\"https:\\\/\\\/x.com\\\/EducationTeia\",\"https:\\\/\\\/www.instagram.com\\\/teia.education\\\/\",\"https:\\\/\\\/www.linkedin.com\\\/company\\\/35501660\",\"https:\\\/\\\/www.pinterest.ch\\\/TeiaEducation\\\/\"]}]}<\/script>\n<meta property=\"product:price:amount\" content=\"13.90\" \/>\n<meta property=\"product:price:currency\" content=\"CHF\" \/>\n<meta property=\"og:availability\" content=\"instock\" \/>\n<meta property=\"product:availability\" content=\"instock\" \/>\n<meta property=\"product:retailer_item_id\" content=\"00000000000000000000000000000000000000000000036950\" \/>\n<meta property=\"product:condition\" content=\"new\" \/>\n<!-- \/ Yoast SEO Premium plugin. -->","yoast_head_json":{"title":"M\u00e4rchenwolle pflanzengef\u00e4rbt - Gl\u00fccksk\u00e4fer","description":"Die m\u00e4rchenhafte Mischung aus naturbelassener, pflanzengef\u00e4rbter Filzwolle von Gl\u00fccksk\u00e4fer eignet sich hervorragend zum Nass- und Trockennadelfilzen in wundersch\u00f6nen Waldorf-Farbt\u00f6nen.","robots":{"index":"index","follow":"follow","max-snippet":"max-snippet:-1","max-image-preview":"max-image-preview:large","max-video-preview":"max-video-preview:-1"},"canonical":"https:\/\/teiaeducation.ch\/de\/produkt\/maerchenwolle-pflanzengefaerbt-glueckskaefer\/","og_locale":"de_DE","og_type":"article","og_title":"M\u00e4rchenwolle pflanzengef\u00e4rbt - Gl\u00fccksk\u00e4fer","og_description":"Die m\u00e4rchenhafte Mischung aus naturbelassener, pflanzengef\u00e4rbter Filzwolle von Gl\u00fccksk\u00e4fer eignet sich hervorragend zum Nass- und Trockennadelfilzen in wundersch\u00f6nen Waldorf-Farbt\u00f6nen.","og_url":"https:\/\/teiaeducation.ch\/de\/produkt\/maerchenwolle-pflanzengefaerbt-glueckskaefer\/","og_site_name":"Sustainable Educational Products &amp; Ecological Toys\u00a0","article_publisher":"https:\/\/www.facebook.com\/teiaeducation\/","article_modified_time":"2026-02-24T08:38:25+00:00","og_image":[{"width":575,"height":575,"url":"https:\/\/teiaeducation.ch\/wp-content\/uploads\/2021\/06\/Plant-dyed-felting-wool-50g-fairytale-mix-Gluckskafer.jpg","type":"image\/jpeg"}],"schema":{"@context":"https:\/\/schema.org","@graph":[{"@type":"WebPage","@id":"https:\/\/teiaeducation.ch\/de\/produkt\/maerchenwolle-pflanzengefaerbt-glueckskaefer\/","url":"https:\/\/teiaeducation.ch\/de\/produkt\/maerchenwolle-pflanzengefaerbt-glueckskaefer\/","name":"M\u00e4rchenwolle pflanzengef\u00e4rbt - Gl\u00fccksk\u00e4fer","isPartOf":{"@id":"https:\/\/teiaeducation.ch\/de\/#website"},"primaryImageOfPage":{"@id":"https:\/\/teiaeducation.ch\/de\/produkt\/maerchenwolle-pflanzengefaerbt-glueckskaefer\/#primaryimage"},"image":{"@id":"https:\/\/teiaeducation.ch\/de\/produkt\/maerchenwolle-pflanzengefaerbt-glueckskaefer\/#primaryimage"},"thumbnailUrl":"https:\/\/teiaeducation.ch\/wp-content\/uploads\/2021\/06\/Plant-dyed-felting-wool-50g-fairytale-mix-Gluckskafer.jpg","datePublished":"2021-06-07T12:18:14+00:00","dateModified":"2026-02-24T08:38:25+00:00","description":"Die m\u00e4rchenhafte Mischung aus naturbelassener, pflanzengef\u00e4rbter Filzwolle von Gl\u00fccksk\u00e4fer eignet sich hervorragend zum Nass- und Trockennadelfilzen in wundersch\u00f6nen Waldorf-Farbt\u00f6nen.","breadcrumb":{"@id":"https:\/\/teiaeducation.ch\/de\/produkt\/maerchenwolle-pflanzengefaerbt-glueckskaefer\/#breadcrumb"},"inLanguage":"de-CH","potentialAction":[{"@type":"ReadAction","target":["https:\/\/teiaeducation.ch\/de\/produkt\/maerchenwolle-pflanzengefaerbt-glueckskaefer\/"]}]},{"@type":"ImageObject","inLanguage":"de-CH","@id":"https:\/\/teiaeducation.ch\/de\/produkt\/maerchenwolle-pflanzengefaerbt-glueckskaefer\/#primaryimage","url":"https:\/\/teiaeducation.ch\/wp-content\/uploads\/2021\/06\/Plant-dyed-felting-wool-50g-fairytale-mix-Gluckskafer.jpg","contentUrl":"https:\/\/teiaeducation.ch\/wp-content\/uploads\/2021\/06\/Plant-dyed-felting-wool-50g-fairytale-mix-Gluckskafer.jpg","width":575,"height":575,"caption":"M\u00e4rchenwolle pflanzengef\u00e4rbt, 50g M\u00e4rchenmischung \/ Waldorf Naturnadelfilzbedarf - Gl\u00fccksk\u00e4fer"},{"@type":"BreadcrumbList","@id":"https:\/\/teiaeducation.ch\/de\/produkt\/maerchenwolle-pflanzengefaerbt-glueckskaefer\/#breadcrumb","itemListElement":[{"@type":"ListItem","position":1,"name":"Home","item":"https:\/\/teiaeducation.ch\/de\/"},{"@type":"ListItem","position":2,"name":"Laden","item":"https:\/\/teiaeducation.ch\/de\/shop\/"},{"@type":"ListItem","position":3,"name":"Unsere Marken","item":"https:\/\/teiaeducation.ch\/de\/produkt-kategorie\/unsere-marken\/"},{"@type":"ListItem","position":4,"name":"Gl\u00fccksk\u00e4fer","item":"https:\/\/teiaeducation.ch\/de\/produkt-kategorie\/unsere-marken\/glueckskaefer\/"},{"@type":"ListItem","position":5,"name":"M\u00e4rchenwolle pflanzengef\u00e4rbt &#8211; Gl\u00fccksk\u00e4fer"}]},{"@type":"WebSite","@id":"https:\/\/teiaeducation.ch\/de\/#website","url":"https:\/\/teiaeducation.ch\/de\/","name":"Sustainable Educational Products &amp; Ecological Toys\u00a0","description":"Specialised Swiss shop selling sustainable educational toys and games, AMI certified Montessori materials, handmade ecological wooden Waldorf toys and arts &amp; crafts supplies, school supplies, children&#039;s furniture and Montessori reference and parenting books.","publisher":{"@id":"https:\/\/teiaeducation.ch\/de\/#organization"},"alternateName":"Teia Education & Play","potentialAction":[{"@type":"SearchAction","target":{"@type":"EntryPoint","urlTemplate":"https:\/\/teiaeducation.ch\/de\/?s={search_term_string}"},"query-input":{"@type":"PropertyValueSpecification","valueRequired":true,"valueName":"search_term_string"}}],"inLanguage":"de-CH"},{"@type":"Organization","@id":"https:\/\/teiaeducation.ch\/de\/#organization","name":"Teia Education & Play","url":"https:\/\/teiaeducation.ch\/de\/","logo":{"@type":"ImageObject","inLanguage":"de-CH","@id":"https:\/\/teiaeducation.ch\/de\/#\/schema\/logo\/image\/","url":"https:\/\/teiaeducation.ch\/wp-content\/uploads\/2020\/11\/Teia-Education-Switzerland-e1620156442216.jpg","contentUrl":"https:\/\/teiaeducation.ch\/wp-content\/uploads\/2020\/11\/Teia-Education-Switzerland-e1620156442216.jpg","width":166,"height":145,"caption":"Teia Education & Play"},"image":{"@id":"https:\/\/teiaeducation.ch\/de\/#\/schema\/logo\/image\/"},"sameAs":["https:\/\/www.facebook.com\/teiaeducation\/","https:\/\/x.com\/EducationTeia","https:\/\/www.instagram.com\/teia.education\/","https:\/\/www.linkedin.com\/company\/35501660","https:\/\/www.pinterest.ch\/TeiaEducation\/"]}]},"product_price_amount":"13.90","product_price_currency":"CHF","og_availability":"instock","product_availability":"instock","product_retailer_item_id":"00000000000000000000000000000000000000000000036950","product_condition":"new"},"_links":{"self":[{"href":"https:\/\/teiaeducation.ch\/de\/wp-json\/wp\/v2\/product\/59032","targetHints":{"allow":["GET"]}}],"collection":[{"href":"https:\/\/teiaeducation.ch\/de\/wp-json\/wp\/v2\/product"}],"about":[{"href":"https:\/\/teiaeducation.ch\/de\/wp-json\/wp\/v2\/types\/product"}],"replies":[{"embeddable":true,"href":"https:\/\/teiaeducation.ch\/de\/wp-json\/wp\/v2\/comments?post=59032"}],"wp:featuredmedia":[{"embeddable":true,"href":"https:\/\/teiaeducation.ch\/de\/wp-json\/wp\/v2\/media\/59033"}],"wp:attachment":[{"href":"https:\/\/teiaeducation.ch\/de\/wp-json\/wp\/v2\/media?parent=59032"}],"wp:term":[{"taxonomy":"product_brand","embeddable":true,"href":"https:\/\/teiaeducation.ch\/de\/wp-json\/wp\/v2\/product_brand?post=59032"},{"taxonomy":"product_cat","embeddable":true,"href":"https:\/\/teiaeducation.ch\/de\/wp-json\/wp\/v2\/product_cat?post=59032"},{"taxonomy":"product_tag","embeddable":true,"href":"https:\/\/teiaeducation.ch\/de\/wp-json\/wp\/v2\/product_tag?post=59032"}],"curies":[{"name":"wp","href":"https:\/\/api.w.org\/{rel}","templated":true}]}}