{"id":59034,"date":"2021-06-07T14:12:04","date_gmt":"2021-06-07T12:12:04","guid":{"rendered":"https:\/\/teiaeducation.ch\/product\/schulwebrahmen-glueckskaefer\/"},"modified":"2025-12-11T18:46:00","modified_gmt":"2025-12-11T17:46:00","slug":"schulwebrahmen-glueckskaefer","status":"publish","type":"product","link":"https:\/\/teiaeducation.ch\/de\/produkt\/schulwebrahmen-glueckskaefer\/","title":{"rendered":"Schulwebrahmen aus Holz &#8211; Gl\u00fccksk\u00e4fer"},"content":{"rendered":"<p>Gro\u00dfer Schulwebrahmen aus Holz (Webstuhl) \/ Waldorf-Bastelwerkzeug &#8211; Gl\u00fccksk\u00e4fer<\/p>\n<p>Der Schulwebrahmen von Gl\u00fccksk\u00e4fer ist ein gro\u00dfer und stabiler Holzwebstuhl, mit dem Kinder spielerisch an das traditionelle Handwerk des <a href=\"https:\/\/teiaeducation.ch\/de\/produkt-kategorie\/malen-basteln\/weben\/\">Webens<\/a> herangef\u00fchrt werden. Es ist ideal f\u00fcr Anf\u00e4nger, die das Weben lernen!<\/p>\n<p>Dieser gro\u00dfe, einfache und robuste Holzwebstuhl f\u00fcr Kinder besteht aus einem Holzrahmen mit Kerben zum Einf\u00e4deln der Wolle f\u00fcr die Kette und einem Holzschiffchen, das die Wolle beim Weben des Schusses h\u00e4lt. Das Set enth\u00e4lt auch einen Anschlagkamm, um das Gewebe auf dem Webstuhl nach unten zu dr\u00fccken.<\/p>\n<p>Das Weben ist eine sehr taktile Erfahrung und eine lustige, kreative Waldorf-Handarbeitst\u00e4tigkeit. Sie wird in Waldorfschulen weltweit ab einem Alter von etwa 6 Jahren gelehrt und die Projekte k\u00f6nnen von Anf\u00e4ngern bis zu Fortgeschrittenen reichen.<\/p>\n<p>Der Gl\u00fccksk\u00e4fer gro\u00dfer Schulwebrahmen aus Holz misst 35 x 27 x 5cm und ist ab 5 Jahren geeignet. Es ist von hoher Qualit\u00e4t und wird nachhaltig in Europa aus Holz mit nat\u00fcrlichem, sicherem und ungiftigem Lack auf Wasserbasis hergestellt. Dieser gro\u00dfe Lehrwebstuhl ist ideal f\u00fcr Bildungseinrichtungen.<\/p>\n<p>Das Weben hat viele Vorteile f\u00fcr Kinder, unter anderem die Entwicklung der Feinmotorik, der Hand-Augen-Koordination und der Konzentration und Geduld, die f\u00fcr die Konzentration auf eine Aufgabe erforderlich sind. Es verbessert die F\u00e4higkeit, Prozesse zu verstehen und zu befolgen, und f\u00f6rdert die Probleml\u00f6sungskompetenz bei der \u00dcberwindung von Fehlern.<\/p>\n<p>Das Weben ist ein beruhigendes und befriedigendes Handwerk, das den Kindern auch ein Gef\u00fchl von Stolz und Erfolg auf ihre Kreationen vermittelt. Die sinnliche Erfahrung, mit Naturfasern zu arbeiten, schafft f\u00fcr beide Kinder eine aktive Verbindung zur nat\u00fcrlichen Welt. Das Weben wird sowohl in der Montessori- als auch in der Waldorfp\u00e4dagogik verwendet und ist eines der Waldorfhandwerke.<\/p>\n<p>Die deutsche Marke Gl\u00fccksk\u00e4fer ist in der Waldorf- und Montessori-P\u00e4dagogik f\u00fcr ihre kindgerechten, echten Werkzeuge bekannt, die speziell entwickelt wurden, um Kinder in ihrer Selbstst\u00e4ndigkeit zu f\u00f6rdern.<\/p>\n<p>Gl\u00fccksk\u00e4fer Waldorf-inspiriertes Spielzeug und Kinderwerkzeug wird in Deutschland entworfen und in Europa hergestellt. Sie geh\u00f6ren zum traditionsreichen deutschen Spielzeughersteller Nic Toys, der f\u00fcr h\u00f6chste Qualit\u00e4tsstandards bei Produkten zur F\u00f6rderung der kindlichen Entwicklung bekannt ist und ethisch und nachhaltig produziert.<\/p>\n<p>Achtung! Nicht geeignet f\u00fcr Kinder unter 36 Monaten wegen der Gefahr von St\u00f6\u00dfen mit scharfen Gegenst\u00e4nden im Halsbereich.<\/p>\n<p>Inhalt:<\/p>\n<p>1 Holzwebrahmen 35 x 27 x 5cm<br \/>\n1 Schiffchen aus Holz<br \/>\n1 Anschlagkamm<br \/>\n(Wolle nicht inbegriffen)<\/p>\n","protected":false},"excerpt":{"rendered":"<p>Artikelnummer: 540012<\/p>\n<p>Der gro\u00dfe Gl\u00fccksk\u00e4fer Schulwebrahmen aus Holz eignet sich hervorragend, um Kindern das Weben beizubringen &#8211; ein beruhigendes und befriedigendes Waldorfhandwerk.<\/p>\n","protected":false},"featured_media":59007,"comment_status":"open","ping_status":"closed","template":"","meta":[],"product_brand":[],"product_cat":[21446,23651,21449,21479,21631,21447,21443,21563,22362,21564,21483,21463],"product_tag":[27852,27851,27853,27856,27861,27857,27860,27858,27859,24791,27854,27855],"class_list":{"0":"post-59034","1":"product","2":"type-product","3":"status-publish","4":"has-post-thumbnail","6":"product_cat-6-12-jahre-grundschule","7":"product_cat-back-to-school-de","8":"product_cat-bastelwerkzeuge-aufbewahrung","9":"product_cat-lernmaterialien-spielzeug-montessori-waldorf-steiner-froebel","10":"product_cat-glueckskaefer","11":"product_cat-malen-basteln","12":"product_cat-nach-alter","13":"product_cat-neuheiten","14":"product_cat-saisonale-kollektionen","15":"product_cat-unsere-marken","16":"product_cat-waldorf-steiner-paedagogik","17":"product_cat-weben","18":"product_tag-gluckskafer-groser-webrahmen-aus-holz","19":"product_tag-gluckskafer-schule-webrahmen","20":"product_tag-gluckskafer-webrahmen","21":"product_tag-holzwebstuhl-fur-kinder","22":"product_tag-lehrwebrahmen","23":"product_tag-lehrwebstuhl","24":"product_tag-lehrwebstuhl-de","25":"product_tag-nachhaltige-webereibedarfsartikel","26":"product_tag-nachhaltiger-holzwebstuhl","27":"product_tag-nachhaltiger-webrahmen","28":"product_tag-schulwebrahmen","29":"product_tag-schulwebstuhl","31":"first","32":"instock","33":"taxable","34":"shipping-taxable","35":"purchasable","36":"product-type-simple"},"yoast_head":"<!-- This site is optimized with the Yoast SEO plugin v27.3 - https:\/\/yoast.com\/product\/yoast-seo-wordpress\/ -->\n<title>Schulwebrahmen \u2013 Gl\u00fccksk\u00e4fer<\/title>\n<meta name=\"description\" content=\"Der Gl\u00fccksk\u00e4fer Schulwebrahmen ist ideal, um Kindern das Weben beizubringen - ein beruhigendes und befriedigendes Waldorfhandwerk.\" \/>\n<meta name=\"robots\" content=\"index, follow, max-snippet:-1, max-image-preview:large, max-video-preview:-1\" \/>\n<link rel=\"canonical\" href=\"https:\/\/teiaeducation.ch\/de\/produkt\/schulwebrahmen-glueckskaefer\/\" \/>\n<meta property=\"og:locale\" content=\"de_DE\" \/>\n<meta property=\"og:type\" content=\"article\" \/>\n<meta property=\"og:title\" content=\"Schulwebrahmen \u2013 Gl\u00fccksk\u00e4fer\" \/>\n<meta property=\"og:description\" content=\"Der Gl\u00fccksk\u00e4fer Schulwebrahmen ist ideal, um Kindern das Weben beizubringen - ein beruhigendes und befriedigendes Waldorfhandwerk.\" \/>\n<meta property=\"og:url\" content=\"https:\/\/teiaeducation.ch\/de\/produkt\/schulwebrahmen-glueckskaefer\/\" \/>\n<meta property=\"og:site_name\" content=\"Sustainable Educational Products &amp; Ecological Toys\u00a0\" \/>\n<meta property=\"article:publisher\" content=\"https:\/\/www.facebook.com\/teiaeducation\/\" \/>\n<meta property=\"article:modified_time\" content=\"2025-12-11T17:46:00+00:00\" \/>\n<meta property=\"og:image\" content=\"https:\/\/teiaeducation.ch\/wp-content\/uploads\/2021\/06\/Wooden-School-weaving-frame-Gluckskafer.jpg\" \/>\n\t<meta property=\"og:image:width\" content=\"800\" \/>\n\t<meta property=\"og:image:height\" content=\"800\" \/>\n\t<meta property=\"og:image:type\" content=\"image\/jpeg\" \/>\n<script type=\"application\/ld+json\" class=\"yoast-schema-graph\">{\"@context\":\"https:\\\/\\\/schema.org\",\"@graph\":[{\"@type\":\"WebPage\",\"@id\":\"https:\\\/\\\/teiaeducation.ch\\\/de\\\/produkt\\\/schulwebrahmen-glueckskaefer\\\/\",\"url\":\"https:\\\/\\\/teiaeducation.ch\\\/de\\\/produkt\\\/schulwebrahmen-glueckskaefer\\\/\",\"name\":\"Schulwebrahmen \u2013 Gl\u00fccksk\u00e4fer\",\"isPartOf\":{\"@id\":\"https:\\\/\\\/teiaeducation.ch\\\/de\\\/#website\"},\"primaryImageOfPage\":{\"@id\":\"https:\\\/\\\/teiaeducation.ch\\\/de\\\/produkt\\\/schulwebrahmen-glueckskaefer\\\/#primaryimage\"},\"image\":{\"@id\":\"https:\\\/\\\/teiaeducation.ch\\\/de\\\/produkt\\\/schulwebrahmen-glueckskaefer\\\/#primaryimage\"},\"thumbnailUrl\":\"https:\\\/\\\/teiaeducation.ch\\\/wp-content\\\/uploads\\\/2021\\\/06\\\/Wooden-School-weaving-frame-Gluckskafer.jpg\",\"datePublished\":\"2021-06-07T12:12:04+00:00\",\"dateModified\":\"2025-12-11T17:46:00+00:00\",\"description\":\"Der Gl\u00fccksk\u00e4fer Schulwebrahmen ist ideal, um Kindern das Weben beizubringen - ein beruhigendes und befriedigendes Waldorfhandwerk.\",\"breadcrumb\":{\"@id\":\"https:\\\/\\\/teiaeducation.ch\\\/de\\\/produkt\\\/schulwebrahmen-glueckskaefer\\\/#breadcrumb\"},\"inLanguage\":\"de-CH\",\"potentialAction\":[{\"@type\":\"ReadAction\",\"target\":[\"https:\\\/\\\/teiaeducation.ch\\\/de\\\/produkt\\\/schulwebrahmen-glueckskaefer\\\/\"]}]},{\"@type\":\"ImageObject\",\"inLanguage\":\"de-CH\",\"@id\":\"https:\\\/\\\/teiaeducation.ch\\\/de\\\/produkt\\\/schulwebrahmen-glueckskaefer\\\/#primaryimage\",\"url\":\"https:\\\/\\\/teiaeducation.ch\\\/wp-content\\\/uploads\\\/2021\\\/06\\\/Wooden-School-weaving-frame-Gluckskafer.jpg\",\"contentUrl\":\"https:\\\/\\\/teiaeducation.ch\\\/wp-content\\\/uploads\\\/2021\\\/06\\\/Wooden-School-weaving-frame-Gluckskafer.jpg\",\"width\":800,\"height\":800,\"caption\":\"Gro\u00dfer Schulwebrahmen aus Holz (Webstuhl) \\\/ Waldorf-Bastelwerkzeug - Gl\u00fccksk\u00e4fer\"},{\"@type\":\"BreadcrumbList\",\"@id\":\"https:\\\/\\\/teiaeducation.ch\\\/de\\\/produkt\\\/schulwebrahmen-glueckskaefer\\\/#breadcrumb\",\"itemListElement\":[{\"@type\":\"ListItem\",\"position\":1,\"name\":\"Home\",\"item\":\"https:\\\/\\\/teiaeducation.ch\\\/de\\\/\"},{\"@type\":\"ListItem\",\"position\":2,\"name\":\"Laden\",\"item\":\"https:\\\/\\\/teiaeducation.ch\\\/de\\\/shop\\\/\"},{\"@type\":\"ListItem\",\"position\":3,\"name\":\"Unsere Marken\",\"item\":\"https:\\\/\\\/teiaeducation.ch\\\/de\\\/produkt-kategorie\\\/unsere-marken\\\/\"},{\"@type\":\"ListItem\",\"position\":4,\"name\":\"Gl\u00fccksk\u00e4fer\",\"item\":\"https:\\\/\\\/teiaeducation.ch\\\/de\\\/produkt-kategorie\\\/unsere-marken\\\/glueckskaefer\\\/\"},{\"@type\":\"ListItem\",\"position\":5,\"name\":\"Schulwebrahmen aus Holz &#8211; Gl\u00fccksk\u00e4fer\"}]},{\"@type\":\"WebSite\",\"@id\":\"https:\\\/\\\/teiaeducation.ch\\\/de\\\/#website\",\"url\":\"https:\\\/\\\/teiaeducation.ch\\\/de\\\/\",\"name\":\"Sustainable Educational Products &amp; Ecological Toys\u00a0\",\"description\":\"Specialised Swiss shop selling sustainable educational toys and games, AMI certified Montessori materials, handmade ecological wooden Waldorf toys and arts &amp; crafts supplies, school supplies, children&#039;s furniture and Montessori reference and parenting books.\",\"publisher\":{\"@id\":\"https:\\\/\\\/teiaeducation.ch\\\/de\\\/#organization\"},\"alternateName\":\"Teia Education & Play\",\"potentialAction\":[{\"@type\":\"SearchAction\",\"target\":{\"@type\":\"EntryPoint\",\"urlTemplate\":\"https:\\\/\\\/teiaeducation.ch\\\/de\\\/?s={search_term_string}\"},\"query-input\":{\"@type\":\"PropertyValueSpecification\",\"valueRequired\":true,\"valueName\":\"search_term_string\"}}],\"inLanguage\":\"de-CH\"},{\"@type\":\"Organization\",\"@id\":\"https:\\\/\\\/teiaeducation.ch\\\/de\\\/#organization\",\"name\":\"Teia Education & Play\",\"url\":\"https:\\\/\\\/teiaeducation.ch\\\/de\\\/\",\"logo\":{\"@type\":\"ImageObject\",\"inLanguage\":\"de-CH\",\"@id\":\"https:\\\/\\\/teiaeducation.ch\\\/de\\\/#\\\/schema\\\/logo\\\/image\\\/\",\"url\":\"https:\\\/\\\/teiaeducation.ch\\\/wp-content\\\/uploads\\\/2020\\\/11\\\/Teia-Education-Switzerland-e1620156442216.jpg\",\"contentUrl\":\"https:\\\/\\\/teiaeducation.ch\\\/wp-content\\\/uploads\\\/2020\\\/11\\\/Teia-Education-Switzerland-e1620156442216.jpg\",\"width\":166,\"height\":145,\"caption\":\"Teia Education & Play\"},\"image\":{\"@id\":\"https:\\\/\\\/teiaeducation.ch\\\/de\\\/#\\\/schema\\\/logo\\\/image\\\/\"},\"sameAs\":[\"https:\\\/\\\/www.facebook.com\\\/teiaeducation\\\/\",\"https:\\\/\\\/x.com\\\/EducationTeia\",\"https:\\\/\\\/www.instagram.com\\\/teia.education\\\/\",\"https:\\\/\\\/www.linkedin.com\\\/company\\\/35501660\",\"https:\\\/\\\/www.pinterest.ch\\\/TeiaEducation\\\/\"]}]}<\/script>\n<!-- \/ Yoast SEO plugin. -->","yoast_head_json":{"title":"Schulwebrahmen \u2013 Gl\u00fccksk\u00e4fer","description":"Der Gl\u00fccksk\u00e4fer Schulwebrahmen ist ideal, um Kindern das Weben beizubringen - ein beruhigendes und befriedigendes Waldorfhandwerk.","robots":{"index":"index","follow":"follow","max-snippet":"max-snippet:-1","max-image-preview":"max-image-preview:large","max-video-preview":"max-video-preview:-1"},"canonical":"https:\/\/teiaeducation.ch\/de\/produkt\/schulwebrahmen-glueckskaefer\/","og_locale":"de_DE","og_type":"article","og_title":"Schulwebrahmen \u2013 Gl\u00fccksk\u00e4fer","og_description":"Der Gl\u00fccksk\u00e4fer Schulwebrahmen ist ideal, um Kindern das Weben beizubringen - ein beruhigendes und befriedigendes Waldorfhandwerk.","og_url":"https:\/\/teiaeducation.ch\/de\/produkt\/schulwebrahmen-glueckskaefer\/","og_site_name":"Sustainable Educational Products &amp; Ecological Toys\u00a0","article_publisher":"https:\/\/www.facebook.com\/teiaeducation\/","article_modified_time":"2025-12-11T17:46:00+00:00","og_image":[{"width":800,"height":800,"url":"https:\/\/teiaeducation.ch\/wp-content\/uploads\/2021\/06\/Wooden-School-weaving-frame-Gluckskafer.jpg","type":"image\/jpeg"}],"schema":{"@context":"https:\/\/schema.org","@graph":[{"@type":"WebPage","@id":"https:\/\/teiaeducation.ch\/de\/produkt\/schulwebrahmen-glueckskaefer\/","url":"https:\/\/teiaeducation.ch\/de\/produkt\/schulwebrahmen-glueckskaefer\/","name":"Schulwebrahmen \u2013 Gl\u00fccksk\u00e4fer","isPartOf":{"@id":"https:\/\/teiaeducation.ch\/de\/#website"},"primaryImageOfPage":{"@id":"https:\/\/teiaeducation.ch\/de\/produkt\/schulwebrahmen-glueckskaefer\/#primaryimage"},"image":{"@id":"https:\/\/teiaeducation.ch\/de\/produkt\/schulwebrahmen-glueckskaefer\/#primaryimage"},"thumbnailUrl":"https:\/\/teiaeducation.ch\/wp-content\/uploads\/2021\/06\/Wooden-School-weaving-frame-Gluckskafer.jpg","datePublished":"2021-06-07T12:12:04+00:00","dateModified":"2025-12-11T17:46:00+00:00","description":"Der Gl\u00fccksk\u00e4fer Schulwebrahmen ist ideal, um Kindern das Weben beizubringen - ein beruhigendes und befriedigendes Waldorfhandwerk.","breadcrumb":{"@id":"https:\/\/teiaeducation.ch\/de\/produkt\/schulwebrahmen-glueckskaefer\/#breadcrumb"},"inLanguage":"de-CH","potentialAction":[{"@type":"ReadAction","target":["https:\/\/teiaeducation.ch\/de\/produkt\/schulwebrahmen-glueckskaefer\/"]}]},{"@type":"ImageObject","inLanguage":"de-CH","@id":"https:\/\/teiaeducation.ch\/de\/produkt\/schulwebrahmen-glueckskaefer\/#primaryimage","url":"https:\/\/teiaeducation.ch\/wp-content\/uploads\/2021\/06\/Wooden-School-weaving-frame-Gluckskafer.jpg","contentUrl":"https:\/\/teiaeducation.ch\/wp-content\/uploads\/2021\/06\/Wooden-School-weaving-frame-Gluckskafer.jpg","width":800,"height":800,"caption":"Gro\u00dfer Schulwebrahmen aus Holz (Webstuhl) \/ Waldorf-Bastelwerkzeug - Gl\u00fccksk\u00e4fer"},{"@type":"BreadcrumbList","@id":"https:\/\/teiaeducation.ch\/de\/produkt\/schulwebrahmen-glueckskaefer\/#breadcrumb","itemListElement":[{"@type":"ListItem","position":1,"name":"Home","item":"https:\/\/teiaeducation.ch\/de\/"},{"@type":"ListItem","position":2,"name":"Laden","item":"https:\/\/teiaeducation.ch\/de\/shop\/"},{"@type":"ListItem","position":3,"name":"Unsere Marken","item":"https:\/\/teiaeducation.ch\/de\/produkt-kategorie\/unsere-marken\/"},{"@type":"ListItem","position":4,"name":"Gl\u00fccksk\u00e4fer","item":"https:\/\/teiaeducation.ch\/de\/produkt-kategorie\/unsere-marken\/glueckskaefer\/"},{"@type":"ListItem","position":5,"name":"Schulwebrahmen aus Holz &#8211; Gl\u00fccksk\u00e4fer"}]},{"@type":"WebSite","@id":"https:\/\/teiaeducation.ch\/de\/#website","url":"https:\/\/teiaeducation.ch\/de\/","name":"Sustainable Educational Products &amp; Ecological Toys\u00a0","description":"Specialised Swiss shop selling sustainable educational toys and games, AMI certified Montessori materials, handmade ecological wooden Waldorf toys and arts &amp; crafts supplies, school supplies, children&#039;s furniture and Montessori reference and parenting books.","publisher":{"@id":"https:\/\/teiaeducation.ch\/de\/#organization"},"alternateName":"Teia Education & Play","potentialAction":[{"@type":"SearchAction","target":{"@type":"EntryPoint","urlTemplate":"https:\/\/teiaeducation.ch\/de\/?s={search_term_string}"},"query-input":{"@type":"PropertyValueSpecification","valueRequired":true,"valueName":"search_term_string"}}],"inLanguage":"de-CH"},{"@type":"Organization","@id":"https:\/\/teiaeducation.ch\/de\/#organization","name":"Teia Education & Play","url":"https:\/\/teiaeducation.ch\/de\/","logo":{"@type":"ImageObject","inLanguage":"de-CH","@id":"https:\/\/teiaeducation.ch\/de\/#\/schema\/logo\/image\/","url":"https:\/\/teiaeducation.ch\/wp-content\/uploads\/2020\/11\/Teia-Education-Switzerland-e1620156442216.jpg","contentUrl":"https:\/\/teiaeducation.ch\/wp-content\/uploads\/2020\/11\/Teia-Education-Switzerland-e1620156442216.jpg","width":166,"height":145,"caption":"Teia Education & Play"},"image":{"@id":"https:\/\/teiaeducation.ch\/de\/#\/schema\/logo\/image\/"},"sameAs":["https:\/\/www.facebook.com\/teiaeducation\/","https:\/\/x.com\/EducationTeia","https:\/\/www.instagram.com\/teia.education\/","https:\/\/www.linkedin.com\/company\/35501660","https:\/\/www.pinterest.ch\/TeiaEducation\/"]}]}},"_links":{"self":[{"href":"https:\/\/teiaeducation.ch\/de\/wp-json\/wp\/v2\/product\/59034","targetHints":{"allow":["GET"]}}],"collection":[{"href":"https:\/\/teiaeducation.ch\/de\/wp-json\/wp\/v2\/product"}],"about":[{"href":"https:\/\/teiaeducation.ch\/de\/wp-json\/wp\/v2\/types\/product"}],"replies":[{"embeddable":true,"href":"https:\/\/teiaeducation.ch\/de\/wp-json\/wp\/v2\/comments?post=59034"}],"wp:featuredmedia":[{"embeddable":true,"href":"https:\/\/teiaeducation.ch\/de\/wp-json\/wp\/v2\/media\/59007"}],"wp:attachment":[{"href":"https:\/\/teiaeducation.ch\/de\/wp-json\/wp\/v2\/media?parent=59034"}],"wp:term":[{"taxonomy":"product_brand","embeddable":true,"href":"https:\/\/teiaeducation.ch\/de\/wp-json\/wp\/v2\/product_brand?post=59034"},{"taxonomy":"product_cat","embeddable":true,"href":"https:\/\/teiaeducation.ch\/de\/wp-json\/wp\/v2\/product_cat?post=59034"},{"taxonomy":"product_tag","embeddable":true,"href":"https:\/\/teiaeducation.ch\/de\/wp-json\/wp\/v2\/product_tag?post=59034"}],"curies":[{"name":"wp","href":"https:\/\/api.w.org\/{rel}","templated":true}]}}