{"id":59045,"date":"2021-06-07T11:12:01","date_gmt":"2021-06-07T09:12:01","guid":{"rendered":"https:\/\/teiaeducation.ch\/product\/vogelbaum-holzpuzzle-glueckskaefer\/"},"modified":"2025-06-17T17:18:44","modified_gmt":"2025-06-17T15:18:44","slug":"vogelbaum-holzpuzzle-glueckskaefer","status":"publish","type":"product","link":"https:\/\/teiaeducation.ch\/de\/produkt\/vogelbaum-holzpuzzle-glueckskaefer\/","title":{"rendered":"Vogelbaum Puzzle aus Holz \u2013 Gl\u00fccksk\u00e4fer"},"content":{"rendered":"<p>Vogelbaum Holzpuzzle \/ Handgefertigtes Holzpuzzle und Stapelspielzeug &#8211; Gl\u00fccksk\u00e4fer<\/p>\n<p>Der Gl\u00fccksk\u00e4fer Holzvogelbaum ist ein wundersch\u00f6nes, handgefertigtes und vielseitiges, von der <a href=\"https:\/\/teiaeducation.ch\/product-category\/education-method\/montessori\/\">Waldorf<\/a>p\u00e4dagogik inspiriertes 9-teiliges Puzzle- und <a href=\"https:\/\/teiaeducation.ch\/product-category\/play\/stacking-toys\/\">Stapelspielzeug<\/a> aus der erstaunlichen Kollektion &#8220;Bunte Welt der Formen&#8221;.<\/p>\n<p>Das h\u00f6lzerne Vogelbaum-Puzzle ist 23 x 19 x 11 cm gro\u00df und enth\u00e4lt 1 braunen Baumsockel, 1 gr\u00fcne Baumform und 7 h\u00fcbsch geschnitzte V\u00f6gel in frischen Rot-, Gelb-, Rosa-, Blau-, Wei\u00df- und Oranget\u00f6nen in verschiedenen Gr\u00f6\u00dfen.<\/p>\n<p>Der farbenfrohe Holzvogelbaum ist aus hochwertigem FSC-zertifiziertem europ\u00e4ischem Lindenholz handgefertigt. Es wird von Hand mit ungiftigen Farben auf Wasserbasis gef\u00e4rbt und nicht lackiert, damit die urspr\u00fcnglichen Eigenschaften des Holzes und die Maserung erhalten bleiben. Die Oberfl\u00e4che der Holzteile ist leicht rau, so dass sie vollst\u00e4ndig stapelbar und weniger rutschig sind. Es f\u00fchlt sich wunderbar in den H\u00e4nden an!<\/p>\n<p>Der Gl\u00fccksk\u00e4fer-Vogelbaum aus Holz bietet eine unendliche Vielfalt an offenen Spielm\u00f6glichkeiten und eine reiche Sinneserfahrung f\u00fcr das Kind. Die Teile k\u00f6nnen auf dem Baumsockel angebracht werden, um das urspr\u00fcngliche Design als lustiges und befriedigendes Puzzle wieder und wieder zu vervollst\u00e4ndigen. Die organischen Holzformen machen dieses Puzzle zu etwas ganz Besonderem, das Kinder lieben werden.<\/p>\n<p>Alternativ k\u00f6nnen einzigartige Skulpturen durch Stapeln oder Hinzuf\u00fcgen von Baukl\u00f6tzen erstellt werden. Der Vogelbaum eignet sich auch hervorragend f\u00fcr einen Waldorf-Natur- oder Jahreszeitentisch.<\/p>\n<p>Die bunten Gl\u00fccksk\u00e4fer-Formen sind ideal f\u00fcr das Spielen zu Hause, im Kindergarten, in der Waldorfschule oder in der Steiner-Schule. Sie sind nach der Waldorf-Philosophie hergestellt, die daf\u00fcr bekannt ist, dass sie Kinder ermutigt, das kreative Spiel unabh\u00e4ngig und ohne Einschr\u00e4nkungen zu entdecken.<\/p>\n<p>Der Gl\u00fccksk\u00e4fer Holzvogelbaum ist f\u00fcr Kinder ab 2 Jahren geeignet.<\/p>\n<p>Achtung! Nicht geeignet f\u00fcr Kinder unter 10 Monaten. Verletzungsgefahr im Rachenraum.<\/p>\n<p>Inhalt:<\/p>\n<p>1 brauner Holzsockel<br \/>\n1 gr\u00fcne Holzbaumform<br \/>\n7 V\u00f6gel aus Holz<\/p>\n","protected":false},"excerpt":{"rendered":"<p>Artikelnummer: 523097<\/p>\n<p>Das von der Waldorfp\u00e4dagogik inspirierte, handgefertigte Vogelbaum Holzpuzzle von Gl\u00fccksk\u00e4fer ist ein ganz besonderes, organisch geformtes Spielzeug zum Puzzeln und Spielen mit offenem Ausgang.<\/p>\n","protected":false},"featured_media":59046,"comment_status":"open","ping_status":"closed","template":"","meta":[],"product_brand":[],"product_cat":[21444,21445,21704,21479,21465,21670,21486,21484,22422,21631,23075,21707,21443,22349,22362,23636,21678,21699,21564,24314,21483,22919],"product_tag":[27821,27819,23459,27772,23464,27815,27817,27816,25729,27818,27825,27823,27820,27822,27824,27826,23460],"class_list":{"0":"post-59045","1":"product","2":"type-product","3":"status-publish","4":"has-post-thumbnail","6":"product_cat-1-3-jahre-kleinkind","7":"product_cat-3-6-jahre-vorschule","8":"product_cat-baukloetze-aus-holz","9":"product_cat-lernmaterialien-spielzeug-montessori-waldorf-steiner-froebel","10":"product_cat-feier-festlichkeiten","11":"product_cat-fruehjahrskollektion","12":"product_cat-geschenk-guide-1-3-jahre-kleinkind","13":"product_cat-geschenk-guides","14":"product_cat-geschenke-fuer-das-osterkoerbchen","15":"product_cat-glueckskaefer","16":"product_cat-handgefertigtes-holzspielzeug","17":"product_cat-holzpuzzles","18":"product_cat-nach-alter","19":"product_cat-natur-saisonale-tische-de","20":"product_cat-saisonale-kollektionen","21":"product_cat-sommer-kollektion","22":"product_cat-kinder-spielzeug","23":"product_cat-stapelspielzeug","24":"product_cat-unsere-marken","25":"product_cat-valentinstag","26":"product_cat-waldorf-steiner-paedagogik","27":"product_cat-waldorfspielzeug","28":"product_tag-baum-puzzle","29":"product_tag-baumpuzzle-aus-holz","30":"product_tag-gluckskafer-de","31":"product_tag-gluckskafer-schweiz-de-2","32":"product_tag-gluckskafer-schweiz-de","33":"product_tag-gluckskafer-vogelbaum","34":"product_tag-gluckskafer-vogelbaum-puzzle","35":"product_tag-handgefertigtes-holzpuzzle","36":"product_tag-holzpuzzle","37":"product_tag-holzpuzzle-fur-zweijahrige-kinder","38":"product_tag-puzzle-im-waldorfstil","39":"product_tag-puzzle-mit-organischen-formen","40":"product_tag-vogel-puzzle","41":"product_tag-vogelbaum-puzzle","42":"product_tag-waldorf-puzzle-de","43":"product_tag-waldorf-spielzeug-switzerland","44":"product_tag-waldorfspielzeug-aus-holz-de","46":"first","47":"outofstock","48":"taxable","49":"shipping-taxable","50":"purchasable","51":"product-type-simple"},"yoast_head":"<!-- This site is optimized with the Yoast SEO plugin v27.1.1 - https:\/\/yoast.com\/product\/yoast-seo-wordpress\/ -->\n<title>Vogelbaum Holzpuzzle \u2013 Gl\u00fccksk\u00e4fer<\/title>\n<meta name=\"description\" content=\"Das von der Waldorfp\u00e4dagogik inspirierte, handgefertigte Vogelbaum Holzpuzzle von Gl\u00fccksk\u00e4fer ist ein ganz besonderes, organisch geformtes Spielzeug zum Puzzeln und Spielen mit offenem Ausgang.\" \/>\n<meta name=\"robots\" content=\"index, follow, max-snippet:-1, max-image-preview:large, max-video-preview:-1\" \/>\n<link rel=\"canonical\" href=\"https:\/\/teiaeducation.ch\/de\/produkt\/vogelbaum-holzpuzzle-glueckskaefer\/\" \/>\n<meta property=\"og:locale\" content=\"de_DE\" \/>\n<meta property=\"og:type\" content=\"article\" \/>\n<meta property=\"og:title\" content=\"Vogelbaum Holzpuzzle \u2013 Gl\u00fccksk\u00e4fer\" \/>\n<meta property=\"og:description\" content=\"Das von der Waldorfp\u00e4dagogik inspirierte, handgefertigte Vogelbaum Holzpuzzle von Gl\u00fccksk\u00e4fer ist ein ganz besonderes, organisch geformtes Spielzeug zum Puzzeln und Spielen mit offenem Ausgang.\" \/>\n<meta property=\"og:url\" content=\"https:\/\/teiaeducation.ch\/de\/produkt\/vogelbaum-holzpuzzle-glueckskaefer\/\" \/>\n<meta property=\"og:site_name\" content=\"Sustainable Educational Products &amp; Ecological Toys\u00a0\" \/>\n<meta property=\"article:publisher\" content=\"https:\/\/www.facebook.com\/teiaeducation\/\" \/>\n<meta property=\"article:modified_time\" content=\"2025-06-17T15:18:44+00:00\" \/>\n<meta property=\"og:image\" content=\"https:\/\/teiaeducation.ch\/wp-content\/uploads\/2021\/06\/Wooden-bird-tree-puzzle-\u2013-Gluckskafer.jpg\" \/>\n\t<meta property=\"og:image:width\" content=\"800\" \/>\n\t<meta property=\"og:image:height\" content=\"800\" \/>\n\t<meta property=\"og:image:type\" content=\"image\/jpeg\" \/>\n<script type=\"application\/ld+json\" class=\"yoast-schema-graph\">{\"@context\":\"https:\/\/schema.org\",\"@graph\":[{\"@type\":\"WebPage\",\"@id\":\"https:\/\/teiaeducation.ch\/de\/produkt\/vogelbaum-holzpuzzle-glueckskaefer\/\",\"url\":\"https:\/\/teiaeducation.ch\/de\/produkt\/vogelbaum-holzpuzzle-glueckskaefer\/\",\"name\":\"Vogelbaum Holzpuzzle \u2013 Gl\u00fccksk\u00e4fer\",\"isPartOf\":{\"@id\":\"https:\/\/teiaeducation.ch\/de\/#website\"},\"primaryImageOfPage\":{\"@id\":\"https:\/\/teiaeducation.ch\/de\/produkt\/vogelbaum-holzpuzzle-glueckskaefer\/#primaryimage\"},\"image\":{\"@id\":\"https:\/\/teiaeducation.ch\/de\/produkt\/vogelbaum-holzpuzzle-glueckskaefer\/#primaryimage\"},\"thumbnailUrl\":\"https:\/\/teiaeducation.ch\/wp-content\/uploads\/2021\/06\/Wooden-bird-tree-puzzle-\u2013-Gluckskafer.jpg\",\"datePublished\":\"2021-06-07T09:12:01+00:00\",\"dateModified\":\"2025-06-17T15:18:44+00:00\",\"description\":\"Das von der Waldorfp\u00e4dagogik inspirierte, handgefertigte Vogelbaum Holzpuzzle von Gl\u00fccksk\u00e4fer ist ein ganz besonderes, organisch geformtes Spielzeug zum Puzzeln und Spielen mit offenem Ausgang.\",\"breadcrumb\":{\"@id\":\"https:\/\/teiaeducation.ch\/de\/produkt\/vogelbaum-holzpuzzle-glueckskaefer\/#breadcrumb\"},\"inLanguage\":\"de-CH\",\"potentialAction\":[{\"@type\":\"ReadAction\",\"target\":[\"https:\/\/teiaeducation.ch\/de\/produkt\/vogelbaum-holzpuzzle-glueckskaefer\/\"]}]},{\"@type\":\"ImageObject\",\"inLanguage\":\"de-CH\",\"@id\":\"https:\/\/teiaeducation.ch\/de\/produkt\/vogelbaum-holzpuzzle-glueckskaefer\/#primaryimage\",\"url\":\"https:\/\/teiaeducation.ch\/wp-content\/uploads\/2021\/06\/Wooden-bird-tree-puzzle-\u2013-Gluckskafer.jpg\",\"contentUrl\":\"https:\/\/teiaeducation.ch\/wp-content\/uploads\/2021\/06\/Wooden-bird-tree-puzzle-\u2013-Gluckskafer.jpg\",\"width\":800,\"height\":800,\"caption\":\"Vogelbaum Holzpuzzle \/ Handgefertigtes Holzpuzzle und Stapelspielzeug - Gl\u00fccksk\u00e4fer\"},{\"@type\":\"BreadcrumbList\",\"@id\":\"https:\/\/teiaeducation.ch\/de\/produkt\/vogelbaum-holzpuzzle-glueckskaefer\/#breadcrumb\",\"itemListElement\":[{\"@type\":\"ListItem\",\"position\":1,\"name\":\"Home\",\"item\":\"https:\/\/teiaeducation.ch\/de\/\"},{\"@type\":\"ListItem\",\"position\":2,\"name\":\"Laden\",\"item\":\"https:\/\/teiaeducation.ch\/de\/shop\/\"},{\"@type\":\"ListItem\",\"position\":3,\"name\":\"Unsere Marken\",\"item\":\"https:\/\/teiaeducation.ch\/de\/produkt-kategorie\/unsere-marken\/\"},{\"@type\":\"ListItem\",\"position\":4,\"name\":\"Gl\u00fccksk\u00e4fer\",\"item\":\"https:\/\/teiaeducation.ch\/de\/produkt-kategorie\/unsere-marken\/glueckskaefer\/\"},{\"@type\":\"ListItem\",\"position\":5,\"name\":\"Vogelbaum Puzzle aus Holz \u2013 Gl\u00fccksk\u00e4fer\"}]},{\"@type\":\"WebSite\",\"@id\":\"https:\/\/teiaeducation.ch\/de\/#website\",\"url\":\"https:\/\/teiaeducation.ch\/de\/\",\"name\":\"Sustainable Educational Products &amp; Ecological Toys\u00a0\",\"description\":\"Specialised Swiss shop selling sustainable educational toys and games, AMI certified Montessori materials, handmade ecological wooden Waldorf toys and arts &amp; crafts supplies, school supplies, children&#039;s furniture and Montessori reference and parenting books.\",\"publisher\":{\"@id\":\"https:\/\/teiaeducation.ch\/de\/#organization\"},\"alternateName\":\"Teia Education & Play\",\"potentialAction\":[{\"@type\":\"SearchAction\",\"target\":{\"@type\":\"EntryPoint\",\"urlTemplate\":\"https:\/\/teiaeducation.ch\/de\/?s={search_term_string}\"},\"query-input\":{\"@type\":\"PropertyValueSpecification\",\"valueRequired\":true,\"valueName\":\"search_term_string\"}}],\"inLanguage\":\"de-CH\"},{\"@type\":\"Organization\",\"@id\":\"https:\/\/teiaeducation.ch\/de\/#organization\",\"name\":\"Teia Education & Play\",\"url\":\"https:\/\/teiaeducation.ch\/de\/\",\"logo\":{\"@type\":\"ImageObject\",\"inLanguage\":\"de-CH\",\"@id\":\"https:\/\/teiaeducation.ch\/de\/#\/schema\/logo\/image\/\",\"url\":\"https:\/\/teiaeducation.ch\/wp-content\/uploads\/2020\/11\/Teia-Education-Switzerland-e1620156442216.jpg\",\"contentUrl\":\"https:\/\/teiaeducation.ch\/wp-content\/uploads\/2020\/11\/Teia-Education-Switzerland-e1620156442216.jpg\",\"width\":166,\"height\":145,\"caption\":\"Teia Education & Play\"},\"image\":{\"@id\":\"https:\/\/teiaeducation.ch\/de\/#\/schema\/logo\/image\/\"},\"sameAs\":[\"https:\/\/www.facebook.com\/teiaeducation\/\",\"https:\/\/x.com\/EducationTeia\",\"https:\/\/www.instagram.com\/teia.education\/\",\"https:\/\/www.linkedin.com\/company\/35501660\",\"https:\/\/www.pinterest.ch\/TeiaEducation\/\"]}]}<\/script>\n<!-- \/ Yoast SEO plugin. -->","yoast_head_json":{"title":"Vogelbaum Holzpuzzle \u2013 Gl\u00fccksk\u00e4fer","description":"Das von der Waldorfp\u00e4dagogik inspirierte, handgefertigte Vogelbaum Holzpuzzle von Gl\u00fccksk\u00e4fer ist ein ganz besonderes, organisch geformtes Spielzeug zum Puzzeln und Spielen mit offenem Ausgang.","robots":{"index":"index","follow":"follow","max-snippet":"max-snippet:-1","max-image-preview":"max-image-preview:large","max-video-preview":"max-video-preview:-1"},"canonical":"https:\/\/teiaeducation.ch\/de\/produkt\/vogelbaum-holzpuzzle-glueckskaefer\/","og_locale":"de_DE","og_type":"article","og_title":"Vogelbaum Holzpuzzle \u2013 Gl\u00fccksk\u00e4fer","og_description":"Das von der Waldorfp\u00e4dagogik inspirierte, handgefertigte Vogelbaum Holzpuzzle von Gl\u00fccksk\u00e4fer ist ein ganz besonderes, organisch geformtes Spielzeug zum Puzzeln und Spielen mit offenem Ausgang.","og_url":"https:\/\/teiaeducation.ch\/de\/produkt\/vogelbaum-holzpuzzle-glueckskaefer\/","og_site_name":"Sustainable Educational Products &amp; Ecological Toys\u00a0","article_publisher":"https:\/\/www.facebook.com\/teiaeducation\/","article_modified_time":"2025-06-17T15:18:44+00:00","og_image":[{"width":800,"height":800,"url":"https:\/\/teiaeducation.ch\/wp-content\/uploads\/2021\/06\/Wooden-bird-tree-puzzle-\u2013-Gluckskafer.jpg","type":"image\/jpeg"}],"schema":{"@context":"https:\/\/schema.org","@graph":[{"@type":"WebPage","@id":"https:\/\/teiaeducation.ch\/de\/produkt\/vogelbaum-holzpuzzle-glueckskaefer\/","url":"https:\/\/teiaeducation.ch\/de\/produkt\/vogelbaum-holzpuzzle-glueckskaefer\/","name":"Vogelbaum Holzpuzzle \u2013 Gl\u00fccksk\u00e4fer","isPartOf":{"@id":"https:\/\/teiaeducation.ch\/de\/#website"},"primaryImageOfPage":{"@id":"https:\/\/teiaeducation.ch\/de\/produkt\/vogelbaum-holzpuzzle-glueckskaefer\/#primaryimage"},"image":{"@id":"https:\/\/teiaeducation.ch\/de\/produkt\/vogelbaum-holzpuzzle-glueckskaefer\/#primaryimage"},"thumbnailUrl":"https:\/\/teiaeducation.ch\/wp-content\/uploads\/2021\/06\/Wooden-bird-tree-puzzle-\u2013-Gluckskafer.jpg","datePublished":"2021-06-07T09:12:01+00:00","dateModified":"2025-06-17T15:18:44+00:00","description":"Das von der Waldorfp\u00e4dagogik inspirierte, handgefertigte Vogelbaum Holzpuzzle von Gl\u00fccksk\u00e4fer ist ein ganz besonderes, organisch geformtes Spielzeug zum Puzzeln und Spielen mit offenem Ausgang.","breadcrumb":{"@id":"https:\/\/teiaeducation.ch\/de\/produkt\/vogelbaum-holzpuzzle-glueckskaefer\/#breadcrumb"},"inLanguage":"de-CH","potentialAction":[{"@type":"ReadAction","target":["https:\/\/teiaeducation.ch\/de\/produkt\/vogelbaum-holzpuzzle-glueckskaefer\/"]}]},{"@type":"ImageObject","inLanguage":"de-CH","@id":"https:\/\/teiaeducation.ch\/de\/produkt\/vogelbaum-holzpuzzle-glueckskaefer\/#primaryimage","url":"https:\/\/teiaeducation.ch\/wp-content\/uploads\/2021\/06\/Wooden-bird-tree-puzzle-\u2013-Gluckskafer.jpg","contentUrl":"https:\/\/teiaeducation.ch\/wp-content\/uploads\/2021\/06\/Wooden-bird-tree-puzzle-\u2013-Gluckskafer.jpg","width":800,"height":800,"caption":"Vogelbaum Holzpuzzle \/ Handgefertigtes Holzpuzzle und Stapelspielzeug - Gl\u00fccksk\u00e4fer"},{"@type":"BreadcrumbList","@id":"https:\/\/teiaeducation.ch\/de\/produkt\/vogelbaum-holzpuzzle-glueckskaefer\/#breadcrumb","itemListElement":[{"@type":"ListItem","position":1,"name":"Home","item":"https:\/\/teiaeducation.ch\/de\/"},{"@type":"ListItem","position":2,"name":"Laden","item":"https:\/\/teiaeducation.ch\/de\/shop\/"},{"@type":"ListItem","position":3,"name":"Unsere Marken","item":"https:\/\/teiaeducation.ch\/de\/produkt-kategorie\/unsere-marken\/"},{"@type":"ListItem","position":4,"name":"Gl\u00fccksk\u00e4fer","item":"https:\/\/teiaeducation.ch\/de\/produkt-kategorie\/unsere-marken\/glueckskaefer\/"},{"@type":"ListItem","position":5,"name":"Vogelbaum Puzzle aus Holz \u2013 Gl\u00fccksk\u00e4fer"}]},{"@type":"WebSite","@id":"https:\/\/teiaeducation.ch\/de\/#website","url":"https:\/\/teiaeducation.ch\/de\/","name":"Sustainable Educational Products &amp; Ecological Toys\u00a0","description":"Specialised Swiss shop selling sustainable educational toys and games, AMI certified Montessori materials, handmade ecological wooden Waldorf toys and arts &amp; crafts supplies, school supplies, children&#039;s furniture and Montessori reference and parenting books.","publisher":{"@id":"https:\/\/teiaeducation.ch\/de\/#organization"},"alternateName":"Teia Education & Play","potentialAction":[{"@type":"SearchAction","target":{"@type":"EntryPoint","urlTemplate":"https:\/\/teiaeducation.ch\/de\/?s={search_term_string}"},"query-input":{"@type":"PropertyValueSpecification","valueRequired":true,"valueName":"search_term_string"}}],"inLanguage":"de-CH"},{"@type":"Organization","@id":"https:\/\/teiaeducation.ch\/de\/#organization","name":"Teia Education & Play","url":"https:\/\/teiaeducation.ch\/de\/","logo":{"@type":"ImageObject","inLanguage":"de-CH","@id":"https:\/\/teiaeducation.ch\/de\/#\/schema\/logo\/image\/","url":"https:\/\/teiaeducation.ch\/wp-content\/uploads\/2020\/11\/Teia-Education-Switzerland-e1620156442216.jpg","contentUrl":"https:\/\/teiaeducation.ch\/wp-content\/uploads\/2020\/11\/Teia-Education-Switzerland-e1620156442216.jpg","width":166,"height":145,"caption":"Teia Education & Play"},"image":{"@id":"https:\/\/teiaeducation.ch\/de\/#\/schema\/logo\/image\/"},"sameAs":["https:\/\/www.facebook.com\/teiaeducation\/","https:\/\/x.com\/EducationTeia","https:\/\/www.instagram.com\/teia.education\/","https:\/\/www.linkedin.com\/company\/35501660","https:\/\/www.pinterest.ch\/TeiaEducation\/"]}]}},"_links":{"self":[{"href":"https:\/\/teiaeducation.ch\/de\/wp-json\/wp\/v2\/product\/59045","targetHints":{"allow":["GET"]}}],"collection":[{"href":"https:\/\/teiaeducation.ch\/de\/wp-json\/wp\/v2\/product"}],"about":[{"href":"https:\/\/teiaeducation.ch\/de\/wp-json\/wp\/v2\/types\/product"}],"replies":[{"embeddable":true,"href":"https:\/\/teiaeducation.ch\/de\/wp-json\/wp\/v2\/comments?post=59045"}],"wp:featuredmedia":[{"embeddable":true,"href":"https:\/\/teiaeducation.ch\/de\/wp-json\/wp\/v2\/media\/59046"}],"wp:attachment":[{"href":"https:\/\/teiaeducation.ch\/de\/wp-json\/wp\/v2\/media?parent=59045"}],"wp:term":[{"taxonomy":"product_brand","embeddable":true,"href":"https:\/\/teiaeducation.ch\/de\/wp-json\/wp\/v2\/product_brand?post=59045"},{"taxonomy":"product_cat","embeddable":true,"href":"https:\/\/teiaeducation.ch\/de\/wp-json\/wp\/v2\/product_cat?post=59045"},{"taxonomy":"product_tag","embeddable":true,"href":"https:\/\/teiaeducation.ch\/de\/wp-json\/wp\/v2\/product_tag?post=59045"}],"curies":[{"name":"wp","href":"https:\/\/api.w.org\/{rel}","templated":true}]}}