{"id":59047,"date":"2021-06-07T10:29:01","date_gmt":"2021-06-07T08:29:01","guid":{"rendered":"https:\/\/teiaeducation.ch\/product\/filznadelhalter-glueckskaefer\/"},"modified":"2025-12-11T18:27:02","modified_gmt":"2025-12-11T17:27:02","slug":"filznadelhalter-glueckskaefer","status":"publish","type":"product","link":"https:\/\/teiaeducation.ch\/de\/produkt\/filznadelhalter-glueckskaefer\/","title":{"rendered":"Filznadelhalter aus Holz &#8211; Gl\u00fccksk\u00e4fer"},"content":{"rendered":"<p>Filznadelhalter aus Holz \/ Waldorf Handarbeitsger\u00e4te &#8211; Gl\u00fccksk\u00e4fer<\/p>\n<p>Der h\u00f6lzerne Filznadelhalter von Gl\u00fccksk\u00e4fer ist sowohl beim Nass- als auch beim Trockenfilzen ein n\u00fctzliches Werkzeug. Sie kann bis zu 4 <a href=\"https:\/\/teiaeducation.ch\/de\/produkt\/filznadeln-glueckskaefer\/\">Filznadeln<\/a> aufnehmen (nicht enthalten, separat erh\u00e4ltlich).<\/p>\n<p>Der sch\u00f6ne, glatte Holzgriff liegt gut in der Hand und erm\u00f6glicht es Ihnen, bis zu 4 Filznadeln gleichzeitig zu verwenden. Es kann auch zur Aufbewahrung der Filznadeln verwendet werden.<\/p>\n<p>Nass- und Trockenfilzen sowie die Arbeit mit natur- und pflanzengef\u00e4rbter <a href=\"https:\/\/teiaeducation.ch\/de\/produkt\/maerchenwolle-pflanzengefaerbt-glueckskaefer\/\">Wolle<\/a> und Fasern sind wichtige Bestandteile der <a href=\"\/?product_cat=waldorf\">Waldorf<\/a>p\u00e4dagogik. Nadelfilzen ist eine sehr taktile Erfahrung und eine lustige, kreative Waldorf-Handarbeit. Sie wird in Waldorfschulen auf der ganzen Welt unterrichtet, und die Projekte k\u00f6nnen von Anf\u00e4ngern bis zu Fortgeschrittenen reichen.<\/p>\n<p>Der Gl\u00fccksk\u00e4fer Filznadelhalter wird in Europa nachhaltig aus Holz hergestellt.<\/p>\n<p>Die deutsche Marke Gl\u00fccksk\u00e4fer ist in der Waldorf- und Montessori-P\u00e4dagogik f\u00fcr ihre kindgerechten, echten Werkzeuge bekannt, die speziell entwickelt wurden, um Kinder in ihrer Selbstst\u00e4ndigkeit zu f\u00f6rdern.<\/p>\n<p>Gl\u00fccksk\u00e4fer Waldorf-inspiriertes Spielzeug und Kinderwerkzeug wird in Deutschland entworfen und in Europa hergestellt. Sie geh\u00f6ren zum traditionsreichen deutschen Spielzeughersteller Nic Toys, der f\u00fcr h\u00f6chste Qualit\u00e4tsstandards bei Produkten bekannt ist, die die Entwicklung von Kindern f\u00f6rdern und ethisch und nachhaltig hergestellt werden.<\/p>\n<p>Bitte beachten Sie, dass Kinder von einem Erwachsenen beaufsichtigt werden m\u00fcssen, bis sie die Filztechniken und den sicheren Umgang mit den Filzwerkzeugen beherrschen. Vom Hersteller empfohlenes Alter: 14+.<\/p>\n<p>Nadeln nicht enthalten (separat erh\u00e4ltlich)<\/p>\n<p>Inhalt:<\/p>\n<p>1 Halter f\u00fcr Filznadeln<\/p>\n","protected":false},"excerpt":{"rendered":"<p>Artikelnummer: 540040<\/p>\n<p>Der h\u00f6lzerne Filznadelhalter von Gl\u00fccksk\u00e4fer ist ein n\u00fctzliches Hilfsmittel beim Nass- und Trockenfilzen f\u00fcr Bastelarbeiten und Waldorfhandwerk und kann 4 Filznadeln aufnehmen.<\/p>\n","protected":false},"featured_media":59048,"comment_status":"open","ping_status":"closed","template":"","meta":[],"product_brand":[],"product_cat":[21446,21479,21452,21631,21464,21447,21443,21563,21564,21483,22363],"product_tag":[27873,27872,27874,27862,27868,27864,23459,26362,27867,27871,27869,27870,27863,27865,27866],"class_list":{"0":"post-59047","1":"product","2":"type-product","3":"status-publish","4":"has-post-thumbnail","6":"product_cat-6-12-jahre-grundschule","7":"product_cat-lernmaterialien-spielzeug-montessori-waldorf-steiner-froebel","8":"product_cat-filzen","9":"product_cat-glueckskaefer","10":"product_cat-herbstkollektion","11":"product_cat-malen-basteln","12":"product_cat-nach-alter","13":"product_cat-neuheiten","14":"product_cat-unsere-marken","15":"product_cat-waldorf-steiner-paedagogik","16":"product_cat-winter-kollektion","17":"product_tag-filzbedarf","18":"product_tag-filzbedarf-schweiz","19":"product_tag-filznadeln-halterung-gluckskafer","20":"product_tag-filznadeln-schweiz","21":"product_tag-filznadeln-hergestellt-in-europa","22":"product_tag-filzwerkzeuge","23":"product_tag-gluckskafer-de","24":"product_tag-hergestellt-in-europa","25":"product_tag-nachhaltiges-handwerk","26":"product_tag-waldorf-bedarf","27":"product_tag-waldorf-filz","28":"product_tag-waldorf-handwerk","29":"product_tag-waldorf-handwerkszeug","30":"product_tag-werkzeuge-zum-nassfilzen","31":"product_tag-werkzeuge-zum-trockenfilzen","33":"first","34":"instock","35":"sale","36":"taxable","37":"shipping-taxable","38":"purchasable","39":"product-type-simple"},"yoast_head":"<!-- This site is optimized with the Yoast SEO plugin v27.1.1 - https:\/\/yoast.com\/product\/yoast-seo-wordpress\/ -->\n<title>Filznadelhalter \u2013 Gl\u00fccksk\u00e4fer<\/title>\n<meta name=\"description\" content=\"Der h\u00f6lzerne Filznadelhalter von Gl\u00fccksk\u00e4fer fasst 4 Filznadeln, ein n\u00fctzliches Werkzeug beim Nass- und Trockenfilzen f\u00fcr Bastelarbeiten und Waldorfhandwerk.\" \/>\n<meta name=\"robots\" content=\"index, follow, max-snippet:-1, max-image-preview:large, max-video-preview:-1\" \/>\n<link rel=\"canonical\" href=\"https:\/\/teiaeducation.ch\/de\/produkt\/filznadelhalter-glueckskaefer\/\" \/>\n<meta property=\"og:locale\" content=\"de_DE\" \/>\n<meta property=\"og:type\" content=\"article\" \/>\n<meta property=\"og:title\" content=\"Filznadelhalter \u2013 Gl\u00fccksk\u00e4fer\" \/>\n<meta property=\"og:description\" content=\"Der h\u00f6lzerne Filznadelhalter von Gl\u00fccksk\u00e4fer fasst 4 Filznadeln, ein n\u00fctzliches Werkzeug beim Nass- und Trockenfilzen f\u00fcr Bastelarbeiten und Waldorfhandwerk.\" \/>\n<meta property=\"og:url\" content=\"https:\/\/teiaeducation.ch\/de\/produkt\/filznadelhalter-glueckskaefer\/\" \/>\n<meta property=\"og:site_name\" content=\"Sustainable Educational Products &amp; Ecological Toys\u00a0\" \/>\n<meta property=\"article:publisher\" content=\"https:\/\/www.facebook.com\/teiaeducation\/\" \/>\n<meta property=\"article:modified_time\" content=\"2025-12-11T17:27:02+00:00\" \/>\n<meta property=\"og:image\" content=\"https:\/\/teiaeducation.ch\/wp-content\/uploads\/2021\/06\/Felting-needle-holder-Waldorf-handwork-tools-Gluckskafer.jpg\" \/>\n\t<meta property=\"og:image:width\" content=\"800\" \/>\n\t<meta property=\"og:image:height\" content=\"800\" \/>\n\t<meta property=\"og:image:type\" content=\"image\/jpeg\" \/>\n<script type=\"application\/ld+json\" class=\"yoast-schema-graph\">{\"@context\":\"https:\/\/schema.org\",\"@graph\":[{\"@type\":\"WebPage\",\"@id\":\"https:\/\/teiaeducation.ch\/de\/produkt\/filznadelhalter-glueckskaefer\/\",\"url\":\"https:\/\/teiaeducation.ch\/de\/produkt\/filznadelhalter-glueckskaefer\/\",\"name\":\"Filznadelhalter \u2013 Gl\u00fccksk\u00e4fer\",\"isPartOf\":{\"@id\":\"https:\/\/teiaeducation.ch\/de\/#website\"},\"primaryImageOfPage\":{\"@id\":\"https:\/\/teiaeducation.ch\/de\/produkt\/filznadelhalter-glueckskaefer\/#primaryimage\"},\"image\":{\"@id\":\"https:\/\/teiaeducation.ch\/de\/produkt\/filznadelhalter-glueckskaefer\/#primaryimage\"},\"thumbnailUrl\":\"https:\/\/teiaeducation.ch\/wp-content\/uploads\/2021\/06\/Felting-needle-holder-Waldorf-handwork-tools-Gluckskafer.jpg\",\"datePublished\":\"2021-06-07T08:29:01+00:00\",\"dateModified\":\"2025-12-11T17:27:02+00:00\",\"description\":\"Der h\u00f6lzerne Filznadelhalter von Gl\u00fccksk\u00e4fer fasst 4 Filznadeln, ein n\u00fctzliches Werkzeug beim Nass- und Trockenfilzen f\u00fcr Bastelarbeiten und Waldorfhandwerk.\",\"breadcrumb\":{\"@id\":\"https:\/\/teiaeducation.ch\/de\/produkt\/filznadelhalter-glueckskaefer\/#breadcrumb\"},\"inLanguage\":\"de-CH\",\"potentialAction\":[{\"@type\":\"ReadAction\",\"target\":[\"https:\/\/teiaeducation.ch\/de\/produkt\/filznadelhalter-glueckskaefer\/\"]}]},{\"@type\":\"ImageObject\",\"inLanguage\":\"de-CH\",\"@id\":\"https:\/\/teiaeducation.ch\/de\/produkt\/filznadelhalter-glueckskaefer\/#primaryimage\",\"url\":\"https:\/\/teiaeducation.ch\/wp-content\/uploads\/2021\/06\/Felting-needle-holder-Waldorf-handwork-tools-Gluckskafer.jpg\",\"contentUrl\":\"https:\/\/teiaeducation.ch\/wp-content\/uploads\/2021\/06\/Felting-needle-holder-Waldorf-handwork-tools-Gluckskafer.jpg\",\"width\":800,\"height\":800,\"caption\":\"Filznadelhalter Waldorf handwerkliche Werkzeuge Gl\u00fccksk\u00e4fer\"},{\"@type\":\"BreadcrumbList\",\"@id\":\"https:\/\/teiaeducation.ch\/de\/produkt\/filznadelhalter-glueckskaefer\/#breadcrumb\",\"itemListElement\":[{\"@type\":\"ListItem\",\"position\":1,\"name\":\"Home\",\"item\":\"https:\/\/teiaeducation.ch\/de\/\"},{\"@type\":\"ListItem\",\"position\":2,\"name\":\"Laden\",\"item\":\"https:\/\/teiaeducation.ch\/de\/shop\/\"},{\"@type\":\"ListItem\",\"position\":3,\"name\":\"Nach Alter\",\"item\":\"https:\/\/teiaeducation.ch\/de\/produkt-kategorie\/nach-alter\/\"},{\"@type\":\"ListItem\",\"position\":4,\"name\":\"6-12 Jahre Grundschule\",\"item\":\"https:\/\/teiaeducation.ch\/de\/produkt-kategorie\/nach-alter\/6-12-jahre-grundschule\/\"},{\"@type\":\"ListItem\",\"position\":5,\"name\":\"Filznadelhalter aus Holz &#8211; Gl\u00fccksk\u00e4fer\"}]},{\"@type\":\"WebSite\",\"@id\":\"https:\/\/teiaeducation.ch\/de\/#website\",\"url\":\"https:\/\/teiaeducation.ch\/de\/\",\"name\":\"Sustainable Educational Products &amp; Ecological Toys\u00a0\",\"description\":\"Specialised Swiss shop selling sustainable educational toys and games, AMI certified Montessori materials, handmade ecological wooden Waldorf toys and arts &amp; crafts supplies, school supplies, children&#039;s furniture and Montessori reference and parenting books.\",\"publisher\":{\"@id\":\"https:\/\/teiaeducation.ch\/de\/#organization\"},\"alternateName\":\"Teia Education & Play\",\"potentialAction\":[{\"@type\":\"SearchAction\",\"target\":{\"@type\":\"EntryPoint\",\"urlTemplate\":\"https:\/\/teiaeducation.ch\/de\/?s={search_term_string}\"},\"query-input\":{\"@type\":\"PropertyValueSpecification\",\"valueRequired\":true,\"valueName\":\"search_term_string\"}}],\"inLanguage\":\"de-CH\"},{\"@type\":\"Organization\",\"@id\":\"https:\/\/teiaeducation.ch\/de\/#organization\",\"name\":\"Teia Education & Play\",\"url\":\"https:\/\/teiaeducation.ch\/de\/\",\"logo\":{\"@type\":\"ImageObject\",\"inLanguage\":\"de-CH\",\"@id\":\"https:\/\/teiaeducation.ch\/de\/#\/schema\/logo\/image\/\",\"url\":\"https:\/\/teiaeducation.ch\/wp-content\/uploads\/2020\/11\/Teia-Education-Switzerland-e1620156442216.jpg\",\"contentUrl\":\"https:\/\/teiaeducation.ch\/wp-content\/uploads\/2020\/11\/Teia-Education-Switzerland-e1620156442216.jpg\",\"width\":166,\"height\":145,\"caption\":\"Teia Education & Play\"},\"image\":{\"@id\":\"https:\/\/teiaeducation.ch\/de\/#\/schema\/logo\/image\/\"},\"sameAs\":[\"https:\/\/www.facebook.com\/teiaeducation\/\",\"https:\/\/x.com\/EducationTeia\",\"https:\/\/www.instagram.com\/teia.education\/\",\"https:\/\/www.linkedin.com\/company\/35501660\",\"https:\/\/www.pinterest.ch\/TeiaEducation\/\"]}]}<\/script>\n<!-- \/ Yoast SEO plugin. -->","yoast_head_json":{"title":"Filznadelhalter \u2013 Gl\u00fccksk\u00e4fer","description":"Der h\u00f6lzerne Filznadelhalter von Gl\u00fccksk\u00e4fer fasst 4 Filznadeln, ein n\u00fctzliches Werkzeug beim Nass- und Trockenfilzen f\u00fcr Bastelarbeiten und Waldorfhandwerk.","robots":{"index":"index","follow":"follow","max-snippet":"max-snippet:-1","max-image-preview":"max-image-preview:large","max-video-preview":"max-video-preview:-1"},"canonical":"https:\/\/teiaeducation.ch\/de\/produkt\/filznadelhalter-glueckskaefer\/","og_locale":"de_DE","og_type":"article","og_title":"Filznadelhalter \u2013 Gl\u00fccksk\u00e4fer","og_description":"Der h\u00f6lzerne Filznadelhalter von Gl\u00fccksk\u00e4fer fasst 4 Filznadeln, ein n\u00fctzliches Werkzeug beim Nass- und Trockenfilzen f\u00fcr Bastelarbeiten und Waldorfhandwerk.","og_url":"https:\/\/teiaeducation.ch\/de\/produkt\/filznadelhalter-glueckskaefer\/","og_site_name":"Sustainable Educational Products &amp; Ecological Toys\u00a0","article_publisher":"https:\/\/www.facebook.com\/teiaeducation\/","article_modified_time":"2025-12-11T17:27:02+00:00","og_image":[{"width":800,"height":800,"url":"https:\/\/teiaeducation.ch\/wp-content\/uploads\/2021\/06\/Felting-needle-holder-Waldorf-handwork-tools-Gluckskafer.jpg","type":"image\/jpeg"}],"schema":{"@context":"https:\/\/schema.org","@graph":[{"@type":"WebPage","@id":"https:\/\/teiaeducation.ch\/de\/produkt\/filznadelhalter-glueckskaefer\/","url":"https:\/\/teiaeducation.ch\/de\/produkt\/filznadelhalter-glueckskaefer\/","name":"Filznadelhalter \u2013 Gl\u00fccksk\u00e4fer","isPartOf":{"@id":"https:\/\/teiaeducation.ch\/de\/#website"},"primaryImageOfPage":{"@id":"https:\/\/teiaeducation.ch\/de\/produkt\/filznadelhalter-glueckskaefer\/#primaryimage"},"image":{"@id":"https:\/\/teiaeducation.ch\/de\/produkt\/filznadelhalter-glueckskaefer\/#primaryimage"},"thumbnailUrl":"https:\/\/teiaeducation.ch\/wp-content\/uploads\/2021\/06\/Felting-needle-holder-Waldorf-handwork-tools-Gluckskafer.jpg","datePublished":"2021-06-07T08:29:01+00:00","dateModified":"2025-12-11T17:27:02+00:00","description":"Der h\u00f6lzerne Filznadelhalter von Gl\u00fccksk\u00e4fer fasst 4 Filznadeln, ein n\u00fctzliches Werkzeug beim Nass- und Trockenfilzen f\u00fcr Bastelarbeiten und Waldorfhandwerk.","breadcrumb":{"@id":"https:\/\/teiaeducation.ch\/de\/produkt\/filznadelhalter-glueckskaefer\/#breadcrumb"},"inLanguage":"de-CH","potentialAction":[{"@type":"ReadAction","target":["https:\/\/teiaeducation.ch\/de\/produkt\/filznadelhalter-glueckskaefer\/"]}]},{"@type":"ImageObject","inLanguage":"de-CH","@id":"https:\/\/teiaeducation.ch\/de\/produkt\/filznadelhalter-glueckskaefer\/#primaryimage","url":"https:\/\/teiaeducation.ch\/wp-content\/uploads\/2021\/06\/Felting-needle-holder-Waldorf-handwork-tools-Gluckskafer.jpg","contentUrl":"https:\/\/teiaeducation.ch\/wp-content\/uploads\/2021\/06\/Felting-needle-holder-Waldorf-handwork-tools-Gluckskafer.jpg","width":800,"height":800,"caption":"Filznadelhalter Waldorf handwerkliche Werkzeuge Gl\u00fccksk\u00e4fer"},{"@type":"BreadcrumbList","@id":"https:\/\/teiaeducation.ch\/de\/produkt\/filznadelhalter-glueckskaefer\/#breadcrumb","itemListElement":[{"@type":"ListItem","position":1,"name":"Home","item":"https:\/\/teiaeducation.ch\/de\/"},{"@type":"ListItem","position":2,"name":"Laden","item":"https:\/\/teiaeducation.ch\/de\/shop\/"},{"@type":"ListItem","position":3,"name":"Nach Alter","item":"https:\/\/teiaeducation.ch\/de\/produkt-kategorie\/nach-alter\/"},{"@type":"ListItem","position":4,"name":"6-12 Jahre Grundschule","item":"https:\/\/teiaeducation.ch\/de\/produkt-kategorie\/nach-alter\/6-12-jahre-grundschule\/"},{"@type":"ListItem","position":5,"name":"Filznadelhalter aus Holz &#8211; Gl\u00fccksk\u00e4fer"}]},{"@type":"WebSite","@id":"https:\/\/teiaeducation.ch\/de\/#website","url":"https:\/\/teiaeducation.ch\/de\/","name":"Sustainable Educational Products &amp; Ecological Toys\u00a0","description":"Specialised Swiss shop selling sustainable educational toys and games, AMI certified Montessori materials, handmade ecological wooden Waldorf toys and arts &amp; crafts supplies, school supplies, children&#039;s furniture and Montessori reference and parenting books.","publisher":{"@id":"https:\/\/teiaeducation.ch\/de\/#organization"},"alternateName":"Teia Education & Play","potentialAction":[{"@type":"SearchAction","target":{"@type":"EntryPoint","urlTemplate":"https:\/\/teiaeducation.ch\/de\/?s={search_term_string}"},"query-input":{"@type":"PropertyValueSpecification","valueRequired":true,"valueName":"search_term_string"}}],"inLanguage":"de-CH"},{"@type":"Organization","@id":"https:\/\/teiaeducation.ch\/de\/#organization","name":"Teia Education & Play","url":"https:\/\/teiaeducation.ch\/de\/","logo":{"@type":"ImageObject","inLanguage":"de-CH","@id":"https:\/\/teiaeducation.ch\/de\/#\/schema\/logo\/image\/","url":"https:\/\/teiaeducation.ch\/wp-content\/uploads\/2020\/11\/Teia-Education-Switzerland-e1620156442216.jpg","contentUrl":"https:\/\/teiaeducation.ch\/wp-content\/uploads\/2020\/11\/Teia-Education-Switzerland-e1620156442216.jpg","width":166,"height":145,"caption":"Teia Education & Play"},"image":{"@id":"https:\/\/teiaeducation.ch\/de\/#\/schema\/logo\/image\/"},"sameAs":["https:\/\/www.facebook.com\/teiaeducation\/","https:\/\/x.com\/EducationTeia","https:\/\/www.instagram.com\/teia.education\/","https:\/\/www.linkedin.com\/company\/35501660","https:\/\/www.pinterest.ch\/TeiaEducation\/"]}]}},"_links":{"self":[{"href":"https:\/\/teiaeducation.ch\/de\/wp-json\/wp\/v2\/product\/59047","targetHints":{"allow":["GET"]}}],"collection":[{"href":"https:\/\/teiaeducation.ch\/de\/wp-json\/wp\/v2\/product"}],"about":[{"href":"https:\/\/teiaeducation.ch\/de\/wp-json\/wp\/v2\/types\/product"}],"replies":[{"embeddable":true,"href":"https:\/\/teiaeducation.ch\/de\/wp-json\/wp\/v2\/comments?post=59047"}],"wp:featuredmedia":[{"embeddable":true,"href":"https:\/\/teiaeducation.ch\/de\/wp-json\/wp\/v2\/media\/59048"}],"wp:attachment":[{"href":"https:\/\/teiaeducation.ch\/de\/wp-json\/wp\/v2\/media?parent=59047"}],"wp:term":[{"taxonomy":"product_brand","embeddable":true,"href":"https:\/\/teiaeducation.ch\/de\/wp-json\/wp\/v2\/product_brand?post=59047"},{"taxonomy":"product_cat","embeddable":true,"href":"https:\/\/teiaeducation.ch\/de\/wp-json\/wp\/v2\/product_cat?post=59047"},{"taxonomy":"product_tag","embeddable":true,"href":"https:\/\/teiaeducation.ch\/de\/wp-json\/wp\/v2\/product_tag?post=59047"}],"curies":[{"name":"wp","href":"https:\/\/api.w.org\/{rel}","templated":true}]}}