{"id":59049,"date":"2021-06-05T11:05:17","date_gmt":"2021-06-05T09:05:17","guid":{"rendered":"https:\/\/teiaeducation.ch\/product\/filznadeln-glueckskaefer\/"},"modified":"2026-01-14T22:22:31","modified_gmt":"2026-01-14T21:22:31","slug":"filznadeln-glueckskaefer","status":"publish","type":"product","link":"https:\/\/teiaeducation.ch\/de\/produkt\/filznadeln-glueckskaefer\/","title":{"rendered":"Filznadeln 6er Set &#8211; Gl\u00fccksk\u00e4fer"},"content":{"rendered":"<p>Filznadeln \/ Waldorf handwerkliche Werkzeuge &#8211; Gl\u00fccksk\u00e4fer<\/p>\n<p>Das 6er-Set Metall-Filznadeln von Gl\u00fccksk\u00e4fer ist ein spezielles Handwerkszeug f\u00fcr verschiedene Nass- und Trockenfilz-Bastelprojekte. Filzen ist eine wunderbare M\u00f6glichkeit, sch\u00f6ne Spielzeuge und Dekorationen selbst herzustellen und mit \u00e4lteren Kindern Spa\u00df am Basteln zu haben! Das Set enth\u00e4lt drei verschiedene Nadelst\u00e4rken: 2 grobe, 2 mittlere und 2 feine Nadeln. Ein Filznadel<a href=\"https:\/\/teiaeducation.ch\/de\/produkt\/filznadelhalter-glueckskaefer\/\">halter<\/a> aus Holz ist auch separat in unserem Shop erh\u00e4ltlich.<\/p>\n<p>Nass- und Trockenfilzen sowie die Arbeit mit Natur<a href=\"https:\/\/teiaeducation.ch\/de\/produkt\/maerchenwolle-pflanzengefaerbt-glueckskaefer\/\">wolle<\/a> und pflanzengef\u00e4rbten Fasern sind ein wichtiger Bestandteil der <a href=\"\/?product_cat=waldorf\">Waldorf<\/a>p\u00e4dagogik. Nadelfilzen ist eine sehr taktile Erfahrung und eine lustige, kreative Waldorf-Handarbeit. Sie wird in Waldorfschulen weltweit ab einem Alter von 7 oder 10 Jahren unterrichtet, und die Projekte k\u00f6nnen von Anf\u00e4ngern bis zu Fortgeschrittenen reichen.<\/p>\n<p>Diese speziellen Filznadeln sind so konzipiert, dass sie die Fasern mattieren und miteinander verbinden. Sie sind l\u00e4nger als N\u00e4hnadeln, haben ein gebogenes Ende anstelle eines \u00d6hrs und winzige Kerben oder Widerhaken entlang des Schafts, um die Fasern zu fangen und zu ziehen.<\/p>\n<p>Die deutsche Marke Gl\u00fccksk\u00e4fer ist in der Waldorf- und Montessori-P\u00e4dagogik f\u00fcr ihre kindgerechten, echten Werkzeuge bekannt, die speziell entwickelt wurden, um Kinder in ihrer Selbstst\u00e4ndigkeit zu f\u00f6rdern.<\/p>\n<p>Die von der Waldorfp\u00e4dagogik inspirierten Spielzeuge, Bastelarbeiten und Kinderwerkzeuge von Gl\u00fccksk\u00e4fer werden in Deutschland entworfen und in Europa hergestellt. Sie geh\u00f6ren zum traditionsreichen deutschen Spielzeughersteller Nic Toys, der f\u00fcr h\u00f6chste Qualit\u00e4tsstandards bei Produkten bekannt ist, die die kindliche Entwicklung f\u00f6rdern und ethisch und nachhaltig hergestellt werden.<\/p>\n<p>Bitte beachten Sie, dass Kinder von einem Erwachsenen beaufsichtigt werden m\u00fcssen, bis sie die Filztechniken und den sicheren Umgang mit den Filzwerkzeugen beherrschen. Vom Hersteller empfohlenes Alter: 14+.<\/p>\n<p>Achtung! Nicht geeignet f\u00fcr Kinder unter 36 Monaten wegen der Gefahr von St\u00f6\u00dfen mit scharfen Gegenst\u00e4nden im Halsbereich.<\/p>\n<p>Inhalt:<\/p>\n<p>6 Filznadeln (2 grobe, 2 mittlere, 2 feine)<\/p>\n","protected":false},"excerpt":{"rendered":"<p>Artikelnummer: 540030<\/p>\n<p>Die Filznadeln von Gl\u00fccksk\u00e4fer sind Handwerkszeug f\u00fcr das Nass- und Trockenfilzen in der Waldorfhandarbeit. Sie werden nachhaltig in Europa hergestellt.<\/p>\n","protected":false},"featured_media":59050,"comment_status":"open","ping_status":"closed","template":"","meta":[],"product_brand":[],"product_cat":[21446,21449,21479,21452,21631,21447,21443,21563,21556,21564,21483,22363],"product_tag":[27873,27872,27875,27862,27868,27864,23459,26362,27867,27871,27869,27870,27863,27865,27866],"class_list":{"0":"post-59049","1":"product","2":"type-product","3":"status-publish","4":"has-post-thumbnail","6":"product_cat-6-12-jahre-grundschule","7":"product_cat-bastelwerkzeuge-aufbewahrung","8":"product_cat-lernmaterialien-spielzeug-montessori-waldorf-steiner-froebel","9":"product_cat-filzen","10":"product_cat-glueckskaefer","11":"product_cat-malen-basteln","12":"product_cat-nach-alter","13":"product_cat-neuheiten","14":"product_cat-uebungen-des-praktischen-lebens","15":"product_cat-unsere-marken","16":"product_cat-waldorf-steiner-paedagogik","17":"product_cat-winter-kollektion","18":"product_tag-filzbedarf","19":"product_tag-filzbedarf-schweiz","20":"product_tag-filznadeln","21":"product_tag-filznadeln-schweiz","22":"product_tag-filznadeln-hergestellt-in-europa","23":"product_tag-filzwerkzeuge","24":"product_tag-gluckskafer-de","25":"product_tag-hergestellt-in-europa","26":"product_tag-nachhaltiges-handwerk","27":"product_tag-waldorf-bedarf","28":"product_tag-waldorf-filz","29":"product_tag-waldorf-handwerk","30":"product_tag-waldorf-handwerkszeug","31":"product_tag-werkzeuge-zum-nassfilzen","32":"product_tag-werkzeuge-zum-trockenfilzen","34":"first","35":"outofstock","36":"taxable","37":"shipping-taxable","38":"purchasable","39":"product-type-simple"},"yoast_head":"<!-- This site is optimized with the Yoast SEO plugin v27.1.1 - https:\/\/yoast.com\/product\/yoast-seo-wordpress\/ -->\n<title>Filznadeln \u2013 Gl\u00fccksk\u00e4fer<\/title>\n<meta name=\"description\" content=\"Die Filznadeln von Gl\u00fccksk\u00e4fer sind Handwerkszeug f\u00fcr das Nass- und Trockenfilzen in der Waldorfhandarbeit. Sie werden nachhaltig in Europa hergestellt.\" \/>\n<meta name=\"robots\" content=\"index, follow, max-snippet:-1, max-image-preview:large, max-video-preview:-1\" \/>\n<link rel=\"canonical\" href=\"https:\/\/teiaeducation.ch\/de\/produkt\/filznadeln-glueckskaefer\/\" \/>\n<meta property=\"og:locale\" content=\"de_DE\" \/>\n<meta property=\"og:type\" content=\"article\" \/>\n<meta property=\"og:title\" content=\"Filznadeln \u2013 Gl\u00fccksk\u00e4fer\" \/>\n<meta property=\"og:description\" content=\"Die Filznadeln von Gl\u00fccksk\u00e4fer sind Handwerkszeug f\u00fcr das Nass- und Trockenfilzen in der Waldorfhandarbeit. Sie werden nachhaltig in Europa hergestellt.\" \/>\n<meta property=\"og:url\" content=\"https:\/\/teiaeducation.ch\/de\/produkt\/filznadeln-glueckskaefer\/\" \/>\n<meta property=\"og:site_name\" content=\"Sustainable Educational Products &amp; Ecological Toys\u00a0\" \/>\n<meta property=\"article:publisher\" content=\"https:\/\/www.facebook.com\/teiaeducation\/\" \/>\n<meta property=\"article:modified_time\" content=\"2026-01-14T21:22:31+00:00\" \/>\n<meta property=\"og:image\" content=\"https:\/\/teiaeducation.ch\/wp-content\/uploads\/2021\/06\/Felting-needles-Gluckskafer.jpg\" \/>\n\t<meta property=\"og:image:width\" content=\"575\" \/>\n\t<meta property=\"og:image:height\" content=\"575\" \/>\n\t<meta property=\"og:image:type\" content=\"image\/jpeg\" \/>\n<script type=\"application\/ld+json\" class=\"yoast-schema-graph\">{\"@context\":\"https:\/\/schema.org\",\"@graph\":[{\"@type\":\"WebPage\",\"@id\":\"https:\/\/teiaeducation.ch\/de\/produkt\/filznadeln-glueckskaefer\/\",\"url\":\"https:\/\/teiaeducation.ch\/de\/produkt\/filznadeln-glueckskaefer\/\",\"name\":\"Filznadeln \u2013 Gl\u00fccksk\u00e4fer\",\"isPartOf\":{\"@id\":\"https:\/\/teiaeducation.ch\/de\/#website\"},\"primaryImageOfPage\":{\"@id\":\"https:\/\/teiaeducation.ch\/de\/produkt\/filznadeln-glueckskaefer\/#primaryimage\"},\"image\":{\"@id\":\"https:\/\/teiaeducation.ch\/de\/produkt\/filznadeln-glueckskaefer\/#primaryimage\"},\"thumbnailUrl\":\"https:\/\/teiaeducation.ch\/wp-content\/uploads\/2021\/06\/Felting-needles-Gluckskafer.jpg\",\"datePublished\":\"2021-06-05T09:05:17+00:00\",\"dateModified\":\"2026-01-14T21:22:31+00:00\",\"description\":\"Die Filznadeln von Gl\u00fccksk\u00e4fer sind Handwerkszeug f\u00fcr das Nass- und Trockenfilzen in der Waldorfhandarbeit. Sie werden nachhaltig in Europa hergestellt.\",\"breadcrumb\":{\"@id\":\"https:\/\/teiaeducation.ch\/de\/produkt\/filznadeln-glueckskaefer\/#breadcrumb\"},\"inLanguage\":\"de-CH\",\"potentialAction\":[{\"@type\":\"ReadAction\",\"target\":[\"https:\/\/teiaeducation.ch\/de\/produkt\/filznadeln-glueckskaefer\/\"]}]},{\"@type\":\"ImageObject\",\"inLanguage\":\"de-CH\",\"@id\":\"https:\/\/teiaeducation.ch\/de\/produkt\/filznadeln-glueckskaefer\/#primaryimage\",\"url\":\"https:\/\/teiaeducation.ch\/wp-content\/uploads\/2021\/06\/Felting-needles-Gluckskafer.jpg\",\"contentUrl\":\"https:\/\/teiaeducation.ch\/wp-content\/uploads\/2021\/06\/Felting-needles-Gluckskafer.jpg\",\"width\":575,\"height\":575,\"caption\":\"Filznadeln \/ Waldorf handwerkliche Werkzeuge - Gl\u00fccksk\u00e4fer\"},{\"@type\":\"BreadcrumbList\",\"@id\":\"https:\/\/teiaeducation.ch\/de\/produkt\/filznadeln-glueckskaefer\/#breadcrumb\",\"itemListElement\":[{\"@type\":\"ListItem\",\"position\":1,\"name\":\"Home\",\"item\":\"https:\/\/teiaeducation.ch\/de\/\"},{\"@type\":\"ListItem\",\"position\":2,\"name\":\"Laden\",\"item\":\"https:\/\/teiaeducation.ch\/de\/shop\/\"},{\"@type\":\"ListItem\",\"position\":3,\"name\":\"Nach Alter\",\"item\":\"https:\/\/teiaeducation.ch\/de\/produkt-kategorie\/nach-alter\/\"},{\"@type\":\"ListItem\",\"position\":4,\"name\":\"6-12 Jahre Grundschule\",\"item\":\"https:\/\/teiaeducation.ch\/de\/produkt-kategorie\/nach-alter\/6-12-jahre-grundschule\/\"},{\"@type\":\"ListItem\",\"position\":5,\"name\":\"Filznadeln 6er Set &#8211; Gl\u00fccksk\u00e4fer\"}]},{\"@type\":\"WebSite\",\"@id\":\"https:\/\/teiaeducation.ch\/de\/#website\",\"url\":\"https:\/\/teiaeducation.ch\/de\/\",\"name\":\"Sustainable Educational Products &amp; Ecological Toys\u00a0\",\"description\":\"Specialised Swiss shop selling sustainable educational toys and games, AMI certified Montessori materials, handmade ecological wooden Waldorf toys and arts &amp; crafts supplies, school supplies, children&#039;s furniture and Montessori reference and parenting books.\",\"publisher\":{\"@id\":\"https:\/\/teiaeducation.ch\/de\/#organization\"},\"alternateName\":\"Teia Education & Play\",\"potentialAction\":[{\"@type\":\"SearchAction\",\"target\":{\"@type\":\"EntryPoint\",\"urlTemplate\":\"https:\/\/teiaeducation.ch\/de\/?s={search_term_string}\"},\"query-input\":{\"@type\":\"PropertyValueSpecification\",\"valueRequired\":true,\"valueName\":\"search_term_string\"}}],\"inLanguage\":\"de-CH\"},{\"@type\":\"Organization\",\"@id\":\"https:\/\/teiaeducation.ch\/de\/#organization\",\"name\":\"Teia Education & Play\",\"url\":\"https:\/\/teiaeducation.ch\/de\/\",\"logo\":{\"@type\":\"ImageObject\",\"inLanguage\":\"de-CH\",\"@id\":\"https:\/\/teiaeducation.ch\/de\/#\/schema\/logo\/image\/\",\"url\":\"https:\/\/teiaeducation.ch\/wp-content\/uploads\/2020\/11\/Teia-Education-Switzerland-e1620156442216.jpg\",\"contentUrl\":\"https:\/\/teiaeducation.ch\/wp-content\/uploads\/2020\/11\/Teia-Education-Switzerland-e1620156442216.jpg\",\"width\":166,\"height\":145,\"caption\":\"Teia Education & Play\"},\"image\":{\"@id\":\"https:\/\/teiaeducation.ch\/de\/#\/schema\/logo\/image\/\"},\"sameAs\":[\"https:\/\/www.facebook.com\/teiaeducation\/\",\"https:\/\/x.com\/EducationTeia\",\"https:\/\/www.instagram.com\/teia.education\/\",\"https:\/\/www.linkedin.com\/company\/35501660\",\"https:\/\/www.pinterest.ch\/TeiaEducation\/\"]}]}<\/script>\n<!-- \/ Yoast SEO plugin. -->","yoast_head_json":{"title":"Filznadeln \u2013 Gl\u00fccksk\u00e4fer","description":"Die Filznadeln von Gl\u00fccksk\u00e4fer sind Handwerkszeug f\u00fcr das Nass- und Trockenfilzen in der Waldorfhandarbeit. Sie werden nachhaltig in Europa hergestellt.","robots":{"index":"index","follow":"follow","max-snippet":"max-snippet:-1","max-image-preview":"max-image-preview:large","max-video-preview":"max-video-preview:-1"},"canonical":"https:\/\/teiaeducation.ch\/de\/produkt\/filznadeln-glueckskaefer\/","og_locale":"de_DE","og_type":"article","og_title":"Filznadeln \u2013 Gl\u00fccksk\u00e4fer","og_description":"Die Filznadeln von Gl\u00fccksk\u00e4fer sind Handwerkszeug f\u00fcr das Nass- und Trockenfilzen in der Waldorfhandarbeit. Sie werden nachhaltig in Europa hergestellt.","og_url":"https:\/\/teiaeducation.ch\/de\/produkt\/filznadeln-glueckskaefer\/","og_site_name":"Sustainable Educational Products &amp; Ecological Toys\u00a0","article_publisher":"https:\/\/www.facebook.com\/teiaeducation\/","article_modified_time":"2026-01-14T21:22:31+00:00","og_image":[{"width":575,"height":575,"url":"https:\/\/teiaeducation.ch\/wp-content\/uploads\/2021\/06\/Felting-needles-Gluckskafer.jpg","type":"image\/jpeg"}],"schema":{"@context":"https:\/\/schema.org","@graph":[{"@type":"WebPage","@id":"https:\/\/teiaeducation.ch\/de\/produkt\/filznadeln-glueckskaefer\/","url":"https:\/\/teiaeducation.ch\/de\/produkt\/filznadeln-glueckskaefer\/","name":"Filznadeln \u2013 Gl\u00fccksk\u00e4fer","isPartOf":{"@id":"https:\/\/teiaeducation.ch\/de\/#website"},"primaryImageOfPage":{"@id":"https:\/\/teiaeducation.ch\/de\/produkt\/filznadeln-glueckskaefer\/#primaryimage"},"image":{"@id":"https:\/\/teiaeducation.ch\/de\/produkt\/filznadeln-glueckskaefer\/#primaryimage"},"thumbnailUrl":"https:\/\/teiaeducation.ch\/wp-content\/uploads\/2021\/06\/Felting-needles-Gluckskafer.jpg","datePublished":"2021-06-05T09:05:17+00:00","dateModified":"2026-01-14T21:22:31+00:00","description":"Die Filznadeln von Gl\u00fccksk\u00e4fer sind Handwerkszeug f\u00fcr das Nass- und Trockenfilzen in der Waldorfhandarbeit. Sie werden nachhaltig in Europa hergestellt.","breadcrumb":{"@id":"https:\/\/teiaeducation.ch\/de\/produkt\/filznadeln-glueckskaefer\/#breadcrumb"},"inLanguage":"de-CH","potentialAction":[{"@type":"ReadAction","target":["https:\/\/teiaeducation.ch\/de\/produkt\/filznadeln-glueckskaefer\/"]}]},{"@type":"ImageObject","inLanguage":"de-CH","@id":"https:\/\/teiaeducation.ch\/de\/produkt\/filznadeln-glueckskaefer\/#primaryimage","url":"https:\/\/teiaeducation.ch\/wp-content\/uploads\/2021\/06\/Felting-needles-Gluckskafer.jpg","contentUrl":"https:\/\/teiaeducation.ch\/wp-content\/uploads\/2021\/06\/Felting-needles-Gluckskafer.jpg","width":575,"height":575,"caption":"Filznadeln \/ Waldorf handwerkliche Werkzeuge - Gl\u00fccksk\u00e4fer"},{"@type":"BreadcrumbList","@id":"https:\/\/teiaeducation.ch\/de\/produkt\/filznadeln-glueckskaefer\/#breadcrumb","itemListElement":[{"@type":"ListItem","position":1,"name":"Home","item":"https:\/\/teiaeducation.ch\/de\/"},{"@type":"ListItem","position":2,"name":"Laden","item":"https:\/\/teiaeducation.ch\/de\/shop\/"},{"@type":"ListItem","position":3,"name":"Nach Alter","item":"https:\/\/teiaeducation.ch\/de\/produkt-kategorie\/nach-alter\/"},{"@type":"ListItem","position":4,"name":"6-12 Jahre Grundschule","item":"https:\/\/teiaeducation.ch\/de\/produkt-kategorie\/nach-alter\/6-12-jahre-grundschule\/"},{"@type":"ListItem","position":5,"name":"Filznadeln 6er Set &#8211; Gl\u00fccksk\u00e4fer"}]},{"@type":"WebSite","@id":"https:\/\/teiaeducation.ch\/de\/#website","url":"https:\/\/teiaeducation.ch\/de\/","name":"Sustainable Educational Products &amp; Ecological Toys\u00a0","description":"Specialised Swiss shop selling sustainable educational toys and games, AMI certified Montessori materials, handmade ecological wooden Waldorf toys and arts &amp; crafts supplies, school supplies, children&#039;s furniture and Montessori reference and parenting books.","publisher":{"@id":"https:\/\/teiaeducation.ch\/de\/#organization"},"alternateName":"Teia Education & Play","potentialAction":[{"@type":"SearchAction","target":{"@type":"EntryPoint","urlTemplate":"https:\/\/teiaeducation.ch\/de\/?s={search_term_string}"},"query-input":{"@type":"PropertyValueSpecification","valueRequired":true,"valueName":"search_term_string"}}],"inLanguage":"de-CH"},{"@type":"Organization","@id":"https:\/\/teiaeducation.ch\/de\/#organization","name":"Teia Education & Play","url":"https:\/\/teiaeducation.ch\/de\/","logo":{"@type":"ImageObject","inLanguage":"de-CH","@id":"https:\/\/teiaeducation.ch\/de\/#\/schema\/logo\/image\/","url":"https:\/\/teiaeducation.ch\/wp-content\/uploads\/2020\/11\/Teia-Education-Switzerland-e1620156442216.jpg","contentUrl":"https:\/\/teiaeducation.ch\/wp-content\/uploads\/2020\/11\/Teia-Education-Switzerland-e1620156442216.jpg","width":166,"height":145,"caption":"Teia Education & Play"},"image":{"@id":"https:\/\/teiaeducation.ch\/de\/#\/schema\/logo\/image\/"},"sameAs":["https:\/\/www.facebook.com\/teiaeducation\/","https:\/\/x.com\/EducationTeia","https:\/\/www.instagram.com\/teia.education\/","https:\/\/www.linkedin.com\/company\/35501660","https:\/\/www.pinterest.ch\/TeiaEducation\/"]}]}},"_links":{"self":[{"href":"https:\/\/teiaeducation.ch\/de\/wp-json\/wp\/v2\/product\/59049","targetHints":{"allow":["GET"]}}],"collection":[{"href":"https:\/\/teiaeducation.ch\/de\/wp-json\/wp\/v2\/product"}],"about":[{"href":"https:\/\/teiaeducation.ch\/de\/wp-json\/wp\/v2\/types\/product"}],"replies":[{"embeddable":true,"href":"https:\/\/teiaeducation.ch\/de\/wp-json\/wp\/v2\/comments?post=59049"}],"wp:featuredmedia":[{"embeddable":true,"href":"https:\/\/teiaeducation.ch\/de\/wp-json\/wp\/v2\/media\/59050"}],"wp:attachment":[{"href":"https:\/\/teiaeducation.ch\/de\/wp-json\/wp\/v2\/media?parent=59049"}],"wp:term":[{"taxonomy":"product_brand","embeddable":true,"href":"https:\/\/teiaeducation.ch\/de\/wp-json\/wp\/v2\/product_brand?post=59049"},{"taxonomy":"product_cat","embeddable":true,"href":"https:\/\/teiaeducation.ch\/de\/wp-json\/wp\/v2\/product_cat?post=59049"},{"taxonomy":"product_tag","embeddable":true,"href":"https:\/\/teiaeducation.ch\/de\/wp-json\/wp\/v2\/product_tag?post=59049"}],"curies":[{"name":"wp","href":"https:\/\/api.w.org\/{rel}","templated":true}]}}