{"id":59051,"date":"2021-04-11T15:46:52","date_gmt":"2021-04-11T13:46:52","guid":{"rendered":"https:\/\/teiaeducation.ch\/product\/sammelbuch-fuer-blumen-und-blaetter-glueckskaefer\/"},"modified":"2025-12-11T18:28:06","modified_gmt":"2025-12-11T17:28:06","slug":"sammelbuch-fuer-blumen-und-blaetter-glueckskaefer","status":"publish","type":"product","link":"https:\/\/teiaeducation.ch\/de\/produkt\/sammelbuch-fuer-blumen-und-blaetter-glueckskaefer\/","title":{"rendered":"Sammelbuch f\u00fcr Blumen und Bl\u00e4tter &#8211; Gl\u00fccksk\u00e4fer"},"content":{"rendered":"<p>Das Scrapbook von Gl\u00fccksk\u00e4fer ist der perfekte Platz f\u00fcr die gepressten Blumen und Bl\u00e4tter aus der <a href=\"https:\/\/teiaeducation.ch\/de\/produkt\/blumenpresse-18x18cm-glueckskaefer\/\">Blumenpresse<\/a> Ihres Kindes!<\/p>\n<p>Dieses sch\u00f6ne Buch regt Kinder dazu an, nach drau\u00dfen zu gehen und nach sch\u00f6nen Blumen und Bl\u00e4ttern zu suchen. So entsteht ein Sammelbuch zur Erinnerung an Botanik und Naturkunde, in dem alle gepressten Blumen und Pflanzen Ihres Kindes an einem Ort aufbewahrt werden.<\/p>\n<p>Eine gro\u00dfartige Erg\u00e4nzung zu einer <a href=\"https:\/\/www.proflowers.com\/blog\/how-to-press-flowers\">Blumenpress<\/a>, dieses Buch ist ein n\u00fctzliches p\u00e4dagogisches Hilfsmittel f\u00fcr die <a href=\"https:\/\/teiaeducation.ch\/de\/produkt-kategorie\/lernmaterialien-spielzeug-montessori-waldorf-steiner-froebel\/montessori-paedagogik-material-spielzeug\/\">Montessori<\/a>&#8211; und <a href=\"https:\/\/teiaeducation.ch\/de\/produkt-kategorie\/lernmaterialien-spielzeug-montessori-waldorf-steiner-froebel\/waldorf-steiner-paedagogik\/\">Waldorf<\/a>-Natur- und Botanikstudien und eine unterhaltsame Erg\u00e4nzung zu diesem sch\u00f6nen traditionellen Kinderhobby.<\/p>\n<p>Mit Notizen und Vorschl\u00e4gen in deutscher Sprache ist dieses Sammelalbum f\u00fcr Blumen und Bl\u00e4tter im Format A4, ringgebunden und f\u00fcr Kinder ab 3 Jahren geeignet.<\/p>\n<p>Inhalt:<\/p>\n<p>1 ringgebundenes A4-Sammelalbum in Deutsch<\/p>\n<h2>\u00dcber Gl\u00fccksk\u00e4fer<\/h2>\n<p>Ideal f\u00fcr das Spielen zu Hause, im Kindergarten, in der Waldorf- oder <a href=\"https:\/\/teiaeducation.ch\/de\/spielzeug-und-natuerlichen-kreatives-materialien-fuer-waldorf-steiner-schulen\/\">Steinerschule<\/a>. Die bunten Formen der <a href=\"\/?product_cat=gluckskafer\">Gl\u00fccksk\u00e4fer<\/a> werden in Handarbeit nach der <a href=\"https:\/\/teiaeducation.ch\/de\/produkt-kategorie\/kinder-spielzeug\/waldorfspielzeug\/\">Waldorf<\/a>philosophie hergestellt, die daf\u00fcr bekannt ist, dass sie Kinder dazu ermutigt, das kreative Spiel unabh\u00e4ngig und ohne Einschr\u00e4nkungen zu entdecken. Das Wellenboot aus Holz wird von Hand mit ungiftigen Farben auf Wasserbasis gef\u00e4rbt und nicht lackiert, damit die urspr\u00fcnglichen Eigenschaften des Holzes und die Maserung erhalten bleiben. Die Oberfl\u00e4che der FSC-zertifizierten europ\u00e4ischen Holz ist leicht rau, wodurch sie vollst\u00e4ndig stapelbar und weniger rutschig sind.<\/p>\n<p>Gl\u00fccksk\u00e4fer Waldorf-inspirierte <a href=\"https:\/\/teiaeducation.ch\/de\/produkt-kategorie\/kinder-spielzeug\/handgefertigtes-holzspielzeug\/\">Holzspielzeuge<\/a> und Kinderwerkzeuge werden in Deutschland entworfen und in Europa hergestellt. Sie geh\u00f6ren zum traditionsreichen deutschen Spielzeughersteller Nic Toys, der f\u00fcr h\u00f6chste Qualit\u00e4tsstandards bei Produkten zur F\u00f6rderung der kindlichen Entwicklung bekannt ist und ethisch und nachhaltig produziert.<\/p>\n","protected":false},"excerpt":{"rendered":"<p>Artikelnummer: 525265<\/p>\n<p>Das Sammelalbum f\u00fcr Blumen und Bl\u00e4tter von Gl\u00fccksk\u00e4fer ist ideal f\u00fcr Kinder, um ihre Blumenpressen zu pr\u00e4sentieren und ihre Naturfunde zu studieren!<\/p>\n","protected":false},"featured_media":40656,"comment_status":"open","ping_status":"closed","template":"","meta":[],"product_brand":[],"product_cat":[21445,21446,21467,21468,21479,21512,21670,21453,21459,21490,21484,22422,21631,21464,21466,21447,21510,21509,21499,21443,21689,21563,22362,21494,21495,21496,23636,21678,21482,21556,21564,21483],"product_tag":[27881,27880,23459,27879,27878,27877,27876,23355],"class_list":{"0":"post-59051","1":"product","2":"type-product","3":"status-publish","4":"has-post-thumbnail","6":"product_cat-3-6-jahre-vorschule","7":"product_cat-6-12-jahre-grundschule","8":"product_cat-aktivitaetsbuecher-sticker","9":"product_cat-bastelbuecher","10":"product_cat-lernmaterialien-spielzeug-montessori-waldorf-steiner-froebel","11":"product_cat-botanik","12":"product_cat-fruehjahrskollektion","13":"product_cat-gartnern","14":"product_cat-gepresste-blumen-kunst","15":"product_cat-geschenk-guide-kreativ","16":"product_cat-geschenk-guides","17":"product_cat-geschenke-fuer-das-osterkoerbchen","18":"product_cat-glueckskaefer","19":"product_cat-herbstkollektion","20":"product_cat-kinderbuecher","21":"product_cat-malen-basteln","22":"product_cat-kultur-wissenschaft","23":"product_cat-lernthemen","24":"product_cat-lernunterstuetzung","25":"product_cat-nach-alter","26":"product_cat-naturspiel","27":"product_cat-neuheiten","28":"product_cat-saisonale-kollektionen","29":"product_cat-schulbedarf-fuer-zuhause","30":"product_cat-schulbedarf-fuer-zuhause-3-6-jahre","31":"product_cat-schulbedarf-fuer-zuhause-6-12-jahre","32":"product_cat-sommer-kollektion","33":"product_cat-kinder-spielzeug","34":"product_cat-traditionelle-bildung","35":"product_cat-uebungen-des-praktischen-lebens","36":"product_cat-unsere-marken","37":"product_cat-waldorf-steiner-paedagogik","38":"product_tag-aktivitaten-der-blumenpresse","39":"product_tag-blumenpressen-fur-kinder","40":"product_tag-gluckskafer-de","41":"product_tag-natur-sammelbuch","42":"product_tag-sammelbuch-fur-blumen","43":"product_tag-sammelbuch-fur-blumen-und-blatter","44":"product_tag-sammelbuch-mit-gepressten-blumen","45":"product_tag-traditionelle-aktivitaten-fur-kinder","47":"first","48":"instock","49":"taxable","50":"shipping-taxable","51":"purchasable","52":"product-type-simple"},"yoast_head":"<!-- This site is optimized with the Yoast SEO plugin v27.1.1 - https:\/\/yoast.com\/product\/yoast-seo-wordpress\/ -->\n<title>Sammelbuch f\u00fcr Blumen und Bl\u00e4tter - Gl\u00fccksk\u00e4fer<\/title>\n<meta name=\"description\" content=\"Das Sammelbuch f\u00fcr Blumen und Bl\u00e4tter von Gl\u00fccksk\u00e4fer ist ideal f\u00fcr Kinder, um ihre Blumenpressen auszustellen und ihre Naturfunde zu studieren.\" \/>\n<meta name=\"robots\" content=\"index, follow, max-snippet:-1, max-image-preview:large, max-video-preview:-1\" \/>\n<link rel=\"canonical\" href=\"https:\/\/teiaeducation.ch\/de\/produkt\/sammelbuch-fuer-blumen-und-blaetter-glueckskaefer\/\" \/>\n<meta property=\"og:locale\" content=\"de_DE\" \/>\n<meta property=\"og:type\" content=\"article\" \/>\n<meta property=\"og:title\" content=\"Sammelbuch f\u00fcr Blumen und Bl\u00e4tter - Gl\u00fccksk\u00e4fer\" \/>\n<meta property=\"og:description\" content=\"Das Sammelbuch f\u00fcr Blumen und Bl\u00e4tter von Gl\u00fccksk\u00e4fer ist ideal f\u00fcr Kinder, um ihre Blumenpressen auszustellen und ihre Naturfunde zu studieren.\" \/>\n<meta property=\"og:url\" content=\"https:\/\/teiaeducation.ch\/de\/produkt\/sammelbuch-fuer-blumen-und-blaetter-glueckskaefer\/\" \/>\n<meta property=\"og:site_name\" content=\"Sustainable Educational Products &amp; Ecological Toys\u00a0\" \/>\n<meta property=\"article:publisher\" content=\"https:\/\/www.facebook.com\/teiaeducation\/\" \/>\n<meta property=\"article:modified_time\" content=\"2025-12-11T17:28:06+00:00\" \/>\n<meta property=\"og:image\" content=\"https:\/\/teiaeducation.ch\/wp-content\/uploads\/2021\/04\/Scrapbook-for-flowers-and-leaves-Gluckskafer.jpg\" \/>\n\t<meta property=\"og:image:width\" content=\"683\" \/>\n\t<meta property=\"og:image:height\" content=\"455\" \/>\n\t<meta property=\"og:image:type\" content=\"image\/jpeg\" \/>\n<script type=\"application\/ld+json\" class=\"yoast-schema-graph\">{\"@context\":\"https:\/\/schema.org\",\"@graph\":[{\"@type\":\"WebPage\",\"@id\":\"https:\/\/teiaeducation.ch\/de\/produkt\/sammelbuch-fuer-blumen-und-blaetter-glueckskaefer\/\",\"url\":\"https:\/\/teiaeducation.ch\/de\/produkt\/sammelbuch-fuer-blumen-und-blaetter-glueckskaefer\/\",\"name\":\"Sammelbuch f\u00fcr Blumen und Bl\u00e4tter - Gl\u00fccksk\u00e4fer\",\"isPartOf\":{\"@id\":\"https:\/\/teiaeducation.ch\/de\/#website\"},\"primaryImageOfPage\":{\"@id\":\"https:\/\/teiaeducation.ch\/de\/produkt\/sammelbuch-fuer-blumen-und-blaetter-glueckskaefer\/#primaryimage\"},\"image\":{\"@id\":\"https:\/\/teiaeducation.ch\/de\/produkt\/sammelbuch-fuer-blumen-und-blaetter-glueckskaefer\/#primaryimage\"},\"thumbnailUrl\":\"https:\/\/teiaeducation.ch\/wp-content\/uploads\/2021\/04\/Scrapbook-for-flowers-and-leaves-Gluckskafer.jpg\",\"datePublished\":\"2021-04-11T13:46:52+00:00\",\"dateModified\":\"2025-12-11T17:28:06+00:00\",\"description\":\"Das Sammelbuch f\u00fcr Blumen und Bl\u00e4tter von Gl\u00fccksk\u00e4fer ist ideal f\u00fcr Kinder, um ihre Blumenpressen auszustellen und ihre Naturfunde zu studieren.\",\"breadcrumb\":{\"@id\":\"https:\/\/teiaeducation.ch\/de\/produkt\/sammelbuch-fuer-blumen-und-blaetter-glueckskaefer\/#breadcrumb\"},\"inLanguage\":\"de-CH\",\"potentialAction\":[{\"@type\":\"ReadAction\",\"target\":[\"https:\/\/teiaeducation.ch\/de\/produkt\/sammelbuch-fuer-blumen-und-blaetter-glueckskaefer\/\"]}]},{\"@type\":\"ImageObject\",\"inLanguage\":\"de-CH\",\"@id\":\"https:\/\/teiaeducation.ch\/de\/produkt\/sammelbuch-fuer-blumen-und-blaetter-glueckskaefer\/#primaryimage\",\"url\":\"https:\/\/teiaeducation.ch\/wp-content\/uploads\/2021\/04\/Scrapbook-for-flowers-and-leaves-Gluckskafer.jpg\",\"contentUrl\":\"https:\/\/teiaeducation.ch\/wp-content\/uploads\/2021\/04\/Scrapbook-for-flowers-and-leaves-Gluckskafer.jpg\",\"width\":683,\"height\":455,\"caption\":\"Sammelbuch f\u00fcr Blumen und Bl\u00e4tter - Gl\u00fccksk\u00e4fer\"},{\"@type\":\"BreadcrumbList\",\"@id\":\"https:\/\/teiaeducation.ch\/de\/produkt\/sammelbuch-fuer-blumen-und-blaetter-glueckskaefer\/#breadcrumb\",\"itemListElement\":[{\"@type\":\"ListItem\",\"position\":1,\"name\":\"Home\",\"item\":\"https:\/\/teiaeducation.ch\/de\/\"},{\"@type\":\"ListItem\",\"position\":2,\"name\":\"Laden\",\"item\":\"https:\/\/teiaeducation.ch\/de\/shop\/\"},{\"@type\":\"ListItem\",\"position\":3,\"name\":\"Unsere Marken\",\"item\":\"https:\/\/teiaeducation.ch\/de\/produkt-kategorie\/unsere-marken\/\"},{\"@type\":\"ListItem\",\"position\":4,\"name\":\"Gl\u00fccksk\u00e4fer\",\"item\":\"https:\/\/teiaeducation.ch\/de\/produkt-kategorie\/unsere-marken\/glueckskaefer\/\"},{\"@type\":\"ListItem\",\"position\":5,\"name\":\"Sammelbuch f\u00fcr Blumen und Bl\u00e4tter &#8211; Gl\u00fccksk\u00e4fer\"}]},{\"@type\":\"WebSite\",\"@id\":\"https:\/\/teiaeducation.ch\/de\/#website\",\"url\":\"https:\/\/teiaeducation.ch\/de\/\",\"name\":\"Sustainable Educational Products &amp; Ecological Toys\u00a0\",\"description\":\"Specialised Swiss shop selling sustainable educational toys and games, AMI certified Montessori materials, handmade ecological wooden Waldorf toys and arts &amp; crafts supplies, school supplies, children&#039;s furniture and Montessori reference and parenting books.\",\"publisher\":{\"@id\":\"https:\/\/teiaeducation.ch\/de\/#organization\"},\"alternateName\":\"Teia Education & Play\",\"potentialAction\":[{\"@type\":\"SearchAction\",\"target\":{\"@type\":\"EntryPoint\",\"urlTemplate\":\"https:\/\/teiaeducation.ch\/de\/?s={search_term_string}\"},\"query-input\":{\"@type\":\"PropertyValueSpecification\",\"valueRequired\":true,\"valueName\":\"search_term_string\"}}],\"inLanguage\":\"de-CH\"},{\"@type\":\"Organization\",\"@id\":\"https:\/\/teiaeducation.ch\/de\/#organization\",\"name\":\"Teia Education & Play\",\"url\":\"https:\/\/teiaeducation.ch\/de\/\",\"logo\":{\"@type\":\"ImageObject\",\"inLanguage\":\"de-CH\",\"@id\":\"https:\/\/teiaeducation.ch\/de\/#\/schema\/logo\/image\/\",\"url\":\"https:\/\/teiaeducation.ch\/wp-content\/uploads\/2020\/11\/Teia-Education-Switzerland-e1620156442216.jpg\",\"contentUrl\":\"https:\/\/teiaeducation.ch\/wp-content\/uploads\/2020\/11\/Teia-Education-Switzerland-e1620156442216.jpg\",\"width\":166,\"height\":145,\"caption\":\"Teia Education & Play\"},\"image\":{\"@id\":\"https:\/\/teiaeducation.ch\/de\/#\/schema\/logo\/image\/\"},\"sameAs\":[\"https:\/\/www.facebook.com\/teiaeducation\/\",\"https:\/\/x.com\/EducationTeia\",\"https:\/\/www.instagram.com\/teia.education\/\",\"https:\/\/www.linkedin.com\/company\/35501660\",\"https:\/\/www.pinterest.ch\/TeiaEducation\/\"]}]}<\/script>\n<!-- \/ Yoast SEO plugin. -->","yoast_head_json":{"title":"Sammelbuch f\u00fcr Blumen und Bl\u00e4tter - Gl\u00fccksk\u00e4fer","description":"Das Sammelbuch f\u00fcr Blumen und Bl\u00e4tter von Gl\u00fccksk\u00e4fer ist ideal f\u00fcr Kinder, um ihre Blumenpressen auszustellen und ihre Naturfunde zu studieren.","robots":{"index":"index","follow":"follow","max-snippet":"max-snippet:-1","max-image-preview":"max-image-preview:large","max-video-preview":"max-video-preview:-1"},"canonical":"https:\/\/teiaeducation.ch\/de\/produkt\/sammelbuch-fuer-blumen-und-blaetter-glueckskaefer\/","og_locale":"de_DE","og_type":"article","og_title":"Sammelbuch f\u00fcr Blumen und Bl\u00e4tter - Gl\u00fccksk\u00e4fer","og_description":"Das Sammelbuch f\u00fcr Blumen und Bl\u00e4tter von Gl\u00fccksk\u00e4fer ist ideal f\u00fcr Kinder, um ihre Blumenpressen auszustellen und ihre Naturfunde zu studieren.","og_url":"https:\/\/teiaeducation.ch\/de\/produkt\/sammelbuch-fuer-blumen-und-blaetter-glueckskaefer\/","og_site_name":"Sustainable Educational Products &amp; Ecological Toys\u00a0","article_publisher":"https:\/\/www.facebook.com\/teiaeducation\/","article_modified_time":"2025-12-11T17:28:06+00:00","og_image":[{"width":683,"height":455,"url":"https:\/\/teiaeducation.ch\/wp-content\/uploads\/2021\/04\/Scrapbook-for-flowers-and-leaves-Gluckskafer.jpg","type":"image\/jpeg"}],"schema":{"@context":"https:\/\/schema.org","@graph":[{"@type":"WebPage","@id":"https:\/\/teiaeducation.ch\/de\/produkt\/sammelbuch-fuer-blumen-und-blaetter-glueckskaefer\/","url":"https:\/\/teiaeducation.ch\/de\/produkt\/sammelbuch-fuer-blumen-und-blaetter-glueckskaefer\/","name":"Sammelbuch f\u00fcr Blumen und Bl\u00e4tter - Gl\u00fccksk\u00e4fer","isPartOf":{"@id":"https:\/\/teiaeducation.ch\/de\/#website"},"primaryImageOfPage":{"@id":"https:\/\/teiaeducation.ch\/de\/produkt\/sammelbuch-fuer-blumen-und-blaetter-glueckskaefer\/#primaryimage"},"image":{"@id":"https:\/\/teiaeducation.ch\/de\/produkt\/sammelbuch-fuer-blumen-und-blaetter-glueckskaefer\/#primaryimage"},"thumbnailUrl":"https:\/\/teiaeducation.ch\/wp-content\/uploads\/2021\/04\/Scrapbook-for-flowers-and-leaves-Gluckskafer.jpg","datePublished":"2021-04-11T13:46:52+00:00","dateModified":"2025-12-11T17:28:06+00:00","description":"Das Sammelbuch f\u00fcr Blumen und Bl\u00e4tter von Gl\u00fccksk\u00e4fer ist ideal f\u00fcr Kinder, um ihre Blumenpressen auszustellen und ihre Naturfunde zu studieren.","breadcrumb":{"@id":"https:\/\/teiaeducation.ch\/de\/produkt\/sammelbuch-fuer-blumen-und-blaetter-glueckskaefer\/#breadcrumb"},"inLanguage":"de-CH","potentialAction":[{"@type":"ReadAction","target":["https:\/\/teiaeducation.ch\/de\/produkt\/sammelbuch-fuer-blumen-und-blaetter-glueckskaefer\/"]}]},{"@type":"ImageObject","inLanguage":"de-CH","@id":"https:\/\/teiaeducation.ch\/de\/produkt\/sammelbuch-fuer-blumen-und-blaetter-glueckskaefer\/#primaryimage","url":"https:\/\/teiaeducation.ch\/wp-content\/uploads\/2021\/04\/Scrapbook-for-flowers-and-leaves-Gluckskafer.jpg","contentUrl":"https:\/\/teiaeducation.ch\/wp-content\/uploads\/2021\/04\/Scrapbook-for-flowers-and-leaves-Gluckskafer.jpg","width":683,"height":455,"caption":"Sammelbuch f\u00fcr Blumen und Bl\u00e4tter - Gl\u00fccksk\u00e4fer"},{"@type":"BreadcrumbList","@id":"https:\/\/teiaeducation.ch\/de\/produkt\/sammelbuch-fuer-blumen-und-blaetter-glueckskaefer\/#breadcrumb","itemListElement":[{"@type":"ListItem","position":1,"name":"Home","item":"https:\/\/teiaeducation.ch\/de\/"},{"@type":"ListItem","position":2,"name":"Laden","item":"https:\/\/teiaeducation.ch\/de\/shop\/"},{"@type":"ListItem","position":3,"name":"Unsere Marken","item":"https:\/\/teiaeducation.ch\/de\/produkt-kategorie\/unsere-marken\/"},{"@type":"ListItem","position":4,"name":"Gl\u00fccksk\u00e4fer","item":"https:\/\/teiaeducation.ch\/de\/produkt-kategorie\/unsere-marken\/glueckskaefer\/"},{"@type":"ListItem","position":5,"name":"Sammelbuch f\u00fcr Blumen und Bl\u00e4tter &#8211; Gl\u00fccksk\u00e4fer"}]},{"@type":"WebSite","@id":"https:\/\/teiaeducation.ch\/de\/#website","url":"https:\/\/teiaeducation.ch\/de\/","name":"Sustainable Educational Products &amp; Ecological Toys\u00a0","description":"Specialised Swiss shop selling sustainable educational toys and games, AMI certified Montessori materials, handmade ecological wooden Waldorf toys and arts &amp; crafts supplies, school supplies, children&#039;s furniture and Montessori reference and parenting books.","publisher":{"@id":"https:\/\/teiaeducation.ch\/de\/#organization"},"alternateName":"Teia Education & Play","potentialAction":[{"@type":"SearchAction","target":{"@type":"EntryPoint","urlTemplate":"https:\/\/teiaeducation.ch\/de\/?s={search_term_string}"},"query-input":{"@type":"PropertyValueSpecification","valueRequired":true,"valueName":"search_term_string"}}],"inLanguage":"de-CH"},{"@type":"Organization","@id":"https:\/\/teiaeducation.ch\/de\/#organization","name":"Teia Education & Play","url":"https:\/\/teiaeducation.ch\/de\/","logo":{"@type":"ImageObject","inLanguage":"de-CH","@id":"https:\/\/teiaeducation.ch\/de\/#\/schema\/logo\/image\/","url":"https:\/\/teiaeducation.ch\/wp-content\/uploads\/2020\/11\/Teia-Education-Switzerland-e1620156442216.jpg","contentUrl":"https:\/\/teiaeducation.ch\/wp-content\/uploads\/2020\/11\/Teia-Education-Switzerland-e1620156442216.jpg","width":166,"height":145,"caption":"Teia Education & Play"},"image":{"@id":"https:\/\/teiaeducation.ch\/de\/#\/schema\/logo\/image\/"},"sameAs":["https:\/\/www.facebook.com\/teiaeducation\/","https:\/\/x.com\/EducationTeia","https:\/\/www.instagram.com\/teia.education\/","https:\/\/www.linkedin.com\/company\/35501660","https:\/\/www.pinterest.ch\/TeiaEducation\/"]}]}},"_links":{"self":[{"href":"https:\/\/teiaeducation.ch\/de\/wp-json\/wp\/v2\/product\/59051","targetHints":{"allow":["GET"]}}],"collection":[{"href":"https:\/\/teiaeducation.ch\/de\/wp-json\/wp\/v2\/product"}],"about":[{"href":"https:\/\/teiaeducation.ch\/de\/wp-json\/wp\/v2\/types\/product"}],"replies":[{"embeddable":true,"href":"https:\/\/teiaeducation.ch\/de\/wp-json\/wp\/v2\/comments?post=59051"}],"wp:featuredmedia":[{"embeddable":true,"href":"https:\/\/teiaeducation.ch\/de\/wp-json\/wp\/v2\/media\/40656"}],"wp:attachment":[{"href":"https:\/\/teiaeducation.ch\/de\/wp-json\/wp\/v2\/media?parent=59051"}],"wp:term":[{"taxonomy":"product_brand","embeddable":true,"href":"https:\/\/teiaeducation.ch\/de\/wp-json\/wp\/v2\/product_brand?post=59051"},{"taxonomy":"product_cat","embeddable":true,"href":"https:\/\/teiaeducation.ch\/de\/wp-json\/wp\/v2\/product_cat?post=59051"},{"taxonomy":"product_tag","embeddable":true,"href":"https:\/\/teiaeducation.ch\/de\/wp-json\/wp\/v2\/product_tag?post=59051"}],"curies":[{"name":"wp","href":"https:\/\/api.w.org\/{rel}","templated":true}]}}