{"id":59054,"date":"2021-04-11T15:18:21","date_gmt":"2021-04-11T13:18:21","guid":{"rendered":"https:\/\/teiaeducation.ch\/product\/gartengeraete-set-3-tlg-blau-glueckskaefer\/"},"modified":"2025-12-11T18:29:46","modified_gmt":"2025-12-11T17:29:46","slug":"gartengeraete-set-3-tlg-blau-glueckskaefer","status":"publish","type":"product","link":"https:\/\/teiaeducation.ch\/de\/produkt\/gartengeraete-set-3-tlg-blau-glueckskaefer\/","title":{"rendered":"Gartenger\u00e4te-Set, 3 tlg blau &#8211; Gl\u00fccksk\u00e4fer"},"content":{"rendered":"<p>Gartenger\u00e4te-Set 3-teilig 39cm blau \/ Kindergr\u00f6\u00dfe Gartenger\u00e4te aus Holz &#8211; Gl\u00fccksk\u00e4fer<\/p>\n<p>Das robuste Kinder-Gartenger\u00e4te-Set von Gl\u00fccksk\u00e4fer aus Holz mit Harke, Spaten und Schaufel sorgt f\u00fcr viel Spa\u00df im Garten, im Sandkasten oder am Meer.<\/p>\n<p>Dieses hochwertige Set traditioneller Kinder-Gartenger\u00e4te hat die perfekte Gr\u00f6\u00dfe f\u00fcr Kinder. Sie sind 39 cm hoch und haben glatte Holzgriffe mit hellblau lackierten Metallk\u00f6pfen.<\/p>\n<p>Die Kinder k\u00f6nnen viel Spa\u00df im Freien haben, indem sie im Garten harken und graben oder im Sand bauen. Inspirieren Sie den G\u00e4rtner-Nachwuchs zum Waldorf-<a href=\"https:\/\/teiaeducation.ch\/de\/produkt-kategorie\/kinder-spielzeug\/naturspiel\/\">Naturspiel<\/a> oder lassen Sie die Kleinen durch Nachahmung lernen mit diesen kindgerechten Werkzeugen der Montessori-P\u00e4dagogik.<\/p>\n<p>Die farbenfrohen Gl\u00fccksk\u00e4fer Holzspielzeuge sind ideal f\u00fcr das Spielen zu Hause, im Kindergarten, in der Waldorf- oder Steinerschule. Sie sind nach der Waldorf Philosophie gefertigt, die daf\u00fcr bekannt ist, dass sie Kinder dazu ermutigen, das kreative Spiel unabh\u00e4ngig und ohne Grenzen zu entdecken. Alle hochwertigen Spielzeuge von Gl\u00fccksk\u00e4fer werden in Deutschland in Handarbeit mit ungiftigen Farben auf Wasserbasis hergestellt und gef\u00e4rbt und nicht lackiert, damit die urspr\u00fcnglichen Eigenschaften des Holzes und die Maserung erhalten bleiben.<\/p>\n<p>Das Gl\u00fccksk\u00e4fer Kinder-Gartenger\u00e4te-Set ist f\u00fcr Kinder ab 10 Monaten geeignet.<\/p>\n<p>Achtung! Nicht geeignet f\u00fcr Kinder unter 10 Monaten. Verletzungsgefahr f\u00fcr den Rachen.<\/p>\n<p>Inhalt:<\/p>\n<p>3 Gartenger\u00e4te aus Holz und Metall &#8211; 1 Harke, 1 Spaten und 1 Schaufel.<\/p>\n","protected":false},"excerpt":{"rendered":"<p>Artikelnummer: 535396<\/p>\n<p>Das Gl\u00fccksk\u00e4fer Kinder-Gartenwerkzeug-Set blau, 3-teilig, enth\u00e4lt hochwertige Holzwerkzeuge in Kindergr\u00f6\u00dfe f\u00fcr das Spielen im Freien ab 10 Monaten.<\/p>\n","protected":false},"featured_media":59055,"comment_status":"open","ping_status":"closed","template":"","meta":[],"product_brand":[],"product_cat":[21444,21445,21446,21679,21479,21512,21670,21453,21484,22422,21631,21447,21510,21509,21481,21443,21689,21563,22362,21694,23636,21678,23133,21482,21556,21564,21483],"product_tag":[27882,27885,27887,27886,27883,27884,23459,27891,27893,27889,27892,27888,27890,26388],"class_list":{"0":"post-59054","1":"product","2":"type-product","3":"status-publish","4":"has-post-thumbnail","6":"product_cat-1-3-jahre-kleinkind","7":"product_cat-3-6-jahre-vorschule","8":"product_cat-6-12-jahre-grundschule","9":"product_cat-aktiv-spielzeug","10":"product_cat-lernmaterialien-spielzeug-montessori-waldorf-steiner-froebel","11":"product_cat-botanik","12":"product_cat-fruehjahrskollektion","13":"product_cat-gartnern","14":"product_cat-geschenk-guides","15":"product_cat-geschenke-fuer-das-osterkoerbchen","16":"product_cat-glueckskaefer","17":"product_cat-malen-basteln","18":"product_cat-kultur-wissenschaft","19":"product_cat-lernthemen","20":"product_cat-montessori-paedagogik-material-spielzeug","21":"product_cat-nach-alter","22":"product_cat-naturspiel","23":"product_cat-neuheiten","24":"product_cat-saisonale-kollektionen","25":"product_cat-sandspielzeug","26":"product_cat-sommer-kollektion","27":"product_cat-kinder-spielzeug","28":"product_cat-spielzeug-fuer-draussen","29":"product_cat-traditionelle-bildung","30":"product_cat-uebungen-des-praktischen-lebens","31":"product_cat-unsere-marken","32":"product_cat-waldorf-steiner-paedagogik","33":"product_tag-gartengerate-fur-kinder","34":"product_tag-gartengerate-fur-kinder-de","35":"product_tag-gartengerate-fur-kinder-aus-holz-de","36":"product_tag-gartengerate-fur-kinder-aus-holz","37":"product_tag-gartengerate-in-kindergrose","38":"product_tag-gartengerate-in-kindergrose-de","39":"product_tag-gluckskafer-de","40":"product_tag-gluckskafer-gartengerate","41":"product_tag-hochwertige-gartengerate-fur-kinder","42":"product_tag-kinderharke-aus-holz","43":"product_tag-kinderspaten-aus-holz-und-metall","44":"product_tag-metallspaten-fur-kinder","45":"product_tag-montessori-gartengerate-de","46":"product_tag-montessori-gartengerate","48":"first","49":"instock","50":"taxable","51":"shipping-taxable","52":"purchasable","53":"product-type-simple"},"yoast_head":"<!-- This site is optimized with the Yoast SEO plugin v27.1.1 - https:\/\/yoast.com\/product\/yoast-seo-wordpress\/ -->\n<title>Gartenger\u00e4te-Set, 3 tlg blau - Gl\u00fccksk\u00e4fer<\/title>\n<meta name=\"description\" content=\"Das Gl\u00fccksk\u00e4fer Gartenger\u00e4te-Set, 3 tlg blau enth\u00e4lt hochwertige Gartenger\u00e4te aus Holz in Kindergr\u00f6\u00dfe f\u00fcr das Spielen im Freien.\" \/>\n<meta name=\"robots\" content=\"index, follow, max-snippet:-1, max-image-preview:large, max-video-preview:-1\" \/>\n<link rel=\"canonical\" href=\"https:\/\/teiaeducation.ch\/de\/produkt\/gartengeraete-set-3-tlg-blau-glueckskaefer\/\" \/>\n<meta property=\"og:locale\" content=\"de_DE\" \/>\n<meta property=\"og:type\" content=\"article\" \/>\n<meta property=\"og:title\" content=\"Gartenger\u00e4te-Set, 3 tlg blau - Gl\u00fccksk\u00e4fer\" \/>\n<meta property=\"og:description\" content=\"Das Gl\u00fccksk\u00e4fer Gartenger\u00e4te-Set, 3 tlg blau enth\u00e4lt hochwertige Gartenger\u00e4te aus Holz in Kindergr\u00f6\u00dfe f\u00fcr das Spielen im Freien.\" \/>\n<meta property=\"og:url\" content=\"https:\/\/teiaeducation.ch\/de\/produkt\/gartengeraete-set-3-tlg-blau-glueckskaefer\/\" \/>\n<meta property=\"og:site_name\" content=\"Sustainable Educational Products &amp; Ecological Toys\u00a0\" \/>\n<meta property=\"article:publisher\" content=\"https:\/\/www.facebook.com\/teiaeducation\/\" \/>\n<meta property=\"article:modified_time\" content=\"2025-12-11T17:29:46+00:00\" \/>\n<meta property=\"og:image\" content=\"https:\/\/teiaeducation.ch\/wp-content\/uploads\/2021\/04\/Children-garden-tool-set-3-pieces-blue-Gluckskafer.jpg\" \/>\n\t<meta property=\"og:image:width\" content=\"800\" \/>\n\t<meta property=\"og:image:height\" content=\"800\" \/>\n\t<meta property=\"og:image:type\" content=\"image\/jpeg\" \/>\n<script type=\"application\/ld+json\" class=\"yoast-schema-graph\">{\"@context\":\"https:\/\/schema.org\",\"@graph\":[{\"@type\":\"WebPage\",\"@id\":\"https:\/\/teiaeducation.ch\/de\/produkt\/gartengeraete-set-3-tlg-blau-glueckskaefer\/\",\"url\":\"https:\/\/teiaeducation.ch\/de\/produkt\/gartengeraete-set-3-tlg-blau-glueckskaefer\/\",\"name\":\"Gartenger\u00e4te-Set, 3 tlg blau - Gl\u00fccksk\u00e4fer\",\"isPartOf\":{\"@id\":\"https:\/\/teiaeducation.ch\/de\/#website\"},\"primaryImageOfPage\":{\"@id\":\"https:\/\/teiaeducation.ch\/de\/produkt\/gartengeraete-set-3-tlg-blau-glueckskaefer\/#primaryimage\"},\"image\":{\"@id\":\"https:\/\/teiaeducation.ch\/de\/produkt\/gartengeraete-set-3-tlg-blau-glueckskaefer\/#primaryimage\"},\"thumbnailUrl\":\"https:\/\/teiaeducation.ch\/wp-content\/uploads\/2021\/04\/Children-garden-tool-set-3-pieces-blue-Gluckskafer.jpg\",\"datePublished\":\"2021-04-11T13:18:21+00:00\",\"dateModified\":\"2025-12-11T17:29:46+00:00\",\"description\":\"Das Gl\u00fccksk\u00e4fer Gartenger\u00e4te-Set, 3 tlg blau enth\u00e4lt hochwertige Gartenger\u00e4te aus Holz in Kindergr\u00f6\u00dfe f\u00fcr das Spielen im Freien.\",\"breadcrumb\":{\"@id\":\"https:\/\/teiaeducation.ch\/de\/produkt\/gartengeraete-set-3-tlg-blau-glueckskaefer\/#breadcrumb\"},\"inLanguage\":\"de-CH\",\"potentialAction\":[{\"@type\":\"ReadAction\",\"target\":[\"https:\/\/teiaeducation.ch\/de\/produkt\/gartengeraete-set-3-tlg-blau-glueckskaefer\/\"]}]},{\"@type\":\"ImageObject\",\"inLanguage\":\"de-CH\",\"@id\":\"https:\/\/teiaeducation.ch\/de\/produkt\/gartengeraete-set-3-tlg-blau-glueckskaefer\/#primaryimage\",\"url\":\"https:\/\/teiaeducation.ch\/wp-content\/uploads\/2021\/04\/Children-garden-tool-set-3-pieces-blue-Gluckskafer.jpg\",\"contentUrl\":\"https:\/\/teiaeducation.ch\/wp-content\/uploads\/2021\/04\/Children-garden-tool-set-3-pieces-blue-Gluckskafer.jpg\",\"width\":800,\"height\":800,\"caption\":\"Gartenger\u00e4te-Set, 3 tlg blau - Gl\u00fccksk\u00e4fer\"},{\"@type\":\"BreadcrumbList\",\"@id\":\"https:\/\/teiaeducation.ch\/de\/produkt\/gartengeraete-set-3-tlg-blau-glueckskaefer\/#breadcrumb\",\"itemListElement\":[{\"@type\":\"ListItem\",\"position\":1,\"name\":\"Home\",\"item\":\"https:\/\/teiaeducation.ch\/de\/\"},{\"@type\":\"ListItem\",\"position\":2,\"name\":\"Laden\",\"item\":\"https:\/\/teiaeducation.ch\/de\/shop\/\"},{\"@type\":\"ListItem\",\"position\":3,\"name\":\"Lernthemen\",\"item\":\"https:\/\/teiaeducation.ch\/de\/produkt-kategorie\/lernthemen\/\"},{\"@type\":\"ListItem\",\"position\":4,\"name\":\"Kultur &amp; Wissenschaft\",\"item\":\"https:\/\/teiaeducation.ch\/de\/produkt-kategorie\/lernthemen\/kultur-wissenschaft\/\"},{\"@type\":\"ListItem\",\"position\":5,\"name\":\"Botanik\",\"item\":\"https:\/\/teiaeducation.ch\/de\/produkt-kategorie\/lernthemen\/kultur-wissenschaft\/botanik\/\"},{\"@type\":\"ListItem\",\"position\":6,\"name\":\"Gartenger\u00e4te-Set, 3 tlg blau &#8211; Gl\u00fccksk\u00e4fer\"}]},{\"@type\":\"WebSite\",\"@id\":\"https:\/\/teiaeducation.ch\/de\/#website\",\"url\":\"https:\/\/teiaeducation.ch\/de\/\",\"name\":\"Sustainable Educational Products &amp; Ecological Toys\u00a0\",\"description\":\"Specialised Swiss shop selling sustainable educational toys and games, AMI certified Montessori materials, handmade ecological wooden Waldorf toys and arts &amp; crafts supplies, school supplies, children&#039;s furniture and Montessori reference and parenting books.\",\"publisher\":{\"@id\":\"https:\/\/teiaeducation.ch\/de\/#organization\"},\"alternateName\":\"Teia Education & Play\",\"potentialAction\":[{\"@type\":\"SearchAction\",\"target\":{\"@type\":\"EntryPoint\",\"urlTemplate\":\"https:\/\/teiaeducation.ch\/de\/?s={search_term_string}\"},\"query-input\":{\"@type\":\"PropertyValueSpecification\",\"valueRequired\":true,\"valueName\":\"search_term_string\"}}],\"inLanguage\":\"de-CH\"},{\"@type\":\"Organization\",\"@id\":\"https:\/\/teiaeducation.ch\/de\/#organization\",\"name\":\"Teia Education & Play\",\"url\":\"https:\/\/teiaeducation.ch\/de\/\",\"logo\":{\"@type\":\"ImageObject\",\"inLanguage\":\"de-CH\",\"@id\":\"https:\/\/teiaeducation.ch\/de\/#\/schema\/logo\/image\/\",\"url\":\"https:\/\/teiaeducation.ch\/wp-content\/uploads\/2020\/11\/Teia-Education-Switzerland-e1620156442216.jpg\",\"contentUrl\":\"https:\/\/teiaeducation.ch\/wp-content\/uploads\/2020\/11\/Teia-Education-Switzerland-e1620156442216.jpg\",\"width\":166,\"height\":145,\"caption\":\"Teia Education & Play\"},\"image\":{\"@id\":\"https:\/\/teiaeducation.ch\/de\/#\/schema\/logo\/image\/\"},\"sameAs\":[\"https:\/\/www.facebook.com\/teiaeducation\/\",\"https:\/\/x.com\/EducationTeia\",\"https:\/\/www.instagram.com\/teia.education\/\",\"https:\/\/www.linkedin.com\/company\/35501660\",\"https:\/\/www.pinterest.ch\/TeiaEducation\/\"]}]}<\/script>\n<!-- \/ Yoast SEO plugin. -->","yoast_head_json":{"title":"Gartenger\u00e4te-Set, 3 tlg blau - Gl\u00fccksk\u00e4fer","description":"Das Gl\u00fccksk\u00e4fer Gartenger\u00e4te-Set, 3 tlg blau enth\u00e4lt hochwertige Gartenger\u00e4te aus Holz in Kindergr\u00f6\u00dfe f\u00fcr das Spielen im Freien.","robots":{"index":"index","follow":"follow","max-snippet":"max-snippet:-1","max-image-preview":"max-image-preview:large","max-video-preview":"max-video-preview:-1"},"canonical":"https:\/\/teiaeducation.ch\/de\/produkt\/gartengeraete-set-3-tlg-blau-glueckskaefer\/","og_locale":"de_DE","og_type":"article","og_title":"Gartenger\u00e4te-Set, 3 tlg blau - Gl\u00fccksk\u00e4fer","og_description":"Das Gl\u00fccksk\u00e4fer Gartenger\u00e4te-Set, 3 tlg blau enth\u00e4lt hochwertige Gartenger\u00e4te aus Holz in Kindergr\u00f6\u00dfe f\u00fcr das Spielen im Freien.","og_url":"https:\/\/teiaeducation.ch\/de\/produkt\/gartengeraete-set-3-tlg-blau-glueckskaefer\/","og_site_name":"Sustainable Educational Products &amp; Ecological Toys\u00a0","article_publisher":"https:\/\/www.facebook.com\/teiaeducation\/","article_modified_time":"2025-12-11T17:29:46+00:00","og_image":[{"width":800,"height":800,"url":"https:\/\/teiaeducation.ch\/wp-content\/uploads\/2021\/04\/Children-garden-tool-set-3-pieces-blue-Gluckskafer.jpg","type":"image\/jpeg"}],"schema":{"@context":"https:\/\/schema.org","@graph":[{"@type":"WebPage","@id":"https:\/\/teiaeducation.ch\/de\/produkt\/gartengeraete-set-3-tlg-blau-glueckskaefer\/","url":"https:\/\/teiaeducation.ch\/de\/produkt\/gartengeraete-set-3-tlg-blau-glueckskaefer\/","name":"Gartenger\u00e4te-Set, 3 tlg blau - Gl\u00fccksk\u00e4fer","isPartOf":{"@id":"https:\/\/teiaeducation.ch\/de\/#website"},"primaryImageOfPage":{"@id":"https:\/\/teiaeducation.ch\/de\/produkt\/gartengeraete-set-3-tlg-blau-glueckskaefer\/#primaryimage"},"image":{"@id":"https:\/\/teiaeducation.ch\/de\/produkt\/gartengeraete-set-3-tlg-blau-glueckskaefer\/#primaryimage"},"thumbnailUrl":"https:\/\/teiaeducation.ch\/wp-content\/uploads\/2021\/04\/Children-garden-tool-set-3-pieces-blue-Gluckskafer.jpg","datePublished":"2021-04-11T13:18:21+00:00","dateModified":"2025-12-11T17:29:46+00:00","description":"Das Gl\u00fccksk\u00e4fer Gartenger\u00e4te-Set, 3 tlg blau enth\u00e4lt hochwertige Gartenger\u00e4te aus Holz in Kindergr\u00f6\u00dfe f\u00fcr das Spielen im Freien.","breadcrumb":{"@id":"https:\/\/teiaeducation.ch\/de\/produkt\/gartengeraete-set-3-tlg-blau-glueckskaefer\/#breadcrumb"},"inLanguage":"de-CH","potentialAction":[{"@type":"ReadAction","target":["https:\/\/teiaeducation.ch\/de\/produkt\/gartengeraete-set-3-tlg-blau-glueckskaefer\/"]}]},{"@type":"ImageObject","inLanguage":"de-CH","@id":"https:\/\/teiaeducation.ch\/de\/produkt\/gartengeraete-set-3-tlg-blau-glueckskaefer\/#primaryimage","url":"https:\/\/teiaeducation.ch\/wp-content\/uploads\/2021\/04\/Children-garden-tool-set-3-pieces-blue-Gluckskafer.jpg","contentUrl":"https:\/\/teiaeducation.ch\/wp-content\/uploads\/2021\/04\/Children-garden-tool-set-3-pieces-blue-Gluckskafer.jpg","width":800,"height":800,"caption":"Gartenger\u00e4te-Set, 3 tlg blau - Gl\u00fccksk\u00e4fer"},{"@type":"BreadcrumbList","@id":"https:\/\/teiaeducation.ch\/de\/produkt\/gartengeraete-set-3-tlg-blau-glueckskaefer\/#breadcrumb","itemListElement":[{"@type":"ListItem","position":1,"name":"Home","item":"https:\/\/teiaeducation.ch\/de\/"},{"@type":"ListItem","position":2,"name":"Laden","item":"https:\/\/teiaeducation.ch\/de\/shop\/"},{"@type":"ListItem","position":3,"name":"Lernthemen","item":"https:\/\/teiaeducation.ch\/de\/produkt-kategorie\/lernthemen\/"},{"@type":"ListItem","position":4,"name":"Kultur &amp; Wissenschaft","item":"https:\/\/teiaeducation.ch\/de\/produkt-kategorie\/lernthemen\/kultur-wissenschaft\/"},{"@type":"ListItem","position":5,"name":"Botanik","item":"https:\/\/teiaeducation.ch\/de\/produkt-kategorie\/lernthemen\/kultur-wissenschaft\/botanik\/"},{"@type":"ListItem","position":6,"name":"Gartenger\u00e4te-Set, 3 tlg blau &#8211; Gl\u00fccksk\u00e4fer"}]},{"@type":"WebSite","@id":"https:\/\/teiaeducation.ch\/de\/#website","url":"https:\/\/teiaeducation.ch\/de\/","name":"Sustainable Educational Products &amp; Ecological Toys\u00a0","description":"Specialised Swiss shop selling sustainable educational toys and games, AMI certified Montessori materials, handmade ecological wooden Waldorf toys and arts &amp; crafts supplies, school supplies, children&#039;s furniture and Montessori reference and parenting books.","publisher":{"@id":"https:\/\/teiaeducation.ch\/de\/#organization"},"alternateName":"Teia Education & Play","potentialAction":[{"@type":"SearchAction","target":{"@type":"EntryPoint","urlTemplate":"https:\/\/teiaeducation.ch\/de\/?s={search_term_string}"},"query-input":{"@type":"PropertyValueSpecification","valueRequired":true,"valueName":"search_term_string"}}],"inLanguage":"de-CH"},{"@type":"Organization","@id":"https:\/\/teiaeducation.ch\/de\/#organization","name":"Teia Education & Play","url":"https:\/\/teiaeducation.ch\/de\/","logo":{"@type":"ImageObject","inLanguage":"de-CH","@id":"https:\/\/teiaeducation.ch\/de\/#\/schema\/logo\/image\/","url":"https:\/\/teiaeducation.ch\/wp-content\/uploads\/2020\/11\/Teia-Education-Switzerland-e1620156442216.jpg","contentUrl":"https:\/\/teiaeducation.ch\/wp-content\/uploads\/2020\/11\/Teia-Education-Switzerland-e1620156442216.jpg","width":166,"height":145,"caption":"Teia Education & Play"},"image":{"@id":"https:\/\/teiaeducation.ch\/de\/#\/schema\/logo\/image\/"},"sameAs":["https:\/\/www.facebook.com\/teiaeducation\/","https:\/\/x.com\/EducationTeia","https:\/\/www.instagram.com\/teia.education\/","https:\/\/www.linkedin.com\/company\/35501660","https:\/\/www.pinterest.ch\/TeiaEducation\/"]}]}},"_links":{"self":[{"href":"https:\/\/teiaeducation.ch\/de\/wp-json\/wp\/v2\/product\/59054","targetHints":{"allow":["GET"]}}],"collection":[{"href":"https:\/\/teiaeducation.ch\/de\/wp-json\/wp\/v2\/product"}],"about":[{"href":"https:\/\/teiaeducation.ch\/de\/wp-json\/wp\/v2\/types\/product"}],"replies":[{"embeddable":true,"href":"https:\/\/teiaeducation.ch\/de\/wp-json\/wp\/v2\/comments?post=59054"}],"wp:featuredmedia":[{"embeddable":true,"href":"https:\/\/teiaeducation.ch\/de\/wp-json\/wp\/v2\/media\/59055"}],"wp:attachment":[{"href":"https:\/\/teiaeducation.ch\/de\/wp-json\/wp\/v2\/media?parent=59054"}],"wp:term":[{"taxonomy":"product_brand","embeddable":true,"href":"https:\/\/teiaeducation.ch\/de\/wp-json\/wp\/v2\/product_brand?post=59054"},{"taxonomy":"product_cat","embeddable":true,"href":"https:\/\/teiaeducation.ch\/de\/wp-json\/wp\/v2\/product_cat?post=59054"},{"taxonomy":"product_tag","embeddable":true,"href":"https:\/\/teiaeducation.ch\/de\/wp-json\/wp\/v2\/product_tag?post=59054"}],"curies":[{"name":"wp","href":"https:\/\/api.w.org\/{rel}","templated":true}]}}