{"id":59061,"date":"2020-12-23T13:09:27","date_gmt":"2020-12-23T12:09:27","guid":{"rendered":"https:\/\/teiaeducation.ch\/product\/kerze-bunte-regenbogen-streifen-glueckskaefer\/"},"modified":"2026-01-17T11:37:08","modified_gmt":"2026-01-17T10:37:08","slug":"kerze-bunte-regenbogen-streifen-glueckskaefer","status":"publish","type":"product","link":"https:\/\/teiaeducation.ch\/de\/produkt\/kerze-bunte-regenbogen-streifen-glueckskaefer\/","title":{"rendered":"Kerze-Bunte Regenbogen Streifen 1 St. &#8211; Gl\u00fccksk\u00e4fer"},"content":{"rendered":"<p>Dieser sch\u00f6ne Geburtstags-Kerze-Bunte Regenbogen Streifen aus unserer <a href=\"https:\/\/teiaeducation.ch\/product-category\/celebrations\/\">Feste-Kollektion<\/a> ist handgefertigt und handbemalt in Deutschland und eignet sich perfekt als Erg\u00e4nzung zu Ihrem Gl\u00fccksk\u00e4fer-<a href=\"https:\/\/teiaeducation.ch\/product\/birthday-ring-natural-wood-gluckskafer\/\">Geburtstagsring<\/a>, Weihnachts-Adventsring oder Waldorf-Feste-Ring. Die Kerze passt in die Gl\u00fccksk\u00e4fer-Geburtstagsringe, den <a href=\"https:\/\/teiaeducation.ch\/product\/wooden-birthday-train-gluckskafer\/\">Geburtstagszug<\/a> sowie in alle Grimm&#8217;s Spiel und Holz-Feier<a href=\"https:\/\/teiaeducation.ch\/product\/small-natural-wood-birthday-ring-grimms\/\">ringe<\/a>, Geburtstags- und Advents<a href=\"https:\/\/teiaeducation.ch\/product\/colourful-birthday-spiral-grimms\/\">spiralen<\/a> &#8211; und wird garantiert zu einem Teil des j\u00e4hrlichen Rituals f\u00fcr Ihr Kind. Die Kerze ist so bemessen, dass sie in unseren <a href=\"https:\/\/teiaeducation.ch\/product\/aluminium-candle-holder-gluckskafer\/\">Kerzeneinsatzhalter<\/a> passt, der ein sicheres Abbrennen der Kerze gew\u00e4hrleistet.<\/p>\n<p>Einzeln erh\u00e4ltlich. Bitte beachten Sie, dass die Kerzen ohne den Einsatz nicht in den verschiedenen Ringen und Spiralen stehen k\u00f6nnen.<\/p>\n<p>Die farbenfrohen Gl\u00fccksk\u00e4fer <a href=\"https:\/\/teiaeducation.ch\/product-category\/hgh-quality-toys-play\/handmade-wooden-toys\/\">Holzspielzeuge<\/a> sind ideal f\u00fcr das Spielen zu Hause, im Kindergarten, in der Waldorf- oder <a href=\"https:\/\/teiaeducation.ch\/waldorf-steiner-schools-supplies\/\">Steinerschule<\/a>. Sie sind nach der <a href=\"https:\/\/teiaeducation.ch\/product-category\/education-method\/waldorf-steiner-toys-craft-materials\/\">Waldorf Philosophie<\/a> gefertigt, die daf\u00fcr bekannt ist, dass sie Kinder dazu ermutigen, das kreative Spiel unabh\u00e4ngig und ohne Grenzen zu entdecken. Alle hochwertigen Spielzeuge von Gl\u00fccksk\u00e4fer werden in Deutschland in Handarbeit mit ungiftigen Farben auf Wasserbasis hergestellt und gef\u00e4rbt und nicht lackiert, damit die urspr\u00fcnglichen Eigenschaften des Holzes und die Maserung erhalten bleiben.<\/p>\n<p>Die <a href=\"https:\/\/teiaeducation.ch\/product-category\/brands\/gluckskafer\/\">Gl\u00fccksk\u00e4fer<\/a> sind Teil des traditionsreichen deutschen Spielzeugherstellers Nic Toys, der f\u00fcr h\u00f6chste Qualit\u00e4tsstandards bei Produkten zur F\u00f6rderung der kindlichen Entwicklung bekannt ist, die auf ethische und nachhaltige Weise hergestellt werden.<\/p>\n<p>Der Kerze-Bunte Regenbogen Streifen wird in Deutschland von AHS Spielzeug f\u00fcr Gl\u00fccksk\u00e4fer hergestellt.<\/p>\n<p>Achtung! Dies ist ein Dekorationsartikel und nicht zum Spielen geeignet. Wenn die Kerzen unbeaufsichtigt gelassen werden, k\u00f6nnen die dazu verwendeten Holzteile, wie z. B. der Festring, dennoch brennen. Bitte seien Sie beim Abbrennen von Kerzen immer vorsichtig.<\/p>\n<p>Aus Sicherheitsgr\u00fcnden sollten Sie bei der Verwendung von Kerzen Kerzenhalter verwenden und darauf achten, dass keine Zugluft entsteht und sich keine dekorative Figur in der N\u00e4he der Flammen befindet. Dieses Material ist f\u00fcr Kinder ab 14 Jahren geeignet.<\/p>\n<p>Inhalt:<\/p>\n<p>1 Kerze-Bunte Regenbogen Streifen<\/p>\n","protected":false},"excerpt":{"rendered":"<p>Artikelnummer: 522725<\/p>\n<p>Ein wundersch\u00f6ner handgefertigter Kerze-Bunte Regenbogen Streifen f\u00fcr den Gl\u00fccksk\u00e4fer-Geburtstagsring, Weihnachts-Adventsring oder Waldorf-Festtagsring sowie Grimms Festtagsringe.<\/p>\n","protected":false},"featured_media":40660,"comment_status":"open","ping_status":"closed","template":"","meta":[],"product_brand":[],"product_cat":[21479,21465,22347,21631,21443,22351,21564,21483],"product_tag":[23459,23463,23461,23465,23464,22143,21712,27894,27764,23462,23460],"class_list":{"0":"post-59061","1":"product","2":"type-product","3":"status-publish","4":"has-post-thumbnail","6":"product_cat-lernmaterialien-spielzeug-montessori-waldorf-steiner-froebel","7":"product_cat-feier-festlichkeiten","8":"product_cat-geburtstage","9":"product_cat-glueckskaefer","10":"product_cat-nach-alter","11":"product_cat-rituale-adventszeit","12":"product_cat-unsere-marken","13":"product_cat-waldorf-steiner-paedagogik","14":"product_tag-gluckskafer-de","15":"product_tag-gluckskafer-bunte-formen","16":"product_tag-gluckskafer-bunte-formen-aus-holz","17":"product_tag-gluckskafer-holzerne-bunte-formen","18":"product_tag-gluckskafer-schweiz-de","19":"product_tag-handgefertigtes-holzspielzeug-de","20":"product_tag-hergestellt-in-deutschland","21":"product_tag-kerze-bunte-regenbogen-streifen","22":"product_tag-waldorf-feiern-ring-accessoire-gluckskafer","23":"product_tag-waldorf-holzspielzeug","24":"product_tag-waldorfspielzeug-aus-holz-de","26":"first","27":"instock","28":"taxable","29":"shipping-taxable","30":"purchasable","31":"product-type-simple"},"yoast_head":"<!-- This site is optimized with the Yoast SEO plugin v27.1.1 - https:\/\/yoast.com\/product\/yoast-seo-wordpress\/ -->\n<title>Kerze-Bunte Regenbogen Streifen \u2013 Gl\u00fccksk\u00e4fer<\/title>\n<meta name=\"description\" content=\"Ein wundersch\u00f6ner handgefertigter Kerze-Bunte Regenbogen Streifen f\u00fcr den Gl\u00fccksk\u00e4fer-Geburtstagsring, Weihnachts-Adventsring oder Waldorf-Festtagsring.\" \/>\n<meta name=\"robots\" content=\"index, follow, max-snippet:-1, max-image-preview:large, max-video-preview:-1\" \/>\n<link rel=\"canonical\" href=\"https:\/\/teiaeducation.ch\/de\/produkt\/kerze-bunte-regenbogen-streifen-glueckskaefer\/\" \/>\n<meta property=\"og:locale\" content=\"de_DE\" \/>\n<meta property=\"og:type\" content=\"article\" \/>\n<meta property=\"og:title\" content=\"Kerze-Bunte Regenbogen Streifen \u2013 Gl\u00fccksk\u00e4fer\" \/>\n<meta property=\"og:description\" content=\"Ein wundersch\u00f6ner handgefertigter Kerze-Bunte Regenbogen Streifen f\u00fcr den Gl\u00fccksk\u00e4fer-Geburtstagsring, Weihnachts-Adventsring oder Waldorf-Festtagsring.\" \/>\n<meta property=\"og:url\" content=\"https:\/\/teiaeducation.ch\/de\/produkt\/kerze-bunte-regenbogen-streifen-glueckskaefer\/\" \/>\n<meta property=\"og:site_name\" content=\"Sustainable Educational Products &amp; Ecological Toys\u00a0\" \/>\n<meta property=\"article:publisher\" content=\"https:\/\/www.facebook.com\/teiaeducation\/\" \/>\n<meta property=\"article:modified_time\" content=\"2026-01-17T10:37:08+00:00\" \/>\n<meta property=\"og:image\" content=\"https:\/\/teiaeducation.ch\/wp-content\/uploads\/2020\/12\/Candle-rainbow-stripes-Waldorf-celebrations-ring-accessory-Gluckskafer.jpg\" \/>\n\t<meta property=\"og:image:width\" content=\"800\" \/>\n\t<meta property=\"og:image:height\" content=\"800\" \/>\n\t<meta property=\"og:image:type\" content=\"image\/jpeg\" \/>\n<script type=\"application\/ld+json\" class=\"yoast-schema-graph\">{\"@context\":\"https:\/\/schema.org\",\"@graph\":[{\"@type\":\"WebPage\",\"@id\":\"https:\/\/teiaeducation.ch\/de\/produkt\/kerze-bunte-regenbogen-streifen-glueckskaefer\/\",\"url\":\"https:\/\/teiaeducation.ch\/de\/produkt\/kerze-bunte-regenbogen-streifen-glueckskaefer\/\",\"name\":\"Kerze-Bunte Regenbogen Streifen \u2013 Gl\u00fccksk\u00e4fer\",\"isPartOf\":{\"@id\":\"https:\/\/teiaeducation.ch\/de\/#website\"},\"primaryImageOfPage\":{\"@id\":\"https:\/\/teiaeducation.ch\/de\/produkt\/kerze-bunte-regenbogen-streifen-glueckskaefer\/#primaryimage\"},\"image\":{\"@id\":\"https:\/\/teiaeducation.ch\/de\/produkt\/kerze-bunte-regenbogen-streifen-glueckskaefer\/#primaryimage\"},\"thumbnailUrl\":\"https:\/\/teiaeducation.ch\/wp-content\/uploads\/2020\/12\/Candle-rainbow-stripes-Waldorf-celebrations-ring-accessory-Gluckskafer.jpg\",\"datePublished\":\"2020-12-23T12:09:27+00:00\",\"dateModified\":\"2026-01-17T10:37:08+00:00\",\"description\":\"Ein wundersch\u00f6ner handgefertigter Kerze-Bunte Regenbogen Streifen f\u00fcr den Gl\u00fccksk\u00e4fer-Geburtstagsring, Weihnachts-Adventsring oder Waldorf-Festtagsring.\",\"breadcrumb\":{\"@id\":\"https:\/\/teiaeducation.ch\/de\/produkt\/kerze-bunte-regenbogen-streifen-glueckskaefer\/#breadcrumb\"},\"inLanguage\":\"de-CH\",\"potentialAction\":[{\"@type\":\"ReadAction\",\"target\":[\"https:\/\/teiaeducation.ch\/de\/produkt\/kerze-bunte-regenbogen-streifen-glueckskaefer\/\"]}]},{\"@type\":\"ImageObject\",\"inLanguage\":\"de-CH\",\"@id\":\"https:\/\/teiaeducation.ch\/de\/produkt\/kerze-bunte-regenbogen-streifen-glueckskaefer\/#primaryimage\",\"url\":\"https:\/\/teiaeducation.ch\/wp-content\/uploads\/2020\/12\/Candle-rainbow-stripes-Waldorf-celebrations-ring-accessory-Gluckskafer.jpg\",\"contentUrl\":\"https:\/\/teiaeducation.ch\/wp-content\/uploads\/2020\/12\/Candle-rainbow-stripes-Waldorf-celebrations-ring-accessory-Gluckskafer.jpg\",\"width\":800,\"height\":800,\"caption\":\"Kerze-Bunte Regenbogen Streifen : Waldorf Feste Ring Accessoire - Gl\u00fccksk\u00e4fer\"},{\"@type\":\"BreadcrumbList\",\"@id\":\"https:\/\/teiaeducation.ch\/de\/produkt\/kerze-bunte-regenbogen-streifen-glueckskaefer\/#breadcrumb\",\"itemListElement\":[{\"@type\":\"ListItem\",\"position\":1,\"name\":\"Home\",\"item\":\"https:\/\/teiaeducation.ch\/de\/\"},{\"@type\":\"ListItem\",\"position\":2,\"name\":\"Laden\",\"item\":\"https:\/\/teiaeducation.ch\/de\/shop\/\"},{\"@type\":\"ListItem\",\"position\":3,\"name\":\"Feier &amp; Festlichkeiten\",\"item\":\"https:\/\/teiaeducation.ch\/de\/produkt-kategorie\/feier-festlichkeiten\/\"},{\"@type\":\"ListItem\",\"position\":4,\"name\":\"Geburtstage\",\"item\":\"https:\/\/teiaeducation.ch\/de\/produkt-kategorie\/feier-festlichkeiten\/geburtstage\/\"},{\"@type\":\"ListItem\",\"position\":5,\"name\":\"Kerze-Bunte Regenbogen Streifen 1 St. &#8211; Gl\u00fccksk\u00e4fer\"}]},{\"@type\":\"WebSite\",\"@id\":\"https:\/\/teiaeducation.ch\/de\/#website\",\"url\":\"https:\/\/teiaeducation.ch\/de\/\",\"name\":\"Sustainable Educational Products &amp; Ecological Toys\u00a0\",\"description\":\"Specialised Swiss shop selling sustainable educational toys and games, AMI certified Montessori materials, handmade ecological wooden Waldorf toys and arts &amp; crafts supplies, school supplies, children&#039;s furniture and Montessori reference and parenting books.\",\"publisher\":{\"@id\":\"https:\/\/teiaeducation.ch\/de\/#organization\"},\"alternateName\":\"Teia Education & Play\",\"potentialAction\":[{\"@type\":\"SearchAction\",\"target\":{\"@type\":\"EntryPoint\",\"urlTemplate\":\"https:\/\/teiaeducation.ch\/de\/?s={search_term_string}\"},\"query-input\":{\"@type\":\"PropertyValueSpecification\",\"valueRequired\":true,\"valueName\":\"search_term_string\"}}],\"inLanguage\":\"de-CH\"},{\"@type\":\"Organization\",\"@id\":\"https:\/\/teiaeducation.ch\/de\/#organization\",\"name\":\"Teia Education & Play\",\"url\":\"https:\/\/teiaeducation.ch\/de\/\",\"logo\":{\"@type\":\"ImageObject\",\"inLanguage\":\"de-CH\",\"@id\":\"https:\/\/teiaeducation.ch\/de\/#\/schema\/logo\/image\/\",\"url\":\"https:\/\/teiaeducation.ch\/wp-content\/uploads\/2020\/11\/Teia-Education-Switzerland-e1620156442216.jpg\",\"contentUrl\":\"https:\/\/teiaeducation.ch\/wp-content\/uploads\/2020\/11\/Teia-Education-Switzerland-e1620156442216.jpg\",\"width\":166,\"height\":145,\"caption\":\"Teia Education & Play\"},\"image\":{\"@id\":\"https:\/\/teiaeducation.ch\/de\/#\/schema\/logo\/image\/\"},\"sameAs\":[\"https:\/\/www.facebook.com\/teiaeducation\/\",\"https:\/\/x.com\/EducationTeia\",\"https:\/\/www.instagram.com\/teia.education\/\",\"https:\/\/www.linkedin.com\/company\/35501660\",\"https:\/\/www.pinterest.ch\/TeiaEducation\/\"]}]}<\/script>\n<!-- \/ Yoast SEO plugin. -->","yoast_head_json":{"title":"Kerze-Bunte Regenbogen Streifen \u2013 Gl\u00fccksk\u00e4fer","description":"Ein wundersch\u00f6ner handgefertigter Kerze-Bunte Regenbogen Streifen f\u00fcr den Gl\u00fccksk\u00e4fer-Geburtstagsring, Weihnachts-Adventsring oder Waldorf-Festtagsring.","robots":{"index":"index","follow":"follow","max-snippet":"max-snippet:-1","max-image-preview":"max-image-preview:large","max-video-preview":"max-video-preview:-1"},"canonical":"https:\/\/teiaeducation.ch\/de\/produkt\/kerze-bunte-regenbogen-streifen-glueckskaefer\/","og_locale":"de_DE","og_type":"article","og_title":"Kerze-Bunte Regenbogen Streifen \u2013 Gl\u00fccksk\u00e4fer","og_description":"Ein wundersch\u00f6ner handgefertigter Kerze-Bunte Regenbogen Streifen f\u00fcr den Gl\u00fccksk\u00e4fer-Geburtstagsring, Weihnachts-Adventsring oder Waldorf-Festtagsring.","og_url":"https:\/\/teiaeducation.ch\/de\/produkt\/kerze-bunte-regenbogen-streifen-glueckskaefer\/","og_site_name":"Sustainable Educational Products &amp; Ecological Toys\u00a0","article_publisher":"https:\/\/www.facebook.com\/teiaeducation\/","article_modified_time":"2026-01-17T10:37:08+00:00","og_image":[{"width":800,"height":800,"url":"https:\/\/teiaeducation.ch\/wp-content\/uploads\/2020\/12\/Candle-rainbow-stripes-Waldorf-celebrations-ring-accessory-Gluckskafer.jpg","type":"image\/jpeg"}],"schema":{"@context":"https:\/\/schema.org","@graph":[{"@type":"WebPage","@id":"https:\/\/teiaeducation.ch\/de\/produkt\/kerze-bunte-regenbogen-streifen-glueckskaefer\/","url":"https:\/\/teiaeducation.ch\/de\/produkt\/kerze-bunte-regenbogen-streifen-glueckskaefer\/","name":"Kerze-Bunte Regenbogen Streifen \u2013 Gl\u00fccksk\u00e4fer","isPartOf":{"@id":"https:\/\/teiaeducation.ch\/de\/#website"},"primaryImageOfPage":{"@id":"https:\/\/teiaeducation.ch\/de\/produkt\/kerze-bunte-regenbogen-streifen-glueckskaefer\/#primaryimage"},"image":{"@id":"https:\/\/teiaeducation.ch\/de\/produkt\/kerze-bunte-regenbogen-streifen-glueckskaefer\/#primaryimage"},"thumbnailUrl":"https:\/\/teiaeducation.ch\/wp-content\/uploads\/2020\/12\/Candle-rainbow-stripes-Waldorf-celebrations-ring-accessory-Gluckskafer.jpg","datePublished":"2020-12-23T12:09:27+00:00","dateModified":"2026-01-17T10:37:08+00:00","description":"Ein wundersch\u00f6ner handgefertigter Kerze-Bunte Regenbogen Streifen f\u00fcr den Gl\u00fccksk\u00e4fer-Geburtstagsring, Weihnachts-Adventsring oder Waldorf-Festtagsring.","breadcrumb":{"@id":"https:\/\/teiaeducation.ch\/de\/produkt\/kerze-bunte-regenbogen-streifen-glueckskaefer\/#breadcrumb"},"inLanguage":"de-CH","potentialAction":[{"@type":"ReadAction","target":["https:\/\/teiaeducation.ch\/de\/produkt\/kerze-bunte-regenbogen-streifen-glueckskaefer\/"]}]},{"@type":"ImageObject","inLanguage":"de-CH","@id":"https:\/\/teiaeducation.ch\/de\/produkt\/kerze-bunte-regenbogen-streifen-glueckskaefer\/#primaryimage","url":"https:\/\/teiaeducation.ch\/wp-content\/uploads\/2020\/12\/Candle-rainbow-stripes-Waldorf-celebrations-ring-accessory-Gluckskafer.jpg","contentUrl":"https:\/\/teiaeducation.ch\/wp-content\/uploads\/2020\/12\/Candle-rainbow-stripes-Waldorf-celebrations-ring-accessory-Gluckskafer.jpg","width":800,"height":800,"caption":"Kerze-Bunte Regenbogen Streifen : Waldorf Feste Ring Accessoire - Gl\u00fccksk\u00e4fer"},{"@type":"BreadcrumbList","@id":"https:\/\/teiaeducation.ch\/de\/produkt\/kerze-bunte-regenbogen-streifen-glueckskaefer\/#breadcrumb","itemListElement":[{"@type":"ListItem","position":1,"name":"Home","item":"https:\/\/teiaeducation.ch\/de\/"},{"@type":"ListItem","position":2,"name":"Laden","item":"https:\/\/teiaeducation.ch\/de\/shop\/"},{"@type":"ListItem","position":3,"name":"Feier &amp; Festlichkeiten","item":"https:\/\/teiaeducation.ch\/de\/produkt-kategorie\/feier-festlichkeiten\/"},{"@type":"ListItem","position":4,"name":"Geburtstage","item":"https:\/\/teiaeducation.ch\/de\/produkt-kategorie\/feier-festlichkeiten\/geburtstage\/"},{"@type":"ListItem","position":5,"name":"Kerze-Bunte Regenbogen Streifen 1 St. &#8211; Gl\u00fccksk\u00e4fer"}]},{"@type":"WebSite","@id":"https:\/\/teiaeducation.ch\/de\/#website","url":"https:\/\/teiaeducation.ch\/de\/","name":"Sustainable Educational Products &amp; Ecological Toys\u00a0","description":"Specialised Swiss shop selling sustainable educational toys and games, AMI certified Montessori materials, handmade ecological wooden Waldorf toys and arts &amp; crafts supplies, school supplies, children&#039;s furniture and Montessori reference and parenting books.","publisher":{"@id":"https:\/\/teiaeducation.ch\/de\/#organization"},"alternateName":"Teia Education & Play","potentialAction":[{"@type":"SearchAction","target":{"@type":"EntryPoint","urlTemplate":"https:\/\/teiaeducation.ch\/de\/?s={search_term_string}"},"query-input":{"@type":"PropertyValueSpecification","valueRequired":true,"valueName":"search_term_string"}}],"inLanguage":"de-CH"},{"@type":"Organization","@id":"https:\/\/teiaeducation.ch\/de\/#organization","name":"Teia Education & Play","url":"https:\/\/teiaeducation.ch\/de\/","logo":{"@type":"ImageObject","inLanguage":"de-CH","@id":"https:\/\/teiaeducation.ch\/de\/#\/schema\/logo\/image\/","url":"https:\/\/teiaeducation.ch\/wp-content\/uploads\/2020\/11\/Teia-Education-Switzerland-e1620156442216.jpg","contentUrl":"https:\/\/teiaeducation.ch\/wp-content\/uploads\/2020\/11\/Teia-Education-Switzerland-e1620156442216.jpg","width":166,"height":145,"caption":"Teia Education & Play"},"image":{"@id":"https:\/\/teiaeducation.ch\/de\/#\/schema\/logo\/image\/"},"sameAs":["https:\/\/www.facebook.com\/teiaeducation\/","https:\/\/x.com\/EducationTeia","https:\/\/www.instagram.com\/teia.education\/","https:\/\/www.linkedin.com\/company\/35501660","https:\/\/www.pinterest.ch\/TeiaEducation\/"]}]}},"_links":{"self":[{"href":"https:\/\/teiaeducation.ch\/de\/wp-json\/wp\/v2\/product\/59061","targetHints":{"allow":["GET"]}}],"collection":[{"href":"https:\/\/teiaeducation.ch\/de\/wp-json\/wp\/v2\/product"}],"about":[{"href":"https:\/\/teiaeducation.ch\/de\/wp-json\/wp\/v2\/types\/product"}],"replies":[{"embeddable":true,"href":"https:\/\/teiaeducation.ch\/de\/wp-json\/wp\/v2\/comments?post=59061"}],"wp:featuredmedia":[{"embeddable":true,"href":"https:\/\/teiaeducation.ch\/de\/wp-json\/wp\/v2\/media\/40660"}],"wp:attachment":[{"href":"https:\/\/teiaeducation.ch\/de\/wp-json\/wp\/v2\/media?parent=59061"}],"wp:term":[{"taxonomy":"product_brand","embeddable":true,"href":"https:\/\/teiaeducation.ch\/de\/wp-json\/wp\/v2\/product_brand?post=59061"},{"taxonomy":"product_cat","embeddable":true,"href":"https:\/\/teiaeducation.ch\/de\/wp-json\/wp\/v2\/product_cat?post=59061"},{"taxonomy":"product_tag","embeddable":true,"href":"https:\/\/teiaeducation.ch\/de\/wp-json\/wp\/v2\/product_tag?post=59061"}],"curies":[{"name":"wp","href":"https:\/\/api.w.org\/{rel}","templated":true}]}}