{"id":59062,"date":"2020-12-23T13:03:33","date_gmt":"2020-12-23T12:03:33","guid":{"rendered":"https:\/\/teiaeducation.ch\/product\/kerze-konfetti-glueckskaefer\/"},"modified":"2025-06-27T09:16:19","modified_gmt":"2025-06-27T07:16:19","slug":"kerze-konfetti-glueckskaefer","status":"publish","type":"product","link":"https:\/\/teiaeducation.ch\/de\/produkt\/kerze-konfetti-glueckskaefer\/","title":{"rendered":"Kerze-Konfetti 1 St. &#8211; Gl\u00fccksk\u00e4fer"},"content":{"rendered":"<p>Birthday Kerze-Konfetti \/ Waldorf Feste Ring Accessoire &#8211; Gl\u00fccksk\u00e4fer<\/p>\n<p>Diese wundersch\u00f6ne Geburtstagskerze mit buntem Konfetti-Muster aus unserer <a href=\"https:\/\/teiaeducation.ch\/product-category\/celebrations\/\">Feste-Kollektion<\/a> wird in Deutschland handgefertigt und handbemalt und ist perfekt, um Ihren Gl\u00fccksk\u00e4fer-Geburtstagsring, Weihnachts-Adventsring oder Waldorf-Feste-Ring in einen Kerzenhalter zu verwandeln. Die Kerze passt in die Gl\u00fccksk\u00e4fer-Geburtstagsringe, den Geburtstagszug sowie in alle Grimm&#8217;s Spiel und Holz-Feierringe, Geburtstags- und Adventsspiralen &#8211; und wird garantiert zu einem Teil des j\u00e4hrlichen Rituals f\u00fcr Ihr Kind. Die Kerze ist so bemessen, dass sie in unseren <a href=\"https:\/\/teiaeducation.ch\/product\/aluminium-candle-holder-gluckskafer\/\">Kerzeneinsatzhalter<\/a> passt, der ein sicheres Abbrennen der Kerze gew\u00e4hrleistet.<\/p>\n<p>Einzeln erh\u00e4ltlich. Bitte beachten Sie, dass die Kerzen ohne den Einsatz nicht in den verschiedenen Ringen und Spiralen stehen k\u00f6nnen.<\/p>\n<p>Die farbenfrohen Gl\u00fccksk\u00e4fer Holzspielzeuge sind ideal f\u00fcr das Spielen zu Hause, im Kindergarten, in der Waldorf- oder Steinerschule. Sie sind nach der Waldorf Philosophie gefertigt, die daf\u00fcr bekannt ist, dass sie Kinder dazu ermutigen, das kreative Spiel unabh\u00e4ngig und ohne Grenzen zu entdecken. Alle hochwertigen Spielzeuge von Gl\u00fccksk\u00e4fer werden in Deutschland in Handarbeit mit ungiftigen Farben auf Wasserbasis hergestellt und gef\u00e4rbt und nicht lackiert, damit die urspr\u00fcnglichen Eigenschaften des Holzes und die Maserung erhalten bleiben.<\/p>\n<p>Die Kerze mit Konfetti-Muster wird in Deutschland von AHS Spielzeug f\u00fcr Gl\u00fccksk\u00e4fer hergestellt.<\/p>\n<p>Achtung! Dies ist ein Dekorationsartikel und nicht zum Spielen geeignet. Wenn die Kerzen unbeaufsichtigt gelassen werden, k\u00f6nnen die dazu verwendeten Holzteile, wie z. B. der Festring, dennoch brennen. Bitte seien Sie beim Abbrennen von Kerzen immer vorsichtig.<\/p>\n<p>Aus Sicherheitsgr\u00fcnden sollten Sie bei der Verwendung von Kerzen Kerzenhalter verwenden und darauf achten, dass keine Zugluft entsteht und sich keine dekorative Figur in der N\u00e4he der Flammen befindet. Dieses Material ist f\u00fcr Kinder ab 14 Jahren geeignet.<\/p>\n<p>Inhalt:<\/p>\n<p>1 Geburtstagskerze mit Konfetti-Muster<\/p>\n","protected":false},"excerpt":{"rendered":"<p>Artikelnummer: 522723<\/p>\n<p>Eine wundersch\u00f6ne handgefertigte Kerze mit Konfetti-Muster f\u00fcr den Gl\u00fccksk\u00e4fer-Geburtstagsring, Weihnachts-Adventsring oder Waldorf-Feierring sowie Grimms-Feierringe.<\/p>\n","protected":false},"featured_media":59063,"comment_status":"open","ping_status":"closed","template":"","meta":[],"product_brand":[],"product_cat":[21479,21465,22347,21631,21443,22351,21564,21483],"product_tag":[23459,23463,23461,23465,23464,22143,21712,27894,27764,23462,23460],"class_list":{"0":"post-59062","1":"product","2":"type-product","3":"status-publish","4":"has-post-thumbnail","6":"product_cat-lernmaterialien-spielzeug-montessori-waldorf-steiner-froebel","7":"product_cat-feier-festlichkeiten","8":"product_cat-geburtstage","9":"product_cat-glueckskaefer","10":"product_cat-nach-alter","11":"product_cat-rituale-adventszeit","12":"product_cat-unsere-marken","13":"product_cat-waldorf-steiner-paedagogik","14":"product_tag-gluckskafer-de","15":"product_tag-gluckskafer-bunte-formen","16":"product_tag-gluckskafer-bunte-formen-aus-holz","17":"product_tag-gluckskafer-holzerne-bunte-formen","18":"product_tag-gluckskafer-schweiz-de","19":"product_tag-handgefertigtes-holzspielzeug-de","20":"product_tag-hergestellt-in-deutschland","21":"product_tag-kerze-bunte-regenbogen-streifen","22":"product_tag-waldorf-feiern-ring-accessoire-gluckskafer","23":"product_tag-waldorf-holzspielzeug","24":"product_tag-waldorfspielzeug-aus-holz-de","26":"first","27":"outofstock","28":"taxable","29":"shipping-taxable","30":"purchasable","31":"product-type-simple"},"yoast_head":"<!-- This site is optimized with the Yoast SEO plugin v27.1.1 - https:\/\/yoast.com\/product\/yoast-seo-wordpress\/ -->\n<title>Kerze-Konfetti \u2013 Gl\u00fccksk\u00e4fer<\/title>\n<meta name=\"description\" content=\"Eine sch\u00f6ne handgefertigte Kerze mit Konfetti-Muster f\u00fcr den Gl\u00fccksk\u00e4fer-Geburtstagsring, Weihnachts-Adventsring oder Waldorf-Feierring.\" \/>\n<meta name=\"robots\" content=\"index, follow, max-snippet:-1, max-image-preview:large, max-video-preview:-1\" \/>\n<link rel=\"canonical\" href=\"https:\/\/teiaeducation.ch\/de\/produkt\/kerze-konfetti-glueckskaefer\/\" \/>\n<meta property=\"og:locale\" content=\"de_DE\" \/>\n<meta property=\"og:type\" content=\"article\" \/>\n<meta property=\"og:title\" content=\"Kerze-Konfetti \u2013 Gl\u00fccksk\u00e4fer\" \/>\n<meta property=\"og:description\" content=\"Eine sch\u00f6ne handgefertigte Kerze mit Konfetti-Muster f\u00fcr den Gl\u00fccksk\u00e4fer-Geburtstagsring, Weihnachts-Adventsring oder Waldorf-Feierring.\" \/>\n<meta property=\"og:url\" content=\"https:\/\/teiaeducation.ch\/de\/produkt\/kerze-konfetti-glueckskaefer\/\" \/>\n<meta property=\"og:site_name\" content=\"Sustainable Educational Products &amp; Ecological Toys\u00a0\" \/>\n<meta property=\"article:publisher\" content=\"https:\/\/www.facebook.com\/teiaeducation\/\" \/>\n<meta property=\"article:modified_time\" content=\"2025-06-27T07:16:19+00:00\" \/>\n<meta property=\"og:image\" content=\"https:\/\/teiaeducation.ch\/wp-content\/uploads\/2020\/12\/Birthday-candle-confetti-Waldorf-celebrations-ring-accessory-Gluckskafer-scaled.jpg\" \/>\n\t<meta property=\"og:image:width\" content=\"600\" \/>\n\t<meta property=\"og:image:height\" content=\"900\" \/>\n\t<meta property=\"og:image:type\" content=\"image\/jpeg\" \/>\n<script type=\"application\/ld+json\" class=\"yoast-schema-graph\">{\"@context\":\"https:\/\/schema.org\",\"@graph\":[{\"@type\":\"WebPage\",\"@id\":\"https:\/\/teiaeducation.ch\/de\/produkt\/kerze-konfetti-glueckskaefer\/\",\"url\":\"https:\/\/teiaeducation.ch\/de\/produkt\/kerze-konfetti-glueckskaefer\/\",\"name\":\"Kerze-Konfetti \u2013 Gl\u00fccksk\u00e4fer\",\"isPartOf\":{\"@id\":\"https:\/\/teiaeducation.ch\/de\/#website\"},\"primaryImageOfPage\":{\"@id\":\"https:\/\/teiaeducation.ch\/de\/produkt\/kerze-konfetti-glueckskaefer\/#primaryimage\"},\"image\":{\"@id\":\"https:\/\/teiaeducation.ch\/de\/produkt\/kerze-konfetti-glueckskaefer\/#primaryimage\"},\"thumbnailUrl\":\"https:\/\/teiaeducation.ch\/wp-content\/uploads\/2020\/12\/Birthday-candle-confetti-Waldorf-celebrations-ring-accessory-Gluckskafer-scaled.jpg\",\"datePublished\":\"2020-12-23T12:03:33+00:00\",\"dateModified\":\"2025-06-27T07:16:19+00:00\",\"description\":\"Eine sch\u00f6ne handgefertigte Kerze mit Konfetti-Muster f\u00fcr den Gl\u00fccksk\u00e4fer-Geburtstagsring, Weihnachts-Adventsring oder Waldorf-Feierring.\",\"breadcrumb\":{\"@id\":\"https:\/\/teiaeducation.ch\/de\/produkt\/kerze-konfetti-glueckskaefer\/#breadcrumb\"},\"inLanguage\":\"de-CH\",\"potentialAction\":[{\"@type\":\"ReadAction\",\"target\":[\"https:\/\/teiaeducation.ch\/de\/produkt\/kerze-konfetti-glueckskaefer\/\"]}]},{\"@type\":\"ImageObject\",\"inLanguage\":\"de-CH\",\"@id\":\"https:\/\/teiaeducation.ch\/de\/produkt\/kerze-konfetti-glueckskaefer\/#primaryimage\",\"url\":\"https:\/\/teiaeducation.ch\/wp-content\/uploads\/2020\/12\/Birthday-candle-confetti-Waldorf-celebrations-ring-accessory-Gluckskafer-scaled.jpg\",\"contentUrl\":\"https:\/\/teiaeducation.ch\/wp-content\/uploads\/2020\/12\/Birthday-candle-confetti-Waldorf-celebrations-ring-accessory-Gluckskafer-scaled.jpg\",\"width\":600,\"height\":900,\"caption\":\"Birthday Kerze-Konfetti \/ Waldorf Feste Ring Accessoire - Gl\u00fccksk\u00e4fer\"},{\"@type\":\"BreadcrumbList\",\"@id\":\"https:\/\/teiaeducation.ch\/de\/produkt\/kerze-konfetti-glueckskaefer\/#breadcrumb\",\"itemListElement\":[{\"@type\":\"ListItem\",\"position\":1,\"name\":\"Home\",\"item\":\"https:\/\/teiaeducation.ch\/de\/\"},{\"@type\":\"ListItem\",\"position\":2,\"name\":\"Laden\",\"item\":\"https:\/\/teiaeducation.ch\/de\/shop\/\"},{\"@type\":\"ListItem\",\"position\":3,\"name\":\"Unsere Marken\",\"item\":\"https:\/\/teiaeducation.ch\/de\/produkt-kategorie\/unsere-marken\/\"},{\"@type\":\"ListItem\",\"position\":4,\"name\":\"Gl\u00fccksk\u00e4fer\",\"item\":\"https:\/\/teiaeducation.ch\/de\/produkt-kategorie\/unsere-marken\/glueckskaefer\/\"},{\"@type\":\"ListItem\",\"position\":5,\"name\":\"Kerze-Konfetti 1 St. &#8211; Gl\u00fccksk\u00e4fer\"}]},{\"@type\":\"WebSite\",\"@id\":\"https:\/\/teiaeducation.ch\/de\/#website\",\"url\":\"https:\/\/teiaeducation.ch\/de\/\",\"name\":\"Sustainable Educational Products &amp; Ecological Toys\u00a0\",\"description\":\"Specialised Swiss shop selling sustainable educational toys and games, AMI certified Montessori materials, handmade ecological wooden Waldorf toys and arts &amp; crafts supplies, school supplies, children&#039;s furniture and Montessori reference and parenting books.\",\"publisher\":{\"@id\":\"https:\/\/teiaeducation.ch\/de\/#organization\"},\"alternateName\":\"Teia Education & Play\",\"potentialAction\":[{\"@type\":\"SearchAction\",\"target\":{\"@type\":\"EntryPoint\",\"urlTemplate\":\"https:\/\/teiaeducation.ch\/de\/?s={search_term_string}\"},\"query-input\":{\"@type\":\"PropertyValueSpecification\",\"valueRequired\":true,\"valueName\":\"search_term_string\"}}],\"inLanguage\":\"de-CH\"},{\"@type\":\"Organization\",\"@id\":\"https:\/\/teiaeducation.ch\/de\/#organization\",\"name\":\"Teia Education & Play\",\"url\":\"https:\/\/teiaeducation.ch\/de\/\",\"logo\":{\"@type\":\"ImageObject\",\"inLanguage\":\"de-CH\",\"@id\":\"https:\/\/teiaeducation.ch\/de\/#\/schema\/logo\/image\/\",\"url\":\"https:\/\/teiaeducation.ch\/wp-content\/uploads\/2020\/11\/Teia-Education-Switzerland-e1620156442216.jpg\",\"contentUrl\":\"https:\/\/teiaeducation.ch\/wp-content\/uploads\/2020\/11\/Teia-Education-Switzerland-e1620156442216.jpg\",\"width\":166,\"height\":145,\"caption\":\"Teia Education & Play\"},\"image\":{\"@id\":\"https:\/\/teiaeducation.ch\/de\/#\/schema\/logo\/image\/\"},\"sameAs\":[\"https:\/\/www.facebook.com\/teiaeducation\/\",\"https:\/\/x.com\/EducationTeia\",\"https:\/\/www.instagram.com\/teia.education\/\",\"https:\/\/www.linkedin.com\/company\/35501660\",\"https:\/\/www.pinterest.ch\/TeiaEducation\/\"]}]}<\/script>\n<!-- \/ Yoast SEO plugin. -->","yoast_head_json":{"title":"Kerze-Konfetti \u2013 Gl\u00fccksk\u00e4fer","description":"Eine sch\u00f6ne handgefertigte Kerze mit Konfetti-Muster f\u00fcr den Gl\u00fccksk\u00e4fer-Geburtstagsring, Weihnachts-Adventsring oder Waldorf-Feierring.","robots":{"index":"index","follow":"follow","max-snippet":"max-snippet:-1","max-image-preview":"max-image-preview:large","max-video-preview":"max-video-preview:-1"},"canonical":"https:\/\/teiaeducation.ch\/de\/produkt\/kerze-konfetti-glueckskaefer\/","og_locale":"de_DE","og_type":"article","og_title":"Kerze-Konfetti \u2013 Gl\u00fccksk\u00e4fer","og_description":"Eine sch\u00f6ne handgefertigte Kerze mit Konfetti-Muster f\u00fcr den Gl\u00fccksk\u00e4fer-Geburtstagsring, Weihnachts-Adventsring oder Waldorf-Feierring.","og_url":"https:\/\/teiaeducation.ch\/de\/produkt\/kerze-konfetti-glueckskaefer\/","og_site_name":"Sustainable Educational Products &amp; Ecological Toys\u00a0","article_publisher":"https:\/\/www.facebook.com\/teiaeducation\/","article_modified_time":"2025-06-27T07:16:19+00:00","og_image":[{"width":600,"height":900,"url":"https:\/\/teiaeducation.ch\/wp-content\/uploads\/2020\/12\/Birthday-candle-confetti-Waldorf-celebrations-ring-accessory-Gluckskafer-scaled.jpg","type":"image\/jpeg"}],"schema":{"@context":"https:\/\/schema.org","@graph":[{"@type":"WebPage","@id":"https:\/\/teiaeducation.ch\/de\/produkt\/kerze-konfetti-glueckskaefer\/","url":"https:\/\/teiaeducation.ch\/de\/produkt\/kerze-konfetti-glueckskaefer\/","name":"Kerze-Konfetti \u2013 Gl\u00fccksk\u00e4fer","isPartOf":{"@id":"https:\/\/teiaeducation.ch\/de\/#website"},"primaryImageOfPage":{"@id":"https:\/\/teiaeducation.ch\/de\/produkt\/kerze-konfetti-glueckskaefer\/#primaryimage"},"image":{"@id":"https:\/\/teiaeducation.ch\/de\/produkt\/kerze-konfetti-glueckskaefer\/#primaryimage"},"thumbnailUrl":"https:\/\/teiaeducation.ch\/wp-content\/uploads\/2020\/12\/Birthday-candle-confetti-Waldorf-celebrations-ring-accessory-Gluckskafer-scaled.jpg","datePublished":"2020-12-23T12:03:33+00:00","dateModified":"2025-06-27T07:16:19+00:00","description":"Eine sch\u00f6ne handgefertigte Kerze mit Konfetti-Muster f\u00fcr den Gl\u00fccksk\u00e4fer-Geburtstagsring, Weihnachts-Adventsring oder Waldorf-Feierring.","breadcrumb":{"@id":"https:\/\/teiaeducation.ch\/de\/produkt\/kerze-konfetti-glueckskaefer\/#breadcrumb"},"inLanguage":"de-CH","potentialAction":[{"@type":"ReadAction","target":["https:\/\/teiaeducation.ch\/de\/produkt\/kerze-konfetti-glueckskaefer\/"]}]},{"@type":"ImageObject","inLanguage":"de-CH","@id":"https:\/\/teiaeducation.ch\/de\/produkt\/kerze-konfetti-glueckskaefer\/#primaryimage","url":"https:\/\/teiaeducation.ch\/wp-content\/uploads\/2020\/12\/Birthday-candle-confetti-Waldorf-celebrations-ring-accessory-Gluckskafer-scaled.jpg","contentUrl":"https:\/\/teiaeducation.ch\/wp-content\/uploads\/2020\/12\/Birthday-candle-confetti-Waldorf-celebrations-ring-accessory-Gluckskafer-scaled.jpg","width":600,"height":900,"caption":"Birthday Kerze-Konfetti \/ Waldorf Feste Ring Accessoire - Gl\u00fccksk\u00e4fer"},{"@type":"BreadcrumbList","@id":"https:\/\/teiaeducation.ch\/de\/produkt\/kerze-konfetti-glueckskaefer\/#breadcrumb","itemListElement":[{"@type":"ListItem","position":1,"name":"Home","item":"https:\/\/teiaeducation.ch\/de\/"},{"@type":"ListItem","position":2,"name":"Laden","item":"https:\/\/teiaeducation.ch\/de\/shop\/"},{"@type":"ListItem","position":3,"name":"Unsere Marken","item":"https:\/\/teiaeducation.ch\/de\/produkt-kategorie\/unsere-marken\/"},{"@type":"ListItem","position":4,"name":"Gl\u00fccksk\u00e4fer","item":"https:\/\/teiaeducation.ch\/de\/produkt-kategorie\/unsere-marken\/glueckskaefer\/"},{"@type":"ListItem","position":5,"name":"Kerze-Konfetti 1 St. &#8211; Gl\u00fccksk\u00e4fer"}]},{"@type":"WebSite","@id":"https:\/\/teiaeducation.ch\/de\/#website","url":"https:\/\/teiaeducation.ch\/de\/","name":"Sustainable Educational Products &amp; Ecological Toys\u00a0","description":"Specialised Swiss shop selling sustainable educational toys and games, AMI certified Montessori materials, handmade ecological wooden Waldorf toys and arts &amp; crafts supplies, school supplies, children&#039;s furniture and Montessori reference and parenting books.","publisher":{"@id":"https:\/\/teiaeducation.ch\/de\/#organization"},"alternateName":"Teia Education & Play","potentialAction":[{"@type":"SearchAction","target":{"@type":"EntryPoint","urlTemplate":"https:\/\/teiaeducation.ch\/de\/?s={search_term_string}"},"query-input":{"@type":"PropertyValueSpecification","valueRequired":true,"valueName":"search_term_string"}}],"inLanguage":"de-CH"},{"@type":"Organization","@id":"https:\/\/teiaeducation.ch\/de\/#organization","name":"Teia Education & Play","url":"https:\/\/teiaeducation.ch\/de\/","logo":{"@type":"ImageObject","inLanguage":"de-CH","@id":"https:\/\/teiaeducation.ch\/de\/#\/schema\/logo\/image\/","url":"https:\/\/teiaeducation.ch\/wp-content\/uploads\/2020\/11\/Teia-Education-Switzerland-e1620156442216.jpg","contentUrl":"https:\/\/teiaeducation.ch\/wp-content\/uploads\/2020\/11\/Teia-Education-Switzerland-e1620156442216.jpg","width":166,"height":145,"caption":"Teia Education & Play"},"image":{"@id":"https:\/\/teiaeducation.ch\/de\/#\/schema\/logo\/image\/"},"sameAs":["https:\/\/www.facebook.com\/teiaeducation\/","https:\/\/x.com\/EducationTeia","https:\/\/www.instagram.com\/teia.education\/","https:\/\/www.linkedin.com\/company\/35501660","https:\/\/www.pinterest.ch\/TeiaEducation\/"]}]}},"_links":{"self":[{"href":"https:\/\/teiaeducation.ch\/de\/wp-json\/wp\/v2\/product\/59062","targetHints":{"allow":["GET"]}}],"collection":[{"href":"https:\/\/teiaeducation.ch\/de\/wp-json\/wp\/v2\/product"}],"about":[{"href":"https:\/\/teiaeducation.ch\/de\/wp-json\/wp\/v2\/types\/product"}],"replies":[{"embeddable":true,"href":"https:\/\/teiaeducation.ch\/de\/wp-json\/wp\/v2\/comments?post=59062"}],"wp:featuredmedia":[{"embeddable":true,"href":"https:\/\/teiaeducation.ch\/de\/wp-json\/wp\/v2\/media\/59063"}],"wp:attachment":[{"href":"https:\/\/teiaeducation.ch\/de\/wp-json\/wp\/v2\/media?parent=59062"}],"wp:term":[{"taxonomy":"product_brand","embeddable":true,"href":"https:\/\/teiaeducation.ch\/de\/wp-json\/wp\/v2\/product_brand?post=59062"},{"taxonomy":"product_cat","embeddable":true,"href":"https:\/\/teiaeducation.ch\/de\/wp-json\/wp\/v2\/product_cat?post=59062"},{"taxonomy":"product_tag","embeddable":true,"href":"https:\/\/teiaeducation.ch\/de\/wp-json\/wp\/v2\/product_tag?post=59062"}],"curies":[{"name":"wp","href":"https:\/\/api.w.org\/{rel}","templated":true}]}}