{"id":59068,"date":"2020-12-23T11:29:01","date_gmt":"2020-12-23T10:29:01","guid":{"rendered":"https:\/\/teiaeducation.ch\/product\/kerze-ringelbunt-streifen-glueckskaefer\/"},"modified":"2025-06-27T09:16:20","modified_gmt":"2025-06-27T07:16:20","slug":"kerze-ringelbunt-streifen-glueckskaefer","status":"publish","type":"product","link":"https:\/\/teiaeducation.ch\/de\/produkt\/kerze-ringelbunt-streifen-glueckskaefer\/","title":{"rendered":"Kerze-Ringelbunt Streifen &#8211; Gl\u00fccksk\u00e4fer"},"content":{"rendered":"<p>Geburtstagskerze bunt gestreift \/ Waldorf Feiern Ring Accessoire &#8211; Gl\u00fccksk\u00e4fer<\/p>\n<p>Diese sch\u00f6ne Geburtstagskerze mit bunten Streifen aus unserer <a href=\"https:\/\/teiaeducation.ch\/product-category\/celebrations\/\">Feste-Kollektion<\/a> wird in Deutschland handgefertigt und handbemalt und ist perfekt, um Ihren Gl\u00fccksk\u00e4fer-Geburtstagsring, Weihnachts-Adventsring oder Waldorf-Feste-Ring in einen Kerzenst\u00e4nder zu verwandeln. Die Kerze passt in die Gl\u00fccksk\u00e4fer-Geburtstagsringe, den Geburtstagszug sowie in alle Grimm&#8217;s Spiel und Holz-Feierringe, Geburtstags- und Adventsspiralen &#8211; und wird garantiert zu einem Teil des j\u00e4hrlichen Rituals f\u00fcr Ihr Kind. Die Kerze ist so bemessen, dass sie in unseren <a href=\"https:\/\/teiaeducation.ch\/product\/aluminium-candle-holder-gluckskafer\/\">Kerzeneinsatzhalter<\/a> passt, der ein sicheres Abbrennen der Kerze gew\u00e4hrleistet.<\/p>\n<p>Einzeln erh\u00e4ltlich. Bitte beachten Sie, dass die Kerzen ohne den Einsatz nicht in den verschiedenen Ringen und Spiralen stehen k\u00f6nnen.<\/p>\n<p>Die farbenfrohen Gl\u00fccksk\u00e4fer Holzspielzeuge sind ideal f\u00fcr das Spielen zu Hause, im Kindergarten, in der Waldorf- oder Steinerschule. Sie sind nach der Waldorf Philosophie gefertigt, die daf\u00fcr bekannt ist, dass sie Kinder dazu ermutigen, das kreative Spiel unabh\u00e4ngig und ohne Grenzen zu entdecken. Alle hochwertigen Spielzeuge von Gl\u00fccksk\u00e4fer werden in Deutschland in Handarbeit mit ungiftigen Farben auf Wasserbasis hergestellt und gef\u00e4rbt und nicht lackiert, damit die urspr\u00fcnglichen Eigenschaften des Holzes und die Maserung erhalten bleiben.<\/p>\n<p>Die Kerze mit farbigen Streifen wird in Deutschland von AHS Spielzeug f\u00fcr Gl\u00fccksk\u00e4fer hergestellt.<\/p>\n<p>Achtung! Dies ist ein Dekorationsartikel und nicht zum Spielen geeignet. Wenn die Kerzen unbeaufsichtigt gelassen werden, k\u00f6nnen die dazu verwendeten Holzteile, wie z. B. der Festring, dennoch brennen. Bitte seien Sie beim Abbrennen von Kerzen immer vorsichtig.<\/p>\n<p>Aus Sicherheitsgr\u00fcnden sollten Sie bei der Verwendung von Kerzen Kerzenhalter verwenden und darauf achten, dass keine Zugluft entsteht und sich keine dekorative Figur in der N\u00e4he der Flammen befindet. Dieses Material ist f\u00fcr Kinder ab 14 Jahren geeignet.<\/p>\n<p>Inhalt:<\/p>\n<p>1 Geburtstagskerze mit farbigen Streifen<\/p>\n","protected":false},"excerpt":{"rendered":"<p>Artikelnummer: 522721<\/p>\n<p>Eine sch\u00f6ne handgefertigte Kerze mit mehrfarbigen Streifen f\u00fcr den Gl\u00fccksk\u00e4fer-Geburtstagsring, Weihnachts-Adventsring oder Waldorf-Feierring sowie Grimms Feierringe.<\/p>\n","protected":false},"featured_media":59069,"comment_status":"open","ping_status":"closed","template":"","meta":[],"product_brand":[],"product_cat":[21479,21465,21670,22347,21631,21443,22351,22362,21564,21483],"product_tag":[23459,23463,23461,23465,23464,23466,22143,21712,23462,23460],"class_list":{"0":"post-59068","1":"product","2":"type-product","3":"status-publish","4":"has-post-thumbnail","6":"product_cat-lernmaterialien-spielzeug-montessori-waldorf-steiner-froebel","7":"product_cat-feier-festlichkeiten","8":"product_cat-fruehjahrskollektion","9":"product_cat-geburtstage","10":"product_cat-glueckskaefer","11":"product_cat-nach-alter","12":"product_cat-rituale-adventszeit","13":"product_cat-saisonale-kollektionen","14":"product_cat-unsere-marken","15":"product_cat-waldorf-steiner-paedagogik","16":"product_tag-gluckskafer-de","17":"product_tag-gluckskafer-bunte-formen","18":"product_tag-gluckskafer-bunte-formen-aus-holz","19":"product_tag-gluckskafer-holzerne-bunte-formen","20":"product_tag-gluckskafer-schweiz-de","21":"product_tag-handgefertigter-holz-kreisel-gluckskafer","22":"product_tag-handgefertigtes-holzspielzeug-de","23":"product_tag-hergestellt-in-deutschland","24":"product_tag-waldorf-holzspielzeug","25":"product_tag-waldorfspielzeug-aus-holz-de","27":"first","28":"instock","29":"taxable","30":"shipping-taxable","31":"purchasable","32":"product-type-simple"},"yoast_head":"<!-- This site is optimized with the Yoast SEO plugin v27.1.1 - https:\/\/yoast.com\/product\/yoast-seo-wordpress\/ -->\n<title>Kerze-Ringelbunt Streifen - Gl\u00fccksk\u00e4fer<\/title>\n<meta name=\"description\" content=\"Eine sch\u00f6ne handgefertigte Kerze mit bunten Streifen f\u00fcr den Gl\u00fccksk\u00e4fer-Geburtstagsring, Weihnachts-Adventsring oder Waldorf-Festtagsring.\" \/>\n<meta name=\"robots\" content=\"index, follow, max-snippet:-1, max-image-preview:large, max-video-preview:-1\" \/>\n<link rel=\"canonical\" href=\"https:\/\/teiaeducation.ch\/de\/produkt\/kerze-ringelbunt-streifen-glueckskaefer\/\" \/>\n<meta property=\"og:locale\" content=\"de_DE\" \/>\n<meta property=\"og:type\" content=\"article\" \/>\n<meta property=\"og:title\" content=\"Kerze-Ringelbunt Streifen - Gl\u00fccksk\u00e4fer\" \/>\n<meta property=\"og:description\" content=\"Eine sch\u00f6ne handgefertigte Kerze mit bunten Streifen f\u00fcr den Gl\u00fccksk\u00e4fer-Geburtstagsring, Weihnachts-Adventsring oder Waldorf-Festtagsring.\" \/>\n<meta property=\"og:url\" content=\"https:\/\/teiaeducation.ch\/de\/produkt\/kerze-ringelbunt-streifen-glueckskaefer\/\" \/>\n<meta property=\"og:site_name\" content=\"Sustainable Educational Products &amp; Ecological Toys\u00a0\" \/>\n<meta property=\"article:publisher\" content=\"https:\/\/www.facebook.com\/teiaeducation\/\" \/>\n<meta property=\"article:modified_time\" content=\"2025-06-27T07:16:20+00:00\" \/>\n<meta property=\"og:image\" content=\"https:\/\/teiaeducation.ch\/wp-content\/uploads\/2020\/12\/Candle-coloured-stripes-Waldorf-celebrations-ring-accessory-Gluckskafer-scaled.jpg\" \/>\n\t<meta property=\"og:image:width\" content=\"600\" \/>\n\t<meta property=\"og:image:height\" content=\"900\" \/>\n\t<meta property=\"og:image:type\" content=\"image\/jpeg\" \/>\n<script type=\"application\/ld+json\" class=\"yoast-schema-graph\">{\"@context\":\"https:\/\/schema.org\",\"@graph\":[{\"@type\":\"WebPage\",\"@id\":\"https:\/\/teiaeducation.ch\/de\/produkt\/kerze-ringelbunt-streifen-glueckskaefer\/\",\"url\":\"https:\/\/teiaeducation.ch\/de\/produkt\/kerze-ringelbunt-streifen-glueckskaefer\/\",\"name\":\"Kerze-Ringelbunt Streifen - Gl\u00fccksk\u00e4fer\",\"isPartOf\":{\"@id\":\"https:\/\/teiaeducation.ch\/de\/#website\"},\"primaryImageOfPage\":{\"@id\":\"https:\/\/teiaeducation.ch\/de\/produkt\/kerze-ringelbunt-streifen-glueckskaefer\/#primaryimage\"},\"image\":{\"@id\":\"https:\/\/teiaeducation.ch\/de\/produkt\/kerze-ringelbunt-streifen-glueckskaefer\/#primaryimage\"},\"thumbnailUrl\":\"https:\/\/teiaeducation.ch\/wp-content\/uploads\/2020\/12\/Candle-coloured-stripes-Waldorf-celebrations-ring-accessory-Gluckskafer-scaled.jpg\",\"datePublished\":\"2020-12-23T10:29:01+00:00\",\"dateModified\":\"2025-06-27T07:16:20+00:00\",\"description\":\"Eine sch\u00f6ne handgefertigte Kerze mit bunten Streifen f\u00fcr den Gl\u00fccksk\u00e4fer-Geburtstagsring, Weihnachts-Adventsring oder Waldorf-Festtagsring.\",\"breadcrumb\":{\"@id\":\"https:\/\/teiaeducation.ch\/de\/produkt\/kerze-ringelbunt-streifen-glueckskaefer\/#breadcrumb\"},\"inLanguage\":\"de-CH\",\"potentialAction\":[{\"@type\":\"ReadAction\",\"target\":[\"https:\/\/teiaeducation.ch\/de\/produkt\/kerze-ringelbunt-streifen-glueckskaefer\/\"]}]},{\"@type\":\"ImageObject\",\"inLanguage\":\"de-CH\",\"@id\":\"https:\/\/teiaeducation.ch\/de\/produkt\/kerze-ringelbunt-streifen-glueckskaefer\/#primaryimage\",\"url\":\"https:\/\/teiaeducation.ch\/wp-content\/uploads\/2020\/12\/Candle-coloured-stripes-Waldorf-celebrations-ring-accessory-Gluckskafer-scaled.jpg\",\"contentUrl\":\"https:\/\/teiaeducation.ch\/wp-content\/uploads\/2020\/12\/Candle-coloured-stripes-Waldorf-celebrations-ring-accessory-Gluckskafer-scaled.jpg\",\"width\":600,\"height\":900,\"caption\":\"Kerze farbige Streifen \/ Waldorf Feste Ring Accessoire - Gl\u00fccksk\u00e4fer\"},{\"@type\":\"BreadcrumbList\",\"@id\":\"https:\/\/teiaeducation.ch\/de\/produkt\/kerze-ringelbunt-streifen-glueckskaefer\/#breadcrumb\",\"itemListElement\":[{\"@type\":\"ListItem\",\"position\":1,\"name\":\"Home\",\"item\":\"https:\/\/teiaeducation.ch\/de\/\"},{\"@type\":\"ListItem\",\"position\":2,\"name\":\"Laden\",\"item\":\"https:\/\/teiaeducation.ch\/de\/shop\/\"},{\"@type\":\"ListItem\",\"position\":3,\"name\":\"Unsere Marken\",\"item\":\"https:\/\/teiaeducation.ch\/de\/produkt-kategorie\/unsere-marken\/\"},{\"@type\":\"ListItem\",\"position\":4,\"name\":\"Gl\u00fccksk\u00e4fer\",\"item\":\"https:\/\/teiaeducation.ch\/de\/produkt-kategorie\/unsere-marken\/glueckskaefer\/\"},{\"@type\":\"ListItem\",\"position\":5,\"name\":\"Kerze-Ringelbunt Streifen &#8211; Gl\u00fccksk\u00e4fer\"}]},{\"@type\":\"WebSite\",\"@id\":\"https:\/\/teiaeducation.ch\/de\/#website\",\"url\":\"https:\/\/teiaeducation.ch\/de\/\",\"name\":\"Sustainable Educational Products &amp; Ecological Toys\u00a0\",\"description\":\"Specialised Swiss shop selling sustainable educational toys and games, AMI certified Montessori materials, handmade ecological wooden Waldorf toys and arts &amp; crafts supplies, school supplies, children&#039;s furniture and Montessori reference and parenting books.\",\"publisher\":{\"@id\":\"https:\/\/teiaeducation.ch\/de\/#organization\"},\"alternateName\":\"Teia Education & Play\",\"potentialAction\":[{\"@type\":\"SearchAction\",\"target\":{\"@type\":\"EntryPoint\",\"urlTemplate\":\"https:\/\/teiaeducation.ch\/de\/?s={search_term_string}\"},\"query-input\":{\"@type\":\"PropertyValueSpecification\",\"valueRequired\":true,\"valueName\":\"search_term_string\"}}],\"inLanguage\":\"de-CH\"},{\"@type\":\"Organization\",\"@id\":\"https:\/\/teiaeducation.ch\/de\/#organization\",\"name\":\"Teia Education & Play\",\"url\":\"https:\/\/teiaeducation.ch\/de\/\",\"logo\":{\"@type\":\"ImageObject\",\"inLanguage\":\"de-CH\",\"@id\":\"https:\/\/teiaeducation.ch\/de\/#\/schema\/logo\/image\/\",\"url\":\"https:\/\/teiaeducation.ch\/wp-content\/uploads\/2020\/11\/Teia-Education-Switzerland-e1620156442216.jpg\",\"contentUrl\":\"https:\/\/teiaeducation.ch\/wp-content\/uploads\/2020\/11\/Teia-Education-Switzerland-e1620156442216.jpg\",\"width\":166,\"height\":145,\"caption\":\"Teia Education & Play\"},\"image\":{\"@id\":\"https:\/\/teiaeducation.ch\/de\/#\/schema\/logo\/image\/\"},\"sameAs\":[\"https:\/\/www.facebook.com\/teiaeducation\/\",\"https:\/\/x.com\/EducationTeia\",\"https:\/\/www.instagram.com\/teia.education\/\",\"https:\/\/www.linkedin.com\/company\/35501660\",\"https:\/\/www.pinterest.ch\/TeiaEducation\/\"]}]}<\/script>\n<!-- \/ Yoast SEO plugin. -->","yoast_head_json":{"title":"Kerze-Ringelbunt Streifen - Gl\u00fccksk\u00e4fer","description":"Eine sch\u00f6ne handgefertigte Kerze mit bunten Streifen f\u00fcr den Gl\u00fccksk\u00e4fer-Geburtstagsring, Weihnachts-Adventsring oder Waldorf-Festtagsring.","robots":{"index":"index","follow":"follow","max-snippet":"max-snippet:-1","max-image-preview":"max-image-preview:large","max-video-preview":"max-video-preview:-1"},"canonical":"https:\/\/teiaeducation.ch\/de\/produkt\/kerze-ringelbunt-streifen-glueckskaefer\/","og_locale":"de_DE","og_type":"article","og_title":"Kerze-Ringelbunt Streifen - Gl\u00fccksk\u00e4fer","og_description":"Eine sch\u00f6ne handgefertigte Kerze mit bunten Streifen f\u00fcr den Gl\u00fccksk\u00e4fer-Geburtstagsring, Weihnachts-Adventsring oder Waldorf-Festtagsring.","og_url":"https:\/\/teiaeducation.ch\/de\/produkt\/kerze-ringelbunt-streifen-glueckskaefer\/","og_site_name":"Sustainable Educational Products &amp; Ecological Toys\u00a0","article_publisher":"https:\/\/www.facebook.com\/teiaeducation\/","article_modified_time":"2025-06-27T07:16:20+00:00","og_image":[{"width":600,"height":900,"url":"https:\/\/teiaeducation.ch\/wp-content\/uploads\/2020\/12\/Candle-coloured-stripes-Waldorf-celebrations-ring-accessory-Gluckskafer-scaled.jpg","type":"image\/jpeg"}],"schema":{"@context":"https:\/\/schema.org","@graph":[{"@type":"WebPage","@id":"https:\/\/teiaeducation.ch\/de\/produkt\/kerze-ringelbunt-streifen-glueckskaefer\/","url":"https:\/\/teiaeducation.ch\/de\/produkt\/kerze-ringelbunt-streifen-glueckskaefer\/","name":"Kerze-Ringelbunt Streifen - Gl\u00fccksk\u00e4fer","isPartOf":{"@id":"https:\/\/teiaeducation.ch\/de\/#website"},"primaryImageOfPage":{"@id":"https:\/\/teiaeducation.ch\/de\/produkt\/kerze-ringelbunt-streifen-glueckskaefer\/#primaryimage"},"image":{"@id":"https:\/\/teiaeducation.ch\/de\/produkt\/kerze-ringelbunt-streifen-glueckskaefer\/#primaryimage"},"thumbnailUrl":"https:\/\/teiaeducation.ch\/wp-content\/uploads\/2020\/12\/Candle-coloured-stripes-Waldorf-celebrations-ring-accessory-Gluckskafer-scaled.jpg","datePublished":"2020-12-23T10:29:01+00:00","dateModified":"2025-06-27T07:16:20+00:00","description":"Eine sch\u00f6ne handgefertigte Kerze mit bunten Streifen f\u00fcr den Gl\u00fccksk\u00e4fer-Geburtstagsring, Weihnachts-Adventsring oder Waldorf-Festtagsring.","breadcrumb":{"@id":"https:\/\/teiaeducation.ch\/de\/produkt\/kerze-ringelbunt-streifen-glueckskaefer\/#breadcrumb"},"inLanguage":"de-CH","potentialAction":[{"@type":"ReadAction","target":["https:\/\/teiaeducation.ch\/de\/produkt\/kerze-ringelbunt-streifen-glueckskaefer\/"]}]},{"@type":"ImageObject","inLanguage":"de-CH","@id":"https:\/\/teiaeducation.ch\/de\/produkt\/kerze-ringelbunt-streifen-glueckskaefer\/#primaryimage","url":"https:\/\/teiaeducation.ch\/wp-content\/uploads\/2020\/12\/Candle-coloured-stripes-Waldorf-celebrations-ring-accessory-Gluckskafer-scaled.jpg","contentUrl":"https:\/\/teiaeducation.ch\/wp-content\/uploads\/2020\/12\/Candle-coloured-stripes-Waldorf-celebrations-ring-accessory-Gluckskafer-scaled.jpg","width":600,"height":900,"caption":"Kerze farbige Streifen \/ Waldorf Feste Ring Accessoire - Gl\u00fccksk\u00e4fer"},{"@type":"BreadcrumbList","@id":"https:\/\/teiaeducation.ch\/de\/produkt\/kerze-ringelbunt-streifen-glueckskaefer\/#breadcrumb","itemListElement":[{"@type":"ListItem","position":1,"name":"Home","item":"https:\/\/teiaeducation.ch\/de\/"},{"@type":"ListItem","position":2,"name":"Laden","item":"https:\/\/teiaeducation.ch\/de\/shop\/"},{"@type":"ListItem","position":3,"name":"Unsere Marken","item":"https:\/\/teiaeducation.ch\/de\/produkt-kategorie\/unsere-marken\/"},{"@type":"ListItem","position":4,"name":"Gl\u00fccksk\u00e4fer","item":"https:\/\/teiaeducation.ch\/de\/produkt-kategorie\/unsere-marken\/glueckskaefer\/"},{"@type":"ListItem","position":5,"name":"Kerze-Ringelbunt Streifen &#8211; Gl\u00fccksk\u00e4fer"}]},{"@type":"WebSite","@id":"https:\/\/teiaeducation.ch\/de\/#website","url":"https:\/\/teiaeducation.ch\/de\/","name":"Sustainable Educational Products &amp; Ecological Toys\u00a0","description":"Specialised Swiss shop selling sustainable educational toys and games, AMI certified Montessori materials, handmade ecological wooden Waldorf toys and arts &amp; crafts supplies, school supplies, children&#039;s furniture and Montessori reference and parenting books.","publisher":{"@id":"https:\/\/teiaeducation.ch\/de\/#organization"},"alternateName":"Teia Education & Play","potentialAction":[{"@type":"SearchAction","target":{"@type":"EntryPoint","urlTemplate":"https:\/\/teiaeducation.ch\/de\/?s={search_term_string}"},"query-input":{"@type":"PropertyValueSpecification","valueRequired":true,"valueName":"search_term_string"}}],"inLanguage":"de-CH"},{"@type":"Organization","@id":"https:\/\/teiaeducation.ch\/de\/#organization","name":"Teia Education & Play","url":"https:\/\/teiaeducation.ch\/de\/","logo":{"@type":"ImageObject","inLanguage":"de-CH","@id":"https:\/\/teiaeducation.ch\/de\/#\/schema\/logo\/image\/","url":"https:\/\/teiaeducation.ch\/wp-content\/uploads\/2020\/11\/Teia-Education-Switzerland-e1620156442216.jpg","contentUrl":"https:\/\/teiaeducation.ch\/wp-content\/uploads\/2020\/11\/Teia-Education-Switzerland-e1620156442216.jpg","width":166,"height":145,"caption":"Teia Education & Play"},"image":{"@id":"https:\/\/teiaeducation.ch\/de\/#\/schema\/logo\/image\/"},"sameAs":["https:\/\/www.facebook.com\/teiaeducation\/","https:\/\/x.com\/EducationTeia","https:\/\/www.instagram.com\/teia.education\/","https:\/\/www.linkedin.com\/company\/35501660","https:\/\/www.pinterest.ch\/TeiaEducation\/"]}]}},"_links":{"self":[{"href":"https:\/\/teiaeducation.ch\/de\/wp-json\/wp\/v2\/product\/59068","targetHints":{"allow":["GET"]}}],"collection":[{"href":"https:\/\/teiaeducation.ch\/de\/wp-json\/wp\/v2\/product"}],"about":[{"href":"https:\/\/teiaeducation.ch\/de\/wp-json\/wp\/v2\/types\/product"}],"replies":[{"embeddable":true,"href":"https:\/\/teiaeducation.ch\/de\/wp-json\/wp\/v2\/comments?post=59068"}],"wp:featuredmedia":[{"embeddable":true,"href":"https:\/\/teiaeducation.ch\/de\/wp-json\/wp\/v2\/media\/59069"}],"wp:attachment":[{"href":"https:\/\/teiaeducation.ch\/de\/wp-json\/wp\/v2\/media?parent=59068"}],"wp:term":[{"taxonomy":"product_brand","embeddable":true,"href":"https:\/\/teiaeducation.ch\/de\/wp-json\/wp\/v2\/product_brand?post=59068"},{"taxonomy":"product_cat","embeddable":true,"href":"https:\/\/teiaeducation.ch\/de\/wp-json\/wp\/v2\/product_cat?post=59068"},{"taxonomy":"product_tag","embeddable":true,"href":"https:\/\/teiaeducation.ch\/de\/wp-json\/wp\/v2\/product_tag?post=59068"}],"curies":[{"name":"wp","href":"https:\/\/api.w.org\/{rel}","templated":true}]}}