{"id":59071,"date":"2020-11-21T14:17:59","date_gmt":"2020-11-21T13:17:59","guid":{"rendered":"https:\/\/teiaeducation.ch\/product\/mini-segelboote-set-4-tlg-glueckskaefer\/"},"modified":"2025-12-11T18:46:19","modified_gmt":"2025-12-11T17:46:19","slug":"mini-segelboote-set-4-tlg-glueckskaefer","status":"publish","type":"product","link":"https:\/\/teiaeducation.ch\/de\/produkt\/mini-segelboote-set-4-tlg-glueckskaefer\/","title":{"rendered":"Mini-Segelboote-Set, 4 tlg aus Holz &#8211; Gl\u00fccksk\u00e4fer"},"content":{"rendered":"<p>Mini-Segelboote-Set, 4 tlg \/ Handgefertigtes Holzspielzeugboot &#8211; Gl\u00fccksk\u00e4fer<\/p>\n<p>Ein wundersch\u00f6nes Set von 4 handgefertigten Segel<a href=\"https:\/\/teiaeducation.ch\/de\/produkt-kategorie\/kinder-spielzeug\/boote-zuege\/\">booten<\/a> aus Holz von der deutschen Qualit\u00e4tsspielzeugmarke Gl\u00fccksk\u00e4fer. Das Set enth\u00e4lt ein kleines Segelboot mit blauem Rumpf, eines mit rotem Rumpf, eines mit gelbem Rumpf und eines mit gr\u00fcnem Rumpf. Jedes der Mini-Segelboote hat ein rotes Baumwollsegel. Diese vielseitigen kleinen Spielzeugboote werden in Europa aus herrlich f\u00fchlbarem Buchenholz hergestellt. Sie sind ideal f\u00fcr das offene Spiel in der kleinen Welt, k\u00f6nnen als Geburtstagsgeschenk verschenkt werden oder f\u00fcr das Spiel im Freien. ! Diese Spielzeugboote sind nicht zum Spielen im Wasser geeignet.<\/p>\n<p>Jedes der kleinen Segelboote ist 5 x 2 x 6 cm gro\u00df und bietet eine unendliche Vielfalt an offenen Spielm\u00f6glichkeiten und eine sinnesreiche Erfahrung f\u00fcr das Kind. Sie sind auch eine wunderbare Erg\u00e4nzung f\u00fcr einen Waldorf-Natur- oder Jahreszeitentisch!<\/p>\n<p>Die bunten Gl\u00fccksk\u00e4fer-Formen sind ideal f\u00fcr das Spielen zu Hause, im Kindergarten, in der Waldorfschule oder in der Steiner-Schule. Sie sind nach der Waldorf-Philosophie hergestellt, die daf\u00fcr bekannt ist, dass sie Kinder ermutigt, das kreative Spiel unabh\u00e4ngig und ohne Einschr\u00e4nkungen zu entdecken. Das farbenfrohe Regenbogenbr\u00fccken-Set aus Holz wird von Hand mit ungiftigen Farben auf Wasserbasis gef\u00e4rbt und nicht lackiert, damit die urspr\u00fcnglichen Eigenschaften des Holzes und die Maserung erhalten bleiben. Die Oberfl\u00e4che der FSC-zertifizierten europ\u00e4ischen Holz ist leicht rau, wodurch sie vollst\u00e4ndig stapelbar und weniger rutschig sind.<\/p>\n<p>Das Gl\u00fccksk\u00e4fer-Set mit kleinen Segelbooten aus Holz ist f\u00fcr Kinder ab 3 Jahren geeignet.<\/p>\n<p>Inhalt:<\/p>\n<p>1 Satz mit 4 kleinen Spielzeugbooten aus Holz (5 x 2 x 6 cm)<\/p>\n","protected":false},"excerpt":{"rendered":"<p>Artikelnummer: 526450<\/p>\n<p>Dieses sch\u00f6ne Set aus 4 handgefertigten Holzsegelbooten der deutschen Qualit\u00e4tsspielzeugmarke Gl\u00fccksk\u00e4fer wird in Europa aus herrlich f\u00fchlbarem Buchenholz hergestellt.<\/p>\n","protected":false},"featured_media":59072,"comment_status":"open","ping_status":"closed","template":"","meta":[],"product_brand":[],"product_cat":[21445,22033,21479,21683,21690,21670,21487,21484,22422,21631,23075,21443,22362,23636,21678,23133,21564,21483],"product_tag":[27897,23459,23463,23461,23465,23464,22143,27896,21712,27898,27895,23460],"class_list":{"0":"post-59071","1":"product","2":"type-product","3":"status-publish","4":"has-post-thumbnail","6":"product_cat-3-6-jahre-vorschule","7":"product_cat-adventskalender-geschenke-strumpffueller","8":"product_cat-lernmaterialien-spielzeug-montessori-waldorf-steiner-froebel","9":"product_cat-boote-zuege","10":"product_cat-spiele-mit-offenem-ende","11":"product_cat-fruehjahrskollektion","12":"product_cat-geschenk-guide-3-6-jahre-vorschule","13":"product_cat-geschenk-guides","14":"product_cat-geschenke-fuer-das-osterkoerbchen","15":"product_cat-glueckskaefer","16":"product_cat-handgefertigtes-holzspielzeug","17":"product_cat-nach-alter","18":"product_cat-saisonale-kollektionen","19":"product_cat-sommer-kollektion","20":"product_cat-kinder-spielzeug","21":"product_cat-spielzeug-fuer-draussen","22":"product_cat-unsere-marken","23":"product_cat-waldorf-steiner-paedagogik","24":"product_tag-blauer-rumpf-segelboot-gluckskafer","25":"product_tag-gluckskafer-de","26":"product_tag-gluckskafer-bunte-formen","27":"product_tag-gluckskafer-bunte-formen-aus-holz","28":"product_tag-gluckskafer-holzerne-bunte-formen","29":"product_tag-gluckskafer-schweiz-de","30":"product_tag-handgefertigtes-holzspielzeug-de","31":"product_tag-handgefertigtes-holzspielzeugboot-gluckskafer","32":"product_tag-hergestellt-in-deutschland","33":"product_tag-mini-segelboote-set-4-tlg-gluckskafer","34":"product_tag-rotes-rumpf-segelboot-gluckskafer","35":"product_tag-waldorfspielzeug-aus-holz-de","37":"first","38":"instock","39":"taxable","40":"shipping-taxable","41":"purchasable","42":"product-type-simple"},"yoast_head":"<!-- This site is optimized with the Yoast SEO plugin v27.1.1 - https:\/\/yoast.com\/product\/yoast-seo-wordpress\/ -->\n<title>Mini-Segelboote-Set, 4 tlg \u2013 Gl\u00fccksk\u00e4fer<\/title>\n<meta name=\"description\" content=\"Ein Set von vier sch\u00f6nen kleinen handgefertigten Holzsegelbooten mit Baumwollsegel von der hochwertigen deutschen Spielzeugmarke Gl\u00fccksk\u00e4fer.\" \/>\n<meta name=\"robots\" content=\"index, follow, max-snippet:-1, max-image-preview:large, max-video-preview:-1\" \/>\n<link rel=\"canonical\" href=\"https:\/\/teiaeducation.ch\/de\/produkt\/mini-segelboote-set-4-tlg-glueckskaefer\/\" \/>\n<meta property=\"og:locale\" content=\"de_DE\" \/>\n<meta property=\"og:type\" content=\"article\" \/>\n<meta property=\"og:title\" content=\"Mini-Segelboote-Set, 4 tlg \u2013 Gl\u00fccksk\u00e4fer\" \/>\n<meta property=\"og:description\" content=\"Ein Set von vier sch\u00f6nen kleinen handgefertigten Holzsegelbooten mit Baumwollsegel von der hochwertigen deutschen Spielzeugmarke Gl\u00fccksk\u00e4fer.\" \/>\n<meta property=\"og:url\" content=\"https:\/\/teiaeducation.ch\/de\/produkt\/mini-segelboote-set-4-tlg-glueckskaefer\/\" \/>\n<meta property=\"og:site_name\" content=\"Sustainable Educational Products &amp; Ecological Toys\u00a0\" \/>\n<meta property=\"article:publisher\" content=\"https:\/\/www.facebook.com\/teiaeducation\/\" \/>\n<meta property=\"article:modified_time\" content=\"2025-12-11T17:46:19+00:00\" \/>\n<meta property=\"og:image\" content=\"https:\/\/teiaeducation.ch\/wp-content\/uploads\/2020\/11\/Mini-Sailing-Boats-Set-Of-4-Handmade-wooden-toy-boat-Glu\u0308ckska\u0308fer.jpg\" \/>\n\t<meta property=\"og:image:width\" content=\"800\" \/>\n\t<meta property=\"og:image:height\" content=\"800\" \/>\n\t<meta property=\"og:image:type\" content=\"image\/jpeg\" \/>\n<script type=\"application\/ld+json\" class=\"yoast-schema-graph\">{\"@context\":\"https:\/\/schema.org\",\"@graph\":[{\"@type\":\"WebPage\",\"@id\":\"https:\/\/teiaeducation.ch\/de\/produkt\/mini-segelboote-set-4-tlg-glueckskaefer\/\",\"url\":\"https:\/\/teiaeducation.ch\/de\/produkt\/mini-segelboote-set-4-tlg-glueckskaefer\/\",\"name\":\"Mini-Segelboote-Set, 4 tlg \u2013 Gl\u00fccksk\u00e4fer\",\"isPartOf\":{\"@id\":\"https:\/\/teiaeducation.ch\/de\/#website\"},\"primaryImageOfPage\":{\"@id\":\"https:\/\/teiaeducation.ch\/de\/produkt\/mini-segelboote-set-4-tlg-glueckskaefer\/#primaryimage\"},\"image\":{\"@id\":\"https:\/\/teiaeducation.ch\/de\/produkt\/mini-segelboote-set-4-tlg-glueckskaefer\/#primaryimage\"},\"thumbnailUrl\":\"https:\/\/teiaeducation.ch\/wp-content\/uploads\/2020\/11\/Mini-Sailing-Boats-Set-Of-4-Handmade-wooden-toy-boat-Glu\u0308ckska\u0308fer.jpg\",\"datePublished\":\"2020-11-21T13:17:59+00:00\",\"dateModified\":\"2025-12-11T17:46:19+00:00\",\"description\":\"Ein Set von vier sch\u00f6nen kleinen handgefertigten Holzsegelbooten mit Baumwollsegel von der hochwertigen deutschen Spielzeugmarke Gl\u00fccksk\u00e4fer.\",\"breadcrumb\":{\"@id\":\"https:\/\/teiaeducation.ch\/de\/produkt\/mini-segelboote-set-4-tlg-glueckskaefer\/#breadcrumb\"},\"inLanguage\":\"de-CH\",\"potentialAction\":[{\"@type\":\"ReadAction\",\"target\":[\"https:\/\/teiaeducation.ch\/de\/produkt\/mini-segelboote-set-4-tlg-glueckskaefer\/\"]}]},{\"@type\":\"ImageObject\",\"inLanguage\":\"de-CH\",\"@id\":\"https:\/\/teiaeducation.ch\/de\/produkt\/mini-segelboote-set-4-tlg-glueckskaefer\/#primaryimage\",\"url\":\"https:\/\/teiaeducation.ch\/wp-content\/uploads\/2020\/11\/Mini-Sailing-Boats-Set-Of-4-Handmade-wooden-toy-boat-Glu\u0308ckska\u0308fer.jpg\",\"contentUrl\":\"https:\/\/teiaeducation.ch\/wp-content\/uploads\/2020\/11\/Mini-Sailing-Boats-Set-Of-4-Handmade-wooden-toy-boat-Glu\u0308ckska\u0308fer.jpg\",\"width\":800,\"height\":800,\"caption\":\"Mini-Segelboote-Set, 4 tlg \/ Handgefertigtes Holzspielzeugboot - Gl\u00fccksk\u00e4fer\"},{\"@type\":\"BreadcrumbList\",\"@id\":\"https:\/\/teiaeducation.ch\/de\/produkt\/mini-segelboote-set-4-tlg-glueckskaefer\/#breadcrumb\",\"itemListElement\":[{\"@type\":\"ListItem\",\"position\":1,\"name\":\"Home\",\"item\":\"https:\/\/teiaeducation.ch\/de\/\"},{\"@type\":\"ListItem\",\"position\":2,\"name\":\"Laden\",\"item\":\"https:\/\/teiaeducation.ch\/de\/shop\/\"},{\"@type\":\"ListItem\",\"position\":3,\"name\":\"Unsere Marken\",\"item\":\"https:\/\/teiaeducation.ch\/de\/produkt-kategorie\/unsere-marken\/\"},{\"@type\":\"ListItem\",\"position\":4,\"name\":\"Gl\u00fccksk\u00e4fer\",\"item\":\"https:\/\/teiaeducation.ch\/de\/produkt-kategorie\/unsere-marken\/glueckskaefer\/\"},{\"@type\":\"ListItem\",\"position\":5,\"name\":\"Mini-Segelboote-Set, 4 tlg aus Holz &#8211; Gl\u00fccksk\u00e4fer\"}]},{\"@type\":\"WebSite\",\"@id\":\"https:\/\/teiaeducation.ch\/de\/#website\",\"url\":\"https:\/\/teiaeducation.ch\/de\/\",\"name\":\"Sustainable Educational Products &amp; Ecological Toys\u00a0\",\"description\":\"Specialised Swiss shop selling sustainable educational toys and games, AMI certified Montessori materials, handmade ecological wooden Waldorf toys and arts &amp; crafts supplies, school supplies, children&#039;s furniture and Montessori reference and parenting books.\",\"publisher\":{\"@id\":\"https:\/\/teiaeducation.ch\/de\/#organization\"},\"alternateName\":\"Teia Education & Play\",\"potentialAction\":[{\"@type\":\"SearchAction\",\"target\":{\"@type\":\"EntryPoint\",\"urlTemplate\":\"https:\/\/teiaeducation.ch\/de\/?s={search_term_string}\"},\"query-input\":{\"@type\":\"PropertyValueSpecification\",\"valueRequired\":true,\"valueName\":\"search_term_string\"}}],\"inLanguage\":\"de-CH\"},{\"@type\":\"Organization\",\"@id\":\"https:\/\/teiaeducation.ch\/de\/#organization\",\"name\":\"Teia Education & Play\",\"url\":\"https:\/\/teiaeducation.ch\/de\/\",\"logo\":{\"@type\":\"ImageObject\",\"inLanguage\":\"de-CH\",\"@id\":\"https:\/\/teiaeducation.ch\/de\/#\/schema\/logo\/image\/\",\"url\":\"https:\/\/teiaeducation.ch\/wp-content\/uploads\/2020\/11\/Teia-Education-Switzerland-e1620156442216.jpg\",\"contentUrl\":\"https:\/\/teiaeducation.ch\/wp-content\/uploads\/2020\/11\/Teia-Education-Switzerland-e1620156442216.jpg\",\"width\":166,\"height\":145,\"caption\":\"Teia Education & Play\"},\"image\":{\"@id\":\"https:\/\/teiaeducation.ch\/de\/#\/schema\/logo\/image\/\"},\"sameAs\":[\"https:\/\/www.facebook.com\/teiaeducation\/\",\"https:\/\/x.com\/EducationTeia\",\"https:\/\/www.instagram.com\/teia.education\/\",\"https:\/\/www.linkedin.com\/company\/35501660\",\"https:\/\/www.pinterest.ch\/TeiaEducation\/\"]}]}<\/script>\n<!-- \/ Yoast SEO plugin. -->","yoast_head_json":{"title":"Mini-Segelboote-Set, 4 tlg \u2013 Gl\u00fccksk\u00e4fer","description":"Ein Set von vier sch\u00f6nen kleinen handgefertigten Holzsegelbooten mit Baumwollsegel von der hochwertigen deutschen Spielzeugmarke Gl\u00fccksk\u00e4fer.","robots":{"index":"index","follow":"follow","max-snippet":"max-snippet:-1","max-image-preview":"max-image-preview:large","max-video-preview":"max-video-preview:-1"},"canonical":"https:\/\/teiaeducation.ch\/de\/produkt\/mini-segelboote-set-4-tlg-glueckskaefer\/","og_locale":"de_DE","og_type":"article","og_title":"Mini-Segelboote-Set, 4 tlg \u2013 Gl\u00fccksk\u00e4fer","og_description":"Ein Set von vier sch\u00f6nen kleinen handgefertigten Holzsegelbooten mit Baumwollsegel von der hochwertigen deutschen Spielzeugmarke Gl\u00fccksk\u00e4fer.","og_url":"https:\/\/teiaeducation.ch\/de\/produkt\/mini-segelboote-set-4-tlg-glueckskaefer\/","og_site_name":"Sustainable Educational Products &amp; Ecological Toys\u00a0","article_publisher":"https:\/\/www.facebook.com\/teiaeducation\/","article_modified_time":"2025-12-11T17:46:19+00:00","og_image":[{"width":800,"height":800,"url":"https:\/\/teiaeducation.ch\/wp-content\/uploads\/2020\/11\/Mini-Sailing-Boats-Set-Of-4-Handmade-wooden-toy-boat-Glu\u0308ckska\u0308fer.jpg","type":"image\/jpeg"}],"schema":{"@context":"https:\/\/schema.org","@graph":[{"@type":"WebPage","@id":"https:\/\/teiaeducation.ch\/de\/produkt\/mini-segelboote-set-4-tlg-glueckskaefer\/","url":"https:\/\/teiaeducation.ch\/de\/produkt\/mini-segelboote-set-4-tlg-glueckskaefer\/","name":"Mini-Segelboote-Set, 4 tlg \u2013 Gl\u00fccksk\u00e4fer","isPartOf":{"@id":"https:\/\/teiaeducation.ch\/de\/#website"},"primaryImageOfPage":{"@id":"https:\/\/teiaeducation.ch\/de\/produkt\/mini-segelboote-set-4-tlg-glueckskaefer\/#primaryimage"},"image":{"@id":"https:\/\/teiaeducation.ch\/de\/produkt\/mini-segelboote-set-4-tlg-glueckskaefer\/#primaryimage"},"thumbnailUrl":"https:\/\/teiaeducation.ch\/wp-content\/uploads\/2020\/11\/Mini-Sailing-Boats-Set-Of-4-Handmade-wooden-toy-boat-Glu\u0308ckska\u0308fer.jpg","datePublished":"2020-11-21T13:17:59+00:00","dateModified":"2025-12-11T17:46:19+00:00","description":"Ein Set von vier sch\u00f6nen kleinen handgefertigten Holzsegelbooten mit Baumwollsegel von der hochwertigen deutschen Spielzeugmarke Gl\u00fccksk\u00e4fer.","breadcrumb":{"@id":"https:\/\/teiaeducation.ch\/de\/produkt\/mini-segelboote-set-4-tlg-glueckskaefer\/#breadcrumb"},"inLanguage":"de-CH","potentialAction":[{"@type":"ReadAction","target":["https:\/\/teiaeducation.ch\/de\/produkt\/mini-segelboote-set-4-tlg-glueckskaefer\/"]}]},{"@type":"ImageObject","inLanguage":"de-CH","@id":"https:\/\/teiaeducation.ch\/de\/produkt\/mini-segelboote-set-4-tlg-glueckskaefer\/#primaryimage","url":"https:\/\/teiaeducation.ch\/wp-content\/uploads\/2020\/11\/Mini-Sailing-Boats-Set-Of-4-Handmade-wooden-toy-boat-Glu\u0308ckska\u0308fer.jpg","contentUrl":"https:\/\/teiaeducation.ch\/wp-content\/uploads\/2020\/11\/Mini-Sailing-Boats-Set-Of-4-Handmade-wooden-toy-boat-Glu\u0308ckska\u0308fer.jpg","width":800,"height":800,"caption":"Mini-Segelboote-Set, 4 tlg \/ Handgefertigtes Holzspielzeugboot - Gl\u00fccksk\u00e4fer"},{"@type":"BreadcrumbList","@id":"https:\/\/teiaeducation.ch\/de\/produkt\/mini-segelboote-set-4-tlg-glueckskaefer\/#breadcrumb","itemListElement":[{"@type":"ListItem","position":1,"name":"Home","item":"https:\/\/teiaeducation.ch\/de\/"},{"@type":"ListItem","position":2,"name":"Laden","item":"https:\/\/teiaeducation.ch\/de\/shop\/"},{"@type":"ListItem","position":3,"name":"Unsere Marken","item":"https:\/\/teiaeducation.ch\/de\/produkt-kategorie\/unsere-marken\/"},{"@type":"ListItem","position":4,"name":"Gl\u00fccksk\u00e4fer","item":"https:\/\/teiaeducation.ch\/de\/produkt-kategorie\/unsere-marken\/glueckskaefer\/"},{"@type":"ListItem","position":5,"name":"Mini-Segelboote-Set, 4 tlg aus Holz &#8211; Gl\u00fccksk\u00e4fer"}]},{"@type":"WebSite","@id":"https:\/\/teiaeducation.ch\/de\/#website","url":"https:\/\/teiaeducation.ch\/de\/","name":"Sustainable Educational Products &amp; Ecological Toys\u00a0","description":"Specialised Swiss shop selling sustainable educational toys and games, AMI certified Montessori materials, handmade ecological wooden Waldorf toys and arts &amp; crafts supplies, school supplies, children&#039;s furniture and Montessori reference and parenting books.","publisher":{"@id":"https:\/\/teiaeducation.ch\/de\/#organization"},"alternateName":"Teia Education & Play","potentialAction":[{"@type":"SearchAction","target":{"@type":"EntryPoint","urlTemplate":"https:\/\/teiaeducation.ch\/de\/?s={search_term_string}"},"query-input":{"@type":"PropertyValueSpecification","valueRequired":true,"valueName":"search_term_string"}}],"inLanguage":"de-CH"},{"@type":"Organization","@id":"https:\/\/teiaeducation.ch\/de\/#organization","name":"Teia Education & Play","url":"https:\/\/teiaeducation.ch\/de\/","logo":{"@type":"ImageObject","inLanguage":"de-CH","@id":"https:\/\/teiaeducation.ch\/de\/#\/schema\/logo\/image\/","url":"https:\/\/teiaeducation.ch\/wp-content\/uploads\/2020\/11\/Teia-Education-Switzerland-e1620156442216.jpg","contentUrl":"https:\/\/teiaeducation.ch\/wp-content\/uploads\/2020\/11\/Teia-Education-Switzerland-e1620156442216.jpg","width":166,"height":145,"caption":"Teia Education & Play"},"image":{"@id":"https:\/\/teiaeducation.ch\/de\/#\/schema\/logo\/image\/"},"sameAs":["https:\/\/www.facebook.com\/teiaeducation\/","https:\/\/x.com\/EducationTeia","https:\/\/www.instagram.com\/teia.education\/","https:\/\/www.linkedin.com\/company\/35501660","https:\/\/www.pinterest.ch\/TeiaEducation\/"]}]}},"_links":{"self":[{"href":"https:\/\/teiaeducation.ch\/de\/wp-json\/wp\/v2\/product\/59071","targetHints":{"allow":["GET"]}}],"collection":[{"href":"https:\/\/teiaeducation.ch\/de\/wp-json\/wp\/v2\/product"}],"about":[{"href":"https:\/\/teiaeducation.ch\/de\/wp-json\/wp\/v2\/types\/product"}],"replies":[{"embeddable":true,"href":"https:\/\/teiaeducation.ch\/de\/wp-json\/wp\/v2\/comments?post=59071"}],"wp:featuredmedia":[{"embeddable":true,"href":"https:\/\/teiaeducation.ch\/de\/wp-json\/wp\/v2\/media\/59072"}],"wp:attachment":[{"href":"https:\/\/teiaeducation.ch\/de\/wp-json\/wp\/v2\/media?parent=59071"}],"wp:term":[{"taxonomy":"product_brand","embeddable":true,"href":"https:\/\/teiaeducation.ch\/de\/wp-json\/wp\/v2\/product_brand?post=59071"},{"taxonomy":"product_cat","embeddable":true,"href":"https:\/\/teiaeducation.ch\/de\/wp-json\/wp\/v2\/product_cat?post=59071"},{"taxonomy":"product_tag","embeddable":true,"href":"https:\/\/teiaeducation.ch\/de\/wp-json\/wp\/v2\/product_tag?post=59071"}],"curies":[{"name":"wp","href":"https:\/\/api.w.org\/{rel}","templated":true}]}}