{"id":59073,"date":"2020-11-21T13:38:28","date_gmt":"2020-11-21T12:38:28","guid":{"rendered":"https:\/\/teiaeducation.ch\/product\/segelschiff-rot-glueckskaefer\/"},"modified":"2024-10-28T09:55:27","modified_gmt":"2024-10-28T08:55:27","slug":"segelschiff-rot-glueckskaefer","status":"publish","type":"product","link":"https:\/\/teiaeducation.ch\/de\/produkt\/segelschiff-rot-glueckskaefer\/","title":{"rendered":"Segelschiff Rot aus Holz &#8211; Gl\u00fccksk\u00e4fer"},"content":{"rendered":"<p>Segelschiff Rot \/ Handgefertigtes Holzspielzeugboot &#8211; Gl\u00fccksk\u00e4fer<\/p>\n<p>Ein wundersch\u00f6nes handgefertigtes Holzsegel<a href=\"https:\/\/teiaeducation.ch\/product-category\/play\/boats-trains\/\">boot<\/a> mit rotem Rumpf und abnehmbarem Baumwollsegel aus der Serie &#8220;Wasserspielzeug&#8221; von Gl\u00fccksk\u00e4fer. Dieses vielseitige Spielzeugboot wird in Europa aus angenehm f\u00fchlbarem Buchenholz hergestellt. Das Segelboot ist ein perfekter Begleiter f\u00fcr die Badezeit oder drau\u00dfen zum Segeln und Erkunden unbekannter Gew\u00e4sser. Es eignet sich auch hervorragend zum Spielen an Land!<\/p>\n<p>Das Boot ist 22 x 9 x 21 cm gro\u00df und bietet eine unendliche Vielfalt an offenen Spielm\u00f6glichkeiten und eine sinnesreiche Erfahrung f\u00fcr das Kind.<\/p>\n<p>Wir empfehlen, das Boot vorsichtig trocken zu wischen und es nicht zu lange in der Sonne liegen zu lassen, da das Holz sonst zu schnell trocknet und Risse oder Spalten bekommen kann. Um dieses Holzspielzeug in bestem Zustand zu halten, tragen Sie gelegentlich mit einem weichen Baumwolltuch eine d\u00fcnne Schicht Lein\u00f6l auf.<\/p>\n<p>Die bunten Gl\u00fccksk\u00e4fer-Formen sind ideal f\u00fcr das Spielen zu Hause, im Kindergarten, in der Waldorfschule oder in der Steiner-Schule. Sie sind nach der Waldorf-Philosophie hergestellt, die daf\u00fcr bekannt ist, dass sie Kinder ermutigt, das kreative Spiel unabh\u00e4ngig und ohne Einschr\u00e4nkungen zu entdecken. Das farbenfrohe Regenbogenbr\u00fccken-Set aus Holz wird von Hand mit ungiftigen Farben auf Wasserbasis gef\u00e4rbt und nicht lackiert, damit die urspr\u00fcnglichen Eigenschaften des Holzes und die Maserung erhalten bleiben. Die Oberfl\u00e4che der FSC-zertifizierten europ\u00e4ischen Holz ist leicht rau, wodurch sie vollst\u00e4ndig stapelbar und weniger rutschig sind.<\/p>\n<p>Das Segelboot Gl\u00fccksk\u00e4fer aus Holz mit rotem Rumpf ist f\u00fcr Kinder ab 3 Jahren geeignet.<\/p>\n<p>Inhalt:<\/p>\n<p>1 Spielzeugboot aus Holz (22 x 9 x 21 cm)<\/p>\n","protected":false},"excerpt":{"rendered":"<p>Artikelnummer: <span class=\"sku_wrapper\"><span class=\"sku\">526414<\/span><\/span><\/p>\n<p>Dieses handgefertigte Holzsegelboot mit rotem Rumpf und abnehmbarem Baumwollsegel ist ein perfekter Begleiter f\u00fcr die Badezeit oder drau\u00dfen zum Segeln und Erkunden unbekannter Gew\u00e4sser!<\/p>\n","protected":false},"featured_media":59074,"comment_status":"open","ping_status":"closed","template":"","meta":[],"product_brand":[],"product_cat":[21445,21479,21683,21690,21670,21631,23075,21443,22362,23636,21678,23133,21564,21483,22919],"product_tag":[23459,23463,23461,23465,23464,22143,27896,21712,27895,23460],"class_list":{"0":"post-59073","1":"product","2":"type-product","3":"status-publish","4":"has-post-thumbnail","6":"product_cat-3-6-jahre-vorschule","7":"product_cat-lernmaterialien-spielzeug-montessori-waldorf-steiner-froebel","8":"product_cat-boote-zuege","9":"product_cat-spiele-mit-offenem-ende","10":"product_cat-fruehjahrskollektion","11":"product_cat-glueckskaefer","12":"product_cat-handgefertigtes-holzspielzeug","13":"product_cat-nach-alter","14":"product_cat-saisonale-kollektionen","15":"product_cat-sommer-kollektion","16":"product_cat-kinder-spielzeug","17":"product_cat-spielzeug-fuer-draussen","18":"product_cat-unsere-marken","19":"product_cat-waldorf-steiner-paedagogik","20":"product_cat-waldorfspielzeug","21":"product_tag-gluckskafer-de","22":"product_tag-gluckskafer-bunte-formen","23":"product_tag-gluckskafer-bunte-formen-aus-holz","24":"product_tag-gluckskafer-holzerne-bunte-formen","25":"product_tag-gluckskafer-schweiz-de","26":"product_tag-handgefertigtes-holzspielzeug-de","27":"product_tag-handgefertigtes-holzspielzeugboot-gluckskafer","28":"product_tag-hergestellt-in-deutschland","29":"product_tag-rotes-rumpf-segelboot-gluckskafer","30":"product_tag-waldorfspielzeug-aus-holz-de","32":"first","33":"outofstock","34":"taxable","35":"shipping-taxable","36":"purchasable","37":"product-type-simple"},"yoast_head":"<!-- This site is optimized with the Yoast SEO plugin v27.1.1 - https:\/\/yoast.com\/product\/yoast-seo-wordpress\/ -->\n<title>Segelschiff Rot \u2013 Gl\u00fccksk\u00e4fer<\/title>\n<meta name=\"description\" content=\"Ein wundersch\u00f6nes handgefertigtes Holzsegelboot mit rotem Rumpf und abnehmbarem Baumwollsegel aus der Serie &quot;Wasserspielzeug&quot; von Gl\u00fccksk\u00e4fer.\" \/>\n<meta name=\"robots\" content=\"index, follow, max-snippet:-1, max-image-preview:large, max-video-preview:-1\" \/>\n<link rel=\"canonical\" href=\"https:\/\/teiaeducation.ch\/de\/produkt\/segelschiff-rot-glueckskaefer\/\" \/>\n<meta property=\"og:locale\" content=\"de_DE\" \/>\n<meta property=\"og:type\" content=\"article\" \/>\n<meta property=\"og:title\" content=\"Segelschiff Rot \u2013 Gl\u00fccksk\u00e4fer\" \/>\n<meta property=\"og:description\" content=\"Ein wundersch\u00f6nes handgefertigtes Holzsegelboot mit rotem Rumpf und abnehmbarem Baumwollsegel aus der Serie &quot;Wasserspielzeug&quot; von Gl\u00fccksk\u00e4fer.\" \/>\n<meta property=\"og:url\" content=\"https:\/\/teiaeducation.ch\/de\/produkt\/segelschiff-rot-glueckskaefer\/\" \/>\n<meta property=\"og:site_name\" content=\"Sustainable Educational Products &amp; Ecological Toys\u00a0\" \/>\n<meta property=\"article:publisher\" content=\"https:\/\/www.facebook.com\/teiaeducation\/\" \/>\n<meta property=\"article:modified_time\" content=\"2024-10-28T08:55:27+00:00\" \/>\n<meta property=\"og:image\" content=\"https:\/\/teiaeducation.ch\/wp-content\/uploads\/2020\/11\/Red-Hull-Sailing-Boat-Handmade-wooden-toy-boat-Glu\u0308ckska\u0308fer.jpg\" \/>\n\t<meta property=\"og:image:width\" content=\"800\" \/>\n\t<meta property=\"og:image:height\" content=\"800\" \/>\n\t<meta property=\"og:image:type\" content=\"image\/jpeg\" \/>\n<script type=\"application\/ld+json\" class=\"yoast-schema-graph\">{\"@context\":\"https:\/\/schema.org\",\"@graph\":[{\"@type\":\"WebPage\",\"@id\":\"https:\/\/teiaeducation.ch\/de\/produkt\/segelschiff-rot-glueckskaefer\/\",\"url\":\"https:\/\/teiaeducation.ch\/de\/produkt\/segelschiff-rot-glueckskaefer\/\",\"name\":\"Segelschiff Rot \u2013 Gl\u00fccksk\u00e4fer\",\"isPartOf\":{\"@id\":\"https:\/\/teiaeducation.ch\/de\/#website\"},\"primaryImageOfPage\":{\"@id\":\"https:\/\/teiaeducation.ch\/de\/produkt\/segelschiff-rot-glueckskaefer\/#primaryimage\"},\"image\":{\"@id\":\"https:\/\/teiaeducation.ch\/de\/produkt\/segelschiff-rot-glueckskaefer\/#primaryimage\"},\"thumbnailUrl\":\"https:\/\/teiaeducation.ch\/wp-content\/uploads\/2020\/11\/Red-Hull-Sailing-Boat-Handmade-wooden-toy-boat-Glu\u0308ckska\u0308fer.jpg\",\"datePublished\":\"2020-11-21T12:38:28+00:00\",\"dateModified\":\"2024-10-28T08:55:27+00:00\",\"description\":\"Ein wundersch\u00f6nes handgefertigtes Holzsegelboot mit rotem Rumpf und abnehmbarem Baumwollsegel aus der Serie \\\"Wasserspielzeug\\\" von Gl\u00fccksk\u00e4fer.\",\"breadcrumb\":{\"@id\":\"https:\/\/teiaeducation.ch\/de\/produkt\/segelschiff-rot-glueckskaefer\/#breadcrumb\"},\"inLanguage\":\"de-CH\",\"potentialAction\":[{\"@type\":\"ReadAction\",\"target\":[\"https:\/\/teiaeducation.ch\/de\/produkt\/segelschiff-rot-glueckskaefer\/\"]}]},{\"@type\":\"ImageObject\",\"inLanguage\":\"de-CH\",\"@id\":\"https:\/\/teiaeducation.ch\/de\/produkt\/segelschiff-rot-glueckskaefer\/#primaryimage\",\"url\":\"https:\/\/teiaeducation.ch\/wp-content\/uploads\/2020\/11\/Red-Hull-Sailing-Boat-Handmade-wooden-toy-boat-Glu\u0308ckska\u0308fer.jpg\",\"contentUrl\":\"https:\/\/teiaeducation.ch\/wp-content\/uploads\/2020\/11\/Red-Hull-Sailing-Boat-Handmade-wooden-toy-boat-Glu\u0308ckska\u0308fer.jpg\",\"width\":800,\"height\":800,\"caption\":\"Segelschiff Rot \/ Handgefertigtes Holzspielzeugboot - Gl\u00fccksk\u00e4fer\"},{\"@type\":\"BreadcrumbList\",\"@id\":\"https:\/\/teiaeducation.ch\/de\/produkt\/segelschiff-rot-glueckskaefer\/#breadcrumb\",\"itemListElement\":[{\"@type\":\"ListItem\",\"position\":1,\"name\":\"Home\",\"item\":\"https:\/\/teiaeducation.ch\/de\/\"},{\"@type\":\"ListItem\",\"position\":2,\"name\":\"Laden\",\"item\":\"https:\/\/teiaeducation.ch\/de\/shop\/\"},{\"@type\":\"ListItem\",\"position\":3,\"name\":\"Unsere Marken\",\"item\":\"https:\/\/teiaeducation.ch\/de\/produkt-kategorie\/unsere-marken\/\"},{\"@type\":\"ListItem\",\"position\":4,\"name\":\"Gl\u00fccksk\u00e4fer\",\"item\":\"https:\/\/teiaeducation.ch\/de\/produkt-kategorie\/unsere-marken\/glueckskaefer\/\"},{\"@type\":\"ListItem\",\"position\":5,\"name\":\"Segelschiff Rot aus Holz &#8211; Gl\u00fccksk\u00e4fer\"}]},{\"@type\":\"WebSite\",\"@id\":\"https:\/\/teiaeducation.ch\/de\/#website\",\"url\":\"https:\/\/teiaeducation.ch\/de\/\",\"name\":\"Sustainable Educational Products &amp; Ecological Toys\u00a0\",\"description\":\"Specialised Swiss shop selling sustainable educational toys and games, AMI certified Montessori materials, handmade ecological wooden Waldorf toys and arts &amp; crafts supplies, school supplies, children&#039;s furniture and Montessori reference and parenting books.\",\"publisher\":{\"@id\":\"https:\/\/teiaeducation.ch\/de\/#organization\"},\"alternateName\":\"Teia Education & Play\",\"potentialAction\":[{\"@type\":\"SearchAction\",\"target\":{\"@type\":\"EntryPoint\",\"urlTemplate\":\"https:\/\/teiaeducation.ch\/de\/?s={search_term_string}\"},\"query-input\":{\"@type\":\"PropertyValueSpecification\",\"valueRequired\":true,\"valueName\":\"search_term_string\"}}],\"inLanguage\":\"de-CH\"},{\"@type\":\"Organization\",\"@id\":\"https:\/\/teiaeducation.ch\/de\/#organization\",\"name\":\"Teia Education & Play\",\"url\":\"https:\/\/teiaeducation.ch\/de\/\",\"logo\":{\"@type\":\"ImageObject\",\"inLanguage\":\"de-CH\",\"@id\":\"https:\/\/teiaeducation.ch\/de\/#\/schema\/logo\/image\/\",\"url\":\"https:\/\/teiaeducation.ch\/wp-content\/uploads\/2020\/11\/Teia-Education-Switzerland-e1620156442216.jpg\",\"contentUrl\":\"https:\/\/teiaeducation.ch\/wp-content\/uploads\/2020\/11\/Teia-Education-Switzerland-e1620156442216.jpg\",\"width\":166,\"height\":145,\"caption\":\"Teia Education & Play\"},\"image\":{\"@id\":\"https:\/\/teiaeducation.ch\/de\/#\/schema\/logo\/image\/\"},\"sameAs\":[\"https:\/\/www.facebook.com\/teiaeducation\/\",\"https:\/\/x.com\/EducationTeia\",\"https:\/\/www.instagram.com\/teia.education\/\",\"https:\/\/www.linkedin.com\/company\/35501660\",\"https:\/\/www.pinterest.ch\/TeiaEducation\/\"]}]}<\/script>\n<!-- \/ Yoast SEO plugin. -->","yoast_head_json":{"title":"Segelschiff Rot \u2013 Gl\u00fccksk\u00e4fer","description":"Ein wundersch\u00f6nes handgefertigtes Holzsegelboot mit rotem Rumpf und abnehmbarem Baumwollsegel aus der Serie \"Wasserspielzeug\" von Gl\u00fccksk\u00e4fer.","robots":{"index":"index","follow":"follow","max-snippet":"max-snippet:-1","max-image-preview":"max-image-preview:large","max-video-preview":"max-video-preview:-1"},"canonical":"https:\/\/teiaeducation.ch\/de\/produkt\/segelschiff-rot-glueckskaefer\/","og_locale":"de_DE","og_type":"article","og_title":"Segelschiff Rot \u2013 Gl\u00fccksk\u00e4fer","og_description":"Ein wundersch\u00f6nes handgefertigtes Holzsegelboot mit rotem Rumpf und abnehmbarem Baumwollsegel aus der Serie \"Wasserspielzeug\" von Gl\u00fccksk\u00e4fer.","og_url":"https:\/\/teiaeducation.ch\/de\/produkt\/segelschiff-rot-glueckskaefer\/","og_site_name":"Sustainable Educational Products &amp; Ecological Toys\u00a0","article_publisher":"https:\/\/www.facebook.com\/teiaeducation\/","article_modified_time":"2024-10-28T08:55:27+00:00","og_image":[{"width":800,"height":800,"url":"https:\/\/teiaeducation.ch\/wp-content\/uploads\/2020\/11\/Red-Hull-Sailing-Boat-Handmade-wooden-toy-boat-Glu\u0308ckska\u0308fer.jpg","type":"image\/jpeg"}],"schema":{"@context":"https:\/\/schema.org","@graph":[{"@type":"WebPage","@id":"https:\/\/teiaeducation.ch\/de\/produkt\/segelschiff-rot-glueckskaefer\/","url":"https:\/\/teiaeducation.ch\/de\/produkt\/segelschiff-rot-glueckskaefer\/","name":"Segelschiff Rot \u2013 Gl\u00fccksk\u00e4fer","isPartOf":{"@id":"https:\/\/teiaeducation.ch\/de\/#website"},"primaryImageOfPage":{"@id":"https:\/\/teiaeducation.ch\/de\/produkt\/segelschiff-rot-glueckskaefer\/#primaryimage"},"image":{"@id":"https:\/\/teiaeducation.ch\/de\/produkt\/segelschiff-rot-glueckskaefer\/#primaryimage"},"thumbnailUrl":"https:\/\/teiaeducation.ch\/wp-content\/uploads\/2020\/11\/Red-Hull-Sailing-Boat-Handmade-wooden-toy-boat-Glu\u0308ckska\u0308fer.jpg","datePublished":"2020-11-21T12:38:28+00:00","dateModified":"2024-10-28T08:55:27+00:00","description":"Ein wundersch\u00f6nes handgefertigtes Holzsegelboot mit rotem Rumpf und abnehmbarem Baumwollsegel aus der Serie \"Wasserspielzeug\" von Gl\u00fccksk\u00e4fer.","breadcrumb":{"@id":"https:\/\/teiaeducation.ch\/de\/produkt\/segelschiff-rot-glueckskaefer\/#breadcrumb"},"inLanguage":"de-CH","potentialAction":[{"@type":"ReadAction","target":["https:\/\/teiaeducation.ch\/de\/produkt\/segelschiff-rot-glueckskaefer\/"]}]},{"@type":"ImageObject","inLanguage":"de-CH","@id":"https:\/\/teiaeducation.ch\/de\/produkt\/segelschiff-rot-glueckskaefer\/#primaryimage","url":"https:\/\/teiaeducation.ch\/wp-content\/uploads\/2020\/11\/Red-Hull-Sailing-Boat-Handmade-wooden-toy-boat-Glu\u0308ckska\u0308fer.jpg","contentUrl":"https:\/\/teiaeducation.ch\/wp-content\/uploads\/2020\/11\/Red-Hull-Sailing-Boat-Handmade-wooden-toy-boat-Glu\u0308ckska\u0308fer.jpg","width":800,"height":800,"caption":"Segelschiff Rot \/ Handgefertigtes Holzspielzeugboot - Gl\u00fccksk\u00e4fer"},{"@type":"BreadcrumbList","@id":"https:\/\/teiaeducation.ch\/de\/produkt\/segelschiff-rot-glueckskaefer\/#breadcrumb","itemListElement":[{"@type":"ListItem","position":1,"name":"Home","item":"https:\/\/teiaeducation.ch\/de\/"},{"@type":"ListItem","position":2,"name":"Laden","item":"https:\/\/teiaeducation.ch\/de\/shop\/"},{"@type":"ListItem","position":3,"name":"Unsere Marken","item":"https:\/\/teiaeducation.ch\/de\/produkt-kategorie\/unsere-marken\/"},{"@type":"ListItem","position":4,"name":"Gl\u00fccksk\u00e4fer","item":"https:\/\/teiaeducation.ch\/de\/produkt-kategorie\/unsere-marken\/glueckskaefer\/"},{"@type":"ListItem","position":5,"name":"Segelschiff Rot aus Holz &#8211; Gl\u00fccksk\u00e4fer"}]},{"@type":"WebSite","@id":"https:\/\/teiaeducation.ch\/de\/#website","url":"https:\/\/teiaeducation.ch\/de\/","name":"Sustainable Educational Products &amp; Ecological Toys\u00a0","description":"Specialised Swiss shop selling sustainable educational toys and games, AMI certified Montessori materials, handmade ecological wooden Waldorf toys and arts &amp; crafts supplies, school supplies, children&#039;s furniture and Montessori reference and parenting books.","publisher":{"@id":"https:\/\/teiaeducation.ch\/de\/#organization"},"alternateName":"Teia Education & Play","potentialAction":[{"@type":"SearchAction","target":{"@type":"EntryPoint","urlTemplate":"https:\/\/teiaeducation.ch\/de\/?s={search_term_string}"},"query-input":{"@type":"PropertyValueSpecification","valueRequired":true,"valueName":"search_term_string"}}],"inLanguage":"de-CH"},{"@type":"Organization","@id":"https:\/\/teiaeducation.ch\/de\/#organization","name":"Teia Education & Play","url":"https:\/\/teiaeducation.ch\/de\/","logo":{"@type":"ImageObject","inLanguage":"de-CH","@id":"https:\/\/teiaeducation.ch\/de\/#\/schema\/logo\/image\/","url":"https:\/\/teiaeducation.ch\/wp-content\/uploads\/2020\/11\/Teia-Education-Switzerland-e1620156442216.jpg","contentUrl":"https:\/\/teiaeducation.ch\/wp-content\/uploads\/2020\/11\/Teia-Education-Switzerland-e1620156442216.jpg","width":166,"height":145,"caption":"Teia Education & Play"},"image":{"@id":"https:\/\/teiaeducation.ch\/de\/#\/schema\/logo\/image\/"},"sameAs":["https:\/\/www.facebook.com\/teiaeducation\/","https:\/\/x.com\/EducationTeia","https:\/\/www.instagram.com\/teia.education\/","https:\/\/www.linkedin.com\/company\/35501660","https:\/\/www.pinterest.ch\/TeiaEducation\/"]}]}},"_links":{"self":[{"href":"https:\/\/teiaeducation.ch\/de\/wp-json\/wp\/v2\/product\/59073","targetHints":{"allow":["GET"]}}],"collection":[{"href":"https:\/\/teiaeducation.ch\/de\/wp-json\/wp\/v2\/product"}],"about":[{"href":"https:\/\/teiaeducation.ch\/de\/wp-json\/wp\/v2\/types\/product"}],"replies":[{"embeddable":true,"href":"https:\/\/teiaeducation.ch\/de\/wp-json\/wp\/v2\/comments?post=59073"}],"wp:featuredmedia":[{"embeddable":true,"href":"https:\/\/teiaeducation.ch\/de\/wp-json\/wp\/v2\/media\/59074"}],"wp:attachment":[{"href":"https:\/\/teiaeducation.ch\/de\/wp-json\/wp\/v2\/media?parent=59073"}],"wp:term":[{"taxonomy":"product_brand","embeddable":true,"href":"https:\/\/teiaeducation.ch\/de\/wp-json\/wp\/v2\/product_brand?post=59073"},{"taxonomy":"product_cat","embeddable":true,"href":"https:\/\/teiaeducation.ch\/de\/wp-json\/wp\/v2\/product_cat?post=59073"},{"taxonomy":"product_tag","embeddable":true,"href":"https:\/\/teiaeducation.ch\/de\/wp-json\/wp\/v2\/product_tag?post=59073"}],"curies":[{"name":"wp","href":"https:\/\/api.w.org\/{rel}","templated":true}]}}