{"id":59075,"date":"2020-10-28T17:50:35","date_gmt":"2020-10-28T16:50:35","guid":{"rendered":"https:\/\/teiaeducation.ch\/product\/delphin-7-tlg-glueckskaefer\/"},"modified":"2025-06-17T17:18:46","modified_gmt":"2025-06-17T15:18:46","slug":"delphin-7-tlg-glueckskaefer","status":"publish","type":"product","link":"https:\/\/teiaeducation.ch\/de\/produkt\/delphin-7-tlg-glueckskaefer\/","title":{"rendered":"Delphin, 7-tlg aus Holz &#8211; Gl\u00fccksk\u00e4fer"},"content":{"rendered":"<p>Delphin, 7-tlg \/ Handmade wooden stacking toy &#8211; Gl\u00fccksk\u00e4fer<\/p>\n<p>Das sch\u00f6ne, von der Waldorfp\u00e4dagogik inspirierte 7-teilige, handgefertigte Delfin-Block<a href=\"https:\/\/teiaeducation.ch\/product-category\/play\/wooden-puzzles\/\">puzzle<\/a> aus Holz ist ein vielseitiges Stapelspielzeug in Blau- und T\u00fcrkist\u00f6nen aus der Serie &#8220;Bunte Formen&#8221; von Gl\u00fccksk\u00e4fer. Das Holzpuzzle ist 18 x 7 x 15 cm gro\u00df und enth\u00e4lt 2 Delfine und 2 Delfink\u00e4lber, die sich zusammensetzen lassen. Die vier Meerestiere sind von den anderen Holzteilen umschlossen, so dass es scheint, als seien sie von Wasser umgeben.<\/p>\n<p>Das h\u00f6lzerne Delphin-Blockpuzzle bietet eine unendliche Vielfalt an Spielm\u00f6glichkeiten mit offenem Ausgang und eine sinnesreiche Erfahrung f\u00fcr das Kind. Die verschiedenen Teile und Delphine k\u00f6nnen zusammen oder einzeln gespielt werden, sie k\u00f6nnen auch gestapelt oder zusammengesteckt werden, um das Originaldesign als Puzzle zu vervollst\u00e4ndigen. Dieses Set eignet sich auch zur Verwendung auf einem Waldorf-Natur- oder Jahreszeitentisch.<\/p>\n<p>Die bunten Gl\u00fccksk\u00e4fer-Formen sind ideal f\u00fcr das Spielen zu Hause, im Kindergarten, in der Waldorfschule oder in der Steiner-Schule. Sie sind nach der Waldorf-Philosophie hergestellt, die daf\u00fcr bekannt ist, dass sie Kinder ermutigt, das kreative Spiel unabh\u00e4ngig und ohne Einschr\u00e4nkungen zu entdecken. Das farbenfrohe Regenbogenbr\u00fccken-Set aus Holz wird von Hand mit ungiftigen Farben auf Wasserbasis gef\u00e4rbt und nicht lackiert, damit die urspr\u00fcnglichen Eigenschaften des Holzes und die Maserung erhalten bleiben. Die Oberfl\u00e4che der FSC-zertifizierten europ\u00e4ischen Holz ist leicht rau, wodurch sie vollst\u00e4ndig stapelbar und weniger rutschig sind.<\/p>\n<p>Das Gl\u00fccksk\u00e4fer Holz-Delphin-Blockpuzzle ist f\u00fcr Kinder ab 2 Jahren geeignet.<\/p>\n<p>Inhalt:<\/p>\n<p>1 7-teiliges Delphin-Blockpuzzle (18 x 7 x 15 cm)<\/p>\n","protected":false},"excerpt":{"rendered":"<p>Artikelnummer: 523190<\/p>\n<p>Das sch\u00f6ne, von der Waldorfp\u00e4dagogik inspirierte 7-teilige, handgefertigte Delfin-Blockpuzzle aus Holz ist ein vielseitiges Spielzeug in Blau- und T\u00fcrkist\u00f6nen aus der Serie &#8220;Bunte Formen&#8221; von Gl\u00fccksk\u00e4fer.<\/p>\n","protected":false},"featured_media":59076,"comment_status":"open","ping_status":"closed","template":"","meta":[],"product_brand":[],"product_cat":[21444,21445,21479,21690,21486,21484,21631,23075,21443,21678,21699,21564,21483,22919],"product_tag":[27808,27810,27809,27807,27899,23459,23463,23461,27811,23465,23464,22143,21712,27812,23460],"class_list":{"0":"post-59075","1":"product","2":"type-product","3":"status-publish","4":"has-post-thumbnail","6":"product_cat-1-3-jahre-kleinkind","7":"product_cat-3-6-jahre-vorschule","8":"product_cat-lernmaterialien-spielzeug-montessori-waldorf-steiner-froebel","9":"product_cat-spiele-mit-offenem-ende","10":"product_cat-geschenk-guide-1-3-jahre-kleinkind","11":"product_cat-geschenk-guides","12":"product_cat-glueckskaefer","13":"product_cat-handgefertigtes-holzspielzeug","14":"product_cat-nach-alter","15":"product_cat-kinder-spielzeug","16":"product_cat-stapelspielzeug","17":"product_cat-unsere-marken","18":"product_cat-waldorf-steiner-paedagogik","19":"product_cat-waldorfspielzeug","20":"product_tag-bunte-holzklotze","21":"product_tag-bunte-waldorf-holzklotze","22":"product_tag-bunte-waldorf-stapelklotze","23":"product_tag-buntes-stapelspielzeug-aus-holz","24":"product_tag-delfinpuzzle-aus-holz-handgemachtes-holzpuzzle-gluckskafer","25":"product_tag-gluckskafer-de","26":"product_tag-gluckskafer-bunte-formen","27":"product_tag-gluckskafer-bunte-formen-aus-holz","28":"product_tag-gluckskafer-holz-regenbogen-stapelbrucken-set","29":"product_tag-gluckskafer-holzerne-bunte-formen","30":"product_tag-gluckskafer-schweiz-de","31":"product_tag-handgefertigtes-holzspielzeug-de","32":"product_tag-hergestellt-in-deutschland","33":"product_tag-holzgewolbetunnel-gluckskafer","34":"product_tag-waldorfspielzeug-aus-holz-de","36":"first","37":"outofstock","38":"taxable","39":"shipping-taxable","40":"purchasable","41":"product-type-simple"},"yoast_head":"<!-- This site is optimized with the Yoast SEO plugin v27.3 - https:\/\/yoast.com\/product\/yoast-seo-wordpress\/ -->\n<title>Delphin, 7-tlg \u2013 Gl\u00fccksk\u00e4fer<\/title>\n<meta name=\"description\" content=\"Das sch\u00f6ne, von der Waldorfp\u00e4dagogik inspirierte 7-teilige handgefertigte Holzpuzzle Delphin ist ein Stapelspielzeug aus dem Gl\u00fccksk\u00e4fer-Sortiment Bunte Formen.\" \/>\n<meta name=\"robots\" content=\"index, follow, max-snippet:-1, max-image-preview:large, max-video-preview:-1\" \/>\n<link rel=\"canonical\" href=\"https:\/\/teiaeducation.ch\/de\/produkt\/delphin-7-tlg-glueckskaefer\/\" \/>\n<meta property=\"og:locale\" content=\"de_DE\" \/>\n<meta property=\"og:type\" content=\"article\" \/>\n<meta property=\"og:title\" content=\"Delphin, 7-tlg \u2013 Gl\u00fccksk\u00e4fer\" \/>\n<meta property=\"og:description\" content=\"Das sch\u00f6ne, von der Waldorfp\u00e4dagogik inspirierte 7-teilige handgefertigte Holzpuzzle Delphin ist ein Stapelspielzeug aus dem Gl\u00fccksk\u00e4fer-Sortiment Bunte Formen.\" \/>\n<meta property=\"og:url\" content=\"https:\/\/teiaeducation.ch\/de\/produkt\/delphin-7-tlg-glueckskaefer\/\" \/>\n<meta property=\"og:site_name\" content=\"Sustainable Educational Products &amp; Ecological Toys\u00a0\" \/>\n<meta property=\"article:publisher\" content=\"https:\/\/www.facebook.com\/teiaeducation\/\" \/>\n<meta property=\"article:modified_time\" content=\"2025-06-17T15:18:46+00:00\" \/>\n<meta property=\"og:image\" content=\"https:\/\/teiaeducation.ch\/wp-content\/uploads\/2020\/10\/Wooden-dolphin-block-puzzle-Handmade-wooden-puzzle-Gluckskafer.jpg\" \/>\n\t<meta property=\"og:image:width\" content=\"800\" \/>\n\t<meta property=\"og:image:height\" content=\"800\" \/>\n\t<meta property=\"og:image:type\" content=\"image\/jpeg\" \/>\n<script type=\"application\/ld+json\" class=\"yoast-schema-graph\">{\"@context\":\"https:\\\/\\\/schema.org\",\"@graph\":[{\"@type\":\"WebPage\",\"@id\":\"https:\\\/\\\/teiaeducation.ch\\\/de\\\/produkt\\\/delphin-7-tlg-glueckskaefer\\\/\",\"url\":\"https:\\\/\\\/teiaeducation.ch\\\/de\\\/produkt\\\/delphin-7-tlg-glueckskaefer\\\/\",\"name\":\"Delphin, 7-tlg \u2013 Gl\u00fccksk\u00e4fer\",\"isPartOf\":{\"@id\":\"https:\\\/\\\/teiaeducation.ch\\\/de\\\/#website\"},\"primaryImageOfPage\":{\"@id\":\"https:\\\/\\\/teiaeducation.ch\\\/de\\\/produkt\\\/delphin-7-tlg-glueckskaefer\\\/#primaryimage\"},\"image\":{\"@id\":\"https:\\\/\\\/teiaeducation.ch\\\/de\\\/produkt\\\/delphin-7-tlg-glueckskaefer\\\/#primaryimage\"},\"thumbnailUrl\":\"https:\\\/\\\/teiaeducation.ch\\\/wp-content\\\/uploads\\\/2020\\\/10\\\/Wooden-dolphin-block-puzzle-Handmade-wooden-puzzle-Gluckskafer.jpg\",\"datePublished\":\"2020-10-28T16:50:35+00:00\",\"dateModified\":\"2025-06-17T15:18:46+00:00\",\"description\":\"Das sch\u00f6ne, von der Waldorfp\u00e4dagogik inspirierte 7-teilige handgefertigte Holzpuzzle Delphin ist ein Stapelspielzeug aus dem Gl\u00fccksk\u00e4fer-Sortiment Bunte Formen.\",\"breadcrumb\":{\"@id\":\"https:\\\/\\\/teiaeducation.ch\\\/de\\\/produkt\\\/delphin-7-tlg-glueckskaefer\\\/#breadcrumb\"},\"inLanguage\":\"de-CH\",\"potentialAction\":[{\"@type\":\"ReadAction\",\"target\":[\"https:\\\/\\\/teiaeducation.ch\\\/de\\\/produkt\\\/delphin-7-tlg-glueckskaefer\\\/\"]}]},{\"@type\":\"ImageObject\",\"inLanguage\":\"de-CH\",\"@id\":\"https:\\\/\\\/teiaeducation.ch\\\/de\\\/produkt\\\/delphin-7-tlg-glueckskaefer\\\/#primaryimage\",\"url\":\"https:\\\/\\\/teiaeducation.ch\\\/wp-content\\\/uploads\\\/2020\\\/10\\\/Wooden-dolphin-block-puzzle-Handmade-wooden-puzzle-Gluckskafer.jpg\",\"contentUrl\":\"https:\\\/\\\/teiaeducation.ch\\\/wp-content\\\/uploads\\\/2020\\\/10\\\/Wooden-dolphin-block-puzzle-Handmade-wooden-puzzle-Gluckskafer.jpg\",\"width\":800,\"height\":800,\"caption\":\"Delfinpuzzle aus Holz \\\/ Handgemachtes Holzpuzzle Gl\u00fccksk\u00e4fer\"},{\"@type\":\"BreadcrumbList\",\"@id\":\"https:\\\/\\\/teiaeducation.ch\\\/de\\\/produkt\\\/delphin-7-tlg-glueckskaefer\\\/#breadcrumb\",\"itemListElement\":[{\"@type\":\"ListItem\",\"position\":1,\"name\":\"Home\",\"item\":\"https:\\\/\\\/teiaeducation.ch\\\/de\\\/\"},{\"@type\":\"ListItem\",\"position\":2,\"name\":\"Laden\",\"item\":\"https:\\\/\\\/teiaeducation.ch\\\/de\\\/shop\\\/\"},{\"@type\":\"ListItem\",\"position\":3,\"name\":\"Unsere Marken\",\"item\":\"https:\\\/\\\/teiaeducation.ch\\\/de\\\/produkt-kategorie\\\/unsere-marken\\\/\"},{\"@type\":\"ListItem\",\"position\":4,\"name\":\"Gl\u00fccksk\u00e4fer\",\"item\":\"https:\\\/\\\/teiaeducation.ch\\\/de\\\/produkt-kategorie\\\/unsere-marken\\\/glueckskaefer\\\/\"},{\"@type\":\"ListItem\",\"position\":5,\"name\":\"Delphin, 7-tlg aus Holz &#8211; Gl\u00fccksk\u00e4fer\"}]},{\"@type\":\"WebSite\",\"@id\":\"https:\\\/\\\/teiaeducation.ch\\\/de\\\/#website\",\"url\":\"https:\\\/\\\/teiaeducation.ch\\\/de\\\/\",\"name\":\"Sustainable Educational Products &amp; Ecological Toys\u00a0\",\"description\":\"Specialised Swiss shop selling sustainable educational toys and games, AMI certified Montessori materials, handmade ecological wooden Waldorf toys and arts &amp; crafts supplies, school supplies, children&#039;s furniture and Montessori reference and parenting books.\",\"publisher\":{\"@id\":\"https:\\\/\\\/teiaeducation.ch\\\/de\\\/#organization\"},\"alternateName\":\"Teia Education & Play\",\"potentialAction\":[{\"@type\":\"SearchAction\",\"target\":{\"@type\":\"EntryPoint\",\"urlTemplate\":\"https:\\\/\\\/teiaeducation.ch\\\/de\\\/?s={search_term_string}\"},\"query-input\":{\"@type\":\"PropertyValueSpecification\",\"valueRequired\":true,\"valueName\":\"search_term_string\"}}],\"inLanguage\":\"de-CH\"},{\"@type\":\"Organization\",\"@id\":\"https:\\\/\\\/teiaeducation.ch\\\/de\\\/#organization\",\"name\":\"Teia Education & Play\",\"url\":\"https:\\\/\\\/teiaeducation.ch\\\/de\\\/\",\"logo\":{\"@type\":\"ImageObject\",\"inLanguage\":\"de-CH\",\"@id\":\"https:\\\/\\\/teiaeducation.ch\\\/de\\\/#\\\/schema\\\/logo\\\/image\\\/\",\"url\":\"https:\\\/\\\/teiaeducation.ch\\\/wp-content\\\/uploads\\\/2020\\\/11\\\/Teia-Education-Switzerland-e1620156442216.jpg\",\"contentUrl\":\"https:\\\/\\\/teiaeducation.ch\\\/wp-content\\\/uploads\\\/2020\\\/11\\\/Teia-Education-Switzerland-e1620156442216.jpg\",\"width\":166,\"height\":145,\"caption\":\"Teia Education & Play\"},\"image\":{\"@id\":\"https:\\\/\\\/teiaeducation.ch\\\/de\\\/#\\\/schema\\\/logo\\\/image\\\/\"},\"sameAs\":[\"https:\\\/\\\/www.facebook.com\\\/teiaeducation\\\/\",\"https:\\\/\\\/x.com\\\/EducationTeia\",\"https:\\\/\\\/www.instagram.com\\\/teia.education\\\/\",\"https:\\\/\\\/www.linkedin.com\\\/company\\\/35501660\",\"https:\\\/\\\/www.pinterest.ch\\\/TeiaEducation\\\/\"]}]}<\/script>\n<!-- \/ Yoast SEO plugin. -->","yoast_head_json":{"title":"Delphin, 7-tlg \u2013 Gl\u00fccksk\u00e4fer","description":"Das sch\u00f6ne, von der Waldorfp\u00e4dagogik inspirierte 7-teilige handgefertigte Holzpuzzle Delphin ist ein Stapelspielzeug aus dem Gl\u00fccksk\u00e4fer-Sortiment Bunte Formen.","robots":{"index":"index","follow":"follow","max-snippet":"max-snippet:-1","max-image-preview":"max-image-preview:large","max-video-preview":"max-video-preview:-1"},"canonical":"https:\/\/teiaeducation.ch\/de\/produkt\/delphin-7-tlg-glueckskaefer\/","og_locale":"de_DE","og_type":"article","og_title":"Delphin, 7-tlg \u2013 Gl\u00fccksk\u00e4fer","og_description":"Das sch\u00f6ne, von der Waldorfp\u00e4dagogik inspirierte 7-teilige handgefertigte Holzpuzzle Delphin ist ein Stapelspielzeug aus dem Gl\u00fccksk\u00e4fer-Sortiment Bunte Formen.","og_url":"https:\/\/teiaeducation.ch\/de\/produkt\/delphin-7-tlg-glueckskaefer\/","og_site_name":"Sustainable Educational Products &amp; Ecological Toys\u00a0","article_publisher":"https:\/\/www.facebook.com\/teiaeducation\/","article_modified_time":"2025-06-17T15:18:46+00:00","og_image":[{"width":800,"height":800,"url":"https:\/\/teiaeducation.ch\/wp-content\/uploads\/2020\/10\/Wooden-dolphin-block-puzzle-Handmade-wooden-puzzle-Gluckskafer.jpg","type":"image\/jpeg"}],"schema":{"@context":"https:\/\/schema.org","@graph":[{"@type":"WebPage","@id":"https:\/\/teiaeducation.ch\/de\/produkt\/delphin-7-tlg-glueckskaefer\/","url":"https:\/\/teiaeducation.ch\/de\/produkt\/delphin-7-tlg-glueckskaefer\/","name":"Delphin, 7-tlg \u2013 Gl\u00fccksk\u00e4fer","isPartOf":{"@id":"https:\/\/teiaeducation.ch\/de\/#website"},"primaryImageOfPage":{"@id":"https:\/\/teiaeducation.ch\/de\/produkt\/delphin-7-tlg-glueckskaefer\/#primaryimage"},"image":{"@id":"https:\/\/teiaeducation.ch\/de\/produkt\/delphin-7-tlg-glueckskaefer\/#primaryimage"},"thumbnailUrl":"https:\/\/teiaeducation.ch\/wp-content\/uploads\/2020\/10\/Wooden-dolphin-block-puzzle-Handmade-wooden-puzzle-Gluckskafer.jpg","datePublished":"2020-10-28T16:50:35+00:00","dateModified":"2025-06-17T15:18:46+00:00","description":"Das sch\u00f6ne, von der Waldorfp\u00e4dagogik inspirierte 7-teilige handgefertigte Holzpuzzle Delphin ist ein Stapelspielzeug aus dem Gl\u00fccksk\u00e4fer-Sortiment Bunte Formen.","breadcrumb":{"@id":"https:\/\/teiaeducation.ch\/de\/produkt\/delphin-7-tlg-glueckskaefer\/#breadcrumb"},"inLanguage":"de-CH","potentialAction":[{"@type":"ReadAction","target":["https:\/\/teiaeducation.ch\/de\/produkt\/delphin-7-tlg-glueckskaefer\/"]}]},{"@type":"ImageObject","inLanguage":"de-CH","@id":"https:\/\/teiaeducation.ch\/de\/produkt\/delphin-7-tlg-glueckskaefer\/#primaryimage","url":"https:\/\/teiaeducation.ch\/wp-content\/uploads\/2020\/10\/Wooden-dolphin-block-puzzle-Handmade-wooden-puzzle-Gluckskafer.jpg","contentUrl":"https:\/\/teiaeducation.ch\/wp-content\/uploads\/2020\/10\/Wooden-dolphin-block-puzzle-Handmade-wooden-puzzle-Gluckskafer.jpg","width":800,"height":800,"caption":"Delfinpuzzle aus Holz \/ Handgemachtes Holzpuzzle Gl\u00fccksk\u00e4fer"},{"@type":"BreadcrumbList","@id":"https:\/\/teiaeducation.ch\/de\/produkt\/delphin-7-tlg-glueckskaefer\/#breadcrumb","itemListElement":[{"@type":"ListItem","position":1,"name":"Home","item":"https:\/\/teiaeducation.ch\/de\/"},{"@type":"ListItem","position":2,"name":"Laden","item":"https:\/\/teiaeducation.ch\/de\/shop\/"},{"@type":"ListItem","position":3,"name":"Unsere Marken","item":"https:\/\/teiaeducation.ch\/de\/produkt-kategorie\/unsere-marken\/"},{"@type":"ListItem","position":4,"name":"Gl\u00fccksk\u00e4fer","item":"https:\/\/teiaeducation.ch\/de\/produkt-kategorie\/unsere-marken\/glueckskaefer\/"},{"@type":"ListItem","position":5,"name":"Delphin, 7-tlg aus Holz &#8211; Gl\u00fccksk\u00e4fer"}]},{"@type":"WebSite","@id":"https:\/\/teiaeducation.ch\/de\/#website","url":"https:\/\/teiaeducation.ch\/de\/","name":"Sustainable Educational Products &amp; Ecological Toys\u00a0","description":"Specialised Swiss shop selling sustainable educational toys and games, AMI certified Montessori materials, handmade ecological wooden Waldorf toys and arts &amp; crafts supplies, school supplies, children&#039;s furniture and Montessori reference and parenting books.","publisher":{"@id":"https:\/\/teiaeducation.ch\/de\/#organization"},"alternateName":"Teia Education & Play","potentialAction":[{"@type":"SearchAction","target":{"@type":"EntryPoint","urlTemplate":"https:\/\/teiaeducation.ch\/de\/?s={search_term_string}"},"query-input":{"@type":"PropertyValueSpecification","valueRequired":true,"valueName":"search_term_string"}}],"inLanguage":"de-CH"},{"@type":"Organization","@id":"https:\/\/teiaeducation.ch\/de\/#organization","name":"Teia Education & Play","url":"https:\/\/teiaeducation.ch\/de\/","logo":{"@type":"ImageObject","inLanguage":"de-CH","@id":"https:\/\/teiaeducation.ch\/de\/#\/schema\/logo\/image\/","url":"https:\/\/teiaeducation.ch\/wp-content\/uploads\/2020\/11\/Teia-Education-Switzerland-e1620156442216.jpg","contentUrl":"https:\/\/teiaeducation.ch\/wp-content\/uploads\/2020\/11\/Teia-Education-Switzerland-e1620156442216.jpg","width":166,"height":145,"caption":"Teia Education & Play"},"image":{"@id":"https:\/\/teiaeducation.ch\/de\/#\/schema\/logo\/image\/"},"sameAs":["https:\/\/www.facebook.com\/teiaeducation\/","https:\/\/x.com\/EducationTeia","https:\/\/www.instagram.com\/teia.education\/","https:\/\/www.linkedin.com\/company\/35501660","https:\/\/www.pinterest.ch\/TeiaEducation\/"]}]}},"_links":{"self":[{"href":"https:\/\/teiaeducation.ch\/de\/wp-json\/wp\/v2\/product\/59075","targetHints":{"allow":["GET"]}}],"collection":[{"href":"https:\/\/teiaeducation.ch\/de\/wp-json\/wp\/v2\/product"}],"about":[{"href":"https:\/\/teiaeducation.ch\/de\/wp-json\/wp\/v2\/types\/product"}],"replies":[{"embeddable":true,"href":"https:\/\/teiaeducation.ch\/de\/wp-json\/wp\/v2\/comments?post=59075"}],"wp:featuredmedia":[{"embeddable":true,"href":"https:\/\/teiaeducation.ch\/de\/wp-json\/wp\/v2\/media\/59076"}],"wp:attachment":[{"href":"https:\/\/teiaeducation.ch\/de\/wp-json\/wp\/v2\/media?parent=59075"}],"wp:term":[{"taxonomy":"product_brand","embeddable":true,"href":"https:\/\/teiaeducation.ch\/de\/wp-json\/wp\/v2\/product_brand?post=59075"},{"taxonomy":"product_cat","embeddable":true,"href":"https:\/\/teiaeducation.ch\/de\/wp-json\/wp\/v2\/product_cat?post=59075"},{"taxonomy":"product_tag","embeddable":true,"href":"https:\/\/teiaeducation.ch\/de\/wp-json\/wp\/v2\/product_tag?post=59075"}],"curies":[{"name":"wp","href":"https:\/\/api.w.org\/{rel}","templated":true}]}}