{"id":59077,"date":"2020-10-25T22:23:54","date_gmt":"2020-10-25T21:23:54","guid":{"rendered":"https:\/\/teiaeducation.ch\/product\/haus-mit-moebel-rot-blau-glueckskaefer\/"},"modified":"2025-12-11T18:43:46","modified_gmt":"2025-12-11T17:43:46","slug":"haus-mit-moebel-rot-blau-glueckskaefer","status":"publish","type":"product","link":"https:\/\/teiaeducation.ch\/de\/produkt\/haus-mit-moebel-rot-blau-glueckskaefer\/","title":{"rendered":"Haus mit M\u00f6bel Rot\/Blau aus Holz &#8211; Gl\u00fccksk\u00e4fer"},"content":{"rendered":"<p>Holzpuppenhaus mit M\u00f6beln in Rot \/ Handgemachtes Stapelspielzeug aus Holz &#8211; Gl\u00fccksk\u00e4fer<\/p>\n<p>Das Gl\u00fccksk\u00e4fer Waldorf-inspirierte, handgefertigte 16-teilige Holzpuppenhaus mit M\u00f6beln in Rot aus der Serie &#8220;Bunte Formen&#8221; bietet eine unendliche Vielfalt an offenen Spielm\u00f6glichkeiten und eine sinnliche Erfahrung f\u00fcr Ihr Kind!<\/p>\n<p>Das sch\u00f6ne und kompakte Haus ist aus massivem FSC-zertifiziertem europ\u00e4ischem Erlenholz gefertigt und wird komplett mit zwei Tischen, St\u00fchlen, B\u00e4nken, einem Minihaus und Zubeh\u00f6rteilen geliefert, die alle wie ein Puzzle in die Hauptstruktur des Hauses passen. Die haptisch ansprechenden und weich abgerundeten Puppenstubenelemente lassen sich stapeln oder ineinander schachteln, die Einzelteile k\u00f6nnen als Tunnel f\u00fcr Eisenbahnsets oder <a href=\"https:\/\/teiaeducation.ch\/product\/ringroad-waytoplay\/\">Stra\u00dfenteile<\/a>, und H\u00e4user k\u00f6nnen mit den M\u00f6belst\u00fccken f\u00fcr Figuren, P\u00fcppchen, Elfen, Feen, Zwerge, Kobolde oder andere Fabelwesen eingerichtet und dekoriert werden. Die umschlie\u00dfenden Teile des bunten Hauses k\u00f6nnen als H\u00fchnerst\u00e4lle oder St\u00e4lle f\u00fcr Spielzeugbauernh\u00f6fe dienen. Das Haus eignet sich perfekt f\u00fcr einen Waldorf-Natur- oder Jahreszeitentisch oder als Behausung f\u00fcr Krippenfiguren f\u00fcr eine Weihnachtsszene.<\/p>\n<p>Die bunten Gl\u00fccksk\u00e4fer-Formen sind ideal f\u00fcr das Spielen zu Hause, im Kindergarten, in der Waldorfschule oder in der Steiner-Schule. Sie sind nach der Waldorf-Philosophie hergestellt, die daf\u00fcr bekannt ist, dass sie Kinder ermutigt, das kreative Spiel unabh\u00e4ngig und ohne Einschr\u00e4nkungen zu entdecken. Das Giebelhaus aus Holz wird von Hand mit ungiftigen Farben auf Wasserbasis gef\u00e4rbt und nicht lackiert, damit die urspr\u00fcnglichen Eigenschaften des Holzes und die Maserung erhalten bleiben. Die Oberfl\u00e4che der FSC-zertifizierten europ\u00e4ischen Holz ist leicht rau, wodurch sie vollst\u00e4ndig stapelbar und weniger rutschig sind.<\/p>\n<p>Das Gl\u00fccksk\u00e4fer-All-in-Haus ist f\u00fcr Kinder ab 3 Jahren geeignet.<\/p>\n<p>Inhalt:<\/p>\n<p>1 16-teiliges All-in-Haus aus Holz in rot (22 x 7 x 15 cm)<\/p>\n","protected":false},"excerpt":{"rendered":"<p>Artikelnummer: 523266<\/p>\n<p>Das Gl\u00fccksk\u00e4fer Waldorf-inspirierte handgefertigte 16-teilige Puppenhaus und Stapelspielzeug aus Holz mit M\u00f6beln in Rot bietet eine unendliche Vielfalt an offenen Spielm\u00f6glichkeiten!<\/p>\n","protected":false},"featured_media":59078,"comment_status":"open","ping_status":"closed","template":"","meta":[],"product_brand":[],"product_cat":[21445,21479,21465,21690,21631,23075,21443,22349,21684,21678,21699,21564,21483,22919],"product_tag":[27808,27810,27809,27807,23459,23463,23461,27900,23465,23464,22143,27902,25565,21712,27901,23462,23460],"class_list":{"0":"post-59077","1":"product","2":"type-product","3":"status-publish","4":"has-post-thumbnail","6":"product_cat-3-6-jahre-vorschule","7":"product_cat-lernmaterialien-spielzeug-montessori-waldorf-steiner-froebel","8":"product_cat-feier-festlichkeiten","9":"product_cat-spiele-mit-offenem-ende","10":"product_cat-glueckskaefer","11":"product_cat-handgefertigtes-holzspielzeug","12":"product_cat-nach-alter","13":"product_cat-natur-saisonale-tische-de","14":"product_cat-puppenhaeuser-gebaeude","15":"product_cat-kinder-spielzeug","16":"product_cat-stapelspielzeug","17":"product_cat-unsere-marken","18":"product_cat-waldorf-steiner-paedagogik","19":"product_cat-waldorfspielzeug","20":"product_tag-bunte-holzklotze","21":"product_tag-bunte-waldorf-holzklotze","22":"product_tag-bunte-waldorf-stapelklotze","23":"product_tag-buntes-stapelspielzeug-aus-holz","24":"product_tag-gluckskafer-de","25":"product_tag-gluckskafer-bunte-formen","26":"product_tag-gluckskafer-bunte-formen-aus-holz","27":"product_tag-gluckskafer-giebelhaus","28":"product_tag-gluckskafer-holzerne-bunte-formen","29":"product_tag-gluckskafer-schweiz-de","30":"product_tag-handgefertigtes-holzspielzeug-de","31":"product_tag-handgefertigtes-puppenhaus-aus-holz","32":"product_tag-handgefertigtes-stapelspielzeug-aus-holz","33":"product_tag-hergestellt-in-deutschland","34":"product_tag-holz-all-in-haus-rotes-gluckskafer","35":"product_tag-waldorf-holzspielzeug","36":"product_tag-waldorfspielzeug-aus-holz-de","38":"first","39":"outofstock","40":"taxable","41":"shipping-taxable","42":"purchasable","43":"product-type-simple"},"yoast_head":"<!-- This site is optimized with the Yoast SEO plugin v27.1.1 - https:\/\/yoast.com\/product\/yoast-seo-wordpress\/ -->\n<title>Haus mit M\u00f6bel Rot\/Blau \u2013 Gl\u00fccksk\u00e4fer<\/title>\n<meta name=\"description\" content=\"Das handgefertigte 16-teilige Gl\u00fccksk\u00e4fer Puppenhaus und Stapelspielzeug aus Holz in rot bietet unendlich viele Spielm\u00f6glichkeiten!\" \/>\n<meta name=\"robots\" content=\"index, follow, max-snippet:-1, max-image-preview:large, max-video-preview:-1\" \/>\n<link rel=\"canonical\" href=\"https:\/\/teiaeducation.ch\/de\/produkt\/haus-mit-moebel-rot-blau-glueckskaefer\/\" \/>\n<meta property=\"og:locale\" content=\"de_DE\" \/>\n<meta property=\"og:type\" content=\"article\" \/>\n<meta property=\"og:title\" content=\"Haus mit M\u00f6bel Rot\/Blau \u2013 Gl\u00fccksk\u00e4fer\" \/>\n<meta property=\"og:description\" content=\"Das handgefertigte 16-teilige Gl\u00fccksk\u00e4fer Puppenhaus und Stapelspielzeug aus Holz in rot bietet unendlich viele Spielm\u00f6glichkeiten!\" \/>\n<meta property=\"og:url\" content=\"https:\/\/teiaeducation.ch\/de\/produkt\/haus-mit-moebel-rot-blau-glueckskaefer\/\" \/>\n<meta property=\"og:site_name\" content=\"Sustainable Educational Products &amp; Ecological Toys\u00a0\" \/>\n<meta property=\"article:publisher\" content=\"https:\/\/www.facebook.com\/teiaeducation\/\" \/>\n<meta property=\"article:modified_time\" content=\"2025-12-11T17:43:46+00:00\" \/>\n<meta property=\"og:image\" content=\"https:\/\/teiaeducation.ch\/wp-content\/uploads\/2020\/10\/Wooden-all-in-dolls-house-with-furniture-in-red-Handmade-wooden-stacking-toy-Gluckskafer.jpg\" \/>\n\t<meta property=\"og:image:width\" content=\"1200\" \/>\n\t<meta property=\"og:image:height\" content=\"1200\" \/>\n\t<meta property=\"og:image:type\" content=\"image\/jpeg\" \/>\n<script type=\"application\/ld+json\" class=\"yoast-schema-graph\">{\"@context\":\"https:\/\/schema.org\",\"@graph\":[{\"@type\":\"WebPage\",\"@id\":\"https:\/\/teiaeducation.ch\/de\/produkt\/haus-mit-moebel-rot-blau-glueckskaefer\/\",\"url\":\"https:\/\/teiaeducation.ch\/de\/produkt\/haus-mit-moebel-rot-blau-glueckskaefer\/\",\"name\":\"Haus mit M\u00f6bel Rot\/Blau \u2013 Gl\u00fccksk\u00e4fer\",\"isPartOf\":{\"@id\":\"https:\/\/teiaeducation.ch\/de\/#website\"},\"primaryImageOfPage\":{\"@id\":\"https:\/\/teiaeducation.ch\/de\/produkt\/haus-mit-moebel-rot-blau-glueckskaefer\/#primaryimage\"},\"image\":{\"@id\":\"https:\/\/teiaeducation.ch\/de\/produkt\/haus-mit-moebel-rot-blau-glueckskaefer\/#primaryimage\"},\"thumbnailUrl\":\"https:\/\/teiaeducation.ch\/wp-content\/uploads\/2020\/10\/Wooden-all-in-dolls-house-with-furniture-in-red-Handmade-wooden-stacking-toy-Gluckskafer.jpg\",\"datePublished\":\"2020-10-25T21:23:54+00:00\",\"dateModified\":\"2025-12-11T17:43:46+00:00\",\"description\":\"Das handgefertigte 16-teilige Gl\u00fccksk\u00e4fer Puppenhaus und Stapelspielzeug aus Holz in rot bietet unendlich viele Spielm\u00f6glichkeiten!\",\"breadcrumb\":{\"@id\":\"https:\/\/teiaeducation.ch\/de\/produkt\/haus-mit-moebel-rot-blau-glueckskaefer\/#breadcrumb\"},\"inLanguage\":\"de-CH\",\"potentialAction\":[{\"@type\":\"ReadAction\",\"target\":[\"https:\/\/teiaeducation.ch\/de\/produkt\/haus-mit-moebel-rot-blau-glueckskaefer\/\"]}]},{\"@type\":\"ImageObject\",\"inLanguage\":\"de-CH\",\"@id\":\"https:\/\/teiaeducation.ch\/de\/produkt\/haus-mit-moebel-rot-blau-glueckskaefer\/#primaryimage\",\"url\":\"https:\/\/teiaeducation.ch\/wp-content\/uploads\/2020\/10\/Wooden-all-in-dolls-house-with-furniture-in-red-Handmade-wooden-stacking-toy-Gluckskafer.jpg\",\"contentUrl\":\"https:\/\/teiaeducation.ch\/wp-content\/uploads\/2020\/10\/Wooden-all-in-dolls-house-with-furniture-in-red-Handmade-wooden-stacking-toy-Gluckskafer.jpg\",\"width\":1200,\"height\":1200,\"caption\":\"Holzpuppenhaus mit M\u00f6beln in Rot \/ Handgemachtes Stapelspielzeug aus Holz - Gl\u00fccksk\u00e4fer\"},{\"@type\":\"BreadcrumbList\",\"@id\":\"https:\/\/teiaeducation.ch\/de\/produkt\/haus-mit-moebel-rot-blau-glueckskaefer\/#breadcrumb\",\"itemListElement\":[{\"@type\":\"ListItem\",\"position\":1,\"name\":\"Home\",\"item\":\"https:\/\/teiaeducation.ch\/de\/\"},{\"@type\":\"ListItem\",\"position\":2,\"name\":\"Laden\",\"item\":\"https:\/\/teiaeducation.ch\/de\/shop\/\"},{\"@type\":\"ListItem\",\"position\":3,\"name\":\"Unsere Marken\",\"item\":\"https:\/\/teiaeducation.ch\/de\/produkt-kategorie\/unsere-marken\/\"},{\"@type\":\"ListItem\",\"position\":4,\"name\":\"Gl\u00fccksk\u00e4fer\",\"item\":\"https:\/\/teiaeducation.ch\/de\/produkt-kategorie\/unsere-marken\/glueckskaefer\/\"},{\"@type\":\"ListItem\",\"position\":5,\"name\":\"Haus mit M\u00f6bel Rot\/Blau aus Holz &#8211; Gl\u00fccksk\u00e4fer\"}]},{\"@type\":\"WebSite\",\"@id\":\"https:\/\/teiaeducation.ch\/de\/#website\",\"url\":\"https:\/\/teiaeducation.ch\/de\/\",\"name\":\"Sustainable Educational Products &amp; Ecological Toys\u00a0\",\"description\":\"Specialised Swiss shop selling sustainable educational toys and games, AMI certified Montessori materials, handmade ecological wooden Waldorf toys and arts &amp; crafts supplies, school supplies, children&#039;s furniture and Montessori reference and parenting books.\",\"publisher\":{\"@id\":\"https:\/\/teiaeducation.ch\/de\/#organization\"},\"alternateName\":\"Teia Education & Play\",\"potentialAction\":[{\"@type\":\"SearchAction\",\"target\":{\"@type\":\"EntryPoint\",\"urlTemplate\":\"https:\/\/teiaeducation.ch\/de\/?s={search_term_string}\"},\"query-input\":{\"@type\":\"PropertyValueSpecification\",\"valueRequired\":true,\"valueName\":\"search_term_string\"}}],\"inLanguage\":\"de-CH\"},{\"@type\":\"Organization\",\"@id\":\"https:\/\/teiaeducation.ch\/de\/#organization\",\"name\":\"Teia Education & Play\",\"url\":\"https:\/\/teiaeducation.ch\/de\/\",\"logo\":{\"@type\":\"ImageObject\",\"inLanguage\":\"de-CH\",\"@id\":\"https:\/\/teiaeducation.ch\/de\/#\/schema\/logo\/image\/\",\"url\":\"https:\/\/teiaeducation.ch\/wp-content\/uploads\/2020\/11\/Teia-Education-Switzerland-e1620156442216.jpg\",\"contentUrl\":\"https:\/\/teiaeducation.ch\/wp-content\/uploads\/2020\/11\/Teia-Education-Switzerland-e1620156442216.jpg\",\"width\":166,\"height\":145,\"caption\":\"Teia Education & Play\"},\"image\":{\"@id\":\"https:\/\/teiaeducation.ch\/de\/#\/schema\/logo\/image\/\"},\"sameAs\":[\"https:\/\/www.facebook.com\/teiaeducation\/\",\"https:\/\/x.com\/EducationTeia\",\"https:\/\/www.instagram.com\/teia.education\/\",\"https:\/\/www.linkedin.com\/company\/35501660\",\"https:\/\/www.pinterest.ch\/TeiaEducation\/\"]}]}<\/script>\n<!-- \/ Yoast SEO plugin. -->","yoast_head_json":{"title":"Haus mit M\u00f6bel Rot\/Blau \u2013 Gl\u00fccksk\u00e4fer","description":"Das handgefertigte 16-teilige Gl\u00fccksk\u00e4fer Puppenhaus und Stapelspielzeug aus Holz in rot bietet unendlich viele Spielm\u00f6glichkeiten!","robots":{"index":"index","follow":"follow","max-snippet":"max-snippet:-1","max-image-preview":"max-image-preview:large","max-video-preview":"max-video-preview:-1"},"canonical":"https:\/\/teiaeducation.ch\/de\/produkt\/haus-mit-moebel-rot-blau-glueckskaefer\/","og_locale":"de_DE","og_type":"article","og_title":"Haus mit M\u00f6bel Rot\/Blau \u2013 Gl\u00fccksk\u00e4fer","og_description":"Das handgefertigte 16-teilige Gl\u00fccksk\u00e4fer Puppenhaus und Stapelspielzeug aus Holz in rot bietet unendlich viele Spielm\u00f6glichkeiten!","og_url":"https:\/\/teiaeducation.ch\/de\/produkt\/haus-mit-moebel-rot-blau-glueckskaefer\/","og_site_name":"Sustainable Educational Products &amp; Ecological Toys\u00a0","article_publisher":"https:\/\/www.facebook.com\/teiaeducation\/","article_modified_time":"2025-12-11T17:43:46+00:00","og_image":[{"width":1200,"height":1200,"url":"https:\/\/teiaeducation.ch\/wp-content\/uploads\/2020\/10\/Wooden-all-in-dolls-house-with-furniture-in-red-Handmade-wooden-stacking-toy-Gluckskafer.jpg","type":"image\/jpeg"}],"schema":{"@context":"https:\/\/schema.org","@graph":[{"@type":"WebPage","@id":"https:\/\/teiaeducation.ch\/de\/produkt\/haus-mit-moebel-rot-blau-glueckskaefer\/","url":"https:\/\/teiaeducation.ch\/de\/produkt\/haus-mit-moebel-rot-blau-glueckskaefer\/","name":"Haus mit M\u00f6bel Rot\/Blau \u2013 Gl\u00fccksk\u00e4fer","isPartOf":{"@id":"https:\/\/teiaeducation.ch\/de\/#website"},"primaryImageOfPage":{"@id":"https:\/\/teiaeducation.ch\/de\/produkt\/haus-mit-moebel-rot-blau-glueckskaefer\/#primaryimage"},"image":{"@id":"https:\/\/teiaeducation.ch\/de\/produkt\/haus-mit-moebel-rot-blau-glueckskaefer\/#primaryimage"},"thumbnailUrl":"https:\/\/teiaeducation.ch\/wp-content\/uploads\/2020\/10\/Wooden-all-in-dolls-house-with-furniture-in-red-Handmade-wooden-stacking-toy-Gluckskafer.jpg","datePublished":"2020-10-25T21:23:54+00:00","dateModified":"2025-12-11T17:43:46+00:00","description":"Das handgefertigte 16-teilige Gl\u00fccksk\u00e4fer Puppenhaus und Stapelspielzeug aus Holz in rot bietet unendlich viele Spielm\u00f6glichkeiten!","breadcrumb":{"@id":"https:\/\/teiaeducation.ch\/de\/produkt\/haus-mit-moebel-rot-blau-glueckskaefer\/#breadcrumb"},"inLanguage":"de-CH","potentialAction":[{"@type":"ReadAction","target":["https:\/\/teiaeducation.ch\/de\/produkt\/haus-mit-moebel-rot-blau-glueckskaefer\/"]}]},{"@type":"ImageObject","inLanguage":"de-CH","@id":"https:\/\/teiaeducation.ch\/de\/produkt\/haus-mit-moebel-rot-blau-glueckskaefer\/#primaryimage","url":"https:\/\/teiaeducation.ch\/wp-content\/uploads\/2020\/10\/Wooden-all-in-dolls-house-with-furniture-in-red-Handmade-wooden-stacking-toy-Gluckskafer.jpg","contentUrl":"https:\/\/teiaeducation.ch\/wp-content\/uploads\/2020\/10\/Wooden-all-in-dolls-house-with-furniture-in-red-Handmade-wooden-stacking-toy-Gluckskafer.jpg","width":1200,"height":1200,"caption":"Holzpuppenhaus mit M\u00f6beln in Rot \/ Handgemachtes Stapelspielzeug aus Holz - Gl\u00fccksk\u00e4fer"},{"@type":"BreadcrumbList","@id":"https:\/\/teiaeducation.ch\/de\/produkt\/haus-mit-moebel-rot-blau-glueckskaefer\/#breadcrumb","itemListElement":[{"@type":"ListItem","position":1,"name":"Home","item":"https:\/\/teiaeducation.ch\/de\/"},{"@type":"ListItem","position":2,"name":"Laden","item":"https:\/\/teiaeducation.ch\/de\/shop\/"},{"@type":"ListItem","position":3,"name":"Unsere Marken","item":"https:\/\/teiaeducation.ch\/de\/produkt-kategorie\/unsere-marken\/"},{"@type":"ListItem","position":4,"name":"Gl\u00fccksk\u00e4fer","item":"https:\/\/teiaeducation.ch\/de\/produkt-kategorie\/unsere-marken\/glueckskaefer\/"},{"@type":"ListItem","position":5,"name":"Haus mit M\u00f6bel Rot\/Blau aus Holz &#8211; Gl\u00fccksk\u00e4fer"}]},{"@type":"WebSite","@id":"https:\/\/teiaeducation.ch\/de\/#website","url":"https:\/\/teiaeducation.ch\/de\/","name":"Sustainable Educational Products &amp; Ecological Toys\u00a0","description":"Specialised Swiss shop selling sustainable educational toys and games, AMI certified Montessori materials, handmade ecological wooden Waldorf toys and arts &amp; crafts supplies, school supplies, children&#039;s furniture and Montessori reference and parenting books.","publisher":{"@id":"https:\/\/teiaeducation.ch\/de\/#organization"},"alternateName":"Teia Education & Play","potentialAction":[{"@type":"SearchAction","target":{"@type":"EntryPoint","urlTemplate":"https:\/\/teiaeducation.ch\/de\/?s={search_term_string}"},"query-input":{"@type":"PropertyValueSpecification","valueRequired":true,"valueName":"search_term_string"}}],"inLanguage":"de-CH"},{"@type":"Organization","@id":"https:\/\/teiaeducation.ch\/de\/#organization","name":"Teia Education & Play","url":"https:\/\/teiaeducation.ch\/de\/","logo":{"@type":"ImageObject","inLanguage":"de-CH","@id":"https:\/\/teiaeducation.ch\/de\/#\/schema\/logo\/image\/","url":"https:\/\/teiaeducation.ch\/wp-content\/uploads\/2020\/11\/Teia-Education-Switzerland-e1620156442216.jpg","contentUrl":"https:\/\/teiaeducation.ch\/wp-content\/uploads\/2020\/11\/Teia-Education-Switzerland-e1620156442216.jpg","width":166,"height":145,"caption":"Teia Education & Play"},"image":{"@id":"https:\/\/teiaeducation.ch\/de\/#\/schema\/logo\/image\/"},"sameAs":["https:\/\/www.facebook.com\/teiaeducation\/","https:\/\/x.com\/EducationTeia","https:\/\/www.instagram.com\/teia.education\/","https:\/\/www.linkedin.com\/company\/35501660","https:\/\/www.pinterest.ch\/TeiaEducation\/"]}]}},"_links":{"self":[{"href":"https:\/\/teiaeducation.ch\/de\/wp-json\/wp\/v2\/product\/59077","targetHints":{"allow":["GET"]}}],"collection":[{"href":"https:\/\/teiaeducation.ch\/de\/wp-json\/wp\/v2\/product"}],"about":[{"href":"https:\/\/teiaeducation.ch\/de\/wp-json\/wp\/v2\/types\/product"}],"replies":[{"embeddable":true,"href":"https:\/\/teiaeducation.ch\/de\/wp-json\/wp\/v2\/comments?post=59077"}],"wp:featuredmedia":[{"embeddable":true,"href":"https:\/\/teiaeducation.ch\/de\/wp-json\/wp\/v2\/media\/59078"}],"wp:attachment":[{"href":"https:\/\/teiaeducation.ch\/de\/wp-json\/wp\/v2\/media?parent=59077"}],"wp:term":[{"taxonomy":"product_brand","embeddable":true,"href":"https:\/\/teiaeducation.ch\/de\/wp-json\/wp\/v2\/product_brand?post=59077"},{"taxonomy":"product_cat","embeddable":true,"href":"https:\/\/teiaeducation.ch\/de\/wp-json\/wp\/v2\/product_cat?post=59077"},{"taxonomy":"product_tag","embeddable":true,"href":"https:\/\/teiaeducation.ch\/de\/wp-json\/wp\/v2\/product_tag?post=59077"}],"curies":[{"name":"wp","href":"https:\/\/api.w.org\/{rel}","templated":true}]}}