{"id":59080,"date":"2020-10-25T21:15:50","date_gmt":"2020-10-25T20:15:50","guid":{"rendered":"https:\/\/teiaeducation.ch\/product\/schnullerkette-glueckskaefer\/"},"modified":"2024-10-28T09:55:01","modified_gmt":"2024-10-28T08:55:01","slug":"schnullerkette-glueckskaefer","status":"publish","type":"product","link":"https:\/\/teiaeducation.ch\/de\/produkt\/schnullerkette-glueckskaefer\/","title":{"rendered":"Schnullerkette aus Holz &#8211; Gl\u00fccksk\u00e4fer"},"content":{"rendered":"<p>Schnullerkette \/ Handgefertigtes Babyspielzeug aus Holz &#8211; Gl\u00fccksk\u00e4fer<\/p>\n<p>Diese handgefertigte Holzschnullerkette von Gluckskafer mit bunten Holzperlen und einem mit einem Marienk\u00e4fer verzierten Stahlclip ist ein stabiles Holzspielzeug, um Babys Schnuller sicher zu befestigen. Auch Babys werden es lieben, die Kette zu greifen und zu sch\u00fctteln! Es besteht aus einer Reihe von 13 Holzperlen in verschiedenen Farbt\u00f6nen wie Blau, Gr\u00fcn, Gelb, Orange und Rot. Ein handgefertigter Marienk\u00e4fer aus Holz sitzt auf dem Metallclip. Die Schnullerkette ist praktisch und eignet sich perfekt, um auch die kleinsten H\u00e4nde durch Greifen, Sch\u00fctteln, Erforschen der Hand-Augen-Bewegung und <a href=\"https:\/\/teiaeducation.ch\/product-category\/play\/sensory-play\/\">sensorisches Spielen<\/a> zu besch\u00e4ftigen.<\/p>\n<p>Die Schnullerkette ist ein wundersch\u00f6nes und traditionelles, nat\u00fcrliches Baby-Accessoire. Sie wird in Deutschland in ethischer Handarbeit aus massivem, nachhaltigem Holz hergestellt und hat eine herrlich glatte und taktile Oberfl\u00e4che, die die Sinne von Kleinkindern unendlich anspricht. Er misst 27 x 4 x 2 cm und ist ein wundersch\u00f6nes Spielzeug f\u00fcr ein neues Baby oder ein Geschenk zur Babyparty!<\/p>\n<p>Die bunten Gl\u00fccksk\u00e4fer-Formen sind ideal f\u00fcr das Spielen zu Hause, im Kindergarten, in der Waldorfschule oder in der Steiner-Schule. Sie sind nach der Waldorf-Philosophie hergestellt, die daf\u00fcr bekannt ist, dass sie Kinder ermutigt, das kreative Spiel unabh\u00e4ngig und ohne Einschr\u00e4nkungen zu entdecken. Die bunten Holzbl\u00f6cke werden von Hand mit ungiftigen Farben auf Wasserbasis gef\u00e4rbt und nicht lackiert, damit die urspr\u00fcnglichen Eigenschaften des Holzes und die Maserung erhalten bleiben. Die Oberfl\u00e4che der FSC-zertifizierten europ\u00e4ischen Holz ist leicht rau, wodurch sie vollst\u00e4ndig stapelbar und weniger rutschig sind.<\/p>\n<p>Die Gl\u00fccksk\u00e4fer Holzschnullerkette ist f\u00fcr Babys ab 0 Monaten geeignet.<\/p>\n<p>Inhalt:<\/p>\n<p>1 Schnullerkette aus Holz mit einem Marienk\u00e4fer<\/p>\n","protected":false},"excerpt":{"rendered":"<p>Artikelnummer: 520080<\/p>\n<p>Diese handgefertigte Holzschnullerkette von Gluckskafer mit bunten Holzperlen und einem mit einem Marienk\u00e4fer verzierten Stahlclip ist ein stabiles Holzspielzeug, um Babys Schnuller sicher zu befestigen.<\/p>\n","protected":false},"featured_media":59081,"comment_status":"open","ping_status":"closed","template":"","meta":[],"product_brand":[],"product_cat":[25967,21444,22033,21681,21670,21485,21484,22422,21631,23075,21443,22362,21695,21678,21564],"product_tag":[23459,27905,23461,23465,23464,27904,22143,27903,21712,27906,23460],"class_list":{"0":"post-59080","1":"product","2":"type-product","3":"status-publish","4":"has-post-thumbnail","6":"product_cat-0-12-monate-baby","7":"product_cat-1-3-jahre-kleinkind","8":"product_cat-adventskalender-geschenke-strumpffueller","9":"product_cat-baby-rasseln","10":"product_cat-fruehjahrskollektion","11":"product_cat-geschenk-guide-0-12-monate-baby","12":"product_cat-geschenk-guides","13":"product_cat-geschenke-fuer-das-osterkoerbchen","14":"product_cat-glueckskaefer","15":"product_cat-handgefertigtes-holzspielzeug","16":"product_cat-nach-alter","17":"product_cat-saisonale-kollektionen","18":"product_cat-sinnliches-spiel","19":"product_cat-kinder-spielzeug","20":"product_cat-unsere-marken","21":"product_tag-gluckskafer-de","22":"product_tag-gluckskafer-baby-rassel-aus-holz","23":"product_tag-gluckskafer-bunte-formen-aus-holz","24":"product_tag-gluckskafer-holzerne-bunte-formen","25":"product_tag-gluckskafer-schweiz-de","26":"product_tag-handgefertigtes-babyspielzeug-aus-holz","27":"product_tag-handgefertigtes-holzspielzeug-de","28":"product_tag-handgefertigtes-spielzeug-aus-holz","29":"product_tag-hergestellt-in-deutschland","30":"product_tag-schnullerkette-gluckskafer","31":"product_tag-waldorfspielzeug-aus-holz-de","33":"first","34":"outofstock","35":"taxable","36":"shipping-taxable","37":"purchasable","38":"product-type-simple"},"yoast_head":"<!-- This site is optimized with the Yoast SEO plugin v27.3 - https:\/\/yoast.com\/product\/yoast-seo-wordpress\/ -->\n<title>Schnullerkette \u2013 Gl\u00fccksk\u00e4fer<\/title>\n<meta name=\"description\" content=\"Die Gluckskafer handgefertigte Schnullerkette mit bunten Holzperlen und einem Marienk\u00e4fer ist ein stabiles Holzspielzeug, um Babys Schnuller sicher zu befestigen.\" \/>\n<meta name=\"robots\" content=\"index, follow, max-snippet:-1, max-image-preview:large, max-video-preview:-1\" \/>\n<link rel=\"canonical\" href=\"https:\/\/teiaeducation.ch\/de\/produkt\/schnullerkette-glueckskaefer\/\" \/>\n<meta property=\"og:locale\" content=\"de_DE\" \/>\n<meta property=\"og:type\" content=\"article\" \/>\n<meta property=\"og:title\" content=\"Schnullerkette \u2013 Gl\u00fccksk\u00e4fer\" \/>\n<meta property=\"og:description\" content=\"Die Gluckskafer handgefertigte Schnullerkette mit bunten Holzperlen und einem Marienk\u00e4fer ist ein stabiles Holzspielzeug, um Babys Schnuller sicher zu befestigen.\" \/>\n<meta property=\"og:url\" content=\"https:\/\/teiaeducation.ch\/de\/produkt\/schnullerkette-glueckskaefer\/\" \/>\n<meta property=\"og:site_name\" content=\"Sustainable Educational Products &amp; Ecological Toys\u00a0\" \/>\n<meta property=\"article:publisher\" content=\"https:\/\/www.facebook.com\/teiaeducation\/\" \/>\n<meta property=\"article:modified_time\" content=\"2024-10-28T08:55:01+00:00\" \/>\n<meta property=\"og:image\" content=\"https:\/\/teiaeducation.ch\/wp-content\/uploads\/2020\/10\/Dummy-Chain-Ladybug-Handmade-wooden-baby-toy-Gluckskafer.jpg\" \/>\n\t<meta property=\"og:image:width\" content=\"800\" \/>\n\t<meta property=\"og:image:height\" content=\"800\" \/>\n\t<meta property=\"og:image:type\" content=\"image\/jpeg\" \/>\n<script type=\"application\/ld+json\" class=\"yoast-schema-graph\">{\"@context\":\"https:\\\/\\\/schema.org\",\"@graph\":[{\"@type\":\"WebPage\",\"@id\":\"https:\\\/\\\/teiaeducation.ch\\\/de\\\/produkt\\\/schnullerkette-glueckskaefer\\\/\",\"url\":\"https:\\\/\\\/teiaeducation.ch\\\/de\\\/produkt\\\/schnullerkette-glueckskaefer\\\/\",\"name\":\"Schnullerkette \u2013 Gl\u00fccksk\u00e4fer\",\"isPartOf\":{\"@id\":\"https:\\\/\\\/teiaeducation.ch\\\/de\\\/#website\"},\"primaryImageOfPage\":{\"@id\":\"https:\\\/\\\/teiaeducation.ch\\\/de\\\/produkt\\\/schnullerkette-glueckskaefer\\\/#primaryimage\"},\"image\":{\"@id\":\"https:\\\/\\\/teiaeducation.ch\\\/de\\\/produkt\\\/schnullerkette-glueckskaefer\\\/#primaryimage\"},\"thumbnailUrl\":\"https:\\\/\\\/teiaeducation.ch\\\/wp-content\\\/uploads\\\/2020\\\/10\\\/Dummy-Chain-Ladybug-Handmade-wooden-baby-toy-Gluckskafer.jpg\",\"datePublished\":\"2020-10-25T20:15:50+00:00\",\"dateModified\":\"2024-10-28T08:55:01+00:00\",\"description\":\"Die Gluckskafer handgefertigte Schnullerkette mit bunten Holzperlen und einem Marienk\u00e4fer ist ein stabiles Holzspielzeug, um Babys Schnuller sicher zu befestigen.\",\"breadcrumb\":{\"@id\":\"https:\\\/\\\/teiaeducation.ch\\\/de\\\/produkt\\\/schnullerkette-glueckskaefer\\\/#breadcrumb\"},\"inLanguage\":\"de-CH\",\"potentialAction\":[{\"@type\":\"ReadAction\",\"target\":[\"https:\\\/\\\/teiaeducation.ch\\\/de\\\/produkt\\\/schnullerkette-glueckskaefer\\\/\"]}]},{\"@type\":\"ImageObject\",\"inLanguage\":\"de-CH\",\"@id\":\"https:\\\/\\\/teiaeducation.ch\\\/de\\\/produkt\\\/schnullerkette-glueckskaefer\\\/#primaryimage\",\"url\":\"https:\\\/\\\/teiaeducation.ch\\\/wp-content\\\/uploads\\\/2020\\\/10\\\/Dummy-Chain-Ladybug-Handmade-wooden-baby-toy-Gluckskafer.jpg\",\"contentUrl\":\"https:\\\/\\\/teiaeducation.ch\\\/wp-content\\\/uploads\\\/2020\\\/10\\\/Dummy-Chain-Ladybug-Handmade-wooden-baby-toy-Gluckskafer.jpg\",\"width\":800,\"height\":800,\"caption\":\"Schnullerkette \\\/ Handgefertigtes Babyspielzeug aus Holz - Gl\u00fccksk\u00e4fer\"},{\"@type\":\"BreadcrumbList\",\"@id\":\"https:\\\/\\\/teiaeducation.ch\\\/de\\\/produkt\\\/schnullerkette-glueckskaefer\\\/#breadcrumb\",\"itemListElement\":[{\"@type\":\"ListItem\",\"position\":1,\"name\":\"Home\",\"item\":\"https:\\\/\\\/teiaeducation.ch\\\/de\\\/\"},{\"@type\":\"ListItem\",\"position\":2,\"name\":\"Laden\",\"item\":\"https:\\\/\\\/teiaeducation.ch\\\/de\\\/shop\\\/\"},{\"@type\":\"ListItem\",\"position\":3,\"name\":\"Unsere Marken\",\"item\":\"https:\\\/\\\/teiaeducation.ch\\\/de\\\/produkt-kategorie\\\/unsere-marken\\\/\"},{\"@type\":\"ListItem\",\"position\":4,\"name\":\"Gl\u00fccksk\u00e4fer\",\"item\":\"https:\\\/\\\/teiaeducation.ch\\\/de\\\/produkt-kategorie\\\/unsere-marken\\\/glueckskaefer\\\/\"},{\"@type\":\"ListItem\",\"position\":5,\"name\":\"Schnullerkette aus Holz &#8211; Gl\u00fccksk\u00e4fer\"}]},{\"@type\":\"WebSite\",\"@id\":\"https:\\\/\\\/teiaeducation.ch\\\/de\\\/#website\",\"url\":\"https:\\\/\\\/teiaeducation.ch\\\/de\\\/\",\"name\":\"Sustainable Educational Products &amp; Ecological Toys\u00a0\",\"description\":\"Specialised Swiss shop selling sustainable educational toys and games, AMI certified Montessori materials, handmade ecological wooden Waldorf toys and arts &amp; crafts supplies, school supplies, children&#039;s furniture and Montessori reference and parenting books.\",\"publisher\":{\"@id\":\"https:\\\/\\\/teiaeducation.ch\\\/de\\\/#organization\"},\"alternateName\":\"Teia Education & Play\",\"potentialAction\":[{\"@type\":\"SearchAction\",\"target\":{\"@type\":\"EntryPoint\",\"urlTemplate\":\"https:\\\/\\\/teiaeducation.ch\\\/de\\\/?s={search_term_string}\"},\"query-input\":{\"@type\":\"PropertyValueSpecification\",\"valueRequired\":true,\"valueName\":\"search_term_string\"}}],\"inLanguage\":\"de-CH\"},{\"@type\":\"Organization\",\"@id\":\"https:\\\/\\\/teiaeducation.ch\\\/de\\\/#organization\",\"name\":\"Teia Education & Play\",\"url\":\"https:\\\/\\\/teiaeducation.ch\\\/de\\\/\",\"logo\":{\"@type\":\"ImageObject\",\"inLanguage\":\"de-CH\",\"@id\":\"https:\\\/\\\/teiaeducation.ch\\\/de\\\/#\\\/schema\\\/logo\\\/image\\\/\",\"url\":\"https:\\\/\\\/teiaeducation.ch\\\/wp-content\\\/uploads\\\/2020\\\/11\\\/Teia-Education-Switzerland-e1620156442216.jpg\",\"contentUrl\":\"https:\\\/\\\/teiaeducation.ch\\\/wp-content\\\/uploads\\\/2020\\\/11\\\/Teia-Education-Switzerland-e1620156442216.jpg\",\"width\":166,\"height\":145,\"caption\":\"Teia Education & Play\"},\"image\":{\"@id\":\"https:\\\/\\\/teiaeducation.ch\\\/de\\\/#\\\/schema\\\/logo\\\/image\\\/\"},\"sameAs\":[\"https:\\\/\\\/www.facebook.com\\\/teiaeducation\\\/\",\"https:\\\/\\\/x.com\\\/EducationTeia\",\"https:\\\/\\\/www.instagram.com\\\/teia.education\\\/\",\"https:\\\/\\\/www.linkedin.com\\\/company\\\/35501660\",\"https:\\\/\\\/www.pinterest.ch\\\/TeiaEducation\\\/\"]}]}<\/script>\n<!-- \/ Yoast SEO plugin. -->","yoast_head_json":{"title":"Schnullerkette \u2013 Gl\u00fccksk\u00e4fer","description":"Die Gluckskafer handgefertigte Schnullerkette mit bunten Holzperlen und einem Marienk\u00e4fer ist ein stabiles Holzspielzeug, um Babys Schnuller sicher zu befestigen.","robots":{"index":"index","follow":"follow","max-snippet":"max-snippet:-1","max-image-preview":"max-image-preview:large","max-video-preview":"max-video-preview:-1"},"canonical":"https:\/\/teiaeducation.ch\/de\/produkt\/schnullerkette-glueckskaefer\/","og_locale":"de_DE","og_type":"article","og_title":"Schnullerkette \u2013 Gl\u00fccksk\u00e4fer","og_description":"Die Gluckskafer handgefertigte Schnullerkette mit bunten Holzperlen und einem Marienk\u00e4fer ist ein stabiles Holzspielzeug, um Babys Schnuller sicher zu befestigen.","og_url":"https:\/\/teiaeducation.ch\/de\/produkt\/schnullerkette-glueckskaefer\/","og_site_name":"Sustainable Educational Products &amp; Ecological Toys\u00a0","article_publisher":"https:\/\/www.facebook.com\/teiaeducation\/","article_modified_time":"2024-10-28T08:55:01+00:00","og_image":[{"width":800,"height":800,"url":"https:\/\/teiaeducation.ch\/wp-content\/uploads\/2020\/10\/Dummy-Chain-Ladybug-Handmade-wooden-baby-toy-Gluckskafer.jpg","type":"image\/jpeg"}],"schema":{"@context":"https:\/\/schema.org","@graph":[{"@type":"WebPage","@id":"https:\/\/teiaeducation.ch\/de\/produkt\/schnullerkette-glueckskaefer\/","url":"https:\/\/teiaeducation.ch\/de\/produkt\/schnullerkette-glueckskaefer\/","name":"Schnullerkette \u2013 Gl\u00fccksk\u00e4fer","isPartOf":{"@id":"https:\/\/teiaeducation.ch\/de\/#website"},"primaryImageOfPage":{"@id":"https:\/\/teiaeducation.ch\/de\/produkt\/schnullerkette-glueckskaefer\/#primaryimage"},"image":{"@id":"https:\/\/teiaeducation.ch\/de\/produkt\/schnullerkette-glueckskaefer\/#primaryimage"},"thumbnailUrl":"https:\/\/teiaeducation.ch\/wp-content\/uploads\/2020\/10\/Dummy-Chain-Ladybug-Handmade-wooden-baby-toy-Gluckskafer.jpg","datePublished":"2020-10-25T20:15:50+00:00","dateModified":"2024-10-28T08:55:01+00:00","description":"Die Gluckskafer handgefertigte Schnullerkette mit bunten Holzperlen und einem Marienk\u00e4fer ist ein stabiles Holzspielzeug, um Babys Schnuller sicher zu befestigen.","breadcrumb":{"@id":"https:\/\/teiaeducation.ch\/de\/produkt\/schnullerkette-glueckskaefer\/#breadcrumb"},"inLanguage":"de-CH","potentialAction":[{"@type":"ReadAction","target":["https:\/\/teiaeducation.ch\/de\/produkt\/schnullerkette-glueckskaefer\/"]}]},{"@type":"ImageObject","inLanguage":"de-CH","@id":"https:\/\/teiaeducation.ch\/de\/produkt\/schnullerkette-glueckskaefer\/#primaryimage","url":"https:\/\/teiaeducation.ch\/wp-content\/uploads\/2020\/10\/Dummy-Chain-Ladybug-Handmade-wooden-baby-toy-Gluckskafer.jpg","contentUrl":"https:\/\/teiaeducation.ch\/wp-content\/uploads\/2020\/10\/Dummy-Chain-Ladybug-Handmade-wooden-baby-toy-Gluckskafer.jpg","width":800,"height":800,"caption":"Schnullerkette \/ Handgefertigtes Babyspielzeug aus Holz - Gl\u00fccksk\u00e4fer"},{"@type":"BreadcrumbList","@id":"https:\/\/teiaeducation.ch\/de\/produkt\/schnullerkette-glueckskaefer\/#breadcrumb","itemListElement":[{"@type":"ListItem","position":1,"name":"Home","item":"https:\/\/teiaeducation.ch\/de\/"},{"@type":"ListItem","position":2,"name":"Laden","item":"https:\/\/teiaeducation.ch\/de\/shop\/"},{"@type":"ListItem","position":3,"name":"Unsere Marken","item":"https:\/\/teiaeducation.ch\/de\/produkt-kategorie\/unsere-marken\/"},{"@type":"ListItem","position":4,"name":"Gl\u00fccksk\u00e4fer","item":"https:\/\/teiaeducation.ch\/de\/produkt-kategorie\/unsere-marken\/glueckskaefer\/"},{"@type":"ListItem","position":5,"name":"Schnullerkette aus Holz &#8211; Gl\u00fccksk\u00e4fer"}]},{"@type":"WebSite","@id":"https:\/\/teiaeducation.ch\/de\/#website","url":"https:\/\/teiaeducation.ch\/de\/","name":"Sustainable Educational Products &amp; Ecological Toys\u00a0","description":"Specialised Swiss shop selling sustainable educational toys and games, AMI certified Montessori materials, handmade ecological wooden Waldorf toys and arts &amp; crafts supplies, school supplies, children&#039;s furniture and Montessori reference and parenting books.","publisher":{"@id":"https:\/\/teiaeducation.ch\/de\/#organization"},"alternateName":"Teia Education & Play","potentialAction":[{"@type":"SearchAction","target":{"@type":"EntryPoint","urlTemplate":"https:\/\/teiaeducation.ch\/de\/?s={search_term_string}"},"query-input":{"@type":"PropertyValueSpecification","valueRequired":true,"valueName":"search_term_string"}}],"inLanguage":"de-CH"},{"@type":"Organization","@id":"https:\/\/teiaeducation.ch\/de\/#organization","name":"Teia Education & Play","url":"https:\/\/teiaeducation.ch\/de\/","logo":{"@type":"ImageObject","inLanguage":"de-CH","@id":"https:\/\/teiaeducation.ch\/de\/#\/schema\/logo\/image\/","url":"https:\/\/teiaeducation.ch\/wp-content\/uploads\/2020\/11\/Teia-Education-Switzerland-e1620156442216.jpg","contentUrl":"https:\/\/teiaeducation.ch\/wp-content\/uploads\/2020\/11\/Teia-Education-Switzerland-e1620156442216.jpg","width":166,"height":145,"caption":"Teia Education & Play"},"image":{"@id":"https:\/\/teiaeducation.ch\/de\/#\/schema\/logo\/image\/"},"sameAs":["https:\/\/www.facebook.com\/teiaeducation\/","https:\/\/x.com\/EducationTeia","https:\/\/www.instagram.com\/teia.education\/","https:\/\/www.linkedin.com\/company\/35501660","https:\/\/www.pinterest.ch\/TeiaEducation\/"]}]}},"_links":{"self":[{"href":"https:\/\/teiaeducation.ch\/de\/wp-json\/wp\/v2\/product\/59080","targetHints":{"allow":["GET"]}}],"collection":[{"href":"https:\/\/teiaeducation.ch\/de\/wp-json\/wp\/v2\/product"}],"about":[{"href":"https:\/\/teiaeducation.ch\/de\/wp-json\/wp\/v2\/types\/product"}],"replies":[{"embeddable":true,"href":"https:\/\/teiaeducation.ch\/de\/wp-json\/wp\/v2\/comments?post=59080"}],"wp:featuredmedia":[{"embeddable":true,"href":"https:\/\/teiaeducation.ch\/de\/wp-json\/wp\/v2\/media\/59081"}],"wp:attachment":[{"href":"https:\/\/teiaeducation.ch\/de\/wp-json\/wp\/v2\/media?parent=59080"}],"wp:term":[{"taxonomy":"product_brand","embeddable":true,"href":"https:\/\/teiaeducation.ch\/de\/wp-json\/wp\/v2\/product_brand?post=59080"},{"taxonomy":"product_cat","embeddable":true,"href":"https:\/\/teiaeducation.ch\/de\/wp-json\/wp\/v2\/product_cat?post=59080"},{"taxonomy":"product_tag","embeddable":true,"href":"https:\/\/teiaeducation.ch\/de\/wp-json\/wp\/v2\/product_tag?post=59080"}],"curies":[{"name":"wp","href":"https:\/\/api.w.org\/{rel}","templated":true}]}}