{"id":59082,"date":"2020-10-25T17:28:06","date_gmt":"2020-10-25T16:28:06","guid":{"rendered":"https:\/\/teiaeducation.ch\/product\/sandkugelbahn-grund-set-glueckskaefer\/"},"modified":"2025-11-30T13:07:44","modified_gmt":"2025-11-30T12:07:44","slug":"sandkugelbahn-grund-set-glueckskaefer","status":"publish","type":"product","link":"https:\/\/teiaeducation.ch\/de\/produkt\/sandkugelbahn-grund-set-glueckskaefer\/","title":{"rendered":"Sandkugelbahn Grund-Set aus Holz &#8211; Gl\u00fccksk\u00e4fer"},"content":{"rendered":"<p>Sandkugelbahn Grund-Set \/ Handgemachtes Holzspielzeug &#8211; Gl\u00fccksk\u00e4fer<\/p>\n<p>Das geniale Gl\u00fccksk\u00e4fer-Kugelbahn-Set ist komplett aus Holz handgefertigt. Benutze die Bahn drau\u00dfen, um Wege, Rampen und <span class=\"a-list-item\">Dominosteine<\/span> in der Sandgrube, auf absch\u00fcssigen Wiesen oder drinnen zu bauen, damit die Murmeln dort entlangrollen k\u00f6nnen!<\/p>\n<p>Dieses wundersch\u00f6n gefertigte Kugelbahn-Set setzt Kreativit\u00e4t frei, entwickelt Probleml\u00f6sungsf\u00e4higkeiten und bietet endloses <a href=\"https:\/\/teiaeducation.ch\/product-category\/play\/sensory-play\/\">sensorisches<\/a> Spiel! Jedes St\u00fcck der Rillen-Kugelbahn ist aus Eschenholz gefertigt, ge\u00f6lt und glatt geschliffen und l\u00e4sst sich auf vielf\u00e4ltige Weise kombinieren. Das Set enth\u00e4lt 18 Holzschienen; 6 Teile von 20 cm, 7 Teile von 16 cm, 4 Teile von 10 cm, 1 Schiene mit Loch sowie 5 Murmeln und einen Netzbeutel zur Aufbewahrung.<\/p>\n<p>Die bunten Gl\u00fccksk\u00e4fer-Formen sind ideal f\u00fcr das Spielen zu Hause, im Kindergarten, in der Waldorfschule oder in der Steiner-Schule. Sie sind nach der Waldorf-Philosophie hergestellt, die daf\u00fcr bekannt ist, dass sie Kinder ermutigt, das kreative Spiel unabh\u00e4ngig und ohne Einschr\u00e4nkungen zu entdecken. Die bunten Holzbl\u00f6cke werden von Hand mit ungiftigen Farben auf Wasserbasis gef\u00e4rbt und nicht lackiert, damit die urspr\u00fcnglichen Eigenschaften des Holzes und die Maserung erhalten bleiben. Die Oberfl\u00e4che der FSC-zertifizierten europ\u00e4ischen Holz ist leicht rau, wodurch sie vollst\u00e4ndig stapelbar und weniger rutschig sind.<\/p>\n<p>Das Gl\u00fccksk\u00e4fer Holzkugelbahn-Set ist f\u00fcr Kinder ab 10 Monaten geeignet.<\/p>\n<p>Inhalt:<\/p>\n<p>18 St\u00fcck Holzschienen<br \/>\n5 Kugeln<br \/>\n1 Netzbeutel zur Aufbewahrung<\/p>\n","protected":false},"excerpt":{"rendered":"<p>Artikelnummer: 535001<\/p>\n<p>Das geniale Gl\u00fccksk\u00e4fer Kugelbahn-Set ist ein handgefertigtes Holzspielzeug, das Kreativit\u00e4t freisetzt, Probleml\u00f6sungsf\u00e4higkeiten entwickelt und endloses sensorisches Spiel bietet!<\/p>\n","protected":false},"featured_media":59083,"comment_status":"open","ping_status":"closed","template":"","meta":[],"product_brand":[],"product_cat":[21445,21679,21479,21690,21670,21491,21484,21631,21443,22362,21695,21678,23133,21564,21483],"product_tag":[27810,27809,23459,23461,23465,23464,22143,27903,21712,27907,23460],"class_list":{"0":"post-59082","1":"product","2":"type-product","3":"status-publish","4":"has-post-thumbnail","6":"product_cat-3-6-jahre-vorschule","7":"product_cat-aktiv-spielzeug","8":"product_cat-lernmaterialien-spielzeug-montessori-waldorf-steiner-froebel","9":"product_cat-spiele-mit-offenem-ende","10":"product_cat-fruehjahrskollektion","11":"product_cat-geschenk-guide-lerngeschenke","12":"product_cat-geschenk-guides","13":"product_cat-glueckskaefer","14":"product_cat-nach-alter","15":"product_cat-saisonale-kollektionen","16":"product_cat-sinnliches-spiel","17":"product_cat-kinder-spielzeug","18":"product_cat-spielzeug-fuer-draussen","19":"product_cat-unsere-marken","20":"product_cat-waldorf-steiner-paedagogik","21":"product_tag-bunte-waldorf-holzklotze","22":"product_tag-bunte-waldorf-stapelklotze","23":"product_tag-gluckskafer-de","24":"product_tag-gluckskafer-bunte-formen-aus-holz","25":"product_tag-gluckskafer-holzerne-bunte-formen","26":"product_tag-gluckskafer-schweiz-de","27":"product_tag-handgefertigtes-holzspielzeug-de","28":"product_tag-handgefertigtes-spielzeug-aus-holz","29":"product_tag-hergestellt-in-deutschland","30":"product_tag-kugelbahnset-gluckskafer-aus-holz","31":"product_tag-waldorfspielzeug-aus-holz-de","33":"first","34":"outofstock","35":"taxable","36":"shipping-taxable","37":"purchasable","38":"product-type-simple"},"yoast_head":"<!-- This site is optimized with the Yoast SEO plugin v27.3 - https:\/\/yoast.com\/product\/yoast-seo-wordpress\/ -->\n<title>Sandkugelbahn Grund-Set \u2013 Gl\u00fccksk\u00e4fer<\/title>\n<meta name=\"description\" content=\"Das geniale Gl\u00fccksk\u00e4fer Kugelbahn-Set ist ein handgefertigtes Holzspielzeug, das Kreativit\u00e4t, Sinneswahrnehmungen und Probleml\u00f6sungsf\u00e4higkeiten freisetzt!\" \/>\n<meta name=\"robots\" content=\"index, follow, max-snippet:-1, max-image-preview:large, max-video-preview:-1\" \/>\n<link rel=\"canonical\" href=\"https:\/\/teiaeducation.ch\/de\/produkt\/sandkugelbahn-grund-set-glueckskaefer\/\" \/>\n<meta property=\"og:locale\" content=\"de_DE\" \/>\n<meta property=\"og:type\" content=\"article\" \/>\n<meta property=\"og:title\" content=\"Sandkugelbahn Grund-Set \u2013 Gl\u00fccksk\u00e4fer\" \/>\n<meta property=\"og:description\" content=\"Das geniale Gl\u00fccksk\u00e4fer Kugelbahn-Set ist ein handgefertigtes Holzspielzeug, das Kreativit\u00e4t, Sinneswahrnehmungen und Probleml\u00f6sungsf\u00e4higkeiten freisetzt!\" \/>\n<meta property=\"og:url\" content=\"https:\/\/teiaeducation.ch\/de\/produkt\/sandkugelbahn-grund-set-glueckskaefer\/\" \/>\n<meta property=\"og:site_name\" content=\"Sustainable Educational Products &amp; Ecological Toys\u00a0\" \/>\n<meta property=\"article:publisher\" content=\"https:\/\/www.facebook.com\/teiaeducation\/\" \/>\n<meta property=\"article:modified_time\" content=\"2025-11-30T12:07:44+00:00\" \/>\n<meta property=\"og:image\" content=\"https:\/\/teiaeducation.ch\/wp-content\/uploads\/2020\/10\/Wooden-ball-track-set-Handmade-wooden-toy-Gluckskafer.jpg\" \/>\n\t<meta property=\"og:image:width\" content=\"800\" \/>\n\t<meta property=\"og:image:height\" content=\"800\" \/>\n\t<meta property=\"og:image:type\" content=\"image\/jpeg\" \/>\n<script type=\"application\/ld+json\" class=\"yoast-schema-graph\">{\"@context\":\"https:\\\/\\\/schema.org\",\"@graph\":[{\"@type\":\"WebPage\",\"@id\":\"https:\\\/\\\/teiaeducation.ch\\\/de\\\/produkt\\\/sandkugelbahn-grund-set-glueckskaefer\\\/\",\"url\":\"https:\\\/\\\/teiaeducation.ch\\\/de\\\/produkt\\\/sandkugelbahn-grund-set-glueckskaefer\\\/\",\"name\":\"Sandkugelbahn Grund-Set \u2013 Gl\u00fccksk\u00e4fer\",\"isPartOf\":{\"@id\":\"https:\\\/\\\/teiaeducation.ch\\\/de\\\/#website\"},\"primaryImageOfPage\":{\"@id\":\"https:\\\/\\\/teiaeducation.ch\\\/de\\\/produkt\\\/sandkugelbahn-grund-set-glueckskaefer\\\/#primaryimage\"},\"image\":{\"@id\":\"https:\\\/\\\/teiaeducation.ch\\\/de\\\/produkt\\\/sandkugelbahn-grund-set-glueckskaefer\\\/#primaryimage\"},\"thumbnailUrl\":\"https:\\\/\\\/teiaeducation.ch\\\/wp-content\\\/uploads\\\/2020\\\/10\\\/Wooden-ball-track-set-Handmade-wooden-toy-Gluckskafer.jpg\",\"datePublished\":\"2020-10-25T16:28:06+00:00\",\"dateModified\":\"2025-11-30T12:07:44+00:00\",\"description\":\"Das geniale Gl\u00fccksk\u00e4fer Kugelbahn-Set ist ein handgefertigtes Holzspielzeug, das Kreativit\u00e4t, Sinneswahrnehmungen und Probleml\u00f6sungsf\u00e4higkeiten freisetzt!\",\"breadcrumb\":{\"@id\":\"https:\\\/\\\/teiaeducation.ch\\\/de\\\/produkt\\\/sandkugelbahn-grund-set-glueckskaefer\\\/#breadcrumb\"},\"inLanguage\":\"de-CH\",\"potentialAction\":[{\"@type\":\"ReadAction\",\"target\":[\"https:\\\/\\\/teiaeducation.ch\\\/de\\\/produkt\\\/sandkugelbahn-grund-set-glueckskaefer\\\/\"]}]},{\"@type\":\"ImageObject\",\"inLanguage\":\"de-CH\",\"@id\":\"https:\\\/\\\/teiaeducation.ch\\\/de\\\/produkt\\\/sandkugelbahn-grund-set-glueckskaefer\\\/#primaryimage\",\"url\":\"https:\\\/\\\/teiaeducation.ch\\\/wp-content\\\/uploads\\\/2020\\\/10\\\/Wooden-ball-track-set-Handmade-wooden-toy-Gluckskafer.jpg\",\"contentUrl\":\"https:\\\/\\\/teiaeducation.ch\\\/wp-content\\\/uploads\\\/2020\\\/10\\\/Wooden-ball-track-set-Handmade-wooden-toy-Gluckskafer.jpg\",\"width\":800,\"height\":800,\"caption\":\"Holzkugelbahn Set Handgemachtes Holzspielzeug - Gl\u00fccksk\u00e4fer\"},{\"@type\":\"BreadcrumbList\",\"@id\":\"https:\\\/\\\/teiaeducation.ch\\\/de\\\/produkt\\\/sandkugelbahn-grund-set-glueckskaefer\\\/#breadcrumb\",\"itemListElement\":[{\"@type\":\"ListItem\",\"position\":1,\"name\":\"Home\",\"item\":\"https:\\\/\\\/teiaeducation.ch\\\/de\\\/\"},{\"@type\":\"ListItem\",\"position\":2,\"name\":\"Laden\",\"item\":\"https:\\\/\\\/teiaeducation.ch\\\/de\\\/shop\\\/\"},{\"@type\":\"ListItem\",\"position\":3,\"name\":\"Unsere Marken\",\"item\":\"https:\\\/\\\/teiaeducation.ch\\\/de\\\/produkt-kategorie\\\/unsere-marken\\\/\"},{\"@type\":\"ListItem\",\"position\":4,\"name\":\"Gl\u00fccksk\u00e4fer\",\"item\":\"https:\\\/\\\/teiaeducation.ch\\\/de\\\/produkt-kategorie\\\/unsere-marken\\\/glueckskaefer\\\/\"},{\"@type\":\"ListItem\",\"position\":5,\"name\":\"Sandkugelbahn Grund-Set aus Holz &#8211; Gl\u00fccksk\u00e4fer\"}]},{\"@type\":\"WebSite\",\"@id\":\"https:\\\/\\\/teiaeducation.ch\\\/de\\\/#website\",\"url\":\"https:\\\/\\\/teiaeducation.ch\\\/de\\\/\",\"name\":\"Sustainable Educational Products &amp; Ecological Toys\u00a0\",\"description\":\"Specialised Swiss shop selling sustainable educational toys and games, AMI certified Montessori materials, handmade ecological wooden Waldorf toys and arts &amp; crafts supplies, school supplies, children&#039;s furniture and Montessori reference and parenting books.\",\"publisher\":{\"@id\":\"https:\\\/\\\/teiaeducation.ch\\\/de\\\/#organization\"},\"alternateName\":\"Teia Education & Play\",\"potentialAction\":[{\"@type\":\"SearchAction\",\"target\":{\"@type\":\"EntryPoint\",\"urlTemplate\":\"https:\\\/\\\/teiaeducation.ch\\\/de\\\/?s={search_term_string}\"},\"query-input\":{\"@type\":\"PropertyValueSpecification\",\"valueRequired\":true,\"valueName\":\"search_term_string\"}}],\"inLanguage\":\"de-CH\"},{\"@type\":\"Organization\",\"@id\":\"https:\\\/\\\/teiaeducation.ch\\\/de\\\/#organization\",\"name\":\"Teia Education & Play\",\"url\":\"https:\\\/\\\/teiaeducation.ch\\\/de\\\/\",\"logo\":{\"@type\":\"ImageObject\",\"inLanguage\":\"de-CH\",\"@id\":\"https:\\\/\\\/teiaeducation.ch\\\/de\\\/#\\\/schema\\\/logo\\\/image\\\/\",\"url\":\"https:\\\/\\\/teiaeducation.ch\\\/wp-content\\\/uploads\\\/2020\\\/11\\\/Teia-Education-Switzerland-e1620156442216.jpg\",\"contentUrl\":\"https:\\\/\\\/teiaeducation.ch\\\/wp-content\\\/uploads\\\/2020\\\/11\\\/Teia-Education-Switzerland-e1620156442216.jpg\",\"width\":166,\"height\":145,\"caption\":\"Teia Education & Play\"},\"image\":{\"@id\":\"https:\\\/\\\/teiaeducation.ch\\\/de\\\/#\\\/schema\\\/logo\\\/image\\\/\"},\"sameAs\":[\"https:\\\/\\\/www.facebook.com\\\/teiaeducation\\\/\",\"https:\\\/\\\/x.com\\\/EducationTeia\",\"https:\\\/\\\/www.instagram.com\\\/teia.education\\\/\",\"https:\\\/\\\/www.linkedin.com\\\/company\\\/35501660\",\"https:\\\/\\\/www.pinterest.ch\\\/TeiaEducation\\\/\"]}]}<\/script>\n<!-- \/ Yoast SEO plugin. -->","yoast_head_json":{"title":"Sandkugelbahn Grund-Set \u2013 Gl\u00fccksk\u00e4fer","description":"Das geniale Gl\u00fccksk\u00e4fer Kugelbahn-Set ist ein handgefertigtes Holzspielzeug, das Kreativit\u00e4t, Sinneswahrnehmungen und Probleml\u00f6sungsf\u00e4higkeiten freisetzt!","robots":{"index":"index","follow":"follow","max-snippet":"max-snippet:-1","max-image-preview":"max-image-preview:large","max-video-preview":"max-video-preview:-1"},"canonical":"https:\/\/teiaeducation.ch\/de\/produkt\/sandkugelbahn-grund-set-glueckskaefer\/","og_locale":"de_DE","og_type":"article","og_title":"Sandkugelbahn Grund-Set \u2013 Gl\u00fccksk\u00e4fer","og_description":"Das geniale Gl\u00fccksk\u00e4fer Kugelbahn-Set ist ein handgefertigtes Holzspielzeug, das Kreativit\u00e4t, Sinneswahrnehmungen und Probleml\u00f6sungsf\u00e4higkeiten freisetzt!","og_url":"https:\/\/teiaeducation.ch\/de\/produkt\/sandkugelbahn-grund-set-glueckskaefer\/","og_site_name":"Sustainable Educational Products &amp; Ecological Toys\u00a0","article_publisher":"https:\/\/www.facebook.com\/teiaeducation\/","article_modified_time":"2025-11-30T12:07:44+00:00","og_image":[{"width":800,"height":800,"url":"https:\/\/teiaeducation.ch\/wp-content\/uploads\/2020\/10\/Wooden-ball-track-set-Handmade-wooden-toy-Gluckskafer.jpg","type":"image\/jpeg"}],"schema":{"@context":"https:\/\/schema.org","@graph":[{"@type":"WebPage","@id":"https:\/\/teiaeducation.ch\/de\/produkt\/sandkugelbahn-grund-set-glueckskaefer\/","url":"https:\/\/teiaeducation.ch\/de\/produkt\/sandkugelbahn-grund-set-glueckskaefer\/","name":"Sandkugelbahn Grund-Set \u2013 Gl\u00fccksk\u00e4fer","isPartOf":{"@id":"https:\/\/teiaeducation.ch\/de\/#website"},"primaryImageOfPage":{"@id":"https:\/\/teiaeducation.ch\/de\/produkt\/sandkugelbahn-grund-set-glueckskaefer\/#primaryimage"},"image":{"@id":"https:\/\/teiaeducation.ch\/de\/produkt\/sandkugelbahn-grund-set-glueckskaefer\/#primaryimage"},"thumbnailUrl":"https:\/\/teiaeducation.ch\/wp-content\/uploads\/2020\/10\/Wooden-ball-track-set-Handmade-wooden-toy-Gluckskafer.jpg","datePublished":"2020-10-25T16:28:06+00:00","dateModified":"2025-11-30T12:07:44+00:00","description":"Das geniale Gl\u00fccksk\u00e4fer Kugelbahn-Set ist ein handgefertigtes Holzspielzeug, das Kreativit\u00e4t, Sinneswahrnehmungen und Probleml\u00f6sungsf\u00e4higkeiten freisetzt!","breadcrumb":{"@id":"https:\/\/teiaeducation.ch\/de\/produkt\/sandkugelbahn-grund-set-glueckskaefer\/#breadcrumb"},"inLanguage":"de-CH","potentialAction":[{"@type":"ReadAction","target":["https:\/\/teiaeducation.ch\/de\/produkt\/sandkugelbahn-grund-set-glueckskaefer\/"]}]},{"@type":"ImageObject","inLanguage":"de-CH","@id":"https:\/\/teiaeducation.ch\/de\/produkt\/sandkugelbahn-grund-set-glueckskaefer\/#primaryimage","url":"https:\/\/teiaeducation.ch\/wp-content\/uploads\/2020\/10\/Wooden-ball-track-set-Handmade-wooden-toy-Gluckskafer.jpg","contentUrl":"https:\/\/teiaeducation.ch\/wp-content\/uploads\/2020\/10\/Wooden-ball-track-set-Handmade-wooden-toy-Gluckskafer.jpg","width":800,"height":800,"caption":"Holzkugelbahn Set Handgemachtes Holzspielzeug - Gl\u00fccksk\u00e4fer"},{"@type":"BreadcrumbList","@id":"https:\/\/teiaeducation.ch\/de\/produkt\/sandkugelbahn-grund-set-glueckskaefer\/#breadcrumb","itemListElement":[{"@type":"ListItem","position":1,"name":"Home","item":"https:\/\/teiaeducation.ch\/de\/"},{"@type":"ListItem","position":2,"name":"Laden","item":"https:\/\/teiaeducation.ch\/de\/shop\/"},{"@type":"ListItem","position":3,"name":"Unsere Marken","item":"https:\/\/teiaeducation.ch\/de\/produkt-kategorie\/unsere-marken\/"},{"@type":"ListItem","position":4,"name":"Gl\u00fccksk\u00e4fer","item":"https:\/\/teiaeducation.ch\/de\/produkt-kategorie\/unsere-marken\/glueckskaefer\/"},{"@type":"ListItem","position":5,"name":"Sandkugelbahn Grund-Set aus Holz &#8211; Gl\u00fccksk\u00e4fer"}]},{"@type":"WebSite","@id":"https:\/\/teiaeducation.ch\/de\/#website","url":"https:\/\/teiaeducation.ch\/de\/","name":"Sustainable Educational Products &amp; Ecological Toys\u00a0","description":"Specialised Swiss shop selling sustainable educational toys and games, AMI certified Montessori materials, handmade ecological wooden Waldorf toys and arts &amp; crafts supplies, school supplies, children&#039;s furniture and Montessori reference and parenting books.","publisher":{"@id":"https:\/\/teiaeducation.ch\/de\/#organization"},"alternateName":"Teia Education & Play","potentialAction":[{"@type":"SearchAction","target":{"@type":"EntryPoint","urlTemplate":"https:\/\/teiaeducation.ch\/de\/?s={search_term_string}"},"query-input":{"@type":"PropertyValueSpecification","valueRequired":true,"valueName":"search_term_string"}}],"inLanguage":"de-CH"},{"@type":"Organization","@id":"https:\/\/teiaeducation.ch\/de\/#organization","name":"Teia Education & Play","url":"https:\/\/teiaeducation.ch\/de\/","logo":{"@type":"ImageObject","inLanguage":"de-CH","@id":"https:\/\/teiaeducation.ch\/de\/#\/schema\/logo\/image\/","url":"https:\/\/teiaeducation.ch\/wp-content\/uploads\/2020\/11\/Teia-Education-Switzerland-e1620156442216.jpg","contentUrl":"https:\/\/teiaeducation.ch\/wp-content\/uploads\/2020\/11\/Teia-Education-Switzerland-e1620156442216.jpg","width":166,"height":145,"caption":"Teia Education & Play"},"image":{"@id":"https:\/\/teiaeducation.ch\/de\/#\/schema\/logo\/image\/"},"sameAs":["https:\/\/www.facebook.com\/teiaeducation\/","https:\/\/x.com\/EducationTeia","https:\/\/www.instagram.com\/teia.education\/","https:\/\/www.linkedin.com\/company\/35501660","https:\/\/www.pinterest.ch\/TeiaEducation\/"]}]}},"_links":{"self":[{"href":"https:\/\/teiaeducation.ch\/de\/wp-json\/wp\/v2\/product\/59082","targetHints":{"allow":["GET"]}}],"collection":[{"href":"https:\/\/teiaeducation.ch\/de\/wp-json\/wp\/v2\/product"}],"about":[{"href":"https:\/\/teiaeducation.ch\/de\/wp-json\/wp\/v2\/types\/product"}],"replies":[{"embeddable":true,"href":"https:\/\/teiaeducation.ch\/de\/wp-json\/wp\/v2\/comments?post=59082"}],"wp:featuredmedia":[{"embeddable":true,"href":"https:\/\/teiaeducation.ch\/de\/wp-json\/wp\/v2\/media\/59083"}],"wp:attachment":[{"href":"https:\/\/teiaeducation.ch\/de\/wp-json\/wp\/v2\/media?parent=59082"}],"wp:term":[{"taxonomy":"product_brand","embeddable":true,"href":"https:\/\/teiaeducation.ch\/de\/wp-json\/wp\/v2\/product_brand?post=59082"},{"taxonomy":"product_cat","embeddable":true,"href":"https:\/\/teiaeducation.ch\/de\/wp-json\/wp\/v2\/product_cat?post=59082"},{"taxonomy":"product_tag","embeddable":true,"href":"https:\/\/teiaeducation.ch\/de\/wp-json\/wp\/v2\/product_tag?post=59082"}],"curies":[{"name":"wp","href":"https:\/\/api.w.org\/{rel}","templated":true}]}}