{"id":59089,"date":"2020-08-07T09:38:16","date_gmt":"2020-08-07T07:38:16","guid":{"rendered":"https:\/\/teiaeducation.ch\/product\/baukasten-toskana-klein-glueckskaefer\/"},"modified":"2025-12-11T18:44:43","modified_gmt":"2025-12-11T17:44:43","slug":"baukasten-toskana-klein-glueckskaefer","status":"publish","type":"product","link":"https:\/\/teiaeducation.ch\/de\/produkt\/baukasten-toskana-klein-glueckskaefer\/","title":{"rendered":"Baukasten &#8220;Toskana&#8221; klein &#8211; Gl\u00fccksk\u00e4fer"},"content":{"rendered":"<p>Dieses h\u00fcbsche kleine Set von Waldorf-inspirierten, handgefertigten <a href=\"https:\/\/teiaeducation.ch\/de\/produkt-kategorie\/kinder-spielzeug\/baukloetze-aus-holz\/\">Holzbaukl\u00f6tzen<\/a> mit dem Thema Toskana in einem Holztablett stammt aus der Reihe &#8220;Bunte Formen&#8221; von Gl\u00fccksk\u00e4fer. Die Holzablage ist 27 x 19 x 5 cm gro\u00df und enth\u00e4lt 20 Holzteile in verschiedenen <a href=\"https:\/\/teiaeducation.ch\/de\/produkt-kategorie\/lernthemen\/sensorische-motorische-fertigkeiten\/farbe-lernen\/\">Farben<\/a> und Formen.<\/p>\n<p>Die Sammlung von Holzkl\u00f6tzen enth\u00e4lt verschiedene einfache und vielseitige <a href=\"https:\/\/teiaeducation.ch\/de\/produkt-kategorie\/lernthemen\/mathematik-rechnen\/formen\/\">Formen<\/a> wie B\u00f6gen, Halbkreise, Quadrate, Dreiecke und rechteckige Latten, die zum kreativen Bau von Strukturen wie Geb\u00e4uden oder H\u00e4usern verwendet werden k\u00f6nnen. Man kann sie auch zu einem Turm <a href=\"https:\/\/teiaeducation.ch\/de\/produkt-kategorie\/kinder-spielzeug\/stapelspielzeug\/\">stapeln<\/a>, flache, bunte Mosaike oder <a href=\"https:\/\/teiaeducation.ch\/de\/produkt-kategorie\/kinder-spielzeug\/holz-mandalas\/\">Mandalas<\/a> damit gestalten, Z\u00e4une f\u00fcr einen Bauernhof oder eine Burg bauen oder alles, was der Fantasie des Kindes \u00fcberlassen bleibt. Die Bausteine und Formen k\u00f6nnen auch f\u00fcr schematische Positionierungsspiele oder f\u00fcr Farb<a href=\"https:\/\/teiaeducation.ch\/de\/produkt-kategorie\/kinder-spielzeug\/sortieren\/\">sortierungen<\/a> verwendet werden.<\/p>\n<p>Ideal zum Spielen zu Hause, im Kindergarten, in der Waldorf- oder <a href=\"https:\/\/teiaeducation.ch\/de\/spielzeug-und-natuerlichen-kreatives-materialien-fuer-waldorf-steiner-schulen\/\">Steiner-Schule<\/a>. Die bunten Formen der <a href=\"\/?product_cat=gluckskafer\">Gl\u00fccksk\u00e4fer<\/a> werden in Handarbeit nach der <a href=\"https:\/\/teiaeducation.ch\/de\/produkt-kategorie\/kinder-spielzeug\/waldorfspielzeug\/\">Waldorf<\/a>-Philosophie hergestellt, die daf\u00fcr bekannt ist, dass sie Kinder ermutigt, das kreative Spiel unabh\u00e4ngig und ohne Einschr\u00e4nkungen zu entdecken. Das Pilzhaus aus Holz wird von Hand mit ungiftigen Farben auf Wasserbasis gef\u00e4rbt und nicht lackiert, damit die urspr\u00fcnglichen Eigenschaften des Holzes und die Maserung erhalten bleiben. Die Oberfl\u00e4che der FSC-zertifizierten europ\u00e4ischen Holz ist leicht rau, wodurch sie vollst\u00e4ndig stapelbar und weniger rutschig sind.<\/p>\n<p>Gl\u00fccksk\u00e4fer Waldorf-inspirierte <a href=\"https:\/\/teiaeducation.ch\/de\/produkt-kategorie\/kinder-spielzeug\/handgefertigtes-holzspielzeug\/\">Holzspielzeuge<\/a> und Kinderwerkzeuge werden in Deutschland entworfen und in Europa hergestellt. Sie geh\u00f6ren zum traditionsreichen deutschen Spielzeughersteller Nic Toys, der f\u00fcr h\u00f6chste Qualit\u00e4tsstandards bei Produkten zur F\u00f6rderung der kindlichen Entwicklung bekannt ist und ethisch und nachhaltig produziert.<\/p>\n<p>Das Gl\u00fccksk\u00e4fer Baukasten Toscana klein Set ist f\u00fcr Kinder ab 12 Monaten geeignet.<\/p>\n<p>Inhalt:<\/p>\n<p>20 Holzkl\u00f6tze und Formen (Holzst\u00e4rke: 4 cm)<br \/>\n1 Holzablage (27 x 19 x 5 cm)<\/p>\n","protected":false},"excerpt":{"rendered":"<p>Artikelnummer: 523311<\/p>\n<p>Das kleine Set von Waldorf-inspirierten, handgefertigten Toscana-Holzbausteinen aus dem bunten Formen-Sortiment von Gl\u00fccksk\u00e4fer kann zum kreativen Bauen von Strukturen wie Geb\u00e4uden oder H\u00e4usern verwendet werden.<\/p>\n","protected":false},"featured_media":59090,"comment_status":"open","ping_status":"closed","template":"","meta":[],"product_brand":[],"product_cat":[21444,21445,21704,21479,21486,21484,21631,23075,21443,22362,23636,21678,21699,21564,21483,22919],"product_tag":[27808,27810,27809,27807,23459,27909,23463,23461,23465,23464,22143,21712,23460],"class_list":{"0":"post-59089","1":"product","2":"type-product","3":"status-publish","4":"has-post-thumbnail","6":"product_cat-1-3-jahre-kleinkind","7":"product_cat-3-6-jahre-vorschule","8":"product_cat-baukloetze-aus-holz","9":"product_cat-lernmaterialien-spielzeug-montessori-waldorf-steiner-froebel","10":"product_cat-geschenk-guide-1-3-jahre-kleinkind","11":"product_cat-geschenk-guides","12":"product_cat-glueckskaefer","13":"product_cat-handgefertigtes-holzspielzeug","14":"product_cat-nach-alter","15":"product_cat-saisonale-kollektionen","16":"product_cat-sommer-kollektion","17":"product_cat-kinder-spielzeug","18":"product_cat-stapelspielzeug","19":"product_cat-unsere-marken","20":"product_cat-waldorf-steiner-paedagogik","21":"product_cat-waldorfspielzeug","22":"product_tag-bunte-holzklotze","23":"product_tag-bunte-waldorf-holzklotze","24":"product_tag-bunte-waldorf-stapelklotze","25":"product_tag-buntes-stapelspielzeug-aus-holz","26":"product_tag-gluckskafer-de","27":"product_tag-gluckskafer-baukasten-toskana-klein","28":"product_tag-gluckskafer-bunte-formen","29":"product_tag-gluckskafer-bunte-formen-aus-holz","30":"product_tag-gluckskafer-holzerne-bunte-formen","31":"product_tag-gluckskafer-schweiz-de","32":"product_tag-handgefertigtes-holzspielzeug-de","33":"product_tag-hergestellt-in-deutschland","34":"product_tag-waldorfspielzeug-aus-holz-de","36":"first","37":"instock","38":"taxable","39":"shipping-taxable","40":"purchasable","41":"product-type-simple"},"yoast_head":"<!-- This site is optimized with the Yoast SEO plugin v27.3 - https:\/\/yoast.com\/product\/yoast-seo-wordpress\/ -->\n<title>Baukasten &quot;Toskana&quot; klein \u2013 Gl\u00fccksk\u00e4fer<\/title>\n<meta name=\"description\" content=\"Ein kleines Set von Waldorf-inspirierten, handgefertigten Holzbausteinen mit dem Thema Toscana in einem Holztablett aus dem Gl\u00fccksk\u00e4fer-Sortiment Bunte Formen.\" \/>\n<meta name=\"robots\" content=\"index, follow, max-snippet:-1, max-image-preview:large, max-video-preview:-1\" \/>\n<link rel=\"canonical\" href=\"https:\/\/teiaeducation.ch\/de\/produkt\/baukasten-toskana-klein-glueckskaefer\/\" \/>\n<meta property=\"og:locale\" content=\"de_DE\" \/>\n<meta property=\"og:type\" content=\"article\" \/>\n<meta property=\"og:title\" content=\"Baukasten &quot;Toskana&quot; klein \u2013 Gl\u00fccksk\u00e4fer\" \/>\n<meta property=\"og:description\" content=\"Ein kleines Set von Waldorf-inspirierten, handgefertigten Holzbausteinen mit dem Thema Toscana in einem Holztablett aus dem Gl\u00fccksk\u00e4fer-Sortiment Bunte Formen.\" \/>\n<meta property=\"og:url\" content=\"https:\/\/teiaeducation.ch\/de\/produkt\/baukasten-toskana-klein-glueckskaefer\/\" \/>\n<meta property=\"og:site_name\" content=\"Sustainable Educational Products &amp; Ecological Toys\u00a0\" \/>\n<meta property=\"article:publisher\" content=\"https:\/\/www.facebook.com\/teiaeducation\/\" \/>\n<meta property=\"article:modified_time\" content=\"2025-12-11T17:44:43+00:00\" \/>\n<meta property=\"og:image\" content=\"https:\/\/teiaeducation.ch\/wp-content\/uploads\/2020\/08\/Toscana-building-blocks-set-small-Gl\u00fccksk\u00e4fer.jpg\" \/>\n\t<meta property=\"og:image:width\" content=\"800\" \/>\n\t<meta property=\"og:image:height\" content=\"800\" \/>\n\t<meta property=\"og:image:type\" content=\"image\/jpeg\" \/>\n<script type=\"application\/ld+json\" class=\"yoast-schema-graph\">{\"@context\":\"https:\\\/\\\/schema.org\",\"@graph\":[{\"@type\":\"WebPage\",\"@id\":\"https:\\\/\\\/teiaeducation.ch\\\/de\\\/produkt\\\/baukasten-toskana-klein-glueckskaefer\\\/\",\"url\":\"https:\\\/\\\/teiaeducation.ch\\\/de\\\/produkt\\\/baukasten-toskana-klein-glueckskaefer\\\/\",\"name\":\"Baukasten \\\"Toskana\\\" klein \u2013 Gl\u00fccksk\u00e4fer\",\"isPartOf\":{\"@id\":\"https:\\\/\\\/teiaeducation.ch\\\/de\\\/#website\"},\"primaryImageOfPage\":{\"@id\":\"https:\\\/\\\/teiaeducation.ch\\\/de\\\/produkt\\\/baukasten-toskana-klein-glueckskaefer\\\/#primaryimage\"},\"image\":{\"@id\":\"https:\\\/\\\/teiaeducation.ch\\\/de\\\/produkt\\\/baukasten-toskana-klein-glueckskaefer\\\/#primaryimage\"},\"thumbnailUrl\":\"https:\\\/\\\/teiaeducation.ch\\\/wp-content\\\/uploads\\\/2020\\\/08\\\/Toscana-building-blocks-set-small-Gl\u00fccksk\u00e4fer.jpg\",\"datePublished\":\"2020-08-07T07:38:16+00:00\",\"dateModified\":\"2025-12-11T17:44:43+00:00\",\"description\":\"Ein kleines Set von Waldorf-inspirierten, handgefertigten Holzbausteinen mit dem Thema Toscana in einem Holztablett aus dem Gl\u00fccksk\u00e4fer-Sortiment Bunte Formen.\",\"breadcrumb\":{\"@id\":\"https:\\\/\\\/teiaeducation.ch\\\/de\\\/produkt\\\/baukasten-toskana-klein-glueckskaefer\\\/#breadcrumb\"},\"inLanguage\":\"de-CH\",\"potentialAction\":[{\"@type\":\"ReadAction\",\"target\":[\"https:\\\/\\\/teiaeducation.ch\\\/de\\\/produkt\\\/baukasten-toskana-klein-glueckskaefer\\\/\"]}]},{\"@type\":\"ImageObject\",\"inLanguage\":\"de-CH\",\"@id\":\"https:\\\/\\\/teiaeducation.ch\\\/de\\\/produkt\\\/baukasten-toskana-klein-glueckskaefer\\\/#primaryimage\",\"url\":\"https:\\\/\\\/teiaeducation.ch\\\/wp-content\\\/uploads\\\/2020\\\/08\\\/Toscana-building-blocks-set-small-Gl\u00fccksk\u00e4fer.jpg\",\"contentUrl\":\"https:\\\/\\\/teiaeducation.ch\\\/wp-content\\\/uploads\\\/2020\\\/08\\\/Toscana-building-blocks-set-small-Gl\u00fccksk\u00e4fer.jpg\",\"width\":800,\"height\":800,\"caption\":\"Handgefertigte Holzkl\u00f6tze Baukasten \\\"Toskana\\\" klein - Gl\u00fccksk\u00e4fer\"},{\"@type\":\"BreadcrumbList\",\"@id\":\"https:\\\/\\\/teiaeducation.ch\\\/de\\\/produkt\\\/baukasten-toskana-klein-glueckskaefer\\\/#breadcrumb\",\"itemListElement\":[{\"@type\":\"ListItem\",\"position\":1,\"name\":\"Home\",\"item\":\"https:\\\/\\\/teiaeducation.ch\\\/de\\\/\"},{\"@type\":\"ListItem\",\"position\":2,\"name\":\"Laden\",\"item\":\"https:\\\/\\\/teiaeducation.ch\\\/de\\\/shop\\\/\"},{\"@type\":\"ListItem\",\"position\":3,\"name\":\"Unsere Marken\",\"item\":\"https:\\\/\\\/teiaeducation.ch\\\/de\\\/produkt-kategorie\\\/unsere-marken\\\/\"},{\"@type\":\"ListItem\",\"position\":4,\"name\":\"Gl\u00fccksk\u00e4fer\",\"item\":\"https:\\\/\\\/teiaeducation.ch\\\/de\\\/produkt-kategorie\\\/unsere-marken\\\/glueckskaefer\\\/\"},{\"@type\":\"ListItem\",\"position\":5,\"name\":\"Baukasten &#8220;Toskana&#8221; klein &#8211; Gl\u00fccksk\u00e4fer\"}]},{\"@type\":\"WebSite\",\"@id\":\"https:\\\/\\\/teiaeducation.ch\\\/de\\\/#website\",\"url\":\"https:\\\/\\\/teiaeducation.ch\\\/de\\\/\",\"name\":\"Sustainable Educational Products &amp; Ecological Toys\u00a0\",\"description\":\"Specialised Swiss shop selling sustainable educational toys and games, AMI certified Montessori materials, handmade ecological wooden Waldorf toys and arts &amp; crafts supplies, school supplies, children&#039;s furniture and Montessori reference and parenting books.\",\"publisher\":{\"@id\":\"https:\\\/\\\/teiaeducation.ch\\\/de\\\/#organization\"},\"alternateName\":\"Teia Education & Play\",\"potentialAction\":[{\"@type\":\"SearchAction\",\"target\":{\"@type\":\"EntryPoint\",\"urlTemplate\":\"https:\\\/\\\/teiaeducation.ch\\\/de\\\/?s={search_term_string}\"},\"query-input\":{\"@type\":\"PropertyValueSpecification\",\"valueRequired\":true,\"valueName\":\"search_term_string\"}}],\"inLanguage\":\"de-CH\"},{\"@type\":\"Organization\",\"@id\":\"https:\\\/\\\/teiaeducation.ch\\\/de\\\/#organization\",\"name\":\"Teia Education & Play\",\"url\":\"https:\\\/\\\/teiaeducation.ch\\\/de\\\/\",\"logo\":{\"@type\":\"ImageObject\",\"inLanguage\":\"de-CH\",\"@id\":\"https:\\\/\\\/teiaeducation.ch\\\/de\\\/#\\\/schema\\\/logo\\\/image\\\/\",\"url\":\"https:\\\/\\\/teiaeducation.ch\\\/wp-content\\\/uploads\\\/2020\\\/11\\\/Teia-Education-Switzerland-e1620156442216.jpg\",\"contentUrl\":\"https:\\\/\\\/teiaeducation.ch\\\/wp-content\\\/uploads\\\/2020\\\/11\\\/Teia-Education-Switzerland-e1620156442216.jpg\",\"width\":166,\"height\":145,\"caption\":\"Teia Education & Play\"},\"image\":{\"@id\":\"https:\\\/\\\/teiaeducation.ch\\\/de\\\/#\\\/schema\\\/logo\\\/image\\\/\"},\"sameAs\":[\"https:\\\/\\\/www.facebook.com\\\/teiaeducation\\\/\",\"https:\\\/\\\/x.com\\\/EducationTeia\",\"https:\\\/\\\/www.instagram.com\\\/teia.education\\\/\",\"https:\\\/\\\/www.linkedin.com\\\/company\\\/35501660\",\"https:\\\/\\\/www.pinterest.ch\\\/TeiaEducation\\\/\"]}]}<\/script>\n<!-- \/ Yoast SEO plugin. -->","yoast_head_json":{"title":"Baukasten \"Toskana\" klein \u2013 Gl\u00fccksk\u00e4fer","description":"Ein kleines Set von Waldorf-inspirierten, handgefertigten Holzbausteinen mit dem Thema Toscana in einem Holztablett aus dem Gl\u00fccksk\u00e4fer-Sortiment Bunte Formen.","robots":{"index":"index","follow":"follow","max-snippet":"max-snippet:-1","max-image-preview":"max-image-preview:large","max-video-preview":"max-video-preview:-1"},"canonical":"https:\/\/teiaeducation.ch\/de\/produkt\/baukasten-toskana-klein-glueckskaefer\/","og_locale":"de_DE","og_type":"article","og_title":"Baukasten \"Toskana\" klein \u2013 Gl\u00fccksk\u00e4fer","og_description":"Ein kleines Set von Waldorf-inspirierten, handgefertigten Holzbausteinen mit dem Thema Toscana in einem Holztablett aus dem Gl\u00fccksk\u00e4fer-Sortiment Bunte Formen.","og_url":"https:\/\/teiaeducation.ch\/de\/produkt\/baukasten-toskana-klein-glueckskaefer\/","og_site_name":"Sustainable Educational Products &amp; Ecological Toys\u00a0","article_publisher":"https:\/\/www.facebook.com\/teiaeducation\/","article_modified_time":"2025-12-11T17:44:43+00:00","og_image":[{"width":800,"height":800,"url":"https:\/\/teiaeducation.ch\/wp-content\/uploads\/2020\/08\/Toscana-building-blocks-set-small-Gl\u00fccksk\u00e4fer.jpg","type":"image\/jpeg"}],"schema":{"@context":"https:\/\/schema.org","@graph":[{"@type":"WebPage","@id":"https:\/\/teiaeducation.ch\/de\/produkt\/baukasten-toskana-klein-glueckskaefer\/","url":"https:\/\/teiaeducation.ch\/de\/produkt\/baukasten-toskana-klein-glueckskaefer\/","name":"Baukasten \"Toskana\" klein \u2013 Gl\u00fccksk\u00e4fer","isPartOf":{"@id":"https:\/\/teiaeducation.ch\/de\/#website"},"primaryImageOfPage":{"@id":"https:\/\/teiaeducation.ch\/de\/produkt\/baukasten-toskana-klein-glueckskaefer\/#primaryimage"},"image":{"@id":"https:\/\/teiaeducation.ch\/de\/produkt\/baukasten-toskana-klein-glueckskaefer\/#primaryimage"},"thumbnailUrl":"https:\/\/teiaeducation.ch\/wp-content\/uploads\/2020\/08\/Toscana-building-blocks-set-small-Gl\u00fccksk\u00e4fer.jpg","datePublished":"2020-08-07T07:38:16+00:00","dateModified":"2025-12-11T17:44:43+00:00","description":"Ein kleines Set von Waldorf-inspirierten, handgefertigten Holzbausteinen mit dem Thema Toscana in einem Holztablett aus dem Gl\u00fccksk\u00e4fer-Sortiment Bunte Formen.","breadcrumb":{"@id":"https:\/\/teiaeducation.ch\/de\/produkt\/baukasten-toskana-klein-glueckskaefer\/#breadcrumb"},"inLanguage":"de-CH","potentialAction":[{"@type":"ReadAction","target":["https:\/\/teiaeducation.ch\/de\/produkt\/baukasten-toskana-klein-glueckskaefer\/"]}]},{"@type":"ImageObject","inLanguage":"de-CH","@id":"https:\/\/teiaeducation.ch\/de\/produkt\/baukasten-toskana-klein-glueckskaefer\/#primaryimage","url":"https:\/\/teiaeducation.ch\/wp-content\/uploads\/2020\/08\/Toscana-building-blocks-set-small-Gl\u00fccksk\u00e4fer.jpg","contentUrl":"https:\/\/teiaeducation.ch\/wp-content\/uploads\/2020\/08\/Toscana-building-blocks-set-small-Gl\u00fccksk\u00e4fer.jpg","width":800,"height":800,"caption":"Handgefertigte Holzkl\u00f6tze Baukasten \"Toskana\" klein - Gl\u00fccksk\u00e4fer"},{"@type":"BreadcrumbList","@id":"https:\/\/teiaeducation.ch\/de\/produkt\/baukasten-toskana-klein-glueckskaefer\/#breadcrumb","itemListElement":[{"@type":"ListItem","position":1,"name":"Home","item":"https:\/\/teiaeducation.ch\/de\/"},{"@type":"ListItem","position":2,"name":"Laden","item":"https:\/\/teiaeducation.ch\/de\/shop\/"},{"@type":"ListItem","position":3,"name":"Unsere Marken","item":"https:\/\/teiaeducation.ch\/de\/produkt-kategorie\/unsere-marken\/"},{"@type":"ListItem","position":4,"name":"Gl\u00fccksk\u00e4fer","item":"https:\/\/teiaeducation.ch\/de\/produkt-kategorie\/unsere-marken\/glueckskaefer\/"},{"@type":"ListItem","position":5,"name":"Baukasten &#8220;Toskana&#8221; klein &#8211; Gl\u00fccksk\u00e4fer"}]},{"@type":"WebSite","@id":"https:\/\/teiaeducation.ch\/de\/#website","url":"https:\/\/teiaeducation.ch\/de\/","name":"Sustainable Educational Products &amp; Ecological Toys\u00a0","description":"Specialised Swiss shop selling sustainable educational toys and games, AMI certified Montessori materials, handmade ecological wooden Waldorf toys and arts &amp; crafts supplies, school supplies, children&#039;s furniture and Montessori reference and parenting books.","publisher":{"@id":"https:\/\/teiaeducation.ch\/de\/#organization"},"alternateName":"Teia Education & Play","potentialAction":[{"@type":"SearchAction","target":{"@type":"EntryPoint","urlTemplate":"https:\/\/teiaeducation.ch\/de\/?s={search_term_string}"},"query-input":{"@type":"PropertyValueSpecification","valueRequired":true,"valueName":"search_term_string"}}],"inLanguage":"de-CH"},{"@type":"Organization","@id":"https:\/\/teiaeducation.ch\/de\/#organization","name":"Teia Education & Play","url":"https:\/\/teiaeducation.ch\/de\/","logo":{"@type":"ImageObject","inLanguage":"de-CH","@id":"https:\/\/teiaeducation.ch\/de\/#\/schema\/logo\/image\/","url":"https:\/\/teiaeducation.ch\/wp-content\/uploads\/2020\/11\/Teia-Education-Switzerland-e1620156442216.jpg","contentUrl":"https:\/\/teiaeducation.ch\/wp-content\/uploads\/2020\/11\/Teia-Education-Switzerland-e1620156442216.jpg","width":166,"height":145,"caption":"Teia Education & Play"},"image":{"@id":"https:\/\/teiaeducation.ch\/de\/#\/schema\/logo\/image\/"},"sameAs":["https:\/\/www.facebook.com\/teiaeducation\/","https:\/\/x.com\/EducationTeia","https:\/\/www.instagram.com\/teia.education\/","https:\/\/www.linkedin.com\/company\/35501660","https:\/\/www.pinterest.ch\/TeiaEducation\/"]}]}},"_links":{"self":[{"href":"https:\/\/teiaeducation.ch\/de\/wp-json\/wp\/v2\/product\/59089","targetHints":{"allow":["GET"]}}],"collection":[{"href":"https:\/\/teiaeducation.ch\/de\/wp-json\/wp\/v2\/product"}],"about":[{"href":"https:\/\/teiaeducation.ch\/de\/wp-json\/wp\/v2\/types\/product"}],"replies":[{"embeddable":true,"href":"https:\/\/teiaeducation.ch\/de\/wp-json\/wp\/v2\/comments?post=59089"}],"wp:featuredmedia":[{"embeddable":true,"href":"https:\/\/teiaeducation.ch\/de\/wp-json\/wp\/v2\/media\/59090"}],"wp:attachment":[{"href":"https:\/\/teiaeducation.ch\/de\/wp-json\/wp\/v2\/media?parent=59089"}],"wp:term":[{"taxonomy":"product_brand","embeddable":true,"href":"https:\/\/teiaeducation.ch\/de\/wp-json\/wp\/v2\/product_brand?post=59089"},{"taxonomy":"product_cat","embeddable":true,"href":"https:\/\/teiaeducation.ch\/de\/wp-json\/wp\/v2\/product_cat?post=59089"},{"taxonomy":"product_tag","embeddable":true,"href":"https:\/\/teiaeducation.ch\/de\/wp-json\/wp\/v2\/product_tag?post=59089"}],"curies":[{"name":"wp","href":"https:\/\/api.w.org\/{rel}","templated":true}]}}