{"id":59092,"date":"2020-08-07T09:20:25","date_gmt":"2020-08-07T07:20:25","guid":{"rendered":"https:\/\/teiaeducation.ch\/product\/spielkloetze-17-tlg-baumwollnetz-glueckskaefer\/"},"modified":"2025-12-11T18:44:14","modified_gmt":"2025-12-11T17:44:14","slug":"spielkloetze-17-tlg-baumwollnetz-glueckskaefer","status":"publish","type":"product","link":"https:\/\/teiaeducation.ch\/de\/produkt\/spielkloetze-17-tlg-baumwollnetz-glueckskaefer\/","title":{"rendered":"Spielkl\u00f6tze aus Holz 17 tlg, Baumwollnetz &#8211; Gl\u00fccksk\u00e4fer"},"content":{"rendered":"<p>Spielkl\u00f6tze 17 tlg, Baumwollnetz \/ Handgefertigte Holzkl\u00f6tze &#8211; Gl\u00fccksk\u00e4fer Bunte Formen<\/p>\n<p>Ein Set von Waldorf-inspirierten, handgefertigten Holzbaukl\u00f6tzen in einem Baumwollgewebe aus der Reihe &#8220;Bunte Formen&#8221; von Gl\u00fccksk\u00e4fer. Das Set enth\u00e4lt 27 Holzkl\u00f6tze in verschiedenen leuchtenden Farben und unterschiedlichen Formen.<\/p>\n<p>Das Holzbaustein-Set enth\u00e4lt einfache und vielseitige Bausteine in verschiedenen Formen sowie Kircht\u00fcrme und B\u00f6gen. Die Sammlung von Bl\u00f6cken, Kircht\u00fcrmen und B\u00f6gen kann zum Bau verschiedener Arten von Strukturen, Geb\u00e4uden oder H\u00e4usern verwendet werden. Man kann sie auch zu einem Turm stapeln, flache, bunte Mosaike daraus machen, Z\u00e4une f\u00fcr einen Bauernhof oder eine Burg bauen oder alles, was der Fantasie des Kindes \u00fcberlassen bleibt. Die Bausteine und Formen k\u00f6nnen auch f\u00fcr schematische Positionierungsspiele oder f\u00fcr Farb<a href=\"https:\/\/teiaeducation.ch\/de\/produkt-kategorie\/kinder-spielzeug\/sortieren\/\">sortierungen<\/a> verwendet werden.<\/p>\n<p>Die bunten Gl\u00fccksk\u00e4fer-Formen sind ideal f\u00fcr das Spielen zu Hause, im Kindergarten, in der Waldorfschule oder in der Steiner-Schule. Sie sind nach der Waldorf-Philosophie hergestellt, die daf\u00fcr bekannt ist, dass sie Kinder ermutigt, das kreative Spiel unabh\u00e4ngig und ohne Einschr\u00e4nkungen zu entdecken. Die Holzbausteine werden mit ungiftigen Farben auf Wasserbasis von Hand gef\u00e4rbt und nicht lackiert, damit die urspr\u00fcnglichen Eigenschaften des Holzes und die Maserung erhalten bleiben. Die Oberfl\u00e4che der FSC-zertifizierten europ\u00e4ischen Holz ist leicht rau, wodurch sie vollst\u00e4ndig stapelbar und weniger rutschig sind.<\/p>\n<p>Das Gl\u00fccksk\u00e4fer Spielkl\u00f6tze 17 tlg, Baumwollnetz ist f\u00fcr Kinder ab 12 Monaten geeignet.<\/p>\n<p>Inhalt:<\/p>\n<p>27 Holzkl\u00f6tze und Formen<br \/>\n1 Baumwollnetz zur Aufbewahrung<\/p>\n","protected":false},"excerpt":{"rendered":"<p>Artikelnummer: 523292<\/p>\n<p>Ein Set von Waldorf-inspirierten, handgefertigten Holzbaukl\u00f6tzen aus der Serie Bunte Formen von Gl\u00fccksk\u00e4fer mit 27 Holzkl\u00f6tzen in verschiedenen leuchtenden Farben und unterschiedlichen Formen.<\/p>\n","protected":false},"featured_media":59093,"comment_status":"open","ping_status":"closed","template":"","meta":[],"product_brand":[],"product_cat":[21444,21445,21704,21479,21486,21484,21631,23075,21443,21678,21564,21483,22919],"product_tag":[27808,27810,27809,27807,23459,23463,23461,23465,23464,22143,21712,23460],"class_list":{"0":"post-59092","1":"product","2":"type-product","3":"status-publish","4":"has-post-thumbnail","6":"product_cat-1-3-jahre-kleinkind","7":"product_cat-3-6-jahre-vorschule","8":"product_cat-baukloetze-aus-holz","9":"product_cat-lernmaterialien-spielzeug-montessori-waldorf-steiner-froebel","10":"product_cat-geschenk-guide-1-3-jahre-kleinkind","11":"product_cat-geschenk-guides","12":"product_cat-glueckskaefer","13":"product_cat-handgefertigtes-holzspielzeug","14":"product_cat-nach-alter","15":"product_cat-kinder-spielzeug","16":"product_cat-unsere-marken","17":"product_cat-waldorf-steiner-paedagogik","18":"product_cat-waldorfspielzeug","19":"product_tag-bunte-holzklotze","20":"product_tag-bunte-waldorf-holzklotze","21":"product_tag-bunte-waldorf-stapelklotze","22":"product_tag-buntes-stapelspielzeug-aus-holz","23":"product_tag-gluckskafer-de","24":"product_tag-gluckskafer-bunte-formen","25":"product_tag-gluckskafer-bunte-formen-aus-holz","26":"product_tag-gluckskafer-holzerne-bunte-formen","27":"product_tag-gluckskafer-schweiz-de","28":"product_tag-handgefertigtes-holzspielzeug-de","29":"product_tag-hergestellt-in-deutschland","30":"product_tag-waldorfspielzeug-aus-holz-de","32":"first","33":"instock","34":"taxable","35":"shipping-taxable","36":"purchasable","37":"product-type-simple"},"yoast_head":"<!-- This site is optimized with the Yoast SEO Premium plugin v25.8 (Yoast SEO v27.4) - https:\/\/yoast.com\/product\/yoast-seo-premium-wordpress\/ -->\n<title>Spielkl\u00f6tze 17 tlg, Baumwollnetz \u2013 Gl\u00fccksk\u00e4fer<\/title>\n<meta name=\"description\" content=\"Waldorf-inspirierte, handgefertigte Holzbausteine in verschiedenen leuchtenden Farben in einem Baumwollgewebe aus dem Gl\u00fccksk\u00e4fer-Sortiment Bunte Formen.\" \/>\n<meta name=\"robots\" content=\"index, follow, max-snippet:-1, max-image-preview:large, max-video-preview:-1\" \/>\n<link rel=\"canonical\" href=\"https:\/\/teiaeducation.ch\/de\/produkt\/spielkloetze-17-tlg-baumwollnetz-glueckskaefer\/\" \/>\n<meta property=\"og:locale\" content=\"de_DE\" \/>\n<meta property=\"og:type\" content=\"article\" \/>\n<meta property=\"og:title\" content=\"Spielkl\u00f6tze aus Holz 17 tlg, Baumwollnetz - Gl\u00fccksk\u00e4fer\" \/>\n<meta property=\"og:description\" content=\"Waldorf-inspirierte, handgefertigte Holzbausteine in verschiedenen leuchtenden Farben in einem Baumwollgewebe aus dem Gl\u00fccksk\u00e4fer-Sortiment Bunte Formen.\" \/>\n<meta property=\"og:url\" content=\"https:\/\/teiaeducation.ch\/de\/produkt\/spielkloetze-17-tlg-baumwollnetz-glueckskaefer\/\" \/>\n<meta property=\"og:site_name\" content=\"Sustainable Educational Products &amp; Ecological Toys\u00a0\" \/>\n<meta property=\"article:publisher\" content=\"https:\/\/www.facebook.com\/teiaeducation\/\" \/>\n<meta property=\"article:modified_time\" content=\"2025-12-11T17:44:14+00:00\" \/>\n<meta property=\"og:image\" content=\"https:\/\/teiaeducation.ch\/wp-content\/uploads\/2020\/08\/27-wooden-coloured-building-blocks-Gl\u00fccksk\u00e4fer.jpg\" \/>\n\t<meta property=\"og:image:width\" content=\"800\" \/>\n\t<meta property=\"og:image:height\" content=\"800\" \/>\n\t<meta property=\"og:image:type\" content=\"image\/jpeg\" \/>\n<script type=\"application\/ld+json\" class=\"yoast-schema-graph\">{\"@context\":\"https:\\\/\\\/schema.org\",\"@graph\":[{\"@type\":\"WebPage\",\"@id\":\"https:\\\/\\\/teiaeducation.ch\\\/de\\\/produkt\\\/spielkloetze-17-tlg-baumwollnetz-glueckskaefer\\\/\",\"url\":\"https:\\\/\\\/teiaeducation.ch\\\/de\\\/produkt\\\/spielkloetze-17-tlg-baumwollnetz-glueckskaefer\\\/\",\"name\":\"Spielkl\u00f6tze 17 tlg, Baumwollnetz \u2013 Gl\u00fccksk\u00e4fer\",\"isPartOf\":{\"@id\":\"https:\\\/\\\/teiaeducation.ch\\\/de\\\/#website\"},\"primaryImageOfPage\":{\"@id\":\"https:\\\/\\\/teiaeducation.ch\\\/de\\\/produkt\\\/spielkloetze-17-tlg-baumwollnetz-glueckskaefer\\\/#primaryimage\"},\"image\":{\"@id\":\"https:\\\/\\\/teiaeducation.ch\\\/de\\\/produkt\\\/spielkloetze-17-tlg-baumwollnetz-glueckskaefer\\\/#primaryimage\"},\"thumbnailUrl\":\"https:\\\/\\\/teiaeducation.ch\\\/wp-content\\\/uploads\\\/2020\\\/08\\\/27-wooden-coloured-building-blocks-Gl\u00fccksk\u00e4fer.jpg\",\"datePublished\":\"2020-08-07T07:20:25+00:00\",\"dateModified\":\"2025-12-11T17:44:14+00:00\",\"description\":\"Waldorf-inspirierte, handgefertigte Holzbausteine in verschiedenen leuchtenden Farben in einem Baumwollgewebe aus dem Gl\u00fccksk\u00e4fer-Sortiment Bunte Formen.\",\"breadcrumb\":{\"@id\":\"https:\\\/\\\/teiaeducation.ch\\\/de\\\/produkt\\\/spielkloetze-17-tlg-baumwollnetz-glueckskaefer\\\/#breadcrumb\"},\"inLanguage\":\"de-CH\",\"potentialAction\":[{\"@type\":\"ReadAction\",\"target\":[\"https:\\\/\\\/teiaeducation.ch\\\/de\\\/produkt\\\/spielkloetze-17-tlg-baumwollnetz-glueckskaefer\\\/\"]}]},{\"@type\":\"ImageObject\",\"inLanguage\":\"de-CH\",\"@id\":\"https:\\\/\\\/teiaeducation.ch\\\/de\\\/produkt\\\/spielkloetze-17-tlg-baumwollnetz-glueckskaefer\\\/#primaryimage\",\"url\":\"https:\\\/\\\/teiaeducation.ch\\\/wp-content\\\/uploads\\\/2020\\\/08\\\/27-wooden-coloured-building-blocks-Gl\u00fccksk\u00e4fer.jpg\",\"contentUrl\":\"https:\\\/\\\/teiaeducation.ch\\\/wp-content\\\/uploads\\\/2020\\\/08\\\/27-wooden-coloured-building-blocks-Gl\u00fccksk\u00e4fer.jpg\",\"width\":800,\"height\":800,\"caption\":\"Handgefertigte Holzkl\u00f6tze Spielkl\u00f6tze 17 tlg, Baumwollnetz - Gl\u00fccksk\u00e4fer\"},{\"@type\":\"BreadcrumbList\",\"@id\":\"https:\\\/\\\/teiaeducation.ch\\\/de\\\/produkt\\\/spielkloetze-17-tlg-baumwollnetz-glueckskaefer\\\/#breadcrumb\",\"itemListElement\":[{\"@type\":\"ListItem\",\"position\":1,\"name\":\"Home\",\"item\":\"https:\\\/\\\/teiaeducation.ch\\\/de\\\/\"},{\"@type\":\"ListItem\",\"position\":2,\"name\":\"Laden\",\"item\":\"https:\\\/\\\/teiaeducation.ch\\\/de\\\/shop\\\/\"},{\"@type\":\"ListItem\",\"position\":3,\"name\":\"Unsere Marken\",\"item\":\"https:\\\/\\\/teiaeducation.ch\\\/de\\\/produkt-kategorie\\\/unsere-marken\\\/\"},{\"@type\":\"ListItem\",\"position\":4,\"name\":\"Gl\u00fccksk\u00e4fer\",\"item\":\"https:\\\/\\\/teiaeducation.ch\\\/de\\\/produkt-kategorie\\\/unsere-marken\\\/glueckskaefer\\\/\"},{\"@type\":\"ListItem\",\"position\":5,\"name\":\"Spielkl\u00f6tze aus Holz 17 tlg, Baumwollnetz &#8211; Gl\u00fccksk\u00e4fer\"}]},{\"@type\":\"WebSite\",\"@id\":\"https:\\\/\\\/teiaeducation.ch\\\/de\\\/#website\",\"url\":\"https:\\\/\\\/teiaeducation.ch\\\/de\\\/\",\"name\":\"Sustainable Educational Products &amp; Ecological Toys\u00a0\",\"description\":\"Specialised Swiss shop selling sustainable educational toys and games, AMI certified Montessori materials, handmade ecological wooden Waldorf toys and arts &amp; crafts supplies, school supplies, children&#039;s furniture and Montessori reference and parenting books.\",\"publisher\":{\"@id\":\"https:\\\/\\\/teiaeducation.ch\\\/de\\\/#organization\"},\"alternateName\":\"Teia Education & Play\",\"potentialAction\":[{\"@type\":\"SearchAction\",\"target\":{\"@type\":\"EntryPoint\",\"urlTemplate\":\"https:\\\/\\\/teiaeducation.ch\\\/de\\\/?s={search_term_string}\"},\"query-input\":{\"@type\":\"PropertyValueSpecification\",\"valueRequired\":true,\"valueName\":\"search_term_string\"}}],\"inLanguage\":\"de-CH\"},{\"@type\":\"Organization\",\"@id\":\"https:\\\/\\\/teiaeducation.ch\\\/de\\\/#organization\",\"name\":\"Teia Education & Play\",\"url\":\"https:\\\/\\\/teiaeducation.ch\\\/de\\\/\",\"logo\":{\"@type\":\"ImageObject\",\"inLanguage\":\"de-CH\",\"@id\":\"https:\\\/\\\/teiaeducation.ch\\\/de\\\/#\\\/schema\\\/logo\\\/image\\\/\",\"url\":\"https:\\\/\\\/teiaeducation.ch\\\/wp-content\\\/uploads\\\/2020\\\/11\\\/Teia-Education-Switzerland-e1620156442216.jpg\",\"contentUrl\":\"https:\\\/\\\/teiaeducation.ch\\\/wp-content\\\/uploads\\\/2020\\\/11\\\/Teia-Education-Switzerland-e1620156442216.jpg\",\"width\":166,\"height\":145,\"caption\":\"Teia Education & Play\"},\"image\":{\"@id\":\"https:\\\/\\\/teiaeducation.ch\\\/de\\\/#\\\/schema\\\/logo\\\/image\\\/\"},\"sameAs\":[\"https:\\\/\\\/www.facebook.com\\\/teiaeducation\\\/\",\"https:\\\/\\\/x.com\\\/EducationTeia\",\"https:\\\/\\\/www.instagram.com\\\/teia.education\\\/\",\"https:\\\/\\\/www.linkedin.com\\\/company\\\/35501660\",\"https:\\\/\\\/www.pinterest.ch\\\/TeiaEducation\\\/\"]}]}<\/script>\n<meta property=\"product:price:amount\" content=\"49.90\" \/>\n<meta property=\"product:price:currency\" content=\"CHF\" \/>\n<meta property=\"og:availability\" content=\"instock\" \/>\n<meta property=\"product:availability\" content=\"instock\" \/>\n<meta property=\"product:retailer_item_id\" content=\"00000000000000000000000000000000000000000000028179\" \/>\n<meta property=\"product:condition\" content=\"new\" \/>\n<!-- \/ Yoast SEO Premium plugin. -->","yoast_head_json":{"title":"Spielkl\u00f6tze 17 tlg, Baumwollnetz \u2013 Gl\u00fccksk\u00e4fer","description":"Waldorf-inspirierte, handgefertigte Holzbausteine in verschiedenen leuchtenden Farben in einem Baumwollgewebe aus dem Gl\u00fccksk\u00e4fer-Sortiment Bunte Formen.","robots":{"index":"index","follow":"follow","max-snippet":"max-snippet:-1","max-image-preview":"max-image-preview:large","max-video-preview":"max-video-preview:-1"},"canonical":"https:\/\/teiaeducation.ch\/de\/produkt\/spielkloetze-17-tlg-baumwollnetz-glueckskaefer\/","og_locale":"de_DE","og_type":"article","og_title":"Spielkl\u00f6tze aus Holz 17 tlg, Baumwollnetz - Gl\u00fccksk\u00e4fer","og_description":"Waldorf-inspirierte, handgefertigte Holzbausteine in verschiedenen leuchtenden Farben in einem Baumwollgewebe aus dem Gl\u00fccksk\u00e4fer-Sortiment Bunte Formen.","og_url":"https:\/\/teiaeducation.ch\/de\/produkt\/spielkloetze-17-tlg-baumwollnetz-glueckskaefer\/","og_site_name":"Sustainable Educational Products &amp; Ecological Toys\u00a0","article_publisher":"https:\/\/www.facebook.com\/teiaeducation\/","article_modified_time":"2025-12-11T17:44:14+00:00","og_image":[{"width":800,"height":800,"url":"https:\/\/teiaeducation.ch\/wp-content\/uploads\/2020\/08\/27-wooden-coloured-building-blocks-Gl\u00fccksk\u00e4fer.jpg","type":"image\/jpeg"}],"schema":{"@context":"https:\/\/schema.org","@graph":[{"@type":"WebPage","@id":"https:\/\/teiaeducation.ch\/de\/produkt\/spielkloetze-17-tlg-baumwollnetz-glueckskaefer\/","url":"https:\/\/teiaeducation.ch\/de\/produkt\/spielkloetze-17-tlg-baumwollnetz-glueckskaefer\/","name":"Spielkl\u00f6tze 17 tlg, Baumwollnetz \u2013 Gl\u00fccksk\u00e4fer","isPartOf":{"@id":"https:\/\/teiaeducation.ch\/de\/#website"},"primaryImageOfPage":{"@id":"https:\/\/teiaeducation.ch\/de\/produkt\/spielkloetze-17-tlg-baumwollnetz-glueckskaefer\/#primaryimage"},"image":{"@id":"https:\/\/teiaeducation.ch\/de\/produkt\/spielkloetze-17-tlg-baumwollnetz-glueckskaefer\/#primaryimage"},"thumbnailUrl":"https:\/\/teiaeducation.ch\/wp-content\/uploads\/2020\/08\/27-wooden-coloured-building-blocks-Gl\u00fccksk\u00e4fer.jpg","datePublished":"2020-08-07T07:20:25+00:00","dateModified":"2025-12-11T17:44:14+00:00","description":"Waldorf-inspirierte, handgefertigte Holzbausteine in verschiedenen leuchtenden Farben in einem Baumwollgewebe aus dem Gl\u00fccksk\u00e4fer-Sortiment Bunte Formen.","breadcrumb":{"@id":"https:\/\/teiaeducation.ch\/de\/produkt\/spielkloetze-17-tlg-baumwollnetz-glueckskaefer\/#breadcrumb"},"inLanguage":"de-CH","potentialAction":[{"@type":"ReadAction","target":["https:\/\/teiaeducation.ch\/de\/produkt\/spielkloetze-17-tlg-baumwollnetz-glueckskaefer\/"]}]},{"@type":"ImageObject","inLanguage":"de-CH","@id":"https:\/\/teiaeducation.ch\/de\/produkt\/spielkloetze-17-tlg-baumwollnetz-glueckskaefer\/#primaryimage","url":"https:\/\/teiaeducation.ch\/wp-content\/uploads\/2020\/08\/27-wooden-coloured-building-blocks-Gl\u00fccksk\u00e4fer.jpg","contentUrl":"https:\/\/teiaeducation.ch\/wp-content\/uploads\/2020\/08\/27-wooden-coloured-building-blocks-Gl\u00fccksk\u00e4fer.jpg","width":800,"height":800,"caption":"Handgefertigte Holzkl\u00f6tze Spielkl\u00f6tze 17 tlg, Baumwollnetz - Gl\u00fccksk\u00e4fer"},{"@type":"BreadcrumbList","@id":"https:\/\/teiaeducation.ch\/de\/produkt\/spielkloetze-17-tlg-baumwollnetz-glueckskaefer\/#breadcrumb","itemListElement":[{"@type":"ListItem","position":1,"name":"Home","item":"https:\/\/teiaeducation.ch\/de\/"},{"@type":"ListItem","position":2,"name":"Laden","item":"https:\/\/teiaeducation.ch\/de\/shop\/"},{"@type":"ListItem","position":3,"name":"Unsere Marken","item":"https:\/\/teiaeducation.ch\/de\/produkt-kategorie\/unsere-marken\/"},{"@type":"ListItem","position":4,"name":"Gl\u00fccksk\u00e4fer","item":"https:\/\/teiaeducation.ch\/de\/produkt-kategorie\/unsere-marken\/glueckskaefer\/"},{"@type":"ListItem","position":5,"name":"Spielkl\u00f6tze aus Holz 17 tlg, Baumwollnetz &#8211; Gl\u00fccksk\u00e4fer"}]},{"@type":"WebSite","@id":"https:\/\/teiaeducation.ch\/de\/#website","url":"https:\/\/teiaeducation.ch\/de\/","name":"Sustainable Educational Products &amp; Ecological Toys\u00a0","description":"Specialised Swiss shop selling sustainable educational toys and games, AMI certified Montessori materials, handmade ecological wooden Waldorf toys and arts &amp; crafts supplies, school supplies, children&#039;s furniture and Montessori reference and parenting books.","publisher":{"@id":"https:\/\/teiaeducation.ch\/de\/#organization"},"alternateName":"Teia Education & Play","potentialAction":[{"@type":"SearchAction","target":{"@type":"EntryPoint","urlTemplate":"https:\/\/teiaeducation.ch\/de\/?s={search_term_string}"},"query-input":{"@type":"PropertyValueSpecification","valueRequired":true,"valueName":"search_term_string"}}],"inLanguage":"de-CH"},{"@type":"Organization","@id":"https:\/\/teiaeducation.ch\/de\/#organization","name":"Teia Education & Play","url":"https:\/\/teiaeducation.ch\/de\/","logo":{"@type":"ImageObject","inLanguage":"de-CH","@id":"https:\/\/teiaeducation.ch\/de\/#\/schema\/logo\/image\/","url":"https:\/\/teiaeducation.ch\/wp-content\/uploads\/2020\/11\/Teia-Education-Switzerland-e1620156442216.jpg","contentUrl":"https:\/\/teiaeducation.ch\/wp-content\/uploads\/2020\/11\/Teia-Education-Switzerland-e1620156442216.jpg","width":166,"height":145,"caption":"Teia Education & Play"},"image":{"@id":"https:\/\/teiaeducation.ch\/de\/#\/schema\/logo\/image\/"},"sameAs":["https:\/\/www.facebook.com\/teiaeducation\/","https:\/\/x.com\/EducationTeia","https:\/\/www.instagram.com\/teia.education\/","https:\/\/www.linkedin.com\/company\/35501660","https:\/\/www.pinterest.ch\/TeiaEducation\/"]}]},"product_price_amount":"49.90","product_price_currency":"CHF","og_availability":"instock","product_availability":"instock","product_retailer_item_id":"00000000000000000000000000000000000000000000028179","product_condition":"new"},"_links":{"self":[{"href":"https:\/\/teiaeducation.ch\/de\/wp-json\/wp\/v2\/product\/59092","targetHints":{"allow":["GET"]}}],"collection":[{"href":"https:\/\/teiaeducation.ch\/de\/wp-json\/wp\/v2\/product"}],"about":[{"href":"https:\/\/teiaeducation.ch\/de\/wp-json\/wp\/v2\/types\/product"}],"replies":[{"embeddable":true,"href":"https:\/\/teiaeducation.ch\/de\/wp-json\/wp\/v2\/comments?post=59092"}],"wp:featuredmedia":[{"embeddable":true,"href":"https:\/\/teiaeducation.ch\/de\/wp-json\/wp\/v2\/media\/59093"}],"wp:attachment":[{"href":"https:\/\/teiaeducation.ch\/de\/wp-json\/wp\/v2\/media?parent=59092"}],"wp:term":[{"taxonomy":"product_brand","embeddable":true,"href":"https:\/\/teiaeducation.ch\/de\/wp-json\/wp\/v2\/product_brand?post=59092"},{"taxonomy":"product_cat","embeddable":true,"href":"https:\/\/teiaeducation.ch\/de\/wp-json\/wp\/v2\/product_cat?post=59092"},{"taxonomy":"product_tag","embeddable":true,"href":"https:\/\/teiaeducation.ch\/de\/wp-json\/wp\/v2\/product_tag?post=59092"}],"curies":[{"name":"wp","href":"https:\/\/api.w.org\/{rel}","templated":true}]}}