{"id":59097,"date":"2020-08-06T14:19:47","date_gmt":"2020-08-06T12:19:47","guid":{"rendered":"https:\/\/teiaeducation.ch\/product\/bauwagen-mit-spielkloetzen-glueckskaefer\/"},"modified":"2025-06-17T17:18:45","modified_gmt":"2025-06-17T15:18:45","slug":"bauwagen-mit-spielkloetzen-glueckskaefer","status":"publish","type":"product","link":"https:\/\/teiaeducation.ch\/de\/produkt\/bauwagen-mit-spielkloetzen-glueckskaefer\/","title":{"rendered":"Bauwagen mit Spielkl\u00f6tzen aus Holz &#8211; Gl\u00fccksk\u00e4fer"},"content":{"rendered":"<p>Bauwagen mit Spielkl\u00f6tzen \/ Handgefertigte Holzkl\u00f6tze &#8211; Gl\u00fccksk\u00e4fer<\/p>\n<p>Ein Set aus einem von der Waldorfp\u00e4dagogik inspirierten Nachziehwagen und handgefertigten Holzbausteinen aus der Reihe &#8220;Bunte Formen&#8221; von Gl\u00fccksk\u00e4fer. Das Bauwagen mit Spielkl\u00f6tzen ist 29 x 22 x 13 cm gro\u00df und enth\u00e4lt 17 grobe Holzkl\u00f6tze in verschiedenen bunten Farben und Formen.<\/p>\n<p>Der Nachziehwagen hat die Form eines <a href=\"https:\/\/teiaeducation.ch\/product-category\/play\/toy-cars-vehicles\/\">Autos<\/a> mit roten R\u00e4dern und kann zum Spielen oder Aufbewahren der Bausteine verwendet werden. Er kann auch in einen Transporter f\u00fcr die geliebten Spielsachen und Gegenst\u00e4nde des Kindes umgewandelt werden. Das Set aus Holzkl\u00f6tzen enth\u00e4lt verschiedene einfache und vielseitige Formen, die sowohl f\u00fcr ein anspruchsvolles Puzzle als auch f\u00fcr kreatives Bauen und Stapeln verwendet werden k\u00f6nnen.<\/p>\n<p>Die bunten Gl\u00fccksk\u00e4fer-Formen sind ideal f\u00fcr das Spielen zu Hause, im Kindergarten, in der Waldorfschule oder in der Steiner-Schule. Sie sind nach der Waldorf-Philosophie hergestellt, die daf\u00fcr bekannt ist, dass sie Kinder ermutigt, das kreative Spiel unabh\u00e4ngig und ohne Einschr\u00e4nkungen zu entdecken. Das Holzkutschen-Set wird von Hand mit ungiftigen Farben auf Wasserbasis gef\u00e4rbt und nicht lackiert, damit die urspr\u00fcnglichen Eigenschaften des Holzes und die Maserung erhalten bleiben. Die Oberfl\u00e4che der FSC-zertifizierten europ\u00e4ischen Holz ist leicht rau, wodurch sie vollst\u00e4ndig stapelbar und weniger rutschig sind.<\/p>\n<p>Das Gl\u00fccksk\u00e4fer Bauwagen mit Spielkl\u00f6tzen ist f\u00fcr Kinder ab 12 Monaten geeignet.<\/p>\n<p>Inhalt:<\/p>\n<p>17 Holzkl\u00f6tze und Formen<br \/>\n1 h\u00f6lzerner Nachziehwagen (29 x 22 x 13 cm)<\/p>\n","protected":false},"excerpt":{"rendered":"<p>Artikelnummer: 523315<\/p>\n<p>Der Gl\u00fccksk\u00e4fer Bauwagen mit Spielkl\u00f6tzen aus Holz hat die Form eines Autos mit roten R\u00e4dern und kann als Transporter oder zum Spielen und Aufbewahren der Kl\u00f6tze verwendet werden.<\/p>\n","protected":false},"featured_media":59098,"comment_status":"open","ping_status":"closed","template":"","meta":[],"product_brand":[],"product_cat":[21444,21445,21704,21479,21486,21484,21631,23075,21443,21692,21678,21564,21483],"product_tag":[27808,27809,27807,23459,27912,23463,23461,23464,22143,21712,27911,23460],"class_list":{"0":"post-59097","1":"product","2":"type-product","3":"status-publish","4":"has-post-thumbnail","6":"product_cat-1-3-jahre-kleinkind","7":"product_cat-3-6-jahre-vorschule","8":"product_cat-baukloetze-aus-holz","9":"product_cat-lernmaterialien-spielzeug-montessori-waldorf-steiner-froebel","10":"product_cat-geschenk-guide-1-3-jahre-kleinkind","11":"product_cat-geschenk-guides","12":"product_cat-glueckskaefer","13":"product_cat-handgefertigtes-holzspielzeug","14":"product_cat-nach-alter","15":"product_cat-schiebespielzeug","16":"product_cat-kinder-spielzeug","17":"product_cat-unsere-marken","18":"product_cat-waldorf-steiner-paedagogik","19":"product_tag-bunte-holzklotze","20":"product_tag-bunte-waldorf-stapelklotze","21":"product_tag-buntes-stapelspielzeug-aus-holz","22":"product_tag-gluckskafer-de","23":"product_tag-gluckskafer-bauwagen-mit-spielklotzen-und-holzbausteine-set","24":"product_tag-gluckskafer-bunte-formen","25":"product_tag-gluckskafer-bunte-formen-aus-holz","26":"product_tag-gluckskafer-schweiz-de","27":"product_tag-handgefertigtes-holzspielzeug-de","28":"product_tag-hergestellt-in-deutschland","29":"product_tag-waldorf-bunte-holzklotze-im-tablett","30":"product_tag-waldorfspielzeug-aus-holz-de","32":"first","33":"outofstock","34":"taxable","35":"shipping-taxable","36":"purchasable","37":"product-type-simple"},"yoast_head":"<!-- This site is optimized with the Yoast SEO plugin v27.1.1 - https:\/\/yoast.com\/product\/yoast-seo-wordpress\/ -->\n<title>Bauwagen mit Spielkl\u00f6tzen \u2013 Gl\u00fccksk\u00e4fer<\/title>\n<meta name=\"description\" content=\"Eine Bauwagen zum Nachziehen und 17 handgefertigte Holzbausteine in leuchtenden Farben aus dem Sortiment der bunten Formen von Gl\u00fccksk\u00e4fer.\" \/>\n<meta name=\"robots\" content=\"index, follow, max-snippet:-1, max-image-preview:large, max-video-preview:-1\" \/>\n<link rel=\"canonical\" href=\"https:\/\/teiaeducation.ch\/de\/produkt\/bauwagen-mit-spielkloetzen-glueckskaefer\/\" \/>\n<meta property=\"og:locale\" content=\"de_DE\" \/>\n<meta property=\"og:type\" content=\"article\" \/>\n<meta property=\"og:title\" content=\"Bauwagen mit Spielkl\u00f6tzen \u2013 Gl\u00fccksk\u00e4fer\" \/>\n<meta property=\"og:description\" content=\"Eine Bauwagen zum Nachziehen und 17 handgefertigte Holzbausteine in leuchtenden Farben aus dem Sortiment der bunten Formen von Gl\u00fccksk\u00e4fer.\" \/>\n<meta property=\"og:url\" content=\"https:\/\/teiaeducation.ch\/de\/produkt\/bauwagen-mit-spielkloetzen-glueckskaefer\/\" \/>\n<meta property=\"og:site_name\" content=\"Sustainable Educational Products &amp; Ecological Toys\u00a0\" \/>\n<meta property=\"article:publisher\" content=\"https:\/\/www.facebook.com\/teiaeducation\/\" \/>\n<meta property=\"article:modified_time\" content=\"2025-06-17T15:18:45+00:00\" \/>\n<meta property=\"og:image\" content=\"https:\/\/teiaeducation.ch\/wp-content\/uploads\/2020\/08\/Pull-along-carriage-and-blocks-set-Gl\u00fccksk\u00e4fer.jpg\" \/>\n\t<meta property=\"og:image:width\" content=\"800\" \/>\n\t<meta property=\"og:image:height\" content=\"800\" \/>\n\t<meta property=\"og:image:type\" content=\"image\/jpeg\" \/>\n<script type=\"application\/ld+json\" class=\"yoast-schema-graph\">{\"@context\":\"https:\/\/schema.org\",\"@graph\":[{\"@type\":\"WebPage\",\"@id\":\"https:\/\/teiaeducation.ch\/de\/produkt\/bauwagen-mit-spielkloetzen-glueckskaefer\/\",\"url\":\"https:\/\/teiaeducation.ch\/de\/produkt\/bauwagen-mit-spielkloetzen-glueckskaefer\/\",\"name\":\"Bauwagen mit Spielkl\u00f6tzen \u2013 Gl\u00fccksk\u00e4fer\",\"isPartOf\":{\"@id\":\"https:\/\/teiaeducation.ch\/de\/#website\"},\"primaryImageOfPage\":{\"@id\":\"https:\/\/teiaeducation.ch\/de\/produkt\/bauwagen-mit-spielkloetzen-glueckskaefer\/#primaryimage\"},\"image\":{\"@id\":\"https:\/\/teiaeducation.ch\/de\/produkt\/bauwagen-mit-spielkloetzen-glueckskaefer\/#primaryimage\"},\"thumbnailUrl\":\"https:\/\/teiaeducation.ch\/wp-content\/uploads\/2020\/08\/Pull-along-carriage-and-blocks-set-Gl\u00fccksk\u00e4fer.jpg\",\"datePublished\":\"2020-08-06T12:19:47+00:00\",\"dateModified\":\"2025-06-17T15:18:45+00:00\",\"description\":\"Eine Bauwagen zum Nachziehen und 17 handgefertigte Holzbausteine in leuchtenden Farben aus dem Sortiment der bunten Formen von Gl\u00fccksk\u00e4fer.\",\"breadcrumb\":{\"@id\":\"https:\/\/teiaeducation.ch\/de\/produkt\/bauwagen-mit-spielkloetzen-glueckskaefer\/#breadcrumb\"},\"inLanguage\":\"de-CH\",\"potentialAction\":[{\"@type\":\"ReadAction\",\"target\":[\"https:\/\/teiaeducation.ch\/de\/produkt\/bauwagen-mit-spielkloetzen-glueckskaefer\/\"]}]},{\"@type\":\"ImageObject\",\"inLanguage\":\"de-CH\",\"@id\":\"https:\/\/teiaeducation.ch\/de\/produkt\/bauwagen-mit-spielkloetzen-glueckskaefer\/#primaryimage\",\"url\":\"https:\/\/teiaeducation.ch\/wp-content\/uploads\/2020\/08\/Pull-along-carriage-and-blocks-set-Gl\u00fccksk\u00e4fer.jpg\",\"contentUrl\":\"https:\/\/teiaeducation.ch\/wp-content\/uploads\/2020\/08\/Pull-along-carriage-and-blocks-set-Gl\u00fccksk\u00e4fer.jpg\",\"width\":800,\"height\":800,\"caption\":\"Handgefertigte Holzkl\u00f6tze Bauwagen mit Spielkl\u00f6tzen und Kl\u00f6tzchenset - Gl\u00fccksk\u00e4fer\"},{\"@type\":\"BreadcrumbList\",\"@id\":\"https:\/\/teiaeducation.ch\/de\/produkt\/bauwagen-mit-spielkloetzen-glueckskaefer\/#breadcrumb\",\"itemListElement\":[{\"@type\":\"ListItem\",\"position\":1,\"name\":\"Home\",\"item\":\"https:\/\/teiaeducation.ch\/de\/\"},{\"@type\":\"ListItem\",\"position\":2,\"name\":\"Laden\",\"item\":\"https:\/\/teiaeducation.ch\/de\/shop\/\"},{\"@type\":\"ListItem\",\"position\":3,\"name\":\"Unsere Marken\",\"item\":\"https:\/\/teiaeducation.ch\/de\/produkt-kategorie\/unsere-marken\/\"},{\"@type\":\"ListItem\",\"position\":4,\"name\":\"Gl\u00fccksk\u00e4fer\",\"item\":\"https:\/\/teiaeducation.ch\/de\/produkt-kategorie\/unsere-marken\/glueckskaefer\/\"},{\"@type\":\"ListItem\",\"position\":5,\"name\":\"Bauwagen mit Spielkl\u00f6tzen aus Holz &#8211; Gl\u00fccksk\u00e4fer\"}]},{\"@type\":\"WebSite\",\"@id\":\"https:\/\/teiaeducation.ch\/de\/#website\",\"url\":\"https:\/\/teiaeducation.ch\/de\/\",\"name\":\"Sustainable Educational Products &amp; Ecological Toys\u00a0\",\"description\":\"Specialised Swiss shop selling sustainable educational toys and games, AMI certified Montessori materials, handmade ecological wooden Waldorf toys and arts &amp; crafts supplies, school supplies, children&#039;s furniture and Montessori reference and parenting books.\",\"publisher\":{\"@id\":\"https:\/\/teiaeducation.ch\/de\/#organization\"},\"alternateName\":\"Teia Education & Play\",\"potentialAction\":[{\"@type\":\"SearchAction\",\"target\":{\"@type\":\"EntryPoint\",\"urlTemplate\":\"https:\/\/teiaeducation.ch\/de\/?s={search_term_string}\"},\"query-input\":{\"@type\":\"PropertyValueSpecification\",\"valueRequired\":true,\"valueName\":\"search_term_string\"}}],\"inLanguage\":\"de-CH\"},{\"@type\":\"Organization\",\"@id\":\"https:\/\/teiaeducation.ch\/de\/#organization\",\"name\":\"Teia Education & Play\",\"url\":\"https:\/\/teiaeducation.ch\/de\/\",\"logo\":{\"@type\":\"ImageObject\",\"inLanguage\":\"de-CH\",\"@id\":\"https:\/\/teiaeducation.ch\/de\/#\/schema\/logo\/image\/\",\"url\":\"https:\/\/teiaeducation.ch\/wp-content\/uploads\/2020\/11\/Teia-Education-Switzerland-e1620156442216.jpg\",\"contentUrl\":\"https:\/\/teiaeducation.ch\/wp-content\/uploads\/2020\/11\/Teia-Education-Switzerland-e1620156442216.jpg\",\"width\":166,\"height\":145,\"caption\":\"Teia Education & Play\"},\"image\":{\"@id\":\"https:\/\/teiaeducation.ch\/de\/#\/schema\/logo\/image\/\"},\"sameAs\":[\"https:\/\/www.facebook.com\/teiaeducation\/\",\"https:\/\/x.com\/EducationTeia\",\"https:\/\/www.instagram.com\/teia.education\/\",\"https:\/\/www.linkedin.com\/company\/35501660\",\"https:\/\/www.pinterest.ch\/TeiaEducation\/\"]}]}<\/script>\n<!-- \/ Yoast SEO plugin. -->","yoast_head_json":{"title":"Bauwagen mit Spielkl\u00f6tzen \u2013 Gl\u00fccksk\u00e4fer","description":"Eine Bauwagen zum Nachziehen und 17 handgefertigte Holzbausteine in leuchtenden Farben aus dem Sortiment der bunten Formen von Gl\u00fccksk\u00e4fer.","robots":{"index":"index","follow":"follow","max-snippet":"max-snippet:-1","max-image-preview":"max-image-preview:large","max-video-preview":"max-video-preview:-1"},"canonical":"https:\/\/teiaeducation.ch\/de\/produkt\/bauwagen-mit-spielkloetzen-glueckskaefer\/","og_locale":"de_DE","og_type":"article","og_title":"Bauwagen mit Spielkl\u00f6tzen \u2013 Gl\u00fccksk\u00e4fer","og_description":"Eine Bauwagen zum Nachziehen und 17 handgefertigte Holzbausteine in leuchtenden Farben aus dem Sortiment der bunten Formen von Gl\u00fccksk\u00e4fer.","og_url":"https:\/\/teiaeducation.ch\/de\/produkt\/bauwagen-mit-spielkloetzen-glueckskaefer\/","og_site_name":"Sustainable Educational Products &amp; Ecological Toys\u00a0","article_publisher":"https:\/\/www.facebook.com\/teiaeducation\/","article_modified_time":"2025-06-17T15:18:45+00:00","og_image":[{"width":800,"height":800,"url":"https:\/\/teiaeducation.ch\/wp-content\/uploads\/2020\/08\/Pull-along-carriage-and-blocks-set-Gl\u00fccksk\u00e4fer.jpg","type":"image\/jpeg"}],"schema":{"@context":"https:\/\/schema.org","@graph":[{"@type":"WebPage","@id":"https:\/\/teiaeducation.ch\/de\/produkt\/bauwagen-mit-spielkloetzen-glueckskaefer\/","url":"https:\/\/teiaeducation.ch\/de\/produkt\/bauwagen-mit-spielkloetzen-glueckskaefer\/","name":"Bauwagen mit Spielkl\u00f6tzen \u2013 Gl\u00fccksk\u00e4fer","isPartOf":{"@id":"https:\/\/teiaeducation.ch\/de\/#website"},"primaryImageOfPage":{"@id":"https:\/\/teiaeducation.ch\/de\/produkt\/bauwagen-mit-spielkloetzen-glueckskaefer\/#primaryimage"},"image":{"@id":"https:\/\/teiaeducation.ch\/de\/produkt\/bauwagen-mit-spielkloetzen-glueckskaefer\/#primaryimage"},"thumbnailUrl":"https:\/\/teiaeducation.ch\/wp-content\/uploads\/2020\/08\/Pull-along-carriage-and-blocks-set-Gl\u00fccksk\u00e4fer.jpg","datePublished":"2020-08-06T12:19:47+00:00","dateModified":"2025-06-17T15:18:45+00:00","description":"Eine Bauwagen zum Nachziehen und 17 handgefertigte Holzbausteine in leuchtenden Farben aus dem Sortiment der bunten Formen von Gl\u00fccksk\u00e4fer.","breadcrumb":{"@id":"https:\/\/teiaeducation.ch\/de\/produkt\/bauwagen-mit-spielkloetzen-glueckskaefer\/#breadcrumb"},"inLanguage":"de-CH","potentialAction":[{"@type":"ReadAction","target":["https:\/\/teiaeducation.ch\/de\/produkt\/bauwagen-mit-spielkloetzen-glueckskaefer\/"]}]},{"@type":"ImageObject","inLanguage":"de-CH","@id":"https:\/\/teiaeducation.ch\/de\/produkt\/bauwagen-mit-spielkloetzen-glueckskaefer\/#primaryimage","url":"https:\/\/teiaeducation.ch\/wp-content\/uploads\/2020\/08\/Pull-along-carriage-and-blocks-set-Gl\u00fccksk\u00e4fer.jpg","contentUrl":"https:\/\/teiaeducation.ch\/wp-content\/uploads\/2020\/08\/Pull-along-carriage-and-blocks-set-Gl\u00fccksk\u00e4fer.jpg","width":800,"height":800,"caption":"Handgefertigte Holzkl\u00f6tze Bauwagen mit Spielkl\u00f6tzen und Kl\u00f6tzchenset - Gl\u00fccksk\u00e4fer"},{"@type":"BreadcrumbList","@id":"https:\/\/teiaeducation.ch\/de\/produkt\/bauwagen-mit-spielkloetzen-glueckskaefer\/#breadcrumb","itemListElement":[{"@type":"ListItem","position":1,"name":"Home","item":"https:\/\/teiaeducation.ch\/de\/"},{"@type":"ListItem","position":2,"name":"Laden","item":"https:\/\/teiaeducation.ch\/de\/shop\/"},{"@type":"ListItem","position":3,"name":"Unsere Marken","item":"https:\/\/teiaeducation.ch\/de\/produkt-kategorie\/unsere-marken\/"},{"@type":"ListItem","position":4,"name":"Gl\u00fccksk\u00e4fer","item":"https:\/\/teiaeducation.ch\/de\/produkt-kategorie\/unsere-marken\/glueckskaefer\/"},{"@type":"ListItem","position":5,"name":"Bauwagen mit Spielkl\u00f6tzen aus Holz &#8211; Gl\u00fccksk\u00e4fer"}]},{"@type":"WebSite","@id":"https:\/\/teiaeducation.ch\/de\/#website","url":"https:\/\/teiaeducation.ch\/de\/","name":"Sustainable Educational Products &amp; Ecological Toys\u00a0","description":"Specialised Swiss shop selling sustainable educational toys and games, AMI certified Montessori materials, handmade ecological wooden Waldorf toys and arts &amp; crafts supplies, school supplies, children&#039;s furniture and Montessori reference and parenting books.","publisher":{"@id":"https:\/\/teiaeducation.ch\/de\/#organization"},"alternateName":"Teia Education & Play","potentialAction":[{"@type":"SearchAction","target":{"@type":"EntryPoint","urlTemplate":"https:\/\/teiaeducation.ch\/de\/?s={search_term_string}"},"query-input":{"@type":"PropertyValueSpecification","valueRequired":true,"valueName":"search_term_string"}}],"inLanguage":"de-CH"},{"@type":"Organization","@id":"https:\/\/teiaeducation.ch\/de\/#organization","name":"Teia Education & Play","url":"https:\/\/teiaeducation.ch\/de\/","logo":{"@type":"ImageObject","inLanguage":"de-CH","@id":"https:\/\/teiaeducation.ch\/de\/#\/schema\/logo\/image\/","url":"https:\/\/teiaeducation.ch\/wp-content\/uploads\/2020\/11\/Teia-Education-Switzerland-e1620156442216.jpg","contentUrl":"https:\/\/teiaeducation.ch\/wp-content\/uploads\/2020\/11\/Teia-Education-Switzerland-e1620156442216.jpg","width":166,"height":145,"caption":"Teia Education & Play"},"image":{"@id":"https:\/\/teiaeducation.ch\/de\/#\/schema\/logo\/image\/"},"sameAs":["https:\/\/www.facebook.com\/teiaeducation\/","https:\/\/x.com\/EducationTeia","https:\/\/www.instagram.com\/teia.education\/","https:\/\/www.linkedin.com\/company\/35501660","https:\/\/www.pinterest.ch\/TeiaEducation\/"]}]}},"_links":{"self":[{"href":"https:\/\/teiaeducation.ch\/de\/wp-json\/wp\/v2\/product\/59097","targetHints":{"allow":["GET"]}}],"collection":[{"href":"https:\/\/teiaeducation.ch\/de\/wp-json\/wp\/v2\/product"}],"about":[{"href":"https:\/\/teiaeducation.ch\/de\/wp-json\/wp\/v2\/types\/product"}],"replies":[{"embeddable":true,"href":"https:\/\/teiaeducation.ch\/de\/wp-json\/wp\/v2\/comments?post=59097"}],"wp:featuredmedia":[{"embeddable":true,"href":"https:\/\/teiaeducation.ch\/de\/wp-json\/wp\/v2\/media\/59098"}],"wp:attachment":[{"href":"https:\/\/teiaeducation.ch\/de\/wp-json\/wp\/v2\/media?parent=59097"}],"wp:term":[{"taxonomy":"product_brand","embeddable":true,"href":"https:\/\/teiaeducation.ch\/de\/wp-json\/wp\/v2\/product_brand?post=59097"},{"taxonomy":"product_cat","embeddable":true,"href":"https:\/\/teiaeducation.ch\/de\/wp-json\/wp\/v2\/product_cat?post=59097"},{"taxonomy":"product_tag","embeddable":true,"href":"https:\/\/teiaeducation.ch\/de\/wp-json\/wp\/v2\/product_tag?post=59097"}],"curies":[{"name":"wp","href":"https:\/\/api.w.org\/{rel}","templated":true}]}}