{"id":59107,"date":"2020-06-22T13:23:32","date_gmt":"2020-06-22T11:23:32","guid":{"rendered":"https:\/\/teiaeducation.ch\/product\/sonnenaugang-blau-glueckskaefer\/"},"modified":"2025-12-11T18:33:48","modified_gmt":"2025-12-11T17:33:48","slug":"sonnenaugang-blau-glueckskaefer","status":"publish","type":"product","link":"https:\/\/teiaeducation.ch\/de\/produkt\/sonnenaugang-blau-glueckskaefer\/","title":{"rendered":"Sonnenaugang blau aus Holz &#8211; Gl\u00fccksk\u00e4fer"},"content":{"rendered":"<p>Sonnenaugang blau \/ Handgefertigtes Stapelspielzeug aus Holz &#8211; Gl\u00fccksk\u00e4fer<\/p>\n<p>Der 10-teilige, handgefertigte Sonnenaugang blau aus Holz ist ein vielseitiges Stapelspielzeug aus der Reihe &#8220;Bunte Formen&#8221; von Gl\u00fccksk\u00e4fer. Der Sonnenuntergangsstapler ist 25 x 7 x 13 cm gro\u00df und enth\u00e4lt 10 Holzteile in verschiedenen Formen und Farben.<\/p>\n<p>Das h\u00f6lzerne Sonnenuntergangsset bietet eine unendliche Vielfalt an offenen Spielm\u00f6glichkeiten und eine reichhaltige Sinneserfahrung f\u00fcr das Kind. Die Teile k\u00f6nnen gestapelt oder ineinander geschachtelt werden, die einzelnen Teile k\u00f6nnen als Tunnel f\u00fcr Zuggarnituren oder <a href=\"https:\/\/teiaeducation.ch\/product\/ringroad-waytoplay\/\">Stra\u00dfenteile<\/a> verwendet werden, es k\u00f6nnen H\u00e4user f\u00fcr Figuren, kleine Puppen, Elfen, Feen, Zwerge, Kobolde oder andere Fabelwesen entstehen. Die St\u00fccke k\u00f6nnen als H\u00fchnerst\u00e4lle oder St\u00e4lle f\u00fcr Spielzeugbauernh\u00f6fe dienen und eignen sich f\u00fcr den Einsatz auf einem Waldorf-Natur- oder Jahreszeitentisch oder als Erg\u00e4nzung zu Krippenfiguren f\u00fcr eine Weihnachtsszene.<\/p>\n<p>Die bunten Gl\u00fccksk\u00e4fer-Formen sind ideal f\u00fcr das Spielen zu Hause, im Kindergarten, in der Waldorfschule oder in der Steiner-Schule. Sie sind nach der Waldorf-Philosophie hergestellt, die daf\u00fcr bekannt ist, dass sie Kinder ermutigt, das kreative Spiel unabh\u00e4ngig und ohne Einschr\u00e4nkungen zu entdecken. Die farbenfrohen Holzst\u00fccke werden von Hand mit ungiftigen Farben auf Wasserbasis gef\u00e4rbt und nicht lackiert, damit die urspr\u00fcnglichen Eigenschaften des Holzes und die Maserung zum Vorschein kommen. Die Oberfl\u00e4che der FSC-zertifizierten europ\u00e4ischen Holz ist leicht rau, wodurch sie vollst\u00e4ndig stapelbar und weniger rutschig sind.<\/p>\n<p>Der Gl\u00fccksk\u00e4fer Holz Sonnenaugang blau ist f\u00fcr Kinder ab 2 Jahren geeignet.<\/p>\n<p>Inhalt:<\/p>\n<p>1 10-teilige Sonnenaugang blau (25 x 7 x 13 cm)<\/p>\n","protected":false},"excerpt":{"rendered":"<p>Artikelnummer: 523324<\/p>\n<p>Der 10-teilige, handgefertigte Sonnenaugang blau aus Holz ist ein vielseitiges Stapelspielzeug aus der Reihe &#8220;Bunte Formen&#8221; von Gl\u00fccksk\u00e4fer.<\/p>\n","protected":false},"featured_media":59108,"comment_status":"open","ping_status":"closed","template":"","meta":[],"product_brand":[],"product_cat":[21444,21445,21479,21465,21690,21670,21487,21484,21631,23075,21443,22349,22362,21494,21495,23636,21678,21497,21699,21564,21483,22919],"product_tag":[23459,23463,22143,21712,27917,21714],"class_list":{"0":"post-59107","1":"product","2":"type-product","3":"status-publish","4":"has-post-thumbnail","6":"product_cat-1-3-jahre-kleinkind","7":"product_cat-3-6-jahre-vorschule","8":"product_cat-lernmaterialien-spielzeug-montessori-waldorf-steiner-froebel","9":"product_cat-feier-festlichkeiten","10":"product_cat-spiele-mit-offenem-ende","11":"product_cat-fruehjahrskollektion","12":"product_cat-geschenk-guide-3-6-jahre-vorschule","13":"product_cat-geschenk-guides","14":"product_cat-glueckskaefer","15":"product_cat-handgefertigtes-holzspielzeug","16":"product_cat-nach-alter","17":"product_cat-natur-saisonale-tische-de","18":"product_cat-saisonale-kollektionen","19":"product_cat-schulbedarf-fuer-zuhause","20":"product_cat-schulbedarf-fuer-zuhause-3-6-jahre","21":"product_cat-sommer-kollektion","22":"product_cat-kinder-spielzeug","23":"product_cat-spielen-und-lernen-fuer-babys-kleinkinder","24":"product_cat-stapelspielzeug","25":"product_cat-unsere-marken","26":"product_cat-waldorf-steiner-paedagogik","27":"product_cat-waldorfspielzeug","28":"product_tag-gluckskafer-de","29":"product_tag-gluckskafer-bunte-formen","30":"product_tag-handgefertigtes-holzspielzeug-de","31":"product_tag-hergestellt-in-deutschland","32":"product_tag-sonnenaugang-blau-gluckskafer","33":"product_tag-waldorfspielzeug-aus-holz","35":"first","36":"instock","37":"taxable","38":"shipping-taxable","39":"purchasable","40":"product-type-simple"},"yoast_head":"<!-- This site is optimized with the Yoast SEO plugin v27.1.1 - https:\/\/yoast.com\/product\/yoast-seo-wordpress\/ -->\n<title>Sonnenaugang blau \u2013 Gl\u00fccksk\u00e4fer<\/title>\n<meta name=\"description\" content=\"Der 10-teilige handgefertigte Sonnenaugang blau ist ein vielseitiges Stapelspielzeug aus dem Gl\u00fccksk\u00e4fer-Sortiment Bunte Formen.\" \/>\n<meta name=\"robots\" content=\"index, follow, max-snippet:-1, max-image-preview:large, max-video-preview:-1\" \/>\n<link rel=\"canonical\" href=\"https:\/\/teiaeducation.ch\/de\/produkt\/sonnenaugang-blau-glueckskaefer\/\" \/>\n<meta property=\"og:locale\" content=\"de_DE\" \/>\n<meta property=\"og:type\" content=\"article\" \/>\n<meta property=\"og:title\" content=\"Sonnenaugang blau \u2013 Gl\u00fccksk\u00e4fer\" \/>\n<meta property=\"og:description\" content=\"Der 10-teilige handgefertigte Sonnenaugang blau ist ein vielseitiges Stapelspielzeug aus dem Gl\u00fccksk\u00e4fer-Sortiment Bunte Formen.\" \/>\n<meta property=\"og:url\" content=\"https:\/\/teiaeducation.ch\/de\/produkt\/sonnenaugang-blau-glueckskaefer\/\" \/>\n<meta property=\"og:site_name\" content=\"Sustainable Educational Products &amp; Ecological Toys\u00a0\" \/>\n<meta property=\"article:publisher\" content=\"https:\/\/www.facebook.com\/teiaeducation\/\" \/>\n<meta property=\"article:modified_time\" content=\"2025-12-11T17:33:48+00:00\" \/>\n<meta property=\"og:image\" content=\"https:\/\/teiaeducation.ch\/wp-content\/uploads\/2020\/06\/Wooden-sunset-stacker-blue-Gl\u00fccksk\u00e4fer.png\" \/>\n\t<meta property=\"og:image:width\" content=\"736\" \/>\n\t<meta property=\"og:image:height\" content=\"667\" \/>\n\t<meta property=\"og:image:type\" content=\"image\/png\" \/>\n<script type=\"application\/ld+json\" class=\"yoast-schema-graph\">{\"@context\":\"https:\/\/schema.org\",\"@graph\":[{\"@type\":\"WebPage\",\"@id\":\"https:\/\/teiaeducation.ch\/de\/produkt\/sonnenaugang-blau-glueckskaefer\/\",\"url\":\"https:\/\/teiaeducation.ch\/de\/produkt\/sonnenaugang-blau-glueckskaefer\/\",\"name\":\"Sonnenaugang blau \u2013 Gl\u00fccksk\u00e4fer\",\"isPartOf\":{\"@id\":\"https:\/\/teiaeducation.ch\/de\/#website\"},\"primaryImageOfPage\":{\"@id\":\"https:\/\/teiaeducation.ch\/de\/produkt\/sonnenaugang-blau-glueckskaefer\/#primaryimage\"},\"image\":{\"@id\":\"https:\/\/teiaeducation.ch\/de\/produkt\/sonnenaugang-blau-glueckskaefer\/#primaryimage\"},\"thumbnailUrl\":\"https:\/\/teiaeducation.ch\/wp-content\/uploads\/2020\/06\/Wooden-sunset-stacker-blue-Gl\u00fccksk\u00e4fer.png\",\"datePublished\":\"2020-06-22T11:23:32+00:00\",\"dateModified\":\"2025-12-11T17:33:48+00:00\",\"description\":\"Der 10-teilige handgefertigte Sonnenaugang blau ist ein vielseitiges Stapelspielzeug aus dem Gl\u00fccksk\u00e4fer-Sortiment Bunte Formen.\",\"breadcrumb\":{\"@id\":\"https:\/\/teiaeducation.ch\/de\/produkt\/sonnenaugang-blau-glueckskaefer\/#breadcrumb\"},\"inLanguage\":\"de-CH\",\"potentialAction\":[{\"@type\":\"ReadAction\",\"target\":[\"https:\/\/teiaeducation.ch\/de\/produkt\/sonnenaugang-blau-glueckskaefer\/\"]}]},{\"@type\":\"ImageObject\",\"inLanguage\":\"de-CH\",\"@id\":\"https:\/\/teiaeducation.ch\/de\/produkt\/sonnenaugang-blau-glueckskaefer\/#primaryimage\",\"url\":\"https:\/\/teiaeducation.ch\/wp-content\/uploads\/2020\/06\/Wooden-sunset-stacker-blue-Gl\u00fccksk\u00e4fer.png\",\"contentUrl\":\"https:\/\/teiaeducation.ch\/wp-content\/uploads\/2020\/06\/Wooden-sunset-stacker-blue-Gl\u00fccksk\u00e4fer.png\",\"width\":736,\"height\":667,\"caption\":\"Handgefertigtes Holzstapelspielzeug aus Holz Sonnenaugang blau - Gl\u00fccksk\u00e4fer\"},{\"@type\":\"BreadcrumbList\",\"@id\":\"https:\/\/teiaeducation.ch\/de\/produkt\/sonnenaugang-blau-glueckskaefer\/#breadcrumb\",\"itemListElement\":[{\"@type\":\"ListItem\",\"position\":1,\"name\":\"Home\",\"item\":\"https:\/\/teiaeducation.ch\/de\/\"},{\"@type\":\"ListItem\",\"position\":2,\"name\":\"Laden\",\"item\":\"https:\/\/teiaeducation.ch\/de\/shop\/\"},{\"@type\":\"ListItem\",\"position\":3,\"name\":\"Unsere Marken\",\"item\":\"https:\/\/teiaeducation.ch\/de\/produkt-kategorie\/unsere-marken\/\"},{\"@type\":\"ListItem\",\"position\":4,\"name\":\"Gl\u00fccksk\u00e4fer\",\"item\":\"https:\/\/teiaeducation.ch\/de\/produkt-kategorie\/unsere-marken\/glueckskaefer\/\"},{\"@type\":\"ListItem\",\"position\":5,\"name\":\"Sonnenaugang blau aus Holz &#8211; Gl\u00fccksk\u00e4fer\"}]},{\"@type\":\"WebSite\",\"@id\":\"https:\/\/teiaeducation.ch\/de\/#website\",\"url\":\"https:\/\/teiaeducation.ch\/de\/\",\"name\":\"Sustainable Educational Products &amp; Ecological Toys\u00a0\",\"description\":\"Specialised Swiss shop selling sustainable educational toys and games, AMI certified Montessori materials, handmade ecological wooden Waldorf toys and arts &amp; crafts supplies, school supplies, children&#039;s furniture and Montessori reference and parenting books.\",\"publisher\":{\"@id\":\"https:\/\/teiaeducation.ch\/de\/#organization\"},\"alternateName\":\"Teia Education & Play\",\"potentialAction\":[{\"@type\":\"SearchAction\",\"target\":{\"@type\":\"EntryPoint\",\"urlTemplate\":\"https:\/\/teiaeducation.ch\/de\/?s={search_term_string}\"},\"query-input\":{\"@type\":\"PropertyValueSpecification\",\"valueRequired\":true,\"valueName\":\"search_term_string\"}}],\"inLanguage\":\"de-CH\"},{\"@type\":\"Organization\",\"@id\":\"https:\/\/teiaeducation.ch\/de\/#organization\",\"name\":\"Teia Education & Play\",\"url\":\"https:\/\/teiaeducation.ch\/de\/\",\"logo\":{\"@type\":\"ImageObject\",\"inLanguage\":\"de-CH\",\"@id\":\"https:\/\/teiaeducation.ch\/de\/#\/schema\/logo\/image\/\",\"url\":\"https:\/\/teiaeducation.ch\/wp-content\/uploads\/2020\/11\/Teia-Education-Switzerland-e1620156442216.jpg\",\"contentUrl\":\"https:\/\/teiaeducation.ch\/wp-content\/uploads\/2020\/11\/Teia-Education-Switzerland-e1620156442216.jpg\",\"width\":166,\"height\":145,\"caption\":\"Teia Education & Play\"},\"image\":{\"@id\":\"https:\/\/teiaeducation.ch\/de\/#\/schema\/logo\/image\/\"},\"sameAs\":[\"https:\/\/www.facebook.com\/teiaeducation\/\",\"https:\/\/x.com\/EducationTeia\",\"https:\/\/www.instagram.com\/teia.education\/\",\"https:\/\/www.linkedin.com\/company\/35501660\",\"https:\/\/www.pinterest.ch\/TeiaEducation\/\"]}]}<\/script>\n<!-- \/ Yoast SEO plugin. -->","yoast_head_json":{"title":"Sonnenaugang blau \u2013 Gl\u00fccksk\u00e4fer","description":"Der 10-teilige handgefertigte Sonnenaugang blau ist ein vielseitiges Stapelspielzeug aus dem Gl\u00fccksk\u00e4fer-Sortiment Bunte Formen.","robots":{"index":"index","follow":"follow","max-snippet":"max-snippet:-1","max-image-preview":"max-image-preview:large","max-video-preview":"max-video-preview:-1"},"canonical":"https:\/\/teiaeducation.ch\/de\/produkt\/sonnenaugang-blau-glueckskaefer\/","og_locale":"de_DE","og_type":"article","og_title":"Sonnenaugang blau \u2013 Gl\u00fccksk\u00e4fer","og_description":"Der 10-teilige handgefertigte Sonnenaugang blau ist ein vielseitiges Stapelspielzeug aus dem Gl\u00fccksk\u00e4fer-Sortiment Bunte Formen.","og_url":"https:\/\/teiaeducation.ch\/de\/produkt\/sonnenaugang-blau-glueckskaefer\/","og_site_name":"Sustainable Educational Products &amp; Ecological Toys\u00a0","article_publisher":"https:\/\/www.facebook.com\/teiaeducation\/","article_modified_time":"2025-12-11T17:33:48+00:00","og_image":[{"width":736,"height":667,"url":"https:\/\/teiaeducation.ch\/wp-content\/uploads\/2020\/06\/Wooden-sunset-stacker-blue-Gl\u00fccksk\u00e4fer.png","type":"image\/png"}],"schema":{"@context":"https:\/\/schema.org","@graph":[{"@type":"WebPage","@id":"https:\/\/teiaeducation.ch\/de\/produkt\/sonnenaugang-blau-glueckskaefer\/","url":"https:\/\/teiaeducation.ch\/de\/produkt\/sonnenaugang-blau-glueckskaefer\/","name":"Sonnenaugang blau \u2013 Gl\u00fccksk\u00e4fer","isPartOf":{"@id":"https:\/\/teiaeducation.ch\/de\/#website"},"primaryImageOfPage":{"@id":"https:\/\/teiaeducation.ch\/de\/produkt\/sonnenaugang-blau-glueckskaefer\/#primaryimage"},"image":{"@id":"https:\/\/teiaeducation.ch\/de\/produkt\/sonnenaugang-blau-glueckskaefer\/#primaryimage"},"thumbnailUrl":"https:\/\/teiaeducation.ch\/wp-content\/uploads\/2020\/06\/Wooden-sunset-stacker-blue-Gl\u00fccksk\u00e4fer.png","datePublished":"2020-06-22T11:23:32+00:00","dateModified":"2025-12-11T17:33:48+00:00","description":"Der 10-teilige handgefertigte Sonnenaugang blau ist ein vielseitiges Stapelspielzeug aus dem Gl\u00fccksk\u00e4fer-Sortiment Bunte Formen.","breadcrumb":{"@id":"https:\/\/teiaeducation.ch\/de\/produkt\/sonnenaugang-blau-glueckskaefer\/#breadcrumb"},"inLanguage":"de-CH","potentialAction":[{"@type":"ReadAction","target":["https:\/\/teiaeducation.ch\/de\/produkt\/sonnenaugang-blau-glueckskaefer\/"]}]},{"@type":"ImageObject","inLanguage":"de-CH","@id":"https:\/\/teiaeducation.ch\/de\/produkt\/sonnenaugang-blau-glueckskaefer\/#primaryimage","url":"https:\/\/teiaeducation.ch\/wp-content\/uploads\/2020\/06\/Wooden-sunset-stacker-blue-Gl\u00fccksk\u00e4fer.png","contentUrl":"https:\/\/teiaeducation.ch\/wp-content\/uploads\/2020\/06\/Wooden-sunset-stacker-blue-Gl\u00fccksk\u00e4fer.png","width":736,"height":667,"caption":"Handgefertigtes Holzstapelspielzeug aus Holz Sonnenaugang blau - Gl\u00fccksk\u00e4fer"},{"@type":"BreadcrumbList","@id":"https:\/\/teiaeducation.ch\/de\/produkt\/sonnenaugang-blau-glueckskaefer\/#breadcrumb","itemListElement":[{"@type":"ListItem","position":1,"name":"Home","item":"https:\/\/teiaeducation.ch\/de\/"},{"@type":"ListItem","position":2,"name":"Laden","item":"https:\/\/teiaeducation.ch\/de\/shop\/"},{"@type":"ListItem","position":3,"name":"Unsere Marken","item":"https:\/\/teiaeducation.ch\/de\/produkt-kategorie\/unsere-marken\/"},{"@type":"ListItem","position":4,"name":"Gl\u00fccksk\u00e4fer","item":"https:\/\/teiaeducation.ch\/de\/produkt-kategorie\/unsere-marken\/glueckskaefer\/"},{"@type":"ListItem","position":5,"name":"Sonnenaugang blau aus Holz &#8211; Gl\u00fccksk\u00e4fer"}]},{"@type":"WebSite","@id":"https:\/\/teiaeducation.ch\/de\/#website","url":"https:\/\/teiaeducation.ch\/de\/","name":"Sustainable Educational Products &amp; Ecological Toys\u00a0","description":"Specialised Swiss shop selling sustainable educational toys and games, AMI certified Montessori materials, handmade ecological wooden Waldorf toys and arts &amp; crafts supplies, school supplies, children&#039;s furniture and Montessori reference and parenting books.","publisher":{"@id":"https:\/\/teiaeducation.ch\/de\/#organization"},"alternateName":"Teia Education & Play","potentialAction":[{"@type":"SearchAction","target":{"@type":"EntryPoint","urlTemplate":"https:\/\/teiaeducation.ch\/de\/?s={search_term_string}"},"query-input":{"@type":"PropertyValueSpecification","valueRequired":true,"valueName":"search_term_string"}}],"inLanguage":"de-CH"},{"@type":"Organization","@id":"https:\/\/teiaeducation.ch\/de\/#organization","name":"Teia Education & Play","url":"https:\/\/teiaeducation.ch\/de\/","logo":{"@type":"ImageObject","inLanguage":"de-CH","@id":"https:\/\/teiaeducation.ch\/de\/#\/schema\/logo\/image\/","url":"https:\/\/teiaeducation.ch\/wp-content\/uploads\/2020\/11\/Teia-Education-Switzerland-e1620156442216.jpg","contentUrl":"https:\/\/teiaeducation.ch\/wp-content\/uploads\/2020\/11\/Teia-Education-Switzerland-e1620156442216.jpg","width":166,"height":145,"caption":"Teia Education & Play"},"image":{"@id":"https:\/\/teiaeducation.ch\/de\/#\/schema\/logo\/image\/"},"sameAs":["https:\/\/www.facebook.com\/teiaeducation\/","https:\/\/x.com\/EducationTeia","https:\/\/www.instagram.com\/teia.education\/","https:\/\/www.linkedin.com\/company\/35501660","https:\/\/www.pinterest.ch\/TeiaEducation\/"]}]}},"_links":{"self":[{"href":"https:\/\/teiaeducation.ch\/de\/wp-json\/wp\/v2\/product\/59107","targetHints":{"allow":["GET"]}}],"collection":[{"href":"https:\/\/teiaeducation.ch\/de\/wp-json\/wp\/v2\/product"}],"about":[{"href":"https:\/\/teiaeducation.ch\/de\/wp-json\/wp\/v2\/types\/product"}],"replies":[{"embeddable":true,"href":"https:\/\/teiaeducation.ch\/de\/wp-json\/wp\/v2\/comments?post=59107"}],"wp:featuredmedia":[{"embeddable":true,"href":"https:\/\/teiaeducation.ch\/de\/wp-json\/wp\/v2\/media\/59108"}],"wp:attachment":[{"href":"https:\/\/teiaeducation.ch\/de\/wp-json\/wp\/v2\/media?parent=59107"}],"wp:term":[{"taxonomy":"product_brand","embeddable":true,"href":"https:\/\/teiaeducation.ch\/de\/wp-json\/wp\/v2\/product_brand?post=59107"},{"taxonomy":"product_cat","embeddable":true,"href":"https:\/\/teiaeducation.ch\/de\/wp-json\/wp\/v2\/product_cat?post=59107"},{"taxonomy":"product_tag","embeddable":true,"href":"https:\/\/teiaeducation.ch\/de\/wp-json\/wp\/v2\/product_tag?post=59107"}],"curies":[{"name":"wp","href":"https:\/\/api.w.org\/{rel}","templated":true}]}}