{"id":59110,"date":"2020-05-17T22:55:22","date_gmt":"2020-05-17T20:55:22","guid":{"rendered":"https:\/\/teiaeducation.ch\/product\/geburtstagszug-glueckskaefer\/"},"modified":"2026-01-17T11:37:08","modified_gmt":"2026-01-17T10:37:08","slug":"geburtstagszug-glueckskaefer","status":"publish","type":"product","link":"https:\/\/teiaeducation.ch\/de\/produkt\/geburtstagszug-glueckskaefer\/","title":{"rendered":"Geburtstagszug aus Holz &#8211; Gl\u00fccksk\u00e4fer"},"content":{"rendered":"<p>Geburtstagszug \/ Handgefertigter Holzspielzeugzug &#8211; Gl\u00fccksk\u00e4fer<\/p>\n<p>Ein von der <a href=\"\/?product_cat=waldorf\">Waldorf<\/a>p\u00e4dagogik inspirierter, handgefertigter Geburtstagszug aus Holz mit Schiene aus der Reihe &#8220;Bunte Formen&#8221; von Gl\u00fccksk\u00e4fer. Der h\u00f6lzerne Geburtstagszug ist 49 cm lang und enth\u00e4lt Metalleins\u00e4tze f\u00fcr dekorative Zahlen, Kerzenhalterdekoration oder Geburtstagskerzen mit einem Durchmesser von 1,4 cm. Der Geburtstagszug eignet sich f\u00fcr den Gebrauch ab Babys erstem Geburtstag bis zum sechsten Geburtstag und zeigt eine Zuglok und 5 Waggons in verschiedenen bunten Farben.<\/p>\n<p>Der Geburtstagszug ist eine Abwandlung des traditionellen Waldorf-Feierrings und der Spiralen, die das Feiern von Geburtstagen, Familienfesten, religi\u00f6sen Festen wie Weihnachten und anderen kulturellen Ereignissen symbolisieren. Die Waldorfp\u00e4dagogik ist achtsam, legt gro\u00dfen Wert auf die kreative Entwicklung, l\u00e4sst das Kind in aller Ruhe sein und hilft ihm zu verstehen, wie es mit der Natur flie\u00dfen kann.<\/p>\n<p>Die Lokomotive wird f\u00fcr den ersten Geburtstag verwendet, und jeder Wagen wird mit einer Kerze oder einem neuen personalisierten Ornament erg\u00e4nzt, bis das Kind sechs Jahre alt ist. Der Geburtstagszug kann aber auch noch lange nach dem sechsten Geburtstag genossen und an regelm\u00e4\u00dfigen Tagen gehegt und gespielt werden. Jeder Wagen und die Lokomotive k\u00f6nnen von der Schiene genommen und separat bespielt werden. Der Geburtstagszug ist auch eine sch\u00f6ne Erg\u00e4nzung f\u00fcr ein Spielzeugregal, ein Spielzimmer oder f\u00fcr ein Schaufenster.<\/p>\n<p>Die bunten Gl\u00fccksk\u00e4fer-Formen sind ideal f\u00fcr das Spielen zu Hause, im Kindergarten, in der Waldorfschule oder in der Steiner-Schule. Sie sind nach der Waldorf-Philosophie hergestellt, die daf\u00fcr bekannt ist, dass sie Kinder ermutigt, das kreative Spiel unabh\u00e4ngig und ohne Einschr\u00e4nkungen zu entdecken. Der h\u00f6lzerne Geburtstagszug wird von Hand mit ungiftigen Farben auf Wasserbasis gef\u00e4rbt und nicht lackiert, damit die urspr\u00fcnglichen Eigenschaften des Holzes und die Maserung zum Vorschein kommen. Die Oberfl\u00e4che der FSC-zertifizierten europ\u00e4ischen Holz ist leicht rau, wodurch sie vollst\u00e4ndig stapelbar und weniger rutschig sind.<\/p>\n<p>Der Gl\u00fccksk\u00e4fer Geburtstagszug ist f\u00fcr Kinder ab 12 Monaten geeignet.<\/p>\n<p>Inhalt:<\/p>\n<p>1 Geburtstagszug aus Holz (49 x 6 x 8 cm)<\/p>\n","protected":false},"excerpt":{"rendered":"<p>Artikelnummer: 522830<\/p>\n<p>Der von der Waldorfp\u00e4dagogik inspirierte, handgefertigte Geburtstagszug aus Holz mit Schiene aus der Serie &#8220;Bunte Formen&#8221; von Gl\u00fccksk\u00e4fer ist f\u00fcr Babys ersten Geburtstag bis zum sechsten Geburtstag geeignet.<\/p>\n","protected":false},"featured_media":59111,"comment_status":"open","ping_status":"closed","template":"","meta":[],"product_brand":[],"product_cat":[21444,21445,21479,21683,21465,21690,22347,21485,21486,21487,21488,21484,21631,23075,21443,21678,21564,21483,22919],"product_tag":[27913,23459,23463,23461,27918,23464,22143,21712,27919,23460],"class_list":{"0":"post-59110","1":"product","2":"type-product","3":"status-publish","4":"has-post-thumbnail","6":"product_cat-1-3-jahre-kleinkind","7":"product_cat-3-6-jahre-vorschule","8":"product_cat-lernmaterialien-spielzeug-montessori-waldorf-steiner-froebel","9":"product_cat-boote-zuege","10":"product_cat-feier-festlichkeiten","11":"product_cat-spiele-mit-offenem-ende","12":"product_cat-geburtstage","13":"product_cat-geschenk-guide-0-12-monate-baby","14":"product_cat-geschenk-guide-1-3-jahre-kleinkind","15":"product_cat-geschenk-guide-3-6-jahre-vorschule","16":"product_cat-geschenk-guide-6-12-jahre-grundschule","17":"product_cat-geschenk-guides","18":"product_cat-glueckskaefer","19":"product_cat-handgefertigtes-holzspielzeug","20":"product_cat-nach-alter","21":"product_cat-kinder-spielzeug","22":"product_cat-unsere-marken","23":"product_cat-waldorf-steiner-paedagogik","24":"product_cat-waldorfspielzeug","25":"product_tag-bunte-waldorf-stapler","26":"product_tag-gluckskafer-de","27":"product_tag-gluckskafer-bunte-formen","28":"product_tag-gluckskafer-bunte-formen-aus-holz","29":"product_tag-gluckskafer-geburtstagszug-aus-holz","30":"product_tag-gluckskafer-schweiz-de","31":"product_tag-handgefertigtes-holzspielzeug-de","32":"product_tag-hergestellt-in-deutschland","33":"product_tag-waldorf-geburtstag-feier-ring","34":"product_tag-waldorfspielzeug-aus-holz-de","36":"first","37":"outofstock","38":"taxable","39":"shipping-taxable","40":"purchasable","41":"product-type-simple"},"yoast_head":"<!-- This site is optimized with the Yoast SEO plugin v27.1.1 - https:\/\/yoast.com\/product\/yoast-seo-wordpress\/ -->\n<title>Geburtstagszug \u2013 Gl\u00fccksk\u00e4fer<\/title>\n<meta name=\"description\" content=\"Der handgefertigte Geburtstagszug aus Holz von Gl\u00fccksk\u00e4fer eignet sich f\u00fcr den Gebrauch ab Babys erstem Geburtstag bis zum sechsten Geburtstag.\" \/>\n<meta name=\"robots\" content=\"index, follow, max-snippet:-1, max-image-preview:large, max-video-preview:-1\" \/>\n<link rel=\"canonical\" href=\"https:\/\/teiaeducation.ch\/de\/produkt\/geburtstagszug-glueckskaefer\/\" \/>\n<meta property=\"og:locale\" content=\"de_DE\" \/>\n<meta property=\"og:type\" content=\"article\" \/>\n<meta property=\"og:title\" content=\"Geburtstagszug \u2013 Gl\u00fccksk\u00e4fer\" \/>\n<meta property=\"og:description\" content=\"Der handgefertigte Geburtstagszug aus Holz von Gl\u00fccksk\u00e4fer eignet sich f\u00fcr den Gebrauch ab Babys erstem Geburtstag bis zum sechsten Geburtstag.\" \/>\n<meta property=\"og:url\" content=\"https:\/\/teiaeducation.ch\/de\/produkt\/geburtstagszug-glueckskaefer\/\" \/>\n<meta property=\"og:site_name\" content=\"Sustainable Educational Products &amp; Ecological Toys\u00a0\" \/>\n<meta property=\"article:publisher\" content=\"https:\/\/www.facebook.com\/teiaeducation\/\" \/>\n<meta property=\"article:modified_time\" content=\"2026-01-17T10:37:08+00:00\" \/>\n<meta property=\"og:image\" content=\"https:\/\/teiaeducation.ch\/wp-content\/uploads\/2020\/05\/Wooden-birthday-train-Gl\u00fccksk\u00e4fer.jpg\" \/>\n\t<meta property=\"og:image:width\" content=\"1154\" \/>\n\t<meta property=\"og:image:height\" content=\"942\" \/>\n\t<meta property=\"og:image:type\" content=\"image\/jpeg\" \/>\n<script type=\"application\/ld+json\" class=\"yoast-schema-graph\">{\"@context\":\"https:\/\/schema.org\",\"@graph\":[{\"@type\":\"WebPage\",\"@id\":\"https:\/\/teiaeducation.ch\/de\/produkt\/geburtstagszug-glueckskaefer\/\",\"url\":\"https:\/\/teiaeducation.ch\/de\/produkt\/geburtstagszug-glueckskaefer\/\",\"name\":\"Geburtstagszug \u2013 Gl\u00fccksk\u00e4fer\",\"isPartOf\":{\"@id\":\"https:\/\/teiaeducation.ch\/de\/#website\"},\"primaryImageOfPage\":{\"@id\":\"https:\/\/teiaeducation.ch\/de\/produkt\/geburtstagszug-glueckskaefer\/#primaryimage\"},\"image\":{\"@id\":\"https:\/\/teiaeducation.ch\/de\/produkt\/geburtstagszug-glueckskaefer\/#primaryimage\"},\"thumbnailUrl\":\"https:\/\/teiaeducation.ch\/wp-content\/uploads\/2020\/05\/Wooden-birthday-train-Gl\u00fccksk\u00e4fer.jpg\",\"datePublished\":\"2020-05-17T20:55:22+00:00\",\"dateModified\":\"2026-01-17T10:37:08+00:00\",\"description\":\"Der handgefertigte Geburtstagszug aus Holz von Gl\u00fccksk\u00e4fer eignet sich f\u00fcr den Gebrauch ab Babys erstem Geburtstag bis zum sechsten Geburtstag.\",\"breadcrumb\":{\"@id\":\"https:\/\/teiaeducation.ch\/de\/produkt\/geburtstagszug-glueckskaefer\/#breadcrumb\"},\"inLanguage\":\"de-CH\",\"potentialAction\":[{\"@type\":\"ReadAction\",\"target\":[\"https:\/\/teiaeducation.ch\/de\/produkt\/geburtstagszug-glueckskaefer\/\"]}]},{\"@type\":\"ImageObject\",\"inLanguage\":\"de-CH\",\"@id\":\"https:\/\/teiaeducation.ch\/de\/produkt\/geburtstagszug-glueckskaefer\/#primaryimage\",\"url\":\"https:\/\/teiaeducation.ch\/wp-content\/uploads\/2020\/05\/Wooden-birthday-train-Gl\u00fccksk\u00e4fer.jpg\",\"contentUrl\":\"https:\/\/teiaeducation.ch\/wp-content\/uploads\/2020\/05\/Wooden-birthday-train-Gl\u00fccksk\u00e4fer.jpg\",\"width\":1154,\"height\":942,\"caption\":\"Handgefertigter Geburtstagszug aus Holz - Gl\u00fccksk\u00e4fer\"},{\"@type\":\"BreadcrumbList\",\"@id\":\"https:\/\/teiaeducation.ch\/de\/produkt\/geburtstagszug-glueckskaefer\/#breadcrumb\",\"itemListElement\":[{\"@type\":\"ListItem\",\"position\":1,\"name\":\"Home\",\"item\":\"https:\/\/teiaeducation.ch\/de\/\"},{\"@type\":\"ListItem\",\"position\":2,\"name\":\"Laden\",\"item\":\"https:\/\/teiaeducation.ch\/de\/shop\/\"},{\"@type\":\"ListItem\",\"position\":3,\"name\":\"Unsere Marken\",\"item\":\"https:\/\/teiaeducation.ch\/de\/produkt-kategorie\/unsere-marken\/\"},{\"@type\":\"ListItem\",\"position\":4,\"name\":\"Gl\u00fccksk\u00e4fer\",\"item\":\"https:\/\/teiaeducation.ch\/de\/produkt-kategorie\/unsere-marken\/glueckskaefer\/\"},{\"@type\":\"ListItem\",\"position\":5,\"name\":\"Geburtstagszug aus Holz &#8211; Gl\u00fccksk\u00e4fer\"}]},{\"@type\":\"WebSite\",\"@id\":\"https:\/\/teiaeducation.ch\/de\/#website\",\"url\":\"https:\/\/teiaeducation.ch\/de\/\",\"name\":\"Sustainable Educational Products &amp; Ecological Toys\u00a0\",\"description\":\"Specialised Swiss shop selling sustainable educational toys and games, AMI certified Montessori materials, handmade ecological wooden Waldorf toys and arts &amp; crafts supplies, school supplies, children&#039;s furniture and Montessori reference and parenting books.\",\"publisher\":{\"@id\":\"https:\/\/teiaeducation.ch\/de\/#organization\"},\"alternateName\":\"Teia Education & Play\",\"potentialAction\":[{\"@type\":\"SearchAction\",\"target\":{\"@type\":\"EntryPoint\",\"urlTemplate\":\"https:\/\/teiaeducation.ch\/de\/?s={search_term_string}\"},\"query-input\":{\"@type\":\"PropertyValueSpecification\",\"valueRequired\":true,\"valueName\":\"search_term_string\"}}],\"inLanguage\":\"de-CH\"},{\"@type\":\"Organization\",\"@id\":\"https:\/\/teiaeducation.ch\/de\/#organization\",\"name\":\"Teia Education & Play\",\"url\":\"https:\/\/teiaeducation.ch\/de\/\",\"logo\":{\"@type\":\"ImageObject\",\"inLanguage\":\"de-CH\",\"@id\":\"https:\/\/teiaeducation.ch\/de\/#\/schema\/logo\/image\/\",\"url\":\"https:\/\/teiaeducation.ch\/wp-content\/uploads\/2020\/11\/Teia-Education-Switzerland-e1620156442216.jpg\",\"contentUrl\":\"https:\/\/teiaeducation.ch\/wp-content\/uploads\/2020\/11\/Teia-Education-Switzerland-e1620156442216.jpg\",\"width\":166,\"height\":145,\"caption\":\"Teia Education & Play\"},\"image\":{\"@id\":\"https:\/\/teiaeducation.ch\/de\/#\/schema\/logo\/image\/\"},\"sameAs\":[\"https:\/\/www.facebook.com\/teiaeducation\/\",\"https:\/\/x.com\/EducationTeia\",\"https:\/\/www.instagram.com\/teia.education\/\",\"https:\/\/www.linkedin.com\/company\/35501660\",\"https:\/\/www.pinterest.ch\/TeiaEducation\/\"]}]}<\/script>\n<!-- \/ Yoast SEO plugin. -->","yoast_head_json":{"title":"Geburtstagszug \u2013 Gl\u00fccksk\u00e4fer","description":"Der handgefertigte Geburtstagszug aus Holz von Gl\u00fccksk\u00e4fer eignet sich f\u00fcr den Gebrauch ab Babys erstem Geburtstag bis zum sechsten Geburtstag.","robots":{"index":"index","follow":"follow","max-snippet":"max-snippet:-1","max-image-preview":"max-image-preview:large","max-video-preview":"max-video-preview:-1"},"canonical":"https:\/\/teiaeducation.ch\/de\/produkt\/geburtstagszug-glueckskaefer\/","og_locale":"de_DE","og_type":"article","og_title":"Geburtstagszug \u2013 Gl\u00fccksk\u00e4fer","og_description":"Der handgefertigte Geburtstagszug aus Holz von Gl\u00fccksk\u00e4fer eignet sich f\u00fcr den Gebrauch ab Babys erstem Geburtstag bis zum sechsten Geburtstag.","og_url":"https:\/\/teiaeducation.ch\/de\/produkt\/geburtstagszug-glueckskaefer\/","og_site_name":"Sustainable Educational Products &amp; Ecological Toys\u00a0","article_publisher":"https:\/\/www.facebook.com\/teiaeducation\/","article_modified_time":"2026-01-17T10:37:08+00:00","og_image":[{"width":1154,"height":942,"url":"https:\/\/teiaeducation.ch\/wp-content\/uploads\/2020\/05\/Wooden-birthday-train-Gl\u00fccksk\u00e4fer.jpg","type":"image\/jpeg"}],"schema":{"@context":"https:\/\/schema.org","@graph":[{"@type":"WebPage","@id":"https:\/\/teiaeducation.ch\/de\/produkt\/geburtstagszug-glueckskaefer\/","url":"https:\/\/teiaeducation.ch\/de\/produkt\/geburtstagszug-glueckskaefer\/","name":"Geburtstagszug \u2013 Gl\u00fccksk\u00e4fer","isPartOf":{"@id":"https:\/\/teiaeducation.ch\/de\/#website"},"primaryImageOfPage":{"@id":"https:\/\/teiaeducation.ch\/de\/produkt\/geburtstagszug-glueckskaefer\/#primaryimage"},"image":{"@id":"https:\/\/teiaeducation.ch\/de\/produkt\/geburtstagszug-glueckskaefer\/#primaryimage"},"thumbnailUrl":"https:\/\/teiaeducation.ch\/wp-content\/uploads\/2020\/05\/Wooden-birthday-train-Gl\u00fccksk\u00e4fer.jpg","datePublished":"2020-05-17T20:55:22+00:00","dateModified":"2026-01-17T10:37:08+00:00","description":"Der handgefertigte Geburtstagszug aus Holz von Gl\u00fccksk\u00e4fer eignet sich f\u00fcr den Gebrauch ab Babys erstem Geburtstag bis zum sechsten Geburtstag.","breadcrumb":{"@id":"https:\/\/teiaeducation.ch\/de\/produkt\/geburtstagszug-glueckskaefer\/#breadcrumb"},"inLanguage":"de-CH","potentialAction":[{"@type":"ReadAction","target":["https:\/\/teiaeducation.ch\/de\/produkt\/geburtstagszug-glueckskaefer\/"]}]},{"@type":"ImageObject","inLanguage":"de-CH","@id":"https:\/\/teiaeducation.ch\/de\/produkt\/geburtstagszug-glueckskaefer\/#primaryimage","url":"https:\/\/teiaeducation.ch\/wp-content\/uploads\/2020\/05\/Wooden-birthday-train-Gl\u00fccksk\u00e4fer.jpg","contentUrl":"https:\/\/teiaeducation.ch\/wp-content\/uploads\/2020\/05\/Wooden-birthday-train-Gl\u00fccksk\u00e4fer.jpg","width":1154,"height":942,"caption":"Handgefertigter Geburtstagszug aus Holz - Gl\u00fccksk\u00e4fer"},{"@type":"BreadcrumbList","@id":"https:\/\/teiaeducation.ch\/de\/produkt\/geburtstagszug-glueckskaefer\/#breadcrumb","itemListElement":[{"@type":"ListItem","position":1,"name":"Home","item":"https:\/\/teiaeducation.ch\/de\/"},{"@type":"ListItem","position":2,"name":"Laden","item":"https:\/\/teiaeducation.ch\/de\/shop\/"},{"@type":"ListItem","position":3,"name":"Unsere Marken","item":"https:\/\/teiaeducation.ch\/de\/produkt-kategorie\/unsere-marken\/"},{"@type":"ListItem","position":4,"name":"Gl\u00fccksk\u00e4fer","item":"https:\/\/teiaeducation.ch\/de\/produkt-kategorie\/unsere-marken\/glueckskaefer\/"},{"@type":"ListItem","position":5,"name":"Geburtstagszug aus Holz &#8211; Gl\u00fccksk\u00e4fer"}]},{"@type":"WebSite","@id":"https:\/\/teiaeducation.ch\/de\/#website","url":"https:\/\/teiaeducation.ch\/de\/","name":"Sustainable Educational Products &amp; Ecological Toys\u00a0","description":"Specialised Swiss shop selling sustainable educational toys and games, AMI certified Montessori materials, handmade ecological wooden Waldorf toys and arts &amp; crafts supplies, school supplies, children&#039;s furniture and Montessori reference and parenting books.","publisher":{"@id":"https:\/\/teiaeducation.ch\/de\/#organization"},"alternateName":"Teia Education & Play","potentialAction":[{"@type":"SearchAction","target":{"@type":"EntryPoint","urlTemplate":"https:\/\/teiaeducation.ch\/de\/?s={search_term_string}"},"query-input":{"@type":"PropertyValueSpecification","valueRequired":true,"valueName":"search_term_string"}}],"inLanguage":"de-CH"},{"@type":"Organization","@id":"https:\/\/teiaeducation.ch\/de\/#organization","name":"Teia Education & Play","url":"https:\/\/teiaeducation.ch\/de\/","logo":{"@type":"ImageObject","inLanguage":"de-CH","@id":"https:\/\/teiaeducation.ch\/de\/#\/schema\/logo\/image\/","url":"https:\/\/teiaeducation.ch\/wp-content\/uploads\/2020\/11\/Teia-Education-Switzerland-e1620156442216.jpg","contentUrl":"https:\/\/teiaeducation.ch\/wp-content\/uploads\/2020\/11\/Teia-Education-Switzerland-e1620156442216.jpg","width":166,"height":145,"caption":"Teia Education & Play"},"image":{"@id":"https:\/\/teiaeducation.ch\/de\/#\/schema\/logo\/image\/"},"sameAs":["https:\/\/www.facebook.com\/teiaeducation\/","https:\/\/x.com\/EducationTeia","https:\/\/www.instagram.com\/teia.education\/","https:\/\/www.linkedin.com\/company\/35501660","https:\/\/www.pinterest.ch\/TeiaEducation\/"]}]}},"_links":{"self":[{"href":"https:\/\/teiaeducation.ch\/de\/wp-json\/wp\/v2\/product\/59110","targetHints":{"allow":["GET"]}}],"collection":[{"href":"https:\/\/teiaeducation.ch\/de\/wp-json\/wp\/v2\/product"}],"about":[{"href":"https:\/\/teiaeducation.ch\/de\/wp-json\/wp\/v2\/types\/product"}],"replies":[{"embeddable":true,"href":"https:\/\/teiaeducation.ch\/de\/wp-json\/wp\/v2\/comments?post=59110"}],"wp:featuredmedia":[{"embeddable":true,"href":"https:\/\/teiaeducation.ch\/de\/wp-json\/wp\/v2\/media\/59111"}],"wp:attachment":[{"href":"https:\/\/teiaeducation.ch\/de\/wp-json\/wp\/v2\/media?parent=59110"}],"wp:term":[{"taxonomy":"product_brand","embeddable":true,"href":"https:\/\/teiaeducation.ch\/de\/wp-json\/wp\/v2\/product_brand?post=59110"},{"taxonomy":"product_cat","embeddable":true,"href":"https:\/\/teiaeducation.ch\/de\/wp-json\/wp\/v2\/product_cat?post=59110"},{"taxonomy":"product_tag","embeddable":true,"href":"https:\/\/teiaeducation.ch\/de\/wp-json\/wp\/v2\/product_tag?post=59110"}],"curies":[{"name":"wp","href":"https:\/\/api.w.org\/{rel}","templated":true}]}}