{"id":59112,"date":"2020-05-17T21:10:57","date_gmt":"2020-05-17T19:10:57","guid":{"rendered":"https:\/\/teiaeducation.ch\/product\/steckturm-voegel-glueckskaefer\/"},"modified":"2024-10-28T09:58:14","modified_gmt":"2024-10-28T08:58:14","slug":"steckturm-voegel-glueckskaefer","status":"publish","type":"product","link":"https:\/\/teiaeducation.ch\/de\/produkt\/steckturm-voegel-glueckskaefer\/","title":{"rendered":"Steckturm V\u00f6gel aus Holz &#8211; Gl\u00fccksk\u00e4fer"},"content":{"rendered":"<p>Steckturm V\u00f6gel \/ Handgefertigtes Stapelspielzeug aus Holz &#8211; Gl\u00fccksk\u00e4fer<\/p>\n<p>Der von der Waldorfp\u00e4dagogik inspirierte 7-teilige handgefertigte Steckturm V\u00f6gel ist ein vielseitiges Stapelspielzeug aus der Reihe &#8220;Bunte Formen&#8221; von Gl\u00fccksk\u00e4fer. Der Steckturm V\u00f6gel misst 16 x 7 x 21 cm und enth\u00e4lt 1 blauen Holzsockel und 6 V\u00f6gel in frischen Farbt\u00f6nen der Farben Gr\u00fcn, Gelb und Orange in den Gr\u00f6\u00dfen von gro\u00df bis klein.<\/p>\n<p>Der h\u00f6lzerne Steckturm V\u00f6gel bietet eine unendliche Vielfalt an offenen Spielm\u00f6glichkeiten und eine sinnesreiche Erfahrung f\u00fcr das Kind. Die Teile k\u00f6nnen auf dem blauen Sockel gestapelt werden, um das urspr\u00fcngliche Design als Puzzle zu vervollst\u00e4ndigen, oder die V\u00f6gel k\u00f6nnen sortiert und nach Farbe oder Gr\u00f6\u00dfe angeordnet werden. Der Steckturm Vogel eignet sich auch f\u00fcr den Einsatz auf einem <a href=\"https:\/\/teiaeducation.ch\/product-category\/education-method\/waldorf\/\">Waldorf<\/a>-Natur- oder Jahreszeitentisch.<\/p>\n<p>Die bunten Gl\u00fccksk\u00e4fer-Formen sind ideal f\u00fcr das Spielen zu Hause, im Kindergarten, in der Waldorfschule oder in der Steiner-Schule. Sie sind nach der Waldorf-Philosophie hergestellt, die daf\u00fcr bekannt ist, dass sie Kinder ermutigt, das kreative Spiel unabh\u00e4ngig und ohne Einschr\u00e4nkungen zu entdecken. Der farbenfrohe Holzvogelstapler wird von Hand mit ungiftigen Farben auf Wasserbasis gef\u00e4rbt und nicht lackiert, damit die urspr\u00fcnglichen Eigenschaften des Holzes und die Maserung erhalten bleiben. Die Oberfl\u00e4che der FSC-zertifizierten europ\u00e4ischen Holz ist leicht rau, wodurch sie vollst\u00e4ndig stapelbar und weniger rutschig sind.<\/p>\n<p>Der Gl\u00fccksk\u00e4fer Steckturm V\u00f6gel ist f\u00fcr Kinder ab 2 Jahren geeignet.<\/p>\n<p>Inhalt:<\/p>\n<p>1 blauer Sockel aus Holz (16 x 7 x 21 cm)<br \/>\n6 V\u00f6gel aus Holz<\/p>\n","protected":false},"excerpt":{"rendered":"<p>Artikelnummer: 523205<\/p>\n<p>Der von der Waldorfp\u00e4dagogik inspirierte, handgefertigte Steckturm V\u00f6gel aus der farbenfrohen Formenserie von Gl\u00fccksk\u00e4fer ist ein vielseitiges Stapelspielzeug, das eine unendliche Vielfalt an offenen Spielm\u00f6glichkeiten bietet.<\/p>\n","protected":false},"featured_media":59113,"comment_status":"open","ping_status":"closed","template":"","meta":[],"product_brand":[],"product_cat":[21444,21445,21479,21690,21670,21484,22422,21631,23075,21443,22362,21494,23636,21678,21497,21699,21680,21564,21483,22919],"product_tag":[27913,27807,23459,23463,23461,23464,27920,22143,21712,23460],"class_list":{"0":"post-59112","1":"product","2":"type-product","3":"status-publish","4":"has-post-thumbnail","6":"product_cat-1-3-jahre-kleinkind","7":"product_cat-3-6-jahre-vorschule","8":"product_cat-lernmaterialien-spielzeug-montessori-waldorf-steiner-froebel","9":"product_cat-spiele-mit-offenem-ende","10":"product_cat-fruehjahrskollektion","11":"product_cat-geschenk-guides","12":"product_cat-geschenke-fuer-das-osterkoerbchen","13":"product_cat-glueckskaefer","14":"product_cat-handgefertigtes-holzspielzeug","15":"product_cat-nach-alter","16":"product_cat-saisonale-kollektionen","17":"product_cat-schulbedarf-fuer-zuhause","18":"product_cat-sommer-kollektion","19":"product_cat-kinder-spielzeug","20":"product_cat-spielen-und-lernen-fuer-babys-kleinkinder","21":"product_cat-stapelspielzeug","22":"product_cat-tiere-bauernhoefe","23":"product_cat-unsere-marken","24":"product_cat-waldorf-steiner-paedagogik","25":"product_cat-waldorfspielzeug","26":"product_tag-bunte-waldorf-stapler","27":"product_tag-buntes-stapelspielzeug-aus-holz","28":"product_tag-gluckskafer-de","29":"product_tag-gluckskafer-bunte-formen","30":"product_tag-gluckskafer-bunte-formen-aus-holz","31":"product_tag-gluckskafer-schweiz-de","32":"product_tag-gluckskafer-steckturm-vogel","33":"product_tag-handgefertigtes-holzspielzeug-de","34":"product_tag-hergestellt-in-deutschland","35":"product_tag-waldorfspielzeug-aus-holz-de","37":"first","38":"outofstock","39":"taxable","40":"shipping-taxable","41":"purchasable","42":"product-type-simple"},"yoast_head":"<!-- This site is optimized with the Yoast SEO plugin v27.1.1 - https:\/\/yoast.com\/product\/yoast-seo-wordpress\/ -->\n<title>Steckturm V\u00f6gel \u2013 Gl\u00fccksk\u00e4fer<\/title>\n<meta name=\"description\" content=\"Ein von der Waldorfp\u00e4dagogik inspirierter 7-teiliger handgefertigter Steckturm V\u00f6gel ist ein vielseitiges Stapelspielzeug mit 6 bunten V\u00f6geln von Gl\u00fccksk\u00e4fer.\" \/>\n<meta name=\"robots\" content=\"index, follow, max-snippet:-1, max-image-preview:large, max-video-preview:-1\" \/>\n<link rel=\"canonical\" href=\"https:\/\/teiaeducation.ch\/de\/produkt\/steckturm-voegel-glueckskaefer\/\" \/>\n<meta property=\"og:locale\" content=\"de_DE\" \/>\n<meta property=\"og:type\" content=\"article\" \/>\n<meta property=\"og:title\" content=\"Steckturm V\u00f6gel \u2013 Gl\u00fccksk\u00e4fer\" \/>\n<meta property=\"og:description\" content=\"Ein von der Waldorfp\u00e4dagogik inspirierter 7-teiliger handgefertigter Steckturm V\u00f6gel ist ein vielseitiges Stapelspielzeug mit 6 bunten V\u00f6geln von Gl\u00fccksk\u00e4fer.\" \/>\n<meta property=\"og:url\" content=\"https:\/\/teiaeducation.ch\/de\/produkt\/steckturm-voegel-glueckskaefer\/\" \/>\n<meta property=\"og:site_name\" content=\"Sustainable Educational Products &amp; Ecological Toys\u00a0\" \/>\n<meta property=\"article:publisher\" content=\"https:\/\/www.facebook.com\/teiaeducation\/\" \/>\n<meta property=\"article:modified_time\" content=\"2024-10-28T08:58:14+00:00\" \/>\n<meta property=\"og:image\" content=\"https:\/\/teiaeducation.ch\/wp-content\/uploads\/2020\/05\/Wooden-bird-stacker-Gl\u00fccksk\u00e4fer-Germany.jpg\" \/>\n\t<meta property=\"og:image:width\" content=\"800\" \/>\n\t<meta property=\"og:image:height\" content=\"800\" \/>\n\t<meta property=\"og:image:type\" content=\"image\/jpeg\" \/>\n<script type=\"application\/ld+json\" class=\"yoast-schema-graph\">{\"@context\":\"https:\/\/schema.org\",\"@graph\":[{\"@type\":\"WebPage\",\"@id\":\"https:\/\/teiaeducation.ch\/de\/produkt\/steckturm-voegel-glueckskaefer\/\",\"url\":\"https:\/\/teiaeducation.ch\/de\/produkt\/steckturm-voegel-glueckskaefer\/\",\"name\":\"Steckturm V\u00f6gel \u2013 Gl\u00fccksk\u00e4fer\",\"isPartOf\":{\"@id\":\"https:\/\/teiaeducation.ch\/de\/#website\"},\"primaryImageOfPage\":{\"@id\":\"https:\/\/teiaeducation.ch\/de\/produkt\/steckturm-voegel-glueckskaefer\/#primaryimage\"},\"image\":{\"@id\":\"https:\/\/teiaeducation.ch\/de\/produkt\/steckturm-voegel-glueckskaefer\/#primaryimage\"},\"thumbnailUrl\":\"https:\/\/teiaeducation.ch\/wp-content\/uploads\/2020\/05\/Wooden-bird-stacker-Gl\u00fccksk\u00e4fer-Germany.jpg\",\"datePublished\":\"2020-05-17T19:10:57+00:00\",\"dateModified\":\"2024-10-28T08:58:14+00:00\",\"description\":\"Ein von der Waldorfp\u00e4dagogik inspirierter 7-teiliger handgefertigter Steckturm V\u00f6gel ist ein vielseitiges Stapelspielzeug mit 6 bunten V\u00f6geln von Gl\u00fccksk\u00e4fer.\",\"breadcrumb\":{\"@id\":\"https:\/\/teiaeducation.ch\/de\/produkt\/steckturm-voegel-glueckskaefer\/#breadcrumb\"},\"inLanguage\":\"de-CH\",\"potentialAction\":[{\"@type\":\"ReadAction\",\"target\":[\"https:\/\/teiaeducation.ch\/de\/produkt\/steckturm-voegel-glueckskaefer\/\"]}]},{\"@type\":\"ImageObject\",\"inLanguage\":\"de-CH\",\"@id\":\"https:\/\/teiaeducation.ch\/de\/produkt\/steckturm-voegel-glueckskaefer\/#primaryimage\",\"url\":\"https:\/\/teiaeducation.ch\/wp-content\/uploads\/2020\/05\/Wooden-bird-stacker-Gl\u00fccksk\u00e4fer-Germany.jpg\",\"contentUrl\":\"https:\/\/teiaeducation.ch\/wp-content\/uploads\/2020\/05\/Wooden-bird-stacker-Gl\u00fccksk\u00e4fer-Germany.jpg\",\"width\":800,\"height\":800,\"caption\":\"Handgefertigtes Stapelspielzeug aus Holz Steckturm V\u00f6gel - Gl\u00fccksk\u00e4fer Deutschland\"},{\"@type\":\"BreadcrumbList\",\"@id\":\"https:\/\/teiaeducation.ch\/de\/produkt\/steckturm-voegel-glueckskaefer\/#breadcrumb\",\"itemListElement\":[{\"@type\":\"ListItem\",\"position\":1,\"name\":\"Home\",\"item\":\"https:\/\/teiaeducation.ch\/de\/\"},{\"@type\":\"ListItem\",\"position\":2,\"name\":\"Laden\",\"item\":\"https:\/\/teiaeducation.ch\/de\/shop\/\"},{\"@type\":\"ListItem\",\"position\":3,\"name\":\"Unsere Marken\",\"item\":\"https:\/\/teiaeducation.ch\/de\/produkt-kategorie\/unsere-marken\/\"},{\"@type\":\"ListItem\",\"position\":4,\"name\":\"Gl\u00fccksk\u00e4fer\",\"item\":\"https:\/\/teiaeducation.ch\/de\/produkt-kategorie\/unsere-marken\/glueckskaefer\/\"},{\"@type\":\"ListItem\",\"position\":5,\"name\":\"Steckturm V\u00f6gel aus Holz &#8211; Gl\u00fccksk\u00e4fer\"}]},{\"@type\":\"WebSite\",\"@id\":\"https:\/\/teiaeducation.ch\/de\/#website\",\"url\":\"https:\/\/teiaeducation.ch\/de\/\",\"name\":\"Sustainable Educational Products &amp; Ecological Toys\u00a0\",\"description\":\"Specialised Swiss shop selling sustainable educational toys and games, AMI certified Montessori materials, handmade ecological wooden Waldorf toys and arts &amp; crafts supplies, school supplies, children&#039;s furniture and Montessori reference and parenting books.\",\"publisher\":{\"@id\":\"https:\/\/teiaeducation.ch\/de\/#organization\"},\"alternateName\":\"Teia Education & Play\",\"potentialAction\":[{\"@type\":\"SearchAction\",\"target\":{\"@type\":\"EntryPoint\",\"urlTemplate\":\"https:\/\/teiaeducation.ch\/de\/?s={search_term_string}\"},\"query-input\":{\"@type\":\"PropertyValueSpecification\",\"valueRequired\":true,\"valueName\":\"search_term_string\"}}],\"inLanguage\":\"de-CH\"},{\"@type\":\"Organization\",\"@id\":\"https:\/\/teiaeducation.ch\/de\/#organization\",\"name\":\"Teia Education & Play\",\"url\":\"https:\/\/teiaeducation.ch\/de\/\",\"logo\":{\"@type\":\"ImageObject\",\"inLanguage\":\"de-CH\",\"@id\":\"https:\/\/teiaeducation.ch\/de\/#\/schema\/logo\/image\/\",\"url\":\"https:\/\/teiaeducation.ch\/wp-content\/uploads\/2020\/11\/Teia-Education-Switzerland-e1620156442216.jpg\",\"contentUrl\":\"https:\/\/teiaeducation.ch\/wp-content\/uploads\/2020\/11\/Teia-Education-Switzerland-e1620156442216.jpg\",\"width\":166,\"height\":145,\"caption\":\"Teia Education & Play\"},\"image\":{\"@id\":\"https:\/\/teiaeducation.ch\/de\/#\/schema\/logo\/image\/\"},\"sameAs\":[\"https:\/\/www.facebook.com\/teiaeducation\/\",\"https:\/\/x.com\/EducationTeia\",\"https:\/\/www.instagram.com\/teia.education\/\",\"https:\/\/www.linkedin.com\/company\/35501660\",\"https:\/\/www.pinterest.ch\/TeiaEducation\/\"]}]}<\/script>\n<!-- \/ Yoast SEO plugin. -->","yoast_head_json":{"title":"Steckturm V\u00f6gel \u2013 Gl\u00fccksk\u00e4fer","description":"Ein von der Waldorfp\u00e4dagogik inspirierter 7-teiliger handgefertigter Steckturm V\u00f6gel ist ein vielseitiges Stapelspielzeug mit 6 bunten V\u00f6geln von Gl\u00fccksk\u00e4fer.","robots":{"index":"index","follow":"follow","max-snippet":"max-snippet:-1","max-image-preview":"max-image-preview:large","max-video-preview":"max-video-preview:-1"},"canonical":"https:\/\/teiaeducation.ch\/de\/produkt\/steckturm-voegel-glueckskaefer\/","og_locale":"de_DE","og_type":"article","og_title":"Steckturm V\u00f6gel \u2013 Gl\u00fccksk\u00e4fer","og_description":"Ein von der Waldorfp\u00e4dagogik inspirierter 7-teiliger handgefertigter Steckturm V\u00f6gel ist ein vielseitiges Stapelspielzeug mit 6 bunten V\u00f6geln von Gl\u00fccksk\u00e4fer.","og_url":"https:\/\/teiaeducation.ch\/de\/produkt\/steckturm-voegel-glueckskaefer\/","og_site_name":"Sustainable Educational Products &amp; Ecological Toys\u00a0","article_publisher":"https:\/\/www.facebook.com\/teiaeducation\/","article_modified_time":"2024-10-28T08:58:14+00:00","og_image":[{"width":800,"height":800,"url":"https:\/\/teiaeducation.ch\/wp-content\/uploads\/2020\/05\/Wooden-bird-stacker-Gl\u00fccksk\u00e4fer-Germany.jpg","type":"image\/jpeg"}],"schema":{"@context":"https:\/\/schema.org","@graph":[{"@type":"WebPage","@id":"https:\/\/teiaeducation.ch\/de\/produkt\/steckturm-voegel-glueckskaefer\/","url":"https:\/\/teiaeducation.ch\/de\/produkt\/steckturm-voegel-glueckskaefer\/","name":"Steckturm V\u00f6gel \u2013 Gl\u00fccksk\u00e4fer","isPartOf":{"@id":"https:\/\/teiaeducation.ch\/de\/#website"},"primaryImageOfPage":{"@id":"https:\/\/teiaeducation.ch\/de\/produkt\/steckturm-voegel-glueckskaefer\/#primaryimage"},"image":{"@id":"https:\/\/teiaeducation.ch\/de\/produkt\/steckturm-voegel-glueckskaefer\/#primaryimage"},"thumbnailUrl":"https:\/\/teiaeducation.ch\/wp-content\/uploads\/2020\/05\/Wooden-bird-stacker-Gl\u00fccksk\u00e4fer-Germany.jpg","datePublished":"2020-05-17T19:10:57+00:00","dateModified":"2024-10-28T08:58:14+00:00","description":"Ein von der Waldorfp\u00e4dagogik inspirierter 7-teiliger handgefertigter Steckturm V\u00f6gel ist ein vielseitiges Stapelspielzeug mit 6 bunten V\u00f6geln von Gl\u00fccksk\u00e4fer.","breadcrumb":{"@id":"https:\/\/teiaeducation.ch\/de\/produkt\/steckturm-voegel-glueckskaefer\/#breadcrumb"},"inLanguage":"de-CH","potentialAction":[{"@type":"ReadAction","target":["https:\/\/teiaeducation.ch\/de\/produkt\/steckturm-voegel-glueckskaefer\/"]}]},{"@type":"ImageObject","inLanguage":"de-CH","@id":"https:\/\/teiaeducation.ch\/de\/produkt\/steckturm-voegel-glueckskaefer\/#primaryimage","url":"https:\/\/teiaeducation.ch\/wp-content\/uploads\/2020\/05\/Wooden-bird-stacker-Gl\u00fccksk\u00e4fer-Germany.jpg","contentUrl":"https:\/\/teiaeducation.ch\/wp-content\/uploads\/2020\/05\/Wooden-bird-stacker-Gl\u00fccksk\u00e4fer-Germany.jpg","width":800,"height":800,"caption":"Handgefertigtes Stapelspielzeug aus Holz Steckturm V\u00f6gel - Gl\u00fccksk\u00e4fer Deutschland"},{"@type":"BreadcrumbList","@id":"https:\/\/teiaeducation.ch\/de\/produkt\/steckturm-voegel-glueckskaefer\/#breadcrumb","itemListElement":[{"@type":"ListItem","position":1,"name":"Home","item":"https:\/\/teiaeducation.ch\/de\/"},{"@type":"ListItem","position":2,"name":"Laden","item":"https:\/\/teiaeducation.ch\/de\/shop\/"},{"@type":"ListItem","position":3,"name":"Unsere Marken","item":"https:\/\/teiaeducation.ch\/de\/produkt-kategorie\/unsere-marken\/"},{"@type":"ListItem","position":4,"name":"Gl\u00fccksk\u00e4fer","item":"https:\/\/teiaeducation.ch\/de\/produkt-kategorie\/unsere-marken\/glueckskaefer\/"},{"@type":"ListItem","position":5,"name":"Steckturm V\u00f6gel aus Holz &#8211; Gl\u00fccksk\u00e4fer"}]},{"@type":"WebSite","@id":"https:\/\/teiaeducation.ch\/de\/#website","url":"https:\/\/teiaeducation.ch\/de\/","name":"Sustainable Educational Products &amp; Ecological Toys\u00a0","description":"Specialised Swiss shop selling sustainable educational toys and games, AMI certified Montessori materials, handmade ecological wooden Waldorf toys and arts &amp; crafts supplies, school supplies, children&#039;s furniture and Montessori reference and parenting books.","publisher":{"@id":"https:\/\/teiaeducation.ch\/de\/#organization"},"alternateName":"Teia Education & Play","potentialAction":[{"@type":"SearchAction","target":{"@type":"EntryPoint","urlTemplate":"https:\/\/teiaeducation.ch\/de\/?s={search_term_string}"},"query-input":{"@type":"PropertyValueSpecification","valueRequired":true,"valueName":"search_term_string"}}],"inLanguage":"de-CH"},{"@type":"Organization","@id":"https:\/\/teiaeducation.ch\/de\/#organization","name":"Teia Education & Play","url":"https:\/\/teiaeducation.ch\/de\/","logo":{"@type":"ImageObject","inLanguage":"de-CH","@id":"https:\/\/teiaeducation.ch\/de\/#\/schema\/logo\/image\/","url":"https:\/\/teiaeducation.ch\/wp-content\/uploads\/2020\/11\/Teia-Education-Switzerland-e1620156442216.jpg","contentUrl":"https:\/\/teiaeducation.ch\/wp-content\/uploads\/2020\/11\/Teia-Education-Switzerland-e1620156442216.jpg","width":166,"height":145,"caption":"Teia Education & Play"},"image":{"@id":"https:\/\/teiaeducation.ch\/de\/#\/schema\/logo\/image\/"},"sameAs":["https:\/\/www.facebook.com\/teiaeducation\/","https:\/\/x.com\/EducationTeia","https:\/\/www.instagram.com\/teia.education\/","https:\/\/www.linkedin.com\/company\/35501660","https:\/\/www.pinterest.ch\/TeiaEducation\/"]}]}},"_links":{"self":[{"href":"https:\/\/teiaeducation.ch\/de\/wp-json\/wp\/v2\/product\/59112","targetHints":{"allow":["GET"]}}],"collection":[{"href":"https:\/\/teiaeducation.ch\/de\/wp-json\/wp\/v2\/product"}],"about":[{"href":"https:\/\/teiaeducation.ch\/de\/wp-json\/wp\/v2\/types\/product"}],"replies":[{"embeddable":true,"href":"https:\/\/teiaeducation.ch\/de\/wp-json\/wp\/v2\/comments?post=59112"}],"wp:featuredmedia":[{"embeddable":true,"href":"https:\/\/teiaeducation.ch\/de\/wp-json\/wp\/v2\/media\/59113"}],"wp:attachment":[{"href":"https:\/\/teiaeducation.ch\/de\/wp-json\/wp\/v2\/media?parent=59112"}],"wp:term":[{"taxonomy":"product_brand","embeddable":true,"href":"https:\/\/teiaeducation.ch\/de\/wp-json\/wp\/v2\/product_brand?post=59112"},{"taxonomy":"product_cat","embeddable":true,"href":"https:\/\/teiaeducation.ch\/de\/wp-json\/wp\/v2\/product_cat?post=59112"},{"taxonomy":"product_tag","embeddable":true,"href":"https:\/\/teiaeducation.ch\/de\/wp-json\/wp\/v2\/product_tag?post=59112"}],"curies":[{"name":"wp","href":"https:\/\/api.w.org\/{rel}","templated":true}]}}