{"id":59116,"date":"2020-05-16T22:06:42","date_gmt":"2020-05-16T20:06:42","guid":{"rendered":"https:\/\/teiaeducation.ch\/product\/strahlenbogen-rot-orange-glueckskaefer\/"},"modified":"2025-12-11T18:33:51","modified_gmt":"2025-12-11T17:33:51","slug":"strahlenbogen-rot-orange-glueckskaefer","status":"publish","type":"product","link":"https:\/\/teiaeducation.ch\/de\/produkt\/strahlenbogen-rot-orange-glueckskaefer\/","title":{"rendered":"Strahlenbogen Rot\/Orange aus Holz &#8211; Gl\u00fccksk\u00e4fer"},"content":{"rendered":"<p>Strahlenbogen Rot\/Orange \/ Handgefertigtes Stapelspielzeug aus Holz &#8211; Gl\u00fccksk\u00e4fer<\/p>\n<p>Der von Waldorf inspirierte 16-teilige handgefertigte Strahlenbogen Rot\/Orange ist ein vielseitiges Stapelspielzeug aus der \u201eBunte Formen\u201c-Reihe von Gl\u00fccksk\u00e4fer. Der Strahlenbogen misst 27 x 7 x 13 cm und enth\u00e4lt 16 Holzteile in verschiedenen Formen und Farben. Der gelbe Bogen stellt die \u00fcber dem Gras aufgehende Sonne dar und die t\u00f6rtchenf\u00f6rmigen Elemente stellen die farbigen Strahlen des Sonnenaufgangs dar.<\/p>\n<p>Der Strahlenbogen Rot\/Orange bietet eine endlose Vielfalt an Spielm\u00f6glichkeiten und ein sensorisches Erlebnis f\u00fcr das Kind. Die Teile k\u00f6nnen gestapelt und platziert werden, um das urspr\u00fcngliche Design als Puzzle zu vervollst\u00e4ndigen. Der Bogen kann als Tunnel f\u00fcr Eisenbahnsets oder <a href=\"https:\/\/teiaeducation.ch\/product\/ringroad-waytoplay\/\">Stra\u00dfenteile verwendet werden<\/a>Mit dem Bogen und dem gr\u00fcnen Sockel kann eine Behausung f\u00fcr Figuren, kleine Puppen, Elfen, Feen, Zwerge, Wichtel oder andere Fabelwesen geschaffen werden. Die t\u00f6rtchenf\u00f6rmigen St\u00fccke inspirieren sich dazu, mit <a href=\"https:\/\/teiaeducation.ch\/de\/produkt-kategorie\/unsere-marken\/grapat-de\/grapat-mandalas-lose-teile\/\">Mandalas<\/a> verzierte Kuchenst\u00fccke zu werden, die bei einer Rollenspiel-Teeparty serviert werden. Der Sonnenstrahlbogen eignet sich auch f\u00fcr den Einsatz auf einem Waldorf-Natur- oder Jahreszeitentisch oder als Erg\u00e4nzung zu Krippenfiguren f\u00fcr eine Weihnachtsszene.<\/p>\n<p>Die bunten Gl\u00fccksk\u00e4fer-Formen sind ideal f\u00fcr das Spielen zu Hause, im Kindergarten, in der Waldorfschule oder in der Steiner-Schule. Sie sind nach der Waldorf-Philosophie hergestellt, die daf\u00fcr bekannt ist, dass sie Kinder ermutigt, das kreative Spiel unabh\u00e4ngig und ohne Einschr\u00e4nkungen zu entdecken. Der farbenfrohe Strahlenbogen wird von Hand mit ungiftigen Farben auf Wasserbasis gef\u00e4rbt und nicht lackiert, um sicherzustellen, dass die urspr\u00fcnglichen Eigenschaften des Holzes und die Maserung durchscheinen. Die Oberfl\u00e4che der FSC-zertifizierten europ\u00e4ischen Holz ist leicht rau, wodurch sie vollst\u00e4ndig stapelbar und weniger rutschig sind.<\/p>\n<p>Der Gl\u00fccksk\u00e4fer Strahlenbogen Rot\/Orange ist f\u00fcr Kinder ab 2 Jahren geeignet.<\/p>\n<p>Inhalt:<\/p>\n<p>1 16-teiliger Sunray-Bogenstapler (27 x 7 x 13 cm)<\/p>\n","protected":false},"excerpt":{"rendered":"<p>Artikelnummer: 523320<\/p>\n<p>Der von Waldorf inspirierte handgefertigte Stapeler Strahlenbogen Rot\/Orange aus der farbenfrohen Formenreihe von Gl\u00fccksk\u00e4fer ist ein vielseitiges Stapelspielzeug, das eine endlose Vielfalt an Spielm\u00f6glichkeiten mit offenem Ende bietet.<\/p>\n","protected":false},"featured_media":59117,"comment_status":"open","ping_status":"closed","template":"","meta":[],"product_brand":[],"product_cat":[21444,21445,21479,21465,21690,21670,21487,21484,21631,23075,21443,22349,22362,21494,23636,21678,21497,21699,21564,21483,22919],"product_tag":[27913,23459,23463,23464,21712,23460],"class_list":{"0":"post-59116","1":"product","2":"type-product","3":"status-publish","4":"has-post-thumbnail","6":"product_cat-1-3-jahre-kleinkind","7":"product_cat-3-6-jahre-vorschule","8":"product_cat-lernmaterialien-spielzeug-montessori-waldorf-steiner-froebel","9":"product_cat-feier-festlichkeiten","10":"product_cat-spiele-mit-offenem-ende","11":"product_cat-fruehjahrskollektion","12":"product_cat-geschenk-guide-3-6-jahre-vorschule","13":"product_cat-geschenk-guides","14":"product_cat-glueckskaefer","15":"product_cat-handgefertigtes-holzspielzeug","16":"product_cat-nach-alter","17":"product_cat-natur-saisonale-tische-de","18":"product_cat-saisonale-kollektionen","19":"product_cat-schulbedarf-fuer-zuhause","20":"product_cat-sommer-kollektion","21":"product_cat-kinder-spielzeug","22":"product_cat-spielen-und-lernen-fuer-babys-kleinkinder","23":"product_cat-stapelspielzeug","24":"product_cat-unsere-marken","25":"product_cat-waldorf-steiner-paedagogik","26":"product_cat-waldorfspielzeug","27":"product_tag-bunte-waldorf-stapler","28":"product_tag-gluckskafer-de","29":"product_tag-gluckskafer-bunte-formen","30":"product_tag-gluckskafer-schweiz-de","31":"product_tag-hergestellt-in-deutschland","32":"product_tag-waldorfspielzeug-aus-holz-de","34":"first","35":"instock","36":"taxable","37":"shipping-taxable","38":"purchasable","39":"product-type-simple"},"yoast_head":"<!-- This site is optimized with the Yoast SEO Premium plugin v25.8 (Yoast SEO v27.4) - https:\/\/yoast.com\/product\/yoast-seo-premium-wordpress\/ -->\n<title>Strahlenbogen Rot\/Orange \u2013 Gl\u00fccksk\u00e4fer<\/title>\n<meta name=\"description\" content=\"Der 16-teilige handgefertigte Strahlenbogen Rot\/Orange von Gl\u00fccksk\u00e4fer ist ein vielseitiges Stapelspielzeug, das die \u00fcber dem Gras aufgehende Sonne darstellt.\" \/>\n<meta name=\"robots\" content=\"index, follow, max-snippet:-1, max-image-preview:large, max-video-preview:-1\" \/>\n<link rel=\"canonical\" href=\"https:\/\/teiaeducation.ch\/de\/produkt\/strahlenbogen-rot-orange-glueckskaefer\/\" \/>\n<meta property=\"og:locale\" content=\"de_DE\" \/>\n<meta property=\"og:type\" content=\"article\" \/>\n<meta property=\"og:title\" content=\"Strahlenbogen Rot\/Orange aus Holz - Gl\u00fccksk\u00e4fer\" \/>\n<meta property=\"og:description\" content=\"Der 16-teilige handgefertigte Strahlenbogen Rot\/Orange von Gl\u00fccksk\u00e4fer ist ein vielseitiges Stapelspielzeug, das die \u00fcber dem Gras aufgehende Sonne darstellt.\" \/>\n<meta property=\"og:url\" content=\"https:\/\/teiaeducation.ch\/de\/produkt\/strahlenbogen-rot-orange-glueckskaefer\/\" \/>\n<meta property=\"og:site_name\" content=\"Sustainable Educational Products &amp; Ecological Toys\u00a0\" \/>\n<meta property=\"article:publisher\" content=\"https:\/\/www.facebook.com\/teiaeducation\/\" \/>\n<meta property=\"article:modified_time\" content=\"2025-12-11T17:33:51+00:00\" \/>\n<meta property=\"og:image\" content=\"https:\/\/teiaeducation.ch\/wp-content\/uploads\/2020\/05\/Wooden-sunray-arch-stacker-Gl\u00fccksk\u00e4fer.jpg\" \/>\n\t<meta property=\"og:image:width\" content=\"750\" \/>\n\t<meta property=\"og:image:height\" content=\"750\" \/>\n\t<meta property=\"og:image:type\" content=\"image\/jpeg\" \/>\n<script type=\"application\/ld+json\" class=\"yoast-schema-graph\">{\"@context\":\"https:\\\/\\\/schema.org\",\"@graph\":[{\"@type\":\"WebPage\",\"@id\":\"https:\\\/\\\/teiaeducation.ch\\\/de\\\/produkt\\\/strahlenbogen-rot-orange-glueckskaefer\\\/\",\"url\":\"https:\\\/\\\/teiaeducation.ch\\\/de\\\/produkt\\\/strahlenbogen-rot-orange-glueckskaefer\\\/\",\"name\":\"Strahlenbogen Rot\\\/Orange \u2013 Gl\u00fccksk\u00e4fer\",\"isPartOf\":{\"@id\":\"https:\\\/\\\/teiaeducation.ch\\\/de\\\/#website\"},\"primaryImageOfPage\":{\"@id\":\"https:\\\/\\\/teiaeducation.ch\\\/de\\\/produkt\\\/strahlenbogen-rot-orange-glueckskaefer\\\/#primaryimage\"},\"image\":{\"@id\":\"https:\\\/\\\/teiaeducation.ch\\\/de\\\/produkt\\\/strahlenbogen-rot-orange-glueckskaefer\\\/#primaryimage\"},\"thumbnailUrl\":\"https:\\\/\\\/teiaeducation.ch\\\/wp-content\\\/uploads\\\/2020\\\/05\\\/Wooden-sunray-arch-stacker-Gl\u00fccksk\u00e4fer.jpg\",\"datePublished\":\"2020-05-16T20:06:42+00:00\",\"dateModified\":\"2025-12-11T17:33:51+00:00\",\"description\":\"Der 16-teilige handgefertigte Strahlenbogen Rot\\\/Orange von Gl\u00fccksk\u00e4fer ist ein vielseitiges Stapelspielzeug, das die \u00fcber dem Gras aufgehende Sonne darstellt.\",\"breadcrumb\":{\"@id\":\"https:\\\/\\\/teiaeducation.ch\\\/de\\\/produkt\\\/strahlenbogen-rot-orange-glueckskaefer\\\/#breadcrumb\"},\"inLanguage\":\"de-CH\",\"potentialAction\":[{\"@type\":\"ReadAction\",\"target\":[\"https:\\\/\\\/teiaeducation.ch\\\/de\\\/produkt\\\/strahlenbogen-rot-orange-glueckskaefer\\\/\"]}]},{\"@type\":\"ImageObject\",\"inLanguage\":\"de-CH\",\"@id\":\"https:\\\/\\\/teiaeducation.ch\\\/de\\\/produkt\\\/strahlenbogen-rot-orange-glueckskaefer\\\/#primaryimage\",\"url\":\"https:\\\/\\\/teiaeducation.ch\\\/wp-content\\\/uploads\\\/2020\\\/05\\\/Wooden-sunray-arch-stacker-Gl\u00fccksk\u00e4fer.jpg\",\"contentUrl\":\"https:\\\/\\\/teiaeducation.ch\\\/wp-content\\\/uploads\\\/2020\\\/05\\\/Wooden-sunray-arch-stacker-Gl\u00fccksk\u00e4fer.jpg\",\"width\":750,\"height\":750,\"caption\":\"Handgefertigtes Stapelspielzeug aus Holz Strahlenbogen Rot\\\/Orange - Gl\u00fccksk\u00e4fer\"},{\"@type\":\"BreadcrumbList\",\"@id\":\"https:\\\/\\\/teiaeducation.ch\\\/de\\\/produkt\\\/strahlenbogen-rot-orange-glueckskaefer\\\/#breadcrumb\",\"itemListElement\":[{\"@type\":\"ListItem\",\"position\":1,\"name\":\"Home\",\"item\":\"https:\\\/\\\/teiaeducation.ch\\\/de\\\/\"},{\"@type\":\"ListItem\",\"position\":2,\"name\":\"Laden\",\"item\":\"https:\\\/\\\/teiaeducation.ch\\\/de\\\/shop\\\/\"},{\"@type\":\"ListItem\",\"position\":3,\"name\":\"Unsere Marken\",\"item\":\"https:\\\/\\\/teiaeducation.ch\\\/de\\\/produkt-kategorie\\\/unsere-marken\\\/\"},{\"@type\":\"ListItem\",\"position\":4,\"name\":\"Gl\u00fccksk\u00e4fer\",\"item\":\"https:\\\/\\\/teiaeducation.ch\\\/de\\\/produkt-kategorie\\\/unsere-marken\\\/glueckskaefer\\\/\"},{\"@type\":\"ListItem\",\"position\":5,\"name\":\"Strahlenbogen Rot\\\/Orange aus Holz &#8211; Gl\u00fccksk\u00e4fer\"}]},{\"@type\":\"WebSite\",\"@id\":\"https:\\\/\\\/teiaeducation.ch\\\/de\\\/#website\",\"url\":\"https:\\\/\\\/teiaeducation.ch\\\/de\\\/\",\"name\":\"Sustainable Educational Products &amp; Ecological Toys\u00a0\",\"description\":\"Specialised Swiss shop selling sustainable educational toys and games, AMI certified Montessori materials, handmade ecological wooden Waldorf toys and arts &amp; crafts supplies, school supplies, children&#039;s furniture and Montessori reference and parenting books.\",\"publisher\":{\"@id\":\"https:\\\/\\\/teiaeducation.ch\\\/de\\\/#organization\"},\"alternateName\":\"Teia Education & Play\",\"potentialAction\":[{\"@type\":\"SearchAction\",\"target\":{\"@type\":\"EntryPoint\",\"urlTemplate\":\"https:\\\/\\\/teiaeducation.ch\\\/de\\\/?s={search_term_string}\"},\"query-input\":{\"@type\":\"PropertyValueSpecification\",\"valueRequired\":true,\"valueName\":\"search_term_string\"}}],\"inLanguage\":\"de-CH\"},{\"@type\":\"Organization\",\"@id\":\"https:\\\/\\\/teiaeducation.ch\\\/de\\\/#organization\",\"name\":\"Teia Education & Play\",\"url\":\"https:\\\/\\\/teiaeducation.ch\\\/de\\\/\",\"logo\":{\"@type\":\"ImageObject\",\"inLanguage\":\"de-CH\",\"@id\":\"https:\\\/\\\/teiaeducation.ch\\\/de\\\/#\\\/schema\\\/logo\\\/image\\\/\",\"url\":\"https:\\\/\\\/teiaeducation.ch\\\/wp-content\\\/uploads\\\/2020\\\/11\\\/Teia-Education-Switzerland-e1620156442216.jpg\",\"contentUrl\":\"https:\\\/\\\/teiaeducation.ch\\\/wp-content\\\/uploads\\\/2020\\\/11\\\/Teia-Education-Switzerland-e1620156442216.jpg\",\"width\":166,\"height\":145,\"caption\":\"Teia Education & Play\"},\"image\":{\"@id\":\"https:\\\/\\\/teiaeducation.ch\\\/de\\\/#\\\/schema\\\/logo\\\/image\\\/\"},\"sameAs\":[\"https:\\\/\\\/www.facebook.com\\\/teiaeducation\\\/\",\"https:\\\/\\\/x.com\\\/EducationTeia\",\"https:\\\/\\\/www.instagram.com\\\/teia.education\\\/\",\"https:\\\/\\\/www.linkedin.com\\\/company\\\/35501660\",\"https:\\\/\\\/www.pinterest.ch\\\/TeiaEducation\\\/\"]}]}<\/script>\n<meta property=\"product:price:amount\" content=\"59.90\" \/>\n<meta property=\"product:price:currency\" content=\"CHF\" \/>\n<meta property=\"og:availability\" content=\"instock\" \/>\n<meta property=\"product:availability\" content=\"instock\" \/>\n<meta property=\"product:retailer_item_id\" content=\"00000000000000000000000000000000000000000000026554\" \/>\n<meta property=\"product:condition\" content=\"new\" \/>\n<!-- \/ Yoast SEO Premium plugin. -->","yoast_head_json":{"title":"Strahlenbogen Rot\/Orange \u2013 Gl\u00fccksk\u00e4fer","description":"Der 16-teilige handgefertigte Strahlenbogen Rot\/Orange von Gl\u00fccksk\u00e4fer ist ein vielseitiges Stapelspielzeug, das die \u00fcber dem Gras aufgehende Sonne darstellt.","robots":{"index":"index","follow":"follow","max-snippet":"max-snippet:-1","max-image-preview":"max-image-preview:large","max-video-preview":"max-video-preview:-1"},"canonical":"https:\/\/teiaeducation.ch\/de\/produkt\/strahlenbogen-rot-orange-glueckskaefer\/","og_locale":"de_DE","og_type":"article","og_title":"Strahlenbogen Rot\/Orange aus Holz - Gl\u00fccksk\u00e4fer","og_description":"Der 16-teilige handgefertigte Strahlenbogen Rot\/Orange von Gl\u00fccksk\u00e4fer ist ein vielseitiges Stapelspielzeug, das die \u00fcber dem Gras aufgehende Sonne darstellt.","og_url":"https:\/\/teiaeducation.ch\/de\/produkt\/strahlenbogen-rot-orange-glueckskaefer\/","og_site_name":"Sustainable Educational Products &amp; Ecological Toys\u00a0","article_publisher":"https:\/\/www.facebook.com\/teiaeducation\/","article_modified_time":"2025-12-11T17:33:51+00:00","og_image":[{"width":750,"height":750,"url":"https:\/\/teiaeducation.ch\/wp-content\/uploads\/2020\/05\/Wooden-sunray-arch-stacker-Gl\u00fccksk\u00e4fer.jpg","type":"image\/jpeg"}],"schema":{"@context":"https:\/\/schema.org","@graph":[{"@type":"WebPage","@id":"https:\/\/teiaeducation.ch\/de\/produkt\/strahlenbogen-rot-orange-glueckskaefer\/","url":"https:\/\/teiaeducation.ch\/de\/produkt\/strahlenbogen-rot-orange-glueckskaefer\/","name":"Strahlenbogen Rot\/Orange \u2013 Gl\u00fccksk\u00e4fer","isPartOf":{"@id":"https:\/\/teiaeducation.ch\/de\/#website"},"primaryImageOfPage":{"@id":"https:\/\/teiaeducation.ch\/de\/produkt\/strahlenbogen-rot-orange-glueckskaefer\/#primaryimage"},"image":{"@id":"https:\/\/teiaeducation.ch\/de\/produkt\/strahlenbogen-rot-orange-glueckskaefer\/#primaryimage"},"thumbnailUrl":"https:\/\/teiaeducation.ch\/wp-content\/uploads\/2020\/05\/Wooden-sunray-arch-stacker-Gl\u00fccksk\u00e4fer.jpg","datePublished":"2020-05-16T20:06:42+00:00","dateModified":"2025-12-11T17:33:51+00:00","description":"Der 16-teilige handgefertigte Strahlenbogen Rot\/Orange von Gl\u00fccksk\u00e4fer ist ein vielseitiges Stapelspielzeug, das die \u00fcber dem Gras aufgehende Sonne darstellt.","breadcrumb":{"@id":"https:\/\/teiaeducation.ch\/de\/produkt\/strahlenbogen-rot-orange-glueckskaefer\/#breadcrumb"},"inLanguage":"de-CH","potentialAction":[{"@type":"ReadAction","target":["https:\/\/teiaeducation.ch\/de\/produkt\/strahlenbogen-rot-orange-glueckskaefer\/"]}]},{"@type":"ImageObject","inLanguage":"de-CH","@id":"https:\/\/teiaeducation.ch\/de\/produkt\/strahlenbogen-rot-orange-glueckskaefer\/#primaryimage","url":"https:\/\/teiaeducation.ch\/wp-content\/uploads\/2020\/05\/Wooden-sunray-arch-stacker-Gl\u00fccksk\u00e4fer.jpg","contentUrl":"https:\/\/teiaeducation.ch\/wp-content\/uploads\/2020\/05\/Wooden-sunray-arch-stacker-Gl\u00fccksk\u00e4fer.jpg","width":750,"height":750,"caption":"Handgefertigtes Stapelspielzeug aus Holz Strahlenbogen Rot\/Orange - Gl\u00fccksk\u00e4fer"},{"@type":"BreadcrumbList","@id":"https:\/\/teiaeducation.ch\/de\/produkt\/strahlenbogen-rot-orange-glueckskaefer\/#breadcrumb","itemListElement":[{"@type":"ListItem","position":1,"name":"Home","item":"https:\/\/teiaeducation.ch\/de\/"},{"@type":"ListItem","position":2,"name":"Laden","item":"https:\/\/teiaeducation.ch\/de\/shop\/"},{"@type":"ListItem","position":3,"name":"Unsere Marken","item":"https:\/\/teiaeducation.ch\/de\/produkt-kategorie\/unsere-marken\/"},{"@type":"ListItem","position":4,"name":"Gl\u00fccksk\u00e4fer","item":"https:\/\/teiaeducation.ch\/de\/produkt-kategorie\/unsere-marken\/glueckskaefer\/"},{"@type":"ListItem","position":5,"name":"Strahlenbogen Rot\/Orange aus Holz &#8211; Gl\u00fccksk\u00e4fer"}]},{"@type":"WebSite","@id":"https:\/\/teiaeducation.ch\/de\/#website","url":"https:\/\/teiaeducation.ch\/de\/","name":"Sustainable Educational Products &amp; Ecological Toys\u00a0","description":"Specialised Swiss shop selling sustainable educational toys and games, AMI certified Montessori materials, handmade ecological wooden Waldorf toys and arts &amp; crafts supplies, school supplies, children&#039;s furniture and Montessori reference and parenting books.","publisher":{"@id":"https:\/\/teiaeducation.ch\/de\/#organization"},"alternateName":"Teia Education & Play","potentialAction":[{"@type":"SearchAction","target":{"@type":"EntryPoint","urlTemplate":"https:\/\/teiaeducation.ch\/de\/?s={search_term_string}"},"query-input":{"@type":"PropertyValueSpecification","valueRequired":true,"valueName":"search_term_string"}}],"inLanguage":"de-CH"},{"@type":"Organization","@id":"https:\/\/teiaeducation.ch\/de\/#organization","name":"Teia Education & Play","url":"https:\/\/teiaeducation.ch\/de\/","logo":{"@type":"ImageObject","inLanguage":"de-CH","@id":"https:\/\/teiaeducation.ch\/de\/#\/schema\/logo\/image\/","url":"https:\/\/teiaeducation.ch\/wp-content\/uploads\/2020\/11\/Teia-Education-Switzerland-e1620156442216.jpg","contentUrl":"https:\/\/teiaeducation.ch\/wp-content\/uploads\/2020\/11\/Teia-Education-Switzerland-e1620156442216.jpg","width":166,"height":145,"caption":"Teia Education & Play"},"image":{"@id":"https:\/\/teiaeducation.ch\/de\/#\/schema\/logo\/image\/"},"sameAs":["https:\/\/www.facebook.com\/teiaeducation\/","https:\/\/x.com\/EducationTeia","https:\/\/www.instagram.com\/teia.education\/","https:\/\/www.linkedin.com\/company\/35501660","https:\/\/www.pinterest.ch\/TeiaEducation\/"]}]},"product_price_amount":"59.90","product_price_currency":"CHF","og_availability":"instock","product_availability":"instock","product_retailer_item_id":"00000000000000000000000000000000000000000000026554","product_condition":"new"},"_links":{"self":[{"href":"https:\/\/teiaeducation.ch\/de\/wp-json\/wp\/v2\/product\/59116","targetHints":{"allow":["GET"]}}],"collection":[{"href":"https:\/\/teiaeducation.ch\/de\/wp-json\/wp\/v2\/product"}],"about":[{"href":"https:\/\/teiaeducation.ch\/de\/wp-json\/wp\/v2\/types\/product"}],"replies":[{"embeddable":true,"href":"https:\/\/teiaeducation.ch\/de\/wp-json\/wp\/v2\/comments?post=59116"}],"wp:featuredmedia":[{"embeddable":true,"href":"https:\/\/teiaeducation.ch\/de\/wp-json\/wp\/v2\/media\/59117"}],"wp:attachment":[{"href":"https:\/\/teiaeducation.ch\/de\/wp-json\/wp\/v2\/media?parent=59116"}],"wp:term":[{"taxonomy":"product_brand","embeddable":true,"href":"https:\/\/teiaeducation.ch\/de\/wp-json\/wp\/v2\/product_brand?post=59116"},{"taxonomy":"product_cat","embeddable":true,"href":"https:\/\/teiaeducation.ch\/de\/wp-json\/wp\/v2\/product_cat?post=59116"},{"taxonomy":"product_tag","embeddable":true,"href":"https:\/\/teiaeducation.ch\/de\/wp-json\/wp\/v2\/product_tag?post=59116"}],"curies":[{"name":"wp","href":"https:\/\/api.w.org\/{rel}","templated":true}]}}