{"id":59123,"date":"2020-05-16T20:07:15","date_gmt":"2020-05-16T18:07:15","guid":{"rendered":"https:\/\/teiaeducation.ch\/product\/bauplaettchen-turm-im-kasten-glueckskaefer\/"},"modified":"2025-12-11T18:30:09","modified_gmt":"2025-12-11T17:30:09","slug":"bauplaettchen-turm-im-kasten-glueckskaefer","status":"publish","type":"product","link":"https:\/\/teiaeducation.ch\/de\/produkt\/bauplaettchen-turm-im-kasten-glueckskaefer\/","title":{"rendered":"Baupl\u00e4ttchen &#8220;Turm im Kasten&#8221; &#8211; Gl\u00fccksk\u00e4fer"},"content":{"rendered":"<p>Baupl\u00e4ttchen &#8220;Turm im Kasten&#8221; \/ Handmade wooden blocks &#8211; Gl\u00fccksk\u00e4fer<\/p>\n<p>Ein Satz handgefertigter Holzlatten im Waldorf-Stil in einem Holzturm aus der Serie \u201eBunte Formen\u201c von Gl\u00fccksk\u00e4fer. Der Holzturm misst 22 x 11 x 10 cm und enth\u00e4lt 60 Holzlatten in 20 verschiedenen Regenbogenfarben.<\/p>\n<p>Die Holzlatten k\u00f6nnen verwendet werden, um eine Vielzahl von Strukturen und Geb\u00e4uden zu bauen, sie zu einem Turm zu stapeln, flache, farbenfrohe Mosaike zu erstellen, Z\u00e4une f\u00fcr einen Bauernhof oder ein Schloss zu bauen oder alles, was der Fantasie des Kindes \u00fcberlassen bleibt. \u200b Die Baulatten k\u00f6nnen auch zum Z\u00e4hlen, zum schematischen Legespiel oder f\u00fcr Farb<a href=\"https:\/\/teiaeducation.ch\/de\/produkt-kategorie\/kinder-spielzeug\/sortieren\/\">sortier<\/a>aktivit\u00e4ten genutzt werden.<\/p>\n<p>Die bunten Gl\u00fccksk\u00e4fer-Formen sind ideal f\u00fcr das Spielen zu Hause, im Kindergarten, in der Waldorfschule oder in der Steiner-Schule. Sie sind nach der Waldorf-Philosophie hergestellt, die daf\u00fcr bekannt ist, dass sie Kinder ermutigt, das kreative Spiel unabh\u00e4ngig und ohne Einschr\u00e4nkungen zu entdecken. Die farbenfrohen Holzlatten werden von Hand mit ungiftigen Farben auf Wasserbasis gef\u00e4rbt und nicht lackiert, um sicherzustellen, dass die urspr\u00fcnglichen Eigenschaften des Holzes und die Maserung durchscheinen. Die Oberfl\u00e4che der FSC-zertifizierten europ\u00e4ischen Holz ist leicht rau, wodurch sie vollst\u00e4ndig stapelbar und weniger rutschig sind.<\/p>\n<p>Der Gl\u00fccksk\u00e4fer Baupl\u00e4ttchen &#8220;Turm im Kasten&#8221; ist f\u00fcr Kinder ab 10 Monaten geeignet.<\/p>\n<p>Inhalt:<\/p>\n<p>60 Baulatten aus Holz<br \/>\n1 Aufbewahrungsturm aus Holz (22 x 11 x 10 cm)<\/p>\n","protected":false},"excerpt":{"rendered":"<p>Artikelnummer: 523300<\/p>\n<p>Die von Waldorf inspirierten handgefertigten Holzbausteine im Holzturm aus der Serie \u201eBunte Formen\u201c von Gl\u00fccksk\u00e4fer enthalten 60 Holzlatten in 20 verschiedenen Regenbogenfarben.<\/p>\n","protected":false},"featured_media":59124,"comment_status":"open","ping_status":"closed","template":"","meta":[],"product_brand":[],"product_cat":[21444,21445,21704,21479,21486,21484,21631,23075,21443,21494,21678,21497,21699,21564,21483,22919],"product_tag":[27923,27924,23463,22143,21712],"class_list":{"0":"post-59123","1":"product","2":"type-product","3":"status-publish","4":"has-post-thumbnail","6":"product_cat-1-3-jahre-kleinkind","7":"product_cat-3-6-jahre-vorschule","8":"product_cat-baukloetze-aus-holz","9":"product_cat-lernmaterialien-spielzeug-montessori-waldorf-steiner-froebel","10":"product_cat-geschenk-guide-1-3-jahre-kleinkind","11":"product_cat-geschenk-guides","12":"product_cat-glueckskaefer","13":"product_cat-handgefertigtes-holzspielzeug","14":"product_cat-nach-alter","15":"product_cat-schulbedarf-fuer-zuhause","16":"product_cat-kinder-spielzeug","17":"product_cat-spielen-und-lernen-fuer-babys-kleinkinder","18":"product_cat-stapelspielzeug","19":"product_cat-unsere-marken","20":"product_cat-waldorf-steiner-paedagogik","21":"product_cat-waldorfspielzeug","22":"product_tag-farbige-holzbausteine","23":"product_tag-gluckskafer-bauplattchen-turm-im-kasten","24":"product_tag-gluckskafer-bunte-formen","25":"product_tag-handgefertigtes-holzspielzeug-de","26":"product_tag-hergestellt-in-deutschland","28":"first","29":"instock","30":"taxable","31":"shipping-taxable","32":"purchasable","33":"product-type-simple"},"yoast_head":"<!-- This site is optimized with the Yoast SEO plugin v27.3 - https:\/\/yoast.com\/product\/yoast-seo-wordpress\/ -->\n<title>Baupl\u00e4ttchen &quot;Turm im Kasten&quot; - Gl\u00fccksk\u00e4fer<\/title>\n<meta name=\"description\" content=\"Ein Set mit 60 farbenfrohen, von Waldorf inspirierten, handgefertigten Holz-Regenbogenbausteinen in einem Holzturm aus dem Gl\u00fccksk\u00e4fer-Sortiment mit bunten Formen.\" \/>\n<meta name=\"robots\" content=\"index, follow, max-snippet:-1, max-image-preview:large, max-video-preview:-1\" \/>\n<link rel=\"canonical\" href=\"https:\/\/teiaeducation.ch\/de\/produkt\/bauplaettchen-turm-im-kasten-glueckskaefer\/\" \/>\n<meta property=\"og:locale\" content=\"de_DE\" \/>\n<meta property=\"og:type\" content=\"article\" \/>\n<meta property=\"og:title\" content=\"Baupl\u00e4ttchen &quot;Turm im Kasten&quot; - Gl\u00fccksk\u00e4fer\" \/>\n<meta property=\"og:description\" content=\"Ein Set mit 60 farbenfrohen, von Waldorf inspirierten, handgefertigten Holz-Regenbogenbausteinen in einem Holzturm aus dem Gl\u00fccksk\u00e4fer-Sortiment mit bunten Formen.\" \/>\n<meta property=\"og:url\" content=\"https:\/\/teiaeducation.ch\/de\/produkt\/bauplaettchen-turm-im-kasten-glueckskaefer\/\" \/>\n<meta property=\"og:site_name\" content=\"Sustainable Educational Products &amp; Ecological Toys\u00a0\" \/>\n<meta property=\"article:publisher\" content=\"https:\/\/www.facebook.com\/teiaeducation\/\" \/>\n<meta property=\"article:modified_time\" content=\"2025-12-11T17:30:09+00:00\" \/>\n<meta property=\"og:image\" content=\"https:\/\/teiaeducation.ch\/wp-content\/uploads\/2020\/05\/gluckskafer-Building-Slats-in-Tower-60-building-blocks-colours.jpg\" \/>\n\t<meta property=\"og:image:width\" content=\"853\" \/>\n\t<meta property=\"og:image:height\" content=\"886\" \/>\n\t<meta property=\"og:image:type\" content=\"image\/jpeg\" \/>\n<script type=\"application\/ld+json\" class=\"yoast-schema-graph\">{\"@context\":\"https:\\\/\\\/schema.org\",\"@graph\":[{\"@type\":\"WebPage\",\"@id\":\"https:\\\/\\\/teiaeducation.ch\\\/de\\\/produkt\\\/bauplaettchen-turm-im-kasten-glueckskaefer\\\/\",\"url\":\"https:\\\/\\\/teiaeducation.ch\\\/de\\\/produkt\\\/bauplaettchen-turm-im-kasten-glueckskaefer\\\/\",\"name\":\"Baupl\u00e4ttchen \\\"Turm im Kasten\\\" - Gl\u00fccksk\u00e4fer\",\"isPartOf\":{\"@id\":\"https:\\\/\\\/teiaeducation.ch\\\/de\\\/#website\"},\"primaryImageOfPage\":{\"@id\":\"https:\\\/\\\/teiaeducation.ch\\\/de\\\/produkt\\\/bauplaettchen-turm-im-kasten-glueckskaefer\\\/#primaryimage\"},\"image\":{\"@id\":\"https:\\\/\\\/teiaeducation.ch\\\/de\\\/produkt\\\/bauplaettchen-turm-im-kasten-glueckskaefer\\\/#primaryimage\"},\"thumbnailUrl\":\"https:\\\/\\\/teiaeducation.ch\\\/wp-content\\\/uploads\\\/2020\\\/05\\\/gluckskafer-Building-Slats-in-Tower-60-building-blocks-colours.jpg\",\"datePublished\":\"2020-05-16T18:07:15+00:00\",\"dateModified\":\"2025-12-11T17:30:09+00:00\",\"description\":\"Ein Set mit 60 farbenfrohen, von Waldorf inspirierten, handgefertigten Holz-Regenbogenbausteinen in einem Holzturm aus dem Gl\u00fccksk\u00e4fer-Sortiment mit bunten Formen.\",\"breadcrumb\":{\"@id\":\"https:\\\/\\\/teiaeducation.ch\\\/de\\\/produkt\\\/bauplaettchen-turm-im-kasten-glueckskaefer\\\/#breadcrumb\"},\"inLanguage\":\"de-CH\",\"potentialAction\":[{\"@type\":\"ReadAction\",\"target\":[\"https:\\\/\\\/teiaeducation.ch\\\/de\\\/produkt\\\/bauplaettchen-turm-im-kasten-glueckskaefer\\\/\"]}]},{\"@type\":\"ImageObject\",\"inLanguage\":\"de-CH\",\"@id\":\"https:\\\/\\\/teiaeducation.ch\\\/de\\\/produkt\\\/bauplaettchen-turm-im-kasten-glueckskaefer\\\/#primaryimage\",\"url\":\"https:\\\/\\\/teiaeducation.ch\\\/wp-content\\\/uploads\\\/2020\\\/05\\\/gluckskafer-Building-Slats-in-Tower-60-building-blocks-colours.jpg\",\"contentUrl\":\"https:\\\/\\\/teiaeducation.ch\\\/wp-content\\\/uploads\\\/2020\\\/05\\\/gluckskafer-Building-Slats-in-Tower-60-building-blocks-colours.jpg\",\"width\":853,\"height\":886,\"caption\":\"Handgefertigte Holzkl\u00f6tze Baupl\u00e4ttchen \\\"Turm im Kasten\\\" - Gl\u00fccksk\u00e4fer\"},{\"@type\":\"BreadcrumbList\",\"@id\":\"https:\\\/\\\/teiaeducation.ch\\\/de\\\/produkt\\\/bauplaettchen-turm-im-kasten-glueckskaefer\\\/#breadcrumb\",\"itemListElement\":[{\"@type\":\"ListItem\",\"position\":1,\"name\":\"Home\",\"item\":\"https:\\\/\\\/teiaeducation.ch\\\/de\\\/\"},{\"@type\":\"ListItem\",\"position\":2,\"name\":\"Laden\",\"item\":\"https:\\\/\\\/teiaeducation.ch\\\/de\\\/shop\\\/\"},{\"@type\":\"ListItem\",\"position\":3,\"name\":\"Unsere Marken\",\"item\":\"https:\\\/\\\/teiaeducation.ch\\\/de\\\/produkt-kategorie\\\/unsere-marken\\\/\"},{\"@type\":\"ListItem\",\"position\":4,\"name\":\"Gl\u00fccksk\u00e4fer\",\"item\":\"https:\\\/\\\/teiaeducation.ch\\\/de\\\/produkt-kategorie\\\/unsere-marken\\\/glueckskaefer\\\/\"},{\"@type\":\"ListItem\",\"position\":5,\"name\":\"Baupl\u00e4ttchen &#8220;Turm im Kasten&#8221; &#8211; Gl\u00fccksk\u00e4fer\"}]},{\"@type\":\"WebSite\",\"@id\":\"https:\\\/\\\/teiaeducation.ch\\\/de\\\/#website\",\"url\":\"https:\\\/\\\/teiaeducation.ch\\\/de\\\/\",\"name\":\"Sustainable Educational Products &amp; Ecological Toys\u00a0\",\"description\":\"Specialised Swiss shop selling sustainable educational toys and games, AMI certified Montessori materials, handmade ecological wooden Waldorf toys and arts &amp; crafts supplies, school supplies, children&#039;s furniture and Montessori reference and parenting books.\",\"publisher\":{\"@id\":\"https:\\\/\\\/teiaeducation.ch\\\/de\\\/#organization\"},\"alternateName\":\"Teia Education & Play\",\"potentialAction\":[{\"@type\":\"SearchAction\",\"target\":{\"@type\":\"EntryPoint\",\"urlTemplate\":\"https:\\\/\\\/teiaeducation.ch\\\/de\\\/?s={search_term_string}\"},\"query-input\":{\"@type\":\"PropertyValueSpecification\",\"valueRequired\":true,\"valueName\":\"search_term_string\"}}],\"inLanguage\":\"de-CH\"},{\"@type\":\"Organization\",\"@id\":\"https:\\\/\\\/teiaeducation.ch\\\/de\\\/#organization\",\"name\":\"Teia Education & Play\",\"url\":\"https:\\\/\\\/teiaeducation.ch\\\/de\\\/\",\"logo\":{\"@type\":\"ImageObject\",\"inLanguage\":\"de-CH\",\"@id\":\"https:\\\/\\\/teiaeducation.ch\\\/de\\\/#\\\/schema\\\/logo\\\/image\\\/\",\"url\":\"https:\\\/\\\/teiaeducation.ch\\\/wp-content\\\/uploads\\\/2020\\\/11\\\/Teia-Education-Switzerland-e1620156442216.jpg\",\"contentUrl\":\"https:\\\/\\\/teiaeducation.ch\\\/wp-content\\\/uploads\\\/2020\\\/11\\\/Teia-Education-Switzerland-e1620156442216.jpg\",\"width\":166,\"height\":145,\"caption\":\"Teia Education & Play\"},\"image\":{\"@id\":\"https:\\\/\\\/teiaeducation.ch\\\/de\\\/#\\\/schema\\\/logo\\\/image\\\/\"},\"sameAs\":[\"https:\\\/\\\/www.facebook.com\\\/teiaeducation\\\/\",\"https:\\\/\\\/x.com\\\/EducationTeia\",\"https:\\\/\\\/www.instagram.com\\\/teia.education\\\/\",\"https:\\\/\\\/www.linkedin.com\\\/company\\\/35501660\",\"https:\\\/\\\/www.pinterest.ch\\\/TeiaEducation\\\/\"]}]}<\/script>\n<!-- \/ Yoast SEO plugin. -->","yoast_head_json":{"title":"Baupl\u00e4ttchen \"Turm im Kasten\" - Gl\u00fccksk\u00e4fer","description":"Ein Set mit 60 farbenfrohen, von Waldorf inspirierten, handgefertigten Holz-Regenbogenbausteinen in einem Holzturm aus dem Gl\u00fccksk\u00e4fer-Sortiment mit bunten Formen.","robots":{"index":"index","follow":"follow","max-snippet":"max-snippet:-1","max-image-preview":"max-image-preview:large","max-video-preview":"max-video-preview:-1"},"canonical":"https:\/\/teiaeducation.ch\/de\/produkt\/bauplaettchen-turm-im-kasten-glueckskaefer\/","og_locale":"de_DE","og_type":"article","og_title":"Baupl\u00e4ttchen \"Turm im Kasten\" - Gl\u00fccksk\u00e4fer","og_description":"Ein Set mit 60 farbenfrohen, von Waldorf inspirierten, handgefertigten Holz-Regenbogenbausteinen in einem Holzturm aus dem Gl\u00fccksk\u00e4fer-Sortiment mit bunten Formen.","og_url":"https:\/\/teiaeducation.ch\/de\/produkt\/bauplaettchen-turm-im-kasten-glueckskaefer\/","og_site_name":"Sustainable Educational Products &amp; Ecological Toys\u00a0","article_publisher":"https:\/\/www.facebook.com\/teiaeducation\/","article_modified_time":"2025-12-11T17:30:09+00:00","og_image":[{"width":853,"height":886,"url":"https:\/\/teiaeducation.ch\/wp-content\/uploads\/2020\/05\/gluckskafer-Building-Slats-in-Tower-60-building-blocks-colours.jpg","type":"image\/jpeg"}],"schema":{"@context":"https:\/\/schema.org","@graph":[{"@type":"WebPage","@id":"https:\/\/teiaeducation.ch\/de\/produkt\/bauplaettchen-turm-im-kasten-glueckskaefer\/","url":"https:\/\/teiaeducation.ch\/de\/produkt\/bauplaettchen-turm-im-kasten-glueckskaefer\/","name":"Baupl\u00e4ttchen \"Turm im Kasten\" - Gl\u00fccksk\u00e4fer","isPartOf":{"@id":"https:\/\/teiaeducation.ch\/de\/#website"},"primaryImageOfPage":{"@id":"https:\/\/teiaeducation.ch\/de\/produkt\/bauplaettchen-turm-im-kasten-glueckskaefer\/#primaryimage"},"image":{"@id":"https:\/\/teiaeducation.ch\/de\/produkt\/bauplaettchen-turm-im-kasten-glueckskaefer\/#primaryimage"},"thumbnailUrl":"https:\/\/teiaeducation.ch\/wp-content\/uploads\/2020\/05\/gluckskafer-Building-Slats-in-Tower-60-building-blocks-colours.jpg","datePublished":"2020-05-16T18:07:15+00:00","dateModified":"2025-12-11T17:30:09+00:00","description":"Ein Set mit 60 farbenfrohen, von Waldorf inspirierten, handgefertigten Holz-Regenbogenbausteinen in einem Holzturm aus dem Gl\u00fccksk\u00e4fer-Sortiment mit bunten Formen.","breadcrumb":{"@id":"https:\/\/teiaeducation.ch\/de\/produkt\/bauplaettchen-turm-im-kasten-glueckskaefer\/#breadcrumb"},"inLanguage":"de-CH","potentialAction":[{"@type":"ReadAction","target":["https:\/\/teiaeducation.ch\/de\/produkt\/bauplaettchen-turm-im-kasten-glueckskaefer\/"]}]},{"@type":"ImageObject","inLanguage":"de-CH","@id":"https:\/\/teiaeducation.ch\/de\/produkt\/bauplaettchen-turm-im-kasten-glueckskaefer\/#primaryimage","url":"https:\/\/teiaeducation.ch\/wp-content\/uploads\/2020\/05\/gluckskafer-Building-Slats-in-Tower-60-building-blocks-colours.jpg","contentUrl":"https:\/\/teiaeducation.ch\/wp-content\/uploads\/2020\/05\/gluckskafer-Building-Slats-in-Tower-60-building-blocks-colours.jpg","width":853,"height":886,"caption":"Handgefertigte Holzkl\u00f6tze Baupl\u00e4ttchen \"Turm im Kasten\" - Gl\u00fccksk\u00e4fer"},{"@type":"BreadcrumbList","@id":"https:\/\/teiaeducation.ch\/de\/produkt\/bauplaettchen-turm-im-kasten-glueckskaefer\/#breadcrumb","itemListElement":[{"@type":"ListItem","position":1,"name":"Home","item":"https:\/\/teiaeducation.ch\/de\/"},{"@type":"ListItem","position":2,"name":"Laden","item":"https:\/\/teiaeducation.ch\/de\/shop\/"},{"@type":"ListItem","position":3,"name":"Unsere Marken","item":"https:\/\/teiaeducation.ch\/de\/produkt-kategorie\/unsere-marken\/"},{"@type":"ListItem","position":4,"name":"Gl\u00fccksk\u00e4fer","item":"https:\/\/teiaeducation.ch\/de\/produkt-kategorie\/unsere-marken\/glueckskaefer\/"},{"@type":"ListItem","position":5,"name":"Baupl\u00e4ttchen &#8220;Turm im Kasten&#8221; &#8211; Gl\u00fccksk\u00e4fer"}]},{"@type":"WebSite","@id":"https:\/\/teiaeducation.ch\/de\/#website","url":"https:\/\/teiaeducation.ch\/de\/","name":"Sustainable Educational Products &amp; Ecological Toys\u00a0","description":"Specialised Swiss shop selling sustainable educational toys and games, AMI certified Montessori materials, handmade ecological wooden Waldorf toys and arts &amp; crafts supplies, school supplies, children&#039;s furniture and Montessori reference and parenting books.","publisher":{"@id":"https:\/\/teiaeducation.ch\/de\/#organization"},"alternateName":"Teia Education & Play","potentialAction":[{"@type":"SearchAction","target":{"@type":"EntryPoint","urlTemplate":"https:\/\/teiaeducation.ch\/de\/?s={search_term_string}"},"query-input":{"@type":"PropertyValueSpecification","valueRequired":true,"valueName":"search_term_string"}}],"inLanguage":"de-CH"},{"@type":"Organization","@id":"https:\/\/teiaeducation.ch\/de\/#organization","name":"Teia Education & Play","url":"https:\/\/teiaeducation.ch\/de\/","logo":{"@type":"ImageObject","inLanguage":"de-CH","@id":"https:\/\/teiaeducation.ch\/de\/#\/schema\/logo\/image\/","url":"https:\/\/teiaeducation.ch\/wp-content\/uploads\/2020\/11\/Teia-Education-Switzerland-e1620156442216.jpg","contentUrl":"https:\/\/teiaeducation.ch\/wp-content\/uploads\/2020\/11\/Teia-Education-Switzerland-e1620156442216.jpg","width":166,"height":145,"caption":"Teia Education & Play"},"image":{"@id":"https:\/\/teiaeducation.ch\/de\/#\/schema\/logo\/image\/"},"sameAs":["https:\/\/www.facebook.com\/teiaeducation\/","https:\/\/x.com\/EducationTeia","https:\/\/www.instagram.com\/teia.education\/","https:\/\/www.linkedin.com\/company\/35501660","https:\/\/www.pinterest.ch\/TeiaEducation\/"]}]}},"_links":{"self":[{"href":"https:\/\/teiaeducation.ch\/de\/wp-json\/wp\/v2\/product\/59123","targetHints":{"allow":["GET"]}}],"collection":[{"href":"https:\/\/teiaeducation.ch\/de\/wp-json\/wp\/v2\/product"}],"about":[{"href":"https:\/\/teiaeducation.ch\/de\/wp-json\/wp\/v2\/types\/product"}],"replies":[{"embeddable":true,"href":"https:\/\/teiaeducation.ch\/de\/wp-json\/wp\/v2\/comments?post=59123"}],"wp:featuredmedia":[{"embeddable":true,"href":"https:\/\/teiaeducation.ch\/de\/wp-json\/wp\/v2\/media\/59124"}],"wp:attachment":[{"href":"https:\/\/teiaeducation.ch\/de\/wp-json\/wp\/v2\/media?parent=59123"}],"wp:term":[{"taxonomy":"product_brand","embeddable":true,"href":"https:\/\/teiaeducation.ch\/de\/wp-json\/wp\/v2\/product_brand?post=59123"},{"taxonomy":"product_cat","embeddable":true,"href":"https:\/\/teiaeducation.ch\/de\/wp-json\/wp\/v2\/product_cat?post=59123"},{"taxonomy":"product_tag","embeddable":true,"href":"https:\/\/teiaeducation.ch\/de\/wp-json\/wp\/v2\/product_tag?post=59123"}],"curies":[{"name":"wp","href":"https:\/\/api.w.org\/{rel}","templated":true}]}}