{"id":59127,"date":"2020-05-16T18:19:59","date_gmt":"2020-05-16T16:19:59","guid":{"rendered":"https:\/\/teiaeducation.ch\/product\/baukloetze-im-kasten-regenbogenfarben-glueckskaefer\/"},"modified":"2024-02-27T15:42:12","modified_gmt":"2024-02-27T14:42:12","slug":"baukloetze-im-kasten-regenbogenfarben-glueckskaefer","status":"publish","type":"product","link":"https:\/\/teiaeducation.ch\/de\/produkt\/baukloetze-im-kasten-regenbogenfarben-glueckskaefer\/","title":{"rendered":"Baukl\u00f6tze im Kasten, Regenbogenfarben &#8211; Gl\u00fccksk\u00e4fer"},"content":{"rendered":"<p>Baukl\u00f6tze im Kasten, Regenbogenfarben \/ Handgefertigte Holzkl\u00f6tze &#8211; Gl\u00fccksk\u00e4fer \u200b<\/p>\n<p>Ein Satz handgefertigter Holzlattenbl\u00f6cke im Waldorf-Stil in einem Holztablett aus der Serie \u201eBunte Formen\u201c von Gl\u00fccksk\u00e4fer. Die Holzablage hat die Ma\u00dfe 35 x 28 x 5 cm und enth\u00e4lt die 64 Holzlatten in den Farben des Regenbogens in vier verschiedenen Gr\u00f6\u00dfen.<\/p>\n<p>Die Holzlatten k\u00f6nnen verwendet werden, um eine Vielzahl von Strukturen und Geb\u00e4uden zu bauen, sie zu einem Turm zu stapeln, flache, farbenfrohe Mosaike zu erstellen, Z\u00e4une f\u00fcr einen Bauernhof oder ein Schloss zu bauen oder alles, was der Fantasie des Kindes \u00fcberlassen bleibt. \u200b Die Baulatten k\u00f6nnen auch zum Z\u00e4hlen, zum schematischen Legespiel oder f\u00fcr Farb<a href=\"https:\/\/teiaeducation.ch\/product-category\/play\/sorting\/\">sortier<\/a>aktivit\u00e4ten genutzt werden.<\/p>\n<p>Die bunten Gl\u00fccksk\u00e4fer-Formen sind ideal f\u00fcr das Spielen zu Hause, im Kindergarten, in der Waldorfschule oder in der Steiner-Schule. Sie sind nach der Waldorf-Philosophie hergestellt, die daf\u00fcr bekannt ist, dass sie Kinder ermutigt, das kreative Spiel unabh\u00e4ngig und ohne Einschr\u00e4nkungen zu entdecken. Die bunten Holzlatten werden von Hand mit ungiftigen Farben auf Wasserbasis gef\u00e4rbt und nicht lackiert, um sicherzustellen, dass die urspr\u00fcnglichen Eigenschaften des Holzes und die Maserung durchscheinen. Die Oberfl\u00e4che der FSC-zertifizierten europ\u00e4ischen Holz ist leicht rau, wodurch sie vollst\u00e4ndig stapelbar und weniger rutschig sind.<\/p>\n<p>Der Gl\u00fccksk\u00e4fer 64 Baukl\u00f6tze im Kasten ist f\u00fcr Kinder ab 10 Monaten geeignet.<\/p>\n<p>Inhalt:<\/p>\n<p>64 Baulatten aus Holz<br \/>\n1 Tablett aus Holz (35 x 28 x 5 cm)<\/p>\n","protected":false},"excerpt":{"rendered":"<p>Artikelnummer: 523302<\/p>\n<p>Die von Waldorf inspirierten handgefertigten Holzbaulatten in einer Holzschale aus der Serie \u201eBunte Formen\u201c von Gl\u00fccksk\u00e4fer enthalten die 64 Holzkl\u00f6tze in den Farben des Regenbogens in vier verschiedenen Gr\u00f6\u00dfen.<\/p>\n","protected":false},"featured_media":59128,"comment_status":"open","ping_status":"closed","template":"","meta":[],"product_brand":[],"product_cat":[21444,21445,21704,21479,21486,21487,21484,21631,23075,21443,21678,21699,21564,21483,22919],"product_tag":[27926,27923,23463,27925,23464,22143,21712,27911,23460],"class_list":{"0":"post-59127","1":"product","2":"type-product","3":"status-publish","4":"has-post-thumbnail","6":"product_cat-1-3-jahre-kleinkind","7":"product_cat-3-6-jahre-vorschule","8":"product_cat-baukloetze-aus-holz","9":"product_cat-lernmaterialien-spielzeug-montessori-waldorf-steiner-froebel","10":"product_cat-geschenk-guide-1-3-jahre-kleinkind","11":"product_cat-geschenk-guide-3-6-jahre-vorschule","12":"product_cat-geschenk-guides","13":"product_cat-glueckskaefer","14":"product_cat-handgefertigtes-holzspielzeug","15":"product_cat-nach-alter","16":"product_cat-kinder-spielzeug","17":"product_cat-stapelspielzeug","18":"product_cat-unsere-marken","19":"product_cat-waldorf-steiner-paedagogik","20":"product_cat-waldorfspielzeug","21":"product_tag-bunte-holzklotze-im-tablett","22":"product_tag-farbige-holzbausteine","23":"product_tag-gluckskafer-bunte-formen","24":"product_tag-gluckskafer-holzbaulatten-set","25":"product_tag-gluckskafer-schweiz-de","26":"product_tag-handgefertigtes-holzspielzeug-de","27":"product_tag-hergestellt-in-deutschland","28":"product_tag-waldorf-bunte-holzklotze-im-tablett","29":"product_tag-waldorfspielzeug-aus-holz-de","31":"first","32":"outofstock","33":"taxable","34":"shipping-taxable","35":"purchasable","36":"product-type-simple"},"yoast_head":"<!-- This site is optimized with the Yoast SEO Premium plugin v25.8 (Yoast SEO v27.4) - https:\/\/yoast.com\/product\/yoast-seo-premium-wordpress\/ -->\n<title>Baukl\u00f6tze im Kasten, Regenbogenfarben - Gl\u00fccksk\u00e4fer<\/title>\n<meta name=\"description\" content=\"Ein Satz von 64 farbenfrohen, handgefertigten Regenbogen-Baulatten aus Holz in 4 verschiedenen Gr\u00f6\u00dfen aus dem Gl\u00fccksk\u00e4fer-Sortiment an bunten Formen.\" \/>\n<meta name=\"robots\" content=\"index, follow, max-snippet:-1, max-image-preview:large, max-video-preview:-1\" \/>\n<link rel=\"canonical\" href=\"https:\/\/teiaeducation.ch\/de\/produkt\/baukloetze-im-kasten-regenbogenfarben-glueckskaefer\/\" \/>\n<meta property=\"og:locale\" content=\"de_DE\" \/>\n<meta property=\"og:type\" content=\"article\" \/>\n<meta property=\"og:title\" content=\"Baukl\u00f6tze im Kasten, Regenbogenfarben - Gl\u00fccksk\u00e4fer\" \/>\n<meta property=\"og:description\" content=\"Ein Satz von 64 farbenfrohen, handgefertigten Regenbogen-Baulatten aus Holz in 4 verschiedenen Gr\u00f6\u00dfen aus dem Gl\u00fccksk\u00e4fer-Sortiment an bunten Formen.\" \/>\n<meta property=\"og:url\" content=\"https:\/\/teiaeducation.ch\/de\/produkt\/baukloetze-im-kasten-regenbogenfarben-glueckskaefer\/\" \/>\n<meta property=\"og:site_name\" content=\"Sustainable Educational Products &amp; Ecological Toys\u00a0\" \/>\n<meta property=\"article:publisher\" content=\"https:\/\/www.facebook.com\/teiaeducation\/\" \/>\n<meta property=\"article:modified_time\" content=\"2024-02-27T14:42:12+00:00\" \/>\n<meta property=\"og:image\" content=\"https:\/\/teiaeducation.ch\/wp-content\/uploads\/2020\/05\/Gl\u00fccksk\u00e4fer-64-Building-Slats-In-Flat-Box-rainbow-colours.jpg\" \/>\n\t<meta property=\"og:image:width\" content=\"1000\" \/>\n\t<meta property=\"og:image:height\" content=\"1000\" \/>\n\t<meta property=\"og:image:type\" content=\"image\/jpeg\" \/>\n<script type=\"application\/ld+json\" class=\"yoast-schema-graph\">{\"@context\":\"https:\\\/\\\/schema.org\",\"@graph\":[{\"@type\":\"WebPage\",\"@id\":\"https:\\\/\\\/teiaeducation.ch\\\/de\\\/produkt\\\/baukloetze-im-kasten-regenbogenfarben-glueckskaefer\\\/\",\"url\":\"https:\\\/\\\/teiaeducation.ch\\\/de\\\/produkt\\\/baukloetze-im-kasten-regenbogenfarben-glueckskaefer\\\/\",\"name\":\"Baukl\u00f6tze im Kasten, Regenbogenfarben - Gl\u00fccksk\u00e4fer\",\"isPartOf\":{\"@id\":\"https:\\\/\\\/teiaeducation.ch\\\/de\\\/#website\"},\"primaryImageOfPage\":{\"@id\":\"https:\\\/\\\/teiaeducation.ch\\\/de\\\/produkt\\\/baukloetze-im-kasten-regenbogenfarben-glueckskaefer\\\/#primaryimage\"},\"image\":{\"@id\":\"https:\\\/\\\/teiaeducation.ch\\\/de\\\/produkt\\\/baukloetze-im-kasten-regenbogenfarben-glueckskaefer\\\/#primaryimage\"},\"thumbnailUrl\":\"https:\\\/\\\/teiaeducation.ch\\\/wp-content\\\/uploads\\\/2020\\\/05\\\/Gl\u00fccksk\u00e4fer-64-Building-Slats-In-Flat-Box-rainbow-colours.jpg\",\"datePublished\":\"2020-05-16T16:19:59+00:00\",\"dateModified\":\"2024-02-27T14:42:12+00:00\",\"description\":\"Ein Satz von 64 farbenfrohen, handgefertigten Regenbogen-Baulatten aus Holz in 4 verschiedenen Gr\u00f6\u00dfen aus dem Gl\u00fccksk\u00e4fer-Sortiment an bunten Formen.\",\"breadcrumb\":{\"@id\":\"https:\\\/\\\/teiaeducation.ch\\\/de\\\/produkt\\\/baukloetze-im-kasten-regenbogenfarben-glueckskaefer\\\/#breadcrumb\"},\"inLanguage\":\"de-CH\",\"potentialAction\":[{\"@type\":\"ReadAction\",\"target\":[\"https:\\\/\\\/teiaeducation.ch\\\/de\\\/produkt\\\/baukloetze-im-kasten-regenbogenfarben-glueckskaefer\\\/\"]}]},{\"@type\":\"ImageObject\",\"inLanguage\":\"de-CH\",\"@id\":\"https:\\\/\\\/teiaeducation.ch\\\/de\\\/produkt\\\/baukloetze-im-kasten-regenbogenfarben-glueckskaefer\\\/#primaryimage\",\"url\":\"https:\\\/\\\/teiaeducation.ch\\\/wp-content\\\/uploads\\\/2020\\\/05\\\/Gl\u00fccksk\u00e4fer-64-Building-Slats-In-Flat-Box-rainbow-colours.jpg\",\"contentUrl\":\"https:\\\/\\\/teiaeducation.ch\\\/wp-content\\\/uploads\\\/2020\\\/05\\\/Gl\u00fccksk\u00e4fer-64-Building-Slats-In-Flat-Box-rainbow-colours.jpg\",\"width\":1000,\"height\":1000,\"caption\":\"Handgefertigte Holzkl\u00f6tze 64 Baukl\u00f6tze im Kasten, Regenbogenfarben - Gl\u00fccksk\u00e4fer\"},{\"@type\":\"BreadcrumbList\",\"@id\":\"https:\\\/\\\/teiaeducation.ch\\\/de\\\/produkt\\\/baukloetze-im-kasten-regenbogenfarben-glueckskaefer\\\/#breadcrumb\",\"itemListElement\":[{\"@type\":\"ListItem\",\"position\":1,\"name\":\"Home\",\"item\":\"https:\\\/\\\/teiaeducation.ch\\\/de\\\/\"},{\"@type\":\"ListItem\",\"position\":2,\"name\":\"Laden\",\"item\":\"https:\\\/\\\/teiaeducation.ch\\\/de\\\/shop\\\/\"},{\"@type\":\"ListItem\",\"position\":3,\"name\":\"Unsere Marken\",\"item\":\"https:\\\/\\\/teiaeducation.ch\\\/de\\\/produkt-kategorie\\\/unsere-marken\\\/\"},{\"@type\":\"ListItem\",\"position\":4,\"name\":\"Gl\u00fccksk\u00e4fer\",\"item\":\"https:\\\/\\\/teiaeducation.ch\\\/de\\\/produkt-kategorie\\\/unsere-marken\\\/glueckskaefer\\\/\"},{\"@type\":\"ListItem\",\"position\":5,\"name\":\"Baukl\u00f6tze im Kasten, Regenbogenfarben &#8211; Gl\u00fccksk\u00e4fer\"}]},{\"@type\":\"WebSite\",\"@id\":\"https:\\\/\\\/teiaeducation.ch\\\/de\\\/#website\",\"url\":\"https:\\\/\\\/teiaeducation.ch\\\/de\\\/\",\"name\":\"Sustainable Educational Products &amp; Ecological Toys\u00a0\",\"description\":\"Specialised Swiss shop selling sustainable educational toys and games, AMI certified Montessori materials, handmade ecological wooden Waldorf toys and arts &amp; crafts supplies, school supplies, children&#039;s furniture and Montessori reference and parenting books.\",\"publisher\":{\"@id\":\"https:\\\/\\\/teiaeducation.ch\\\/de\\\/#organization\"},\"alternateName\":\"Teia Education & Play\",\"potentialAction\":[{\"@type\":\"SearchAction\",\"target\":{\"@type\":\"EntryPoint\",\"urlTemplate\":\"https:\\\/\\\/teiaeducation.ch\\\/de\\\/?s={search_term_string}\"},\"query-input\":{\"@type\":\"PropertyValueSpecification\",\"valueRequired\":true,\"valueName\":\"search_term_string\"}}],\"inLanguage\":\"de-CH\"},{\"@type\":\"Organization\",\"@id\":\"https:\\\/\\\/teiaeducation.ch\\\/de\\\/#organization\",\"name\":\"Teia Education & Play\",\"url\":\"https:\\\/\\\/teiaeducation.ch\\\/de\\\/\",\"logo\":{\"@type\":\"ImageObject\",\"inLanguage\":\"de-CH\",\"@id\":\"https:\\\/\\\/teiaeducation.ch\\\/de\\\/#\\\/schema\\\/logo\\\/image\\\/\",\"url\":\"https:\\\/\\\/teiaeducation.ch\\\/wp-content\\\/uploads\\\/2020\\\/11\\\/Teia-Education-Switzerland-e1620156442216.jpg\",\"contentUrl\":\"https:\\\/\\\/teiaeducation.ch\\\/wp-content\\\/uploads\\\/2020\\\/11\\\/Teia-Education-Switzerland-e1620156442216.jpg\",\"width\":166,\"height\":145,\"caption\":\"Teia Education & Play\"},\"image\":{\"@id\":\"https:\\\/\\\/teiaeducation.ch\\\/de\\\/#\\\/schema\\\/logo\\\/image\\\/\"},\"sameAs\":[\"https:\\\/\\\/www.facebook.com\\\/teiaeducation\\\/\",\"https:\\\/\\\/x.com\\\/EducationTeia\",\"https:\\\/\\\/www.instagram.com\\\/teia.education\\\/\",\"https:\\\/\\\/www.linkedin.com\\\/company\\\/35501660\",\"https:\\\/\\\/www.pinterest.ch\\\/TeiaEducation\\\/\"]}]}<\/script>\n<meta property=\"product:price:amount\" content=\"78.00\" \/>\n<meta property=\"product:price:currency\" content=\"CHF\" \/>\n<meta property=\"og:availability\" content=\"out of stock\" \/>\n<meta property=\"product:availability\" content=\"out of stock\" \/>\n<meta property=\"product:retailer_item_id\" content=\"00000000000000000000000000000000000000000000026532\" \/>\n<meta property=\"product:condition\" content=\"new\" \/>\n<!-- \/ Yoast SEO Premium plugin. -->","yoast_head_json":{"title":"Baukl\u00f6tze im Kasten, Regenbogenfarben - Gl\u00fccksk\u00e4fer","description":"Ein Satz von 64 farbenfrohen, handgefertigten Regenbogen-Baulatten aus Holz in 4 verschiedenen Gr\u00f6\u00dfen aus dem Gl\u00fccksk\u00e4fer-Sortiment an bunten Formen.","robots":{"index":"index","follow":"follow","max-snippet":"max-snippet:-1","max-image-preview":"max-image-preview:large","max-video-preview":"max-video-preview:-1"},"canonical":"https:\/\/teiaeducation.ch\/de\/produkt\/baukloetze-im-kasten-regenbogenfarben-glueckskaefer\/","og_locale":"de_DE","og_type":"article","og_title":"Baukl\u00f6tze im Kasten, Regenbogenfarben - Gl\u00fccksk\u00e4fer","og_description":"Ein Satz von 64 farbenfrohen, handgefertigten Regenbogen-Baulatten aus Holz in 4 verschiedenen Gr\u00f6\u00dfen aus dem Gl\u00fccksk\u00e4fer-Sortiment an bunten Formen.","og_url":"https:\/\/teiaeducation.ch\/de\/produkt\/baukloetze-im-kasten-regenbogenfarben-glueckskaefer\/","og_site_name":"Sustainable Educational Products &amp; Ecological Toys\u00a0","article_publisher":"https:\/\/www.facebook.com\/teiaeducation\/","article_modified_time":"2024-02-27T14:42:12+00:00","og_image":[{"width":1000,"height":1000,"url":"https:\/\/teiaeducation.ch\/wp-content\/uploads\/2020\/05\/Gl\u00fccksk\u00e4fer-64-Building-Slats-In-Flat-Box-rainbow-colours.jpg","type":"image\/jpeg"}],"schema":{"@context":"https:\/\/schema.org","@graph":[{"@type":"WebPage","@id":"https:\/\/teiaeducation.ch\/de\/produkt\/baukloetze-im-kasten-regenbogenfarben-glueckskaefer\/","url":"https:\/\/teiaeducation.ch\/de\/produkt\/baukloetze-im-kasten-regenbogenfarben-glueckskaefer\/","name":"Baukl\u00f6tze im Kasten, Regenbogenfarben - Gl\u00fccksk\u00e4fer","isPartOf":{"@id":"https:\/\/teiaeducation.ch\/de\/#website"},"primaryImageOfPage":{"@id":"https:\/\/teiaeducation.ch\/de\/produkt\/baukloetze-im-kasten-regenbogenfarben-glueckskaefer\/#primaryimage"},"image":{"@id":"https:\/\/teiaeducation.ch\/de\/produkt\/baukloetze-im-kasten-regenbogenfarben-glueckskaefer\/#primaryimage"},"thumbnailUrl":"https:\/\/teiaeducation.ch\/wp-content\/uploads\/2020\/05\/Gl\u00fccksk\u00e4fer-64-Building-Slats-In-Flat-Box-rainbow-colours.jpg","datePublished":"2020-05-16T16:19:59+00:00","dateModified":"2024-02-27T14:42:12+00:00","description":"Ein Satz von 64 farbenfrohen, handgefertigten Regenbogen-Baulatten aus Holz in 4 verschiedenen Gr\u00f6\u00dfen aus dem Gl\u00fccksk\u00e4fer-Sortiment an bunten Formen.","breadcrumb":{"@id":"https:\/\/teiaeducation.ch\/de\/produkt\/baukloetze-im-kasten-regenbogenfarben-glueckskaefer\/#breadcrumb"},"inLanguage":"de-CH","potentialAction":[{"@type":"ReadAction","target":["https:\/\/teiaeducation.ch\/de\/produkt\/baukloetze-im-kasten-regenbogenfarben-glueckskaefer\/"]}]},{"@type":"ImageObject","inLanguage":"de-CH","@id":"https:\/\/teiaeducation.ch\/de\/produkt\/baukloetze-im-kasten-regenbogenfarben-glueckskaefer\/#primaryimage","url":"https:\/\/teiaeducation.ch\/wp-content\/uploads\/2020\/05\/Gl\u00fccksk\u00e4fer-64-Building-Slats-In-Flat-Box-rainbow-colours.jpg","contentUrl":"https:\/\/teiaeducation.ch\/wp-content\/uploads\/2020\/05\/Gl\u00fccksk\u00e4fer-64-Building-Slats-In-Flat-Box-rainbow-colours.jpg","width":1000,"height":1000,"caption":"Handgefertigte Holzkl\u00f6tze 64 Baukl\u00f6tze im Kasten, Regenbogenfarben - Gl\u00fccksk\u00e4fer"},{"@type":"BreadcrumbList","@id":"https:\/\/teiaeducation.ch\/de\/produkt\/baukloetze-im-kasten-regenbogenfarben-glueckskaefer\/#breadcrumb","itemListElement":[{"@type":"ListItem","position":1,"name":"Home","item":"https:\/\/teiaeducation.ch\/de\/"},{"@type":"ListItem","position":2,"name":"Laden","item":"https:\/\/teiaeducation.ch\/de\/shop\/"},{"@type":"ListItem","position":3,"name":"Unsere Marken","item":"https:\/\/teiaeducation.ch\/de\/produkt-kategorie\/unsere-marken\/"},{"@type":"ListItem","position":4,"name":"Gl\u00fccksk\u00e4fer","item":"https:\/\/teiaeducation.ch\/de\/produkt-kategorie\/unsere-marken\/glueckskaefer\/"},{"@type":"ListItem","position":5,"name":"Baukl\u00f6tze im Kasten, Regenbogenfarben &#8211; Gl\u00fccksk\u00e4fer"}]},{"@type":"WebSite","@id":"https:\/\/teiaeducation.ch\/de\/#website","url":"https:\/\/teiaeducation.ch\/de\/","name":"Sustainable Educational Products &amp; Ecological Toys\u00a0","description":"Specialised Swiss shop selling sustainable educational toys and games, AMI certified Montessori materials, handmade ecological wooden Waldorf toys and arts &amp; crafts supplies, school supplies, children&#039;s furniture and Montessori reference and parenting books.","publisher":{"@id":"https:\/\/teiaeducation.ch\/de\/#organization"},"alternateName":"Teia Education & Play","potentialAction":[{"@type":"SearchAction","target":{"@type":"EntryPoint","urlTemplate":"https:\/\/teiaeducation.ch\/de\/?s={search_term_string}"},"query-input":{"@type":"PropertyValueSpecification","valueRequired":true,"valueName":"search_term_string"}}],"inLanguage":"de-CH"},{"@type":"Organization","@id":"https:\/\/teiaeducation.ch\/de\/#organization","name":"Teia Education & Play","url":"https:\/\/teiaeducation.ch\/de\/","logo":{"@type":"ImageObject","inLanguage":"de-CH","@id":"https:\/\/teiaeducation.ch\/de\/#\/schema\/logo\/image\/","url":"https:\/\/teiaeducation.ch\/wp-content\/uploads\/2020\/11\/Teia-Education-Switzerland-e1620156442216.jpg","contentUrl":"https:\/\/teiaeducation.ch\/wp-content\/uploads\/2020\/11\/Teia-Education-Switzerland-e1620156442216.jpg","width":166,"height":145,"caption":"Teia Education & Play"},"image":{"@id":"https:\/\/teiaeducation.ch\/de\/#\/schema\/logo\/image\/"},"sameAs":["https:\/\/www.facebook.com\/teiaeducation\/","https:\/\/x.com\/EducationTeia","https:\/\/www.instagram.com\/teia.education\/","https:\/\/www.linkedin.com\/company\/35501660","https:\/\/www.pinterest.ch\/TeiaEducation\/"]}]},"product_price_amount":"78.00","product_price_currency":"CHF","og_availability":"out of stock","product_availability":"out of stock","product_retailer_item_id":"00000000000000000000000000000000000000000000026532","product_condition":"new"},"_links":{"self":[{"href":"https:\/\/teiaeducation.ch\/de\/wp-json\/wp\/v2\/product\/59127","targetHints":{"allow":["GET"]}}],"collection":[{"href":"https:\/\/teiaeducation.ch\/de\/wp-json\/wp\/v2\/product"}],"about":[{"href":"https:\/\/teiaeducation.ch\/de\/wp-json\/wp\/v2\/types\/product"}],"replies":[{"embeddable":true,"href":"https:\/\/teiaeducation.ch\/de\/wp-json\/wp\/v2\/comments?post=59127"}],"wp:featuredmedia":[{"embeddable":true,"href":"https:\/\/teiaeducation.ch\/de\/wp-json\/wp\/v2\/media\/59128"}],"wp:attachment":[{"href":"https:\/\/teiaeducation.ch\/de\/wp-json\/wp\/v2\/media?parent=59127"}],"wp:term":[{"taxonomy":"product_brand","embeddable":true,"href":"https:\/\/teiaeducation.ch\/de\/wp-json\/wp\/v2\/product_brand?post=59127"},{"taxonomy":"product_cat","embeddable":true,"href":"https:\/\/teiaeducation.ch\/de\/wp-json\/wp\/v2\/product_cat?post=59127"},{"taxonomy":"product_tag","embeddable":true,"href":"https:\/\/teiaeducation.ch\/de\/wp-json\/wp\/v2\/product_tag?post=59127"}],"curies":[{"name":"wp","href":"https:\/\/api.w.org\/{rel}","templated":true}]}}