{"id":59130,"date":"2020-05-04T22:02:33","date_gmt":"2020-05-04T20:02:33","guid":{"rendered":"https:\/\/teiaeducation.ch\/product\/bogen-haus-rot-glueckskaefer\/"},"modified":"2025-12-11T18:42:58","modified_gmt":"2025-12-11T17:42:58","slug":"bogen-haus-rot-glueckskaefer","status":"publish","type":"product","link":"https:\/\/teiaeducation.ch\/de\/produkt\/bogen-haus-rot-glueckskaefer\/","title":{"rendered":"Bogen-Haus Rot aus Holz &#8211; Gl\u00fccksk\u00e4fer"},"content":{"rendered":"<p>Bogen-Haus Rot \/ Handgefertigtes Stapelspielzeug aus Holz &#8211; Gl\u00fccksk\u00e4fer<\/p>\n<p>Das handgefertigte Bogen-Haus Rot aus Holz ist ein vielseitiges Stapelspielzeug aus der Serie \u201eBunte Formen\u201c von Gl\u00fccksk\u00e4fer mit den Ma\u00dfen 19 x 14 x 7 Zentimeter. Dieses Waldorf-inspirierte Spielzeugset enth\u00e4lt 8 Formen in verschiedenen Rot-, Orange-, Gelbt\u00f6nen und einem gr\u00fcnen Akzent und bietet eine endlose Vielfalt an offenen Spielm\u00f6glichkeiten und ein sensorisches Erlebnis f\u00fcr das Kind. Die Teile k\u00f6nnen gestapelt oder ineinander geschachtelt werden, die einzelnen Teile k\u00f6nnen als Tunnel f\u00fcr Zuggarnituren oder <a href=\"https:\/\/teiaeducation.ch\/product\/ringroad-waytoplay\/\">Stra\u00dfenteile<\/a> verwendet werden, es k\u00f6nnen H\u00e4user f\u00fcr Figuren, kleine Puppen, Elfen, Feen, Zwerge, Kobolde oder andere Fabelwesen entstehen. Die St\u00fccke k\u00f6nnen als H\u00fchnerst\u00e4lle oder St\u00e4lle f\u00fcr Spielzeugbauernh\u00f6fe dienen und eignen sich f\u00fcr den Einsatz auf einem Waldorf-Natur- oder Jahreszeitentisch oder als Erg\u00e4nzung zu Krippenfiguren f\u00fcr eine Weihnachtsszene.<\/p>\n<p>Die bunten Gl\u00fccksk\u00e4fer-Formen sind ideal f\u00fcr das Spielen zu Hause, im Kindergarten, in der Waldorfschule oder in der Steiner-Schule. Sie sind nach der Waldorf-Philosophie hergestellt, die daf\u00fcr bekannt ist, dass sie Kinder ermutigt, das kreative Spiel unabh\u00e4ngig und ohne Einschr\u00e4nkungen zu entdecken. Das h\u00f6lzerne Bogenhaus wird von Hand mit ungiftigen Farben auf Wasserbasis gef\u00e4rbt und nicht lackiert, um sicherzustellen, dass die urspr\u00fcnglichen Eigenschaften des Holzes und die Maserung durchscheinen. Die Oberfl\u00e4che der FSC-zertifizierten europ\u00e4ischen Holz ist leicht rau, wodurch sie vollst\u00e4ndig stapelbar und weniger rutschig sind.<\/p>\n<p>Der Gl\u00fccksk\u00e4fer Bogen-Haus Rot ist f\u00fcr Kinder ab 2 Jahren geeignet.<\/p>\n<p>Inhalt:<\/p>\n<p>1 5-teiliges Bogen-Haus Rot aus Holz (19 x 14 x 7 cm)<\/p>\n","protected":false},"excerpt":{"rendered":"<p>Artikelnummer: 523040<\/p>\n<p>as handgefertigte Bogen-Haus Rot aus Holz ist ein vielseitiges Stapelspielzeug aus der \u201eBunte Formen\u201c-Reihe von Gl\u00fccksk\u00e4fer, das eine endlose Vielfalt an Spielm\u00f6glichkeiten bietet.<\/p>\n","protected":false},"featured_media":59131,"comment_status":"open","ping_status":"closed","template":"","meta":[],"product_brand":[],"product_cat":[21444,21445,21479,21465,21690,21631,23075,21464,21443,22349,22362,21494,21678,21497,21699,21564,21483,22919],"product_tag":[27807,27927,23461,22143,21712,23462],"class_list":{"0":"post-59130","1":"product","2":"type-product","3":"status-publish","4":"has-post-thumbnail","6":"product_cat-1-3-jahre-kleinkind","7":"product_cat-3-6-jahre-vorschule","8":"product_cat-lernmaterialien-spielzeug-montessori-waldorf-steiner-froebel","9":"product_cat-feier-festlichkeiten","10":"product_cat-spiele-mit-offenem-ende","11":"product_cat-glueckskaefer","12":"product_cat-handgefertigtes-holzspielzeug","13":"product_cat-herbstkollektion","14":"product_cat-nach-alter","15":"product_cat-natur-saisonale-tische-de","16":"product_cat-saisonale-kollektionen","17":"product_cat-schulbedarf-fuer-zuhause","18":"product_cat-kinder-spielzeug","19":"product_cat-spielen-und-lernen-fuer-babys-kleinkinder","20":"product_cat-stapelspielzeug","21":"product_cat-unsere-marken","22":"product_cat-waldorf-steiner-paedagogik","23":"product_cat-waldorfspielzeug","24":"product_tag-buntes-stapelspielzeug-aus-holz","25":"product_tag-gluckskafer-blaue-grotte","26":"product_tag-gluckskafer-bunte-formen-aus-holz","27":"product_tag-handgefertigtes-holzspielzeug-de","28":"product_tag-hergestellt-in-deutschland","29":"product_tag-waldorf-holzspielzeug","31":"first","32":"instock","33":"taxable","34":"shipping-taxable","35":"purchasable","36":"product-type-simple"},"yoast_head":"<!-- This site is optimized with the Yoast SEO plugin v27.1.1 - https:\/\/yoast.com\/product\/yoast-seo-wordpress\/ -->\n<title>Bogen-Haus Rot \u2013 Gl\u00fccksk\u00e4fer<\/title>\n<meta name=\"description\" content=\"Das handgefertigte Bogen-Haus Rot aus Holz von Gl\u00fccksk\u00e4fer ist ein vielseitiges Stapelspielzeug, das eine endlose Vielfalt an Spielm\u00f6glichkeiten bietet.\" \/>\n<meta name=\"robots\" content=\"index, follow, max-snippet:-1, max-image-preview:large, max-video-preview:-1\" \/>\n<link rel=\"canonical\" href=\"https:\/\/teiaeducation.ch\/de\/produkt\/bogen-haus-rot-glueckskaefer\/\" \/>\n<meta property=\"og:locale\" content=\"de_DE\" \/>\n<meta property=\"og:type\" content=\"article\" \/>\n<meta property=\"og:title\" content=\"Bogen-Haus Rot \u2013 Gl\u00fccksk\u00e4fer\" \/>\n<meta property=\"og:description\" content=\"Das handgefertigte Bogen-Haus Rot aus Holz von Gl\u00fccksk\u00e4fer ist ein vielseitiges Stapelspielzeug, das eine endlose Vielfalt an Spielm\u00f6glichkeiten bietet.\" \/>\n<meta property=\"og:url\" content=\"https:\/\/teiaeducation.ch\/de\/produkt\/bogen-haus-rot-glueckskaefer\/\" \/>\n<meta property=\"og:site_name\" content=\"Sustainable Educational Products &amp; Ecological Toys\u00a0\" \/>\n<meta property=\"article:publisher\" content=\"https:\/\/www.facebook.com\/teiaeducation\/\" \/>\n<meta property=\"article:modified_time\" content=\"2025-12-11T17:42:58+00:00\" \/>\n<meta property=\"og:image\" content=\"https:\/\/teiaeducation.ch\/wp-content\/uploads\/2020\/05\/Arch-house-red-Gl\u00fccksk\u00e4fer.jpg\" \/>\n\t<meta property=\"og:image:width\" content=\"800\" \/>\n\t<meta property=\"og:image:height\" content=\"800\" \/>\n\t<meta property=\"og:image:type\" content=\"image\/jpeg\" \/>\n<script type=\"application\/ld+json\" class=\"yoast-schema-graph\">{\"@context\":\"https:\/\/schema.org\",\"@graph\":[{\"@type\":\"WebPage\",\"@id\":\"https:\/\/teiaeducation.ch\/de\/produkt\/bogen-haus-rot-glueckskaefer\/\",\"url\":\"https:\/\/teiaeducation.ch\/de\/produkt\/bogen-haus-rot-glueckskaefer\/\",\"name\":\"Bogen-Haus Rot \u2013 Gl\u00fccksk\u00e4fer\",\"isPartOf\":{\"@id\":\"https:\/\/teiaeducation.ch\/de\/#website\"},\"primaryImageOfPage\":{\"@id\":\"https:\/\/teiaeducation.ch\/de\/produkt\/bogen-haus-rot-glueckskaefer\/#primaryimage\"},\"image\":{\"@id\":\"https:\/\/teiaeducation.ch\/de\/produkt\/bogen-haus-rot-glueckskaefer\/#primaryimage\"},\"thumbnailUrl\":\"https:\/\/teiaeducation.ch\/wp-content\/uploads\/2020\/05\/Arch-house-red-Gl\u00fccksk\u00e4fer.jpg\",\"datePublished\":\"2020-05-04T20:02:33+00:00\",\"dateModified\":\"2025-12-11T17:42:58+00:00\",\"description\":\"Das handgefertigte Bogen-Haus Rot aus Holz von Gl\u00fccksk\u00e4fer ist ein vielseitiges Stapelspielzeug, das eine endlose Vielfalt an Spielm\u00f6glichkeiten bietet.\",\"breadcrumb\":{\"@id\":\"https:\/\/teiaeducation.ch\/de\/produkt\/bogen-haus-rot-glueckskaefer\/#breadcrumb\"},\"inLanguage\":\"de-CH\",\"potentialAction\":[{\"@type\":\"ReadAction\",\"target\":[\"https:\/\/teiaeducation.ch\/de\/produkt\/bogen-haus-rot-glueckskaefer\/\"]}]},{\"@type\":\"ImageObject\",\"inLanguage\":\"de-CH\",\"@id\":\"https:\/\/teiaeducation.ch\/de\/produkt\/bogen-haus-rot-glueckskaefer\/#primaryimage\",\"url\":\"https:\/\/teiaeducation.ch\/wp-content\/uploads\/2020\/05\/Arch-house-red-Gl\u00fccksk\u00e4fer.jpg\",\"contentUrl\":\"https:\/\/teiaeducation.ch\/wp-content\/uploads\/2020\/05\/Arch-house-red-Gl\u00fccksk\u00e4fer.jpg\",\"width\":800,\"height\":800,\"caption\":\"Handgefertigtes Stapelspielzeug aus Holz Bogen-Haus Rot - Gl\u00fccksk\u00e4fer\"},{\"@type\":\"BreadcrumbList\",\"@id\":\"https:\/\/teiaeducation.ch\/de\/produkt\/bogen-haus-rot-glueckskaefer\/#breadcrumb\",\"itemListElement\":[{\"@type\":\"ListItem\",\"position\":1,\"name\":\"Home\",\"item\":\"https:\/\/teiaeducation.ch\/de\/\"},{\"@type\":\"ListItem\",\"position\":2,\"name\":\"Laden\",\"item\":\"https:\/\/teiaeducation.ch\/de\/shop\/\"},{\"@type\":\"ListItem\",\"position\":3,\"name\":\"Unsere Marken\",\"item\":\"https:\/\/teiaeducation.ch\/de\/produkt-kategorie\/unsere-marken\/\"},{\"@type\":\"ListItem\",\"position\":4,\"name\":\"Gl\u00fccksk\u00e4fer\",\"item\":\"https:\/\/teiaeducation.ch\/de\/produkt-kategorie\/unsere-marken\/glueckskaefer\/\"},{\"@type\":\"ListItem\",\"position\":5,\"name\":\"Bogen-Haus Rot aus Holz &#8211; Gl\u00fccksk\u00e4fer\"}]},{\"@type\":\"WebSite\",\"@id\":\"https:\/\/teiaeducation.ch\/de\/#website\",\"url\":\"https:\/\/teiaeducation.ch\/de\/\",\"name\":\"Sustainable Educational Products &amp; Ecological Toys\u00a0\",\"description\":\"Specialised Swiss shop selling sustainable educational toys and games, AMI certified Montessori materials, handmade ecological wooden Waldorf toys and arts &amp; crafts supplies, school supplies, children&#039;s furniture and Montessori reference and parenting books.\",\"publisher\":{\"@id\":\"https:\/\/teiaeducation.ch\/de\/#organization\"},\"alternateName\":\"Teia Education & Play\",\"potentialAction\":[{\"@type\":\"SearchAction\",\"target\":{\"@type\":\"EntryPoint\",\"urlTemplate\":\"https:\/\/teiaeducation.ch\/de\/?s={search_term_string}\"},\"query-input\":{\"@type\":\"PropertyValueSpecification\",\"valueRequired\":true,\"valueName\":\"search_term_string\"}}],\"inLanguage\":\"de-CH\"},{\"@type\":\"Organization\",\"@id\":\"https:\/\/teiaeducation.ch\/de\/#organization\",\"name\":\"Teia Education & Play\",\"url\":\"https:\/\/teiaeducation.ch\/de\/\",\"logo\":{\"@type\":\"ImageObject\",\"inLanguage\":\"de-CH\",\"@id\":\"https:\/\/teiaeducation.ch\/de\/#\/schema\/logo\/image\/\",\"url\":\"https:\/\/teiaeducation.ch\/wp-content\/uploads\/2020\/11\/Teia-Education-Switzerland-e1620156442216.jpg\",\"contentUrl\":\"https:\/\/teiaeducation.ch\/wp-content\/uploads\/2020\/11\/Teia-Education-Switzerland-e1620156442216.jpg\",\"width\":166,\"height\":145,\"caption\":\"Teia Education & Play\"},\"image\":{\"@id\":\"https:\/\/teiaeducation.ch\/de\/#\/schema\/logo\/image\/\"},\"sameAs\":[\"https:\/\/www.facebook.com\/teiaeducation\/\",\"https:\/\/x.com\/EducationTeia\",\"https:\/\/www.instagram.com\/teia.education\/\",\"https:\/\/www.linkedin.com\/company\/35501660\",\"https:\/\/www.pinterest.ch\/TeiaEducation\/\"]}]}<\/script>\n<!-- \/ Yoast SEO plugin. -->","yoast_head_json":{"title":"Bogen-Haus Rot \u2013 Gl\u00fccksk\u00e4fer","description":"Das handgefertigte Bogen-Haus Rot aus Holz von Gl\u00fccksk\u00e4fer ist ein vielseitiges Stapelspielzeug, das eine endlose Vielfalt an Spielm\u00f6glichkeiten bietet.","robots":{"index":"index","follow":"follow","max-snippet":"max-snippet:-1","max-image-preview":"max-image-preview:large","max-video-preview":"max-video-preview:-1"},"canonical":"https:\/\/teiaeducation.ch\/de\/produkt\/bogen-haus-rot-glueckskaefer\/","og_locale":"de_DE","og_type":"article","og_title":"Bogen-Haus Rot \u2013 Gl\u00fccksk\u00e4fer","og_description":"Das handgefertigte Bogen-Haus Rot aus Holz von Gl\u00fccksk\u00e4fer ist ein vielseitiges Stapelspielzeug, das eine endlose Vielfalt an Spielm\u00f6glichkeiten bietet.","og_url":"https:\/\/teiaeducation.ch\/de\/produkt\/bogen-haus-rot-glueckskaefer\/","og_site_name":"Sustainable Educational Products &amp; Ecological Toys\u00a0","article_publisher":"https:\/\/www.facebook.com\/teiaeducation\/","article_modified_time":"2025-12-11T17:42:58+00:00","og_image":[{"width":800,"height":800,"url":"https:\/\/teiaeducation.ch\/wp-content\/uploads\/2020\/05\/Arch-house-red-Gl\u00fccksk\u00e4fer.jpg","type":"image\/jpeg"}],"schema":{"@context":"https:\/\/schema.org","@graph":[{"@type":"WebPage","@id":"https:\/\/teiaeducation.ch\/de\/produkt\/bogen-haus-rot-glueckskaefer\/","url":"https:\/\/teiaeducation.ch\/de\/produkt\/bogen-haus-rot-glueckskaefer\/","name":"Bogen-Haus Rot \u2013 Gl\u00fccksk\u00e4fer","isPartOf":{"@id":"https:\/\/teiaeducation.ch\/de\/#website"},"primaryImageOfPage":{"@id":"https:\/\/teiaeducation.ch\/de\/produkt\/bogen-haus-rot-glueckskaefer\/#primaryimage"},"image":{"@id":"https:\/\/teiaeducation.ch\/de\/produkt\/bogen-haus-rot-glueckskaefer\/#primaryimage"},"thumbnailUrl":"https:\/\/teiaeducation.ch\/wp-content\/uploads\/2020\/05\/Arch-house-red-Gl\u00fccksk\u00e4fer.jpg","datePublished":"2020-05-04T20:02:33+00:00","dateModified":"2025-12-11T17:42:58+00:00","description":"Das handgefertigte Bogen-Haus Rot aus Holz von Gl\u00fccksk\u00e4fer ist ein vielseitiges Stapelspielzeug, das eine endlose Vielfalt an Spielm\u00f6glichkeiten bietet.","breadcrumb":{"@id":"https:\/\/teiaeducation.ch\/de\/produkt\/bogen-haus-rot-glueckskaefer\/#breadcrumb"},"inLanguage":"de-CH","potentialAction":[{"@type":"ReadAction","target":["https:\/\/teiaeducation.ch\/de\/produkt\/bogen-haus-rot-glueckskaefer\/"]}]},{"@type":"ImageObject","inLanguage":"de-CH","@id":"https:\/\/teiaeducation.ch\/de\/produkt\/bogen-haus-rot-glueckskaefer\/#primaryimage","url":"https:\/\/teiaeducation.ch\/wp-content\/uploads\/2020\/05\/Arch-house-red-Gl\u00fccksk\u00e4fer.jpg","contentUrl":"https:\/\/teiaeducation.ch\/wp-content\/uploads\/2020\/05\/Arch-house-red-Gl\u00fccksk\u00e4fer.jpg","width":800,"height":800,"caption":"Handgefertigtes Stapelspielzeug aus Holz Bogen-Haus Rot - Gl\u00fccksk\u00e4fer"},{"@type":"BreadcrumbList","@id":"https:\/\/teiaeducation.ch\/de\/produkt\/bogen-haus-rot-glueckskaefer\/#breadcrumb","itemListElement":[{"@type":"ListItem","position":1,"name":"Home","item":"https:\/\/teiaeducation.ch\/de\/"},{"@type":"ListItem","position":2,"name":"Laden","item":"https:\/\/teiaeducation.ch\/de\/shop\/"},{"@type":"ListItem","position":3,"name":"Unsere Marken","item":"https:\/\/teiaeducation.ch\/de\/produkt-kategorie\/unsere-marken\/"},{"@type":"ListItem","position":4,"name":"Gl\u00fccksk\u00e4fer","item":"https:\/\/teiaeducation.ch\/de\/produkt-kategorie\/unsere-marken\/glueckskaefer\/"},{"@type":"ListItem","position":5,"name":"Bogen-Haus Rot aus Holz &#8211; Gl\u00fccksk\u00e4fer"}]},{"@type":"WebSite","@id":"https:\/\/teiaeducation.ch\/de\/#website","url":"https:\/\/teiaeducation.ch\/de\/","name":"Sustainable Educational Products &amp; Ecological Toys\u00a0","description":"Specialised Swiss shop selling sustainable educational toys and games, AMI certified Montessori materials, handmade ecological wooden Waldorf toys and arts &amp; crafts supplies, school supplies, children&#039;s furniture and Montessori reference and parenting books.","publisher":{"@id":"https:\/\/teiaeducation.ch\/de\/#organization"},"alternateName":"Teia Education & Play","potentialAction":[{"@type":"SearchAction","target":{"@type":"EntryPoint","urlTemplate":"https:\/\/teiaeducation.ch\/de\/?s={search_term_string}"},"query-input":{"@type":"PropertyValueSpecification","valueRequired":true,"valueName":"search_term_string"}}],"inLanguage":"de-CH"},{"@type":"Organization","@id":"https:\/\/teiaeducation.ch\/de\/#organization","name":"Teia Education & Play","url":"https:\/\/teiaeducation.ch\/de\/","logo":{"@type":"ImageObject","inLanguage":"de-CH","@id":"https:\/\/teiaeducation.ch\/de\/#\/schema\/logo\/image\/","url":"https:\/\/teiaeducation.ch\/wp-content\/uploads\/2020\/11\/Teia-Education-Switzerland-e1620156442216.jpg","contentUrl":"https:\/\/teiaeducation.ch\/wp-content\/uploads\/2020\/11\/Teia-Education-Switzerland-e1620156442216.jpg","width":166,"height":145,"caption":"Teia Education & Play"},"image":{"@id":"https:\/\/teiaeducation.ch\/de\/#\/schema\/logo\/image\/"},"sameAs":["https:\/\/www.facebook.com\/teiaeducation\/","https:\/\/x.com\/EducationTeia","https:\/\/www.instagram.com\/teia.education\/","https:\/\/www.linkedin.com\/company\/35501660","https:\/\/www.pinterest.ch\/TeiaEducation\/"]}]}},"_links":{"self":[{"href":"https:\/\/teiaeducation.ch\/de\/wp-json\/wp\/v2\/product\/59130","targetHints":{"allow":["GET"]}}],"collection":[{"href":"https:\/\/teiaeducation.ch\/de\/wp-json\/wp\/v2\/product"}],"about":[{"href":"https:\/\/teiaeducation.ch\/de\/wp-json\/wp\/v2\/types\/product"}],"replies":[{"embeddable":true,"href":"https:\/\/teiaeducation.ch\/de\/wp-json\/wp\/v2\/comments?post=59130"}],"wp:featuredmedia":[{"embeddable":true,"href":"https:\/\/teiaeducation.ch\/de\/wp-json\/wp\/v2\/media\/59131"}],"wp:attachment":[{"href":"https:\/\/teiaeducation.ch\/de\/wp-json\/wp\/v2\/media?parent=59130"}],"wp:term":[{"taxonomy":"product_brand","embeddable":true,"href":"https:\/\/teiaeducation.ch\/de\/wp-json\/wp\/v2\/product_brand?post=59130"},{"taxonomy":"product_cat","embeddable":true,"href":"https:\/\/teiaeducation.ch\/de\/wp-json\/wp\/v2\/product_cat?post=59130"},{"taxonomy":"product_tag","embeddable":true,"href":"https:\/\/teiaeducation.ch\/de\/wp-json\/wp\/v2\/product_tag?post=59130"}],"curies":[{"name":"wp","href":"https:\/\/api.w.org\/{rel}","templated":true}]}}