{"id":59135,"date":"2020-04-30T13:51:14","date_gmt":"2020-04-30T11:51:14","guid":{"rendered":"https:\/\/teiaeducation.ch\/product\/zootiere-glueckskaefer\/"},"modified":"2025-12-11T18:42:34","modified_gmt":"2025-12-11T17:42:34","slug":"zootiere-glueckskaefer","status":"publish","type":"product","link":"https:\/\/teiaeducation.ch\/de\/produkt\/zootiere-glueckskaefer\/","title":{"rendered":"Zootiere aus Holz &#8211; Gl\u00fccksk\u00e4fer"},"content":{"rendered":"<p>Zootiere \/ Handgefertigte Spieltierfiguren aus Holz &#8211; Gl\u00fccksk\u00e4fer<\/p>\n<p>Ein Satz handgefertigter h\u00f6lzerner Spielzeug<a href=\"https:\/\/teiaeducation.ch\/de\/produkt-kategorie\/kinder-spielzeug\/tiere-bauernhoefe\/\">tier<\/a>figuren im Zoo- und Aquarium-Stil von Gl\u00fccksk\u00e4fer. Das Set umfasst 24 Tiere mit einer Gr\u00f6\u00dfe von ca. 5\u20138 Zentimetern. Die Oberfl\u00e4che der Strandholztiere ist leicht rau belassen, sodass sie vollst\u00e4ndig stapelbar sind. \u200b Die FCS-zertifizierten Holztiere bestehen aus nat\u00fcrlichem, unbehandeltem Holz und eine Auswahl wurde an den R\u00e4ndern mit Farben auf Wasserbasis bemalt.<\/p>\n<p>Das Gl\u00fccksk\u00e4fer Zootier-Set aus Holz eignet sich hervorragend zum Gestalten einer Zooszene, zum Dekorieren von Waldorf-Natur- und Jahreszeitentischen sowie als Stapel- und Balancierspielzeug. Durch das Spielen mit den Tieren werden kognitive F\u00e4higkeiten und Probleml\u00f6sungsf\u00e4higkeiten sowie die Auge-Hand-Koordination und die Feinmotorik gef\u00f6rdert. \u200b<\/p>\n<p>Die Gl\u00fccksk\u00e4fer-Holzspielzeuge sind ideal zum Spielen zu Hause, im Kindergarten, in der Waldorf- oder Steiner-Schule und basieren auf der Waldorf-Philosophie, die bekannterma\u00dfen Kinder dazu ermutigt, selbstst\u00e4ndig und ohne Einschr\u00e4nkungen kreatives Spielen zu entdecken. Das Sortiment an handgefertigten Spielzeugen und farbenfrohen Spielsets ist eine sch\u00f6ne Erg\u00e4nzung f\u00fcr Spielzeugregale, ein Spielzimmer oder als Schaufensterdeko. \u200b<\/p>\n<p>Die h\u00f6lzernen Zoo- und Aquarientiere sind nicht lackiert, um sicherzustellen, dass die urspr\u00fcnglichen Eigenschaften des Holzes und die Maserung durchscheinen. Die Oberfl\u00e4che der FSC-zertifizierten europ\u00e4ischen Holz ist leicht rau, wodurch sie vollst\u00e4ndig stapelbar und weniger rutschig sind.<\/p>\n<p>Das Set Gl\u00fccksk\u00e4fer Zoo- und Aquarientiere Holz ist f\u00fcr Kinder ab 3 Jahren geeignet.<\/p>\n<p>Inhalt:<\/p>\n<p>24 Zootiere aus Holz<br \/>\nEin Vorratsbeh\u00e4lter mit Deckel<\/p>\n","protected":false},"excerpt":{"rendered":"<p>Artikelnummer: 524200<\/p>\n<p>Das Set aus handgefertigten Holztierfiguren im Zoo- und Aquarium-Stil von Gl\u00fccksk\u00e4fer eignet sich hervorragend zum Gestalten einer Zooszene, zum Dekorieren von Waldorf-Natur- und Jahreszeitentischen sowie als Stapel- und Balancierspielzeug.<\/p>\n","protected":false},"featured_media":59136,"comment_status":"open","ping_status":"closed","template":"","meta":[],"product_brand":[],"product_cat":[21445,21479,21465,21631,23075,21443,22349,21678,21699,21680,21564,21483,22919],"product_tag":[23459,27929,27928,23460],"class_list":{"0":"post-59135","1":"product","2":"type-product","3":"status-publish","4":"has-post-thumbnail","6":"product_cat-3-6-jahre-vorschule","7":"product_cat-lernmaterialien-spielzeug-montessori-waldorf-steiner-froebel","8":"product_cat-feier-festlichkeiten","9":"product_cat-glueckskaefer","10":"product_cat-handgefertigtes-holzspielzeug","11":"product_cat-nach-alter","12":"product_cat-natur-saisonale-tische-de","13":"product_cat-kinder-spielzeug","14":"product_cat-stapelspielzeug","15":"product_cat-tiere-bauernhoefe","16":"product_cat-unsere-marken","17":"product_cat-waldorf-steiner-paedagogik","18":"product_cat-waldorfspielzeug","19":"product_tag-gluckskafer-de","20":"product_tag-gluckskafer-set-mit-zootieren-aus-holz","21":"product_tag-holztiere-set","22":"product_tag-waldorfspielzeug-aus-holz-de","24":"first","25":"instock","26":"taxable","27":"shipping-taxable","28":"purchasable","29":"product-type-simple"},"yoast_head":"<!-- This site is optimized with the Yoast SEO plugin v27.1.1 - https:\/\/yoast.com\/product\/yoast-seo-wordpress\/ -->\n<title>Zootiere \u2013 Gl\u00fccksk\u00e4fer<\/title>\n<meta name=\"description\" content=\"Das h\u00f6lzerne Zoo- und Aquarium-Set mit Spielzeugtierfiguren von Gl\u00fccksk\u00e4fer ist vollst\u00e4ndig handgefertigt aus FSC-Naturholz.\" \/>\n<meta name=\"robots\" content=\"index, follow, max-snippet:-1, max-image-preview:large, max-video-preview:-1\" \/>\n<link rel=\"canonical\" href=\"https:\/\/teiaeducation.ch\/de\/produkt\/zootiere-glueckskaefer\/\" \/>\n<meta property=\"og:locale\" content=\"de_DE\" \/>\n<meta property=\"og:type\" content=\"article\" \/>\n<meta property=\"og:title\" content=\"Zootiere \u2013 Gl\u00fccksk\u00e4fer\" \/>\n<meta property=\"og:description\" content=\"Das h\u00f6lzerne Zoo- und Aquarium-Set mit Spielzeugtierfiguren von Gl\u00fccksk\u00e4fer ist vollst\u00e4ndig handgefertigt aus FSC-Naturholz.\" \/>\n<meta property=\"og:url\" content=\"https:\/\/teiaeducation.ch\/de\/produkt\/zootiere-glueckskaefer\/\" \/>\n<meta property=\"og:site_name\" content=\"Sustainable Educational Products &amp; Ecological Toys\u00a0\" \/>\n<meta property=\"article:publisher\" content=\"https:\/\/www.facebook.com\/teiaeducation\/\" \/>\n<meta property=\"article:modified_time\" content=\"2025-12-11T17:42:34+00:00\" \/>\n<meta property=\"og:image\" content=\"https:\/\/teiaeducation.ch\/wp-content\/uploads\/2020\/04\/Zoo-and-aquarium-animals-wood-Gl\u00fccksk\u00e4fer.jpg\" \/>\n\t<meta property=\"og:image:width\" content=\"790\" \/>\n\t<meta property=\"og:image:height\" content=\"800\" \/>\n\t<meta property=\"og:image:type\" content=\"image\/jpeg\" \/>\n<script type=\"application\/ld+json\" class=\"yoast-schema-graph\">{\"@context\":\"https:\/\/schema.org\",\"@graph\":[{\"@type\":\"WebPage\",\"@id\":\"https:\/\/teiaeducation.ch\/de\/produkt\/zootiere-glueckskaefer\/\",\"url\":\"https:\/\/teiaeducation.ch\/de\/produkt\/zootiere-glueckskaefer\/\",\"name\":\"Zootiere \u2013 Gl\u00fccksk\u00e4fer\",\"isPartOf\":{\"@id\":\"https:\/\/teiaeducation.ch\/de\/#website\"},\"primaryImageOfPage\":{\"@id\":\"https:\/\/teiaeducation.ch\/de\/produkt\/zootiere-glueckskaefer\/#primaryimage\"},\"image\":{\"@id\":\"https:\/\/teiaeducation.ch\/de\/produkt\/zootiere-glueckskaefer\/#primaryimage\"},\"thumbnailUrl\":\"https:\/\/teiaeducation.ch\/wp-content\/uploads\/2020\/04\/Zoo-and-aquarium-animals-wood-Gl\u00fccksk\u00e4fer.jpg\",\"datePublished\":\"2020-04-30T11:51:14+00:00\",\"dateModified\":\"2025-12-11T17:42:34+00:00\",\"description\":\"Das h\u00f6lzerne Zoo- und Aquarium-Set mit Spielzeugtierfiguren von Gl\u00fccksk\u00e4fer ist vollst\u00e4ndig handgefertigt aus FSC-Naturholz.\",\"breadcrumb\":{\"@id\":\"https:\/\/teiaeducation.ch\/de\/produkt\/zootiere-glueckskaefer\/#breadcrumb\"},\"inLanguage\":\"de-CH\",\"potentialAction\":[{\"@type\":\"ReadAction\",\"target\":[\"https:\/\/teiaeducation.ch\/de\/produkt\/zootiere-glueckskaefer\/\"]}]},{\"@type\":\"ImageObject\",\"inLanguage\":\"de-CH\",\"@id\":\"https:\/\/teiaeducation.ch\/de\/produkt\/zootiere-glueckskaefer\/#primaryimage\",\"url\":\"https:\/\/teiaeducation.ch\/wp-content\/uploads\/2020\/04\/Zoo-and-aquarium-animals-wood-Gl\u00fccksk\u00e4fer.jpg\",\"contentUrl\":\"https:\/\/teiaeducation.ch\/wp-content\/uploads\/2020\/04\/Zoo-and-aquarium-animals-wood-Gl\u00fccksk\u00e4fer.jpg\",\"width\":790,\"height\":800,\"caption\":\"Handgefertigte Holzspielzeugtiere Zoo- und Aquarientiere Holz - Gl\u00fccksk\u00e4fer\"},{\"@type\":\"BreadcrumbList\",\"@id\":\"https:\/\/teiaeducation.ch\/de\/produkt\/zootiere-glueckskaefer\/#breadcrumb\",\"itemListElement\":[{\"@type\":\"ListItem\",\"position\":1,\"name\":\"Home\",\"item\":\"https:\/\/teiaeducation.ch\/de\/\"},{\"@type\":\"ListItem\",\"position\":2,\"name\":\"Laden\",\"item\":\"https:\/\/teiaeducation.ch\/de\/shop\/\"},{\"@type\":\"ListItem\",\"position\":3,\"name\":\"Unsere Marken\",\"item\":\"https:\/\/teiaeducation.ch\/de\/produkt-kategorie\/unsere-marken\/\"},{\"@type\":\"ListItem\",\"position\":4,\"name\":\"Gl\u00fccksk\u00e4fer\",\"item\":\"https:\/\/teiaeducation.ch\/de\/produkt-kategorie\/unsere-marken\/glueckskaefer\/\"},{\"@type\":\"ListItem\",\"position\":5,\"name\":\"Zootiere aus Holz &#8211; Gl\u00fccksk\u00e4fer\"}]},{\"@type\":\"WebSite\",\"@id\":\"https:\/\/teiaeducation.ch\/de\/#website\",\"url\":\"https:\/\/teiaeducation.ch\/de\/\",\"name\":\"Sustainable Educational Products &amp; Ecological Toys\u00a0\",\"description\":\"Specialised Swiss shop selling sustainable educational toys and games, AMI certified Montessori materials, handmade ecological wooden Waldorf toys and arts &amp; crafts supplies, school supplies, children&#039;s furniture and Montessori reference and parenting books.\",\"publisher\":{\"@id\":\"https:\/\/teiaeducation.ch\/de\/#organization\"},\"alternateName\":\"Teia Education & Play\",\"potentialAction\":[{\"@type\":\"SearchAction\",\"target\":{\"@type\":\"EntryPoint\",\"urlTemplate\":\"https:\/\/teiaeducation.ch\/de\/?s={search_term_string}\"},\"query-input\":{\"@type\":\"PropertyValueSpecification\",\"valueRequired\":true,\"valueName\":\"search_term_string\"}}],\"inLanguage\":\"de-CH\"},{\"@type\":\"Organization\",\"@id\":\"https:\/\/teiaeducation.ch\/de\/#organization\",\"name\":\"Teia Education & Play\",\"url\":\"https:\/\/teiaeducation.ch\/de\/\",\"logo\":{\"@type\":\"ImageObject\",\"inLanguage\":\"de-CH\",\"@id\":\"https:\/\/teiaeducation.ch\/de\/#\/schema\/logo\/image\/\",\"url\":\"https:\/\/teiaeducation.ch\/wp-content\/uploads\/2020\/11\/Teia-Education-Switzerland-e1620156442216.jpg\",\"contentUrl\":\"https:\/\/teiaeducation.ch\/wp-content\/uploads\/2020\/11\/Teia-Education-Switzerland-e1620156442216.jpg\",\"width\":166,\"height\":145,\"caption\":\"Teia Education & Play\"},\"image\":{\"@id\":\"https:\/\/teiaeducation.ch\/de\/#\/schema\/logo\/image\/\"},\"sameAs\":[\"https:\/\/www.facebook.com\/teiaeducation\/\",\"https:\/\/x.com\/EducationTeia\",\"https:\/\/www.instagram.com\/teia.education\/\",\"https:\/\/www.linkedin.com\/company\/35501660\",\"https:\/\/www.pinterest.ch\/TeiaEducation\/\"]}]}<\/script>\n<!-- \/ Yoast SEO plugin. -->","yoast_head_json":{"title":"Zootiere \u2013 Gl\u00fccksk\u00e4fer","description":"Das h\u00f6lzerne Zoo- und Aquarium-Set mit Spielzeugtierfiguren von Gl\u00fccksk\u00e4fer ist vollst\u00e4ndig handgefertigt aus FSC-Naturholz.","robots":{"index":"index","follow":"follow","max-snippet":"max-snippet:-1","max-image-preview":"max-image-preview:large","max-video-preview":"max-video-preview:-1"},"canonical":"https:\/\/teiaeducation.ch\/de\/produkt\/zootiere-glueckskaefer\/","og_locale":"de_DE","og_type":"article","og_title":"Zootiere \u2013 Gl\u00fccksk\u00e4fer","og_description":"Das h\u00f6lzerne Zoo- und Aquarium-Set mit Spielzeugtierfiguren von Gl\u00fccksk\u00e4fer ist vollst\u00e4ndig handgefertigt aus FSC-Naturholz.","og_url":"https:\/\/teiaeducation.ch\/de\/produkt\/zootiere-glueckskaefer\/","og_site_name":"Sustainable Educational Products &amp; Ecological Toys\u00a0","article_publisher":"https:\/\/www.facebook.com\/teiaeducation\/","article_modified_time":"2025-12-11T17:42:34+00:00","og_image":[{"width":790,"height":800,"url":"https:\/\/teiaeducation.ch\/wp-content\/uploads\/2020\/04\/Zoo-and-aquarium-animals-wood-Gl\u00fccksk\u00e4fer.jpg","type":"image\/jpeg"}],"schema":{"@context":"https:\/\/schema.org","@graph":[{"@type":"WebPage","@id":"https:\/\/teiaeducation.ch\/de\/produkt\/zootiere-glueckskaefer\/","url":"https:\/\/teiaeducation.ch\/de\/produkt\/zootiere-glueckskaefer\/","name":"Zootiere \u2013 Gl\u00fccksk\u00e4fer","isPartOf":{"@id":"https:\/\/teiaeducation.ch\/de\/#website"},"primaryImageOfPage":{"@id":"https:\/\/teiaeducation.ch\/de\/produkt\/zootiere-glueckskaefer\/#primaryimage"},"image":{"@id":"https:\/\/teiaeducation.ch\/de\/produkt\/zootiere-glueckskaefer\/#primaryimage"},"thumbnailUrl":"https:\/\/teiaeducation.ch\/wp-content\/uploads\/2020\/04\/Zoo-and-aquarium-animals-wood-Gl\u00fccksk\u00e4fer.jpg","datePublished":"2020-04-30T11:51:14+00:00","dateModified":"2025-12-11T17:42:34+00:00","description":"Das h\u00f6lzerne Zoo- und Aquarium-Set mit Spielzeugtierfiguren von Gl\u00fccksk\u00e4fer ist vollst\u00e4ndig handgefertigt aus FSC-Naturholz.","breadcrumb":{"@id":"https:\/\/teiaeducation.ch\/de\/produkt\/zootiere-glueckskaefer\/#breadcrumb"},"inLanguage":"de-CH","potentialAction":[{"@type":"ReadAction","target":["https:\/\/teiaeducation.ch\/de\/produkt\/zootiere-glueckskaefer\/"]}]},{"@type":"ImageObject","inLanguage":"de-CH","@id":"https:\/\/teiaeducation.ch\/de\/produkt\/zootiere-glueckskaefer\/#primaryimage","url":"https:\/\/teiaeducation.ch\/wp-content\/uploads\/2020\/04\/Zoo-and-aquarium-animals-wood-Gl\u00fccksk\u00e4fer.jpg","contentUrl":"https:\/\/teiaeducation.ch\/wp-content\/uploads\/2020\/04\/Zoo-and-aquarium-animals-wood-Gl\u00fccksk\u00e4fer.jpg","width":790,"height":800,"caption":"Handgefertigte Holzspielzeugtiere Zoo- und Aquarientiere Holz - Gl\u00fccksk\u00e4fer"},{"@type":"BreadcrumbList","@id":"https:\/\/teiaeducation.ch\/de\/produkt\/zootiere-glueckskaefer\/#breadcrumb","itemListElement":[{"@type":"ListItem","position":1,"name":"Home","item":"https:\/\/teiaeducation.ch\/de\/"},{"@type":"ListItem","position":2,"name":"Laden","item":"https:\/\/teiaeducation.ch\/de\/shop\/"},{"@type":"ListItem","position":3,"name":"Unsere Marken","item":"https:\/\/teiaeducation.ch\/de\/produkt-kategorie\/unsere-marken\/"},{"@type":"ListItem","position":4,"name":"Gl\u00fccksk\u00e4fer","item":"https:\/\/teiaeducation.ch\/de\/produkt-kategorie\/unsere-marken\/glueckskaefer\/"},{"@type":"ListItem","position":5,"name":"Zootiere aus Holz &#8211; Gl\u00fccksk\u00e4fer"}]},{"@type":"WebSite","@id":"https:\/\/teiaeducation.ch\/de\/#website","url":"https:\/\/teiaeducation.ch\/de\/","name":"Sustainable Educational Products &amp; Ecological Toys\u00a0","description":"Specialised Swiss shop selling sustainable educational toys and games, AMI certified Montessori materials, handmade ecological wooden Waldorf toys and arts &amp; crafts supplies, school supplies, children&#039;s furniture and Montessori reference and parenting books.","publisher":{"@id":"https:\/\/teiaeducation.ch\/de\/#organization"},"alternateName":"Teia Education & Play","potentialAction":[{"@type":"SearchAction","target":{"@type":"EntryPoint","urlTemplate":"https:\/\/teiaeducation.ch\/de\/?s={search_term_string}"},"query-input":{"@type":"PropertyValueSpecification","valueRequired":true,"valueName":"search_term_string"}}],"inLanguage":"de-CH"},{"@type":"Organization","@id":"https:\/\/teiaeducation.ch\/de\/#organization","name":"Teia Education & Play","url":"https:\/\/teiaeducation.ch\/de\/","logo":{"@type":"ImageObject","inLanguage":"de-CH","@id":"https:\/\/teiaeducation.ch\/de\/#\/schema\/logo\/image\/","url":"https:\/\/teiaeducation.ch\/wp-content\/uploads\/2020\/11\/Teia-Education-Switzerland-e1620156442216.jpg","contentUrl":"https:\/\/teiaeducation.ch\/wp-content\/uploads\/2020\/11\/Teia-Education-Switzerland-e1620156442216.jpg","width":166,"height":145,"caption":"Teia Education & Play"},"image":{"@id":"https:\/\/teiaeducation.ch\/de\/#\/schema\/logo\/image\/"},"sameAs":["https:\/\/www.facebook.com\/teiaeducation\/","https:\/\/x.com\/EducationTeia","https:\/\/www.instagram.com\/teia.education\/","https:\/\/www.linkedin.com\/company\/35501660","https:\/\/www.pinterest.ch\/TeiaEducation\/"]}]}},"_links":{"self":[{"href":"https:\/\/teiaeducation.ch\/de\/wp-json\/wp\/v2\/product\/59135","targetHints":{"allow":["GET"]}}],"collection":[{"href":"https:\/\/teiaeducation.ch\/de\/wp-json\/wp\/v2\/product"}],"about":[{"href":"https:\/\/teiaeducation.ch\/de\/wp-json\/wp\/v2\/types\/product"}],"replies":[{"embeddable":true,"href":"https:\/\/teiaeducation.ch\/de\/wp-json\/wp\/v2\/comments?post=59135"}],"wp:featuredmedia":[{"embeddable":true,"href":"https:\/\/teiaeducation.ch\/de\/wp-json\/wp\/v2\/media\/59136"}],"wp:attachment":[{"href":"https:\/\/teiaeducation.ch\/de\/wp-json\/wp\/v2\/media?parent=59135"}],"wp:term":[{"taxonomy":"product_brand","embeddable":true,"href":"https:\/\/teiaeducation.ch\/de\/wp-json\/wp\/v2\/product_brand?post=59135"},{"taxonomy":"product_cat","embeddable":true,"href":"https:\/\/teiaeducation.ch\/de\/wp-json\/wp\/v2\/product_cat?post=59135"},{"taxonomy":"product_tag","embeddable":true,"href":"https:\/\/teiaeducation.ch\/de\/wp-json\/wp\/v2\/product_tag?post=59135"}],"curies":[{"name":"wp","href":"https:\/\/api.w.org\/{rel}","templated":true}]}}